{"id":1627,"date":"2023-09-14T21:43:46","date_gmt":"2023-09-14T21:43:46","guid":{"rendered":"https:\/\/abaa.mx\/tienda\/?post_type=product&#038;p=1627"},"modified":"2023-09-14T21:43:46","modified_gmt":"2023-09-14T21:43:46","slug":"termometro-de-superficie-de-parrilla-modelo-29010","status":"publish","type":"product","link":"https:\/\/abaa.mx\/tienda\/termometro-de-superficie-de-parrilla-modelo-29010\/","title":{"rendered":"Term\u00f3metro de superficie de parrilla Modelo 29010"},"content":{"rendered":"<h1>Term\u00f3metro de superficie de parrilla<\/h1>\n<h3><strong>Modelo\u00a029010<\/strong><\/h3>\n<ul>\n<li>Es durable, resistente acero inoxidable.<\/li>\n<li>Car\u00e1tula f\u00e1cil de leer.<\/li>\n<li>Orejas para levantar.<\/li>\n<\/ul>\n<div class=\"prod-top\">\n<div class=\"prod-left\">\n<div class=\"prod-app\"><b>Aplicaciones:<\/b> Establecimientos de Alimentos, Parrillas Planas, Parrillas, Parrillas para Barbacoa, Mesas de Cocci\u00f3n en Caliente, Calentadores de Estaciones.<\/div>\n<div>\n<p>El term\u00f3metro de DeltaTrak superficie de parrilla (modelo 29010) es el dispositivo ideal para el control de la temperatura de las superficies de cocci\u00f3n, tales como parrillas planas superiores, planchas y parrillas de barbacoa. Tambi\u00e9n se puede utilizar en las tablas de retenci\u00f3n a lo caliente y los calentadores de tallas de la estaci\u00f3n. El term\u00f3metro tiene una escala dual, con un marcador f\u00e1cil de leer. Este term\u00f3metro duradero est\u00e1 hecho de acero inoxidable y tiene un rango de medici\u00f3n de temperatura de 100\u00b0F a 500\u00b0F (38\u00b0C a 260\u00b0C).<\/p>\n<div class=\"prod-desc\">\n<p>El term\u00f3metro de superficie de parrilla DeltaTrak es el dispositivo ideal para el control de la temperatura de las superficies de cocci\u00f3n, tales como parrillas planas superiores, planchas y parrillas de barbacoa. Tambi\u00e9n se puede utilizar en las tablas de caliente de retenci\u00f3n.<\/p>\n<table>\n<caption>Modelo 29010 Term\u00f3metro de superficie para parrilla<\/caption>\n<thead>\n<tr>\n<th scope=\"col\">Caracter\u00edstica<\/th>\n<th scope=\"col\">Especificaci\u00f3n<\/th>\n<\/tr>\n<\/thead>\n<tfoot>\n<tr>\n<td colspan=\"2\"><\/td>\n<\/tr>\n<\/tfoot>\n<tbody>\n<tr>\n<td>Intervalo de medici\u00f3n<\/td>\n<td>100\u00b0F a 500\u00b0F (38\u00b0C a 260\u00b0C)<\/td>\n<\/tr>\n<tr>\n<td>Presici\u00f3n<\/td>\n<td>\u00b110\u00b0F (\u00b15.5\u00b0C)<\/td>\n<\/tr>\n<tr>\n<td>Temperatura<\/td>\n<td>\u00b0F\/\u00b0C de doble rango<\/td>\n<\/tr>\n<tr>\n<td>Dimensiones<\/td>\n<td>56,7 mm (profundidad) x 20 mm (altura) (2,23&#8243; x 0,79&#8243;)<\/td>\n<\/tr>\n<tr>\n<td>Material<\/td>\n<td>Acero inoxidable<\/td>\n<\/tr>\n<\/tbody>\n<\/table>\n<\/div>\n<\/div>\n<\/div>\n<\/div>\n<div class=\"prod-bottom\">\n<div class=\"prod-desc\"><\/div>\n<\/div>\n","protected":false},"excerpt":{"rendered":"<h3><strong>Caracter\u00edsticas\u00a0<\/strong><\/h3>\n<ul>\n<li>Es durable, resistente acero inoxidable.<\/li>\n<li>Car\u00e1tula f\u00e1cil de leer.<\/li>\n<li>Orejas para levantar.<\/li>\n<\/ul>\n","protected":false},"featured_media":1628,"comment_status":"open","ping_status":"closed","template":"","meta":{"_joinchat":[]},"product_brand":[],"product_cat":[15],"product_tag":[],"class_list":{"0":"post-1627","1":"product","2":"type-product","3":"status-publish","4":"has-post-thumbnail","6":"product_cat-sin-categorizar","8":"first","9":"instock","10":"shipping-taxable","11":"product-type-simple"},"yoast_head":"<!-- This site is optimized with the Yoast SEO plugin v26.4 - https:\/\/yoast.com\/wordpress\/plugins\/seo\/ -->\n<title>Term\u00f3metro de superficie de parrilla Modelo 29010 - Abaa tienda online<\/title>\n<meta name=\"robots\" content=\"index, follow, max-snippet:-1, max-image-preview:large, max-video-preview:-1\" \/>\n<link rel=\"canonical\" href=\"https:\/\/abaa.mx\/tienda\/termometro-de-superficie-de-parrilla-modelo-29010\/\" \/>\n<meta property=\"og:locale\" content=\"es_MX\" \/>\n<meta property=\"og:type\" content=\"article\" \/>\n<meta property=\"og:title\" content=\"Term\u00f3metro de superficie de parrilla Modelo 29010 - Abaa tienda online\" \/>\n<meta property=\"og:description\" content=\"Caracter\u00edsticas\u00a0   Es durable, resistente acero inoxidable.  Car\u00e1tula f\u00e1cil de leer.  Orejas para levantar.\" \/>\n<meta property=\"og:url\" content=\"https:\/\/abaa.mx\/tienda\/termometro-de-superficie-de-parrilla-modelo-29010\/\" \/>\n<meta property=\"og:site_name\" content=\"Abaa tienda online\" \/>\n<meta name=\"twitter:card\" content=\"summary_large_image\" \/>\n<meta name=\"twitter:label1\" content=\"Tiempo de lectura\" \/>\n\t<meta name=\"twitter:data1\" content=\"1 minuto\" \/>\n<script type=\"application\/ld+json\" class=\"yoast-schema-graph\">{\"@context\":\"https:\/\/schema.org\",\"@graph\":[{\"@type\":\"WebPage\",\"@id\":\"https:\/\/abaa.mx\/tienda\/termometro-de-superficie-de-parrilla-modelo-29010\/\",\"url\":\"https:\/\/abaa.mx\/tienda\/termometro-de-superficie-de-parrilla-modelo-29010\/\",\"name\":\"Term\u00f3metro de superficie de parrilla Modelo 29010 - Abaa tienda online\",\"isPartOf\":{\"@id\":\"https:\/\/abaa.mx\/tienda\/#website\"},\"primaryImageOfPage\":{\"@id\":\"https:\/\/abaa.mx\/tienda\/termometro-de-superficie-de-parrilla-modelo-29010\/#primaryimage\"},\"image\":{\"@id\":\"https:\/\/abaa.mx\/tienda\/termometro-de-superficie-de-parrilla-modelo-29010\/#primaryimage\"},\"thumbnailUrl\":\"https:\/\/abaa.mx\/tienda\/wp-content\/uploads\/2023\/09\/29010.bmp\",\"datePublished\":\"2023-09-14T21:43:46+00:00\",\"breadcrumb\":{\"@id\":\"https:\/\/abaa.mx\/tienda\/termometro-de-superficie-de-parrilla-modelo-29010\/#breadcrumb\"},\"inLanguage\":\"es\",\"potentialAction\":[{\"@type\":\"ReadAction\",\"target\":[\"https:\/\/abaa.mx\/tienda\/termometro-de-superficie-de-parrilla-modelo-29010\/\"]}]},{\"@type\":\"ImageObject\",\"inLanguage\":\"es\",\"@id\":\"https:\/\/abaa.mx\/tienda\/termometro-de-superficie-de-parrilla-modelo-29010\/#primaryimage\",\"url\":\"https:\/\/abaa.mx\/tienda\/wp-content\/uploads\/2023\/09\/29010.bmp\",\"contentUrl\":\"https:\/\/abaa.mx\/tienda\/wp-content\/uploads\/2023\/09\/29010.bmp\",\"width\":272,\"height\":245,\"caption\":\"termometro-de-superficie-de-parrilla-modelo-29010\"},{\"@type\":\"BreadcrumbList\",\"@id\":\"https:\/\/abaa.mx\/tienda\/termometro-de-superficie-de-parrilla-modelo-29010\/#breadcrumb\",\"itemListElement\":[{\"@type\":\"ListItem\",\"position\":1,\"name\":\"Inicio\",\"item\":\"https:\/\/abaa.mx\/tienda\/\"},{\"@type\":\"ListItem\",\"position\":2,\"name\":\"Tienda\",\"item\":\"https:\/\/abaa.mx\/tienda\/\"},{\"@type\":\"ListItem\",\"position\":3,\"name\":\"Term\u00f3metro de superficie de parrilla Modelo 29010\"}]},{\"@type\":\"WebSite\",\"@id\":\"https:\/\/abaa.mx\/tienda\/#website\",\"url\":\"https:\/\/abaa.mx\/tienda\/\",\"name\":\"Abaa tienda online\",\"description\":\"Instrumentos de medici\u00f3n\",\"publisher\":{\"@id\":\"https:\/\/abaa.mx\/tienda\/#organization\"},\"potentialAction\":[{\"@type\":\"SearchAction\",\"target\":{\"@type\":\"EntryPoint\",\"urlTemplate\":\"https:\/\/abaa.mx\/tienda\/?s={search_term_string}\"},\"query-input\":{\"@type\":\"PropertyValueSpecification\",\"valueRequired\":true,\"valueName\":\"search_term_string\"}}],\"inLanguage\":\"es\"},{\"@type\":\"Organization\",\"@id\":\"https:\/\/abaa.mx\/tienda\/#organization\",\"name\":\"Abaa tienda online\",\"url\":\"https:\/\/abaa.mx\/tienda\/\",\"logo\":{\"@type\":\"ImageObject\",\"inLanguage\":\"es\",\"@id\":\"https:\/\/abaa.mx\/tienda\/#\/schema\/logo\/image\/\",\"url\":\"https:\/\/abaa.mx\/tienda\/wp-content\/uploads\/2024\/01\/abaa-metrologia-tienda.png\",\"contentUrl\":\"https:\/\/abaa.mx\/tienda\/wp-content\/uploads\/2024\/01\/abaa-metrologia-tienda.png\",\"width\":300,\"height\":141,\"caption\":\"Abaa tienda online\"},\"image\":{\"@id\":\"https:\/\/abaa.mx\/tienda\/#\/schema\/logo\/image\/\"}}]}<\/script>\n<!-- \/ Yoast SEO plugin. -->","yoast_head_json":{"title":"Term\u00f3metro de superficie de parrilla Modelo 29010 - Abaa tienda online","robots":{"index":"index","follow":"follow","max-snippet":"max-snippet:-1","max-image-preview":"max-image-preview:large","max-video-preview":"max-video-preview:-1"},"canonical":"https:\/\/abaa.mx\/tienda\/termometro-de-superficie-de-parrilla-modelo-29010\/","og_locale":"es_MX","og_type":"article","og_title":"Term\u00f3metro de superficie de parrilla Modelo 29010 - Abaa tienda online","og_description":"Caracter\u00edsticas\u00a0   Es durable, resistente acero inoxidable.  Car\u00e1tula f\u00e1cil de leer.  Orejas para levantar.","og_url":"https:\/\/abaa.mx\/tienda\/termometro-de-superficie-de-parrilla-modelo-29010\/","og_site_name":"Abaa tienda online","twitter_card":"summary_large_image","twitter_misc":{"Tiempo de lectura":"1 minuto"},"schema":{"@context":"https:\/\/schema.org","@graph":[{"@type":"WebPage","@id":"https:\/\/abaa.mx\/tienda\/termometro-de-superficie-de-parrilla-modelo-29010\/","url":"https:\/\/abaa.mx\/tienda\/termometro-de-superficie-de-parrilla-modelo-29010\/","name":"Term\u00f3metro de superficie de parrilla Modelo 29010 - Abaa tienda online","isPartOf":{"@id":"https:\/\/abaa.mx\/tienda\/#website"},"primaryImageOfPage":{"@id":"https:\/\/abaa.mx\/tienda\/termometro-de-superficie-de-parrilla-modelo-29010\/#primaryimage"},"image":{"@id":"https:\/\/abaa.mx\/tienda\/termometro-de-superficie-de-parrilla-modelo-29010\/#primaryimage"},"thumbnailUrl":"https:\/\/abaa.mx\/tienda\/wp-content\/uploads\/2023\/09\/29010.bmp","datePublished":"2023-09-14T21:43:46+00:00","breadcrumb":{"@id":"https:\/\/abaa.mx\/tienda\/termometro-de-superficie-de-parrilla-modelo-29010\/#breadcrumb"},"inLanguage":"es","potentialAction":[{"@type":"ReadAction","target":["https:\/\/abaa.mx\/tienda\/termometro-de-superficie-de-parrilla-modelo-29010\/"]}]},{"@type":"ImageObject","inLanguage":"es","@id":"https:\/\/abaa.mx\/tienda\/termometro-de-superficie-de-parrilla-modelo-29010\/#primaryimage","url":"https:\/\/abaa.mx\/tienda\/wp-content\/uploads\/2023\/09\/29010.bmp","contentUrl":"https:\/\/abaa.mx\/tienda\/wp-content\/uploads\/2023\/09\/29010.bmp","width":272,"height":245,"caption":"termometro-de-superficie-de-parrilla-modelo-29010"},{"@type":"BreadcrumbList","@id":"https:\/\/abaa.mx\/tienda\/termometro-de-superficie-de-parrilla-modelo-29010\/#breadcrumb","itemListElement":[{"@type":"ListItem","position":1,"name":"Inicio","item":"https:\/\/abaa.mx\/tienda\/"},{"@type":"ListItem","position":2,"name":"Tienda","item":"https:\/\/abaa.mx\/tienda\/"},{"@type":"ListItem","position":3,"name":"Term\u00f3metro de superficie de parrilla Modelo 29010"}]},{"@type":"WebSite","@id":"https:\/\/abaa.mx\/tienda\/#website","url":"https:\/\/abaa.mx\/tienda\/","name":"Abaa tienda online","description":"Instrumentos de medici\u00f3n","publisher":{"@id":"https:\/\/abaa.mx\/tienda\/#organization"},"potentialAction":[{"@type":"SearchAction","target":{"@type":"EntryPoint","urlTemplate":"https:\/\/abaa.mx\/tienda\/?s={search_term_string}"},"query-input":{"@type":"PropertyValueSpecification","valueRequired":true,"valueName":"search_term_string"}}],"inLanguage":"es"},{"@type":"Organization","@id":"https:\/\/abaa.mx\/tienda\/#organization","name":"Abaa tienda online","url":"https:\/\/abaa.mx\/tienda\/","logo":{"@type":"ImageObject","inLanguage":"es","@id":"https:\/\/abaa.mx\/tienda\/#\/schema\/logo\/image\/","url":"https:\/\/abaa.mx\/tienda\/wp-content\/uploads\/2024\/01\/abaa-metrologia-tienda.png","contentUrl":"https:\/\/abaa.mx\/tienda\/wp-content\/uploads\/2024\/01\/abaa-metrologia-tienda.png","width":300,"height":141,"caption":"Abaa tienda online"},"image":{"@id":"https:\/\/abaa.mx\/tienda\/#\/schema\/logo\/image\/"}}]}},"_links":{"self":[{"href":"https:\/\/abaa.mx\/tienda\/wp-json\/wp\/v2\/product\/1627","targetHints":{"allow":["GET"]}}],"collection":[{"href":"https:\/\/abaa.mx\/tienda\/wp-json\/wp\/v2\/product"}],"about":[{"href":"https:\/\/abaa.mx\/tienda\/wp-json\/wp\/v2\/types\/product"}],"replies":[{"embeddable":true,"href":"https:\/\/abaa.mx\/tienda\/wp-json\/wp\/v2\/comments?post=1627"}],"wp:featuredmedia":[{"embeddable":true,"href":"https:\/\/abaa.mx\/tienda\/wp-json\/wp\/v2\/media\/1628"}],"wp:attachment":[{"href":"https:\/\/abaa.mx\/tienda\/wp-json\/wp\/v2\/media?parent=1627"}],"wp:term":[{"taxonomy":"product_brand","embeddable":true,"href":"https:\/\/abaa.mx\/tienda\/wp-json\/wp\/v2\/product_brand?post=1627"},{"taxonomy":"product_cat","embeddable":true,"href":"https:\/\/abaa.mx\/tienda\/wp-json\/wp\/v2\/product_cat?post=1627"},{"taxonomy":"product_tag","embeddable":true,"href":"https:\/\/abaa.mx\/tienda\/wp-json\/wp\/v2\/product_tag?post=1627"}],"curies":[{"name":"wp","href":"https:\/\/api.w.org\/{rel}","templated":true}]}}