{"id":1611,"date":"2023-09-14T21:17:34","date_gmt":"2023-09-14T21:17:34","guid":{"rendered":"https:\/\/abaa.mx\/tienda\/?post_type=product&#038;p=1611"},"modified":"2023-09-14T21:17:34","modified_gmt":"2023-09-14T21:17:34","slug":"termometros-de-marcacion-modelo-29002-29003","status":"publish","type":"product","link":"https:\/\/abaa.mx\/tienda\/termometros-de-marcacion-modelo-29002-29003\/","title":{"rendered":"Term\u00f3metros de marcaci\u00f3n Modelo 29002, 29003"},"content":{"rendered":"<h1>Term\u00f3metros de marcaci\u00f3n<\/h1>\n<h3><strong>Modelo\u00a029002, 29003<\/strong><\/h3>\n<ul>\n<li>1.75&#8243;\/ 44 mm de marcaci\u00f3n ampliada.<\/li>\n<li>Mecanismo de bobina bimet\u00e1lica.<\/li>\n<li>A prueba de agua.<\/li>\n<li>Puede calibrarse en sus instalaciones.<\/li>\n<li>Cubierta de la sonda de pl\u00e1stico con clip de bolsillo.<\/li>\n<\/ul>\n<div class=\"prod-top\">\n<div class=\"prod-left\">\n<div class=\"prod-app\"><b>Aplicaciones:<\/b> Ideal para peque\u00f1as jarras espumeantes.<\/div>\n<\/div>\n<div>\n<div class=\"prod-desc\">\n<p>Los term\u00f3metros de DeltaTrak de escala dual (modelo 29002 y 29003) son perfectos para los peque\u00f1as jarras espumeantes. El rango de temperatura es de 0\u00b0F a 220\u00b0F (-20\u00b0C a 105\u00b0C). Los term\u00f3metros tienen un mecanismo de bobina bi-metal, pueden calibrarse sus instalaciones, y tienen un di\u00e1metro de 1.75&#8243; (44 mm) con cara magnificada.<\/p>\n<table>\n<caption>Modelo 29002 y 29003 Dial Thermometers<\/caption>\n<thead>\n<tr>\n<th>Caracter\u00edstica<\/th>\n<th>Modelo 29002<\/th>\n<th>Modelo 29003<\/th>\n<\/tr>\n<\/thead>\n<tfoot>\n<tr>\n<td colspan=\"3\"><\/td>\n<\/tr>\n<\/tfoot>\n<tbody>\n<tr>\n<td>Rango de temperatura<\/td>\n<td>De 0 \u00b0F a 220 \u00b0F (-20 \u00b0C a 105 \u00b0C)<\/td>\n<td>De 0 \u00b0F a 220 \u00b0F (-20 \u00b0C a 105 \u00b0C)<\/td>\n<\/tr>\n<tr>\n<td>Precisi\u00f3n<\/td>\n<td>\u00b16\u00b0F de 32\u00b0F a 165\u00b0F<br \/>\n(\u00b13.3\u00b0C de 0\u00b0C a 74\u00b0C)<\/td>\n<td>\u00b12\u00b0F (\u00b11\u00b0C)<\/td>\n<\/tr>\n<tr>\n<td>Descripci\u00f3n<\/td>\n<td colspan=\"2\">Dial de 1,75 pulgadas (44 mm) con escala dual \u00b0C\/\u00b0F<\/td>\n<\/tr>\n<tr>\n<td>Sonda<\/td>\n<td colspan=\"2\">Acero inoxidable de 5 pulgadas (127 mm L)<\/td>\n<\/tr>\n<tr>\n<td>Calibraci\u00f3n<\/td>\n<td colspan=\"2\">Calibraci\u00f3n simple de tuercas hexagonales<\/td>\n<\/tr>\n<tr>\n<td>Peso<\/td>\n<td colspan=\"2\">0,6 onzas (16 gm)<\/td>\n<\/tr>\n<\/tbody>\n<\/table>\n<\/div>\n<\/div>\n<\/div>\n<div class=\"prod-bottom\">\n<div class=\"prod-desc\"><\/div>\n<\/div>\n","protected":false},"excerpt":{"rendered":"<h3 style=\"text-align: left;\">Caracter\u00edsticas<\/h3>\n<ul>\n<li style=\"text-align: left;\">1.75&#8243;\/ 44 mm de marcaci\u00f3n ampliada<\/li>\n<li style=\"text-align: left;\">Mecanismo de bobina bimet\u00e1lica<\/li>\n<li style=\"text-align: left;\">A prueba de agua<\/li>\n<li style=\"text-align: left;\">Puede calibrarse en sus instalaciones<\/li>\n<li style=\"text-align: left;\">Cubierta de la sonda de pl\u00e1stico con clip de bolsillo<\/li>\n<\/ul>\n","protected":false},"featured_media":1613,"comment_status":"open","ping_status":"closed","template":"","meta":{"_joinchat":[]},"product_brand":[],"product_cat":[15],"product_tag":[],"class_list":{"0":"post-1611","1":"product","2":"type-product","3":"status-publish","4":"has-post-thumbnail","6":"product_cat-sin-categorizar","8":"first","9":"instock","10":"shipping-taxable","11":"product-type-simple"},"yoast_head":"<!-- This site is optimized with the Yoast SEO plugin v26.4 - https:\/\/yoast.com\/wordpress\/plugins\/seo\/ -->\n<title>Term\u00f3metros de marcaci\u00f3n Modelo 29002, 29003 - Abaa tienda online<\/title>\n<meta name=\"robots\" content=\"index, follow, max-snippet:-1, max-image-preview:large, max-video-preview:-1\" \/>\n<link rel=\"canonical\" href=\"https:\/\/abaa.mx\/tienda\/termometros-de-marcacion-modelo-29002-29003\/\" \/>\n<meta property=\"og:locale\" content=\"es_MX\" \/>\n<meta property=\"og:type\" content=\"article\" \/>\n<meta property=\"og:title\" content=\"Term\u00f3metros de marcaci\u00f3n Modelo 29002, 29003 - Abaa tienda online\" \/>\n<meta property=\"og:description\" content=\"Caracter\u00edsticas   1.75&quot;\/ 44 mm de marcaci\u00f3n ampliada  Mecanismo de bobina bimet\u00e1lica  A prueba de agua  Puede calibrarse en sus instalaciones  Cubierta de la sonda de pl\u00e1stico con clip de bolsillo\" \/>\n<meta property=\"og:url\" content=\"https:\/\/abaa.mx\/tienda\/termometros-de-marcacion-modelo-29002-29003\/\" \/>\n<meta property=\"og:site_name\" content=\"Abaa tienda online\" \/>\n<meta property=\"og:image\" content=\"https:\/\/abaa.mx\/tienda\/wp-content\/uploads\/2023\/09\/29002-29003.jpg\" \/>\n\t<meta property=\"og:image:width\" content=\"600\" \/>\n\t<meta property=\"og:image:height\" content=\"600\" \/>\n\t<meta property=\"og:image:type\" content=\"image\/jpeg\" \/>\n<meta name=\"twitter:card\" content=\"summary_large_image\" \/>\n<meta name=\"twitter:label1\" content=\"Tiempo de lectura\" \/>\n\t<meta name=\"twitter:data1\" content=\"1 minuto\" \/>\n<script type=\"application\/ld+json\" class=\"yoast-schema-graph\">{\"@context\":\"https:\/\/schema.org\",\"@graph\":[{\"@type\":\"WebPage\",\"@id\":\"https:\/\/abaa.mx\/tienda\/termometros-de-marcacion-modelo-29002-29003\/\",\"url\":\"https:\/\/abaa.mx\/tienda\/termometros-de-marcacion-modelo-29002-29003\/\",\"name\":\"Term\u00f3metros de marcaci\u00f3n Modelo 29002, 29003 - Abaa tienda online\",\"isPartOf\":{\"@id\":\"https:\/\/abaa.mx\/tienda\/#website\"},\"primaryImageOfPage\":{\"@id\":\"https:\/\/abaa.mx\/tienda\/termometros-de-marcacion-modelo-29002-29003\/#primaryimage\"},\"image\":{\"@id\":\"https:\/\/abaa.mx\/tienda\/termometros-de-marcacion-modelo-29002-29003\/#primaryimage\"},\"thumbnailUrl\":\"https:\/\/abaa.mx\/tienda\/wp-content\/uploads\/2023\/09\/29002-29003.jpg\",\"datePublished\":\"2023-09-14T21:17:34+00:00\",\"breadcrumb\":{\"@id\":\"https:\/\/abaa.mx\/tienda\/termometros-de-marcacion-modelo-29002-29003\/#breadcrumb\"},\"inLanguage\":\"es\",\"potentialAction\":[{\"@type\":\"ReadAction\",\"target\":[\"https:\/\/abaa.mx\/tienda\/termometros-de-marcacion-modelo-29002-29003\/\"]}]},{\"@type\":\"ImageObject\",\"inLanguage\":\"es\",\"@id\":\"https:\/\/abaa.mx\/tienda\/termometros-de-marcacion-modelo-29002-29003\/#primaryimage\",\"url\":\"https:\/\/abaa.mx\/tienda\/wp-content\/uploads\/2023\/09\/29002-29003.jpg\",\"contentUrl\":\"https:\/\/abaa.mx\/tienda\/wp-content\/uploads\/2023\/09\/29002-29003.jpg\",\"width\":600,\"height\":600,\"caption\":\"termometros-de-marcacion-modelo-29002-29003\"},{\"@type\":\"BreadcrumbList\",\"@id\":\"https:\/\/abaa.mx\/tienda\/termometros-de-marcacion-modelo-29002-29003\/#breadcrumb\",\"itemListElement\":[{\"@type\":\"ListItem\",\"position\":1,\"name\":\"Inicio\",\"item\":\"https:\/\/abaa.mx\/tienda\/\"},{\"@type\":\"ListItem\",\"position\":2,\"name\":\"Tienda\",\"item\":\"https:\/\/abaa.mx\/tienda\/\"},{\"@type\":\"ListItem\",\"position\":3,\"name\":\"Term\u00f3metros de marcaci\u00f3n Modelo 29002, 29003\"}]},{\"@type\":\"WebSite\",\"@id\":\"https:\/\/abaa.mx\/tienda\/#website\",\"url\":\"https:\/\/abaa.mx\/tienda\/\",\"name\":\"Abaa tienda online\",\"description\":\"Instrumentos de medici\u00f3n\",\"publisher\":{\"@id\":\"https:\/\/abaa.mx\/tienda\/#organization\"},\"potentialAction\":[{\"@type\":\"SearchAction\",\"target\":{\"@type\":\"EntryPoint\",\"urlTemplate\":\"https:\/\/abaa.mx\/tienda\/?s={search_term_string}\"},\"query-input\":{\"@type\":\"PropertyValueSpecification\",\"valueRequired\":true,\"valueName\":\"search_term_string\"}}],\"inLanguage\":\"es\"},{\"@type\":\"Organization\",\"@id\":\"https:\/\/abaa.mx\/tienda\/#organization\",\"name\":\"Abaa tienda online\",\"url\":\"https:\/\/abaa.mx\/tienda\/\",\"logo\":{\"@type\":\"ImageObject\",\"inLanguage\":\"es\",\"@id\":\"https:\/\/abaa.mx\/tienda\/#\/schema\/logo\/image\/\",\"url\":\"https:\/\/abaa.mx\/tienda\/wp-content\/uploads\/2024\/01\/abaa-metrologia-tienda.png\",\"contentUrl\":\"https:\/\/abaa.mx\/tienda\/wp-content\/uploads\/2024\/01\/abaa-metrologia-tienda.png\",\"width\":300,\"height\":141,\"caption\":\"Abaa tienda online\"},\"image\":{\"@id\":\"https:\/\/abaa.mx\/tienda\/#\/schema\/logo\/image\/\"}}]}<\/script>\n<!-- \/ Yoast SEO plugin. -->","yoast_head_json":{"title":"Term\u00f3metros de marcaci\u00f3n Modelo 29002, 29003 - Abaa tienda online","robots":{"index":"index","follow":"follow","max-snippet":"max-snippet:-1","max-image-preview":"max-image-preview:large","max-video-preview":"max-video-preview:-1"},"canonical":"https:\/\/abaa.mx\/tienda\/termometros-de-marcacion-modelo-29002-29003\/","og_locale":"es_MX","og_type":"article","og_title":"Term\u00f3metros de marcaci\u00f3n Modelo 29002, 29003 - Abaa tienda online","og_description":"Caracter\u00edsticas   1.75\"\/ 44 mm de marcaci\u00f3n ampliada  Mecanismo de bobina bimet\u00e1lica  A prueba de agua  Puede calibrarse en sus instalaciones  Cubierta de la sonda de pl\u00e1stico con clip de bolsillo","og_url":"https:\/\/abaa.mx\/tienda\/termometros-de-marcacion-modelo-29002-29003\/","og_site_name":"Abaa tienda online","og_image":[{"width":600,"height":600,"url":"https:\/\/abaa.mx\/tienda\/wp-content\/uploads\/2023\/09\/29002-29003.jpg","type":"image\/jpeg"}],"twitter_card":"summary_large_image","twitter_misc":{"Tiempo de lectura":"1 minuto"},"schema":{"@context":"https:\/\/schema.org","@graph":[{"@type":"WebPage","@id":"https:\/\/abaa.mx\/tienda\/termometros-de-marcacion-modelo-29002-29003\/","url":"https:\/\/abaa.mx\/tienda\/termometros-de-marcacion-modelo-29002-29003\/","name":"Term\u00f3metros de marcaci\u00f3n Modelo 29002, 29003 - Abaa tienda online","isPartOf":{"@id":"https:\/\/abaa.mx\/tienda\/#website"},"primaryImageOfPage":{"@id":"https:\/\/abaa.mx\/tienda\/termometros-de-marcacion-modelo-29002-29003\/#primaryimage"},"image":{"@id":"https:\/\/abaa.mx\/tienda\/termometros-de-marcacion-modelo-29002-29003\/#primaryimage"},"thumbnailUrl":"https:\/\/abaa.mx\/tienda\/wp-content\/uploads\/2023\/09\/29002-29003.jpg","datePublished":"2023-09-14T21:17:34+00:00","breadcrumb":{"@id":"https:\/\/abaa.mx\/tienda\/termometros-de-marcacion-modelo-29002-29003\/#breadcrumb"},"inLanguage":"es","potentialAction":[{"@type":"ReadAction","target":["https:\/\/abaa.mx\/tienda\/termometros-de-marcacion-modelo-29002-29003\/"]}]},{"@type":"ImageObject","inLanguage":"es","@id":"https:\/\/abaa.mx\/tienda\/termometros-de-marcacion-modelo-29002-29003\/#primaryimage","url":"https:\/\/abaa.mx\/tienda\/wp-content\/uploads\/2023\/09\/29002-29003.jpg","contentUrl":"https:\/\/abaa.mx\/tienda\/wp-content\/uploads\/2023\/09\/29002-29003.jpg","width":600,"height":600,"caption":"termometros-de-marcacion-modelo-29002-29003"},{"@type":"BreadcrumbList","@id":"https:\/\/abaa.mx\/tienda\/termometros-de-marcacion-modelo-29002-29003\/#breadcrumb","itemListElement":[{"@type":"ListItem","position":1,"name":"Inicio","item":"https:\/\/abaa.mx\/tienda\/"},{"@type":"ListItem","position":2,"name":"Tienda","item":"https:\/\/abaa.mx\/tienda\/"},{"@type":"ListItem","position":3,"name":"Term\u00f3metros de marcaci\u00f3n Modelo 29002, 29003"}]},{"@type":"WebSite","@id":"https:\/\/abaa.mx\/tienda\/#website","url":"https:\/\/abaa.mx\/tienda\/","name":"Abaa tienda online","description":"Instrumentos de medici\u00f3n","publisher":{"@id":"https:\/\/abaa.mx\/tienda\/#organization"},"potentialAction":[{"@type":"SearchAction","target":{"@type":"EntryPoint","urlTemplate":"https:\/\/abaa.mx\/tienda\/?s={search_term_string}"},"query-input":{"@type":"PropertyValueSpecification","valueRequired":true,"valueName":"search_term_string"}}],"inLanguage":"es"},{"@type":"Organization","@id":"https:\/\/abaa.mx\/tienda\/#organization","name":"Abaa tienda online","url":"https:\/\/abaa.mx\/tienda\/","logo":{"@type":"ImageObject","inLanguage":"es","@id":"https:\/\/abaa.mx\/tienda\/#\/schema\/logo\/image\/","url":"https:\/\/abaa.mx\/tienda\/wp-content\/uploads\/2024\/01\/abaa-metrologia-tienda.png","contentUrl":"https:\/\/abaa.mx\/tienda\/wp-content\/uploads\/2024\/01\/abaa-metrologia-tienda.png","width":300,"height":141,"caption":"Abaa tienda online"},"image":{"@id":"https:\/\/abaa.mx\/tienda\/#\/schema\/logo\/image\/"}}]}},"_links":{"self":[{"href":"https:\/\/abaa.mx\/tienda\/wp-json\/wp\/v2\/product\/1611","targetHints":{"allow":["GET"]}}],"collection":[{"href":"https:\/\/abaa.mx\/tienda\/wp-json\/wp\/v2\/product"}],"about":[{"href":"https:\/\/abaa.mx\/tienda\/wp-json\/wp\/v2\/types\/product"}],"replies":[{"embeddable":true,"href":"https:\/\/abaa.mx\/tienda\/wp-json\/wp\/v2\/comments?post=1611"}],"wp:featuredmedia":[{"embeddable":true,"href":"https:\/\/abaa.mx\/tienda\/wp-json\/wp\/v2\/media\/1613"}],"wp:attachment":[{"href":"https:\/\/abaa.mx\/tienda\/wp-json\/wp\/v2\/media?parent=1611"}],"wp:term":[{"taxonomy":"product_brand","embeddable":true,"href":"https:\/\/abaa.mx\/tienda\/wp-json\/wp\/v2\/product_brand?post=1611"},{"taxonomy":"product_cat","embeddable":true,"href":"https:\/\/abaa.mx\/tienda\/wp-json\/wp\/v2\/product_cat?post=1611"},{"taxonomy":"product_tag","embeddable":true,"href":"https:\/\/abaa.mx\/tienda\/wp-json\/wp\/v2\/product_tag?post=1611"}],"curies":[{"name":"wp","href":"https:\/\/api.w.org\/{rel}","templated":true}]}}