{"id":1604,"date":"2023-09-14T21:05:54","date_gmt":"2023-09-14T21:05:54","guid":{"rendered":"https:\/\/abaa.mx\/tienda\/?post_type=product&#038;p=1604"},"modified":"2023-09-14T21:05:55","modified_gmt":"2023-09-14T21:05:55","slug":"termometros-de-bolsillo-modelo-29001-29007","status":"publish","type":"product","link":"https:\/\/abaa.mx\/tienda\/termometros-de-bolsillo-modelo-29001-29007\/","title":{"rendered":"Term\u00f3metros de bolsillo Modelo 29001-29007"},"content":{"rendered":"<h1>Term\u00f3metros de bolsillo<\/h1>\n<h3><strong>Modelo\u00a029001-29007<\/strong><\/h3>\n<ul>\n<li>1 pulgada (25 mm) magnificada cara del dial.<\/li>\n<li>Mecanismo de bobina bimet\u00e1lica.<\/li>\n<li>Impermeable.<\/li>\n<li>Caja de acero inoxidable.<\/li>\n<li>El campo calibrable.<\/li>\n<li>Cubierta de la sonda de pl\u00e1stico con clip de bolsillo de acero inoxidable ajustable.<\/li>\n<li>Cubierta de la sonda se puede utilizar como extensi\u00f3n de la manija.<\/li>\n<\/ul>\n<p><b>Aplicaciones:<\/b> Ideal para peque\u00f1as jarras espumeantes.<\/p>\n<p>DeltaTrak term\u00f3metros de marcaci\u00f3n de bolsillo (modelo 29001 y 29007) son perfectos para peque\u00f1as jarras espumeantes. Modelo 29001 miden 0\u00b0F a 220\u00b0F. Modelo 29007 mide -20\u00b0C a 105\u00b0C. Los term\u00f3metros tienen un mecanismo de bobina bimet\u00e1lica y puede calibrarse en sus instalaciones. Los term\u00f3metros de marcaci\u00f3n de bolsillo tienen un di\u00e1metro de 1&#8243;(25 mm) con car\u00e1tula ampliada.<\/p>\n<div class=\"prod-desc\">\n<h2 class=\"rl_tabs-title nn_tabs-title\">Modelos<\/h2>\n<table>\n<thead>\n<tr>\n<th scope=\"col\">Modelo<\/th>\n<th scope=\"col\">Caracter\u00edstica<\/th>\n<\/tr>\n<\/thead>\n<tbody>\n<tr>\n<td>29001<\/td>\n<td>Escala \u00b0F<\/td>\n<\/tr>\n<tr>\n<td>29007<\/td>\n<td>Escala \u00b0 C<\/td>\n<\/tr>\n<\/tbody>\n<\/table>\n<p>&nbsp;<\/p>\n<table>\n<caption>Modelo 29001, 29007 Term\u00f3metros de marcaci\u00f3n de bolsillo<\/caption>\n<thead>\n<tr>\n<th scope=\"col\">Caracter\u00edstica<\/th>\n<th scope=\"col\">Especificaci\u00f3n<\/th>\n<\/tr>\n<\/thead>\n<tfoot>\n<tr>\n<td colspan=\"2\"><\/td>\n<\/tr>\n<\/tfoot>\n<tbody>\n<tr>\n<td>Rango de temperatura<\/td>\n<td>De 10 \u00b0F a 220 \u00b0F (-12 \u00b0C a 105 \u00b0C)<\/td>\n<\/tr>\n<tr>\n<td>Exactitud<\/td>\n<td>\u00b16\u00b0F de 32\u00b0F a 165\u00b0F (\u00b13.3\u00b0C de 0\u00b0C a 74\u00b0C)<\/td>\n<\/tr>\n<tr>\n<td>Sonda<\/td>\n<td>0.5 pulgadas (128 mm) de acero inoxidable<\/td>\n<\/tr>\n<tr>\n<td>Dial de la cara<\/td>\n<td>1 pulgada (25 mm), magnificad<\/td>\n<\/tr>\n<tr>\n<td>Sonda<\/td>\n<td>5 pulgadas (127mm) L, acero inoxidable<\/td>\n<\/tr>\n<tr>\n<td>Calibraci\u00f3n<\/td>\n<td>Calibraci\u00f3n simple con una tuerca hexagonales<\/td>\n<\/tr>\n<\/tbody>\n<\/table>\n<\/div>\n<p>&nbsp;<\/p>\n","protected":false},"excerpt":{"rendered":"<p><b>Caracter\u00edsticas<\/b><strong>\u00a0<\/strong><\/p>\n<ul>\n<li>1 pulgada (25 mm) magnificada cara del dial.<\/li>\n<li>Mecanismo de bobina bimet\u00e1lica<\/li>\n<li>Impermeable.<\/li>\n<li>Caja de acero inoxidable.<\/li>\n<li>El campo calibrable.<\/li>\n<li>Cubierta de la sonda de pl\u00e1stico con clip de bolsillo de acero inoxidable ajustable.<\/li>\n<li>Cubierta de la sonda se puede utilizar como extensi\u00f3n de la manija.<\/li>\n<\/ul>\n","protected":false},"featured_media":1608,"comment_status":"open","ping_status":"closed","template":"","meta":{"_joinchat":[]},"product_brand":[],"product_cat":[15],"product_tag":[],"class_list":{"0":"post-1604","1":"product","2":"type-product","3":"status-publish","4":"has-post-thumbnail","6":"product_cat-sin-categorizar","8":"first","9":"instock","10":"shipping-taxable","11":"product-type-simple"},"yoast_head":"<!-- This site is optimized with the Yoast SEO plugin v26.4 - https:\/\/yoast.com\/wordpress\/plugins\/seo\/ -->\n<title>Term\u00f3metros de bolsillo Modelo 29001-29007 - Abaa tienda online<\/title>\n<meta name=\"robots\" content=\"index, follow, max-snippet:-1, max-image-preview:large, max-video-preview:-1\" \/>\n<link rel=\"canonical\" href=\"https:\/\/abaa.mx\/tienda\/termometros-de-bolsillo-modelo-29001-29007\/\" \/>\n<meta property=\"og:locale\" content=\"es_MX\" \/>\n<meta property=\"og:type\" content=\"article\" \/>\n<meta property=\"og:title\" content=\"Term\u00f3metros de bolsillo Modelo 29001-29007 - Abaa tienda online\" \/>\n<meta property=\"og:description\" content=\"Caracter\u00edsticas\u00a0   1 pulgada (25 mm) magnificada cara del dial.  Mecanismo de bobina bimet\u00e1lica  Impermeable.  Caja de acero inoxidable.  El campo calibrable.  Cubierta de la sonda de pl\u00e1stico con clip de bolsillo de acero inoxidable ajustable.  Cubierta de la sonda se puede utilizar como extensi\u00f3n de la manija.\" \/>\n<meta property=\"og:url\" content=\"https:\/\/abaa.mx\/tienda\/termometros-de-bolsillo-modelo-29001-29007\/\" \/>\n<meta property=\"og:site_name\" content=\"Abaa tienda online\" \/>\n<meta property=\"article:modified_time\" content=\"2023-09-14T21:05:55+00:00\" \/>\n<meta property=\"og:image\" content=\"https:\/\/abaa.mx\/tienda\/wp-content\/uploads\/2023\/09\/29001-29007.jpg\" \/>\n\t<meta property=\"og:image:width\" content=\"1000\" \/>\n\t<meta property=\"og:image:height\" content=\"421\" \/>\n\t<meta property=\"og:image:type\" content=\"image\/jpeg\" \/>\n<meta name=\"twitter:card\" content=\"summary_large_image\" \/>\n<meta name=\"twitter:label1\" content=\"Tiempo de lectura\" \/>\n\t<meta name=\"twitter:data1\" content=\"1 minuto\" \/>\n<script type=\"application\/ld+json\" class=\"yoast-schema-graph\">{\"@context\":\"https:\/\/schema.org\",\"@graph\":[{\"@type\":\"WebPage\",\"@id\":\"https:\/\/abaa.mx\/tienda\/termometros-de-bolsillo-modelo-29001-29007\/\",\"url\":\"https:\/\/abaa.mx\/tienda\/termometros-de-bolsillo-modelo-29001-29007\/\",\"name\":\"Term\u00f3metros de bolsillo Modelo 29001-29007 - Abaa tienda online\",\"isPartOf\":{\"@id\":\"https:\/\/abaa.mx\/tienda\/#website\"},\"primaryImageOfPage\":{\"@id\":\"https:\/\/abaa.mx\/tienda\/termometros-de-bolsillo-modelo-29001-29007\/#primaryimage\"},\"image\":{\"@id\":\"https:\/\/abaa.mx\/tienda\/termometros-de-bolsillo-modelo-29001-29007\/#primaryimage\"},\"thumbnailUrl\":\"https:\/\/abaa.mx\/tienda\/wp-content\/uploads\/2023\/09\/29001-29007.jpg\",\"datePublished\":\"2023-09-14T21:05:54+00:00\",\"dateModified\":\"2023-09-14T21:05:55+00:00\",\"breadcrumb\":{\"@id\":\"https:\/\/abaa.mx\/tienda\/termometros-de-bolsillo-modelo-29001-29007\/#breadcrumb\"},\"inLanguage\":\"es\",\"potentialAction\":[{\"@type\":\"ReadAction\",\"target\":[\"https:\/\/abaa.mx\/tienda\/termometros-de-bolsillo-modelo-29001-29007\/\"]}]},{\"@type\":\"ImageObject\",\"inLanguage\":\"es\",\"@id\":\"https:\/\/abaa.mx\/tienda\/termometros-de-bolsillo-modelo-29001-29007\/#primaryimage\",\"url\":\"https:\/\/abaa.mx\/tienda\/wp-content\/uploads\/2023\/09\/29001-29007.jpg\",\"contentUrl\":\"https:\/\/abaa.mx\/tienda\/wp-content\/uploads\/2023\/09\/29001-29007.jpg\",\"width\":1000,\"height\":421,\"caption\":\"termometros-de-bolsillo-modelo-29001-29007\"},{\"@type\":\"BreadcrumbList\",\"@id\":\"https:\/\/abaa.mx\/tienda\/termometros-de-bolsillo-modelo-29001-29007\/#breadcrumb\",\"itemListElement\":[{\"@type\":\"ListItem\",\"position\":1,\"name\":\"Inicio\",\"item\":\"https:\/\/abaa.mx\/tienda\/\"},{\"@type\":\"ListItem\",\"position\":2,\"name\":\"Tienda\",\"item\":\"https:\/\/abaa.mx\/tienda\/\"},{\"@type\":\"ListItem\",\"position\":3,\"name\":\"Term\u00f3metros de bolsillo Modelo 29001-29007\"}]},{\"@type\":\"WebSite\",\"@id\":\"https:\/\/abaa.mx\/tienda\/#website\",\"url\":\"https:\/\/abaa.mx\/tienda\/\",\"name\":\"Abaa tienda online\",\"description\":\"Instrumentos de medici\u00f3n\",\"publisher\":{\"@id\":\"https:\/\/abaa.mx\/tienda\/#organization\"},\"potentialAction\":[{\"@type\":\"SearchAction\",\"target\":{\"@type\":\"EntryPoint\",\"urlTemplate\":\"https:\/\/abaa.mx\/tienda\/?s={search_term_string}\"},\"query-input\":{\"@type\":\"PropertyValueSpecification\",\"valueRequired\":true,\"valueName\":\"search_term_string\"}}],\"inLanguage\":\"es\"},{\"@type\":\"Organization\",\"@id\":\"https:\/\/abaa.mx\/tienda\/#organization\",\"name\":\"Abaa tienda online\",\"url\":\"https:\/\/abaa.mx\/tienda\/\",\"logo\":{\"@type\":\"ImageObject\",\"inLanguage\":\"es\",\"@id\":\"https:\/\/abaa.mx\/tienda\/#\/schema\/logo\/image\/\",\"url\":\"https:\/\/abaa.mx\/tienda\/wp-content\/uploads\/2024\/01\/abaa-metrologia-tienda.png\",\"contentUrl\":\"https:\/\/abaa.mx\/tienda\/wp-content\/uploads\/2024\/01\/abaa-metrologia-tienda.png\",\"width\":300,\"height\":141,\"caption\":\"Abaa tienda online\"},\"image\":{\"@id\":\"https:\/\/abaa.mx\/tienda\/#\/schema\/logo\/image\/\"}}]}<\/script>\n<!-- \/ Yoast SEO plugin. -->","yoast_head_json":{"title":"Term\u00f3metros de bolsillo Modelo 29001-29007 - Abaa tienda online","robots":{"index":"index","follow":"follow","max-snippet":"max-snippet:-1","max-image-preview":"max-image-preview:large","max-video-preview":"max-video-preview:-1"},"canonical":"https:\/\/abaa.mx\/tienda\/termometros-de-bolsillo-modelo-29001-29007\/","og_locale":"es_MX","og_type":"article","og_title":"Term\u00f3metros de bolsillo Modelo 29001-29007 - Abaa tienda online","og_description":"Caracter\u00edsticas\u00a0   1 pulgada (25 mm) magnificada cara del dial.  Mecanismo de bobina bimet\u00e1lica  Impermeable.  Caja de acero inoxidable.  El campo calibrable.  Cubierta de la sonda de pl\u00e1stico con clip de bolsillo de acero inoxidable ajustable.  Cubierta de la sonda se puede utilizar como extensi\u00f3n de la manija.","og_url":"https:\/\/abaa.mx\/tienda\/termometros-de-bolsillo-modelo-29001-29007\/","og_site_name":"Abaa tienda online","article_modified_time":"2023-09-14T21:05:55+00:00","og_image":[{"width":1000,"height":421,"url":"https:\/\/abaa.mx\/tienda\/wp-content\/uploads\/2023\/09\/29001-29007.jpg","type":"image\/jpeg"}],"twitter_card":"summary_large_image","twitter_misc":{"Tiempo de lectura":"1 minuto"},"schema":{"@context":"https:\/\/schema.org","@graph":[{"@type":"WebPage","@id":"https:\/\/abaa.mx\/tienda\/termometros-de-bolsillo-modelo-29001-29007\/","url":"https:\/\/abaa.mx\/tienda\/termometros-de-bolsillo-modelo-29001-29007\/","name":"Term\u00f3metros de bolsillo Modelo 29001-29007 - Abaa tienda online","isPartOf":{"@id":"https:\/\/abaa.mx\/tienda\/#website"},"primaryImageOfPage":{"@id":"https:\/\/abaa.mx\/tienda\/termometros-de-bolsillo-modelo-29001-29007\/#primaryimage"},"image":{"@id":"https:\/\/abaa.mx\/tienda\/termometros-de-bolsillo-modelo-29001-29007\/#primaryimage"},"thumbnailUrl":"https:\/\/abaa.mx\/tienda\/wp-content\/uploads\/2023\/09\/29001-29007.jpg","datePublished":"2023-09-14T21:05:54+00:00","dateModified":"2023-09-14T21:05:55+00:00","breadcrumb":{"@id":"https:\/\/abaa.mx\/tienda\/termometros-de-bolsillo-modelo-29001-29007\/#breadcrumb"},"inLanguage":"es","potentialAction":[{"@type":"ReadAction","target":["https:\/\/abaa.mx\/tienda\/termometros-de-bolsillo-modelo-29001-29007\/"]}]},{"@type":"ImageObject","inLanguage":"es","@id":"https:\/\/abaa.mx\/tienda\/termometros-de-bolsillo-modelo-29001-29007\/#primaryimage","url":"https:\/\/abaa.mx\/tienda\/wp-content\/uploads\/2023\/09\/29001-29007.jpg","contentUrl":"https:\/\/abaa.mx\/tienda\/wp-content\/uploads\/2023\/09\/29001-29007.jpg","width":1000,"height":421,"caption":"termometros-de-bolsillo-modelo-29001-29007"},{"@type":"BreadcrumbList","@id":"https:\/\/abaa.mx\/tienda\/termometros-de-bolsillo-modelo-29001-29007\/#breadcrumb","itemListElement":[{"@type":"ListItem","position":1,"name":"Inicio","item":"https:\/\/abaa.mx\/tienda\/"},{"@type":"ListItem","position":2,"name":"Tienda","item":"https:\/\/abaa.mx\/tienda\/"},{"@type":"ListItem","position":3,"name":"Term\u00f3metros de bolsillo Modelo 29001-29007"}]},{"@type":"WebSite","@id":"https:\/\/abaa.mx\/tienda\/#website","url":"https:\/\/abaa.mx\/tienda\/","name":"Abaa tienda online","description":"Instrumentos de medici\u00f3n","publisher":{"@id":"https:\/\/abaa.mx\/tienda\/#organization"},"potentialAction":[{"@type":"SearchAction","target":{"@type":"EntryPoint","urlTemplate":"https:\/\/abaa.mx\/tienda\/?s={search_term_string}"},"query-input":{"@type":"PropertyValueSpecification","valueRequired":true,"valueName":"search_term_string"}}],"inLanguage":"es"},{"@type":"Organization","@id":"https:\/\/abaa.mx\/tienda\/#organization","name":"Abaa tienda online","url":"https:\/\/abaa.mx\/tienda\/","logo":{"@type":"ImageObject","inLanguage":"es","@id":"https:\/\/abaa.mx\/tienda\/#\/schema\/logo\/image\/","url":"https:\/\/abaa.mx\/tienda\/wp-content\/uploads\/2024\/01\/abaa-metrologia-tienda.png","contentUrl":"https:\/\/abaa.mx\/tienda\/wp-content\/uploads\/2024\/01\/abaa-metrologia-tienda.png","width":300,"height":141,"caption":"Abaa tienda online"},"image":{"@id":"https:\/\/abaa.mx\/tienda\/#\/schema\/logo\/image\/"}}]}},"_links":{"self":[{"href":"https:\/\/abaa.mx\/tienda\/wp-json\/wp\/v2\/product\/1604","targetHints":{"allow":["GET"]}}],"collection":[{"href":"https:\/\/abaa.mx\/tienda\/wp-json\/wp\/v2\/product"}],"about":[{"href":"https:\/\/abaa.mx\/tienda\/wp-json\/wp\/v2\/types\/product"}],"replies":[{"embeddable":true,"href":"https:\/\/abaa.mx\/tienda\/wp-json\/wp\/v2\/comments?post=1604"}],"wp:featuredmedia":[{"embeddable":true,"href":"https:\/\/abaa.mx\/tienda\/wp-json\/wp\/v2\/media\/1608"}],"wp:attachment":[{"href":"https:\/\/abaa.mx\/tienda\/wp-json\/wp\/v2\/media?parent=1604"}],"wp:term":[{"taxonomy":"product_brand","embeddable":true,"href":"https:\/\/abaa.mx\/tienda\/wp-json\/wp\/v2\/product_brand?post=1604"},{"taxonomy":"product_cat","embeddable":true,"href":"https:\/\/abaa.mx\/tienda\/wp-json\/wp\/v2\/product_cat?post=1604"},{"taxonomy":"product_tag","embeddable":true,"href":"https:\/\/abaa.mx\/tienda\/wp-json\/wp\/v2\/product_tag?post=1604"}],"curies":[{"name":"wp","href":"https:\/\/api.w.org\/{rel}","templated":true}]}}