{"id":1597,"date":"2023-09-14T20:55:00","date_gmt":"2023-09-14T20:55:00","guid":{"rendered":"https:\/\/abaa.mx\/tienda\/?post_type=product&#038;p=1597"},"modified":"2024-01-04T16:09:09","modified_gmt":"2024-01-04T16:09:09","slug":"termometro-de-coccion-caliente-frio-modelo-26003","status":"publish","type":"product","link":"https:\/\/abaa.mx\/tienda\/termometro-de-coccion-caliente-frio-modelo-26003\/","title":{"rendered":"Term\u00f3metro de cocci\u00f3n caliente &#8211; fr\u00edo Modelo 26003"},"content":{"rendered":"<h3><strong>Modelo\u00a026003<\/strong><\/h3>\n<ul>\n<li>Totalmente automatizado tiempo\/temperatura monitorea el enfriamiento de los alimentos\n<ul>\n<li>Ajustes en 3 zonas programables de tiempo\/temperatura<\/li>\n<li>Confirma en menos de 6 horas el enfriamiento total de tiempo para la seguridad alimentaria y el cumplimiento con FDA C\u00f3digo 3-501.14 (A, B)<\/li>\n<li>Alarma ac\u00fastica, si la comida excede el tiempo en la zona de temperatura de peligro<\/li>\n<\/ul>\n<\/li>\n<li>Nueva funci\u00f3n de &#8220;Auto-Calibraci\u00f3n&#8221;\n<ul>\n<li>Usa la soluci\u00f3n de referencia del ba\u00f1o de hielo<\/li>\n<\/ul>\n<\/li>\n<li>Cuenta el tiempo hacia atr\u00e1s o adelante para cocinar y enfriar<\/li>\n<li>Alarmas audibles para notificaci\u00f3n PASA \/ FALLO y la operaci\u00f3n sin atenci\u00f3n<\/li>\n<li>F\u00e1cil de limpiar, Teflon\u00a0 resistente al calor y cable de la sonda a prueba de agua<\/li>\n<li>Herramienta en cumplimiento con HACCP<\/li>\n<li>Incluye soporte de montaje extra\u00edble<\/li>\n<\/ul>\n<div class=\"prod-top\">\n<div class=\"prod-left\">\n<div class=\"prod-app\"><b>Aplicaciones:<\/b>\u00a0Cocinar, Enfriamiento<\/div>\n<\/div>\n<\/div>\n<div class=\"prod-bottom\">\n<div class=\"prod-desc\">\n<p>Utilice el Term\u00f3metro de Cocina Calor\/Fr\u00edo, Modelo 26003, para ver la temperatura de cocci\u00f3n interna deseada sin tener que abrir la puerta del horno. Este term\u00f3metro elimina todas las conjeturas debido a una alarma que emite un sonido cuando se ha alcanzado la temperatura pre-establecida. El term\u00f3metro tambi\u00e9n har\u00e1 un seguimiento de la velocidad de enfriamiento de los alimentos para garantizar la temperatura adecuada de enfriamiento. Este term\u00f3metro viene con una extensi\u00f3n de cable de 2.5 pies de tefl\u00f3n y con una sonda de acero inoxidable resistente de 6.5 pulgadas que mide hasta 392 \u00b0F.<\/p>\n<table>\n<caption>Modelo 26003 Term\u00f3metro Automatizado de Cocci\u00f3n y Enfriamiento<\/caption>\n<thead>\n<tr>\n<th scope=\"col\">Caracter\u00edstica<\/th>\n<th scope=\"col\">Especificaci\u00f3n<\/th>\n<\/tr>\n<\/thead>\n<tfoot>\n<tr>\n<td colspan=\"2\"><\/td>\n<\/tr>\n<\/tfoot>\n<tbody>\n<tr>\n<td>Intervalo de Medici\u00f3n<\/td>\n<td>De 32 \u00b0C a 338 \u00b0C (de 0 \u00b0F a 170 \u00b0F)<\/td>\n<\/tr>\n<tr>\n<td>Intervalo de Operaci\u00f3n<\/td>\n<td>-22\u00b0F a 22\u00b0F (-30\u00b0C a 50\u00b0C)<\/td>\n<\/tr>\n<tr>\n<td>Precisi\u00f3n<\/td>\n<td>0\u00b0F a 275\u00b0F \u00b1 1.8\u00b0F (0\u00b0C a 135\u00b0C \u00b11.0\u00b0C);<br \/>\nDe 275\u00b0F a 302\u00b0F \u00b1 de 2\u00b0C a 7\u00b0\u00b1C (135.150\u00b0F (1.5\u00b0C)<\/td>\n<\/tr>\n<tr>\n<td>Sonda<\/td>\n<td>6.5&#8243; (17cm) acero inoxidable, punta reducida. Desmontable<\/td>\n<\/tr>\n<tr>\n<td>Cable de Sonda<\/td>\n<td>30&#8243; (76cm) Teflon resistente al calor<\/td>\n<\/tr>\n<tr>\n<td>Tiempo<\/td>\n<td>Hasta 23 hr 59 min.en contar hacia arriba\/abajo<\/td>\n<\/tr>\n<tr>\n<td>Cuerpo<\/td>\n<td>Pl\u00e1stico ABS<\/td>\n<\/tr>\n<tr>\n<td>Peso de la Unidad<\/td>\n<td>3,8 onzas (107,7 g)<\/td>\n<\/tr>\n<tr>\n<td>Resoluci\u00f3n<\/td>\n<td>0.1 \u00b0 (F a C)<\/td>\n<\/tr>\n<tr>\n<td>Bater\u00eda<\/td>\n<td>Dos botones 1.5V , vida de la bateria<\/td>\n<\/tr>\n<tr>\n<td>Certificaci\u00f3n<\/td>\n<td>CE, calibrado de f\u00e1brica con los est\u00e1ndares NIST, compatible con RoHS<\/td>\n<\/tr>\n<\/tbody>\n<\/table>\n<p>&nbsp;<\/p>\n<\/div>\n<\/div>\n","protected":false},"excerpt":{"rendered":"<h3><strong>Caracter\u00edsticas<\/strong><\/h3>\n<ul>\n<li>Totalmente automatizado tiempo\/temperatura monitorea el enfriamiento de los alimentos\n<ul>\n<li>Ajustes en 3 zonas programables de tiempo\/temperatura<\/li>\n<li>Confirma en menos de 6 horas el enfriamiento total de tiempo para la seguridad alimentaria y el cumplimiento con FDA C\u00f3digo 3-501.14 (A, B)<\/li>\n<li>Alarma ac\u00fastica, si la comida excede el tiempo en la zona de temperatura de peligro<\/li>\n<\/ul>\n<\/li>\n<li>Nueva funci\u00f3n de &#8220;Auto-Calibraci\u00f3n&#8221;\n<ul>\n<li>Usa la soluci\u00f3n de referencia del ba\u00f1o de hielo<\/li>\n<\/ul>\n<\/li>\n<li>Cuenta el tiempo hacia atr\u00e1s o adelante para cocinar y enfriar<\/li>\n<li>Alarmas audibles para notificaci\u00f3n PASA \/ FALLO y la operaci\u00f3n sin atenci\u00f3n<\/li>\n<li>F\u00e1cil de limpiar, Teflon\u00a0 resistente al calor y cable de la sonda a prueba de agua<\/li>\n<li>Herramienta en cumplimiento con HACCP<\/li>\n<li>Incluye soporte de montaje extra\u00edble<\/li>\n<\/ul>\n","protected":false},"featured_media":1601,"comment_status":"open","ping_status":"closed","template":"","meta":{"_joinchat":[]},"product_brand":[],"product_cat":[15],"product_tag":[],"class_list":{"0":"post-1597","1":"product","2":"type-product","3":"status-publish","4":"has-post-thumbnail","6":"product_cat-sin-categorizar","8":"first","9":"instock","10":"shipping-taxable","11":"product-type-simple"},"yoast_head":"<!-- This site is optimized with the Yoast SEO plugin v26.4 - https:\/\/yoast.com\/wordpress\/plugins\/seo\/ -->\n<title>Term\u00f3metro de cocci\u00f3n caliente - fr\u00edo Modelo 26003 - Abaa tienda online<\/title>\n<meta name=\"robots\" content=\"index, follow, max-snippet:-1, max-image-preview:large, max-video-preview:-1\" \/>\n<link rel=\"canonical\" href=\"https:\/\/abaa.mx\/tienda\/termometro-de-coccion-caliente-frio-modelo-26003\/\" \/>\n<meta property=\"og:locale\" content=\"es_MX\" \/>\n<meta property=\"og:type\" content=\"article\" \/>\n<meta property=\"og:title\" content=\"Term\u00f3metro de cocci\u00f3n caliente - fr\u00edo Modelo 26003 - Abaa tienda online\" \/>\n<meta property=\"og:description\" content=\"Caracter\u00edsticas   Totalmente automatizado tiempo\/temperatura monitorea el enfriamiento de los alimentos   Ajustes en 3 zonas programables de tiempo\/temperatura  Confirma en menos de 6 horas el enfriamiento total de tiempo para la seguridad alimentaria y el cumplimiento con FDA C\u00f3digo 3-501.14 (A, B)  Alarma ac\u00fastica, si la comida excede el tiempo en la zona de temperatura de peligro    Nueva funci\u00f3n de &quot;Auto-Calibraci\u00f3n&quot;   Usa la soluci\u00f3n de referencia del ba\u00f1o de hielo    Cuenta el tiempo hacia atr\u00e1s o adelante para cocinar y enfriar  Alarmas audibles para notificaci\u00f3n PASA \/ FALLO y la operaci\u00f3n sin atenci\u00f3n  F\u00e1cil de limpiar, Teflon\u00a0 resistente al calor y cable de la sonda a prueba de agua  Herramienta en cumplimiento con HACCP  Incluye soporte de montaje extra\u00edble\" \/>\n<meta property=\"og:url\" content=\"https:\/\/abaa.mx\/tienda\/termometro-de-coccion-caliente-frio-modelo-26003\/\" \/>\n<meta property=\"og:site_name\" content=\"Abaa tienda online\" \/>\n<meta property=\"article:modified_time\" content=\"2024-01-04T16:09:09+00:00\" \/>\n<meta property=\"og:image\" content=\"https:\/\/abaa.mx\/tienda\/wp-content\/uploads\/2023\/09\/26003.jpg\" \/>\n\t<meta property=\"og:image:width\" content=\"1000\" \/>\n\t<meta property=\"og:image:height\" content=\"667\" \/>\n\t<meta property=\"og:image:type\" content=\"image\/jpeg\" \/>\n<meta name=\"twitter:card\" content=\"summary_large_image\" \/>\n<meta name=\"twitter:label1\" content=\"Tiempo de lectura\" \/>\n\t<meta name=\"twitter:data1\" content=\"2 minutos\" \/>\n<script type=\"application\/ld+json\" class=\"yoast-schema-graph\">{\"@context\":\"https:\/\/schema.org\",\"@graph\":[{\"@type\":\"WebPage\",\"@id\":\"https:\/\/abaa.mx\/tienda\/termometro-de-coccion-caliente-frio-modelo-26003\/\",\"url\":\"https:\/\/abaa.mx\/tienda\/termometro-de-coccion-caliente-frio-modelo-26003\/\",\"name\":\"Term\u00f3metro de cocci\u00f3n caliente - fr\u00edo Modelo 26003 - Abaa tienda online\",\"isPartOf\":{\"@id\":\"https:\/\/abaa.mx\/tienda\/#website\"},\"primaryImageOfPage\":{\"@id\":\"https:\/\/abaa.mx\/tienda\/termometro-de-coccion-caliente-frio-modelo-26003\/#primaryimage\"},\"image\":{\"@id\":\"https:\/\/abaa.mx\/tienda\/termometro-de-coccion-caliente-frio-modelo-26003\/#primaryimage\"},\"thumbnailUrl\":\"https:\/\/abaa.mx\/tienda\/wp-content\/uploads\/2023\/09\/26003.jpg\",\"datePublished\":\"2023-09-14T20:55:00+00:00\",\"dateModified\":\"2024-01-04T16:09:09+00:00\",\"breadcrumb\":{\"@id\":\"https:\/\/abaa.mx\/tienda\/termometro-de-coccion-caliente-frio-modelo-26003\/#breadcrumb\"},\"inLanguage\":\"es\",\"potentialAction\":[{\"@type\":\"ReadAction\",\"target\":[\"https:\/\/abaa.mx\/tienda\/termometro-de-coccion-caliente-frio-modelo-26003\/\"]}]},{\"@type\":\"ImageObject\",\"inLanguage\":\"es\",\"@id\":\"https:\/\/abaa.mx\/tienda\/termometro-de-coccion-caliente-frio-modelo-26003\/#primaryimage\",\"url\":\"https:\/\/abaa.mx\/tienda\/wp-content\/uploads\/2023\/09\/26003.jpg\",\"contentUrl\":\"https:\/\/abaa.mx\/tienda\/wp-content\/uploads\/2023\/09\/26003.jpg\",\"width\":1000,\"height\":667,\"caption\":\"termometro-de-coccion-caliente-frio-modelo-26003\"},{\"@type\":\"BreadcrumbList\",\"@id\":\"https:\/\/abaa.mx\/tienda\/termometro-de-coccion-caliente-frio-modelo-26003\/#breadcrumb\",\"itemListElement\":[{\"@type\":\"ListItem\",\"position\":1,\"name\":\"Inicio\",\"item\":\"https:\/\/abaa.mx\/tienda\/\"},{\"@type\":\"ListItem\",\"position\":2,\"name\":\"Tienda\",\"item\":\"https:\/\/abaa.mx\/tienda\/\"},{\"@type\":\"ListItem\",\"position\":3,\"name\":\"Term\u00f3metro de cocci\u00f3n caliente &#8211; fr\u00edo Modelo 26003\"}]},{\"@type\":\"WebSite\",\"@id\":\"https:\/\/abaa.mx\/tienda\/#website\",\"url\":\"https:\/\/abaa.mx\/tienda\/\",\"name\":\"Abaa tienda online\",\"description\":\"Instrumentos de medici\u00f3n\",\"publisher\":{\"@id\":\"https:\/\/abaa.mx\/tienda\/#organization\"},\"potentialAction\":[{\"@type\":\"SearchAction\",\"target\":{\"@type\":\"EntryPoint\",\"urlTemplate\":\"https:\/\/abaa.mx\/tienda\/?s={search_term_string}\"},\"query-input\":{\"@type\":\"PropertyValueSpecification\",\"valueRequired\":true,\"valueName\":\"search_term_string\"}}],\"inLanguage\":\"es\"},{\"@type\":\"Organization\",\"@id\":\"https:\/\/abaa.mx\/tienda\/#organization\",\"name\":\"Abaa tienda online\",\"url\":\"https:\/\/abaa.mx\/tienda\/\",\"logo\":{\"@type\":\"ImageObject\",\"inLanguage\":\"es\",\"@id\":\"https:\/\/abaa.mx\/tienda\/#\/schema\/logo\/image\/\",\"url\":\"https:\/\/abaa.mx\/tienda\/wp-content\/uploads\/2024\/01\/abaa-metrologia-tienda.png\",\"contentUrl\":\"https:\/\/abaa.mx\/tienda\/wp-content\/uploads\/2024\/01\/abaa-metrologia-tienda.png\",\"width\":300,\"height\":141,\"caption\":\"Abaa tienda online\"},\"image\":{\"@id\":\"https:\/\/abaa.mx\/tienda\/#\/schema\/logo\/image\/\"}}]}<\/script>\n<!-- \/ Yoast SEO plugin. -->","yoast_head_json":{"title":"Term\u00f3metro de cocci\u00f3n caliente - fr\u00edo Modelo 26003 - Abaa tienda online","robots":{"index":"index","follow":"follow","max-snippet":"max-snippet:-1","max-image-preview":"max-image-preview:large","max-video-preview":"max-video-preview:-1"},"canonical":"https:\/\/abaa.mx\/tienda\/termometro-de-coccion-caliente-frio-modelo-26003\/","og_locale":"es_MX","og_type":"article","og_title":"Term\u00f3metro de cocci\u00f3n caliente - fr\u00edo Modelo 26003 - Abaa tienda online","og_description":"Caracter\u00edsticas   Totalmente automatizado tiempo\/temperatura monitorea el enfriamiento de los alimentos   Ajustes en 3 zonas programables de tiempo\/temperatura  Confirma en menos de 6 horas el enfriamiento total de tiempo para la seguridad alimentaria y el cumplimiento con FDA C\u00f3digo 3-501.14 (A, B)  Alarma ac\u00fastica, si la comida excede el tiempo en la zona de temperatura de peligro    Nueva funci\u00f3n de \"Auto-Calibraci\u00f3n\"   Usa la soluci\u00f3n de referencia del ba\u00f1o de hielo    Cuenta el tiempo hacia atr\u00e1s o adelante para cocinar y enfriar  Alarmas audibles para notificaci\u00f3n PASA \/ FALLO y la operaci\u00f3n sin atenci\u00f3n  F\u00e1cil de limpiar, Teflon\u00a0 resistente al calor y cable de la sonda a prueba de agua  Herramienta en cumplimiento con HACCP  Incluye soporte de montaje extra\u00edble","og_url":"https:\/\/abaa.mx\/tienda\/termometro-de-coccion-caliente-frio-modelo-26003\/","og_site_name":"Abaa tienda online","article_modified_time":"2024-01-04T16:09:09+00:00","og_image":[{"width":1000,"height":667,"url":"https:\/\/abaa.mx\/tienda\/wp-content\/uploads\/2023\/09\/26003.jpg","type":"image\/jpeg"}],"twitter_card":"summary_large_image","twitter_misc":{"Tiempo de lectura":"2 minutos"},"schema":{"@context":"https:\/\/schema.org","@graph":[{"@type":"WebPage","@id":"https:\/\/abaa.mx\/tienda\/termometro-de-coccion-caliente-frio-modelo-26003\/","url":"https:\/\/abaa.mx\/tienda\/termometro-de-coccion-caliente-frio-modelo-26003\/","name":"Term\u00f3metro de cocci\u00f3n caliente - fr\u00edo Modelo 26003 - Abaa tienda online","isPartOf":{"@id":"https:\/\/abaa.mx\/tienda\/#website"},"primaryImageOfPage":{"@id":"https:\/\/abaa.mx\/tienda\/termometro-de-coccion-caliente-frio-modelo-26003\/#primaryimage"},"image":{"@id":"https:\/\/abaa.mx\/tienda\/termometro-de-coccion-caliente-frio-modelo-26003\/#primaryimage"},"thumbnailUrl":"https:\/\/abaa.mx\/tienda\/wp-content\/uploads\/2023\/09\/26003.jpg","datePublished":"2023-09-14T20:55:00+00:00","dateModified":"2024-01-04T16:09:09+00:00","breadcrumb":{"@id":"https:\/\/abaa.mx\/tienda\/termometro-de-coccion-caliente-frio-modelo-26003\/#breadcrumb"},"inLanguage":"es","potentialAction":[{"@type":"ReadAction","target":["https:\/\/abaa.mx\/tienda\/termometro-de-coccion-caliente-frio-modelo-26003\/"]}]},{"@type":"ImageObject","inLanguage":"es","@id":"https:\/\/abaa.mx\/tienda\/termometro-de-coccion-caliente-frio-modelo-26003\/#primaryimage","url":"https:\/\/abaa.mx\/tienda\/wp-content\/uploads\/2023\/09\/26003.jpg","contentUrl":"https:\/\/abaa.mx\/tienda\/wp-content\/uploads\/2023\/09\/26003.jpg","width":1000,"height":667,"caption":"termometro-de-coccion-caliente-frio-modelo-26003"},{"@type":"BreadcrumbList","@id":"https:\/\/abaa.mx\/tienda\/termometro-de-coccion-caliente-frio-modelo-26003\/#breadcrumb","itemListElement":[{"@type":"ListItem","position":1,"name":"Inicio","item":"https:\/\/abaa.mx\/tienda\/"},{"@type":"ListItem","position":2,"name":"Tienda","item":"https:\/\/abaa.mx\/tienda\/"},{"@type":"ListItem","position":3,"name":"Term\u00f3metro de cocci\u00f3n caliente &#8211; fr\u00edo Modelo 26003"}]},{"@type":"WebSite","@id":"https:\/\/abaa.mx\/tienda\/#website","url":"https:\/\/abaa.mx\/tienda\/","name":"Abaa tienda online","description":"Instrumentos de medici\u00f3n","publisher":{"@id":"https:\/\/abaa.mx\/tienda\/#organization"},"potentialAction":[{"@type":"SearchAction","target":{"@type":"EntryPoint","urlTemplate":"https:\/\/abaa.mx\/tienda\/?s={search_term_string}"},"query-input":{"@type":"PropertyValueSpecification","valueRequired":true,"valueName":"search_term_string"}}],"inLanguage":"es"},{"@type":"Organization","@id":"https:\/\/abaa.mx\/tienda\/#organization","name":"Abaa tienda online","url":"https:\/\/abaa.mx\/tienda\/","logo":{"@type":"ImageObject","inLanguage":"es","@id":"https:\/\/abaa.mx\/tienda\/#\/schema\/logo\/image\/","url":"https:\/\/abaa.mx\/tienda\/wp-content\/uploads\/2024\/01\/abaa-metrologia-tienda.png","contentUrl":"https:\/\/abaa.mx\/tienda\/wp-content\/uploads\/2024\/01\/abaa-metrologia-tienda.png","width":300,"height":141,"caption":"Abaa tienda online"},"image":{"@id":"https:\/\/abaa.mx\/tienda\/#\/schema\/logo\/image\/"}}]}},"_links":{"self":[{"href":"https:\/\/abaa.mx\/tienda\/wp-json\/wp\/v2\/product\/1597","targetHints":{"allow":["GET"]}}],"collection":[{"href":"https:\/\/abaa.mx\/tienda\/wp-json\/wp\/v2\/product"}],"about":[{"href":"https:\/\/abaa.mx\/tienda\/wp-json\/wp\/v2\/types\/product"}],"replies":[{"embeddable":true,"href":"https:\/\/abaa.mx\/tienda\/wp-json\/wp\/v2\/comments?post=1597"}],"wp:featuredmedia":[{"embeddable":true,"href":"https:\/\/abaa.mx\/tienda\/wp-json\/wp\/v2\/media\/1601"}],"wp:attachment":[{"href":"https:\/\/abaa.mx\/tienda\/wp-json\/wp\/v2\/media?parent=1597"}],"wp:term":[{"taxonomy":"product_brand","embeddable":true,"href":"https:\/\/abaa.mx\/tienda\/wp-json\/wp\/v2\/product_brand?post=1597"},{"taxonomy":"product_cat","embeddable":true,"href":"https:\/\/abaa.mx\/tienda\/wp-json\/wp\/v2\/product_cat?post=1597"},{"taxonomy":"product_tag","embeddable":true,"href":"https:\/\/abaa.mx\/tienda\/wp-json\/wp\/v2\/product_tag?post=1597"}],"curies":[{"name":"wp","href":"https:\/\/api.w.org\/{rel}","templated":true}]}}