{"id":1586,"date":"2023-09-14T20:45:30","date_gmt":"2023-09-14T20:45:30","guid":{"rendered":"https:\/\/abaa.mx\/tienda\/?post_type=product&#038;p=1586"},"modified":"2023-09-14T20:45:30","modified_gmt":"2023-09-14T20:45:30","slug":"kit-de-termometro-de-termopar-resistente-flashcheck-modelo-25050-25051-25052","status":"publish","type":"product","link":"https:\/\/abaa.mx\/tienda\/kit-de-termometro-de-termopar-resistente-flashcheck-modelo-25050-25051-25052\/","title":{"rendered":"Kit de term\u00f3metro de termopar resistente flashcheck Modelo 25050, 25051, 25052"},"content":{"rendered":"<h1>Kit de term\u00f3metro de termopar resistente flashcheck<\/h1>\n<h3><strong>Modelo\u00a025050, 25051, 25052<\/strong><\/h3>\n<ul>\n<li>Robusto estuche de goma protectora.<\/li>\n<li>Ideal para el servicio de alimentos y los inspectores de control de calidad.<\/li>\n<li>Certificado por la NSF.<\/li>\n<li>Conmutable \u00b0F\/\u00b0C.<\/li>\n<li>Tres sondas tipo K intercambiables disponibles.<\/li>\n<li>Gran pantalla LCD.<\/li>\n<li>A prueba de salpicaduras (IP54).<\/li>\n<li><b>Aplicaciones:<\/b>\u00a0Servicio de alimentos, Inspecci\u00f3n de Control de Calidad\n<div class=\"prod-desc\">\n<p>El Term\u00f3metro Termopar Ruggy FlashCheck es utilizado por los profesionales de servicios de alimentos y de los inspectores de control de calidad para verificar las temperaturas de los alimentos y equipos a lo largo de la preparaci\u00f3n, el almacenamiento y el manejo de los alimentos. Tambi\u00e9n se puede utilizar desde el laboratorio a la planta de producci\u00f3n.<\/p>\n<p>El Term\u00f3metro Ruggy FlashCheck es una construcci\u00f3n robusta blindada para encerrar la unidad base. El Term\u00f3metro Ruggy FlashCheck le ofrece la m\u00e1xima durabilidad, versatilidad y protege la base de golpes o derrames.<\/p>\n<table class=\"plain\">\n<thead>\n<tr>\n<th>Modelo<\/th>\n<th>Especificaci\u00f3n<\/th>\n<\/tr>\n<\/thead>\n<tbody>\n<tr>\n<td><strong>Modelo 25050<\/strong><br \/>\n<img decoding=\"async\" src=\"https:\/\/www.deltatrak.com\/assets\/product-images\/25050_F.jpg\" alt=\"25050 Term\u00f3metro de termopar resistente FlashCheck\" \/><\/td>\n<td>Intervalo de medici\u00f3n:<br \/>\n-76\u00b0F to 752\u00b0F (-60\u00b0C to 400\u00b0C)<\/p>\n<ul>\n<li>Gran pantalla LCD<\/li>\n<li>Tipo de Sonda K a prueba de salpicaduras &#8211; IP54, certificado por la NSF<\/li>\n<li>Aplicable para alimentos de masas finas, como la carne de hamburguesas y nuggets de pollo. Use la punta de sonda reducida para una mayor durabilidad en lugar de la sonda de aguja.<\/li>\n<\/ul>\n<\/td>\n<\/tr>\n<tr>\n<td><strong>Modelo 25051<\/strong><br \/>\n<img decoding=\"async\" src=\"https:\/\/www.deltatrak.com\/assets\/product-images\/25051_F.jpg\" alt=\"25051 Term\u00f3metro de termopar resistente FlashCheck\" \/><\/td>\n<td>Intervalo de medici\u00f3n:<br \/>\n-76\u00b0F to 752\u00b0F (-60\u00b0C to 400\u00b0C)<\/p>\n<ul>\n<li>Gran pantalla LCD<\/li>\n<li>Tipo de sonda K a prueba de salpicaduras &#8211; IP54, certificado por la NSF<\/li>\n<li>Aplicable para la medici\u00f3n de temperaturas en una variedad de superficies. Utilice la sonda de superficie en parrillas o rejillas para garantizar que las temperaturas adecuadas de cocci\u00f3n se cumplan.<\/li>\n<\/ul>\n<\/td>\n<\/tr>\n<tr>\n<td><strong>Modelo 25052<\/strong><br \/>\n<img decoding=\"async\" src=\"https:\/\/www.deltatrak.com\/assets\/product-images\/25052_F.jpg\" alt=\"25052 Term\u00f3metro de termopar resistente FlashCheck\" \/><\/td>\n<td>Intervalo de medici\u00f3n:<br \/>\n-76\u00b0F to 1112\u00b0F (-60\u00b0C to 600\u00b0C)<\/p>\n<ul>\n<li>Gran pantalla LCD<\/li>\n<li>Sonda tipo K a prueba de salpicaduras &#8211; IP54, certificado por la NSF<\/li>\n<li>Aplicable para la medici\u00f3n de masas finas de comida y penetraci\u00f3n poco profunda. Utilice la sonda de aguja para medir la temperatura de alimentos blandos, alimentos, productos de masa fina delicadas (uvas), y l\u00edquidos.<\/li>\n<\/ul>\n<\/td>\n<\/tr>\n<\/tbody>\n<\/table>\n<p>&nbsp;<\/p>\n<table>\n<caption>Modelo 25003 Term\u00f3metro Termopar<\/caption>\n<thead>\n<tr>\n<th scope=\"col\">Caracter\u00edstica<\/th>\n<th scope=\"col\">Especificaci\u00f3n<\/th>\n<\/tr>\n<\/thead>\n<tfoot>\n<tr>\n<td colspan=\"2\"><\/td>\n<\/tr>\n<\/tfoot>\n<tbody>\n<tr>\n<td>Intervalo de medici\u00f3n (sonda)<\/td>\n<td>-76\u00b0F a 1112\u00b0F (-60\u00b0C a 600\u00b0C), seg\u00fan la sonda<\/td>\n<\/tr>\n<tr>\n<td>Intervalo de operaci\u00f3n (unidad base)<\/td>\n<td>32 a 122\u00b0F (0 a 50\u00b0C)<\/td>\n<\/tr>\n<tr>\n<td>Resoluci\u00f3n de la pantalla<\/td>\n<td>0.1\u00b0F\/\u00b0C 33.6 a 391.8\u00b0F (-9.9 a 199.9\u00b0C), 1.0\u00b0F\/\u00b0C encima 391.9\u00b0F (200\u00b0C)<\/td>\n<\/tr>\n<tr>\n<td>Precisi\u00f3n<\/td>\n<td>\u00b11% de la lectura o 1.8\u00b0F (1\u00b0C) lo que sea mayor, de -4\u00b0F a 284\u00b0F (-20\u00b0C a 140\u00b0C). De otra manera 2% de la lectura.<\/td>\n<\/tr>\n<tr>\n<td>Vida de la bater\u00eda<\/td>\n<td>CR2032 pila de litio \/100 horas de uso continuo<\/td>\n<\/tr>\n<tr>\n<td>Dimensiones del cuerpo<\/td>\n<td>3 x 1,7 x 0,8 pulgadas (78 x 42 x 20 mm)<\/td>\n<\/tr>\n<tr>\n<td>Peso<\/td>\n<td>1.42 oz. (40.15 gramos) incluye la bater\u00eda<\/td>\n<\/tr>\n<tr>\n<td>Certificaci\u00f3n<\/td>\n<td>Marca CE, NSF<\/td>\n<\/tr>\n<tr>\n<td>Clasificaci\u00f3n IP<\/td>\n<td>IP54 a prueba de salpicaduras<\/td>\n<\/tr>\n<\/tbody>\n<\/table>\n<\/div>\n<\/li>\n<\/ul>\n","protected":false},"excerpt":{"rendered":"<h3><strong>Caracter\u00edsticas\u00a0<\/strong><\/h3>\n<ul>\n<li>Robusto estuche de goma protectora.<\/li>\n<li>Ideal para el servicio de alimentos y los inspectores de control de calidad.<\/li>\n<li>Certificado por la NSF.<\/li>\n<li>Conmutable \u00b0F\/\u00b0C.<\/li>\n<li>Tres sondas tipo K intercambiables disponibles.<\/li>\n<li>Gran pantalla LCD.<\/li>\n<li>A prueba de salpicaduras (IP54).<\/li>\n<\/ul>\n","protected":false},"featured_media":1595,"comment_status":"open","ping_status":"closed","template":"","meta":{"_joinchat":[]},"product_brand":[],"product_cat":[15],"product_tag":[],"class_list":{"0":"post-1586","1":"product","2":"type-product","3":"status-publish","4":"has-post-thumbnail","6":"product_cat-sin-categorizar","8":"first","9":"instock","10":"shipping-taxable","11":"product-type-simple"},"yoast_head":"<!-- This site is optimized with the Yoast SEO plugin v26.4 - https:\/\/yoast.com\/wordpress\/plugins\/seo\/ -->\n<title>Kit de term\u00f3metro de termopar resistente flashcheck Modelo 25050, 25051, 25052 - Abaa tienda online<\/title>\n<meta name=\"robots\" content=\"index, follow, max-snippet:-1, max-image-preview:large, max-video-preview:-1\" \/>\n<link rel=\"canonical\" href=\"https:\/\/abaa.mx\/tienda\/kit-de-termometro-de-termopar-resistente-flashcheck-modelo-25050-25051-25052\/\" \/>\n<meta property=\"og:locale\" content=\"es_MX\" \/>\n<meta property=\"og:type\" content=\"article\" \/>\n<meta property=\"og:title\" content=\"Kit de term\u00f3metro de termopar resistente flashcheck Modelo 25050, 25051, 25052 - Abaa tienda online\" \/>\n<meta property=\"og:description\" content=\"Caracter\u00edsticas\u00a0   Robusto estuche de goma protectora.  Ideal para el servicio de alimentos y los inspectores de control de calidad.  Certificado por la NSF.  Conmutable \u00b0F\/\u00b0C.  Tres sondas tipo K intercambiables disponibles.  Gran pantalla LCD.  A prueba de salpicaduras (IP54).\" \/>\n<meta property=\"og:url\" content=\"https:\/\/abaa.mx\/tienda\/kit-de-termometro-de-termopar-resistente-flashcheck-modelo-25050-25051-25052\/\" \/>\n<meta property=\"og:site_name\" content=\"Abaa tienda online\" \/>\n<meta property=\"og:image\" content=\"https:\/\/abaa.mx\/tienda\/wp-content\/uploads\/2023\/09\/25050-25051-25052-1.jpg\" \/>\n\t<meta property=\"og:image:width\" content=\"800\" \/>\n\t<meta property=\"og:image:height\" content=\"800\" \/>\n\t<meta property=\"og:image:type\" content=\"image\/jpeg\" \/>\n<meta name=\"twitter:card\" content=\"summary_large_image\" \/>\n<meta name=\"twitter:label1\" content=\"Tiempo de lectura\" \/>\n\t<meta name=\"twitter:data1\" content=\"3 minutos\" \/>\n<script type=\"application\/ld+json\" class=\"yoast-schema-graph\">{\"@context\":\"https:\/\/schema.org\",\"@graph\":[{\"@type\":\"WebPage\",\"@id\":\"https:\/\/abaa.mx\/tienda\/kit-de-termometro-de-termopar-resistente-flashcheck-modelo-25050-25051-25052\/\",\"url\":\"https:\/\/abaa.mx\/tienda\/kit-de-termometro-de-termopar-resistente-flashcheck-modelo-25050-25051-25052\/\",\"name\":\"Kit de term\u00f3metro de termopar resistente flashcheck Modelo 25050, 25051, 25052 - Abaa tienda online\",\"isPartOf\":{\"@id\":\"https:\/\/abaa.mx\/tienda\/#website\"},\"primaryImageOfPage\":{\"@id\":\"https:\/\/abaa.mx\/tienda\/kit-de-termometro-de-termopar-resistente-flashcheck-modelo-25050-25051-25052\/#primaryimage\"},\"image\":{\"@id\":\"https:\/\/abaa.mx\/tienda\/kit-de-termometro-de-termopar-resistente-flashcheck-modelo-25050-25051-25052\/#primaryimage\"},\"thumbnailUrl\":\"https:\/\/abaa.mx\/tienda\/wp-content\/uploads\/2023\/09\/25050-25051-25052-1.jpg\",\"datePublished\":\"2023-09-14T20:45:30+00:00\",\"breadcrumb\":{\"@id\":\"https:\/\/abaa.mx\/tienda\/kit-de-termometro-de-termopar-resistente-flashcheck-modelo-25050-25051-25052\/#breadcrumb\"},\"inLanguage\":\"es\",\"potentialAction\":[{\"@type\":\"ReadAction\",\"target\":[\"https:\/\/abaa.mx\/tienda\/kit-de-termometro-de-termopar-resistente-flashcheck-modelo-25050-25051-25052\/\"]}]},{\"@type\":\"ImageObject\",\"inLanguage\":\"es\",\"@id\":\"https:\/\/abaa.mx\/tienda\/kit-de-termometro-de-termopar-resistente-flashcheck-modelo-25050-25051-25052\/#primaryimage\",\"url\":\"https:\/\/abaa.mx\/tienda\/wp-content\/uploads\/2023\/09\/25050-25051-25052-1.jpg\",\"contentUrl\":\"https:\/\/abaa.mx\/tienda\/wp-content\/uploads\/2023\/09\/25050-25051-25052-1.jpg\",\"width\":800,\"height\":800,\"caption\":\"kit-de-termometro-de-termopar-resistente-flashcheck-modelo-25050-25051-25052\"},{\"@type\":\"BreadcrumbList\",\"@id\":\"https:\/\/abaa.mx\/tienda\/kit-de-termometro-de-termopar-resistente-flashcheck-modelo-25050-25051-25052\/#breadcrumb\",\"itemListElement\":[{\"@type\":\"ListItem\",\"position\":1,\"name\":\"Inicio\",\"item\":\"https:\/\/abaa.mx\/tienda\/\"},{\"@type\":\"ListItem\",\"position\":2,\"name\":\"Tienda\",\"item\":\"https:\/\/abaa.mx\/tienda\/\"},{\"@type\":\"ListItem\",\"position\":3,\"name\":\"Kit de term\u00f3metro de termopar resistente flashcheck Modelo 25050, 25051, 25052\"}]},{\"@type\":\"WebSite\",\"@id\":\"https:\/\/abaa.mx\/tienda\/#website\",\"url\":\"https:\/\/abaa.mx\/tienda\/\",\"name\":\"Abaa tienda online\",\"description\":\"Instrumentos de medici\u00f3n\",\"publisher\":{\"@id\":\"https:\/\/abaa.mx\/tienda\/#organization\"},\"potentialAction\":[{\"@type\":\"SearchAction\",\"target\":{\"@type\":\"EntryPoint\",\"urlTemplate\":\"https:\/\/abaa.mx\/tienda\/?s={search_term_string}\"},\"query-input\":{\"@type\":\"PropertyValueSpecification\",\"valueRequired\":true,\"valueName\":\"search_term_string\"}}],\"inLanguage\":\"es\"},{\"@type\":\"Organization\",\"@id\":\"https:\/\/abaa.mx\/tienda\/#organization\",\"name\":\"Abaa tienda online\",\"url\":\"https:\/\/abaa.mx\/tienda\/\",\"logo\":{\"@type\":\"ImageObject\",\"inLanguage\":\"es\",\"@id\":\"https:\/\/abaa.mx\/tienda\/#\/schema\/logo\/image\/\",\"url\":\"https:\/\/abaa.mx\/tienda\/wp-content\/uploads\/2024\/01\/abaa-metrologia-tienda.png\",\"contentUrl\":\"https:\/\/abaa.mx\/tienda\/wp-content\/uploads\/2024\/01\/abaa-metrologia-tienda.png\",\"width\":300,\"height\":141,\"caption\":\"Abaa tienda online\"},\"image\":{\"@id\":\"https:\/\/abaa.mx\/tienda\/#\/schema\/logo\/image\/\"}}]}<\/script>\n<!-- \/ Yoast SEO plugin. -->","yoast_head_json":{"title":"Kit de term\u00f3metro de termopar resistente flashcheck Modelo 25050, 25051, 25052 - Abaa tienda online","robots":{"index":"index","follow":"follow","max-snippet":"max-snippet:-1","max-image-preview":"max-image-preview:large","max-video-preview":"max-video-preview:-1"},"canonical":"https:\/\/abaa.mx\/tienda\/kit-de-termometro-de-termopar-resistente-flashcheck-modelo-25050-25051-25052\/","og_locale":"es_MX","og_type":"article","og_title":"Kit de term\u00f3metro de termopar resistente flashcheck Modelo 25050, 25051, 25052 - Abaa tienda online","og_description":"Caracter\u00edsticas\u00a0   Robusto estuche de goma protectora.  Ideal para el servicio de alimentos y los inspectores de control de calidad.  Certificado por la NSF.  Conmutable \u00b0F\/\u00b0C.  Tres sondas tipo K intercambiables disponibles.  Gran pantalla LCD.  A prueba de salpicaduras (IP54).","og_url":"https:\/\/abaa.mx\/tienda\/kit-de-termometro-de-termopar-resistente-flashcheck-modelo-25050-25051-25052\/","og_site_name":"Abaa tienda online","og_image":[{"width":800,"height":800,"url":"https:\/\/abaa.mx\/tienda\/wp-content\/uploads\/2023\/09\/25050-25051-25052-1.jpg","type":"image\/jpeg"}],"twitter_card":"summary_large_image","twitter_misc":{"Tiempo de lectura":"3 minutos"},"schema":{"@context":"https:\/\/schema.org","@graph":[{"@type":"WebPage","@id":"https:\/\/abaa.mx\/tienda\/kit-de-termometro-de-termopar-resistente-flashcheck-modelo-25050-25051-25052\/","url":"https:\/\/abaa.mx\/tienda\/kit-de-termometro-de-termopar-resistente-flashcheck-modelo-25050-25051-25052\/","name":"Kit de term\u00f3metro de termopar resistente flashcheck Modelo 25050, 25051, 25052 - Abaa tienda online","isPartOf":{"@id":"https:\/\/abaa.mx\/tienda\/#website"},"primaryImageOfPage":{"@id":"https:\/\/abaa.mx\/tienda\/kit-de-termometro-de-termopar-resistente-flashcheck-modelo-25050-25051-25052\/#primaryimage"},"image":{"@id":"https:\/\/abaa.mx\/tienda\/kit-de-termometro-de-termopar-resistente-flashcheck-modelo-25050-25051-25052\/#primaryimage"},"thumbnailUrl":"https:\/\/abaa.mx\/tienda\/wp-content\/uploads\/2023\/09\/25050-25051-25052-1.jpg","datePublished":"2023-09-14T20:45:30+00:00","breadcrumb":{"@id":"https:\/\/abaa.mx\/tienda\/kit-de-termometro-de-termopar-resistente-flashcheck-modelo-25050-25051-25052\/#breadcrumb"},"inLanguage":"es","potentialAction":[{"@type":"ReadAction","target":["https:\/\/abaa.mx\/tienda\/kit-de-termometro-de-termopar-resistente-flashcheck-modelo-25050-25051-25052\/"]}]},{"@type":"ImageObject","inLanguage":"es","@id":"https:\/\/abaa.mx\/tienda\/kit-de-termometro-de-termopar-resistente-flashcheck-modelo-25050-25051-25052\/#primaryimage","url":"https:\/\/abaa.mx\/tienda\/wp-content\/uploads\/2023\/09\/25050-25051-25052-1.jpg","contentUrl":"https:\/\/abaa.mx\/tienda\/wp-content\/uploads\/2023\/09\/25050-25051-25052-1.jpg","width":800,"height":800,"caption":"kit-de-termometro-de-termopar-resistente-flashcheck-modelo-25050-25051-25052"},{"@type":"BreadcrumbList","@id":"https:\/\/abaa.mx\/tienda\/kit-de-termometro-de-termopar-resistente-flashcheck-modelo-25050-25051-25052\/#breadcrumb","itemListElement":[{"@type":"ListItem","position":1,"name":"Inicio","item":"https:\/\/abaa.mx\/tienda\/"},{"@type":"ListItem","position":2,"name":"Tienda","item":"https:\/\/abaa.mx\/tienda\/"},{"@type":"ListItem","position":3,"name":"Kit de term\u00f3metro de termopar resistente flashcheck Modelo 25050, 25051, 25052"}]},{"@type":"WebSite","@id":"https:\/\/abaa.mx\/tienda\/#website","url":"https:\/\/abaa.mx\/tienda\/","name":"Abaa tienda online","description":"Instrumentos de medici\u00f3n","publisher":{"@id":"https:\/\/abaa.mx\/tienda\/#organization"},"potentialAction":[{"@type":"SearchAction","target":{"@type":"EntryPoint","urlTemplate":"https:\/\/abaa.mx\/tienda\/?s={search_term_string}"},"query-input":{"@type":"PropertyValueSpecification","valueRequired":true,"valueName":"search_term_string"}}],"inLanguage":"es"},{"@type":"Organization","@id":"https:\/\/abaa.mx\/tienda\/#organization","name":"Abaa tienda online","url":"https:\/\/abaa.mx\/tienda\/","logo":{"@type":"ImageObject","inLanguage":"es","@id":"https:\/\/abaa.mx\/tienda\/#\/schema\/logo\/image\/","url":"https:\/\/abaa.mx\/tienda\/wp-content\/uploads\/2024\/01\/abaa-metrologia-tienda.png","contentUrl":"https:\/\/abaa.mx\/tienda\/wp-content\/uploads\/2024\/01\/abaa-metrologia-tienda.png","width":300,"height":141,"caption":"Abaa tienda online"},"image":{"@id":"https:\/\/abaa.mx\/tienda\/#\/schema\/logo\/image\/"}}]}},"_links":{"self":[{"href":"https:\/\/abaa.mx\/tienda\/wp-json\/wp\/v2\/product\/1586","targetHints":{"allow":["GET"]}}],"collection":[{"href":"https:\/\/abaa.mx\/tienda\/wp-json\/wp\/v2\/product"}],"about":[{"href":"https:\/\/abaa.mx\/tienda\/wp-json\/wp\/v2\/types\/product"}],"replies":[{"embeddable":true,"href":"https:\/\/abaa.mx\/tienda\/wp-json\/wp\/v2\/comments?post=1586"}],"wp:featuredmedia":[{"embeddable":true,"href":"https:\/\/abaa.mx\/tienda\/wp-json\/wp\/v2\/media\/1595"}],"wp:attachment":[{"href":"https:\/\/abaa.mx\/tienda\/wp-json\/wp\/v2\/media?parent=1586"}],"wp:term":[{"taxonomy":"product_brand","embeddable":true,"href":"https:\/\/abaa.mx\/tienda\/wp-json\/wp\/v2\/product_brand?post=1586"},{"taxonomy":"product_cat","embeddable":true,"href":"https:\/\/abaa.mx\/tienda\/wp-json\/wp\/v2\/product_cat?post=1586"},{"taxonomy":"product_tag","embeddable":true,"href":"https:\/\/abaa.mx\/tienda\/wp-json\/wp\/v2\/product_tag?post=1586"}],"curies":[{"name":"wp","href":"https:\/\/api.w.org\/{rel}","templated":true}]}}