{"id":1572,"date":"2023-09-14T20:24:36","date_gmt":"2023-09-14T20:24:36","guid":{"rendered":"https:\/\/abaa.mx\/tienda\/?post_type=product&#038;p=1572"},"modified":"2023-09-14T20:24:36","modified_gmt":"2023-09-14T20:24:36","slug":"flashcheck-tct-kit-de-termometro-de-termopar-digital-modelo-25002","status":"publish","type":"product","link":"https:\/\/abaa.mx\/tienda\/flashcheck-tct-kit-de-termometro-de-termopar-digital-modelo-25002\/","title":{"rendered":"Flashcheck tct kit de term\u00f3metro de termopar digital Modelo 25002"},"content":{"rendered":"<h1>Flashcheck\u00a0tct kit de term\u00f3metro de termopar digital<\/h1>\n<h3><strong>Modelo\u00a025002<\/strong><\/h3>\n<ul>\n<li>Ideal para el servicio de alimentos y los inspectores de control de calidad.<\/li>\n<li>Certificado por la NSF.<\/li>\n<li>Intercambiable \u00b0F\/\u00b0C.<\/li>\n<li>Cinco sondas tipo K intercambiables disponibles.<\/li>\n<li>Gran pantalla LCD.<\/li>\n<li>A prueba de salpicaduras (IP54).<\/li>\n<li><b>Aplicaciones:<\/b> Servicio de alimentos, Inspecci\u00f3n de Control de Calidad.<\/li>\n<\/ul>\n<p>El Kit de Term\u00f3metro Digital Termopar, Modelo 25002 es una gama m\u00e1s amplia de instrumentos, de mano utilizados por los profesionales de servicios de alimentos y de los inspectores de control de calidad para verificar las temperaturas de los alimentos y equipos a lo largo de la preparaci\u00f3n, el almacenamiento y la manipulaci\u00f3n de los alimentos. El kit de TCT le da una m\u00e1xima durabilidad y la versatilidad que se puede utilizar en una variedad de situaciones.<\/p>\n<p>El kit de term\u00f3metro digital termopar, Modelo 25002 incluye una funda de pl\u00e1stico resistente, 5 sondas intercambiables tipo K, un cable de extensi\u00f3n, y la unidad base term\u00f3metro termopar.<\/p>\n<table class=\"plain\" style=\"height: 2022px;\" width=\"583\">\n<caption>Modelo 25002 Termopar Term\u00f3metro Componentes<\/caption>\n<thead>\n<tr>\n<th scope=\"col\">Modelo<\/th>\n<th scope=\"col\">Sonda<\/th>\n<th scope=\"col\">Rango de temperatura<\/th>\n<\/tr>\n<\/thead>\n<tfoot>\n<tr>\n<td colspan=\"3\">Los term\u00f3metros y sondas tambi\u00e9n estan disponibles individualmente. El usuario debe elegir el tipo adecuado de sonda para las diferentes aplicaciones. Aseg\u00farese de que el objetivo a ser medido no deber\u00e1 exceder la gama de temperatura de la sonda para evitar da\u00f1os permanentes a la sonda de termopar.<\/td>\n<\/tr>\n<\/tfoot>\n<tbody>\n<tr>\n<td>25004 &#8211; Sonda de Superficie<\/td>\n<td><img loading=\"lazy\" decoding=\"async\" src=\"https:\/\/www.deltatrak.com\/assets\/product-images\/25004.jpg\" alt=\"25004 Sonda de superficie del term\u00f3metro de termopar digital\" width=\"303\" height=\"73\" \/><span>\u00a0Aplicable para la medici\u00f3n de temperaturas en una variedad de superficies. Utilice la sonda de superficie en parrillas o rejillas para garantizar que se cumplan las temperaturas adecuadas de cocci\u00f3n.<\/span><\/td>\n<td>-76\u00b0F a 752\u00b0F (-60\u00b0C a 400\u00b0C)<\/td>\n<\/tr>\n<tr>\n<td>25005 &#8211; Sonda Aire\/Gas<\/td>\n<td><img decoding=\"async\" src=\"https:\/\/www.deltatrak.com\/assets\/product-images\/25005.jpg\" alt=\"25005 Term\u00f3metro de termopar digital Sonda de gas de aire\" \/><span>\u00a0Aplicable para la medici\u00f3n de la temperatura del aire. Utilice la sonda de aire \/ gas para controlar hornos, hornillas de la cocina o el congelador.<\/span><\/td>\n<td>-76\u00b0F a 1652\u00b0F (-60\u00b0C a 900\u00b0C)<\/td>\n<\/tr>\n<tr>\n<td>25006 &#8211; Sonda de penetraci\u00f3n<\/td>\n<td><img decoding=\"async\" src=\"https:\/\/www.deltatrak.com\/assets\/product-images\/25006.jpg\" alt=\"25006 Sonda de penetraci\u00f3n del term\u00f3metro de termopar digital\" \/><span>\u00a0Aplicable para la medici\u00f3n de carnes s\u00f3lidas o semi-s\u00f3lidas y alimentos congelados. Cualquier cosa que est\u00e9 congelada no se puede penetrar sin antes ser perforada. Utilice la sonda de penetraci\u00f3n para trabajo pesado y en la exploraci\u00f3n m\u00e1s profunda.<\/span><\/td>\n<td>-76\u00b0F a 1112\u00b0F (-60\u00b0C a 600\u00b0C)<\/td>\n<\/tr>\n<tr>\n<td>25007- Punta reducida<\/td>\n<td><img decoding=\"async\" src=\"https:\/\/www.deltatrak.com\/assets\/product-images\/25007.jpg\" alt=\"25007 Term\u00f3metro de termopar digital Sonda de punta reducida\" \/><span>\u00a0Aplicable para la medici\u00f3n de alimentos de masa delgada como las hamburguesas y nuggets de pollo. Use la punta de sonda reducida para una mayor durabilidad que la sonda de aguja.<\/span><\/td>\n<td>-76\u00b0F a 752\u00b0F (-60\u00b0C a 400\u00b0C)<\/td>\n<\/tr>\n<tr>\n<td>25008- sonda de aguja<\/td>\n<td><img decoding=\"async\" src=\"https:\/\/www.deltatrak.com\/assets\/product-images\/25008.jpg\" alt=\"25008 Sonda de aguja de term\u00f3metro de termopar digital\" \/><span>\u00a0Aplicable para la medici\u00f3n de l\u00edquidos y semis\u00f3lidos suaves. Tambi\u00e9n puede utilizar la sonda de aguja para medir la temperatura de los alimentos de masas finas tales como filetes de pescado y uvas.<\/span><\/td>\n<td>-76\u00b0F a 752\u00b0F (-60\u00b0C a 400\u00b0C)<\/td>\n<\/tr>\n<tr>\n<td>25003 &#8211; Term\u00f3metro termopar, unidad de base<\/td>\n<td style=\"padding-left: 40px;\"><img loading=\"lazy\" decoding=\"async\" class=\"\" src=\"https:\/\/www.deltatrak.com\/assets\/product-images\/25003_F.jpg\" alt=\"25003 Unidad base de term\u00f3metro de termopar digital\" width=\"144\" height=\"234\" \/><\/td>\n<td><\/td>\n<\/tr>\n<tr>\n<td style=\"padding-left: 40px;\">25013 &#8211; Cable de Extensi\u00f3n<\/td>\n<\/tr>\n<\/tbody>\n<\/table>\n","protected":false},"excerpt":{"rendered":"<h3><strong>Caracter\u00edsticas<\/strong><\/h3>\n<ul>\n<li>Ideal para el servicio de alimentos y los inspectores de control de calidad.<\/li>\n<li>Certificado por la NSF.<\/li>\n<li>Intercambiable \u00b0F\/\u00b0C.<\/li>\n<li>Cinco sondas tipo K intercambiables disponibles.<\/li>\n<li>Gran pantalla LCD.<\/li>\n<li>A prueba de salpicaduras (IP54).<\/li>\n<\/ul>\n","protected":false},"featured_media":1584,"comment_status":"open","ping_status":"closed","template":"","meta":{"_joinchat":[]},"product_brand":[],"product_cat":[15],"product_tag":[],"class_list":{"0":"post-1572","1":"product","2":"type-product","3":"status-publish","4":"has-post-thumbnail","6":"product_cat-sin-categorizar","8":"first","9":"instock","10":"shipping-taxable","11":"product-type-simple"},"yoast_head":"<!-- This site is optimized with the Yoast SEO plugin v26.4 - https:\/\/yoast.com\/wordpress\/plugins\/seo\/ -->\n<title>Flashcheck tct kit de term\u00f3metro de termopar digital Modelo 25002 - Abaa tienda online<\/title>\n<meta name=\"robots\" content=\"index, follow, max-snippet:-1, max-image-preview:large, max-video-preview:-1\" \/>\n<link rel=\"canonical\" href=\"https:\/\/abaa.mx\/tienda\/flashcheck-tct-kit-de-termometro-de-termopar-digital-modelo-25002\/\" \/>\n<meta property=\"og:locale\" content=\"es_MX\" \/>\n<meta property=\"og:type\" content=\"article\" \/>\n<meta property=\"og:title\" content=\"Flashcheck tct kit de term\u00f3metro de termopar digital Modelo 25002 - Abaa tienda online\" \/>\n<meta property=\"og:description\" content=\"Caracter\u00edsticas   Ideal para el servicio de alimentos y los inspectores de control de calidad.  Certificado por la NSF.  Intercambiable \u00b0F\/\u00b0C.  Cinco sondas tipo K intercambiables disponibles.  Gran pantalla LCD.  A prueba de salpicaduras (IP54).\" \/>\n<meta property=\"og:url\" content=\"https:\/\/abaa.mx\/tienda\/flashcheck-tct-kit-de-termometro-de-termopar-digital-modelo-25002\/\" \/>\n<meta property=\"og:site_name\" content=\"Abaa tienda online\" \/>\n<meta property=\"og:image\" content=\"https:\/\/abaa.mx\/tienda\/wp-content\/uploads\/2023\/09\/25002.jpg\" \/>\n\t<meta property=\"og:image:width\" content=\"1000\" \/>\n\t<meta property=\"og:image:height\" content=\"704\" \/>\n\t<meta property=\"og:image:type\" content=\"image\/jpeg\" \/>\n<meta name=\"twitter:card\" content=\"summary_large_image\" \/>\n<meta name=\"twitter:label1\" content=\"Tiempo de lectura\" \/>\n\t<meta name=\"twitter:data1\" content=\"4 minutos\" \/>\n<script type=\"application\/ld+json\" class=\"yoast-schema-graph\">{\"@context\":\"https:\/\/schema.org\",\"@graph\":[{\"@type\":\"WebPage\",\"@id\":\"https:\/\/abaa.mx\/tienda\/flashcheck-tct-kit-de-termometro-de-termopar-digital-modelo-25002\/\",\"url\":\"https:\/\/abaa.mx\/tienda\/flashcheck-tct-kit-de-termometro-de-termopar-digital-modelo-25002\/\",\"name\":\"Flashcheck tct kit de term\u00f3metro de termopar digital Modelo 25002 - Abaa tienda online\",\"isPartOf\":{\"@id\":\"https:\/\/abaa.mx\/tienda\/#website\"},\"primaryImageOfPage\":{\"@id\":\"https:\/\/abaa.mx\/tienda\/flashcheck-tct-kit-de-termometro-de-termopar-digital-modelo-25002\/#primaryimage\"},\"image\":{\"@id\":\"https:\/\/abaa.mx\/tienda\/flashcheck-tct-kit-de-termometro-de-termopar-digital-modelo-25002\/#primaryimage\"},\"thumbnailUrl\":\"https:\/\/abaa.mx\/tienda\/wp-content\/uploads\/2023\/09\/25002.jpg\",\"datePublished\":\"2023-09-14T20:24:36+00:00\",\"breadcrumb\":{\"@id\":\"https:\/\/abaa.mx\/tienda\/flashcheck-tct-kit-de-termometro-de-termopar-digital-modelo-25002\/#breadcrumb\"},\"inLanguage\":\"es\",\"potentialAction\":[{\"@type\":\"ReadAction\",\"target\":[\"https:\/\/abaa.mx\/tienda\/flashcheck-tct-kit-de-termometro-de-termopar-digital-modelo-25002\/\"]}]},{\"@type\":\"ImageObject\",\"inLanguage\":\"es\",\"@id\":\"https:\/\/abaa.mx\/tienda\/flashcheck-tct-kit-de-termometro-de-termopar-digital-modelo-25002\/#primaryimage\",\"url\":\"https:\/\/abaa.mx\/tienda\/wp-content\/uploads\/2023\/09\/25002.jpg\",\"contentUrl\":\"https:\/\/abaa.mx\/tienda\/wp-content\/uploads\/2023\/09\/25002.jpg\",\"width\":1000,\"height\":704,\"caption\":\"flashcheck-tct-kit-de-termometro-de-termopar-digital-modelo-25002\"},{\"@type\":\"BreadcrumbList\",\"@id\":\"https:\/\/abaa.mx\/tienda\/flashcheck-tct-kit-de-termometro-de-termopar-digital-modelo-25002\/#breadcrumb\",\"itemListElement\":[{\"@type\":\"ListItem\",\"position\":1,\"name\":\"Inicio\",\"item\":\"https:\/\/abaa.mx\/tienda\/\"},{\"@type\":\"ListItem\",\"position\":2,\"name\":\"Tienda\",\"item\":\"https:\/\/abaa.mx\/tienda\/\"},{\"@type\":\"ListItem\",\"position\":3,\"name\":\"Flashcheck tct kit de term\u00f3metro de termopar digital Modelo 25002\"}]},{\"@type\":\"WebSite\",\"@id\":\"https:\/\/abaa.mx\/tienda\/#website\",\"url\":\"https:\/\/abaa.mx\/tienda\/\",\"name\":\"Abaa tienda online\",\"description\":\"Instrumentos de medici\u00f3n\",\"publisher\":{\"@id\":\"https:\/\/abaa.mx\/tienda\/#organization\"},\"potentialAction\":[{\"@type\":\"SearchAction\",\"target\":{\"@type\":\"EntryPoint\",\"urlTemplate\":\"https:\/\/abaa.mx\/tienda\/?s={search_term_string}\"},\"query-input\":{\"@type\":\"PropertyValueSpecification\",\"valueRequired\":true,\"valueName\":\"search_term_string\"}}],\"inLanguage\":\"es\"},{\"@type\":\"Organization\",\"@id\":\"https:\/\/abaa.mx\/tienda\/#organization\",\"name\":\"Abaa tienda online\",\"url\":\"https:\/\/abaa.mx\/tienda\/\",\"logo\":{\"@type\":\"ImageObject\",\"inLanguage\":\"es\",\"@id\":\"https:\/\/abaa.mx\/tienda\/#\/schema\/logo\/image\/\",\"url\":\"https:\/\/abaa.mx\/tienda\/wp-content\/uploads\/2024\/01\/abaa-metrologia-tienda.png\",\"contentUrl\":\"https:\/\/abaa.mx\/tienda\/wp-content\/uploads\/2024\/01\/abaa-metrologia-tienda.png\",\"width\":300,\"height\":141,\"caption\":\"Abaa tienda online\"},\"image\":{\"@id\":\"https:\/\/abaa.mx\/tienda\/#\/schema\/logo\/image\/\"}}]}<\/script>\n<!-- \/ Yoast SEO plugin. -->","yoast_head_json":{"title":"Flashcheck tct kit de term\u00f3metro de termopar digital Modelo 25002 - Abaa tienda online","robots":{"index":"index","follow":"follow","max-snippet":"max-snippet:-1","max-image-preview":"max-image-preview:large","max-video-preview":"max-video-preview:-1"},"canonical":"https:\/\/abaa.mx\/tienda\/flashcheck-tct-kit-de-termometro-de-termopar-digital-modelo-25002\/","og_locale":"es_MX","og_type":"article","og_title":"Flashcheck tct kit de term\u00f3metro de termopar digital Modelo 25002 - Abaa tienda online","og_description":"Caracter\u00edsticas   Ideal para el servicio de alimentos y los inspectores de control de calidad.  Certificado por la NSF.  Intercambiable \u00b0F\/\u00b0C.  Cinco sondas tipo K intercambiables disponibles.  Gran pantalla LCD.  A prueba de salpicaduras (IP54).","og_url":"https:\/\/abaa.mx\/tienda\/flashcheck-tct-kit-de-termometro-de-termopar-digital-modelo-25002\/","og_site_name":"Abaa tienda online","og_image":[{"width":1000,"height":704,"url":"https:\/\/abaa.mx\/tienda\/wp-content\/uploads\/2023\/09\/25002.jpg","type":"image\/jpeg"}],"twitter_card":"summary_large_image","twitter_misc":{"Tiempo de lectura":"4 minutos"},"schema":{"@context":"https:\/\/schema.org","@graph":[{"@type":"WebPage","@id":"https:\/\/abaa.mx\/tienda\/flashcheck-tct-kit-de-termometro-de-termopar-digital-modelo-25002\/","url":"https:\/\/abaa.mx\/tienda\/flashcheck-tct-kit-de-termometro-de-termopar-digital-modelo-25002\/","name":"Flashcheck tct kit de term\u00f3metro de termopar digital Modelo 25002 - Abaa tienda online","isPartOf":{"@id":"https:\/\/abaa.mx\/tienda\/#website"},"primaryImageOfPage":{"@id":"https:\/\/abaa.mx\/tienda\/flashcheck-tct-kit-de-termometro-de-termopar-digital-modelo-25002\/#primaryimage"},"image":{"@id":"https:\/\/abaa.mx\/tienda\/flashcheck-tct-kit-de-termometro-de-termopar-digital-modelo-25002\/#primaryimage"},"thumbnailUrl":"https:\/\/abaa.mx\/tienda\/wp-content\/uploads\/2023\/09\/25002.jpg","datePublished":"2023-09-14T20:24:36+00:00","breadcrumb":{"@id":"https:\/\/abaa.mx\/tienda\/flashcheck-tct-kit-de-termometro-de-termopar-digital-modelo-25002\/#breadcrumb"},"inLanguage":"es","potentialAction":[{"@type":"ReadAction","target":["https:\/\/abaa.mx\/tienda\/flashcheck-tct-kit-de-termometro-de-termopar-digital-modelo-25002\/"]}]},{"@type":"ImageObject","inLanguage":"es","@id":"https:\/\/abaa.mx\/tienda\/flashcheck-tct-kit-de-termometro-de-termopar-digital-modelo-25002\/#primaryimage","url":"https:\/\/abaa.mx\/tienda\/wp-content\/uploads\/2023\/09\/25002.jpg","contentUrl":"https:\/\/abaa.mx\/tienda\/wp-content\/uploads\/2023\/09\/25002.jpg","width":1000,"height":704,"caption":"flashcheck-tct-kit-de-termometro-de-termopar-digital-modelo-25002"},{"@type":"BreadcrumbList","@id":"https:\/\/abaa.mx\/tienda\/flashcheck-tct-kit-de-termometro-de-termopar-digital-modelo-25002\/#breadcrumb","itemListElement":[{"@type":"ListItem","position":1,"name":"Inicio","item":"https:\/\/abaa.mx\/tienda\/"},{"@type":"ListItem","position":2,"name":"Tienda","item":"https:\/\/abaa.mx\/tienda\/"},{"@type":"ListItem","position":3,"name":"Flashcheck tct kit de term\u00f3metro de termopar digital Modelo 25002"}]},{"@type":"WebSite","@id":"https:\/\/abaa.mx\/tienda\/#website","url":"https:\/\/abaa.mx\/tienda\/","name":"Abaa tienda online","description":"Instrumentos de medici\u00f3n","publisher":{"@id":"https:\/\/abaa.mx\/tienda\/#organization"},"potentialAction":[{"@type":"SearchAction","target":{"@type":"EntryPoint","urlTemplate":"https:\/\/abaa.mx\/tienda\/?s={search_term_string}"},"query-input":{"@type":"PropertyValueSpecification","valueRequired":true,"valueName":"search_term_string"}}],"inLanguage":"es"},{"@type":"Organization","@id":"https:\/\/abaa.mx\/tienda\/#organization","name":"Abaa tienda online","url":"https:\/\/abaa.mx\/tienda\/","logo":{"@type":"ImageObject","inLanguage":"es","@id":"https:\/\/abaa.mx\/tienda\/#\/schema\/logo\/image\/","url":"https:\/\/abaa.mx\/tienda\/wp-content\/uploads\/2024\/01\/abaa-metrologia-tienda.png","contentUrl":"https:\/\/abaa.mx\/tienda\/wp-content\/uploads\/2024\/01\/abaa-metrologia-tienda.png","width":300,"height":141,"caption":"Abaa tienda online"},"image":{"@id":"https:\/\/abaa.mx\/tienda\/#\/schema\/logo\/image\/"}}]}},"_links":{"self":[{"href":"https:\/\/abaa.mx\/tienda\/wp-json\/wp\/v2\/product\/1572","targetHints":{"allow":["GET"]}}],"collection":[{"href":"https:\/\/abaa.mx\/tienda\/wp-json\/wp\/v2\/product"}],"about":[{"href":"https:\/\/abaa.mx\/tienda\/wp-json\/wp\/v2\/types\/product"}],"replies":[{"embeddable":true,"href":"https:\/\/abaa.mx\/tienda\/wp-json\/wp\/v2\/comments?post=1572"}],"wp:featuredmedia":[{"embeddable":true,"href":"https:\/\/abaa.mx\/tienda\/wp-json\/wp\/v2\/media\/1584"}],"wp:attachment":[{"href":"https:\/\/abaa.mx\/tienda\/wp-json\/wp\/v2\/media?parent=1572"}],"wp:term":[{"taxonomy":"product_brand","embeddable":true,"href":"https:\/\/abaa.mx\/tienda\/wp-json\/wp\/v2\/product_brand?post=1572"},{"taxonomy":"product_cat","embeddable":true,"href":"https:\/\/abaa.mx\/tienda\/wp-json\/wp\/v2\/product_cat?post=1572"},{"taxonomy":"product_tag","embeddable":true,"href":"https:\/\/abaa.mx\/tienda\/wp-json\/wp\/v2\/product_tag?post=1572"}],"curies":[{"name":"wp","href":"https:\/\/api.w.org\/{rel}","templated":true}]}}