{"id":1569,"date":"2023-09-14T19:38:46","date_gmt":"2023-09-14T19:38:46","guid":{"rendered":"https:\/\/abaa.mx\/tienda\/?post_type=product&#038;p=1569"},"modified":"2023-09-14T19:38:47","modified_gmt":"2023-09-14T19:38:47","slug":"termometro-infrarrojo-en-linea-modelo-15201-15204","status":"publish","type":"product","link":"https:\/\/abaa.mx\/tienda\/termometro-infrarrojo-en-linea-modelo-15201-15204\/","title":{"rendered":"Term\u00f3metro infrarrojo en l\u00ednea Modelo 15201-15204"},"content":{"rendered":"<h3><strong>\u00a0<\/strong><\/h3>\n<h1>Term\u00f3metro infrarrojo en l\u00ednea<\/h1>\n<h3><strong>Modelo\u00a015201-15204<\/strong><\/h3>\n<ul>\n<li>Medici\u00f3n instant\u00e1nea de la temperatura de la superficie (sin contacto).<\/li>\n<li>Instrumento muy \u00fatil con productos en movimiento o en lugares de dif\u00edcil acceso.<\/li>\n<li>Cuenta con tecnolog\u00eda moderna de infrarrojo.<\/li>\n<li>El modelo 15201 y 15202 tienen un campo de visi\u00f3n de 6\/200mm<\/li>\n<li>El modelo 15203 y 15204 tienen un campo de visi\u00f3n de 33:1<\/li>\n<\/ul>\n<p><b>Aplicaciones:<\/b> L\u00edneas de Producci\u00f3n, Alimentos, Metal, Vidrio, Cer\u00e1mica, Caucho, Resina Sint\u00e9tica, Medicina, Petroqu\u00edmica, Automotriz, El\u00e9ctrica, Industrial.<\/p>\n<p>Una de sus caracter\u00edsticas m\u00e1s destacadas es la funci\u00f3n E-TEACH que ayuda con el ajuste autom\u00e1tico de la relaci\u00f3n de emisividad. Los term\u00f3metros infrarrojos online tienen 2 opciones de salida anal\u00f3gica: De tipo TV (1mV\/\u00b0C) que se conecta a dispositivos tales como un medidor de panel o el de tipo TA (4-20mA) para las transmisiones de larga distancia. Existe un collar opcional que limpia el aire y adapta la unidad a ambientes llenos de polvo.<\/p>\n<p>Aplicaciones: Intervalo desde la fabricaci\u00f3n de alimentos, metal, vidrio, cer\u00e1mica, caucho, resina sint\u00e9tica hasta usos m\u00e9dicos, petroqu\u00edmica, automotriz, el\u00e9ctrica e industrial.<\/p>\n<p>Los Term\u00f3metros Infrarrojos Online, modelos 15201-15204, est\u00e1n dise\u00f1ados espec\u00edficamente para su uso en la l\u00ednea de producci\u00f3n para medir con rapidez y precisi\u00f3n objetos en movimiento desde una distancia segura. Estos term\u00f3metros miden objetivos dentro de un intervalo de temperatura de 32 \u00b0F a 932 \u00b0F (0 \u00b0C a 500 \u00b0C) con una respuesta de 500 milisegundos a un nivel de precisi\u00f3n de \u00b11%.<\/p>\n<table class=\"text-center\">\n<thead>\n<tr>\n<th>Modelos<\/th>\n<th>15201<\/th>\n<th>15202<\/th>\n<th>15203<\/th>\n<th>15204<\/th>\n<\/tr>\n<\/thead>\n<tbody>\n<tr>\n<td>Campo de visi\u00f3n<\/td>\n<td colspan=\"2\">\u00d86 \/ 200mm<\/td>\n<td colspan=\"2\">\u00d830 \/ 1000mm<\/td>\n<\/tr>\n<tr>\n<td><span>Salida An\u00e1loga<\/span><\/td>\n<td>4-20mA<\/td>\n<td>1mV\/\u00b0C<\/td>\n<td>4-20mA<\/td>\n<td>1mV\/\u00b0C<\/td>\n<\/tr>\n<\/tbody>\n<\/table>\n<p>&nbsp;<\/p>\n<table>\n<caption>Modelo 15201-15204 Term\u00f3metro infrarrojo en l\u00ednea<\/caption>\n<thead>\n<tr>\n<th scope=\"col\">Caracter\u00edstica<\/th>\n<th colspan=\"4\" scope=\"col\">Especificaci\u00f3n<\/th>\n<\/tr>\n<\/thead>\n<tfoot>\n<tr>\n<td colspan=\"5\"><\/td>\n<\/tr>\n<\/tfoot>\n<tbody>\n<tr>\n<td><\/td>\n<td>15201<\/td>\n<td>15202<\/td>\n<td>15203<\/td>\n<td>15204<\/td>\n<\/tr>\n<tr>\n<td>Campo de visi\u00f3n<\/td>\n<td colspan=\"2\">\u00d86 \/ 200mm<\/td>\n<td colspan=\"2\">\u00d830 \/ 1000mm<\/td>\n<\/tr>\n<tr>\n<td>Salida An\u00e1loga<\/td>\n<td>4-20mA<\/td>\n<td>1mV\/\u00b0C<\/td>\n<td>4-20mA<\/td>\n<td>1mV\/\u00b0C<\/td>\n<\/tr>\n<tr>\n<td>Rango de temperatura<\/td>\n<td colspan=\"4\">32\u00b0F a 932\u00b0F (0\u00b0C a 500\u00b0C), monitoreo -4\u00b0F a 968\u00b0F (-20\u00b0C a 520\u00b0C)<\/td>\n<\/tr>\n<tr>\n<td>\u00d3ptica \/ Rango de espectro<\/td>\n<td colspan=\"4\">Lente de silic\u00f3n\/Termopila \/ 8 a 14 \u00b5m<\/td>\n<\/tr>\n<tr>\n<td>Precisi\u00f3n<\/td>\n<td colspan=\"4\">\u00b11% del valor de lectura o \u00b12\u00b0C, \u00b1 1 d\u00edgito, cual sea el mayor<\/td>\n<\/tr>\n<tr>\n<td>Resoluci\u00f3n de pantalla<\/td>\n<td colspan=\"4\">1\u00b0F\/ \u00b0C seleccionable<\/td>\n<\/tr>\n<tr>\n<td>Resoluci\u00f3n de salida<\/td>\n<td colspan=\"4\">0.2\u00b0F\/\u00b0C<\/td>\n<\/tr>\n<tr>\n<td>Velocidad de respuesta<\/td>\n<td colspan=\"4\">Menos de 1 segundo (100ms\/90%)<\/td>\n<\/tr>\n<tr>\n<td>M\u00e9todo de visi\u00f3n<\/td>\n<td colspan=\"4\">Marcador l\u00e1ser coaxial<\/td>\n<\/tr>\n<tr>\n<td>Repetibilidad<\/td>\n<td colspan=\"4\">\u00b12\u00b0F (\u00b11\u00b0C) del valor de lectura<\/td>\n<\/tr>\n<tr>\n<td>Emisividad<\/td>\n<td colspan=\"4\">0.10 a 1.20 (0.01\/1paso)<\/td>\n<\/tr>\n<tr>\n<td>Humedad ambiental<\/td>\n<td colspan=\"4\">35 a 85% RH (sin condensaci\u00f3n de roc\u00edo)<\/td>\n<\/tr>\n<tr>\n<td>Temperatura ambiental<\/td>\n<td colspan=\"4\">De 32 \u00b0C a 122 \u00b0C (de 0 \u00b0F a 50 \u00b0F)<\/td>\n<\/tr>\n<tr>\n<td>Clasificaci\u00f3n impermeable<\/td>\n<td colspan=\"4\">IP65<\/td>\n<\/tr>\n<tr>\n<td>Fuente de alimentaci\u00f3n<\/td>\n<td colspan=\"4\">DC12 a 24V\u00b110% \/ MAX 150mA<\/td>\n<\/tr>\n<tr>\n<td>Condiciones de almacenamiento<\/td>\n<td colspan=\"4\">14\u00b0F a 140\u00b0F (-10 a 60\u00b0C)<\/td>\n<\/tr>\n<tr>\n<td>Resistencia de vibracion<\/td>\n<td colspan=\"4\">3G (20 a 50Hz, seg\u00fan JIS CO 911)<\/td>\n<\/tr>\n<tr>\n<td>Pederasta<\/td>\n<td colspan=\"4\">12,35 onzas (350 g)<\/td>\n<\/tr>\n<tr>\n<td>Accesorio opcional<\/td>\n<td colspan=\"4\"><span>Collar de purga de aire (pida el producto 15205)<\/span><\/td>\n<\/tr>\n<\/tbody>\n<\/table>\n","protected":false},"excerpt":{"rendered":"<h3><strong>Caracteristicas\u00a0<\/strong><\/h3>\n<ul>\n<li>Medici\u00f3n instant\u00e1nea de la temperatura de la superficie (sin contacto).<\/li>\n<li>Instrumento muy \u00fatil con productos en movimiento o en lugares de dif\u00edcil acceso.<\/li>\n<li>Cuenta con tecnolog\u00eda moderna de infrarrojo.<\/li>\n<li>El modelo 15201 y 15202 tienen un campo de visi\u00f3n de 6\/200mm<\/li>\n<li>El modelo 15203 y 15204 tienen un campo de visi\u00f3n de 33:1<\/li>\n<\/ul>\n","protected":false},"featured_media":1571,"comment_status":"open","ping_status":"closed","template":"","meta":{"_joinchat":[]},"product_brand":[],"product_cat":[15],"product_tag":[],"class_list":{"0":"post-1569","1":"product","2":"type-product","3":"status-publish","4":"has-post-thumbnail","6":"product_cat-sin-categorizar","8":"first","9":"instock","10":"shipping-taxable","11":"product-type-simple"},"yoast_head":"<!-- This site is optimized with the Yoast SEO plugin v26.4 - https:\/\/yoast.com\/wordpress\/plugins\/seo\/ -->\n<title>Term\u00f3metro infrarrojo en l\u00ednea Modelo 15201-15204 - Abaa tienda online<\/title>\n<meta name=\"robots\" content=\"index, follow, max-snippet:-1, max-image-preview:large, max-video-preview:-1\" \/>\n<link rel=\"canonical\" href=\"https:\/\/abaa.mx\/tienda\/termometro-infrarrojo-en-linea-modelo-15201-15204\/\" \/>\n<meta property=\"og:locale\" content=\"es_MX\" \/>\n<meta property=\"og:type\" content=\"article\" \/>\n<meta property=\"og:title\" content=\"Term\u00f3metro infrarrojo en l\u00ednea Modelo 15201-15204 - Abaa tienda online\" \/>\n<meta property=\"og:description\" content=\"Caracteristicas\u00a0   Medici\u00f3n instant\u00e1nea de la temperatura de la superficie (sin contacto).  Instrumento muy \u00fatil con productos en movimiento o en lugares de dif\u00edcil acceso.  Cuenta con tecnolog\u00eda moderna de infrarrojo.  El modelo 15201 y 15202 tienen un campo de visi\u00f3n de 6\/200mm  El modelo 15203 y 15204 tienen un campo de visi\u00f3n de 33:1\" \/>\n<meta property=\"og:url\" content=\"https:\/\/abaa.mx\/tienda\/termometro-infrarrojo-en-linea-modelo-15201-15204\/\" \/>\n<meta property=\"og:site_name\" content=\"Abaa tienda online\" \/>\n<meta property=\"article:modified_time\" content=\"2023-09-14T19:38:47+00:00\" \/>\n<meta property=\"og:image\" content=\"https:\/\/abaa.mx\/tienda\/wp-content\/uploads\/2023\/09\/15201-15204.jpg\" \/>\n\t<meta property=\"og:image:width\" content=\"474\" \/>\n\t<meta property=\"og:image:height\" content=\"464\" \/>\n\t<meta property=\"og:image:type\" content=\"image\/jpeg\" \/>\n<meta name=\"twitter:card\" content=\"summary_large_image\" \/>\n<meta name=\"twitter:label1\" content=\"Tiempo de lectura\" \/>\n\t<meta name=\"twitter:data1\" content=\"2 minutos\" \/>\n<script type=\"application\/ld+json\" class=\"yoast-schema-graph\">{\"@context\":\"https:\/\/schema.org\",\"@graph\":[{\"@type\":\"WebPage\",\"@id\":\"https:\/\/abaa.mx\/tienda\/termometro-infrarrojo-en-linea-modelo-15201-15204\/\",\"url\":\"https:\/\/abaa.mx\/tienda\/termometro-infrarrojo-en-linea-modelo-15201-15204\/\",\"name\":\"Term\u00f3metro infrarrojo en l\u00ednea Modelo 15201-15204 - Abaa tienda online\",\"isPartOf\":{\"@id\":\"https:\/\/abaa.mx\/tienda\/#website\"},\"primaryImageOfPage\":{\"@id\":\"https:\/\/abaa.mx\/tienda\/termometro-infrarrojo-en-linea-modelo-15201-15204\/#primaryimage\"},\"image\":{\"@id\":\"https:\/\/abaa.mx\/tienda\/termometro-infrarrojo-en-linea-modelo-15201-15204\/#primaryimage\"},\"thumbnailUrl\":\"https:\/\/abaa.mx\/tienda\/wp-content\/uploads\/2023\/09\/15201-15204.jpg\",\"datePublished\":\"2023-09-14T19:38:46+00:00\",\"dateModified\":\"2023-09-14T19:38:47+00:00\",\"breadcrumb\":{\"@id\":\"https:\/\/abaa.mx\/tienda\/termometro-infrarrojo-en-linea-modelo-15201-15204\/#breadcrumb\"},\"inLanguage\":\"es\",\"potentialAction\":[{\"@type\":\"ReadAction\",\"target\":[\"https:\/\/abaa.mx\/tienda\/termometro-infrarrojo-en-linea-modelo-15201-15204\/\"]}]},{\"@type\":\"ImageObject\",\"inLanguage\":\"es\",\"@id\":\"https:\/\/abaa.mx\/tienda\/termometro-infrarrojo-en-linea-modelo-15201-15204\/#primaryimage\",\"url\":\"https:\/\/abaa.mx\/tienda\/wp-content\/uploads\/2023\/09\/15201-15204.jpg\",\"contentUrl\":\"https:\/\/abaa.mx\/tienda\/wp-content\/uploads\/2023\/09\/15201-15204.jpg\",\"width\":474,\"height\":464,\"caption\":\"termometro-infrarrojo-en-linea-modelo-15201-15204\"},{\"@type\":\"BreadcrumbList\",\"@id\":\"https:\/\/abaa.mx\/tienda\/termometro-infrarrojo-en-linea-modelo-15201-15204\/#breadcrumb\",\"itemListElement\":[{\"@type\":\"ListItem\",\"position\":1,\"name\":\"Inicio\",\"item\":\"https:\/\/abaa.mx\/tienda\/\"},{\"@type\":\"ListItem\",\"position\":2,\"name\":\"Tienda\",\"item\":\"https:\/\/abaa.mx\/tienda\/\"},{\"@type\":\"ListItem\",\"position\":3,\"name\":\"Term\u00f3metro infrarrojo en l\u00ednea Modelo 15201-15204\"}]},{\"@type\":\"WebSite\",\"@id\":\"https:\/\/abaa.mx\/tienda\/#website\",\"url\":\"https:\/\/abaa.mx\/tienda\/\",\"name\":\"Abaa tienda online\",\"description\":\"Instrumentos de medici\u00f3n\",\"publisher\":{\"@id\":\"https:\/\/abaa.mx\/tienda\/#organization\"},\"potentialAction\":[{\"@type\":\"SearchAction\",\"target\":{\"@type\":\"EntryPoint\",\"urlTemplate\":\"https:\/\/abaa.mx\/tienda\/?s={search_term_string}\"},\"query-input\":{\"@type\":\"PropertyValueSpecification\",\"valueRequired\":true,\"valueName\":\"search_term_string\"}}],\"inLanguage\":\"es\"},{\"@type\":\"Organization\",\"@id\":\"https:\/\/abaa.mx\/tienda\/#organization\",\"name\":\"Abaa tienda online\",\"url\":\"https:\/\/abaa.mx\/tienda\/\",\"logo\":{\"@type\":\"ImageObject\",\"inLanguage\":\"es\",\"@id\":\"https:\/\/abaa.mx\/tienda\/#\/schema\/logo\/image\/\",\"url\":\"https:\/\/abaa.mx\/tienda\/wp-content\/uploads\/2024\/01\/abaa-metrologia-tienda.png\",\"contentUrl\":\"https:\/\/abaa.mx\/tienda\/wp-content\/uploads\/2024\/01\/abaa-metrologia-tienda.png\",\"width\":300,\"height\":141,\"caption\":\"Abaa tienda online\"},\"image\":{\"@id\":\"https:\/\/abaa.mx\/tienda\/#\/schema\/logo\/image\/\"}}]}<\/script>\n<!-- \/ Yoast SEO plugin. -->","yoast_head_json":{"title":"Term\u00f3metro infrarrojo en l\u00ednea Modelo 15201-15204 - Abaa tienda online","robots":{"index":"index","follow":"follow","max-snippet":"max-snippet:-1","max-image-preview":"max-image-preview:large","max-video-preview":"max-video-preview:-1"},"canonical":"https:\/\/abaa.mx\/tienda\/termometro-infrarrojo-en-linea-modelo-15201-15204\/","og_locale":"es_MX","og_type":"article","og_title":"Term\u00f3metro infrarrojo en l\u00ednea Modelo 15201-15204 - Abaa tienda online","og_description":"Caracteristicas\u00a0   Medici\u00f3n instant\u00e1nea de la temperatura de la superficie (sin contacto).  Instrumento muy \u00fatil con productos en movimiento o en lugares de dif\u00edcil acceso.  Cuenta con tecnolog\u00eda moderna de infrarrojo.  El modelo 15201 y 15202 tienen un campo de visi\u00f3n de 6\/200mm  El modelo 15203 y 15204 tienen un campo de visi\u00f3n de 33:1","og_url":"https:\/\/abaa.mx\/tienda\/termometro-infrarrojo-en-linea-modelo-15201-15204\/","og_site_name":"Abaa tienda online","article_modified_time":"2023-09-14T19:38:47+00:00","og_image":[{"width":474,"height":464,"url":"https:\/\/abaa.mx\/tienda\/wp-content\/uploads\/2023\/09\/15201-15204.jpg","type":"image\/jpeg"}],"twitter_card":"summary_large_image","twitter_misc":{"Tiempo de lectura":"2 minutos"},"schema":{"@context":"https:\/\/schema.org","@graph":[{"@type":"WebPage","@id":"https:\/\/abaa.mx\/tienda\/termometro-infrarrojo-en-linea-modelo-15201-15204\/","url":"https:\/\/abaa.mx\/tienda\/termometro-infrarrojo-en-linea-modelo-15201-15204\/","name":"Term\u00f3metro infrarrojo en l\u00ednea Modelo 15201-15204 - Abaa tienda online","isPartOf":{"@id":"https:\/\/abaa.mx\/tienda\/#website"},"primaryImageOfPage":{"@id":"https:\/\/abaa.mx\/tienda\/termometro-infrarrojo-en-linea-modelo-15201-15204\/#primaryimage"},"image":{"@id":"https:\/\/abaa.mx\/tienda\/termometro-infrarrojo-en-linea-modelo-15201-15204\/#primaryimage"},"thumbnailUrl":"https:\/\/abaa.mx\/tienda\/wp-content\/uploads\/2023\/09\/15201-15204.jpg","datePublished":"2023-09-14T19:38:46+00:00","dateModified":"2023-09-14T19:38:47+00:00","breadcrumb":{"@id":"https:\/\/abaa.mx\/tienda\/termometro-infrarrojo-en-linea-modelo-15201-15204\/#breadcrumb"},"inLanguage":"es","potentialAction":[{"@type":"ReadAction","target":["https:\/\/abaa.mx\/tienda\/termometro-infrarrojo-en-linea-modelo-15201-15204\/"]}]},{"@type":"ImageObject","inLanguage":"es","@id":"https:\/\/abaa.mx\/tienda\/termometro-infrarrojo-en-linea-modelo-15201-15204\/#primaryimage","url":"https:\/\/abaa.mx\/tienda\/wp-content\/uploads\/2023\/09\/15201-15204.jpg","contentUrl":"https:\/\/abaa.mx\/tienda\/wp-content\/uploads\/2023\/09\/15201-15204.jpg","width":474,"height":464,"caption":"termometro-infrarrojo-en-linea-modelo-15201-15204"},{"@type":"BreadcrumbList","@id":"https:\/\/abaa.mx\/tienda\/termometro-infrarrojo-en-linea-modelo-15201-15204\/#breadcrumb","itemListElement":[{"@type":"ListItem","position":1,"name":"Inicio","item":"https:\/\/abaa.mx\/tienda\/"},{"@type":"ListItem","position":2,"name":"Tienda","item":"https:\/\/abaa.mx\/tienda\/"},{"@type":"ListItem","position":3,"name":"Term\u00f3metro infrarrojo en l\u00ednea Modelo 15201-15204"}]},{"@type":"WebSite","@id":"https:\/\/abaa.mx\/tienda\/#website","url":"https:\/\/abaa.mx\/tienda\/","name":"Abaa tienda online","description":"Instrumentos de medici\u00f3n","publisher":{"@id":"https:\/\/abaa.mx\/tienda\/#organization"},"potentialAction":[{"@type":"SearchAction","target":{"@type":"EntryPoint","urlTemplate":"https:\/\/abaa.mx\/tienda\/?s={search_term_string}"},"query-input":{"@type":"PropertyValueSpecification","valueRequired":true,"valueName":"search_term_string"}}],"inLanguage":"es"},{"@type":"Organization","@id":"https:\/\/abaa.mx\/tienda\/#organization","name":"Abaa tienda online","url":"https:\/\/abaa.mx\/tienda\/","logo":{"@type":"ImageObject","inLanguage":"es","@id":"https:\/\/abaa.mx\/tienda\/#\/schema\/logo\/image\/","url":"https:\/\/abaa.mx\/tienda\/wp-content\/uploads\/2024\/01\/abaa-metrologia-tienda.png","contentUrl":"https:\/\/abaa.mx\/tienda\/wp-content\/uploads\/2024\/01\/abaa-metrologia-tienda.png","width":300,"height":141,"caption":"Abaa tienda online"},"image":{"@id":"https:\/\/abaa.mx\/tienda\/#\/schema\/logo\/image\/"}}]}},"_links":{"self":[{"href":"https:\/\/abaa.mx\/tienda\/wp-json\/wp\/v2\/product\/1569","targetHints":{"allow":["GET"]}}],"collection":[{"href":"https:\/\/abaa.mx\/tienda\/wp-json\/wp\/v2\/product"}],"about":[{"href":"https:\/\/abaa.mx\/tienda\/wp-json\/wp\/v2\/types\/product"}],"replies":[{"embeddable":true,"href":"https:\/\/abaa.mx\/tienda\/wp-json\/wp\/v2\/comments?post=1569"}],"wp:featuredmedia":[{"embeddable":true,"href":"https:\/\/abaa.mx\/tienda\/wp-json\/wp\/v2\/media\/1571"}],"wp:attachment":[{"href":"https:\/\/abaa.mx\/tienda\/wp-json\/wp\/v2\/media?parent=1569"}],"wp:term":[{"taxonomy":"product_brand","embeddable":true,"href":"https:\/\/abaa.mx\/tienda\/wp-json\/wp\/v2\/product_brand?post=1569"},{"taxonomy":"product_cat","embeddable":true,"href":"https:\/\/abaa.mx\/tienda\/wp-json\/wp\/v2\/product_cat?post=1569"},{"taxonomy":"product_tag","embeddable":true,"href":"https:\/\/abaa.mx\/tienda\/wp-json\/wp\/v2\/product_tag?post=1569"}],"curies":[{"name":"wp","href":"https:\/\/api.w.org\/{rel}","templated":true}]}}