{"id":1562,"date":"2023-09-14T19:26:33","date_gmt":"2023-09-14T19:26:33","guid":{"rendered":"https:\/\/abaa.mx\/tienda\/?post_type=product&#038;p=1562"},"modified":"2023-09-14T19:26:33","modified_gmt":"2023-09-14T19:26:33","slug":"termometro-infrarrojo-impermeable-thermotrace-modelo-15006","status":"publish","type":"product","link":"https:\/\/abaa.mx\/tienda\/termometro-infrarrojo-impermeable-thermotrace-modelo-15006\/","title":{"rendered":"Term\u00f3metro infrarrojo impermeable ThermoTrace Modelo 15006"},"content":{"rendered":"<h1>Term\u00f3metro infrarrojo impermeable ThermoTrace<\/h1>\n<p><strong>Modelo\u00a015006<\/strong><\/p>\n<ul>\n<li>Medici\u00f3n de la temperatura superficial sin contacto instant\u00e1neo.<\/li>\n<li>Instrumento \u00fatil con productos en movimiento o para lugares de dif\u00edcil acceso.<\/li>\n<li>Completamente resistente al agua (cumplimiento IP67).<\/li>\n<li>Incluye dos modos de medici\u00f3n: normal y continuo.<\/li>\n<li>La funci\u00f3n de la memoria almacena hasta 99 puntos de los datos de la temperatura.<\/li>\n<li>La funci\u00f3n de memoria contiene hasta 99 puntos de datos de temperatura<\/li>\n<\/ul>\n<p><b>Aplicaciones:<\/b> Establecimientos de Alimentos, Centros de Distribuci\u00f3n, Almacenamiento en Fr\u00edo, Instalaciones de Procesamiento, Productos en Movimiento, \u00c1reas Dif\u00edciles de Alcanzar.<\/p>\n<div class=\"prod-bottom\">\n<div class=\"prod-desc\">\n<p>El Term\u00f3metro Infrarrojo ThermoTrace Impermeable, modelo 15006, es ideal en muchos ambientes debido a su construcci\u00f3n robusta a prueba de agua. Utilice este term\u00f3metro infrarrojo para comprobar r\u00e1pidamente las temperaturas de superficies de productos en zona de dif\u00edcil acceso, como en el interior de cajas refrigeradas u otras \u00e1reas de almacenamiento en fr\u00edo, o revise la comida en los bares de ensaladas y buffet caliente.<\/p>\n<table>\n<caption>Modelo 15006 Term\u00f3metro infrarrojo impermeable ThermoTrace<\/caption>\n<thead>\n<tr>\n<th scope=\"col\">Caracter\u00edstica<\/th>\n<th scope=\"col\">Especificaci\u00f3n<\/th>\n<\/tr>\n<\/thead>\n<tfoot>\n<tr>\n<td colspan=\"2\"><\/td>\n<\/tr>\n<\/tfoot>\n<tbody>\n<tr>\n<td>Campo de Visi\u00f3n<\/td>\n<td>D:S=15:1 en D=1 metro (39.4&#8243;); S=66.7mm (2.6&#8243;)<\/td>\n<\/tr>\n<tr>\n<td>Rango de temperatura<\/td>\n<td>De 32 \u00b0C a 932 \u00b0C (de 0 \u00b0F a 500 \u00b0F)<\/td>\n<\/tr>\n<tr>\n<td>Intervalo de la Pantalla*<\/td>\n<td>De 14\u00b0F a 1202\u00b0F (-10\u00b0C a 650\u00b0C)<\/td>\n<\/tr>\n<tr>\n<td>Intervalo Operativo Ambiental<\/td>\n<td>De 14\u00b0F a 122\u00b0F (-10\u00b0C a 50\u00b0C)<\/td>\n<\/tr>\n<tr>\n<td>Tiempo de Respuesta<\/td>\n<td>Menos de 1 segundo<\/td>\n<\/tr>\n<tr>\n<td>Precisi\u00f3n<\/td>\n<td>\u00b13.6 \u00b0F (\u00b12 \u00b0C) de 32 \u00b0F a 392 \u00b0F (0 \u00b0C a 200 \u00b0C) de otro modo el 1% de la lectura<\/td>\n<\/tr>\n<tr>\n<td>Intervalo de Humedad Ambiental<\/td>\n<td>0% a 95% HR (sin condensaci\u00f3n)<\/td>\n<\/tr>\n<tr>\n<td>Tiempo de Espera de la Pantalla<\/td>\n<td>15 segundos<\/td>\n<\/tr>\n<tr>\n<td>Escala<\/td>\n<td>Seleccionable en \u00b0F \/ \u00b0C<\/td>\n<\/tr>\n<tr>\n<td>Repetibilidad<\/td>\n<td>\u00b12 \u00b0F (1 \u00b0C) del valor de la lectura<\/td>\n<\/tr>\n<tr>\n<td>Funda<\/td>\n<td>Pl\u00e1stico ABS<\/td>\n<\/tr>\n<tr>\n<td>Bater\u00eda<\/td>\n<td>Alcalina de 9v (12 horas de vida)<\/td>\n<\/tr>\n<tr>\n<td>Emisividad<\/td>\n<td>Seleccionable en Oscuro (.95) \/ Claro (.70)<\/td>\n<\/tr>\n<tr>\n<td>Resoluci\u00f3n de la Pantalla<\/td>\n<td>1\u00b0F (1\u00b0C)<\/td>\n<\/tr>\n<tr>\n<td>M\u00e9todo de Mira<\/td>\n<td>Desplazamiento l\u00e1ser, Clase 2, 670nm<\/td>\n<\/tr>\n<tr>\n<td>Peso<\/td>\n<td>7.05oz. (200g), incluyendo bater\u00eda<\/td>\n<\/tr>\n<tr>\n<td>Tama\u00f1o<\/td>\n<td>6.3 pulg. (largo) x 1.7 pulg. (ancho) x 1.65 pulg. (profundidad) (15cm x 4cm x 4 cm)<\/td>\n<\/tr>\n<\/tbody>\n<\/table>\n<\/div>\n<\/div>\n","protected":false},"excerpt":{"rendered":"<h3><strong>Caracteristicas\u00a0<\/strong><\/h3>\n<ul>\n<li>Medici\u00f3n de la temperatura superficial sin contacto instant\u00e1neo.<\/li>\n<li>Instrumento \u00fatil con productos en movimiento o para lugares de dif\u00edcil acceso.<\/li>\n<li>Completamente resistente al agua (cumplimiento IP67).<\/li>\n<li>Incluye dos modos de medici\u00f3n: normal y continuo.<\/li>\n<li>La funci\u00f3n de la memoria almacena hasta 99 puntos de los datos de la temperatura.<\/li>\n<li>La funci\u00f3n de memoria contiene hasta 99 puntos de datos de temperatura<\/li>\n<\/ul>\n","protected":false},"featured_media":1557,"comment_status":"open","ping_status":"closed","template":"","meta":{"_joinchat":[]},"product_brand":[],"product_cat":[15],"product_tag":[],"class_list":{"0":"post-1562","1":"product","2":"type-product","3":"status-publish","4":"has-post-thumbnail","6":"product_cat-sin-categorizar","8":"first","9":"instock","10":"shipping-taxable","11":"product-type-simple"},"yoast_head":"<!-- This site is optimized with the Yoast SEO plugin v26.4 - https:\/\/yoast.com\/wordpress\/plugins\/seo\/ -->\n<title>Term\u00f3metro infrarrojo impermeable ThermoTrace Modelo 15006 - Abaa tienda online<\/title>\n<meta name=\"robots\" content=\"index, follow, max-snippet:-1, max-image-preview:large, max-video-preview:-1\" \/>\n<link rel=\"canonical\" href=\"https:\/\/abaa.mx\/tienda\/termometro-infrarrojo-impermeable-thermotrace-modelo-15006\/\" \/>\n<meta property=\"og:locale\" content=\"es_MX\" \/>\n<meta property=\"og:type\" content=\"article\" \/>\n<meta property=\"og:title\" content=\"Term\u00f3metro infrarrojo impermeable ThermoTrace Modelo 15006 - Abaa tienda online\" \/>\n<meta property=\"og:description\" content=\"Caracteristicas\u00a0   Medici\u00f3n de la temperatura superficial sin contacto instant\u00e1neo.  Instrumento \u00fatil con productos en movimiento o para lugares de dif\u00edcil acceso.  Completamente resistente al agua (cumplimiento IP67).  Incluye dos modos de medici\u00f3n: normal y continuo.  La funci\u00f3n de la memoria almacena hasta 99 puntos de los datos de la temperatura.  La funci\u00f3n de memoria contiene hasta 99 puntos de datos de temperatura\" \/>\n<meta property=\"og:url\" content=\"https:\/\/abaa.mx\/tienda\/termometro-infrarrojo-impermeable-thermotrace-modelo-15006\/\" \/>\n<meta property=\"og:site_name\" content=\"Abaa tienda online\" \/>\n<meta property=\"og:image\" content=\"https:\/\/abaa.mx\/tienda\/wp-content\/uploads\/2023\/09\/15006-40_F.jpg\" \/>\n\t<meta property=\"og:image:width\" content=\"500\" \/>\n\t<meta property=\"og:image:height\" content=\"1000\" \/>\n\t<meta property=\"og:image:type\" content=\"image\/jpeg\" \/>\n<meta name=\"twitter:card\" content=\"summary_large_image\" \/>\n<meta name=\"twitter:label1\" content=\"Tiempo de lectura\" \/>\n\t<meta name=\"twitter:data1\" content=\"2 minutos\" \/>\n<script type=\"application\/ld+json\" class=\"yoast-schema-graph\">{\"@context\":\"https:\/\/schema.org\",\"@graph\":[{\"@type\":\"WebPage\",\"@id\":\"https:\/\/abaa.mx\/tienda\/termometro-infrarrojo-impermeable-thermotrace-modelo-15006\/\",\"url\":\"https:\/\/abaa.mx\/tienda\/termometro-infrarrojo-impermeable-thermotrace-modelo-15006\/\",\"name\":\"Term\u00f3metro infrarrojo impermeable ThermoTrace Modelo 15006 - Abaa tienda online\",\"isPartOf\":{\"@id\":\"https:\/\/abaa.mx\/tienda\/#website\"},\"primaryImageOfPage\":{\"@id\":\"https:\/\/abaa.mx\/tienda\/termometro-infrarrojo-impermeable-thermotrace-modelo-15006\/#primaryimage\"},\"image\":{\"@id\":\"https:\/\/abaa.mx\/tienda\/termometro-infrarrojo-impermeable-thermotrace-modelo-15006\/#primaryimage\"},\"thumbnailUrl\":\"https:\/\/abaa.mx\/tienda\/wp-content\/uploads\/2023\/09\/15006-40_F.jpg\",\"datePublished\":\"2023-09-14T19:26:33+00:00\",\"breadcrumb\":{\"@id\":\"https:\/\/abaa.mx\/tienda\/termometro-infrarrojo-impermeable-thermotrace-modelo-15006\/#breadcrumb\"},\"inLanguage\":\"es\",\"potentialAction\":[{\"@type\":\"ReadAction\",\"target\":[\"https:\/\/abaa.mx\/tienda\/termometro-infrarrojo-impermeable-thermotrace-modelo-15006\/\"]}]},{\"@type\":\"ImageObject\",\"inLanguage\":\"es\",\"@id\":\"https:\/\/abaa.mx\/tienda\/termometro-infrarrojo-impermeable-thermotrace-modelo-15006\/#primaryimage\",\"url\":\"https:\/\/abaa.mx\/tienda\/wp-content\/uploads\/2023\/09\/15006-40_F.jpg\",\"contentUrl\":\"https:\/\/abaa.mx\/tienda\/wp-content\/uploads\/2023\/09\/15006-40_F.jpg\",\"width\":500,\"height\":1000,\"caption\":\"termometro-infrarrojo-impermeable-thermotrace-modelo-15006\"},{\"@type\":\"BreadcrumbList\",\"@id\":\"https:\/\/abaa.mx\/tienda\/termometro-infrarrojo-impermeable-thermotrace-modelo-15006\/#breadcrumb\",\"itemListElement\":[{\"@type\":\"ListItem\",\"position\":1,\"name\":\"Inicio\",\"item\":\"https:\/\/abaa.mx\/tienda\/\"},{\"@type\":\"ListItem\",\"position\":2,\"name\":\"Tienda\",\"item\":\"https:\/\/abaa.mx\/tienda\/\"},{\"@type\":\"ListItem\",\"position\":3,\"name\":\"Term\u00f3metro infrarrojo impermeable ThermoTrace Modelo 15006\"}]},{\"@type\":\"WebSite\",\"@id\":\"https:\/\/abaa.mx\/tienda\/#website\",\"url\":\"https:\/\/abaa.mx\/tienda\/\",\"name\":\"Abaa tienda online\",\"description\":\"Instrumentos de medici\u00f3n\",\"publisher\":{\"@id\":\"https:\/\/abaa.mx\/tienda\/#organization\"},\"potentialAction\":[{\"@type\":\"SearchAction\",\"target\":{\"@type\":\"EntryPoint\",\"urlTemplate\":\"https:\/\/abaa.mx\/tienda\/?s={search_term_string}\"},\"query-input\":{\"@type\":\"PropertyValueSpecification\",\"valueRequired\":true,\"valueName\":\"search_term_string\"}}],\"inLanguage\":\"es\"},{\"@type\":\"Organization\",\"@id\":\"https:\/\/abaa.mx\/tienda\/#organization\",\"name\":\"Abaa tienda online\",\"url\":\"https:\/\/abaa.mx\/tienda\/\",\"logo\":{\"@type\":\"ImageObject\",\"inLanguage\":\"es\",\"@id\":\"https:\/\/abaa.mx\/tienda\/#\/schema\/logo\/image\/\",\"url\":\"https:\/\/abaa.mx\/tienda\/wp-content\/uploads\/2024\/01\/abaa-metrologia-tienda.png\",\"contentUrl\":\"https:\/\/abaa.mx\/tienda\/wp-content\/uploads\/2024\/01\/abaa-metrologia-tienda.png\",\"width\":300,\"height\":141,\"caption\":\"Abaa tienda online\"},\"image\":{\"@id\":\"https:\/\/abaa.mx\/tienda\/#\/schema\/logo\/image\/\"}}]}<\/script>\n<!-- \/ Yoast SEO plugin. -->","yoast_head_json":{"title":"Term\u00f3metro infrarrojo impermeable ThermoTrace Modelo 15006 - Abaa tienda online","robots":{"index":"index","follow":"follow","max-snippet":"max-snippet:-1","max-image-preview":"max-image-preview:large","max-video-preview":"max-video-preview:-1"},"canonical":"https:\/\/abaa.mx\/tienda\/termometro-infrarrojo-impermeable-thermotrace-modelo-15006\/","og_locale":"es_MX","og_type":"article","og_title":"Term\u00f3metro infrarrojo impermeable ThermoTrace Modelo 15006 - Abaa tienda online","og_description":"Caracteristicas\u00a0   Medici\u00f3n de la temperatura superficial sin contacto instant\u00e1neo.  Instrumento \u00fatil con productos en movimiento o para lugares de dif\u00edcil acceso.  Completamente resistente al agua (cumplimiento IP67).  Incluye dos modos de medici\u00f3n: normal y continuo.  La funci\u00f3n de la memoria almacena hasta 99 puntos de los datos de la temperatura.  La funci\u00f3n de memoria contiene hasta 99 puntos de datos de temperatura","og_url":"https:\/\/abaa.mx\/tienda\/termometro-infrarrojo-impermeable-thermotrace-modelo-15006\/","og_site_name":"Abaa tienda online","og_image":[{"width":500,"height":1000,"url":"https:\/\/abaa.mx\/tienda\/wp-content\/uploads\/2023\/09\/15006-40_F.jpg","type":"image\/jpeg"}],"twitter_card":"summary_large_image","twitter_misc":{"Tiempo de lectura":"2 minutos"},"schema":{"@context":"https:\/\/schema.org","@graph":[{"@type":"WebPage","@id":"https:\/\/abaa.mx\/tienda\/termometro-infrarrojo-impermeable-thermotrace-modelo-15006\/","url":"https:\/\/abaa.mx\/tienda\/termometro-infrarrojo-impermeable-thermotrace-modelo-15006\/","name":"Term\u00f3metro infrarrojo impermeable ThermoTrace Modelo 15006 - Abaa tienda online","isPartOf":{"@id":"https:\/\/abaa.mx\/tienda\/#website"},"primaryImageOfPage":{"@id":"https:\/\/abaa.mx\/tienda\/termometro-infrarrojo-impermeable-thermotrace-modelo-15006\/#primaryimage"},"image":{"@id":"https:\/\/abaa.mx\/tienda\/termometro-infrarrojo-impermeable-thermotrace-modelo-15006\/#primaryimage"},"thumbnailUrl":"https:\/\/abaa.mx\/tienda\/wp-content\/uploads\/2023\/09\/15006-40_F.jpg","datePublished":"2023-09-14T19:26:33+00:00","breadcrumb":{"@id":"https:\/\/abaa.mx\/tienda\/termometro-infrarrojo-impermeable-thermotrace-modelo-15006\/#breadcrumb"},"inLanguage":"es","potentialAction":[{"@type":"ReadAction","target":["https:\/\/abaa.mx\/tienda\/termometro-infrarrojo-impermeable-thermotrace-modelo-15006\/"]}]},{"@type":"ImageObject","inLanguage":"es","@id":"https:\/\/abaa.mx\/tienda\/termometro-infrarrojo-impermeable-thermotrace-modelo-15006\/#primaryimage","url":"https:\/\/abaa.mx\/tienda\/wp-content\/uploads\/2023\/09\/15006-40_F.jpg","contentUrl":"https:\/\/abaa.mx\/tienda\/wp-content\/uploads\/2023\/09\/15006-40_F.jpg","width":500,"height":1000,"caption":"termometro-infrarrojo-impermeable-thermotrace-modelo-15006"},{"@type":"BreadcrumbList","@id":"https:\/\/abaa.mx\/tienda\/termometro-infrarrojo-impermeable-thermotrace-modelo-15006\/#breadcrumb","itemListElement":[{"@type":"ListItem","position":1,"name":"Inicio","item":"https:\/\/abaa.mx\/tienda\/"},{"@type":"ListItem","position":2,"name":"Tienda","item":"https:\/\/abaa.mx\/tienda\/"},{"@type":"ListItem","position":3,"name":"Term\u00f3metro infrarrojo impermeable ThermoTrace Modelo 15006"}]},{"@type":"WebSite","@id":"https:\/\/abaa.mx\/tienda\/#website","url":"https:\/\/abaa.mx\/tienda\/","name":"Abaa tienda online","description":"Instrumentos de medici\u00f3n","publisher":{"@id":"https:\/\/abaa.mx\/tienda\/#organization"},"potentialAction":[{"@type":"SearchAction","target":{"@type":"EntryPoint","urlTemplate":"https:\/\/abaa.mx\/tienda\/?s={search_term_string}"},"query-input":{"@type":"PropertyValueSpecification","valueRequired":true,"valueName":"search_term_string"}}],"inLanguage":"es"},{"@type":"Organization","@id":"https:\/\/abaa.mx\/tienda\/#organization","name":"Abaa tienda online","url":"https:\/\/abaa.mx\/tienda\/","logo":{"@type":"ImageObject","inLanguage":"es","@id":"https:\/\/abaa.mx\/tienda\/#\/schema\/logo\/image\/","url":"https:\/\/abaa.mx\/tienda\/wp-content\/uploads\/2024\/01\/abaa-metrologia-tienda.png","contentUrl":"https:\/\/abaa.mx\/tienda\/wp-content\/uploads\/2024\/01\/abaa-metrologia-tienda.png","width":300,"height":141,"caption":"Abaa tienda online"},"image":{"@id":"https:\/\/abaa.mx\/tienda\/#\/schema\/logo\/image\/"}}]}},"_links":{"self":[{"href":"https:\/\/abaa.mx\/tienda\/wp-json\/wp\/v2\/product\/1562","targetHints":{"allow":["GET"]}}],"collection":[{"href":"https:\/\/abaa.mx\/tienda\/wp-json\/wp\/v2\/product"}],"about":[{"href":"https:\/\/abaa.mx\/tienda\/wp-json\/wp\/v2\/types\/product"}],"replies":[{"embeddable":true,"href":"https:\/\/abaa.mx\/tienda\/wp-json\/wp\/v2\/comments?post=1562"}],"wp:featuredmedia":[{"embeddable":true,"href":"https:\/\/abaa.mx\/tienda\/wp-json\/wp\/v2\/media\/1557"}],"wp:attachment":[{"href":"https:\/\/abaa.mx\/tienda\/wp-json\/wp\/v2\/media?parent=1562"}],"wp:term":[{"taxonomy":"product_brand","embeddable":true,"href":"https:\/\/abaa.mx\/tienda\/wp-json\/wp\/v2\/product_brand?post=1562"},{"taxonomy":"product_cat","embeddable":true,"href":"https:\/\/abaa.mx\/tienda\/wp-json\/wp\/v2\/product_cat?post=1562"},{"taxonomy":"product_tag","embeddable":true,"href":"https:\/\/abaa.mx\/tienda\/wp-json\/wp\/v2\/product_tag?post=1562"}],"curies":[{"name":"wp","href":"https:\/\/api.w.org\/{rel}","templated":true}]}}