{"id":1556,"date":"2023-09-14T19:08:55","date_gmt":"2023-09-14T19:08:55","guid":{"rendered":"https:\/\/abaa.mx\/tienda\/?post_type=product&#038;p=1556"},"modified":"2023-09-14T19:08:56","modified_gmt":"2023-09-14T19:08:56","slug":"termometro-infrarrojo-impermeable-thermotrace-modelo-15006-40","status":"publish","type":"product","link":"https:\/\/abaa.mx\/tienda\/termometro-infrarrojo-impermeable-thermotrace-modelo-15006-40\/","title":{"rendered":"Term\u00f3metro infrarrojo impermeable thermotrace Modelo 15006-40"},"content":{"rendered":"<h3><strong>\u00a0<\/strong><\/h3>\n<h1>Term\u00f3metro infrarrojo impermeable thermotrace<\/h1>\n<h3><strong>Modelo\u00a015006-40<\/strong><\/h3>\n<ul>\n<li>Medici\u00f3n de temperatura superficial instant\u00e1nea sin contacto<\/li>\n<li>Escanee r\u00e1pidamente numerosas temperaturas de los alimentos<\/li>\n<li>Completamente impermeable (conforme a IP67) para requisitos de saneamiento<\/li>\n<li>Dos modos de medici\u00f3n: normal y continuo<\/li>\n<li>Configuraci\u00f3n de alarma para l\u00edmites de temperatura alta y baja<\/li>\n<li>La funci\u00f3n de memoria tiene capacidad para hasta 99 puntos de datos de temperatura<\/li>\n<\/ul>\n<p><b>Aplicaciones:<\/b> Establecimientos de Alimentos, Centros de Distribuci\u00f3n, Almacenamiento en Fr\u00edo, Instalaciones de Procesamiento, Productos en Movimiento, \u00c1reas Dif\u00edciles de Alcanzar.<\/p>\n<p>El Term\u00f3metro Infrarrojo a Prueba de Agua ThermoTrace presenta un campo de visi\u00f3n de 15:1 altamente enfocado, m\u00e1s dos modos de medici\u00f3n: normal y continuo. Los l\u00edmites de alarma se pueden configurar para lecturas de alta y baja temperatura y una funci\u00f3n de memoria de hasta 99 puntos de temperatura. Estas caracter\u00edsticas lo convierten en una herramienta popular de aseguramiento de calidad.<\/p>\n<p>El rango de temperatura para el 15006-40 es de -22 \u00b0 F a 392 \u00b0 F (-30 \u00b0 C a 200 \u00b0 C).<\/p>\n<p>El Term\u00f3metro Infrarrojo a prueba de agua ThermoTrace, Modelo15006-40, es ideal en muchos entornos debido a su construcci\u00f3n resistente e impermeable. Este term\u00f3metro infrarrojo se usa para revisar r\u00e1pidamente las temperaturas de la superficie de los productos en \u00e1reas de dif\u00edcil acceso, como dentro de cajas refrigeradas u otras \u00e1reas de almacenamiento en fr\u00edo, o para supervisar los alimentos en barras de ensaladas y buffets calientes.<\/p>\n<table>\n<caption><span>Term\u00f3metro infrarrojo ThermoTrace Modelo 15006-40 (-40\u00b0)<\/span><\/caption>\n<thead>\n<tr>\n<th scope=\"col\">Caracter\u00edstica<\/th>\n<th scope=\"col\">Especificaci\u00f3n<\/th>\n<\/tr>\n<\/thead>\n<tfoot>\n<tr>\n<td colspan=\"2\"><\/td>\n<\/tr>\n<\/tfoot>\n<tbody>\n<tr>\n<td>Campo de visi\u00f3n<\/td>\n<td>D: S = 15: 1 en D = 1 metro (39.4 &#8220;); S = 66,7 mm (2,6 &#8220;); tama\u00f1o de punto m\u00ednimo = 12.7 mm (0.5 in)<\/td>\n<\/tr>\n<tr>\n<td>Rango de medici\u00f3n de temperatura<\/td>\n<td>-22\u00b0F a 392\u00b0F (-30\u00b0C a 200\u00b0C)<\/td>\n<\/tr>\n<tr>\n<td>Rango de visualizaci\u00f3n *<\/td>\n<td>-40\u00b0F a 428\u00b0F (-40\u00b0C a 220\u00b0C)<\/td>\n<\/tr>\n<tr>\n<td>Tiempo de respuesta<\/td>\n<td>Menos de 1 segundo<\/td>\n<\/tr>\n<tr>\n<td>Precisi\u00f3n<\/td>\n<td>\u00b1 1.8\u00b0F de 32.2\u00b0F a 212\u00b0F (\u00b1 1.0\u00b0C de 0.1\u00b0C a 100\u00b0C) \u00b1 3.6\u00b0F de 212.2\u00b0F a 392\u00b0F (\u00b1 2.0\u00b0C de 100.1\u00b0C a 200\u00b0C) \u00b1 5.4\u00b0F \u2264 32\u00b0F<\/p>\n<p>(\u00b1 3.0\u00b0C \u2264 0.0\u00b0C)<\/td>\n<\/tr>\n<tr>\n<td>Rango de humedad ambiental<\/td>\n<td>0% a 95% RH (sin condensaci\u00f3n de roc\u00edo)<\/td>\n<\/tr>\n<tr>\n<td>Mostrar tiempo de espera<\/td>\n<td>15 segundos<\/td>\n<\/tr>\n<tr>\n<td>Escala<\/td>\n<td>\u00b0 F \/ \u00b0 C seleccionable<\/td>\n<\/tr>\n<tr>\n<td>Repetibilidad<\/td>\n<td>\u00b1 2 \u00b0 F (1 \u00b0 C) de valor de lectura<\/td>\n<\/tr>\n<tr>\n<td>Caja del cuerpo<\/td>\n<td>Pl\u00e1stico ABS<\/td>\n<\/tr>\n<tr>\n<td>Bater\u00eda<\/td>\n<td>9v alcalino (15 horas de vida)<\/td>\n<\/tr>\n<tr>\n<td>Emisividad<\/td>\n<td>Caliente (.95); Fr\u00eda (.85) conmutable<\/td>\n<\/tr>\n<tr>\n<td>Resoluci\u00f3n de pantalla<\/td>\n<td>0.1\u00b0F (0.1\u00b0C)<\/td>\n<\/tr>\n<tr>\n<td>M\u00e9todo de observaci\u00f3n<\/td>\n<td>L\u00e1ser de compensaci\u00f3n, clase 2, 670nm<\/td>\n<\/tr>\n<tr>\n<td>Peso<\/td>\n<td>7.05oz. (200g) incluyendo bater\u00eda<\/td>\n<\/tr>\n<tr>\n<td>tama\u00f1o<\/td>\n<td>6.3 pulgadas (L) x 1.7 pulgadas (W) x 1.65 pulgadas (D) (15 cm x 4 cm x 4 cm)<\/td>\n<\/tr>\n<tr>\n<td colspan=\"2\">* Las temperaturas extremas en el rango de visualizaci\u00f3n no se pueden verificar con precisi\u00f3n<\/td>\n<\/tr>\n<\/tbody>\n<\/table>\n","protected":false},"excerpt":{"rendered":"<h3><strong>Caracteristicas\u00a0<\/strong><\/h3>\n<ul>\n<li>Medici\u00f3n de temperatura superficial instant\u00e1nea sin contacto<\/li>\n<li>Escanee r\u00e1pidamente numerosas temperaturas de los alimentos<\/li>\n<li>Completamente impermeable (conforme a IP67) para requisitos de saneamiento<\/li>\n<li>Dos modos de medici\u00f3n: normal y continuo<\/li>\n<li>Configuraci\u00f3n de alarma para l\u00edmites de temperatura alta y baja<\/li>\n<li>La funci\u00f3n de memoria tiene capacidad para hasta 99 puntos de datos de temperatura<\/li>\n<\/ul>\n","protected":false},"featured_media":1557,"comment_status":"open","ping_status":"closed","template":"","meta":{"_joinchat":[]},"product_brand":[],"product_cat":[15],"product_tag":[],"class_list":{"0":"post-1556","1":"product","2":"type-product","3":"status-publish","4":"has-post-thumbnail","6":"product_cat-sin-categorizar","8":"first","9":"instock","10":"shipping-taxable","11":"product-type-simple"},"yoast_head":"<!-- This site is optimized with the Yoast SEO plugin v26.4 - https:\/\/yoast.com\/wordpress\/plugins\/seo\/ -->\n<title>Term\u00f3metro infrarrojo impermeable thermotrace Modelo 15006-40 - Abaa tienda online<\/title>\n<meta name=\"robots\" content=\"index, follow, max-snippet:-1, max-image-preview:large, max-video-preview:-1\" \/>\n<link rel=\"canonical\" href=\"https:\/\/abaa.mx\/tienda\/termometro-infrarrojo-impermeable-thermotrace-modelo-15006-40\/\" \/>\n<meta property=\"og:locale\" content=\"es_MX\" \/>\n<meta property=\"og:type\" content=\"article\" \/>\n<meta property=\"og:title\" content=\"Term\u00f3metro infrarrojo impermeable thermotrace Modelo 15006-40 - Abaa tienda online\" \/>\n<meta property=\"og:description\" content=\"Caracteristicas\u00a0   Medici\u00f3n de temperatura superficial instant\u00e1nea sin contacto  Escanee r\u00e1pidamente numerosas temperaturas de los alimentos  Completamente impermeable (conforme a IP67) para requisitos de saneamiento  Dos modos de medici\u00f3n: normal y continuo  Configuraci\u00f3n de alarma para l\u00edmites de temperatura alta y baja  La funci\u00f3n de memoria tiene capacidad para hasta 99 puntos de datos de temperatura\" \/>\n<meta property=\"og:url\" content=\"https:\/\/abaa.mx\/tienda\/termometro-infrarrojo-impermeable-thermotrace-modelo-15006-40\/\" \/>\n<meta property=\"og:site_name\" content=\"Abaa tienda online\" \/>\n<meta property=\"article:modified_time\" content=\"2023-09-14T19:08:56+00:00\" \/>\n<meta property=\"og:image\" content=\"https:\/\/abaa.mx\/tienda\/wp-content\/uploads\/2023\/09\/15006-40_F.jpg\" \/>\n\t<meta property=\"og:image:width\" content=\"500\" \/>\n\t<meta property=\"og:image:height\" content=\"1000\" \/>\n\t<meta property=\"og:image:type\" content=\"image\/jpeg\" \/>\n<meta name=\"twitter:card\" content=\"summary_large_image\" \/>\n<meta name=\"twitter:label1\" content=\"Tiempo de lectura\" \/>\n\t<meta name=\"twitter:data1\" content=\"3 minutos\" \/>\n<script type=\"application\/ld+json\" class=\"yoast-schema-graph\">{\"@context\":\"https:\/\/schema.org\",\"@graph\":[{\"@type\":\"WebPage\",\"@id\":\"https:\/\/abaa.mx\/tienda\/termometro-infrarrojo-impermeable-thermotrace-modelo-15006-40\/\",\"url\":\"https:\/\/abaa.mx\/tienda\/termometro-infrarrojo-impermeable-thermotrace-modelo-15006-40\/\",\"name\":\"Term\u00f3metro infrarrojo impermeable thermotrace Modelo 15006-40 - Abaa tienda online\",\"isPartOf\":{\"@id\":\"https:\/\/abaa.mx\/tienda\/#website\"},\"primaryImageOfPage\":{\"@id\":\"https:\/\/abaa.mx\/tienda\/termometro-infrarrojo-impermeable-thermotrace-modelo-15006-40\/#primaryimage\"},\"image\":{\"@id\":\"https:\/\/abaa.mx\/tienda\/termometro-infrarrojo-impermeable-thermotrace-modelo-15006-40\/#primaryimage\"},\"thumbnailUrl\":\"https:\/\/abaa.mx\/tienda\/wp-content\/uploads\/2023\/09\/15006-40_F.jpg\",\"datePublished\":\"2023-09-14T19:08:55+00:00\",\"dateModified\":\"2023-09-14T19:08:56+00:00\",\"breadcrumb\":{\"@id\":\"https:\/\/abaa.mx\/tienda\/termometro-infrarrojo-impermeable-thermotrace-modelo-15006-40\/#breadcrumb\"},\"inLanguage\":\"es\",\"potentialAction\":[{\"@type\":\"ReadAction\",\"target\":[\"https:\/\/abaa.mx\/tienda\/termometro-infrarrojo-impermeable-thermotrace-modelo-15006-40\/\"]}]},{\"@type\":\"ImageObject\",\"inLanguage\":\"es\",\"@id\":\"https:\/\/abaa.mx\/tienda\/termometro-infrarrojo-impermeable-thermotrace-modelo-15006-40\/#primaryimage\",\"url\":\"https:\/\/abaa.mx\/tienda\/wp-content\/uploads\/2023\/09\/15006-40_F.jpg\",\"contentUrl\":\"https:\/\/abaa.mx\/tienda\/wp-content\/uploads\/2023\/09\/15006-40_F.jpg\",\"width\":500,\"height\":1000,\"caption\":\"termometro-infrarrojo-impermeable-thermotrace-modelo-15006\"},{\"@type\":\"BreadcrumbList\",\"@id\":\"https:\/\/abaa.mx\/tienda\/termometro-infrarrojo-impermeable-thermotrace-modelo-15006-40\/#breadcrumb\",\"itemListElement\":[{\"@type\":\"ListItem\",\"position\":1,\"name\":\"Inicio\",\"item\":\"https:\/\/abaa.mx\/tienda\/\"},{\"@type\":\"ListItem\",\"position\":2,\"name\":\"Tienda\",\"item\":\"https:\/\/abaa.mx\/tienda\/\"},{\"@type\":\"ListItem\",\"position\":3,\"name\":\"Term\u00f3metro infrarrojo impermeable thermotrace Modelo 15006-40\"}]},{\"@type\":\"WebSite\",\"@id\":\"https:\/\/abaa.mx\/tienda\/#website\",\"url\":\"https:\/\/abaa.mx\/tienda\/\",\"name\":\"Abaa tienda online\",\"description\":\"Instrumentos de medici\u00f3n\",\"publisher\":{\"@id\":\"https:\/\/abaa.mx\/tienda\/#organization\"},\"potentialAction\":[{\"@type\":\"SearchAction\",\"target\":{\"@type\":\"EntryPoint\",\"urlTemplate\":\"https:\/\/abaa.mx\/tienda\/?s={search_term_string}\"},\"query-input\":{\"@type\":\"PropertyValueSpecification\",\"valueRequired\":true,\"valueName\":\"search_term_string\"}}],\"inLanguage\":\"es\"},{\"@type\":\"Organization\",\"@id\":\"https:\/\/abaa.mx\/tienda\/#organization\",\"name\":\"Abaa tienda online\",\"url\":\"https:\/\/abaa.mx\/tienda\/\",\"logo\":{\"@type\":\"ImageObject\",\"inLanguage\":\"es\",\"@id\":\"https:\/\/abaa.mx\/tienda\/#\/schema\/logo\/image\/\",\"url\":\"https:\/\/abaa.mx\/tienda\/wp-content\/uploads\/2024\/01\/abaa-metrologia-tienda.png\",\"contentUrl\":\"https:\/\/abaa.mx\/tienda\/wp-content\/uploads\/2024\/01\/abaa-metrologia-tienda.png\",\"width\":300,\"height\":141,\"caption\":\"Abaa tienda online\"},\"image\":{\"@id\":\"https:\/\/abaa.mx\/tienda\/#\/schema\/logo\/image\/\"}}]}<\/script>\n<!-- \/ Yoast SEO plugin. -->","yoast_head_json":{"title":"Term\u00f3metro infrarrojo impermeable thermotrace Modelo 15006-40 - Abaa tienda online","robots":{"index":"index","follow":"follow","max-snippet":"max-snippet:-1","max-image-preview":"max-image-preview:large","max-video-preview":"max-video-preview:-1"},"canonical":"https:\/\/abaa.mx\/tienda\/termometro-infrarrojo-impermeable-thermotrace-modelo-15006-40\/","og_locale":"es_MX","og_type":"article","og_title":"Term\u00f3metro infrarrojo impermeable thermotrace Modelo 15006-40 - Abaa tienda online","og_description":"Caracteristicas\u00a0   Medici\u00f3n de temperatura superficial instant\u00e1nea sin contacto  Escanee r\u00e1pidamente numerosas temperaturas de los alimentos  Completamente impermeable (conforme a IP67) para requisitos de saneamiento  Dos modos de medici\u00f3n: normal y continuo  Configuraci\u00f3n de alarma para l\u00edmites de temperatura alta y baja  La funci\u00f3n de memoria tiene capacidad para hasta 99 puntos de datos de temperatura","og_url":"https:\/\/abaa.mx\/tienda\/termometro-infrarrojo-impermeable-thermotrace-modelo-15006-40\/","og_site_name":"Abaa tienda online","article_modified_time":"2023-09-14T19:08:56+00:00","og_image":[{"width":500,"height":1000,"url":"https:\/\/abaa.mx\/tienda\/wp-content\/uploads\/2023\/09\/15006-40_F.jpg","type":"image\/jpeg"}],"twitter_card":"summary_large_image","twitter_misc":{"Tiempo de lectura":"3 minutos"},"schema":{"@context":"https:\/\/schema.org","@graph":[{"@type":"WebPage","@id":"https:\/\/abaa.mx\/tienda\/termometro-infrarrojo-impermeable-thermotrace-modelo-15006-40\/","url":"https:\/\/abaa.mx\/tienda\/termometro-infrarrojo-impermeable-thermotrace-modelo-15006-40\/","name":"Term\u00f3metro infrarrojo impermeable thermotrace Modelo 15006-40 - Abaa tienda online","isPartOf":{"@id":"https:\/\/abaa.mx\/tienda\/#website"},"primaryImageOfPage":{"@id":"https:\/\/abaa.mx\/tienda\/termometro-infrarrojo-impermeable-thermotrace-modelo-15006-40\/#primaryimage"},"image":{"@id":"https:\/\/abaa.mx\/tienda\/termometro-infrarrojo-impermeable-thermotrace-modelo-15006-40\/#primaryimage"},"thumbnailUrl":"https:\/\/abaa.mx\/tienda\/wp-content\/uploads\/2023\/09\/15006-40_F.jpg","datePublished":"2023-09-14T19:08:55+00:00","dateModified":"2023-09-14T19:08:56+00:00","breadcrumb":{"@id":"https:\/\/abaa.mx\/tienda\/termometro-infrarrojo-impermeable-thermotrace-modelo-15006-40\/#breadcrumb"},"inLanguage":"es","potentialAction":[{"@type":"ReadAction","target":["https:\/\/abaa.mx\/tienda\/termometro-infrarrojo-impermeable-thermotrace-modelo-15006-40\/"]}]},{"@type":"ImageObject","inLanguage":"es","@id":"https:\/\/abaa.mx\/tienda\/termometro-infrarrojo-impermeable-thermotrace-modelo-15006-40\/#primaryimage","url":"https:\/\/abaa.mx\/tienda\/wp-content\/uploads\/2023\/09\/15006-40_F.jpg","contentUrl":"https:\/\/abaa.mx\/tienda\/wp-content\/uploads\/2023\/09\/15006-40_F.jpg","width":500,"height":1000,"caption":"termometro-infrarrojo-impermeable-thermotrace-modelo-15006"},{"@type":"BreadcrumbList","@id":"https:\/\/abaa.mx\/tienda\/termometro-infrarrojo-impermeable-thermotrace-modelo-15006-40\/#breadcrumb","itemListElement":[{"@type":"ListItem","position":1,"name":"Inicio","item":"https:\/\/abaa.mx\/tienda\/"},{"@type":"ListItem","position":2,"name":"Tienda","item":"https:\/\/abaa.mx\/tienda\/"},{"@type":"ListItem","position":3,"name":"Term\u00f3metro infrarrojo impermeable thermotrace Modelo 15006-40"}]},{"@type":"WebSite","@id":"https:\/\/abaa.mx\/tienda\/#website","url":"https:\/\/abaa.mx\/tienda\/","name":"Abaa tienda online","description":"Instrumentos de medici\u00f3n","publisher":{"@id":"https:\/\/abaa.mx\/tienda\/#organization"},"potentialAction":[{"@type":"SearchAction","target":{"@type":"EntryPoint","urlTemplate":"https:\/\/abaa.mx\/tienda\/?s={search_term_string}"},"query-input":{"@type":"PropertyValueSpecification","valueRequired":true,"valueName":"search_term_string"}}],"inLanguage":"es"},{"@type":"Organization","@id":"https:\/\/abaa.mx\/tienda\/#organization","name":"Abaa tienda online","url":"https:\/\/abaa.mx\/tienda\/","logo":{"@type":"ImageObject","inLanguage":"es","@id":"https:\/\/abaa.mx\/tienda\/#\/schema\/logo\/image\/","url":"https:\/\/abaa.mx\/tienda\/wp-content\/uploads\/2024\/01\/abaa-metrologia-tienda.png","contentUrl":"https:\/\/abaa.mx\/tienda\/wp-content\/uploads\/2024\/01\/abaa-metrologia-tienda.png","width":300,"height":141,"caption":"Abaa tienda online"},"image":{"@id":"https:\/\/abaa.mx\/tienda\/#\/schema\/logo\/image\/"}}]}},"_links":{"self":[{"href":"https:\/\/abaa.mx\/tienda\/wp-json\/wp\/v2\/product\/1556","targetHints":{"allow":["GET"]}}],"collection":[{"href":"https:\/\/abaa.mx\/tienda\/wp-json\/wp\/v2\/product"}],"about":[{"href":"https:\/\/abaa.mx\/tienda\/wp-json\/wp\/v2\/types\/product"}],"replies":[{"embeddable":true,"href":"https:\/\/abaa.mx\/tienda\/wp-json\/wp\/v2\/comments?post=1556"}],"wp:featuredmedia":[{"embeddable":true,"href":"https:\/\/abaa.mx\/tienda\/wp-json\/wp\/v2\/media\/1557"}],"wp:attachment":[{"href":"https:\/\/abaa.mx\/tienda\/wp-json\/wp\/v2\/media?parent=1556"}],"wp:term":[{"taxonomy":"product_brand","embeddable":true,"href":"https:\/\/abaa.mx\/tienda\/wp-json\/wp\/v2\/product_brand?post=1556"},{"taxonomy":"product_cat","embeddable":true,"href":"https:\/\/abaa.mx\/tienda\/wp-json\/wp\/v2\/product_cat?post=1556"},{"taxonomy":"product_tag","embeddable":true,"href":"https:\/\/abaa.mx\/tienda\/wp-json\/wp\/v2\/product_tag?post=1556"}],"curies":[{"name":"wp","href":"https:\/\/api.w.org\/{rel}","templated":true}]}}