{"id":1554,"date":"2023-09-14T18:52:43","date_gmt":"2023-09-14T18:52:43","guid":{"rendered":"https:\/\/abaa.mx\/tienda\/?post_type=product&#038;p=1554"},"modified":"2023-09-14T18:52:43","modified_gmt":"2023-09-14T18:52:43","slug":"jxb-178-termometro-infrarrojo-de-frente-sin-contacto-modelo-15007","status":"publish","type":"product","link":"https:\/\/abaa.mx\/tienda\/jxb-178-termometro-infrarrojo-de-frente-sin-contacto-modelo-15007\/","title":{"rendered":"Jxb-178 term\u00f3metro infrarrojo de frente sin contacto Modelo 15007"},"content":{"rendered":"<h1>Jxb-178 term\u00f3metro infrarrojo de frente sin contacto<\/h1>\n<h3><strong>Modelo\u00a015007<\/strong><\/h3>\n<ul>\n<li>El sistema avanzado de detecci\u00f3n infrarroja da como resultado mediciones confiables y estables<\/li>\n<li>Garantizado para 100,000 mediciones<\/li>\n<li>\u00b0Celsius o \u00b0Fahrenheit Seleccionables<\/li>\n<li>Detecci\u00f3n de calor en la frente<\/li>\n<li>Modos seleccionables de cuerpo, superficie o habitaci\u00f3n<\/li>\n<li>Alarma de fiebre alta si la temperatura es superior a 38\u00baC (100.4\u00baF)<\/li>\n<li>La memoria contiene 32 puntos de datos de temperatura<\/li>\n<li>Retenci\u00f3n autom\u00e1tica de datos<\/li>\n<li>Apagado autom\u00e1tico<\/li>\n<li>Rango de selecci\u00f3n autom\u00e1tica<\/li>\n<li>Resoluci\u00f3n de Pantalla 0.1\u00b0C (0.1\u00b0F)<\/li>\n<li>La luz de fondo verde indica temperatura normal<br \/>\nLa luz de fondo naranja indica fiebre baja<br \/>\nLa luz de fondo roja indica fiebre alta<\/li>\n<li>FDA 510(k) Autorizado, CE, FCC, RoHS Certificado<\/li>\n<\/ul>\n<p><b>Aplicaciones:<\/b> Detecci\u00f3n de temperatura para detectar fiebres en ni\u00f1os y adultos.<\/p>\n<p>Los Term\u00f3metros Infrarrojos de Temperatura en la Frente aseguran lecturas precisas y estables de la temperatura corporal.<\/p>\n<p>Desde una distancia de 3 a 5cm (1.2 a 2 pulgadas), simplemente apunte el dispositivo a la frente y lea la temperatura que se muestra en la pantalla LCD.<\/p>\n<table>\n<caption>DT-8806H Term\u00f3metro infrarrojo de frente sin contacto<\/caption>\n<thead>\n<tr>\n<th scope=\"col\">Caracter\u00edstica<\/th>\n<th scope=\"col\">Especificaci\u00f3n<\/th>\n<\/tr>\n<\/thead>\n<tbody>\n<tr>\n<td>Rango (Cuerpo)<\/td>\n<td>32\u00b0C a 43\u00b0C (89.6\u00b0F a 109.4\u00b0F)<\/td>\n<\/tr>\n<tr>\n<td>Rango (Superficie)<\/td>\n<td>De 0 \u00b0C a 60 \u00b0C (de 32 \u00b0F a 140 \u00b0F)<\/td>\n<\/tr>\n<tr>\n<td>Rango (Habitaci\u00f3n)<\/td>\n<td>0\u00b0C a 40\u00b0C (32\u00b0F a 104\u00b0F)<\/td>\n<\/tr>\n<tr>\n<td>Resoluci\u00f3n de Pantalla<\/td>\n<td>0.1\u00b0C\/0.1\u00b0F<\/td>\n<\/tr>\n<tr>\n<td>Temperatura de Funcionamiento<\/td>\n<td>De 10 \u00b0C a 40 \u00b0C (de 50 \u00b0F a 140 \u00b0F)<\/td>\n<\/tr>\n<tr>\n<td>Temperatura de Almacenamiento<\/td>\n<td>-20\u00b0C a 50\u00b0C (-4\u00b0F a 122\u00b0F)<\/td>\n<\/tr>\n<tr>\n<td>Tasa de Humedad<\/td>\n<td>\u2264 85%<\/td>\n<\/tr>\n<tr>\n<td>Precisi\u00f3n del Term\u00f3metro IR del Cuerpo sin contacto ASTM E1965-1998 (2009)<\/td>\n<td>\u00b10.3\u00b0C (32\u00b0C a 34.9\u00b0C) \u00b10.6\u00b0F (89.6\u00b0F a 94.8\u00b0F) \u00b10.2\u00b0C (35\u00b0C a 42\u00b0C) \u00b10.4\u00b0F (95\u00b0F a 107.6\u00b0F) \u00b10.3\u00b0C (42.1\u00b0C a 43\u00b0C) \u00b10.6\u00b0F (107.8\u00b0F a 109.4\u00b0F)<\/td>\n<\/tr>\n<tr>\n<td>Distancia de Medici\u00f3n<\/td>\n<td>3cm a 5cm (1.2 pulgadas a 2 pulgadas)<\/td>\n<\/tr>\n<tr>\n<td>Tiempo de Respuesta<\/td>\n<td>1 segundo<\/td>\n<\/tr>\n<tr>\n<td>Luz de Fondo<\/td>\n<td>Verde: &lt; 37.3\u00b0C (99.14\u00b0F) temperatura normal Naranja: 37.4\u00b0C &#8211; 37.9\u00b0C (99.3\u00b0F &#8211; 100.2\u00b0F) fiebre baja Rojo: &gt; 38\u00b0C (100.4\u00b0F) fiebre Alta<\/td>\n<\/tr>\n<tr>\n<td>Conformidad de seguridad<\/td>\n<td>ASTM 1965-1998 (2009)<\/td>\n<\/tr>\n<tr>\n<td>Bater\u00eda<\/td>\n<td>DC 3V (2 pilas AA de 1.5v) no incluido<\/td>\n<\/tr>\n<tr>\n<td>Tama\u00f1o<\/td>\n<td>155 mm de largo x 100 mm de ancho x 40 mm de alto (6.1 pulgadas de largo x 3.93 pulgadas de ancho x 1.57 pulgadas de alto)<\/td>\n<\/tr>\n<tr>\n<td>Peso<\/td>\n<td>154gr (0.34lbs)<\/td>\n<\/tr>\n<\/tbody>\n<\/table>\n","protected":false},"excerpt":{"rendered":"<h3><strong>Carcateristicas\u00a0<\/strong><\/h3>\n<ul>\n<li>El sistema avanzado de detecci\u00f3n infrarroja da como resultado mediciones confiables y estables<\/li>\n<li>Garantizado para 100,000 mediciones<\/li>\n<li>\u00b0Celsius o \u00b0Fahrenheit Seleccionables<\/li>\n<li>Detecci\u00f3n de calor en la frente<\/li>\n<li>Modos seleccionables de cuerpo, superficie o habitaci\u00f3n<\/li>\n<li>Alarma de fiebre alta si la temperatura es superior a 38\u00baC (100.4\u00baF)<\/li>\n<li>La memoria contiene 32 puntos de datos de temperatura<\/li>\n<li>Retenci\u00f3n autom\u00e1tica de datos<\/li>\n<li>Apagado autom\u00e1tico<\/li>\n<li>Rango de selecci\u00f3n autom\u00e1tica<\/li>\n<li>Resoluci\u00f3n de Pantalla 0.1\u00b0C (0.1\u00b0F)<\/li>\n<li>La luz de fondo verde indica temperatura normal<br \/>\nLa luz de fondo naranja indica fiebre baja<br \/>\nLa luz de fondo roja indica fiebre alta<\/li>\n<li>FDA 510(k) Autorizado, CE, FCC, RoHS Certificado<\/li>\n<\/ul>\n","protected":false},"featured_media":1555,"comment_status":"open","ping_status":"closed","template":"","meta":{"_joinchat":[]},"product_brand":[],"product_cat":[15],"product_tag":[],"class_list":{"0":"post-1554","1":"product","2":"type-product","3":"status-publish","4":"has-post-thumbnail","6":"product_cat-sin-categorizar","8":"first","9":"instock","10":"shipping-taxable","11":"product-type-simple"},"yoast_head":"<!-- This site is optimized with the Yoast SEO plugin v26.4 - https:\/\/yoast.com\/wordpress\/plugins\/seo\/ -->\n<title>Jxb-178 term\u00f3metro infrarrojo de frente sin contacto Modelo 15007 - Abaa tienda online<\/title>\n<meta name=\"robots\" content=\"index, follow, max-snippet:-1, max-image-preview:large, max-video-preview:-1\" \/>\n<link rel=\"canonical\" href=\"https:\/\/abaa.mx\/tienda\/jxb-178-termometro-infrarrojo-de-frente-sin-contacto-modelo-15007\/\" \/>\n<meta property=\"og:locale\" content=\"es_MX\" \/>\n<meta property=\"og:type\" content=\"article\" \/>\n<meta property=\"og:title\" content=\"Jxb-178 term\u00f3metro infrarrojo de frente sin contacto Modelo 15007 - Abaa tienda online\" \/>\n<meta property=\"og:description\" content=\"Carcateristicas\u00a0   El sistema avanzado de detecci\u00f3n infrarroja da como resultado mediciones confiables y estables  Garantizado para 100,000 mediciones  \u00b0Celsius o \u00b0Fahrenheit Seleccionables  Detecci\u00f3n de calor en la frente  Modos seleccionables de cuerpo, superficie o habitaci\u00f3n  Alarma de fiebre alta si la temperatura es superior a 38\u00baC (100.4\u00baF)  La memoria contiene 32 puntos de datos de temperatura  Retenci\u00f3n autom\u00e1tica de datos  Apagado autom\u00e1tico  Rango de selecci\u00f3n autom\u00e1tica  Resoluci\u00f3n de Pantalla 0.1\u00b0C (0.1\u00b0F)  La luz de fondo verde indica temperatura normal La luz de fondo naranja indica fiebre baja La luz de fondo roja indica fiebre alta  FDA 510(k) Autorizado, CE, FCC, RoHS Certificado\" \/>\n<meta property=\"og:url\" content=\"https:\/\/abaa.mx\/tienda\/jxb-178-termometro-infrarrojo-de-frente-sin-contacto-modelo-15007\/\" \/>\n<meta property=\"og:site_name\" content=\"Abaa tienda online\" \/>\n<meta property=\"og:image\" content=\"https:\/\/abaa.mx\/tienda\/wp-content\/uploads\/2023\/09\/15007.jpg\" \/>\n\t<meta property=\"og:image:width\" content=\"641\" \/>\n\t<meta property=\"og:image:height\" content=\"999\" \/>\n\t<meta property=\"og:image:type\" content=\"image\/jpeg\" \/>\n<meta name=\"twitter:card\" content=\"summary_large_image\" \/>\n<meta name=\"twitter:label1\" content=\"Tiempo de lectura\" \/>\n\t<meta name=\"twitter:data1\" content=\"2 minutos\" \/>\n<script type=\"application\/ld+json\" class=\"yoast-schema-graph\">{\"@context\":\"https:\/\/schema.org\",\"@graph\":[{\"@type\":\"WebPage\",\"@id\":\"https:\/\/abaa.mx\/tienda\/jxb-178-termometro-infrarrojo-de-frente-sin-contacto-modelo-15007\/\",\"url\":\"https:\/\/abaa.mx\/tienda\/jxb-178-termometro-infrarrojo-de-frente-sin-contacto-modelo-15007\/\",\"name\":\"Jxb-178 term\u00f3metro infrarrojo de frente sin contacto Modelo 15007 - Abaa tienda online\",\"isPartOf\":{\"@id\":\"https:\/\/abaa.mx\/tienda\/#website\"},\"primaryImageOfPage\":{\"@id\":\"https:\/\/abaa.mx\/tienda\/jxb-178-termometro-infrarrojo-de-frente-sin-contacto-modelo-15007\/#primaryimage\"},\"image\":{\"@id\":\"https:\/\/abaa.mx\/tienda\/jxb-178-termometro-infrarrojo-de-frente-sin-contacto-modelo-15007\/#primaryimage\"},\"thumbnailUrl\":\"https:\/\/abaa.mx\/tienda\/wp-content\/uploads\/2023\/09\/15007.jpg\",\"datePublished\":\"2023-09-14T18:52:43+00:00\",\"breadcrumb\":{\"@id\":\"https:\/\/abaa.mx\/tienda\/jxb-178-termometro-infrarrojo-de-frente-sin-contacto-modelo-15007\/#breadcrumb\"},\"inLanguage\":\"es\",\"potentialAction\":[{\"@type\":\"ReadAction\",\"target\":[\"https:\/\/abaa.mx\/tienda\/jxb-178-termometro-infrarrojo-de-frente-sin-contacto-modelo-15007\/\"]}]},{\"@type\":\"ImageObject\",\"inLanguage\":\"es\",\"@id\":\"https:\/\/abaa.mx\/tienda\/jxb-178-termometro-infrarrojo-de-frente-sin-contacto-modelo-15007\/#primaryimage\",\"url\":\"https:\/\/abaa.mx\/tienda\/wp-content\/uploads\/2023\/09\/15007.jpg\",\"contentUrl\":\"https:\/\/abaa.mx\/tienda\/wp-content\/uploads\/2023\/09\/15007.jpg\",\"width\":641,\"height\":999,\"caption\":\"jxb-178-termometro-infrarrojo-de-frente-sin-contacto-modelo-15007\"},{\"@type\":\"BreadcrumbList\",\"@id\":\"https:\/\/abaa.mx\/tienda\/jxb-178-termometro-infrarrojo-de-frente-sin-contacto-modelo-15007\/#breadcrumb\",\"itemListElement\":[{\"@type\":\"ListItem\",\"position\":1,\"name\":\"Inicio\",\"item\":\"https:\/\/abaa.mx\/tienda\/\"},{\"@type\":\"ListItem\",\"position\":2,\"name\":\"Tienda\",\"item\":\"https:\/\/abaa.mx\/tienda\/\"},{\"@type\":\"ListItem\",\"position\":3,\"name\":\"Jxb-178 term\u00f3metro infrarrojo de frente sin contacto Modelo 15007\"}]},{\"@type\":\"WebSite\",\"@id\":\"https:\/\/abaa.mx\/tienda\/#website\",\"url\":\"https:\/\/abaa.mx\/tienda\/\",\"name\":\"Abaa tienda online\",\"description\":\"Instrumentos de medici\u00f3n\",\"publisher\":{\"@id\":\"https:\/\/abaa.mx\/tienda\/#organization\"},\"potentialAction\":[{\"@type\":\"SearchAction\",\"target\":{\"@type\":\"EntryPoint\",\"urlTemplate\":\"https:\/\/abaa.mx\/tienda\/?s={search_term_string}\"},\"query-input\":{\"@type\":\"PropertyValueSpecification\",\"valueRequired\":true,\"valueName\":\"search_term_string\"}}],\"inLanguage\":\"es\"},{\"@type\":\"Organization\",\"@id\":\"https:\/\/abaa.mx\/tienda\/#organization\",\"name\":\"Abaa tienda online\",\"url\":\"https:\/\/abaa.mx\/tienda\/\",\"logo\":{\"@type\":\"ImageObject\",\"inLanguage\":\"es\",\"@id\":\"https:\/\/abaa.mx\/tienda\/#\/schema\/logo\/image\/\",\"url\":\"https:\/\/abaa.mx\/tienda\/wp-content\/uploads\/2024\/01\/abaa-metrologia-tienda.png\",\"contentUrl\":\"https:\/\/abaa.mx\/tienda\/wp-content\/uploads\/2024\/01\/abaa-metrologia-tienda.png\",\"width\":300,\"height\":141,\"caption\":\"Abaa tienda online\"},\"image\":{\"@id\":\"https:\/\/abaa.mx\/tienda\/#\/schema\/logo\/image\/\"}}]}<\/script>\n<!-- \/ Yoast SEO plugin. -->","yoast_head_json":{"title":"Jxb-178 term\u00f3metro infrarrojo de frente sin contacto Modelo 15007 - Abaa tienda online","robots":{"index":"index","follow":"follow","max-snippet":"max-snippet:-1","max-image-preview":"max-image-preview:large","max-video-preview":"max-video-preview:-1"},"canonical":"https:\/\/abaa.mx\/tienda\/jxb-178-termometro-infrarrojo-de-frente-sin-contacto-modelo-15007\/","og_locale":"es_MX","og_type":"article","og_title":"Jxb-178 term\u00f3metro infrarrojo de frente sin contacto Modelo 15007 - Abaa tienda online","og_description":"Carcateristicas\u00a0   El sistema avanzado de detecci\u00f3n infrarroja da como resultado mediciones confiables y estables  Garantizado para 100,000 mediciones  \u00b0Celsius o \u00b0Fahrenheit Seleccionables  Detecci\u00f3n de calor en la frente  Modos seleccionables de cuerpo, superficie o habitaci\u00f3n  Alarma de fiebre alta si la temperatura es superior a 38\u00baC (100.4\u00baF)  La memoria contiene 32 puntos de datos de temperatura  Retenci\u00f3n autom\u00e1tica de datos  Apagado autom\u00e1tico  Rango de selecci\u00f3n autom\u00e1tica  Resoluci\u00f3n de Pantalla 0.1\u00b0C (0.1\u00b0F)  La luz de fondo verde indica temperatura normal La luz de fondo naranja indica fiebre baja La luz de fondo roja indica fiebre alta  FDA 510(k) Autorizado, CE, FCC, RoHS Certificado","og_url":"https:\/\/abaa.mx\/tienda\/jxb-178-termometro-infrarrojo-de-frente-sin-contacto-modelo-15007\/","og_site_name":"Abaa tienda online","og_image":[{"width":641,"height":999,"url":"https:\/\/abaa.mx\/tienda\/wp-content\/uploads\/2023\/09\/15007.jpg","type":"image\/jpeg"}],"twitter_card":"summary_large_image","twitter_misc":{"Tiempo de lectura":"2 minutos"},"schema":{"@context":"https:\/\/schema.org","@graph":[{"@type":"WebPage","@id":"https:\/\/abaa.mx\/tienda\/jxb-178-termometro-infrarrojo-de-frente-sin-contacto-modelo-15007\/","url":"https:\/\/abaa.mx\/tienda\/jxb-178-termometro-infrarrojo-de-frente-sin-contacto-modelo-15007\/","name":"Jxb-178 term\u00f3metro infrarrojo de frente sin contacto Modelo 15007 - Abaa tienda online","isPartOf":{"@id":"https:\/\/abaa.mx\/tienda\/#website"},"primaryImageOfPage":{"@id":"https:\/\/abaa.mx\/tienda\/jxb-178-termometro-infrarrojo-de-frente-sin-contacto-modelo-15007\/#primaryimage"},"image":{"@id":"https:\/\/abaa.mx\/tienda\/jxb-178-termometro-infrarrojo-de-frente-sin-contacto-modelo-15007\/#primaryimage"},"thumbnailUrl":"https:\/\/abaa.mx\/tienda\/wp-content\/uploads\/2023\/09\/15007.jpg","datePublished":"2023-09-14T18:52:43+00:00","breadcrumb":{"@id":"https:\/\/abaa.mx\/tienda\/jxb-178-termometro-infrarrojo-de-frente-sin-contacto-modelo-15007\/#breadcrumb"},"inLanguage":"es","potentialAction":[{"@type":"ReadAction","target":["https:\/\/abaa.mx\/tienda\/jxb-178-termometro-infrarrojo-de-frente-sin-contacto-modelo-15007\/"]}]},{"@type":"ImageObject","inLanguage":"es","@id":"https:\/\/abaa.mx\/tienda\/jxb-178-termometro-infrarrojo-de-frente-sin-contacto-modelo-15007\/#primaryimage","url":"https:\/\/abaa.mx\/tienda\/wp-content\/uploads\/2023\/09\/15007.jpg","contentUrl":"https:\/\/abaa.mx\/tienda\/wp-content\/uploads\/2023\/09\/15007.jpg","width":641,"height":999,"caption":"jxb-178-termometro-infrarrojo-de-frente-sin-contacto-modelo-15007"},{"@type":"BreadcrumbList","@id":"https:\/\/abaa.mx\/tienda\/jxb-178-termometro-infrarrojo-de-frente-sin-contacto-modelo-15007\/#breadcrumb","itemListElement":[{"@type":"ListItem","position":1,"name":"Inicio","item":"https:\/\/abaa.mx\/tienda\/"},{"@type":"ListItem","position":2,"name":"Tienda","item":"https:\/\/abaa.mx\/tienda\/"},{"@type":"ListItem","position":3,"name":"Jxb-178 term\u00f3metro infrarrojo de frente sin contacto Modelo 15007"}]},{"@type":"WebSite","@id":"https:\/\/abaa.mx\/tienda\/#website","url":"https:\/\/abaa.mx\/tienda\/","name":"Abaa tienda online","description":"Instrumentos de medici\u00f3n","publisher":{"@id":"https:\/\/abaa.mx\/tienda\/#organization"},"potentialAction":[{"@type":"SearchAction","target":{"@type":"EntryPoint","urlTemplate":"https:\/\/abaa.mx\/tienda\/?s={search_term_string}"},"query-input":{"@type":"PropertyValueSpecification","valueRequired":true,"valueName":"search_term_string"}}],"inLanguage":"es"},{"@type":"Organization","@id":"https:\/\/abaa.mx\/tienda\/#organization","name":"Abaa tienda online","url":"https:\/\/abaa.mx\/tienda\/","logo":{"@type":"ImageObject","inLanguage":"es","@id":"https:\/\/abaa.mx\/tienda\/#\/schema\/logo\/image\/","url":"https:\/\/abaa.mx\/tienda\/wp-content\/uploads\/2024\/01\/abaa-metrologia-tienda.png","contentUrl":"https:\/\/abaa.mx\/tienda\/wp-content\/uploads\/2024\/01\/abaa-metrologia-tienda.png","width":300,"height":141,"caption":"Abaa tienda online"},"image":{"@id":"https:\/\/abaa.mx\/tienda\/#\/schema\/logo\/image\/"}}]}},"_links":{"self":[{"href":"https:\/\/abaa.mx\/tienda\/wp-json\/wp\/v2\/product\/1554","targetHints":{"allow":["GET"]}}],"collection":[{"href":"https:\/\/abaa.mx\/tienda\/wp-json\/wp\/v2\/product"}],"about":[{"href":"https:\/\/abaa.mx\/tienda\/wp-json\/wp\/v2\/types\/product"}],"replies":[{"embeddable":true,"href":"https:\/\/abaa.mx\/tienda\/wp-json\/wp\/v2\/comments?post=1554"}],"wp:featuredmedia":[{"embeddable":true,"href":"https:\/\/abaa.mx\/tienda\/wp-json\/wp\/v2\/media\/1555"}],"wp:attachment":[{"href":"https:\/\/abaa.mx\/tienda\/wp-json\/wp\/v2\/media?parent=1554"}],"wp:term":[{"taxonomy":"product_brand","embeddable":true,"href":"https:\/\/abaa.mx\/tienda\/wp-json\/wp\/v2\/product_brand?post=1554"},{"taxonomy":"product_cat","embeddable":true,"href":"https:\/\/abaa.mx\/tienda\/wp-json\/wp\/v2\/product_cat?post=1554"},{"taxonomy":"product_tag","embeddable":true,"href":"https:\/\/abaa.mx\/tienda\/wp-json\/wp\/v2\/product_tag?post=1554"}],"curies":[{"name":"wp","href":"https:\/\/api.w.org\/{rel}","templated":true}]}}