{"id":1552,"date":"2023-09-14T18:46:50","date_gmt":"2023-09-14T18:46:50","guid":{"rendered":"https:\/\/abaa.mx\/tienda\/?post_type=product&#038;p=1552"},"modified":"2023-09-14T19:14:12","modified_gmt":"2023-09-14T19:14:12","slug":"thermotrace-auto-check-termometro-infrarrojo-de-frente-sin-contacto-k3-modelo-15050","status":"publish","type":"product","link":"https:\/\/abaa.mx\/tienda\/thermotrace-auto-check-termometro-infrarrojo-de-frente-sin-contacto-k3-modelo-15050\/","title":{"rendered":"Thermotrace auto-check term\u00f3metro infrarrojo de frente sin contacto k3 Modelo 15050"},"content":{"rendered":"<h1>Thermotrace\u00a0auto-check term\u00f3metro infrarrojo de frente sin contacto k3<\/h1>\n<h3><strong>Modelo\u00a015050<\/strong><\/h3>\n<ul>\n<li>Sin contacto, evite la infecci\u00f3n cruzada<\/li>\n<li>Manos libres, no se requiere operador<\/li>\n<li>Lectura r\u00e1pida, 50 mediciones por minuto<\/li>\n<li>La unidad viene con una bater\u00eda recargable instalada para facilitar su uso<\/li>\n<li>Temperatura de alarma preestablecida a 100.4 \u00b0 F para detecci\u00f3n de fiebre seg\u00fan las pautas de los CDC<\/li>\n<li>Ideal para escuelas, empresas y servicios alimentarios<\/li>\n<li>Se puede montar en la pared o en un tr\u00edpode<\/li>\n<li>Dise\u00f1ado para uso continuo a largo plazo<\/li>\n<li>Capacidad de alarma de fiebre preestablecida (\u00b0 F \/ \u00b0 C)<\/li>\n<li>\u00b0 F \/ \u00b0 C seleccionable<\/li>\n<li>Certificaciones: CE, FCC, RoHS<\/li>\n<\/ul>\n<p><b>Aplicaciones:<\/b> Escuelas, Cadenas de restaurantes, Servicios de alimentos, Almacenes, Consultorios m\u00e9dicos.<\/p>\n<div class=\"prod-bottom\">\n<div class=\"prod-desc\">\n<p>El ThermoTrace Auto-Check Non-Contact Infrared Forehead Thermometer K3 es un term\u00f3metro manos libres que mide autom\u00e1ticamente la temperatura de la frente o del cuerpo. Este term\u00f3metro infrarrojo digital garantiza una alta eficiencia, una medici\u00f3n precisa de la temperatura y es una herramienta eficaz para buscar fiebres con alarmas visuales y audibles. Tambi\u00e9n reduce la mano de obra necesaria para usar un term\u00f3metro infrarrojo port\u00e1til tradicional.<\/p>\n<h4>F\u00e1cil de usar<\/h4>\n<p>P\u00e1rese directamente frente al term\u00f3metro, aproximadamente a 10 cm de distancia. El esc\u00e1ner emitir\u00e1 un pitido y mostrar\u00e1 la lectura de temperatura en la pantalla digital.<\/p>\n<ul>\n<li><strong>Temperatura normal:<\/strong>\u00a0cuando la lectura de temperatura est\u00e1 dentro del rango normal, las luces verdes parpadear\u00e1n y el esc\u00e1ner emitir\u00e1 un pitido una vez.<\/li>\n<li><strong>Temperatura anormal<\/strong>: cuando la lectura de temperatura est\u00e1 fuera del rango normal, las luces rojas parpadear\u00e1n y el esc\u00e1ner emitir\u00e1 dos pitidos.\n<ul>\n<li><strong>Rango bajo:<\/strong>\u00a0\u201cLo\u201d aparecer\u00e1 en la pantalla cuando la lectura de temperatura sea m\u00e1s baja que el rango normal.<\/li>\n<li><strong>Rango alto:<\/strong>\u00a0\u201cHi\u201d aparecer\u00e1 en la pantalla cuando la lectura de temperatura sea m\u00e1s alta que el rango normal.<\/li>\n<\/ul>\n<\/li>\n<\/ul>\n<h4>Negocios, Cl\u00ednicas y Autoservicios<\/h4>\n<p>El term\u00f3metro de frente sin se adapta perfectamente para evaluar la salud de los empleados y clientes antes de ingresar al lugar de trabajo. Montado cerca de puertas y portones de entrada y salida.<\/p>\n<h4>Escuelas y Universidades<\/h4>\n<p>Soluci\u00f3n ideal para examinar a los estudiantes en las entradas de las aulas. Excelente manera de identificar a los estudiantes con fiebre para ayudar a prevenir infecciones.<\/p>\n<h4>Servicios de alimentaci\u00f3n y hosteler\u00eda<\/h4>\n<p>Este term\u00f3metro de montaje en pared est\u00e1 bien posicionado para examinar a los empleados y clientes a fin de detectar fiebres antes de ingresar al establecimiento, donde el personal puede ser alertado r\u00e1pidamente.<\/p>\n<table>\n<caption>ThermoTrace Auto-Check Term\u00f3metro infrarrojo de frente sin contacto K3<\/caption>\n<thead>\n<tr>\n<th scope=\"col\">Caracter\u00edstica<\/th>\n<th scope=\"col\">Especificaci\u00f3n<\/th>\n<\/tr>\n<\/thead>\n<tbody>\n<tr>\n<td>Rango de medici\u00f3n<\/td>\n<td>De 32 \u00b0C a 122 \u00b0C (de 0 \u00b0F a 50 \u00b0F)<\/td>\n<\/tr>\n<tr>\n<td>Temperatura de funcionamiento<\/td>\n<td>De 50 \u00b0C a 104 \u00b0C (de 10 \u00b0F a 40 \u00b0F)<\/td>\n<\/tr>\n<tr>\n<td>Precisi\u00f3n<\/td>\n<td>\u00b1 0.4\u00b0F de 93.2\u00b0F a 113\u00b0F \u00b1 0.2\u00b0C de 34\u00b0C a 45\u00b0C<\/td>\n<\/tr>\n<tr>\n<td>Tipo de visualizaci\u00f3n<\/td>\n<td>Digital<\/td>\n<\/tr>\n<tr>\n<td>Distancia de medici\u00f3n<\/td>\n<td>2 pulg. A 4 pulg. (5 cm a 10 cm)<\/td>\n<\/tr>\n<tr>\n<td>Tiempo de respuesta<\/td>\n<td>0,5 segundos<\/td>\n<\/tr>\n<tr>\n<td>Memoria de datos<\/td>\n<td>999 puntos de datos de temperatura<\/td>\n<\/tr>\n<tr>\n<td>Espera activa<\/td>\n<td>Aproximadamente una semana<\/td>\n<\/tr>\n<tr>\n<td>Alimentaci\u00f3n<\/td>\n<td>USB DC 4.2-5V bater\u00eda 18650 recargable de iones de litio de 3.7V<\/td>\n<\/tr>\n<tr>\n<td>Tama\u00f1o<\/td>\n<td>170 mm de largo x 115 mm de ancho x 140 mm de alto<\/td>\n<\/tr>\n<tr>\n<td>Peso<\/td>\n<td>0,77 libras (350 g)<\/td>\n<\/tr>\n<tr>\n<td>Certificaciones<\/td>\n<td>CE, FCC, RoHS<\/td>\n<\/tr>\n<\/tbody>\n<\/table>\n<\/div>\n<\/div>\n","protected":false},"excerpt":{"rendered":"<h3><strong>Caracter\u00edsticas\u00a0<\/strong><\/h3>\n<ul>\n<li>Sin contacto, evite la infecci\u00f3n cruzada<\/li>\n<li>Manos libres, no se requiere operador<\/li>\n<li>Lectura r\u00e1pida, 50 mediciones por minuto<\/li>\n<li>La unidad viene con una bater\u00eda recargable instalada para facilitar su uso<\/li>\n<li>Temperatura de alarma preestablecida a 100.4 \u00b0 F para detecci\u00f3n de fiebre seg\u00fan las pautas de los CDC<\/li>\n<li>Ideal para escuelas, empresas y servicios alimentarios<\/li>\n<li>Se puede montar en la pared o en un tr\u00edpode<\/li>\n<li>Dise\u00f1ado para uso continuo a largo plazo<\/li>\n<li>Capacidad de alarma de fiebre preestablecida (\u00b0 F \/ \u00b0 C)<\/li>\n<li>\u00b0 F \/ \u00b0 C seleccionable<\/li>\n<li>Certificaciones: CE, FCC, RoHS<\/li>\n<\/ul>\n","protected":false},"featured_media":1561,"comment_status":"open","ping_status":"closed","template":"","meta":{"_joinchat":[]},"product_brand":[],"product_cat":[15],"product_tag":[],"class_list":{"0":"post-1552","1":"product","2":"type-product","3":"status-publish","4":"has-post-thumbnail","6":"product_cat-sin-categorizar","8":"first","9":"instock","10":"shipping-taxable","11":"product-type-simple"},"yoast_head":"<!-- This site is optimized with the Yoast SEO plugin v26.4 - https:\/\/yoast.com\/wordpress\/plugins\/seo\/ -->\n<title>Thermotrace auto-check term\u00f3metro infrarrojo de frente sin contacto k3 Modelo 15050 - Abaa tienda online<\/title>\n<meta name=\"robots\" content=\"index, follow, max-snippet:-1, max-image-preview:large, max-video-preview:-1\" \/>\n<link rel=\"canonical\" href=\"https:\/\/abaa.mx\/tienda\/thermotrace-auto-check-termometro-infrarrojo-de-frente-sin-contacto-k3-modelo-15050\/\" \/>\n<meta property=\"og:locale\" content=\"es_MX\" \/>\n<meta property=\"og:type\" content=\"article\" \/>\n<meta property=\"og:title\" content=\"Thermotrace auto-check term\u00f3metro infrarrojo de frente sin contacto k3 Modelo 15050 - Abaa tienda online\" \/>\n<meta property=\"og:description\" content=\"Caracter\u00edsticas\u00a0   Sin contacto, evite la infecci\u00f3n cruzada  Manos libres, no se requiere operador  Lectura r\u00e1pida, 50 mediciones por minuto  La unidad viene con una bater\u00eda recargable instalada para facilitar su uso  Temperatura de alarma preestablecida a 100.4 \u00b0 F para detecci\u00f3n de fiebre seg\u00fan las pautas de los CDC  Ideal para escuelas, empresas y servicios alimentarios  Se puede montar en la pared o en un tr\u00edpode  Dise\u00f1ado para uso continuo a largo plazo  Capacidad de alarma de fiebre preestablecida (\u00b0 F \/ \u00b0 C)  \u00b0 F \/ \u00b0 C seleccionable  Certificaciones: CE, FCC, RoHS\" \/>\n<meta property=\"og:url\" content=\"https:\/\/abaa.mx\/tienda\/thermotrace-auto-check-termometro-infrarrojo-de-frente-sin-contacto-k3-modelo-15050\/\" \/>\n<meta property=\"og:site_name\" content=\"Abaa tienda online\" \/>\n<meta property=\"article:modified_time\" content=\"2023-09-14T19:14:12+00:00\" \/>\n<meta property=\"og:image\" content=\"https:\/\/abaa.mx\/tienda\/wp-content\/uploads\/2023\/09\/15050-B.jpg\" \/>\n\t<meta property=\"og:image:width\" content=\"1000\" \/>\n\t<meta property=\"og:image:height\" content=\"1000\" \/>\n\t<meta property=\"og:image:type\" content=\"image\/jpeg\" \/>\n<meta name=\"twitter:card\" content=\"summary_large_image\" \/>\n<meta name=\"twitter:label1\" content=\"Tiempo de lectura\" \/>\n\t<meta name=\"twitter:data1\" content=\"3 minutos\" \/>\n<script type=\"application\/ld+json\" class=\"yoast-schema-graph\">{\"@context\":\"https:\/\/schema.org\",\"@graph\":[{\"@type\":\"WebPage\",\"@id\":\"https:\/\/abaa.mx\/tienda\/thermotrace-auto-check-termometro-infrarrojo-de-frente-sin-contacto-k3-modelo-15050\/\",\"url\":\"https:\/\/abaa.mx\/tienda\/thermotrace-auto-check-termometro-infrarrojo-de-frente-sin-contacto-k3-modelo-15050\/\",\"name\":\"Thermotrace auto-check term\u00f3metro infrarrojo de frente sin contacto k3 Modelo 15050 - Abaa tienda online\",\"isPartOf\":{\"@id\":\"https:\/\/abaa.mx\/tienda\/#website\"},\"primaryImageOfPage\":{\"@id\":\"https:\/\/abaa.mx\/tienda\/thermotrace-auto-check-termometro-infrarrojo-de-frente-sin-contacto-k3-modelo-15050\/#primaryimage\"},\"image\":{\"@id\":\"https:\/\/abaa.mx\/tienda\/thermotrace-auto-check-termometro-infrarrojo-de-frente-sin-contacto-k3-modelo-15050\/#primaryimage\"},\"thumbnailUrl\":\"https:\/\/abaa.mx\/tienda\/wp-content\/uploads\/2023\/09\/15050-B.jpg\",\"datePublished\":\"2023-09-14T18:46:50+00:00\",\"dateModified\":\"2023-09-14T19:14:12+00:00\",\"breadcrumb\":{\"@id\":\"https:\/\/abaa.mx\/tienda\/thermotrace-auto-check-termometro-infrarrojo-de-frente-sin-contacto-k3-modelo-15050\/#breadcrumb\"},\"inLanguage\":\"es\",\"potentialAction\":[{\"@type\":\"ReadAction\",\"target\":[\"https:\/\/abaa.mx\/tienda\/thermotrace-auto-check-termometro-infrarrojo-de-frente-sin-contacto-k3-modelo-15050\/\"]}]},{\"@type\":\"ImageObject\",\"inLanguage\":\"es\",\"@id\":\"https:\/\/abaa.mx\/tienda\/thermotrace-auto-check-termometro-infrarrojo-de-frente-sin-contacto-k3-modelo-15050\/#primaryimage\",\"url\":\"https:\/\/abaa.mx\/tienda\/wp-content\/uploads\/2023\/09\/15050-B.jpg\",\"contentUrl\":\"https:\/\/abaa.mx\/tienda\/wp-content\/uploads\/2023\/09\/15050-B.jpg\",\"width\":1000,\"height\":1000,\"caption\":\"thermotrace-auto-check-termometro-infrarrojo-de-frente-sin-contacto-k3-modelo-15050\"},{\"@type\":\"BreadcrumbList\",\"@id\":\"https:\/\/abaa.mx\/tienda\/thermotrace-auto-check-termometro-infrarrojo-de-frente-sin-contacto-k3-modelo-15050\/#breadcrumb\",\"itemListElement\":[{\"@type\":\"ListItem\",\"position\":1,\"name\":\"Inicio\",\"item\":\"https:\/\/abaa.mx\/tienda\/\"},{\"@type\":\"ListItem\",\"position\":2,\"name\":\"Tienda\",\"item\":\"https:\/\/abaa.mx\/tienda\/\"},{\"@type\":\"ListItem\",\"position\":3,\"name\":\"Thermotrace auto-check term\u00f3metro infrarrojo de frente sin contacto k3 Modelo 15050\"}]},{\"@type\":\"WebSite\",\"@id\":\"https:\/\/abaa.mx\/tienda\/#website\",\"url\":\"https:\/\/abaa.mx\/tienda\/\",\"name\":\"Abaa tienda online\",\"description\":\"Instrumentos de medici\u00f3n\",\"publisher\":{\"@id\":\"https:\/\/abaa.mx\/tienda\/#organization\"},\"potentialAction\":[{\"@type\":\"SearchAction\",\"target\":{\"@type\":\"EntryPoint\",\"urlTemplate\":\"https:\/\/abaa.mx\/tienda\/?s={search_term_string}\"},\"query-input\":{\"@type\":\"PropertyValueSpecification\",\"valueRequired\":true,\"valueName\":\"search_term_string\"}}],\"inLanguage\":\"es\"},{\"@type\":\"Organization\",\"@id\":\"https:\/\/abaa.mx\/tienda\/#organization\",\"name\":\"Abaa tienda online\",\"url\":\"https:\/\/abaa.mx\/tienda\/\",\"logo\":{\"@type\":\"ImageObject\",\"inLanguage\":\"es\",\"@id\":\"https:\/\/abaa.mx\/tienda\/#\/schema\/logo\/image\/\",\"url\":\"https:\/\/abaa.mx\/tienda\/wp-content\/uploads\/2024\/01\/abaa-metrologia-tienda.png\",\"contentUrl\":\"https:\/\/abaa.mx\/tienda\/wp-content\/uploads\/2024\/01\/abaa-metrologia-tienda.png\",\"width\":300,\"height\":141,\"caption\":\"Abaa tienda online\"},\"image\":{\"@id\":\"https:\/\/abaa.mx\/tienda\/#\/schema\/logo\/image\/\"}}]}<\/script>\n<!-- \/ Yoast SEO plugin. -->","yoast_head_json":{"title":"Thermotrace auto-check term\u00f3metro infrarrojo de frente sin contacto k3 Modelo 15050 - Abaa tienda online","robots":{"index":"index","follow":"follow","max-snippet":"max-snippet:-1","max-image-preview":"max-image-preview:large","max-video-preview":"max-video-preview:-1"},"canonical":"https:\/\/abaa.mx\/tienda\/thermotrace-auto-check-termometro-infrarrojo-de-frente-sin-contacto-k3-modelo-15050\/","og_locale":"es_MX","og_type":"article","og_title":"Thermotrace auto-check term\u00f3metro infrarrojo de frente sin contacto k3 Modelo 15050 - Abaa tienda online","og_description":"Caracter\u00edsticas\u00a0   Sin contacto, evite la infecci\u00f3n cruzada  Manos libres, no se requiere operador  Lectura r\u00e1pida, 50 mediciones por minuto  La unidad viene con una bater\u00eda recargable instalada para facilitar su uso  Temperatura de alarma preestablecida a 100.4 \u00b0 F para detecci\u00f3n de fiebre seg\u00fan las pautas de los CDC  Ideal para escuelas, empresas y servicios alimentarios  Se puede montar en la pared o en un tr\u00edpode  Dise\u00f1ado para uso continuo a largo plazo  Capacidad de alarma de fiebre preestablecida (\u00b0 F \/ \u00b0 C)  \u00b0 F \/ \u00b0 C seleccionable  Certificaciones: CE, FCC, RoHS","og_url":"https:\/\/abaa.mx\/tienda\/thermotrace-auto-check-termometro-infrarrojo-de-frente-sin-contacto-k3-modelo-15050\/","og_site_name":"Abaa tienda online","article_modified_time":"2023-09-14T19:14:12+00:00","og_image":[{"width":1000,"height":1000,"url":"https:\/\/abaa.mx\/tienda\/wp-content\/uploads\/2023\/09\/15050-B.jpg","type":"image\/jpeg"}],"twitter_card":"summary_large_image","twitter_misc":{"Tiempo de lectura":"3 minutos"},"schema":{"@context":"https:\/\/schema.org","@graph":[{"@type":"WebPage","@id":"https:\/\/abaa.mx\/tienda\/thermotrace-auto-check-termometro-infrarrojo-de-frente-sin-contacto-k3-modelo-15050\/","url":"https:\/\/abaa.mx\/tienda\/thermotrace-auto-check-termometro-infrarrojo-de-frente-sin-contacto-k3-modelo-15050\/","name":"Thermotrace auto-check term\u00f3metro infrarrojo de frente sin contacto k3 Modelo 15050 - Abaa tienda online","isPartOf":{"@id":"https:\/\/abaa.mx\/tienda\/#website"},"primaryImageOfPage":{"@id":"https:\/\/abaa.mx\/tienda\/thermotrace-auto-check-termometro-infrarrojo-de-frente-sin-contacto-k3-modelo-15050\/#primaryimage"},"image":{"@id":"https:\/\/abaa.mx\/tienda\/thermotrace-auto-check-termometro-infrarrojo-de-frente-sin-contacto-k3-modelo-15050\/#primaryimage"},"thumbnailUrl":"https:\/\/abaa.mx\/tienda\/wp-content\/uploads\/2023\/09\/15050-B.jpg","datePublished":"2023-09-14T18:46:50+00:00","dateModified":"2023-09-14T19:14:12+00:00","breadcrumb":{"@id":"https:\/\/abaa.mx\/tienda\/thermotrace-auto-check-termometro-infrarrojo-de-frente-sin-contacto-k3-modelo-15050\/#breadcrumb"},"inLanguage":"es","potentialAction":[{"@type":"ReadAction","target":["https:\/\/abaa.mx\/tienda\/thermotrace-auto-check-termometro-infrarrojo-de-frente-sin-contacto-k3-modelo-15050\/"]}]},{"@type":"ImageObject","inLanguage":"es","@id":"https:\/\/abaa.mx\/tienda\/thermotrace-auto-check-termometro-infrarrojo-de-frente-sin-contacto-k3-modelo-15050\/#primaryimage","url":"https:\/\/abaa.mx\/tienda\/wp-content\/uploads\/2023\/09\/15050-B.jpg","contentUrl":"https:\/\/abaa.mx\/tienda\/wp-content\/uploads\/2023\/09\/15050-B.jpg","width":1000,"height":1000,"caption":"thermotrace-auto-check-termometro-infrarrojo-de-frente-sin-contacto-k3-modelo-15050"},{"@type":"BreadcrumbList","@id":"https:\/\/abaa.mx\/tienda\/thermotrace-auto-check-termometro-infrarrojo-de-frente-sin-contacto-k3-modelo-15050\/#breadcrumb","itemListElement":[{"@type":"ListItem","position":1,"name":"Inicio","item":"https:\/\/abaa.mx\/tienda\/"},{"@type":"ListItem","position":2,"name":"Tienda","item":"https:\/\/abaa.mx\/tienda\/"},{"@type":"ListItem","position":3,"name":"Thermotrace auto-check term\u00f3metro infrarrojo de frente sin contacto k3 Modelo 15050"}]},{"@type":"WebSite","@id":"https:\/\/abaa.mx\/tienda\/#website","url":"https:\/\/abaa.mx\/tienda\/","name":"Abaa tienda online","description":"Instrumentos de medici\u00f3n","publisher":{"@id":"https:\/\/abaa.mx\/tienda\/#organization"},"potentialAction":[{"@type":"SearchAction","target":{"@type":"EntryPoint","urlTemplate":"https:\/\/abaa.mx\/tienda\/?s={search_term_string}"},"query-input":{"@type":"PropertyValueSpecification","valueRequired":true,"valueName":"search_term_string"}}],"inLanguage":"es"},{"@type":"Organization","@id":"https:\/\/abaa.mx\/tienda\/#organization","name":"Abaa tienda online","url":"https:\/\/abaa.mx\/tienda\/","logo":{"@type":"ImageObject","inLanguage":"es","@id":"https:\/\/abaa.mx\/tienda\/#\/schema\/logo\/image\/","url":"https:\/\/abaa.mx\/tienda\/wp-content\/uploads\/2024\/01\/abaa-metrologia-tienda.png","contentUrl":"https:\/\/abaa.mx\/tienda\/wp-content\/uploads\/2024\/01\/abaa-metrologia-tienda.png","width":300,"height":141,"caption":"Abaa tienda online"},"image":{"@id":"https:\/\/abaa.mx\/tienda\/#\/schema\/logo\/image\/"}}]}},"_links":{"self":[{"href":"https:\/\/abaa.mx\/tienda\/wp-json\/wp\/v2\/product\/1552","targetHints":{"allow":["GET"]}}],"collection":[{"href":"https:\/\/abaa.mx\/tienda\/wp-json\/wp\/v2\/product"}],"about":[{"href":"https:\/\/abaa.mx\/tienda\/wp-json\/wp\/v2\/types\/product"}],"replies":[{"embeddable":true,"href":"https:\/\/abaa.mx\/tienda\/wp-json\/wp\/v2\/comments?post=1552"}],"wp:featuredmedia":[{"embeddable":true,"href":"https:\/\/abaa.mx\/tienda\/wp-json\/wp\/v2\/media\/1561"}],"wp:attachment":[{"href":"https:\/\/abaa.mx\/tienda\/wp-json\/wp\/v2\/media?parent=1552"}],"wp:term":[{"taxonomy":"product_brand","embeddable":true,"href":"https:\/\/abaa.mx\/tienda\/wp-json\/wp\/v2\/product_brand?post=1552"},{"taxonomy":"product_cat","embeddable":true,"href":"https:\/\/abaa.mx\/tienda\/wp-json\/wp\/v2\/product_cat?post=1552"},{"taxonomy":"product_tag","embeddable":true,"href":"https:\/\/abaa.mx\/tienda\/wp-json\/wp\/v2\/product_tag?post=1552"}],"curies":[{"name":"wp","href":"https:\/\/api.w.org\/{rel}","templated":true}]}}