{"id":1549,"date":"2023-09-14T18:39:39","date_gmt":"2023-09-14T18:39:39","guid":{"rendered":"https:\/\/abaa.mx\/tienda\/?post_type=product&#038;p=1549"},"modified":"2023-09-14T19:12:18","modified_gmt":"2023-09-14T19:12:18","slug":"thermotrace-ble-termometro-combinado-de-sonda-de-termopar-infrarrojo-modelo-15039-01","status":"publish","type":"product","link":"https:\/\/abaa.mx\/tienda\/thermotrace-ble-termometro-combinado-de-sonda-de-termopar-infrarrojo-modelo-15039-01\/","title":{"rendered":"Thermotrace ble term\u00f3metro combinado de sonda de termopar infrarrojo Modelo 15039-01"},"content":{"rendered":"<h1>Thermotrace\u00a0ble term\u00f3metro combinado de sonda de termopar infrarrojo<\/h1>\n<h3><strong>Modelo\u00a015039-01<\/strong><\/h3>\n<ul>\n<li>Ligero, compacto, dise\u00f1o 2 en 1<\/li>\n<li>Aguja termopar para temperatura interna del producto<\/li>\n<li>Infrarrojo para medici\u00f3n superficial instant\u00e1nea sin contacto<\/li>\n<li>L\u00e1ser de haz m\u00faltiple para una orientaci\u00f3n precisa<\/li>\n<li>Ideal para \u00e1reas extremadamente calientes, objetos en movimiento, lugares de dif\u00edcil acceso<\/li>\n<li>Verifique los puntos de control HACCP<\/li>\n<li>Memoria m\u00ednima \/ m\u00e1xima en modo IR<\/li>\n<li>Calibraci\u00f3n trazable NIST<\/li>\n<li>Lectura r\u00e1pida de termopar de 3 segundos<\/li>\n<li>Lectura infrarroja instant\u00e1nea<\/li>\n<li>Indicador de bater\u00eda baja<\/li>\n<\/ul>\n<p><b>Aplicaciones:<\/b>\u00a0Ideal para \u00c1reas Extremadamente Calientes, Objetos en Movimiento, Lugares de Dif\u00edcil Acceso.<\/p>\n<p>Este term\u00f3metro r\u00e1pido y preciso, ideal para usar en cualquier lugar donde se procesen, preparen, manipulen, sirvan, empaqueten, almacenen, env\u00eden y reciban alimentos. La sonda de termopar de punta afilada mide la temperatura interna, mientras que el sensor infrarrojo permite a los usuarios tomar la temperatura de la superficie al instante sin tocar, contaminar o causar da\u00f1os. Tambi\u00e9n es ideal para medir \u00e1reas extremadamente calientes, objetos en movimiento y lugares de dif\u00edcil acceso. La Mira l\u00e1ser exclusiva multihaz garantiza una punter\u00eda precisa en el objetivo y proporciona una manera f\u00e1cil de verificar los puntos de control HACCP.<\/p>\n<table>\n<caption>ThermoTrace BLE Term\u00f3metro combinado de sonda de termopar infrarrojo<\/caption>\n<thead>\n<tr>\n<th scope=\"col\">Caracter\u00edstica<\/th>\n<th scope=\"col\">Especificaci\u00f3n<\/th>\n<\/tr>\n<\/thead>\n<tbody>\n<tr>\n<td>Campo de visi\u00f3n<\/td>\n<td>Relaci\u00f3n de distancia al punto de 8: 1<\/td>\n<\/tr>\n<tr>\n<td>Rango de medici\u00f3n de infrarrojos<\/p>\n<div><\/div>\n<\/td>\n<td>-60 \u00b0C a 350 \u00b0C (-76 \u00b0F a 662 \u00b0F)<\/td>\n<\/tr>\n<tr>\n<td>Rango de medici\u00f3n de la sonda<\/td>\n<td>-60 \u00b0C a 350 \u00b0C (-76 \u00b0F a 662 \u00b0F)<\/td>\n<\/tr>\n<tr>\n<td>Rango de operaci\u00f3n<\/td>\n<td>De 0 \u00b0C a 50 \u00b0C (de 32 \u00b0F a 122 \u00b0F)<\/td>\n<\/tr>\n<tr>\n<td>Precisi\u00f3n de infrarrojos<\/td>\n<td>Temperatura del objeto: \u00b11,1 \u00b0F de 59 \u00b0F a 95 \u00b0F (\u00b10,6 \u00b0C de 15 \u00b0C a 35 \u00b0C) Temperatura ambiente: 20 \u00b0C a 26 \u00b0C (68 \u00b0F a 78,8 \u00b0F) -76 \u00b0F a 0 \u00b0F: \u00b1(2 \u00b0F+0,1\/grado) (-60 \u00b0C a 0 \u00b0C: \u00b1(1\u00b0 C+0.1\/grado) 0\u00b0F a 149\u00b0F: \u00b12\u00b0F (0\u00b0C a 65\u00b0C: \u00b11\u00b0C) 149\u00b0F a 662\u00b0F: \u00b11.5% de lectura (65\u00b0C a 350\u00b0C: \u00b11,5% de lectura)<\/td>\n<\/tr>\n<tr>\n<td>Precisi\u00f3n de la sonda<\/td>\n<td>&lt; 23\u00b0F: \u00b12\u00b0F (&lt;-5\u00b0C: \u00b11\u00b0C) De 23 \u00b0F a 149 \u00b0F: \u00b11 \u00b0F (-5 \u00b0C a 65 \u00b0C: \u00b10.5 \u00b0C) &gt;149 \u00b0 F (&gt;65 \u00b0 C): \u00b11% de los lectores<\/td>\n<\/tr>\n<tr>\n<td>Tiempo de respuesta<\/td>\n<td>Menos de 1 segundo<\/td>\n<\/tr>\n<tr>\n<td>Mostrar tiempo de espera<\/td>\n<td>30 segundos<\/td>\n<\/tr>\n<tr>\n<td>Resoluci\u00f3n de pantalla<\/td>\n<td>0.5\u00b0F (0.2\u00b0C)<\/td>\n<\/tr>\n<tr>\n<td>Rango de emisividad<\/td>\n<td>Configurado de f\u00e1brica en 0,95 &#8211; ajustable de 0,1 a 1,00 paso 0,01<\/td>\n<\/tr>\n<tr>\n<td>Bater\u00eda y duraci\u00f3n de la bater\u00eda<\/td>\n<td>AAA x 2 Modo IRT: t\u00edpico 22 horas; m\u00edn. 20 hrs de uso continuo (con l\u00e1ser) Modo COT: t\u00edpico 207 horas; m\u00edn. 200 horas de uso continuo<\/td>\n<\/tr>\n<tr>\n<td>M\u00e9todo de observaci\u00f3n<\/td>\n<td>L\u00e1ser multihaz<\/td>\n<\/tr>\n<tr>\n<td>Dimensiones<\/td>\n<td>39,5 mm x 53,9 mm x 158 mm<br \/>\n(1,56 pulgadas x 2,12 pulgadas x 6,22 pulgadas)<\/td>\n<\/tr>\n<tr>\n<td>Peso<\/td>\n<td>5,64 oz (160 g) incluidas las pilas<\/td>\n<\/tr>\n<tr>\n<td>Investigacion<\/td>\n<td>Acero inoxidable, Longitud 3.74in (95 mm), di\u00e1metro 0,067 pulg. (1,7 mm)<\/td>\n<\/tr>\n<tr>\n<td>Clasificaci\u00f3n del IP<\/td>\n<td>IP54<\/td>\n<\/tr>\n<tr>\n<td>Certificaci\u00f3n<\/td>\n<td>Trazabilidad CE, NSF, NIST<\/td>\n<\/tr>\n<\/tbody>\n<\/table>\n<table>\n<caption>Especificaciones generales de Bluetooth<\/caption>\n<tfoot>\n<tr>\n<td colspan=\"2\">DeltaTrak fabrica productos bajo un sistema de gesti\u00f3n de calidad registrado ISO 9001:2015<\/td>\n<\/tr>\n<\/tfoot>\n<tbody>\n<tr>\n<td>Conjunto de chips<\/td>\n<td>N\u00f3rdico nRF51822<\/td>\n<\/tr>\n<tr>\n<td>Potencia nominal<\/td>\n<td>CC de 1,8 V a 3,6 V<\/td>\n<\/tr>\n<tr>\n<td>Temperatura de funcionamiento<\/td>\n<td>-30 \u00b0C a 85 \u00b0C (-22 \u00b0F a 185 \u00b0F)<\/td>\n<\/tr>\n<tr>\n<td>Temperatura de almacenamiento<\/td>\n<td>-40 \u00b0C a 85 \u00b0C (-40 \u00b0F a 185 \u00b0F)<\/td>\n<\/tr>\n<tr>\n<td>Humedad (sin funcionamiento)<\/td>\n<td>95% M\u00e1xima<\/td>\n<\/tr>\n<tr>\n<td>Frecuencia y Potencia<\/td>\n<td>2402-2480 MHz; 40 canales; 3,0 mW<\/td>\n<\/tr>\n<\/tbody>\n<\/table>\n","protected":false},"excerpt":{"rendered":"<h3><strong>Caracter\u00edsticas\u00a0<\/strong><\/h3>\n<ul>\n<li>Ligero, compacto, dise\u00f1o 2 en 1<\/li>\n<li>Aguja termopar para temperatura interna del producto<\/li>\n<li>Infrarrojo para medici\u00f3n superficial instant\u00e1nea sin contacto<\/li>\n<li>L\u00e1ser de haz m\u00faltiple para una orientaci\u00f3n precisa<\/li>\n<li>Ideal para \u00e1reas extremadamente calientes, objetos en movimiento, lugares de dif\u00edcil acceso<\/li>\n<li>Verifique los puntos de control HACCP<\/li>\n<li>Memoria m\u00ednima \/ m\u00e1xima en modo IR<\/li>\n<li>Calibraci\u00f3n trazable NIST<\/li>\n<li>Lectura r\u00e1pida de termopar de 3 segundos<\/li>\n<li>Lectura infrarroja instant\u00e1nea<\/li>\n<li>Indicador de bater\u00eda baja<\/li>\n<\/ul>\n","protected":false},"featured_media":1559,"comment_status":"open","ping_status":"closed","template":"","meta":{"_joinchat":[]},"product_brand":[],"product_cat":[15],"product_tag":[],"class_list":{"0":"post-1549","1":"product","2":"type-product","3":"status-publish","4":"has-post-thumbnail","6":"product_cat-sin-categorizar","8":"first","9":"instock","10":"shipping-taxable","11":"product-type-simple"},"yoast_head":"<!-- This site is optimized with the Yoast SEO plugin v26.4 - https:\/\/yoast.com\/wordpress\/plugins\/seo\/ -->\n<title>Thermotrace ble term\u00f3metro combinado de sonda de termopar infrarrojo Modelo 15039-01 - Abaa tienda online<\/title>\n<meta name=\"robots\" content=\"index, follow, max-snippet:-1, max-image-preview:large, max-video-preview:-1\" \/>\n<link rel=\"canonical\" href=\"https:\/\/abaa.mx\/tienda\/thermotrace-ble-termometro-combinado-de-sonda-de-termopar-infrarrojo-modelo-15039-01\/\" \/>\n<meta property=\"og:locale\" content=\"es_MX\" \/>\n<meta property=\"og:type\" content=\"article\" \/>\n<meta property=\"og:title\" content=\"Thermotrace ble term\u00f3metro combinado de sonda de termopar infrarrojo Modelo 15039-01 - Abaa tienda online\" \/>\n<meta property=\"og:description\" content=\"Caracter\u00edsticas\u00a0   Ligero, compacto, dise\u00f1o 2 en 1  Aguja termopar para temperatura interna del producto  Infrarrojo para medici\u00f3n superficial instant\u00e1nea sin contacto  L\u00e1ser de haz m\u00faltiple para una orientaci\u00f3n precisa  Ideal para \u00e1reas extremadamente calientes, objetos en movimiento, lugares de dif\u00edcil acceso  Verifique los puntos de control HACCP  Memoria m\u00ednima \/ m\u00e1xima en modo IR  Calibraci\u00f3n trazable NIST  Lectura r\u00e1pida de termopar de 3 segundos  Lectura infrarroja instant\u00e1nea  Indicador de bater\u00eda baja\" \/>\n<meta property=\"og:url\" content=\"https:\/\/abaa.mx\/tienda\/thermotrace-ble-termometro-combinado-de-sonda-de-termopar-infrarrojo-modelo-15039-01\/\" \/>\n<meta property=\"og:site_name\" content=\"Abaa tienda online\" \/>\n<meta property=\"article:modified_time\" content=\"2023-09-14T19:12:18+00:00\" \/>\n<meta property=\"og:image\" content=\"https:\/\/abaa.mx\/tienda\/wp-content\/uploads\/2023\/09\/15039-01-A.jpg\" \/>\n\t<meta property=\"og:image:width\" content=\"763\" \/>\n\t<meta property=\"og:image:height\" content=\"1000\" \/>\n\t<meta property=\"og:image:type\" content=\"image\/jpeg\" \/>\n<meta name=\"twitter:card\" content=\"summary_large_image\" \/>\n<meta name=\"twitter:label1\" content=\"Tiempo de lectura\" \/>\n\t<meta name=\"twitter:data1\" content=\"3 minutos\" \/>\n<script type=\"application\/ld+json\" class=\"yoast-schema-graph\">{\"@context\":\"https:\/\/schema.org\",\"@graph\":[{\"@type\":\"WebPage\",\"@id\":\"https:\/\/abaa.mx\/tienda\/thermotrace-ble-termometro-combinado-de-sonda-de-termopar-infrarrojo-modelo-15039-01\/\",\"url\":\"https:\/\/abaa.mx\/tienda\/thermotrace-ble-termometro-combinado-de-sonda-de-termopar-infrarrojo-modelo-15039-01\/\",\"name\":\"Thermotrace ble term\u00f3metro combinado de sonda de termopar infrarrojo Modelo 15039-01 - Abaa tienda online\",\"isPartOf\":{\"@id\":\"https:\/\/abaa.mx\/tienda\/#website\"},\"primaryImageOfPage\":{\"@id\":\"https:\/\/abaa.mx\/tienda\/thermotrace-ble-termometro-combinado-de-sonda-de-termopar-infrarrojo-modelo-15039-01\/#primaryimage\"},\"image\":{\"@id\":\"https:\/\/abaa.mx\/tienda\/thermotrace-ble-termometro-combinado-de-sonda-de-termopar-infrarrojo-modelo-15039-01\/#primaryimage\"},\"thumbnailUrl\":\"https:\/\/abaa.mx\/tienda\/wp-content\/uploads\/2023\/09\/15039-01-A.jpg\",\"datePublished\":\"2023-09-14T18:39:39+00:00\",\"dateModified\":\"2023-09-14T19:12:18+00:00\",\"breadcrumb\":{\"@id\":\"https:\/\/abaa.mx\/tienda\/thermotrace-ble-termometro-combinado-de-sonda-de-termopar-infrarrojo-modelo-15039-01\/#breadcrumb\"},\"inLanguage\":\"es\",\"potentialAction\":[{\"@type\":\"ReadAction\",\"target\":[\"https:\/\/abaa.mx\/tienda\/thermotrace-ble-termometro-combinado-de-sonda-de-termopar-infrarrojo-modelo-15039-01\/\"]}]},{\"@type\":\"ImageObject\",\"inLanguage\":\"es\",\"@id\":\"https:\/\/abaa.mx\/tienda\/thermotrace-ble-termometro-combinado-de-sonda-de-termopar-infrarrojo-modelo-15039-01\/#primaryimage\",\"url\":\"https:\/\/abaa.mx\/tienda\/wp-content\/uploads\/2023\/09\/15039-01-A.jpg\",\"contentUrl\":\"https:\/\/abaa.mx\/tienda\/wp-content\/uploads\/2023\/09\/15039-01-A.jpg\",\"width\":763,\"height\":1000,\"caption\":\"thermotrace-ble-termometro-combinado-de-sonda-de-termopar-infrarrojo-modelo-15039-01\"},{\"@type\":\"BreadcrumbList\",\"@id\":\"https:\/\/abaa.mx\/tienda\/thermotrace-ble-termometro-combinado-de-sonda-de-termopar-infrarrojo-modelo-15039-01\/#breadcrumb\",\"itemListElement\":[{\"@type\":\"ListItem\",\"position\":1,\"name\":\"Inicio\",\"item\":\"https:\/\/abaa.mx\/tienda\/\"},{\"@type\":\"ListItem\",\"position\":2,\"name\":\"Tienda\",\"item\":\"https:\/\/abaa.mx\/tienda\/\"},{\"@type\":\"ListItem\",\"position\":3,\"name\":\"Thermotrace ble term\u00f3metro combinado de sonda de termopar infrarrojo Modelo 15039-01\"}]},{\"@type\":\"WebSite\",\"@id\":\"https:\/\/abaa.mx\/tienda\/#website\",\"url\":\"https:\/\/abaa.mx\/tienda\/\",\"name\":\"Abaa tienda online\",\"description\":\"Instrumentos de medici\u00f3n\",\"publisher\":{\"@id\":\"https:\/\/abaa.mx\/tienda\/#organization\"},\"potentialAction\":[{\"@type\":\"SearchAction\",\"target\":{\"@type\":\"EntryPoint\",\"urlTemplate\":\"https:\/\/abaa.mx\/tienda\/?s={search_term_string}\"},\"query-input\":{\"@type\":\"PropertyValueSpecification\",\"valueRequired\":true,\"valueName\":\"search_term_string\"}}],\"inLanguage\":\"es\"},{\"@type\":\"Organization\",\"@id\":\"https:\/\/abaa.mx\/tienda\/#organization\",\"name\":\"Abaa tienda online\",\"url\":\"https:\/\/abaa.mx\/tienda\/\",\"logo\":{\"@type\":\"ImageObject\",\"inLanguage\":\"es\",\"@id\":\"https:\/\/abaa.mx\/tienda\/#\/schema\/logo\/image\/\",\"url\":\"https:\/\/abaa.mx\/tienda\/wp-content\/uploads\/2024\/01\/abaa-metrologia-tienda.png\",\"contentUrl\":\"https:\/\/abaa.mx\/tienda\/wp-content\/uploads\/2024\/01\/abaa-metrologia-tienda.png\",\"width\":300,\"height\":141,\"caption\":\"Abaa tienda online\"},\"image\":{\"@id\":\"https:\/\/abaa.mx\/tienda\/#\/schema\/logo\/image\/\"}}]}<\/script>\n<!-- \/ Yoast SEO plugin. -->","yoast_head_json":{"title":"Thermotrace ble term\u00f3metro combinado de sonda de termopar infrarrojo Modelo 15039-01 - Abaa tienda online","robots":{"index":"index","follow":"follow","max-snippet":"max-snippet:-1","max-image-preview":"max-image-preview:large","max-video-preview":"max-video-preview:-1"},"canonical":"https:\/\/abaa.mx\/tienda\/thermotrace-ble-termometro-combinado-de-sonda-de-termopar-infrarrojo-modelo-15039-01\/","og_locale":"es_MX","og_type":"article","og_title":"Thermotrace ble term\u00f3metro combinado de sonda de termopar infrarrojo Modelo 15039-01 - Abaa tienda online","og_description":"Caracter\u00edsticas\u00a0   Ligero, compacto, dise\u00f1o 2 en 1  Aguja termopar para temperatura interna del producto  Infrarrojo para medici\u00f3n superficial instant\u00e1nea sin contacto  L\u00e1ser de haz m\u00faltiple para una orientaci\u00f3n precisa  Ideal para \u00e1reas extremadamente calientes, objetos en movimiento, lugares de dif\u00edcil acceso  Verifique los puntos de control HACCP  Memoria m\u00ednima \/ m\u00e1xima en modo IR  Calibraci\u00f3n trazable NIST  Lectura r\u00e1pida de termopar de 3 segundos  Lectura infrarroja instant\u00e1nea  Indicador de bater\u00eda baja","og_url":"https:\/\/abaa.mx\/tienda\/thermotrace-ble-termometro-combinado-de-sonda-de-termopar-infrarrojo-modelo-15039-01\/","og_site_name":"Abaa tienda online","article_modified_time":"2023-09-14T19:12:18+00:00","og_image":[{"width":763,"height":1000,"url":"https:\/\/abaa.mx\/tienda\/wp-content\/uploads\/2023\/09\/15039-01-A.jpg","type":"image\/jpeg"}],"twitter_card":"summary_large_image","twitter_misc":{"Tiempo de lectura":"3 minutos"},"schema":{"@context":"https:\/\/schema.org","@graph":[{"@type":"WebPage","@id":"https:\/\/abaa.mx\/tienda\/thermotrace-ble-termometro-combinado-de-sonda-de-termopar-infrarrojo-modelo-15039-01\/","url":"https:\/\/abaa.mx\/tienda\/thermotrace-ble-termometro-combinado-de-sonda-de-termopar-infrarrojo-modelo-15039-01\/","name":"Thermotrace ble term\u00f3metro combinado de sonda de termopar infrarrojo Modelo 15039-01 - Abaa tienda online","isPartOf":{"@id":"https:\/\/abaa.mx\/tienda\/#website"},"primaryImageOfPage":{"@id":"https:\/\/abaa.mx\/tienda\/thermotrace-ble-termometro-combinado-de-sonda-de-termopar-infrarrojo-modelo-15039-01\/#primaryimage"},"image":{"@id":"https:\/\/abaa.mx\/tienda\/thermotrace-ble-termometro-combinado-de-sonda-de-termopar-infrarrojo-modelo-15039-01\/#primaryimage"},"thumbnailUrl":"https:\/\/abaa.mx\/tienda\/wp-content\/uploads\/2023\/09\/15039-01-A.jpg","datePublished":"2023-09-14T18:39:39+00:00","dateModified":"2023-09-14T19:12:18+00:00","breadcrumb":{"@id":"https:\/\/abaa.mx\/tienda\/thermotrace-ble-termometro-combinado-de-sonda-de-termopar-infrarrojo-modelo-15039-01\/#breadcrumb"},"inLanguage":"es","potentialAction":[{"@type":"ReadAction","target":["https:\/\/abaa.mx\/tienda\/thermotrace-ble-termometro-combinado-de-sonda-de-termopar-infrarrojo-modelo-15039-01\/"]}]},{"@type":"ImageObject","inLanguage":"es","@id":"https:\/\/abaa.mx\/tienda\/thermotrace-ble-termometro-combinado-de-sonda-de-termopar-infrarrojo-modelo-15039-01\/#primaryimage","url":"https:\/\/abaa.mx\/tienda\/wp-content\/uploads\/2023\/09\/15039-01-A.jpg","contentUrl":"https:\/\/abaa.mx\/tienda\/wp-content\/uploads\/2023\/09\/15039-01-A.jpg","width":763,"height":1000,"caption":"thermotrace-ble-termometro-combinado-de-sonda-de-termopar-infrarrojo-modelo-15039-01"},{"@type":"BreadcrumbList","@id":"https:\/\/abaa.mx\/tienda\/thermotrace-ble-termometro-combinado-de-sonda-de-termopar-infrarrojo-modelo-15039-01\/#breadcrumb","itemListElement":[{"@type":"ListItem","position":1,"name":"Inicio","item":"https:\/\/abaa.mx\/tienda\/"},{"@type":"ListItem","position":2,"name":"Tienda","item":"https:\/\/abaa.mx\/tienda\/"},{"@type":"ListItem","position":3,"name":"Thermotrace ble term\u00f3metro combinado de sonda de termopar infrarrojo Modelo 15039-01"}]},{"@type":"WebSite","@id":"https:\/\/abaa.mx\/tienda\/#website","url":"https:\/\/abaa.mx\/tienda\/","name":"Abaa tienda online","description":"Instrumentos de medici\u00f3n","publisher":{"@id":"https:\/\/abaa.mx\/tienda\/#organization"},"potentialAction":[{"@type":"SearchAction","target":{"@type":"EntryPoint","urlTemplate":"https:\/\/abaa.mx\/tienda\/?s={search_term_string}"},"query-input":{"@type":"PropertyValueSpecification","valueRequired":true,"valueName":"search_term_string"}}],"inLanguage":"es"},{"@type":"Organization","@id":"https:\/\/abaa.mx\/tienda\/#organization","name":"Abaa tienda online","url":"https:\/\/abaa.mx\/tienda\/","logo":{"@type":"ImageObject","inLanguage":"es","@id":"https:\/\/abaa.mx\/tienda\/#\/schema\/logo\/image\/","url":"https:\/\/abaa.mx\/tienda\/wp-content\/uploads\/2024\/01\/abaa-metrologia-tienda.png","contentUrl":"https:\/\/abaa.mx\/tienda\/wp-content\/uploads\/2024\/01\/abaa-metrologia-tienda.png","width":300,"height":141,"caption":"Abaa tienda online"},"image":{"@id":"https:\/\/abaa.mx\/tienda\/#\/schema\/logo\/image\/"}}]}},"_links":{"self":[{"href":"https:\/\/abaa.mx\/tienda\/wp-json\/wp\/v2\/product\/1549","targetHints":{"allow":["GET"]}}],"collection":[{"href":"https:\/\/abaa.mx\/tienda\/wp-json\/wp\/v2\/product"}],"about":[{"href":"https:\/\/abaa.mx\/tienda\/wp-json\/wp\/v2\/types\/product"}],"replies":[{"embeddable":true,"href":"https:\/\/abaa.mx\/tienda\/wp-json\/wp\/v2\/comments?post=1549"}],"wp:featuredmedia":[{"embeddable":true,"href":"https:\/\/abaa.mx\/tienda\/wp-json\/wp\/v2\/media\/1559"}],"wp:attachment":[{"href":"https:\/\/abaa.mx\/tienda\/wp-json\/wp\/v2\/media?parent=1549"}],"wp:term":[{"taxonomy":"product_brand","embeddable":true,"href":"https:\/\/abaa.mx\/tienda\/wp-json\/wp\/v2\/product_brand?post=1549"},{"taxonomy":"product_cat","embeddable":true,"href":"https:\/\/abaa.mx\/tienda\/wp-json\/wp\/v2\/product_cat?post=1549"},{"taxonomy":"product_tag","embeddable":true,"href":"https:\/\/abaa.mx\/tienda\/wp-json\/wp\/v2\/product_tag?post=1549"}],"curies":[{"name":"wp","href":"https:\/\/api.w.org\/{rel}","templated":true}]}}