{"id":1544,"date":"2023-09-14T17:57:36","date_gmt":"2023-09-14T17:57:36","guid":{"rendered":"https:\/\/abaa.mx\/tienda\/?post_type=product&#038;p=1544"},"modified":"2023-09-14T17:57:36","modified_gmt":"2023-09-14T17:57:36","slug":"termohigrometro-de-montaje-en-pared-jumbo-display-modelo-13309","status":"publish","type":"product","link":"https:\/\/abaa.mx\/tienda\/termohigrometro-de-montaje-en-pared-jumbo-display-modelo-13309\/","title":{"rendered":"Termohigr\u00f3metro de montaje en pared jumbo display Modelo 13309"},"content":{"rendered":"<h1>Termohigr\u00f3metro de montaje en pared jumbo display<\/h1>\n<h3><strong>Modelo\u00a013309<\/strong><\/h3>\n<div class=\"prod-intro\">\n<ul>\n<li>Sensores internos de temperatura y humedad.<\/li>\n<li>Sonda de temperatura externa<\/li>\n<li>Soporte de sonda con respaldo autoadhesivo<\/li>\n<li>\u00b0C\/\u00b0F seleccionable<\/li>\n<li>Pantalla gigante de temperatura, humedad, hora y fecha<\/li>\n<li>Memoria m\u00ednima \/ m\u00e1xima: lecturas m\u00e1s bajas y m\u00e1s altas almacenadas para recuperaci\u00f3n instant\u00e1nea<\/li>\n<li><span>Despertador y campanilla por hora<\/span><\/li>\n<\/ul>\n<\/div>\n<div class=\"prod-app\"><b>Aplicaciones:<\/b>\u00a0\u00c1reas de almacenamiento y producci\u00f3n, producen salas de maduraci\u00f3n, invernaderos, producci\u00f3n de animales vivos, farmacias, salas limpias y m\u00e1s.<\/div>\n<div><\/div>\n<div>\n<table>\n<caption>Termohigr\u00f3metro de montaje en pared Jumbo Display<\/caption>\n<thead>\n<tr>\n<th scope=\"col\">Caracter\u00edstica<\/th>\n<th scope=\"col\">Especificaci\u00f3n<\/th>\n<\/tr>\n<\/thead>\n<tfoot>\n<tr>\n<td colspan=\"2\"><\/td>\n<\/tr>\n<\/tfoot>\n<tbody>\n<tr>\n<td>Rango de temperatura<\/td>\n<td>Interna: -14 \u00b0C a 122 \u00b0C (de -10 \u00b0F) Sonda externa: -50 \u00b0C a 58 \u00b0C (-158 \u00b0F a 50 \u00b0F)<\/td>\n<\/tr>\n<tr>\n<td>Rango de Humedad<\/td>\n<td>Interna: 10% a 99%<\/td>\n<\/tr>\n<tr>\n<td>Rango de Operaci\u00f3n<\/td>\n<td>De 14\u00b0F a 122\u00b0F (-10\u00b0C a 50\u00b0C)<\/td>\n<\/tr>\n<tr>\n<td>Precisi\u00f3n de la Humedad (Interna)<\/td>\n<td>\u00b15% R.H. de 40% a 70% R.H. a 77\u00b0F~86\u00b0F (25\u00b0C~30\u00b0C)<\/td>\n<\/tr>\n<tr>\n<td>Precisi\u00f3n de la Temperatura (Interna y Externa)<\/td>\n<td>\u00b11.8\u00b0F (1\u00b0C) de 32\u00b0F a 104\u00b0F (0\u00b0C a 40\u00b0C)<\/td>\n<\/tr>\n<tr>\n<td>Sensor de temperatura externo<\/td>\n<td>Longitud del cable: 6.56 pies \/ 2 metros;<br \/>\nInvestigacion: 20mm L x 4mm Diametro<\/td>\n<\/tr>\n<tr>\n<td>Resoluci\u00f3n<\/td>\n<td>H.R.1%, temperatura 0.1\u00b0F \/\u00b0C<\/td>\n<\/tr>\n<tr>\n<td>Tama\u00f1o de ventana de visualizaci\u00f3n<\/td>\n<td>3.15 pulg. De ancho x 2.36 pulg. De alto (80 mm de ancho x 60 mm de alto)<\/td>\n<\/tr>\n<tr>\n<td>Altura de caracteres dentro de la pantalla<\/td>\n<td>1.02 pulg.\u00a0(26mm) &#8211;\u00a0Temperatura y humedad<br \/>\n0.87 pulg. (22mm) &#8211;\u00a0Fecha y hora<\/td>\n<\/tr>\n<tr>\n<td>Tama\u00f1o de Producto<\/td>\n<td>3.74 pulg. Ancho x 4.02 pulg. H x 0.75 pulg.\u00a0de profundidad<br \/>\n(95 mm de ancho x 102 mm de alto x 19 mm de profundidad)<\/td>\n<\/tr>\n<tr>\n<td>Peso<\/td>\n<td>4,18 onzas (118,4 g)<\/td>\n<\/tr>\n<tr>\n<td>Material del Producto<\/td>\n<td>Policarbonato y pl\u00e1stico ABS<\/td>\n<\/tr>\n<tr>\n<td>Tipo de sensor<\/td>\n<td>Temperatura: Termistor<br \/>\nHumedad: Resistiva Electr\u00f3nica<\/td>\n<\/tr>\n<tr>\n<td>Bater\u00eda<\/td>\n<td>AAA (cantidad 1 cada uno)<\/td>\n<\/tr>\n<tr>\n<td>Certificaci\u00f3n \/ Calibraci\u00f3n<\/td>\n<td>Marca CE, certificado de calibraci\u00f3n trazable NIST<\/td>\n<\/tr>\n<\/tbody>\n<\/table>\n<\/div>\n<div><\/div>\n","protected":false},"excerpt":{"rendered":"<h3>Caracteristicas<\/h3>\n<ul>\n<li>Sensores internos de temperatura y humedad.<\/li>\n<li>Sonda de temperatura externa<\/li>\n<li>Soporte de sonda con respaldo autoadhesivo<\/li>\n<li>\u00b0C\/\u00b0F seleccionable<\/li>\n<li>Pantalla gigante de temperatura, humedad, hora y fecha<\/li>\n<li>Memoria m\u00ednima \/ m\u00e1xima: lecturas m\u00e1s bajas y m\u00e1s altas almacenadas para recuperaci\u00f3n instant\u00e1nea<\/li>\n<li><span>Despertador y campanilla por hora<\/span><\/li>\n<\/ul>\n","protected":false},"featured_media":1548,"comment_status":"open","ping_status":"closed","template":"","meta":{"_joinchat":[]},"product_brand":[],"product_cat":[15],"product_tag":[],"class_list":{"0":"post-1544","1":"product","2":"type-product","3":"status-publish","4":"has-post-thumbnail","6":"product_cat-sin-categorizar","8":"first","9":"instock","10":"shipping-taxable","11":"product-type-simple"},"yoast_head":"<!-- This site is optimized with the Yoast SEO plugin v26.4 - https:\/\/yoast.com\/wordpress\/plugins\/seo\/ -->\n<title>Termohigr\u00f3metro de montaje en pared jumbo display Modelo 13309 - Abaa tienda online<\/title>\n<meta name=\"robots\" content=\"index, follow, max-snippet:-1, max-image-preview:large, max-video-preview:-1\" \/>\n<link rel=\"canonical\" href=\"https:\/\/abaa.mx\/tienda\/termohigrometro-de-montaje-en-pared-jumbo-display-modelo-13309\/\" \/>\n<meta property=\"og:locale\" content=\"es_MX\" \/>\n<meta property=\"og:type\" content=\"article\" \/>\n<meta property=\"og:title\" content=\"Termohigr\u00f3metro de montaje en pared jumbo display Modelo 13309 - Abaa tienda online\" \/>\n<meta property=\"og:description\" content=\"Caracteristicas   Sensores internos de temperatura y humedad.  Sonda de temperatura externa  Soporte de sonda con respaldo autoadhesivo  \u00b0C\/\u00b0F seleccionable  Pantalla gigante de temperatura, humedad, hora y fecha  Memoria m\u00ednima \/ m\u00e1xima: lecturas m\u00e1s bajas y m\u00e1s altas almacenadas para recuperaci\u00f3n instant\u00e1nea  Despertador y campanilla por hora\" \/>\n<meta property=\"og:url\" content=\"https:\/\/abaa.mx\/tienda\/termohigrometro-de-montaje-en-pared-jumbo-display-modelo-13309\/\" \/>\n<meta property=\"og:site_name\" content=\"Abaa tienda online\" \/>\n<meta property=\"og:image\" content=\"https:\/\/abaa.mx\/tienda\/wp-content\/uploads\/2023\/09\/13309.jpg\" \/>\n\t<meta property=\"og:image:width\" content=\"600\" \/>\n\t<meta property=\"og:image:height\" content=\"600\" \/>\n\t<meta property=\"og:image:type\" content=\"image\/jpeg\" \/>\n<meta name=\"twitter:card\" content=\"summary_large_image\" \/>\n<meta name=\"twitter:label1\" content=\"Tiempo de lectura\" \/>\n\t<meta name=\"twitter:data1\" content=\"2 minutos\" \/>\n<script type=\"application\/ld+json\" class=\"yoast-schema-graph\">{\"@context\":\"https:\/\/schema.org\",\"@graph\":[{\"@type\":\"WebPage\",\"@id\":\"https:\/\/abaa.mx\/tienda\/termohigrometro-de-montaje-en-pared-jumbo-display-modelo-13309\/\",\"url\":\"https:\/\/abaa.mx\/tienda\/termohigrometro-de-montaje-en-pared-jumbo-display-modelo-13309\/\",\"name\":\"Termohigr\u00f3metro de montaje en pared jumbo display Modelo 13309 - Abaa tienda online\",\"isPartOf\":{\"@id\":\"https:\/\/abaa.mx\/tienda\/#website\"},\"primaryImageOfPage\":{\"@id\":\"https:\/\/abaa.mx\/tienda\/termohigrometro-de-montaje-en-pared-jumbo-display-modelo-13309\/#primaryimage\"},\"image\":{\"@id\":\"https:\/\/abaa.mx\/tienda\/termohigrometro-de-montaje-en-pared-jumbo-display-modelo-13309\/#primaryimage\"},\"thumbnailUrl\":\"https:\/\/abaa.mx\/tienda\/wp-content\/uploads\/2023\/09\/13309.jpg\",\"datePublished\":\"2023-09-14T17:57:36+00:00\",\"breadcrumb\":{\"@id\":\"https:\/\/abaa.mx\/tienda\/termohigrometro-de-montaje-en-pared-jumbo-display-modelo-13309\/#breadcrumb\"},\"inLanguage\":\"es\",\"potentialAction\":[{\"@type\":\"ReadAction\",\"target\":[\"https:\/\/abaa.mx\/tienda\/termohigrometro-de-montaje-en-pared-jumbo-display-modelo-13309\/\"]}]},{\"@type\":\"ImageObject\",\"inLanguage\":\"es\",\"@id\":\"https:\/\/abaa.mx\/tienda\/termohigrometro-de-montaje-en-pared-jumbo-display-modelo-13309\/#primaryimage\",\"url\":\"https:\/\/abaa.mx\/tienda\/wp-content\/uploads\/2023\/09\/13309.jpg\",\"contentUrl\":\"https:\/\/abaa.mx\/tienda\/wp-content\/uploads\/2023\/09\/13309.jpg\",\"width\":600,\"height\":600,\"caption\":\"termohigrometro-de-montaje-en-pared-jumbo-display-modelo-13309\"},{\"@type\":\"BreadcrumbList\",\"@id\":\"https:\/\/abaa.mx\/tienda\/termohigrometro-de-montaje-en-pared-jumbo-display-modelo-13309\/#breadcrumb\",\"itemListElement\":[{\"@type\":\"ListItem\",\"position\":1,\"name\":\"Inicio\",\"item\":\"https:\/\/abaa.mx\/tienda\/\"},{\"@type\":\"ListItem\",\"position\":2,\"name\":\"Tienda\",\"item\":\"https:\/\/abaa.mx\/tienda\/\"},{\"@type\":\"ListItem\",\"position\":3,\"name\":\"Termohigr\u00f3metro de montaje en pared jumbo display Modelo 13309\"}]},{\"@type\":\"WebSite\",\"@id\":\"https:\/\/abaa.mx\/tienda\/#website\",\"url\":\"https:\/\/abaa.mx\/tienda\/\",\"name\":\"Abaa tienda online\",\"description\":\"Instrumentos de medici\u00f3n\",\"publisher\":{\"@id\":\"https:\/\/abaa.mx\/tienda\/#organization\"},\"potentialAction\":[{\"@type\":\"SearchAction\",\"target\":{\"@type\":\"EntryPoint\",\"urlTemplate\":\"https:\/\/abaa.mx\/tienda\/?s={search_term_string}\"},\"query-input\":{\"@type\":\"PropertyValueSpecification\",\"valueRequired\":true,\"valueName\":\"search_term_string\"}}],\"inLanguage\":\"es\"},{\"@type\":\"Organization\",\"@id\":\"https:\/\/abaa.mx\/tienda\/#organization\",\"name\":\"Abaa tienda online\",\"url\":\"https:\/\/abaa.mx\/tienda\/\",\"logo\":{\"@type\":\"ImageObject\",\"inLanguage\":\"es\",\"@id\":\"https:\/\/abaa.mx\/tienda\/#\/schema\/logo\/image\/\",\"url\":\"https:\/\/abaa.mx\/tienda\/wp-content\/uploads\/2024\/01\/abaa-metrologia-tienda.png\",\"contentUrl\":\"https:\/\/abaa.mx\/tienda\/wp-content\/uploads\/2024\/01\/abaa-metrologia-tienda.png\",\"width\":300,\"height\":141,\"caption\":\"Abaa tienda online\"},\"image\":{\"@id\":\"https:\/\/abaa.mx\/tienda\/#\/schema\/logo\/image\/\"}}]}<\/script>\n<!-- \/ Yoast SEO plugin. -->","yoast_head_json":{"title":"Termohigr\u00f3metro de montaje en pared jumbo display Modelo 13309 - Abaa tienda online","robots":{"index":"index","follow":"follow","max-snippet":"max-snippet:-1","max-image-preview":"max-image-preview:large","max-video-preview":"max-video-preview:-1"},"canonical":"https:\/\/abaa.mx\/tienda\/termohigrometro-de-montaje-en-pared-jumbo-display-modelo-13309\/","og_locale":"es_MX","og_type":"article","og_title":"Termohigr\u00f3metro de montaje en pared jumbo display Modelo 13309 - Abaa tienda online","og_description":"Caracteristicas   Sensores internos de temperatura y humedad.  Sonda de temperatura externa  Soporte de sonda con respaldo autoadhesivo  \u00b0C\/\u00b0F seleccionable  Pantalla gigante de temperatura, humedad, hora y fecha  Memoria m\u00ednima \/ m\u00e1xima: lecturas m\u00e1s bajas y m\u00e1s altas almacenadas para recuperaci\u00f3n instant\u00e1nea  Despertador y campanilla por hora","og_url":"https:\/\/abaa.mx\/tienda\/termohigrometro-de-montaje-en-pared-jumbo-display-modelo-13309\/","og_site_name":"Abaa tienda online","og_image":[{"width":600,"height":600,"url":"https:\/\/abaa.mx\/tienda\/wp-content\/uploads\/2023\/09\/13309.jpg","type":"image\/jpeg"}],"twitter_card":"summary_large_image","twitter_misc":{"Tiempo de lectura":"2 minutos"},"schema":{"@context":"https:\/\/schema.org","@graph":[{"@type":"WebPage","@id":"https:\/\/abaa.mx\/tienda\/termohigrometro-de-montaje-en-pared-jumbo-display-modelo-13309\/","url":"https:\/\/abaa.mx\/tienda\/termohigrometro-de-montaje-en-pared-jumbo-display-modelo-13309\/","name":"Termohigr\u00f3metro de montaje en pared jumbo display Modelo 13309 - Abaa tienda online","isPartOf":{"@id":"https:\/\/abaa.mx\/tienda\/#website"},"primaryImageOfPage":{"@id":"https:\/\/abaa.mx\/tienda\/termohigrometro-de-montaje-en-pared-jumbo-display-modelo-13309\/#primaryimage"},"image":{"@id":"https:\/\/abaa.mx\/tienda\/termohigrometro-de-montaje-en-pared-jumbo-display-modelo-13309\/#primaryimage"},"thumbnailUrl":"https:\/\/abaa.mx\/tienda\/wp-content\/uploads\/2023\/09\/13309.jpg","datePublished":"2023-09-14T17:57:36+00:00","breadcrumb":{"@id":"https:\/\/abaa.mx\/tienda\/termohigrometro-de-montaje-en-pared-jumbo-display-modelo-13309\/#breadcrumb"},"inLanguage":"es","potentialAction":[{"@type":"ReadAction","target":["https:\/\/abaa.mx\/tienda\/termohigrometro-de-montaje-en-pared-jumbo-display-modelo-13309\/"]}]},{"@type":"ImageObject","inLanguage":"es","@id":"https:\/\/abaa.mx\/tienda\/termohigrometro-de-montaje-en-pared-jumbo-display-modelo-13309\/#primaryimage","url":"https:\/\/abaa.mx\/tienda\/wp-content\/uploads\/2023\/09\/13309.jpg","contentUrl":"https:\/\/abaa.mx\/tienda\/wp-content\/uploads\/2023\/09\/13309.jpg","width":600,"height":600,"caption":"termohigrometro-de-montaje-en-pared-jumbo-display-modelo-13309"},{"@type":"BreadcrumbList","@id":"https:\/\/abaa.mx\/tienda\/termohigrometro-de-montaje-en-pared-jumbo-display-modelo-13309\/#breadcrumb","itemListElement":[{"@type":"ListItem","position":1,"name":"Inicio","item":"https:\/\/abaa.mx\/tienda\/"},{"@type":"ListItem","position":2,"name":"Tienda","item":"https:\/\/abaa.mx\/tienda\/"},{"@type":"ListItem","position":3,"name":"Termohigr\u00f3metro de montaje en pared jumbo display Modelo 13309"}]},{"@type":"WebSite","@id":"https:\/\/abaa.mx\/tienda\/#website","url":"https:\/\/abaa.mx\/tienda\/","name":"Abaa tienda online","description":"Instrumentos de medici\u00f3n","publisher":{"@id":"https:\/\/abaa.mx\/tienda\/#organization"},"potentialAction":[{"@type":"SearchAction","target":{"@type":"EntryPoint","urlTemplate":"https:\/\/abaa.mx\/tienda\/?s={search_term_string}"},"query-input":{"@type":"PropertyValueSpecification","valueRequired":true,"valueName":"search_term_string"}}],"inLanguage":"es"},{"@type":"Organization","@id":"https:\/\/abaa.mx\/tienda\/#organization","name":"Abaa tienda online","url":"https:\/\/abaa.mx\/tienda\/","logo":{"@type":"ImageObject","inLanguage":"es","@id":"https:\/\/abaa.mx\/tienda\/#\/schema\/logo\/image\/","url":"https:\/\/abaa.mx\/tienda\/wp-content\/uploads\/2024\/01\/abaa-metrologia-tienda.png","contentUrl":"https:\/\/abaa.mx\/tienda\/wp-content\/uploads\/2024\/01\/abaa-metrologia-tienda.png","width":300,"height":141,"caption":"Abaa tienda online"},"image":{"@id":"https:\/\/abaa.mx\/tienda\/#\/schema\/logo\/image\/"}}]}},"_links":{"self":[{"href":"https:\/\/abaa.mx\/tienda\/wp-json\/wp\/v2\/product\/1544","targetHints":{"allow":["GET"]}}],"collection":[{"href":"https:\/\/abaa.mx\/tienda\/wp-json\/wp\/v2\/product"}],"about":[{"href":"https:\/\/abaa.mx\/tienda\/wp-json\/wp\/v2\/types\/product"}],"replies":[{"embeddable":true,"href":"https:\/\/abaa.mx\/tienda\/wp-json\/wp\/v2\/comments?post=1544"}],"wp:featuredmedia":[{"embeddable":true,"href":"https:\/\/abaa.mx\/tienda\/wp-json\/wp\/v2\/media\/1548"}],"wp:attachment":[{"href":"https:\/\/abaa.mx\/tienda\/wp-json\/wp\/v2\/media?parent=1544"}],"wp:term":[{"taxonomy":"product_brand","embeddable":true,"href":"https:\/\/abaa.mx\/tienda\/wp-json\/wp\/v2\/product_brand?post=1544"},{"taxonomy":"product_cat","embeddable":true,"href":"https:\/\/abaa.mx\/tienda\/wp-json\/wp\/v2\/product_cat?post=1544"},{"taxonomy":"product_tag","embeddable":true,"href":"https:\/\/abaa.mx\/tienda\/wp-json\/wp\/v2\/product_tag?post=1544"}],"curies":[{"name":"wp","href":"https:\/\/api.w.org\/{rel}","templated":true}]}}