{"id":1541,"date":"2023-09-14T17:50:06","date_gmt":"2023-09-14T17:50:06","guid":{"rendered":"https:\/\/abaa.mx\/tienda\/?post_type=product&#038;p=1541"},"modified":"2023-09-14T17:50:06","modified_gmt":"2023-09-14T17:50:06","slug":"termohigrometro-tipo-bolsillo-modelo-13308","status":"publish","type":"product","link":"https:\/\/abaa.mx\/tienda\/termohigrometro-tipo-bolsillo-modelo-13308\/","title":{"rendered":"Termohigr\u00f3metro tipo bolsillo Modelo 13308"},"content":{"rendered":"<h1>Termohigr\u00f3metro tipo bolsillo<\/h1>\n<h3><strong>Modelo\u00a013308<\/strong><\/h3>\n<ul>\n<li>Cuenta con una pantalla dual para la humedad y temperatura.<\/li>\n<li>Cuenta con una memoria m\u00e1xima y m\u00ednima de la lectura.<\/li>\n<li>Con escala seleccionable en \u00b0C \/ \u00b0F.<\/li>\n<li>Con una actualizaci\u00f3n r\u00e1pida de lectura.<\/li>\n<li>Instrumento de pantalla grande y clara.<\/li>\n<li>Dise\u00f1o en forma de pluma con un clip de bolsillo conectado a la parte posterior.<\/li>\n<li><b>Aplicaciones:<\/b>\u00a0Distribuci\u00f3n de Alimentos, \u00c1reas de Almacenamiento, Hospitales, Farmacias, Bancos de Sangre, Invernaderos, Granjas de Engorda, Criaderos, Salas Limpias, Refrigeradores<\/li>\n<\/ul>\n<p>Aplicaciones: Se utiliza para monitorear las condiciones ambientales durante la distribuci\u00f3n de alimentos y en las \u00e1reas de almacenamiento, c\u00e1maras de maduraci\u00f3n, invernaderos y m\u00e1s.<\/p>\n<p>El Termo-Higr\u00f3metro de Bolsillo, modelo 13308, es un instrumento compacto que cuenta con un clip de bolsillo en la parte posterior. Con la funda de alta visibilidad, este instrumento jam\u00e1s se perder\u00e1 en laboratorio o en el campo.<\/p>\n<table>\n<caption>Modelo 13308 Pocket-Type Thermo-Hygrometer Thermometer (Term\u00f3metro termohigr\u00f3metro de bolsillo)<\/caption>\n<thead>\n<tr>\n<th scope=\"col\">Caracter\u00edstica<\/th>\n<th colspan=\"2\" scope=\"col\">Especificaci\u00f3n<\/th>\n<\/tr>\n<\/thead>\n<tfoot>\n<tr>\n<td colspan=\"3\"><\/td>\n<\/tr>\n<\/tfoot>\n<tbody>\n<tr>\n<td><\/td>\n<td>Humedad<\/td>\n<td>Temperatura<\/td>\n<\/tr>\n<tr>\n<td rowspan=\"3\">Rango de Medida<\/td>\n<td>Rango de 20-95% HR en 15-50 \u00b0C \/ 59-122 \u00b0F<\/td>\n<td rowspan=\"3\">0-50\u00b0C \/ 32-122\u00b0F<\/td>\n<\/tr>\n<tr>\n<td class=\"spec\">Rango 25-95% HR en\u00a0\u00a05-50 \u00b0C \/ 41-122 \u00a0\u00b0F<\/td>\n<\/tr>\n<tr>\n<td class=\"spec\">Rango 30-95% HR en 0-50\u00b0C\u00a0\/ 32-122\u00b0F<\/td>\n<\/tr>\n<tr>\n<td>Presici\u00f3n<\/td>\n<td>3% HR (Solo en rango 30-90%)<\/td>\n<td>\u00b10.5\u00b0C \/ \u00b10.9\u00b0F<\/td>\n<\/tr>\n<tr>\n<td>Resoluci\u00f3n<\/td>\n<td>1%<\/td>\n<td>\u00a0\u00b0C \/ 0.1\u00b0F<\/td>\n<\/tr>\n<tr>\n<td>Actualizaci\u00f3n de Lectura<\/td>\n<td colspan=\"2\">10 segundos<\/td>\n<\/tr>\n<tr>\n<td>Bater\u00eda<\/td>\n<td colspan=\"2\">C\u00e9lula de moneda CR2032 o equivalente, X 1 pieza<\/td>\n<\/tr>\n<tr>\n<td>Vida de la Bater\u00eda<\/td>\n<td colspan=\"2\">cerca de 15,000 horas<\/td>\n<\/tr>\n<tr>\n<td>Tama\u00f1o de la Pantalla<\/td>\n<td colspan=\"2\">47 mm (ancho) x 12 mm (alto) \/ 1.85 pulgadas (ancho) x 0.47 pulgadas (alto)<\/td>\n<\/tr>\n<tr>\n<td>Tama\u00f1o del Producto<\/td>\n<td colspan=\"2\">130 mm (ancho) x 23 mm (alto) 20 mm (profundidad) \/ 5.12 pulg. (ancho) x 0.91 pulg. (alto) x 0.79 pulg. (profundidad)<\/td>\n<\/tr>\n<tr>\n<td>Peso del Producto<\/td>\n<td colspan=\"2\">27.2g \/ 0.96oz\u00a0 (sin bater\u00eda)<\/td>\n<\/tr>\n<tr>\n<td>Certificaci\u00f3n<\/td>\n<td colspan=\"2\">Marca CE<\/td>\n<\/tr>\n<\/tbody>\n<\/table>\n","protected":false},"excerpt":{"rendered":"<h3>Caracter\u00edsticas<\/h3>\n<ul>\n<li>Cuenta con una pantalla dual para la humedad y temperatura.<\/li>\n<li>Cuenta con una memoria m\u00e1xima y m\u00ednima de la lectura.<\/li>\n<li>Con escala seleccionable en \u00b0C \/ \u00b0F.<\/li>\n<li>Con una actualizaci\u00f3n r\u00e1pida de lectura.<\/li>\n<li>Instrumento de pantalla grande y clara.<\/li>\n<li>Dise\u00f1o en forma de pluma con un clip de bolsillo conectado a la parte posterior.<\/li>\n<\/ul>\n","protected":false},"featured_media":1543,"comment_status":"open","ping_status":"closed","template":"","meta":{"_joinchat":[]},"product_brand":[],"product_cat":[15],"product_tag":[],"class_list":{"0":"post-1541","1":"product","2":"type-product","3":"status-publish","4":"has-post-thumbnail","6":"product_cat-sin-categorizar","8":"first","9":"instock","10":"shipping-taxable","11":"product-type-simple"},"yoast_head":"<!-- This site is optimized with the Yoast SEO plugin v26.4 - https:\/\/yoast.com\/wordpress\/plugins\/seo\/ -->\n<title>Termohigr\u00f3metro tipo bolsillo Modelo 13308 - Abaa tienda online<\/title>\n<meta name=\"robots\" content=\"index, follow, max-snippet:-1, max-image-preview:large, max-video-preview:-1\" \/>\n<link rel=\"canonical\" href=\"https:\/\/abaa.mx\/tienda\/termohigrometro-tipo-bolsillo-modelo-13308\/\" \/>\n<meta property=\"og:locale\" content=\"es_MX\" \/>\n<meta property=\"og:type\" content=\"article\" \/>\n<meta property=\"og:title\" content=\"Termohigr\u00f3metro tipo bolsillo Modelo 13308 - Abaa tienda online\" \/>\n<meta property=\"og:description\" content=\"Caracter\u00edsticas   Cuenta con una pantalla dual para la humedad y temperatura.  Cuenta con una memoria m\u00e1xima y m\u00ednima de la lectura.  Con escala seleccionable en \u00b0C \/ \u00b0F.  Con una actualizaci\u00f3n r\u00e1pida de lectura.  Instrumento de pantalla grande y clara.  Dise\u00f1o en forma de pluma con un clip de bolsillo conectado a la parte posterior.\" \/>\n<meta property=\"og:url\" content=\"https:\/\/abaa.mx\/tienda\/termohigrometro-tipo-bolsillo-modelo-13308\/\" \/>\n<meta property=\"og:site_name\" content=\"Abaa tienda online\" \/>\n<meta property=\"og:image\" content=\"https:\/\/abaa.mx\/tienda\/wp-content\/uploads\/2023\/09\/13308.jpg\" \/>\n\t<meta property=\"og:image:width\" content=\"230\" \/>\n\t<meta property=\"og:image:height\" content=\"230\" \/>\n\t<meta property=\"og:image:type\" content=\"image\/jpeg\" \/>\n<meta name=\"twitter:card\" content=\"summary_large_image\" \/>\n<meta name=\"twitter:label1\" content=\"Tiempo de lectura\" \/>\n\t<meta name=\"twitter:data1\" content=\"2 minutos\" \/>\n<script type=\"application\/ld+json\" class=\"yoast-schema-graph\">{\"@context\":\"https:\/\/schema.org\",\"@graph\":[{\"@type\":\"WebPage\",\"@id\":\"https:\/\/abaa.mx\/tienda\/termohigrometro-tipo-bolsillo-modelo-13308\/\",\"url\":\"https:\/\/abaa.mx\/tienda\/termohigrometro-tipo-bolsillo-modelo-13308\/\",\"name\":\"Termohigr\u00f3metro tipo bolsillo Modelo 13308 - Abaa tienda online\",\"isPartOf\":{\"@id\":\"https:\/\/abaa.mx\/tienda\/#website\"},\"primaryImageOfPage\":{\"@id\":\"https:\/\/abaa.mx\/tienda\/termohigrometro-tipo-bolsillo-modelo-13308\/#primaryimage\"},\"image\":{\"@id\":\"https:\/\/abaa.mx\/tienda\/termohigrometro-tipo-bolsillo-modelo-13308\/#primaryimage\"},\"thumbnailUrl\":\"https:\/\/abaa.mx\/tienda\/wp-content\/uploads\/2023\/09\/13308.jpg\",\"datePublished\":\"2023-09-14T17:50:06+00:00\",\"breadcrumb\":{\"@id\":\"https:\/\/abaa.mx\/tienda\/termohigrometro-tipo-bolsillo-modelo-13308\/#breadcrumb\"},\"inLanguage\":\"es\",\"potentialAction\":[{\"@type\":\"ReadAction\",\"target\":[\"https:\/\/abaa.mx\/tienda\/termohigrometro-tipo-bolsillo-modelo-13308\/\"]}]},{\"@type\":\"ImageObject\",\"inLanguage\":\"es\",\"@id\":\"https:\/\/abaa.mx\/tienda\/termohigrometro-tipo-bolsillo-modelo-13308\/#primaryimage\",\"url\":\"https:\/\/abaa.mx\/tienda\/wp-content\/uploads\/2023\/09\/13308.jpg\",\"contentUrl\":\"https:\/\/abaa.mx\/tienda\/wp-content\/uploads\/2023\/09\/13308.jpg\",\"width\":230,\"height\":230,\"caption\":\"termohigrometro-tipo-bolsillo-modelo-13308\"},{\"@type\":\"BreadcrumbList\",\"@id\":\"https:\/\/abaa.mx\/tienda\/termohigrometro-tipo-bolsillo-modelo-13308\/#breadcrumb\",\"itemListElement\":[{\"@type\":\"ListItem\",\"position\":1,\"name\":\"Inicio\",\"item\":\"https:\/\/abaa.mx\/tienda\/\"},{\"@type\":\"ListItem\",\"position\":2,\"name\":\"Tienda\",\"item\":\"https:\/\/abaa.mx\/tienda\/\"},{\"@type\":\"ListItem\",\"position\":3,\"name\":\"Termohigr\u00f3metro tipo bolsillo Modelo 13308\"}]},{\"@type\":\"WebSite\",\"@id\":\"https:\/\/abaa.mx\/tienda\/#website\",\"url\":\"https:\/\/abaa.mx\/tienda\/\",\"name\":\"Abaa tienda online\",\"description\":\"Instrumentos de medici\u00f3n\",\"publisher\":{\"@id\":\"https:\/\/abaa.mx\/tienda\/#organization\"},\"potentialAction\":[{\"@type\":\"SearchAction\",\"target\":{\"@type\":\"EntryPoint\",\"urlTemplate\":\"https:\/\/abaa.mx\/tienda\/?s={search_term_string}\"},\"query-input\":{\"@type\":\"PropertyValueSpecification\",\"valueRequired\":true,\"valueName\":\"search_term_string\"}}],\"inLanguage\":\"es\"},{\"@type\":\"Organization\",\"@id\":\"https:\/\/abaa.mx\/tienda\/#organization\",\"name\":\"Abaa tienda online\",\"url\":\"https:\/\/abaa.mx\/tienda\/\",\"logo\":{\"@type\":\"ImageObject\",\"inLanguage\":\"es\",\"@id\":\"https:\/\/abaa.mx\/tienda\/#\/schema\/logo\/image\/\",\"url\":\"https:\/\/abaa.mx\/tienda\/wp-content\/uploads\/2024\/01\/abaa-metrologia-tienda.png\",\"contentUrl\":\"https:\/\/abaa.mx\/tienda\/wp-content\/uploads\/2024\/01\/abaa-metrologia-tienda.png\",\"width\":300,\"height\":141,\"caption\":\"Abaa tienda online\"},\"image\":{\"@id\":\"https:\/\/abaa.mx\/tienda\/#\/schema\/logo\/image\/\"}}]}<\/script>\n<!-- \/ Yoast SEO plugin. -->","yoast_head_json":{"title":"Termohigr\u00f3metro tipo bolsillo Modelo 13308 - Abaa tienda online","robots":{"index":"index","follow":"follow","max-snippet":"max-snippet:-1","max-image-preview":"max-image-preview:large","max-video-preview":"max-video-preview:-1"},"canonical":"https:\/\/abaa.mx\/tienda\/termohigrometro-tipo-bolsillo-modelo-13308\/","og_locale":"es_MX","og_type":"article","og_title":"Termohigr\u00f3metro tipo bolsillo Modelo 13308 - Abaa tienda online","og_description":"Caracter\u00edsticas   Cuenta con una pantalla dual para la humedad y temperatura.  Cuenta con una memoria m\u00e1xima y m\u00ednima de la lectura.  Con escala seleccionable en \u00b0C \/ \u00b0F.  Con una actualizaci\u00f3n r\u00e1pida de lectura.  Instrumento de pantalla grande y clara.  Dise\u00f1o en forma de pluma con un clip de bolsillo conectado a la parte posterior.","og_url":"https:\/\/abaa.mx\/tienda\/termohigrometro-tipo-bolsillo-modelo-13308\/","og_site_name":"Abaa tienda online","og_image":[{"width":230,"height":230,"url":"https:\/\/abaa.mx\/tienda\/wp-content\/uploads\/2023\/09\/13308.jpg","type":"image\/jpeg"}],"twitter_card":"summary_large_image","twitter_misc":{"Tiempo de lectura":"2 minutos"},"schema":{"@context":"https:\/\/schema.org","@graph":[{"@type":"WebPage","@id":"https:\/\/abaa.mx\/tienda\/termohigrometro-tipo-bolsillo-modelo-13308\/","url":"https:\/\/abaa.mx\/tienda\/termohigrometro-tipo-bolsillo-modelo-13308\/","name":"Termohigr\u00f3metro tipo bolsillo Modelo 13308 - Abaa tienda online","isPartOf":{"@id":"https:\/\/abaa.mx\/tienda\/#website"},"primaryImageOfPage":{"@id":"https:\/\/abaa.mx\/tienda\/termohigrometro-tipo-bolsillo-modelo-13308\/#primaryimage"},"image":{"@id":"https:\/\/abaa.mx\/tienda\/termohigrometro-tipo-bolsillo-modelo-13308\/#primaryimage"},"thumbnailUrl":"https:\/\/abaa.mx\/tienda\/wp-content\/uploads\/2023\/09\/13308.jpg","datePublished":"2023-09-14T17:50:06+00:00","breadcrumb":{"@id":"https:\/\/abaa.mx\/tienda\/termohigrometro-tipo-bolsillo-modelo-13308\/#breadcrumb"},"inLanguage":"es","potentialAction":[{"@type":"ReadAction","target":["https:\/\/abaa.mx\/tienda\/termohigrometro-tipo-bolsillo-modelo-13308\/"]}]},{"@type":"ImageObject","inLanguage":"es","@id":"https:\/\/abaa.mx\/tienda\/termohigrometro-tipo-bolsillo-modelo-13308\/#primaryimage","url":"https:\/\/abaa.mx\/tienda\/wp-content\/uploads\/2023\/09\/13308.jpg","contentUrl":"https:\/\/abaa.mx\/tienda\/wp-content\/uploads\/2023\/09\/13308.jpg","width":230,"height":230,"caption":"termohigrometro-tipo-bolsillo-modelo-13308"},{"@type":"BreadcrumbList","@id":"https:\/\/abaa.mx\/tienda\/termohigrometro-tipo-bolsillo-modelo-13308\/#breadcrumb","itemListElement":[{"@type":"ListItem","position":1,"name":"Inicio","item":"https:\/\/abaa.mx\/tienda\/"},{"@type":"ListItem","position":2,"name":"Tienda","item":"https:\/\/abaa.mx\/tienda\/"},{"@type":"ListItem","position":3,"name":"Termohigr\u00f3metro tipo bolsillo Modelo 13308"}]},{"@type":"WebSite","@id":"https:\/\/abaa.mx\/tienda\/#website","url":"https:\/\/abaa.mx\/tienda\/","name":"Abaa tienda online","description":"Instrumentos de medici\u00f3n","publisher":{"@id":"https:\/\/abaa.mx\/tienda\/#organization"},"potentialAction":[{"@type":"SearchAction","target":{"@type":"EntryPoint","urlTemplate":"https:\/\/abaa.mx\/tienda\/?s={search_term_string}"},"query-input":{"@type":"PropertyValueSpecification","valueRequired":true,"valueName":"search_term_string"}}],"inLanguage":"es"},{"@type":"Organization","@id":"https:\/\/abaa.mx\/tienda\/#organization","name":"Abaa tienda online","url":"https:\/\/abaa.mx\/tienda\/","logo":{"@type":"ImageObject","inLanguage":"es","@id":"https:\/\/abaa.mx\/tienda\/#\/schema\/logo\/image\/","url":"https:\/\/abaa.mx\/tienda\/wp-content\/uploads\/2024\/01\/abaa-metrologia-tienda.png","contentUrl":"https:\/\/abaa.mx\/tienda\/wp-content\/uploads\/2024\/01\/abaa-metrologia-tienda.png","width":300,"height":141,"caption":"Abaa tienda online"},"image":{"@id":"https:\/\/abaa.mx\/tienda\/#\/schema\/logo\/image\/"}}]}},"_links":{"self":[{"href":"https:\/\/abaa.mx\/tienda\/wp-json\/wp\/v2\/product\/1541","targetHints":{"allow":["GET"]}}],"collection":[{"href":"https:\/\/abaa.mx\/tienda\/wp-json\/wp\/v2\/product"}],"about":[{"href":"https:\/\/abaa.mx\/tienda\/wp-json\/wp\/v2\/types\/product"}],"replies":[{"embeddable":true,"href":"https:\/\/abaa.mx\/tienda\/wp-json\/wp\/v2\/comments?post=1541"}],"wp:featuredmedia":[{"embeddable":true,"href":"https:\/\/abaa.mx\/tienda\/wp-json\/wp\/v2\/media\/1543"}],"wp:attachment":[{"href":"https:\/\/abaa.mx\/tienda\/wp-json\/wp\/v2\/media?parent=1541"}],"wp:term":[{"taxonomy":"product_brand","embeddable":true,"href":"https:\/\/abaa.mx\/tienda\/wp-json\/wp\/v2\/product_brand?post=1541"},{"taxonomy":"product_cat","embeddable":true,"href":"https:\/\/abaa.mx\/tienda\/wp-json\/wp\/v2\/product_cat?post=1541"},{"taxonomy":"product_tag","embeddable":true,"href":"https:\/\/abaa.mx\/tienda\/wp-json\/wp\/v2\/product_tag?post=1541"}],"curies":[{"name":"wp","href":"https:\/\/api.w.org\/{rel}","templated":true}]}}