{"id":1537,"date":"2023-09-14T17:44:37","date_gmt":"2023-09-14T17:44:37","guid":{"rendered":"https:\/\/abaa.mx\/tienda\/?post_type=product&#038;p=1537"},"modified":"2024-01-04T16:05:30","modified_gmt":"2024-01-04T16:05:30","slug":"piruleta-digital-impermeable-certificada-por-flashcheck-termometro-de-sonda-minima-maxima-modelo-11049","status":"publish","type":"product","link":"https:\/\/abaa.mx\/tienda\/piruleta-digital-impermeable-certificada-por-flashcheck-termometro-de-sonda-minima-maxima-modelo-11049\/","title":{"rendered":"Piruleta digital impermeable certificada por flashcheck, term\u00f3metro de sonda m\u00ednima-m\u00e1xima Modelo 11049"},"content":{"rendered":"<h3><strong>Modelo\u00a011049<\/strong><\/h3>\n<p>El modelo 11049 es ideal para medir la temperatura de los alimentos durante su cocci\u00f3n, mantenimento y almacenamiento. Cuenta con una memoria min\/max que registra continuamente las temperaturas m\u00e1s bajas y las m\u00e1s altas y viene con un certificado de trazabilidad NIST..<\/p>\n<div class=\"prod-intro\">\n<ul>\n<li>Escala seleccionable de \u00b0F\/\u00b0C<\/li>\n<li>Memoria m\u00edn.\/m\u00e1x.<\/li>\n<li>Resistente al Agua (IP67)<\/li>\n<li>Cuenta con un Certificado de Calibraci\u00f3n Trazable a NIST<\/li>\n<li>Cubierta que incluye un clip de bolsillo<\/li>\n<\/ul>\n<\/div>\n<div class=\"prod-app\"><b>Aplicaciones:<\/b> Establecimientos de Alimentos, Centros de Distribuci\u00f3n, Almacenamiento en Fr\u00edo, Instalaciones de Procesamiento.<\/div>\n<div><\/div>\n<div>Este term\u00f3metro impermeable viene con un certificado de calibraci\u00f3n trazable a NIST, y cuenta con una memoria min\/max que almacena las lecturas m\u00e1s bajas y m\u00e1s altas hasta que la unidad se reinicia. Cuenta con una sonda de punta afilada para tomar la temperatura interna, y se recomienda como una herramienta de aseguramiento de la calidad e inocuidad de los alimentos para cualquier establecimiento donde los alimentos se preparan, cocinan, sirven y almacenan. Tambi\u00e9n es ideal para la verificaci\u00f3n de la temperatura de los productos en el env\u00edo y en la recepci\u00f3n en los muelles en los centros de distribuci\u00f3n, almacenamiento en fr\u00edo y en las instalaciones de procesamiento. Este term\u00f3metro cumple con el C\u00f3digo Alimentario 4-203 del Departamento de Salud P\u00fablica de los Estados Unidos, y ayuda a los usuarios a cumplir con los requisitos del HACCP. El modelo 11049 tambi\u00e9n se utiliza para aplicaciones comerciales e industriales, especialmente en entornos de alta humedad y en donde se necesite de una memoria min\/max.<\/div>\n<div><\/div>\n<div>\n<table>\n<caption>Term\u00f3metro de sonda FlashCheck Certified Waterproof Lollipop Min\/Max, Modelo 11049<\/caption>\n<thead>\n<tr>\n<th scope=\"col\">Caracter\u00edstica<\/th>\n<th scope=\"col\">Especificaci\u00f3n<\/th>\n<\/tr>\n<\/thead>\n<tfoot>\n<tr>\n<td colspan=\"2\"><\/td>\n<\/tr>\n<\/tfoot>\n<tbody>\n<tr>\n<td>Intervalo de Medici\u00f3n<\/td>\n<td>-58\u00b0F a 392\u00b0F (-50\u00b0C a 200\u00b0C)<\/td>\n<\/tr>\n<tr>\n<td>Intervalo de Operaci\u00f3n<\/td>\n<td>De 32 \u00b0C a 122 \u00b0C (de 0 \u00b0F a 50 \u00b0F)<\/td>\n<\/tr>\n<tr>\n<td>Sensor<\/td>\n<td>Termistor<\/td>\n<\/tr>\n<tr>\n<td>Resoluci\u00f3n de la Pantalla<\/td>\n<td>0.1\u00b0F \/\u00b0C<\/td>\n<\/tr>\n<tr>\n<td>Actualizaci\u00f3n Lectura en Pantalla<\/td>\n<td>1 segundo<\/td>\n<\/tr>\n<tr>\n<td>Tama\u00f1o de la Pantalla<\/td>\n<td>0.77 pulg. Ancho x 0.37 pulg. Alto (19.5 mm Ancho x 9.5 mm Alto)<\/td>\n<\/tr>\n<tr>\n<td>Calibraci\u00f3n<\/td>\n<td>Calibraci\u00f3n de fabrica a N.I.S.T., Certificado de Calibraci\u00f3n<\/td>\n<\/tr>\n<tr>\n<td>Bater\u00eda<\/td>\n<td>Bot\u00f3n Celda Alcalina<\/td>\n<\/tr>\n<tr>\n<td>Cubierta<\/td>\n<td>Pl\u00e1stico ABS<\/td>\n<\/tr>\n<tr>\n<td>Dimensiones de la Sonda<\/td>\n<td>4.13 pulg. (L) x 0.14 pulg. (Dia.)<br \/>\n105 mm (L) x 3.5 mm (Dia.)<\/td>\n<\/tr>\n<tr>\n<td>Peso<\/td>\n<td>1,4 onzas (40 g.)<\/td>\n<\/tr>\n<tr>\n<td>Grado Impermeable<\/td>\n<td>IP67<\/td>\n<\/tr>\n<tr>\n<td>Certificaci\u00f3n<\/td>\n<td>Marca CE, RoHS<\/td>\n<\/tr>\n<\/tbody>\n<\/table>\n<\/div>\n","protected":false},"excerpt":{"rendered":"<p>El modelo 11049 es ideal para medir la temperatura de los alimentos durante su cocci\u00f3n, mantenimento y almacenamiento. Cuenta con una memoria min\/max que registra continuamente las temperaturas m\u00e1s bajas y las m\u00e1s altas y viene con un certificado de trazabilidad NIST..<\/p>\n<ul>\n<li>Escala seleccionable de \u00b0F\/\u00b0C.<\/li>\n<li>Memoria m\u00edn.\/m\u00e1x.<\/li>\n<li>Resistente al Agua (IP67).<\/li>\n<li>Cuenta con un Certificado de Calibraci\u00f3n Trazable a NIST.<\/li>\n<li>Cubierta que incluye un clip de bolsillo..<\/li>\n<\/ul>\n","protected":false},"featured_media":1574,"comment_status":"open","ping_status":"closed","template":"","meta":{"_joinchat":[]},"product_brand":[],"product_cat":[15],"product_tag":[],"class_list":{"0":"post-1537","1":"product","2":"type-product","3":"status-publish","4":"has-post-thumbnail","6":"product_cat-sin-categorizar","8":"first","9":"instock","10":"shipping-taxable","11":"product-type-simple"},"yoast_head":"<!-- This site is optimized with the Yoast SEO plugin v26.4 - https:\/\/yoast.com\/wordpress\/plugins\/seo\/ -->\n<title>Piruleta digital impermeable certificada por flashcheck, term\u00f3metro de sonda m\u00ednima-m\u00e1xima Modelo 11049 - Abaa tienda online<\/title>\n<meta name=\"robots\" content=\"index, follow, max-snippet:-1, max-image-preview:large, max-video-preview:-1\" \/>\n<link rel=\"canonical\" href=\"https:\/\/abaa.mx\/tienda\/piruleta-digital-impermeable-certificada-por-flashcheck-termometro-de-sonda-minima-maxima-modelo-11049\/\" \/>\n<meta property=\"og:locale\" content=\"es_MX\" \/>\n<meta property=\"og:type\" content=\"article\" \/>\n<meta property=\"og:title\" content=\"Piruleta digital impermeable certificada por flashcheck, term\u00f3metro de sonda m\u00ednima-m\u00e1xima Modelo 11049 - Abaa tienda online\" \/>\n<meta property=\"og:description\" content=\"El modelo 11049 es ideal para medir la temperatura de los alimentos durante su cocci\u00f3n, mantenimento y almacenamiento. Cuenta con una memoria min\/max que registra continuamente las temperaturas m\u00e1s bajas y las m\u00e1s altas y viene con un certificado de trazabilidad NIST..   Escala seleccionable de \u00b0F\/\u00b0C.  Memoria m\u00edn.\/m\u00e1x.  Resistente al Agua (IP67).  Cuenta con un Certificado de Calibraci\u00f3n Trazable a NIST.  Cubierta que incluye un clip de bolsillo..\" \/>\n<meta property=\"og:url\" content=\"https:\/\/abaa.mx\/tienda\/piruleta-digital-impermeable-certificada-por-flashcheck-termometro-de-sonda-minima-maxima-modelo-11049\/\" \/>\n<meta property=\"og:site_name\" content=\"Abaa tienda online\" \/>\n<meta property=\"article:modified_time\" content=\"2024-01-04T16:05:30+00:00\" \/>\n<meta property=\"og:image\" content=\"https:\/\/abaa.mx\/tienda\/wp-content\/uploads\/2023\/09\/11049.jpg\" \/>\n\t<meta property=\"og:image:width\" content=\"474\" \/>\n\t<meta property=\"og:image:height\" content=\"616\" \/>\n\t<meta property=\"og:image:type\" content=\"image\/jpeg\" \/>\n<meta name=\"twitter:card\" content=\"summary_large_image\" \/>\n<meta name=\"twitter:label1\" content=\"Tiempo de lectura\" \/>\n\t<meta name=\"twitter:data1\" content=\"2 minutos\" \/>\n<script type=\"application\/ld+json\" class=\"yoast-schema-graph\">{\"@context\":\"https:\/\/schema.org\",\"@graph\":[{\"@type\":\"WebPage\",\"@id\":\"https:\/\/abaa.mx\/tienda\/piruleta-digital-impermeable-certificada-por-flashcheck-termometro-de-sonda-minima-maxima-modelo-11049\/\",\"url\":\"https:\/\/abaa.mx\/tienda\/piruleta-digital-impermeable-certificada-por-flashcheck-termometro-de-sonda-minima-maxima-modelo-11049\/\",\"name\":\"Piruleta digital impermeable certificada por flashcheck, term\u00f3metro de sonda m\u00ednima-m\u00e1xima Modelo 11049 - Abaa tienda online\",\"isPartOf\":{\"@id\":\"https:\/\/abaa.mx\/tienda\/#website\"},\"primaryImageOfPage\":{\"@id\":\"https:\/\/abaa.mx\/tienda\/piruleta-digital-impermeable-certificada-por-flashcheck-termometro-de-sonda-minima-maxima-modelo-11049\/#primaryimage\"},\"image\":{\"@id\":\"https:\/\/abaa.mx\/tienda\/piruleta-digital-impermeable-certificada-por-flashcheck-termometro-de-sonda-minima-maxima-modelo-11049\/#primaryimage\"},\"thumbnailUrl\":\"https:\/\/abaa.mx\/tienda\/wp-content\/uploads\/2023\/09\/11049.jpg\",\"datePublished\":\"2023-09-14T17:44:37+00:00\",\"dateModified\":\"2024-01-04T16:05:30+00:00\",\"breadcrumb\":{\"@id\":\"https:\/\/abaa.mx\/tienda\/piruleta-digital-impermeable-certificada-por-flashcheck-termometro-de-sonda-minima-maxima-modelo-11049\/#breadcrumb\"},\"inLanguage\":\"es\",\"potentialAction\":[{\"@type\":\"ReadAction\",\"target\":[\"https:\/\/abaa.mx\/tienda\/piruleta-digital-impermeable-certificada-por-flashcheck-termometro-de-sonda-minima-maxima-modelo-11049\/\"]}]},{\"@type\":\"ImageObject\",\"inLanguage\":\"es\",\"@id\":\"https:\/\/abaa.mx\/tienda\/piruleta-digital-impermeable-certificada-por-flashcheck-termometro-de-sonda-minima-maxima-modelo-11049\/#primaryimage\",\"url\":\"https:\/\/abaa.mx\/tienda\/wp-content\/uploads\/2023\/09\/11049.jpg\",\"contentUrl\":\"https:\/\/abaa.mx\/tienda\/wp-content\/uploads\/2023\/09\/11049.jpg\",\"width\":474,\"height\":616,\"caption\":\"piruleta-digital-impermeable-certificada-por-flashcheck-termometro-de-sonda-minima-maxima-modelo-11049\"},{\"@type\":\"BreadcrumbList\",\"@id\":\"https:\/\/abaa.mx\/tienda\/piruleta-digital-impermeable-certificada-por-flashcheck-termometro-de-sonda-minima-maxima-modelo-11049\/#breadcrumb\",\"itemListElement\":[{\"@type\":\"ListItem\",\"position\":1,\"name\":\"Inicio\",\"item\":\"https:\/\/abaa.mx\/tienda\/\"},{\"@type\":\"ListItem\",\"position\":2,\"name\":\"Tienda\",\"item\":\"https:\/\/abaa.mx\/tienda\/\"},{\"@type\":\"ListItem\",\"position\":3,\"name\":\"Piruleta digital impermeable certificada por flashcheck, term\u00f3metro de sonda m\u00ednima-m\u00e1xima Modelo 11049\"}]},{\"@type\":\"WebSite\",\"@id\":\"https:\/\/abaa.mx\/tienda\/#website\",\"url\":\"https:\/\/abaa.mx\/tienda\/\",\"name\":\"Abaa tienda online\",\"description\":\"Instrumentos de medici\u00f3n\",\"publisher\":{\"@id\":\"https:\/\/abaa.mx\/tienda\/#organization\"},\"potentialAction\":[{\"@type\":\"SearchAction\",\"target\":{\"@type\":\"EntryPoint\",\"urlTemplate\":\"https:\/\/abaa.mx\/tienda\/?s={search_term_string}\"},\"query-input\":{\"@type\":\"PropertyValueSpecification\",\"valueRequired\":true,\"valueName\":\"search_term_string\"}}],\"inLanguage\":\"es\"},{\"@type\":\"Organization\",\"@id\":\"https:\/\/abaa.mx\/tienda\/#organization\",\"name\":\"Abaa tienda online\",\"url\":\"https:\/\/abaa.mx\/tienda\/\",\"logo\":{\"@type\":\"ImageObject\",\"inLanguage\":\"es\",\"@id\":\"https:\/\/abaa.mx\/tienda\/#\/schema\/logo\/image\/\",\"url\":\"https:\/\/abaa.mx\/tienda\/wp-content\/uploads\/2024\/01\/abaa-metrologia-tienda.png\",\"contentUrl\":\"https:\/\/abaa.mx\/tienda\/wp-content\/uploads\/2024\/01\/abaa-metrologia-tienda.png\",\"width\":300,\"height\":141,\"caption\":\"Abaa tienda online\"},\"image\":{\"@id\":\"https:\/\/abaa.mx\/tienda\/#\/schema\/logo\/image\/\"}}]}<\/script>\n<!-- \/ Yoast SEO plugin. -->","yoast_head_json":{"title":"Piruleta digital impermeable certificada por flashcheck, term\u00f3metro de sonda m\u00ednima-m\u00e1xima Modelo 11049 - Abaa tienda online","robots":{"index":"index","follow":"follow","max-snippet":"max-snippet:-1","max-image-preview":"max-image-preview:large","max-video-preview":"max-video-preview:-1"},"canonical":"https:\/\/abaa.mx\/tienda\/piruleta-digital-impermeable-certificada-por-flashcheck-termometro-de-sonda-minima-maxima-modelo-11049\/","og_locale":"es_MX","og_type":"article","og_title":"Piruleta digital impermeable certificada por flashcheck, term\u00f3metro de sonda m\u00ednima-m\u00e1xima Modelo 11049 - Abaa tienda online","og_description":"El modelo 11049 es ideal para medir la temperatura de los alimentos durante su cocci\u00f3n, mantenimento y almacenamiento. Cuenta con una memoria min\/max que registra continuamente las temperaturas m\u00e1s bajas y las m\u00e1s altas y viene con un certificado de trazabilidad NIST..   Escala seleccionable de \u00b0F\/\u00b0C.  Memoria m\u00edn.\/m\u00e1x.  Resistente al Agua (IP67).  Cuenta con un Certificado de Calibraci\u00f3n Trazable a NIST.  Cubierta que incluye un clip de bolsillo..","og_url":"https:\/\/abaa.mx\/tienda\/piruleta-digital-impermeable-certificada-por-flashcheck-termometro-de-sonda-minima-maxima-modelo-11049\/","og_site_name":"Abaa tienda online","article_modified_time":"2024-01-04T16:05:30+00:00","og_image":[{"width":474,"height":616,"url":"https:\/\/abaa.mx\/tienda\/wp-content\/uploads\/2023\/09\/11049.jpg","type":"image\/jpeg"}],"twitter_card":"summary_large_image","twitter_misc":{"Tiempo de lectura":"2 minutos"},"schema":{"@context":"https:\/\/schema.org","@graph":[{"@type":"WebPage","@id":"https:\/\/abaa.mx\/tienda\/piruleta-digital-impermeable-certificada-por-flashcheck-termometro-de-sonda-minima-maxima-modelo-11049\/","url":"https:\/\/abaa.mx\/tienda\/piruleta-digital-impermeable-certificada-por-flashcheck-termometro-de-sonda-minima-maxima-modelo-11049\/","name":"Piruleta digital impermeable certificada por flashcheck, term\u00f3metro de sonda m\u00ednima-m\u00e1xima Modelo 11049 - Abaa tienda online","isPartOf":{"@id":"https:\/\/abaa.mx\/tienda\/#website"},"primaryImageOfPage":{"@id":"https:\/\/abaa.mx\/tienda\/piruleta-digital-impermeable-certificada-por-flashcheck-termometro-de-sonda-minima-maxima-modelo-11049\/#primaryimage"},"image":{"@id":"https:\/\/abaa.mx\/tienda\/piruleta-digital-impermeable-certificada-por-flashcheck-termometro-de-sonda-minima-maxima-modelo-11049\/#primaryimage"},"thumbnailUrl":"https:\/\/abaa.mx\/tienda\/wp-content\/uploads\/2023\/09\/11049.jpg","datePublished":"2023-09-14T17:44:37+00:00","dateModified":"2024-01-04T16:05:30+00:00","breadcrumb":{"@id":"https:\/\/abaa.mx\/tienda\/piruleta-digital-impermeable-certificada-por-flashcheck-termometro-de-sonda-minima-maxima-modelo-11049\/#breadcrumb"},"inLanguage":"es","potentialAction":[{"@type":"ReadAction","target":["https:\/\/abaa.mx\/tienda\/piruleta-digital-impermeable-certificada-por-flashcheck-termometro-de-sonda-minima-maxima-modelo-11049\/"]}]},{"@type":"ImageObject","inLanguage":"es","@id":"https:\/\/abaa.mx\/tienda\/piruleta-digital-impermeable-certificada-por-flashcheck-termometro-de-sonda-minima-maxima-modelo-11049\/#primaryimage","url":"https:\/\/abaa.mx\/tienda\/wp-content\/uploads\/2023\/09\/11049.jpg","contentUrl":"https:\/\/abaa.mx\/tienda\/wp-content\/uploads\/2023\/09\/11049.jpg","width":474,"height":616,"caption":"piruleta-digital-impermeable-certificada-por-flashcheck-termometro-de-sonda-minima-maxima-modelo-11049"},{"@type":"BreadcrumbList","@id":"https:\/\/abaa.mx\/tienda\/piruleta-digital-impermeable-certificada-por-flashcheck-termometro-de-sonda-minima-maxima-modelo-11049\/#breadcrumb","itemListElement":[{"@type":"ListItem","position":1,"name":"Inicio","item":"https:\/\/abaa.mx\/tienda\/"},{"@type":"ListItem","position":2,"name":"Tienda","item":"https:\/\/abaa.mx\/tienda\/"},{"@type":"ListItem","position":3,"name":"Piruleta digital impermeable certificada por flashcheck, term\u00f3metro de sonda m\u00ednima-m\u00e1xima Modelo 11049"}]},{"@type":"WebSite","@id":"https:\/\/abaa.mx\/tienda\/#website","url":"https:\/\/abaa.mx\/tienda\/","name":"Abaa tienda online","description":"Instrumentos de medici\u00f3n","publisher":{"@id":"https:\/\/abaa.mx\/tienda\/#organization"},"potentialAction":[{"@type":"SearchAction","target":{"@type":"EntryPoint","urlTemplate":"https:\/\/abaa.mx\/tienda\/?s={search_term_string}"},"query-input":{"@type":"PropertyValueSpecification","valueRequired":true,"valueName":"search_term_string"}}],"inLanguage":"es"},{"@type":"Organization","@id":"https:\/\/abaa.mx\/tienda\/#organization","name":"Abaa tienda online","url":"https:\/\/abaa.mx\/tienda\/","logo":{"@type":"ImageObject","inLanguage":"es","@id":"https:\/\/abaa.mx\/tienda\/#\/schema\/logo\/image\/","url":"https:\/\/abaa.mx\/tienda\/wp-content\/uploads\/2024\/01\/abaa-metrologia-tienda.png","contentUrl":"https:\/\/abaa.mx\/tienda\/wp-content\/uploads\/2024\/01\/abaa-metrologia-tienda.png","width":300,"height":141,"caption":"Abaa tienda online"},"image":{"@id":"https:\/\/abaa.mx\/tienda\/#\/schema\/logo\/image\/"}}]}},"_links":{"self":[{"href":"https:\/\/abaa.mx\/tienda\/wp-json\/wp\/v2\/product\/1537","targetHints":{"allow":["GET"]}}],"collection":[{"href":"https:\/\/abaa.mx\/tienda\/wp-json\/wp\/v2\/product"}],"about":[{"href":"https:\/\/abaa.mx\/tienda\/wp-json\/wp\/v2\/types\/product"}],"replies":[{"embeddable":true,"href":"https:\/\/abaa.mx\/tienda\/wp-json\/wp\/v2\/comments?post=1537"}],"wp:featuredmedia":[{"embeddable":true,"href":"https:\/\/abaa.mx\/tienda\/wp-json\/wp\/v2\/media\/1574"}],"wp:attachment":[{"href":"https:\/\/abaa.mx\/tienda\/wp-json\/wp\/v2\/media?parent=1537"}],"wp:term":[{"taxonomy":"product_brand","embeddable":true,"href":"https:\/\/abaa.mx\/tienda\/wp-json\/wp\/v2\/product_brand?post=1537"},{"taxonomy":"product_cat","embeddable":true,"href":"https:\/\/abaa.mx\/tienda\/wp-json\/wp\/v2\/product_cat?post=1537"},{"taxonomy":"product_tag","embeddable":true,"href":"https:\/\/abaa.mx\/tienda\/wp-json\/wp\/v2\/product_tag?post=1537"}],"curies":[{"name":"wp","href":"https:\/\/api.w.org\/{rel}","templated":true}]}}