{"id":1528,"date":"2023-09-14T17:36:43","date_gmt":"2023-09-14T17:36:43","guid":{"rendered":"https:\/\/abaa.mx\/tienda\/?post_type=product&#038;p=1528"},"modified":"2024-01-04T16:12:07","modified_gmt":"2024-01-04T16:12:07","slug":"piruleta-digital-impermeable-certificada-por-flashcheck-termometro-de-sonda-minima-maxima-modelo-11048","status":"publish","type":"product","link":"https:\/\/abaa.mx\/tienda\/piruleta-digital-impermeable-certificada-por-flashcheck-termometro-de-sonda-minima-maxima-modelo-11048\/","title":{"rendered":"Piruleta digital impermeable certificada por flashcheck, term\u00f3metro de sonda m\u00ednima-m\u00e1xima Modelo 11048"},"content":{"rendered":"<h3><strong>Modelo\u00a011048<\/strong><\/h3>\n<div class=\"prod-intro\">\n<ul>\n<li>Cuenta con una escala seleccionable \u00b0C\/\u00b0F<\/li>\n<li>Con punta afilada 200 mm (~8 pulg)<\/li>\n<li>Con una memoria de lectura Min\/Max<\/li>\n<li>Incluye un Certificado de Calibraci\u00f3n NIST<\/li>\n<li>Incluye una cubierta protectora con clip de bolsillo al reverso<\/li>\n<li>Incluye una funda resistente al agua \u2013 completamente sumergible<\/li>\n<li>Cuenta con un registro contin\u00fao min\/max de temperatura hasta que el usuario lo apague para restablecer<\/li>\n<\/ul>\n<\/div>\n<div class=\"prod-app\"><b>Aplicaciones:<\/b> Establecimientos de Alimentos, Centros de Distribuci\u00f3n, Almacenamiento en Fr\u00edo, Instalaciones de Procesamiento.<\/div>\n<div>\n<div class=\"prod-bottom\">\n<div class=\"prod-desc\">\n<p>El Term\u00f3metro Digital Lollipop Min\/Max (modelo 11047) es un term\u00f3metro resistente al agua con una aguja de punta afilada de 8 pulgadas. Con un intervalo de temperatura de -58 \u00b0F a 392 \u00b0F (-50 \u00b0C a 200 \u00b0C), ideal para la medici\u00f3n de l\u00edquidos con temperaturas muy altas, como los aceites. El term\u00f3metro cuenta con una memoria de lectura Min\/Max que registra continuamente la unidad de las temperaturas m\u00ednimas y m\u00e1ximas que el term\u00f3metro se apaga o reinicia. El modelo 11048 cuenta con certificaci\u00f3n RoHS y CE Mark, y puede calibrarse en campo.<\/p>\n<table>\n<caption>Modelo 11048 Term\u00f3metro Digital Lollipop<\/caption>\n<thead>\n<tr>\n<th scope=\"col\">Caracter\u00edstica<\/th>\n<th scope=\"col\">Especificaci\u00f3n<\/th>\n<\/tr>\n<\/thead>\n<tfoot>\n<tr>\n<td colspan=\"2\">DeltaTrak fabrica productos bajo un sistema de calidad registrado 9001:2015<\/td>\n<\/tr>\n<\/tfoot>\n<tbody>\n<tr>\n<td>Rango de temperatura<\/td>\n<td>-58\u00b0F a 392\u00b0F (-50\u00b0C a 200\u00b0C)<\/td>\n<\/tr>\n<tr>\n<td>Precisi\u00f3n<\/td>\n<td>\u00b11\u00b0F (-4\u00b0F a 302\u00b0F), \u00b10.5\u00b0C (-20\u00b0C a 150\u00b0C) o el que sea mayor a \u00b11%<\/td>\n<\/tr>\n<tr>\n<td>Sensor<\/td>\n<td>Termistor<\/td>\n<\/tr>\n<tr>\n<td>Resoluci\u00f3n de la Pantalla<\/td>\n<td>0.1\u00b0F en medio de -20\u00b0F a 200\u00b0F (\u00b0C \u00f3 \u00b0F) de otra manera 1\u00b0F<\/td>\n<\/tr>\n<tr>\n<td>Actualizaci\u00f3n de Lectura de la Pantalla<\/td>\n<td>1 segundo<\/td>\n<\/tr>\n<tr>\n<td>Tama\u00f1o de la Ventana<\/td>\n<td>.77 pulg ancho x .37 pulg alto (19,5 mm ancho x 9,5 mm alto)<\/td>\n<\/tr>\n<tr>\n<td>Calibraci\u00f3n<\/td>\n<td>Trazable a NIST por lote. Resistencia de calibraci\u00f3n ajustable debajo del tornillo en la parte posterior<\/td>\n<\/tr>\n<tr>\n<td>Bater\u00eda<\/td>\n<td>Bot\u00f3n Celda Alcalina<\/td>\n<\/tr>\n<tr>\n<td>Funda<\/td>\n<td>Policarbonato y Pl\u00e1stico ABS<\/td>\n<\/tr>\n<tr>\n<td>Dimensiones de la Aguja<\/td>\n<td>Acero inoxidable, .14 pulg. (Dia.) x 7.87 pulg. (L) (3.5 mm x 200 mm)<\/td>\n<\/tr>\n<tr>\n<td>Peso<\/td>\n<td>1,25 onzas (35,4 gm)<\/td>\n<\/tr>\n<tr>\n<td>Grado Impermeable<\/td>\n<td>IP67<\/td>\n<\/tr>\n<tr>\n<td>Certificaci\u00f3n<\/td>\n<td>Marca CE, RoHS<\/td>\n<\/tr>\n<\/tbody>\n<\/table>\n<\/div>\n<\/div>\n<\/div>\n","protected":false},"excerpt":{"rendered":"<div class=\"prod-intro\">\n<h3>Caracter\u00edsticas<\/h3>\n<ul>\n<li>Cuenta con una escala seleccionable \u00b0C\/\u00b0F<\/li>\n<li>Con punta afilada 200 mm (~8 pulg)<\/li>\n<li>Con una memoria de lectura Min\/Max<\/li>\n<li>Incluye un Certificado de Calibraci\u00f3n NIST<\/li>\n<li>Incluye una cubierta protectora con clip de bolsillo al reverso<\/li>\n<li>Incluye una funda resistente al agua \u2013 completamente sumergible<\/li>\n<li>Cuenta con un registro contin\u00fao min\/max de temperatura hasta que el usuario lo apague para restablecer<\/li>\n<\/ul>\n<\/div>\n<div class=\"prod-app\"><b>Aplicaciones:<\/b>\u00a0Establecimientos de Alimentos, Centros de Distribuci\u00f3n, Almacenamiento en Fr\u00edo, Instalaciones de Procesamiento<\/div>\n","protected":false},"featured_media":1536,"comment_status":"open","ping_status":"closed","template":"","meta":{"_joinchat":[]},"product_brand":[],"product_cat":[15],"product_tag":[],"class_list":{"0":"post-1528","1":"product","2":"type-product","3":"status-publish","4":"has-post-thumbnail","6":"product_cat-sin-categorizar","8":"first","9":"instock","10":"shipping-taxable","11":"product-type-simple"},"yoast_head":"<!-- This site is optimized with the Yoast SEO plugin v26.4 - https:\/\/yoast.com\/wordpress\/plugins\/seo\/ -->\n<title>Piruleta digital impermeable certificada por flashcheck, term\u00f3metro de sonda m\u00ednima-m\u00e1xima Modelo 11048 - Abaa tienda online<\/title>\n<meta name=\"robots\" content=\"index, follow, max-snippet:-1, max-image-preview:large, max-video-preview:-1\" \/>\n<link rel=\"canonical\" href=\"https:\/\/abaa.mx\/tienda\/piruleta-digital-impermeable-certificada-por-flashcheck-termometro-de-sonda-minima-maxima-modelo-11048\/\" \/>\n<meta property=\"og:locale\" content=\"es_MX\" \/>\n<meta property=\"og:type\" content=\"article\" \/>\n<meta property=\"og:title\" content=\"Piruleta digital impermeable certificada por flashcheck, term\u00f3metro de sonda m\u00ednima-m\u00e1xima Modelo 11048 - Abaa tienda online\" \/>\n<meta property=\"og:description\" content=\"Caracter\u00edsticas   Cuenta con una escala seleccionable \u00b0C\/\u00b0F  Con punta afilada 200 mm (~8 pulg)  Con una memoria de lectura Min\/Max  Incluye un Certificado de Calibraci\u00f3n NIST  Incluye una cubierta protectora con clip de bolsillo al reverso  Incluye una funda resistente al agua \u2013 completamente sumergible  Cuenta con un registro contin\u00fao min\/max de temperatura hasta que el usuario lo apague para restablecer   Aplicaciones:\u00a0Establecimientos de Alimentos, Centros de Distribuci\u00f3n, Almacenamiento en Fr\u00edo, Instalaciones de Procesamiento\" \/>\n<meta property=\"og:url\" content=\"https:\/\/abaa.mx\/tienda\/piruleta-digital-impermeable-certificada-por-flashcheck-termometro-de-sonda-minima-maxima-modelo-11048\/\" \/>\n<meta property=\"og:site_name\" content=\"Abaa tienda online\" \/>\n<meta property=\"article:modified_time\" content=\"2024-01-04T16:12:07+00:00\" \/>\n<meta property=\"og:image\" content=\"https:\/\/abaa.mx\/tienda\/wp-content\/uploads\/2023\/09\/11048.jpg\" \/>\n\t<meta property=\"og:image:width\" content=\"474\" \/>\n\t<meta property=\"og:image:height\" content=\"616\" \/>\n\t<meta property=\"og:image:type\" content=\"image\/jpeg\" \/>\n<meta name=\"twitter:card\" content=\"summary_large_image\" \/>\n<meta name=\"twitter:label1\" content=\"Tiempo de lectura\" \/>\n\t<meta name=\"twitter:data1\" content=\"2 minutos\" \/>\n<script type=\"application\/ld+json\" class=\"yoast-schema-graph\">{\"@context\":\"https:\/\/schema.org\",\"@graph\":[{\"@type\":\"WebPage\",\"@id\":\"https:\/\/abaa.mx\/tienda\/piruleta-digital-impermeable-certificada-por-flashcheck-termometro-de-sonda-minima-maxima-modelo-11048\/\",\"url\":\"https:\/\/abaa.mx\/tienda\/piruleta-digital-impermeable-certificada-por-flashcheck-termometro-de-sonda-minima-maxima-modelo-11048\/\",\"name\":\"Piruleta digital impermeable certificada por flashcheck, term\u00f3metro de sonda m\u00ednima-m\u00e1xima Modelo 11048 - Abaa tienda online\",\"isPartOf\":{\"@id\":\"https:\/\/abaa.mx\/tienda\/#website\"},\"primaryImageOfPage\":{\"@id\":\"https:\/\/abaa.mx\/tienda\/piruleta-digital-impermeable-certificada-por-flashcheck-termometro-de-sonda-minima-maxima-modelo-11048\/#primaryimage\"},\"image\":{\"@id\":\"https:\/\/abaa.mx\/tienda\/piruleta-digital-impermeable-certificada-por-flashcheck-termometro-de-sonda-minima-maxima-modelo-11048\/#primaryimage\"},\"thumbnailUrl\":\"https:\/\/abaa.mx\/tienda\/wp-content\/uploads\/2023\/09\/11048.jpg\",\"datePublished\":\"2023-09-14T17:36:43+00:00\",\"dateModified\":\"2024-01-04T16:12:07+00:00\",\"breadcrumb\":{\"@id\":\"https:\/\/abaa.mx\/tienda\/piruleta-digital-impermeable-certificada-por-flashcheck-termometro-de-sonda-minima-maxima-modelo-11048\/#breadcrumb\"},\"inLanguage\":\"es\",\"potentialAction\":[{\"@type\":\"ReadAction\",\"target\":[\"https:\/\/abaa.mx\/tienda\/piruleta-digital-impermeable-certificada-por-flashcheck-termometro-de-sonda-minima-maxima-modelo-11048\/\"]}]},{\"@type\":\"ImageObject\",\"inLanguage\":\"es\",\"@id\":\"https:\/\/abaa.mx\/tienda\/piruleta-digital-impermeable-certificada-por-flashcheck-termometro-de-sonda-minima-maxima-modelo-11048\/#primaryimage\",\"url\":\"https:\/\/abaa.mx\/tienda\/wp-content\/uploads\/2023\/09\/11048.jpg\",\"contentUrl\":\"https:\/\/abaa.mx\/tienda\/wp-content\/uploads\/2023\/09\/11048.jpg\",\"width\":474,\"height\":616,\"caption\":\"piruleta-digital-impermeable-certificada-por-flashcheck-termometro-de-sonda-minima-maxima-modelo-11049\"},{\"@type\":\"BreadcrumbList\",\"@id\":\"https:\/\/abaa.mx\/tienda\/piruleta-digital-impermeable-certificada-por-flashcheck-termometro-de-sonda-minima-maxima-modelo-11048\/#breadcrumb\",\"itemListElement\":[{\"@type\":\"ListItem\",\"position\":1,\"name\":\"Inicio\",\"item\":\"https:\/\/abaa.mx\/tienda\/\"},{\"@type\":\"ListItem\",\"position\":2,\"name\":\"Tienda\",\"item\":\"https:\/\/abaa.mx\/tienda\/\"},{\"@type\":\"ListItem\",\"position\":3,\"name\":\"Piruleta digital impermeable certificada por flashcheck, term\u00f3metro de sonda m\u00ednima-m\u00e1xima Modelo 11048\"}]},{\"@type\":\"WebSite\",\"@id\":\"https:\/\/abaa.mx\/tienda\/#website\",\"url\":\"https:\/\/abaa.mx\/tienda\/\",\"name\":\"Abaa tienda online\",\"description\":\"Instrumentos de medici\u00f3n\",\"publisher\":{\"@id\":\"https:\/\/abaa.mx\/tienda\/#organization\"},\"potentialAction\":[{\"@type\":\"SearchAction\",\"target\":{\"@type\":\"EntryPoint\",\"urlTemplate\":\"https:\/\/abaa.mx\/tienda\/?s={search_term_string}\"},\"query-input\":{\"@type\":\"PropertyValueSpecification\",\"valueRequired\":true,\"valueName\":\"search_term_string\"}}],\"inLanguage\":\"es\"},{\"@type\":\"Organization\",\"@id\":\"https:\/\/abaa.mx\/tienda\/#organization\",\"name\":\"Abaa tienda online\",\"url\":\"https:\/\/abaa.mx\/tienda\/\",\"logo\":{\"@type\":\"ImageObject\",\"inLanguage\":\"es\",\"@id\":\"https:\/\/abaa.mx\/tienda\/#\/schema\/logo\/image\/\",\"url\":\"https:\/\/abaa.mx\/tienda\/wp-content\/uploads\/2024\/01\/abaa-metrologia-tienda.png\",\"contentUrl\":\"https:\/\/abaa.mx\/tienda\/wp-content\/uploads\/2024\/01\/abaa-metrologia-tienda.png\",\"width\":300,\"height\":141,\"caption\":\"Abaa tienda online\"},\"image\":{\"@id\":\"https:\/\/abaa.mx\/tienda\/#\/schema\/logo\/image\/\"}}]}<\/script>\n<!-- \/ Yoast SEO plugin. -->","yoast_head_json":{"title":"Piruleta digital impermeable certificada por flashcheck, term\u00f3metro de sonda m\u00ednima-m\u00e1xima Modelo 11048 - Abaa tienda online","robots":{"index":"index","follow":"follow","max-snippet":"max-snippet:-1","max-image-preview":"max-image-preview:large","max-video-preview":"max-video-preview:-1"},"canonical":"https:\/\/abaa.mx\/tienda\/piruleta-digital-impermeable-certificada-por-flashcheck-termometro-de-sonda-minima-maxima-modelo-11048\/","og_locale":"es_MX","og_type":"article","og_title":"Piruleta digital impermeable certificada por flashcheck, term\u00f3metro de sonda m\u00ednima-m\u00e1xima Modelo 11048 - Abaa tienda online","og_description":"Caracter\u00edsticas   Cuenta con una escala seleccionable \u00b0C\/\u00b0F  Con punta afilada 200 mm (~8 pulg)  Con una memoria de lectura Min\/Max  Incluye un Certificado de Calibraci\u00f3n NIST  Incluye una cubierta protectora con clip de bolsillo al reverso  Incluye una funda resistente al agua \u2013 completamente sumergible  Cuenta con un registro contin\u00fao min\/max de temperatura hasta que el usuario lo apague para restablecer   Aplicaciones:\u00a0Establecimientos de Alimentos, Centros de Distribuci\u00f3n, Almacenamiento en Fr\u00edo, Instalaciones de Procesamiento","og_url":"https:\/\/abaa.mx\/tienda\/piruleta-digital-impermeable-certificada-por-flashcheck-termometro-de-sonda-minima-maxima-modelo-11048\/","og_site_name":"Abaa tienda online","article_modified_time":"2024-01-04T16:12:07+00:00","og_image":[{"width":474,"height":616,"url":"https:\/\/abaa.mx\/tienda\/wp-content\/uploads\/2023\/09\/11048.jpg","type":"image\/jpeg"}],"twitter_card":"summary_large_image","twitter_misc":{"Tiempo de lectura":"2 minutos"},"schema":{"@context":"https:\/\/schema.org","@graph":[{"@type":"WebPage","@id":"https:\/\/abaa.mx\/tienda\/piruleta-digital-impermeable-certificada-por-flashcheck-termometro-de-sonda-minima-maxima-modelo-11048\/","url":"https:\/\/abaa.mx\/tienda\/piruleta-digital-impermeable-certificada-por-flashcheck-termometro-de-sonda-minima-maxima-modelo-11048\/","name":"Piruleta digital impermeable certificada por flashcheck, term\u00f3metro de sonda m\u00ednima-m\u00e1xima Modelo 11048 - Abaa tienda online","isPartOf":{"@id":"https:\/\/abaa.mx\/tienda\/#website"},"primaryImageOfPage":{"@id":"https:\/\/abaa.mx\/tienda\/piruleta-digital-impermeable-certificada-por-flashcheck-termometro-de-sonda-minima-maxima-modelo-11048\/#primaryimage"},"image":{"@id":"https:\/\/abaa.mx\/tienda\/piruleta-digital-impermeable-certificada-por-flashcheck-termometro-de-sonda-minima-maxima-modelo-11048\/#primaryimage"},"thumbnailUrl":"https:\/\/abaa.mx\/tienda\/wp-content\/uploads\/2023\/09\/11048.jpg","datePublished":"2023-09-14T17:36:43+00:00","dateModified":"2024-01-04T16:12:07+00:00","breadcrumb":{"@id":"https:\/\/abaa.mx\/tienda\/piruleta-digital-impermeable-certificada-por-flashcheck-termometro-de-sonda-minima-maxima-modelo-11048\/#breadcrumb"},"inLanguage":"es","potentialAction":[{"@type":"ReadAction","target":["https:\/\/abaa.mx\/tienda\/piruleta-digital-impermeable-certificada-por-flashcheck-termometro-de-sonda-minima-maxima-modelo-11048\/"]}]},{"@type":"ImageObject","inLanguage":"es","@id":"https:\/\/abaa.mx\/tienda\/piruleta-digital-impermeable-certificada-por-flashcheck-termometro-de-sonda-minima-maxima-modelo-11048\/#primaryimage","url":"https:\/\/abaa.mx\/tienda\/wp-content\/uploads\/2023\/09\/11048.jpg","contentUrl":"https:\/\/abaa.mx\/tienda\/wp-content\/uploads\/2023\/09\/11048.jpg","width":474,"height":616,"caption":"piruleta-digital-impermeable-certificada-por-flashcheck-termometro-de-sonda-minima-maxima-modelo-11049"},{"@type":"BreadcrumbList","@id":"https:\/\/abaa.mx\/tienda\/piruleta-digital-impermeable-certificada-por-flashcheck-termometro-de-sonda-minima-maxima-modelo-11048\/#breadcrumb","itemListElement":[{"@type":"ListItem","position":1,"name":"Inicio","item":"https:\/\/abaa.mx\/tienda\/"},{"@type":"ListItem","position":2,"name":"Tienda","item":"https:\/\/abaa.mx\/tienda\/"},{"@type":"ListItem","position":3,"name":"Piruleta digital impermeable certificada por flashcheck, term\u00f3metro de sonda m\u00ednima-m\u00e1xima Modelo 11048"}]},{"@type":"WebSite","@id":"https:\/\/abaa.mx\/tienda\/#website","url":"https:\/\/abaa.mx\/tienda\/","name":"Abaa tienda online","description":"Instrumentos de medici\u00f3n","publisher":{"@id":"https:\/\/abaa.mx\/tienda\/#organization"},"potentialAction":[{"@type":"SearchAction","target":{"@type":"EntryPoint","urlTemplate":"https:\/\/abaa.mx\/tienda\/?s={search_term_string}"},"query-input":{"@type":"PropertyValueSpecification","valueRequired":true,"valueName":"search_term_string"}}],"inLanguage":"es"},{"@type":"Organization","@id":"https:\/\/abaa.mx\/tienda\/#organization","name":"Abaa tienda online","url":"https:\/\/abaa.mx\/tienda\/","logo":{"@type":"ImageObject","inLanguage":"es","@id":"https:\/\/abaa.mx\/tienda\/#\/schema\/logo\/image\/","url":"https:\/\/abaa.mx\/tienda\/wp-content\/uploads\/2024\/01\/abaa-metrologia-tienda.png","contentUrl":"https:\/\/abaa.mx\/tienda\/wp-content\/uploads\/2024\/01\/abaa-metrologia-tienda.png","width":300,"height":141,"caption":"Abaa tienda online"},"image":{"@id":"https:\/\/abaa.mx\/tienda\/#\/schema\/logo\/image\/"}}]}},"_links":{"self":[{"href":"https:\/\/abaa.mx\/tienda\/wp-json\/wp\/v2\/product\/1528","targetHints":{"allow":["GET"]}}],"collection":[{"href":"https:\/\/abaa.mx\/tienda\/wp-json\/wp\/v2\/product"}],"about":[{"href":"https:\/\/abaa.mx\/tienda\/wp-json\/wp\/v2\/types\/product"}],"replies":[{"embeddable":true,"href":"https:\/\/abaa.mx\/tienda\/wp-json\/wp\/v2\/comments?post=1528"}],"wp:featuredmedia":[{"embeddable":true,"href":"https:\/\/abaa.mx\/tienda\/wp-json\/wp\/v2\/media\/1536"}],"wp:attachment":[{"href":"https:\/\/abaa.mx\/tienda\/wp-json\/wp\/v2\/media?parent=1528"}],"wp:term":[{"taxonomy":"product_brand","embeddable":true,"href":"https:\/\/abaa.mx\/tienda\/wp-json\/wp\/v2\/product_brand?post=1528"},{"taxonomy":"product_cat","embeddable":true,"href":"https:\/\/abaa.mx\/tienda\/wp-json\/wp\/v2\/product_cat?post=1528"},{"taxonomy":"product_tag","embeddable":true,"href":"https:\/\/abaa.mx\/tienda\/wp-json\/wp\/v2\/product_tag?post=1528"}],"curies":[{"name":"wp","href":"https:\/\/api.w.org\/{rel}","templated":true}]}}