{"id":1523,"date":"2023-09-14T17:21:25","date_gmt":"2023-09-14T17:21:25","guid":{"rendered":"https:\/\/abaa.mx\/tienda\/?post_type=product&#038;p=1523"},"modified":"2023-09-14T17:21:25","modified_gmt":"2023-09-14T17:21:25","slug":"flashcheck-termometro-de-sonda-plegable-impermeable-min-max-modelo-15051","status":"publish","type":"product","link":"https:\/\/abaa.mx\/tienda\/flashcheck-termometro-de-sonda-plegable-impermeable-min-max-modelo-15051\/","title":{"rendered":"Flashcheck term\u00f3metro de sonda plegable impermeable min-max Modelo 15051"},"content":{"rendered":"<h1>Flashcheck\u00a0term\u00f3metro de sonda plegable impermeable min-max<\/h1>\n<h3><strong>Modelo\u00a015051<\/strong><\/h3>\n<div class=\"prod-intro\">\n<ul>\n<li>Lectura de temperatura instant\u00e1nea<\/li>\n<li>Sonda plegable para un manejo seguro<\/li>\n<li>Superficie posterior magn\u00e9tica<\/li>\n<li>La funci\u00f3n Hold bloquea la lectura de temperatura<\/li>\n<li>Ideal para alimentos de masa fina como empanadas de carne, filetes de pollo y pescado<\/li>\n<li>Memoria m\u00ednima \/ m\u00e1xima almacena lecturas m\u00e1s bajas \/ m\u00e1s altas<\/li>\n<li>seleccionable \u00b0 F \/ \u00b0 C<\/li>\n<li>Mide hasta 572 \u00b0 F (300 \u00b0 C)<\/li>\n<li>Pantalla retroiluminada<\/li>\n<li>Funci\u00f3n de calibraci\u00f3n autom\u00e1tica<\/li>\n<li>Pantalla LCD jumbo de doble escala altamente visible<\/li>\n<li>IP67 a prueba de agua, desinfectable, resistente a la suciedad y la grasa<\/li>\n<li>Se enciende autom\u00e1ticamente al desplegar la aguja<\/li>\n<li>El apagado autom\u00e1tico ahorra bater\u00eda<\/li>\n<li><span>Cumple con el C\u00f3digo de Alimentos de la FDA 4-203.11<\/span><\/li>\n<\/ul>\n<\/div>\n<div class=\"prod-app\"><b>Aplicaciones:<\/b> Alimentos de masa fina, como empanadas de carne, filetes de pollo y pescado durante la cocci\u00f3n, almacenamiento y conservaci\u00f3n.<\/div>\n<div>\n<p>El modelo 15051 es ideal para operaciones alimentarias que requieren velocidad, precisi\u00f3n, seguridad, confiabilidad y la flexibilidad de un term\u00f3metro avanzado para cumplir con los exigentes est\u00e1ndares de seguridad alimentaria. La respuesta casi instant\u00e1nea del sensor de la sonda (menos de 4 segundos) combinada con sus funciones m\u00edn. \/ M\u00e1x. Y retenci\u00f3n permite a los clientes registrar r\u00e1pidamente las temperaturas internas de los alimentos y mostrar las lecturas en la pantalla LCD jumbo de doble escala. alimentos masivos como empanadas de carne, filetes de pollo y pescado.<\/p>\n<p>La sonda de acero inoxidable plegable de alta calidad es ajustable para \u00e1ngulos de 0 \u00b0 a 180 \u00b0. Esto proporciona la flexibilidad necesaria para ajustar el term\u00f3metro para cumplir con una variedad de condiciones de sondeo y establecer configuraciones \u00f3ptimas de manera segura y confiable para garantizar lecturas precisas de temperatura.<\/p>\n<table>\n<caption>15051 FlashCheck Term\u00f3metro de sonda plegable impermeable Min-Max<\/caption>\n<thead>\n<tr>\n<th scope=\"col\">Funci\u00f3n<\/th>\n<th scope=\"col\">Especificaci\u00f3n<\/th>\n<\/tr>\n<\/thead>\n<tfoot>\n<tr>\n<td colspan=\"2\">DeltaTrak fabrica productos bajo un sistema de gesti\u00f3n de calidad registrado ISO 9001: 2015<\/td>\n<\/tr>\n<\/tfoot>\n<tbody>\n<tr>\n<td>Rango de Medicion<\/td>\n<td>-58\u00b0F a 572\u00b0F (-50\u00b0C a 300\u00b0C)<\/td>\n<\/tr>\n<tr>\n<td>Rango de Operaci\u00f3n<\/td>\n<td>De 32 \u00b0C a 122 \u00b0C (de 0 \u00b0F a 50 \u00b0F)<\/td>\n<\/tr>\n<tr>\n<td>Precisi\u00f3n<\/td>\n<td>\u00b1 1,0 \u00b0C (-50 \u00b0C a -5 \u00b0C) \u00b1 0,5 \u00b0C (-5 \u00b0C a +65 \u00b0C) \u00b1 1,0 \u00b0C (65 \u00b0C a 300 \u00b0C)<\/td>\n<\/tr>\n<tr>\n<td>Tiempo de Respuesta<\/td>\n<td>Menos de 4 segundos<\/td>\n<\/tr>\n<tr>\n<td>Sensor<\/td>\n<td>Termistor<\/td>\n<\/tr>\n<tr>\n<td>Resoluci\u00f3n de Pantalla<\/td>\n<td>\n<span>0.2\u00b0F \/ 0.1\u00b0C<\/span><\/td>\n<\/tr>\n<tr>\n<td>Actualizaci\u00f3n de lectura<\/td>\n<td>Cada 0.25 segundos<\/td>\n<\/tr>\n<tr>\n<td>Tama\u00f1o de Ventana de Visualizaci\u00f3n<\/td>\n<td>1.68 pulgadas de ancho x 0.65 pulgadas de alto<br \/>\n(42.7 mm de ancho x 16.6 mm de alto)<\/td>\n<\/tr>\n<tr>\n<td>Calibraci\u00f3n<\/td>\n<td>Bot\u00f3n de Calibraci\u00f3n Autom\u00e1tica<\/td>\n<\/tr>\n<tr>\n<td>Bater\u00eda<\/td>\n<td><span>Bater\u00eda\u00a0de moneda CR2032 3V Li<\/span><\/td>\n<\/tr>\n<tr>\n<td>Apagado autom\u00e1tico<\/td>\n<td>10 minutOs<\/td>\n<\/tr>\n<tr>\n<td>Estuche<\/td>\n<td>Pl\u00e1stico ABS<\/td>\n<\/tr>\n<tr>\n<td>Longitud de Aguja<\/td>\n<td>4.7 pulgadas\u00a0(120mm)<\/td>\n<\/tr>\n<tr>\n<td>Di\u00e1metro\u00a0de Aguja<\/td>\n<td>Aguja de acero inoxidable 304\u00a0 grado de seguridad alimentaria de 0.067in (1.7 mm)<\/td>\n<\/tr>\n<tr>\n<td>Calificaci\u00f3n Impermeable<\/td>\n<td>IP67<\/td>\n<\/tr>\n<tr>\n<td>Calibraci\u00f3n de F\u00e1brica<\/td>\n<td>Calibraci\u00f3n trazable NIST<\/td>\n<\/tr>\n<\/tbody>\n<\/table>\n<\/div>\n","protected":false},"excerpt":{"rendered":"<div class=\"prod-intro\">\n<h4><strong>Modelo 15051<\/strong><\/h4>\n<ul>\n<li>Lectura de temperatura instant\u00e1nea<\/li>\n<li>Sonda plegable para un manejo seguro<\/li>\n<li>Superficie posterior magn\u00e9tica<\/li>\n<li>La funci\u00f3n Hold bloquea la lectura de temperatura<\/li>\n<li>Ideal para alimentos de masa fina como empanadas de carne, filetes de pollo y pescado<\/li>\n<li>Memoria m\u00ednima \/ m\u00e1xima almacena lecturas m\u00e1s bajas \/ m\u00e1s altas<\/li>\n<li>seleccionable \u00b0 F \/ \u00b0 C<\/li>\n<li>Mide hasta 572 \u00b0 F (300 \u00b0 C)<\/li>\n<li>Pantalla retroiluminada<\/li>\n<li>Funci\u00f3n de calibraci\u00f3n autom\u00e1tica<\/li>\n<li>Pantalla LCD jumbo de doble escala altamente visible<\/li>\n<li>IP67 a prueba de agua, desinfectable, resistente a la suciedad y la grasa<\/li>\n<li>Se enciende autom\u00e1ticamente al desplegar la aguja<\/li>\n<li>El apagado autom\u00e1tico ahorra bater\u00eda<\/li>\n<li><span>Cumple con el C\u00f3digo de Alimentos de la FDA 4-203.11<\/span><\/li>\n<\/ul>\n<\/div>\n<div class=\"prod-app\"><b>Aplicaciones:<\/b>\u00a0Alimentos de masa fina, como empanadas de carne, filetes de pollo y pescado durante la cocci\u00f3n, almacenamiento y conservaci\u00f3n<\/div>\n","protected":false},"featured_media":1526,"comment_status":"open","ping_status":"closed","template":"","meta":{"_joinchat":[]},"product_brand":[],"product_cat":[15],"product_tag":[],"class_list":{"0":"post-1523","1":"product","2":"type-product","3":"status-publish","4":"has-post-thumbnail","6":"product_cat-sin-categorizar","8":"first","9":"instock","10":"shipping-taxable","11":"product-type-simple"},"yoast_head":"<!-- This site is optimized with the Yoast SEO plugin v26.4 - https:\/\/yoast.com\/wordpress\/plugins\/seo\/ -->\n<title>Flashcheck term\u00f3metro de sonda plegable impermeable min-max Modelo 15051 - Abaa tienda online<\/title>\n<meta name=\"robots\" content=\"index, follow, max-snippet:-1, max-image-preview:large, max-video-preview:-1\" \/>\n<link rel=\"canonical\" href=\"https:\/\/abaa.mx\/tienda\/flashcheck-termometro-de-sonda-plegable-impermeable-min-max-modelo-15051\/\" \/>\n<meta property=\"og:locale\" content=\"es_MX\" \/>\n<meta property=\"og:type\" content=\"article\" \/>\n<meta property=\"og:title\" content=\"Flashcheck term\u00f3metro de sonda plegable impermeable min-max Modelo 15051 - Abaa tienda online\" \/>\n<meta property=\"og:description\" content=\"Modelo 15051   Lectura de temperatura instant\u00e1nea  Sonda plegable para un manejo seguro  Superficie posterior magn\u00e9tica  La funci\u00f3n Hold bloquea la lectura de temperatura  Ideal para alimentos de masa fina como empanadas de carne, filetes de pollo y pescado  Memoria m\u00ednima \/ m\u00e1xima almacena lecturas m\u00e1s bajas \/ m\u00e1s altas  seleccionable \u00b0 F \/ \u00b0 C  Mide hasta 572 \u00b0 F (300 \u00b0 C)  Pantalla retroiluminada  Funci\u00f3n de calibraci\u00f3n autom\u00e1tica  Pantalla LCD jumbo de doble escala altamente visible  IP67 a prueba de agua, desinfectable, resistente a la suciedad y la grasa  Se enciende autom\u00e1ticamente al desplegar la aguja  El apagado autom\u00e1tico ahorra bater\u00eda  Cumple con el C\u00f3digo de Alimentos de la FDA 4-203.11   Aplicaciones:\u00a0Alimentos de masa fina, como empanadas de carne, filetes de pollo y pescado durante la cocci\u00f3n, almacenamiento y conservaci\u00f3n\" \/>\n<meta property=\"og:url\" content=\"https:\/\/abaa.mx\/tienda\/flashcheck-termometro-de-sonda-plegable-impermeable-min-max-modelo-15051\/\" \/>\n<meta property=\"og:site_name\" content=\"Abaa tienda online\" \/>\n<meta property=\"og:image\" content=\"https:\/\/abaa.mx\/tienda\/wp-content\/uploads\/2023\/09\/15051.jpg\" \/>\n\t<meta property=\"og:image:width\" content=\"360\" \/>\n\t<meta property=\"og:image:height\" content=\"277\" \/>\n\t<meta property=\"og:image:type\" content=\"image\/jpeg\" \/>\n<meta name=\"twitter:card\" content=\"summary_large_image\" \/>\n<meta name=\"twitter:label1\" content=\"Tiempo de lectura\" \/>\n\t<meta name=\"twitter:data1\" content=\"3 minutos\" \/>\n<script type=\"application\/ld+json\" class=\"yoast-schema-graph\">{\"@context\":\"https:\/\/schema.org\",\"@graph\":[{\"@type\":\"WebPage\",\"@id\":\"https:\/\/abaa.mx\/tienda\/flashcheck-termometro-de-sonda-plegable-impermeable-min-max-modelo-15051\/\",\"url\":\"https:\/\/abaa.mx\/tienda\/flashcheck-termometro-de-sonda-plegable-impermeable-min-max-modelo-15051\/\",\"name\":\"Flashcheck term\u00f3metro de sonda plegable impermeable min-max Modelo 15051 - Abaa tienda online\",\"isPartOf\":{\"@id\":\"https:\/\/abaa.mx\/tienda\/#website\"},\"primaryImageOfPage\":{\"@id\":\"https:\/\/abaa.mx\/tienda\/flashcheck-termometro-de-sonda-plegable-impermeable-min-max-modelo-15051\/#primaryimage\"},\"image\":{\"@id\":\"https:\/\/abaa.mx\/tienda\/flashcheck-termometro-de-sonda-plegable-impermeable-min-max-modelo-15051\/#primaryimage\"},\"thumbnailUrl\":\"https:\/\/abaa.mx\/tienda\/wp-content\/uploads\/2023\/09\/15051.jpg\",\"datePublished\":\"2023-09-14T17:21:25+00:00\",\"breadcrumb\":{\"@id\":\"https:\/\/abaa.mx\/tienda\/flashcheck-termometro-de-sonda-plegable-impermeable-min-max-modelo-15051\/#breadcrumb\"},\"inLanguage\":\"es\",\"potentialAction\":[{\"@type\":\"ReadAction\",\"target\":[\"https:\/\/abaa.mx\/tienda\/flashcheck-termometro-de-sonda-plegable-impermeable-min-max-modelo-15051\/\"]}]},{\"@type\":\"ImageObject\",\"inLanguage\":\"es\",\"@id\":\"https:\/\/abaa.mx\/tienda\/flashcheck-termometro-de-sonda-plegable-impermeable-min-max-modelo-15051\/#primaryimage\",\"url\":\"https:\/\/abaa.mx\/tienda\/wp-content\/uploads\/2023\/09\/15051.jpg\",\"contentUrl\":\"https:\/\/abaa.mx\/tienda\/wp-content\/uploads\/2023\/09\/15051.jpg\",\"width\":360,\"height\":277,\"caption\":\"flashcheck-termometro-de-sonda-plegable-impermeable-min-max-modelo-15051\"},{\"@type\":\"BreadcrumbList\",\"@id\":\"https:\/\/abaa.mx\/tienda\/flashcheck-termometro-de-sonda-plegable-impermeable-min-max-modelo-15051\/#breadcrumb\",\"itemListElement\":[{\"@type\":\"ListItem\",\"position\":1,\"name\":\"Inicio\",\"item\":\"https:\/\/abaa.mx\/tienda\/\"},{\"@type\":\"ListItem\",\"position\":2,\"name\":\"Tienda\",\"item\":\"https:\/\/abaa.mx\/tienda\/\"},{\"@type\":\"ListItem\",\"position\":3,\"name\":\"Flashcheck term\u00f3metro de sonda plegable impermeable min-max Modelo 15051\"}]},{\"@type\":\"WebSite\",\"@id\":\"https:\/\/abaa.mx\/tienda\/#website\",\"url\":\"https:\/\/abaa.mx\/tienda\/\",\"name\":\"Abaa tienda online\",\"description\":\"Instrumentos de medici\u00f3n\",\"publisher\":{\"@id\":\"https:\/\/abaa.mx\/tienda\/#organization\"},\"potentialAction\":[{\"@type\":\"SearchAction\",\"target\":{\"@type\":\"EntryPoint\",\"urlTemplate\":\"https:\/\/abaa.mx\/tienda\/?s={search_term_string}\"},\"query-input\":{\"@type\":\"PropertyValueSpecification\",\"valueRequired\":true,\"valueName\":\"search_term_string\"}}],\"inLanguage\":\"es\"},{\"@type\":\"Organization\",\"@id\":\"https:\/\/abaa.mx\/tienda\/#organization\",\"name\":\"Abaa tienda online\",\"url\":\"https:\/\/abaa.mx\/tienda\/\",\"logo\":{\"@type\":\"ImageObject\",\"inLanguage\":\"es\",\"@id\":\"https:\/\/abaa.mx\/tienda\/#\/schema\/logo\/image\/\",\"url\":\"https:\/\/abaa.mx\/tienda\/wp-content\/uploads\/2024\/01\/abaa-metrologia-tienda.png\",\"contentUrl\":\"https:\/\/abaa.mx\/tienda\/wp-content\/uploads\/2024\/01\/abaa-metrologia-tienda.png\",\"width\":300,\"height\":141,\"caption\":\"Abaa tienda online\"},\"image\":{\"@id\":\"https:\/\/abaa.mx\/tienda\/#\/schema\/logo\/image\/\"}}]}<\/script>\n<!-- \/ Yoast SEO plugin. -->","yoast_head_json":{"title":"Flashcheck term\u00f3metro de sonda plegable impermeable min-max Modelo 15051 - Abaa tienda online","robots":{"index":"index","follow":"follow","max-snippet":"max-snippet:-1","max-image-preview":"max-image-preview:large","max-video-preview":"max-video-preview:-1"},"canonical":"https:\/\/abaa.mx\/tienda\/flashcheck-termometro-de-sonda-plegable-impermeable-min-max-modelo-15051\/","og_locale":"es_MX","og_type":"article","og_title":"Flashcheck term\u00f3metro de sonda plegable impermeable min-max Modelo 15051 - Abaa tienda online","og_description":"Modelo 15051   Lectura de temperatura instant\u00e1nea  Sonda plegable para un manejo seguro  Superficie posterior magn\u00e9tica  La funci\u00f3n Hold bloquea la lectura de temperatura  Ideal para alimentos de masa fina como empanadas de carne, filetes de pollo y pescado  Memoria m\u00ednima \/ m\u00e1xima almacena lecturas m\u00e1s bajas \/ m\u00e1s altas  seleccionable \u00b0 F \/ \u00b0 C  Mide hasta 572 \u00b0 F (300 \u00b0 C)  Pantalla retroiluminada  Funci\u00f3n de calibraci\u00f3n autom\u00e1tica  Pantalla LCD jumbo de doble escala altamente visible  IP67 a prueba de agua, desinfectable, resistente a la suciedad y la grasa  Se enciende autom\u00e1ticamente al desplegar la aguja  El apagado autom\u00e1tico ahorra bater\u00eda  Cumple con el C\u00f3digo de Alimentos de la FDA 4-203.11   Aplicaciones:\u00a0Alimentos de masa fina, como empanadas de carne, filetes de pollo y pescado durante la cocci\u00f3n, almacenamiento y conservaci\u00f3n","og_url":"https:\/\/abaa.mx\/tienda\/flashcheck-termometro-de-sonda-plegable-impermeable-min-max-modelo-15051\/","og_site_name":"Abaa tienda online","og_image":[{"width":360,"height":277,"url":"https:\/\/abaa.mx\/tienda\/wp-content\/uploads\/2023\/09\/15051.jpg","type":"image\/jpeg"}],"twitter_card":"summary_large_image","twitter_misc":{"Tiempo de lectura":"3 minutos"},"schema":{"@context":"https:\/\/schema.org","@graph":[{"@type":"WebPage","@id":"https:\/\/abaa.mx\/tienda\/flashcheck-termometro-de-sonda-plegable-impermeable-min-max-modelo-15051\/","url":"https:\/\/abaa.mx\/tienda\/flashcheck-termometro-de-sonda-plegable-impermeable-min-max-modelo-15051\/","name":"Flashcheck term\u00f3metro de sonda plegable impermeable min-max Modelo 15051 - Abaa tienda online","isPartOf":{"@id":"https:\/\/abaa.mx\/tienda\/#website"},"primaryImageOfPage":{"@id":"https:\/\/abaa.mx\/tienda\/flashcheck-termometro-de-sonda-plegable-impermeable-min-max-modelo-15051\/#primaryimage"},"image":{"@id":"https:\/\/abaa.mx\/tienda\/flashcheck-termometro-de-sonda-plegable-impermeable-min-max-modelo-15051\/#primaryimage"},"thumbnailUrl":"https:\/\/abaa.mx\/tienda\/wp-content\/uploads\/2023\/09\/15051.jpg","datePublished":"2023-09-14T17:21:25+00:00","breadcrumb":{"@id":"https:\/\/abaa.mx\/tienda\/flashcheck-termometro-de-sonda-plegable-impermeable-min-max-modelo-15051\/#breadcrumb"},"inLanguage":"es","potentialAction":[{"@type":"ReadAction","target":["https:\/\/abaa.mx\/tienda\/flashcheck-termometro-de-sonda-plegable-impermeable-min-max-modelo-15051\/"]}]},{"@type":"ImageObject","inLanguage":"es","@id":"https:\/\/abaa.mx\/tienda\/flashcheck-termometro-de-sonda-plegable-impermeable-min-max-modelo-15051\/#primaryimage","url":"https:\/\/abaa.mx\/tienda\/wp-content\/uploads\/2023\/09\/15051.jpg","contentUrl":"https:\/\/abaa.mx\/tienda\/wp-content\/uploads\/2023\/09\/15051.jpg","width":360,"height":277,"caption":"flashcheck-termometro-de-sonda-plegable-impermeable-min-max-modelo-15051"},{"@type":"BreadcrumbList","@id":"https:\/\/abaa.mx\/tienda\/flashcheck-termometro-de-sonda-plegable-impermeable-min-max-modelo-15051\/#breadcrumb","itemListElement":[{"@type":"ListItem","position":1,"name":"Inicio","item":"https:\/\/abaa.mx\/tienda\/"},{"@type":"ListItem","position":2,"name":"Tienda","item":"https:\/\/abaa.mx\/tienda\/"},{"@type":"ListItem","position":3,"name":"Flashcheck term\u00f3metro de sonda plegable impermeable min-max Modelo 15051"}]},{"@type":"WebSite","@id":"https:\/\/abaa.mx\/tienda\/#website","url":"https:\/\/abaa.mx\/tienda\/","name":"Abaa tienda online","description":"Instrumentos de medici\u00f3n","publisher":{"@id":"https:\/\/abaa.mx\/tienda\/#organization"},"potentialAction":[{"@type":"SearchAction","target":{"@type":"EntryPoint","urlTemplate":"https:\/\/abaa.mx\/tienda\/?s={search_term_string}"},"query-input":{"@type":"PropertyValueSpecification","valueRequired":true,"valueName":"search_term_string"}}],"inLanguage":"es"},{"@type":"Organization","@id":"https:\/\/abaa.mx\/tienda\/#organization","name":"Abaa tienda online","url":"https:\/\/abaa.mx\/tienda\/","logo":{"@type":"ImageObject","inLanguage":"es","@id":"https:\/\/abaa.mx\/tienda\/#\/schema\/logo\/image\/","url":"https:\/\/abaa.mx\/tienda\/wp-content\/uploads\/2024\/01\/abaa-metrologia-tienda.png","contentUrl":"https:\/\/abaa.mx\/tienda\/wp-content\/uploads\/2024\/01\/abaa-metrologia-tienda.png","width":300,"height":141,"caption":"Abaa tienda online"},"image":{"@id":"https:\/\/abaa.mx\/tienda\/#\/schema\/logo\/image\/"}}]}},"_links":{"self":[{"href":"https:\/\/abaa.mx\/tienda\/wp-json\/wp\/v2\/product\/1523","targetHints":{"allow":["GET"]}}],"collection":[{"href":"https:\/\/abaa.mx\/tienda\/wp-json\/wp\/v2\/product"}],"about":[{"href":"https:\/\/abaa.mx\/tienda\/wp-json\/wp\/v2\/types\/product"}],"replies":[{"embeddable":true,"href":"https:\/\/abaa.mx\/tienda\/wp-json\/wp\/v2\/comments?post=1523"}],"wp:featuredmedia":[{"embeddable":true,"href":"https:\/\/abaa.mx\/tienda\/wp-json\/wp\/v2\/media\/1526"}],"wp:attachment":[{"href":"https:\/\/abaa.mx\/tienda\/wp-json\/wp\/v2\/media?parent=1523"}],"wp:term":[{"taxonomy":"product_brand","embeddable":true,"href":"https:\/\/abaa.mx\/tienda\/wp-json\/wp\/v2\/product_brand?post=1523"},{"taxonomy":"product_cat","embeddable":true,"href":"https:\/\/abaa.mx\/tienda\/wp-json\/wp\/v2\/product_cat?post=1523"},{"taxonomy":"product_tag","embeddable":true,"href":"https:\/\/abaa.mx\/tienda\/wp-json\/wp\/v2\/product_tag?post=1523"}],"curies":[{"name":"wp","href":"https:\/\/api.w.org\/{rel}","templated":true}]}}