{"id":1517,"date":"2023-09-14T17:05:14","date_gmt":"2023-09-14T17:05:14","guid":{"rendered":"https:\/\/abaa.mx\/tienda\/?post_type=product&#038;p=1517"},"modified":"2023-09-14T17:05:14","modified_gmt":"2023-09-14T17:05:14","slug":"flashcheck-kit-de-termometro-impermeable-para-lavavajillas-modelo-12214","status":"publish","type":"product","link":"https:\/\/abaa.mx\/tienda\/flashcheck-kit-de-termometro-impermeable-para-lavavajillas-modelo-12214\/","title":{"rendered":"Flashcheck kit de term\u00f3metro impermeable para lavavajillas Modelo 12214"},"content":{"rendered":"<h1>Flashcheck\u00a0kit de term\u00f3metro impermeable para lavavajillas<\/h1>\n<h3><strong>Modelo\u00a012214<\/strong><\/h3>\n<div class=\"prod-intro\">\n<ul>\n<li>Term\u00f3metro certificado NSF<\/li>\n<li>El aditivo antimicrobiano inhibe el crecimiento de bacterias, moho y hongos<\/li>\n<li>\u00b0 F \/ \u00b0 C seleccionable<\/li>\n<li>La memoria m\u00ednima \/ m\u00e1xima almacena las lecturas m\u00e1s bajas \/ m\u00e1s altas<\/li>\n<li>Caracter\u00edstica de calibraci\u00f3n autom\u00e1tica<\/li>\n<li>Carcasa impermeable IP65<\/li>\n<li>Escudo t\u00e9rmico protector de pl\u00e1stico impermeable con correa de velcro<\/li>\n<li>Cumple con el c\u00f3digo de alimentos de la FDA 4-703.11 (B), para lavavajillas comerciales<\/li>\n<\/ul>\n<\/div>\n<div class=\"prod-app\"><b>Aplicaciones:<\/b>\u00a0Ideal para el uso en los lavaplatos comerciales.<\/div>\n<div><\/div>\n<div>El Kit de Seguridad en Cocina y Lavaplatos (modelo 12214) se asegura de que se ha alcanzado la temperatura de sanitizaci\u00f3n m\u00ednima y ayuda a controlar el uso de la energ\u00eda para la generaci\u00f3n de agua caliente, la cual puede proporcionar importantes ahorros en costos a trav\u00e9s de los T-Sticks y etiquetas t\u00e9rmicas. Esta soluci\u00f3n de higiene en alimentos utiliza un term\u00f3metro certificado por NSF, encerrado en un escudo t\u00e9rmico de pl\u00e1stico de protecci\u00f3n para garantizar la integridad a largo plazo de la plantilla LCD. El cuerpo del term\u00f3metro est\u00e1 recubierto en el escudo, mientras que la aguja se encuentra expuesta y supervisa si se ha alcanzado la temperatura de desinfecci\u00f3n m\u00ednima.<\/div>\n<div><\/div>\n<div>\n<table>\n<caption>Modelo 12214 Kit de term\u00f3metro impermeable para lavavajillas<\/caption>\n<thead>\n<tr>\n<th scope=\"col\">Caracter\u00edstica<\/th>\n<th scope=\"col\">Especificaci\u00f3n<\/th>\n<\/tr>\n<\/thead>\n<tfoot>\n<tr>\n<td colspan=\"2\">DeltaTrak fabrica productos bajo un sistema de calidad registrado ISO 9001:2015<\/td>\n<\/tr>\n<\/tfoot>\n<tbody>\n<tr>\n<td>Rango de temperatura<\/td>\n<td>-40\u00b0F a 311\u00b0F (-40\u00b0C a 155\u00b0C)<\/td>\n<\/tr>\n<tr>\n<td>Rango operativo con escudo de calor<\/td>\n<td>De 32 \u00b0C a 167 \u00b0C (de 0 \u00b0F a 75 \u00b0F)<\/td>\n<\/tr>\n<tr>\n<td>Precisi\u00f3n<\/td>\n<td>\u00b11\u00b0F (14\u00b0F a 194\u00b0F), \u00b10.5\u00b0C (-10\u00b0C a 90\u00b0C) o \u00b11% cualquiera que sea mayor<\/td>\n<\/tr>\n<tr>\n<td>Sensor<\/td>\n<td>Termistor<\/td>\n<\/tr>\n<tr>\n<td>Resoluci\u00f3n de Temperatura<\/td>\n<td>0.1\u00b0F (0.1\u00b0C)<\/td>\n<\/tr>\n<tr>\n<td>Actualizaci\u00f3n de la Pantalla de Lectura<\/td>\n<td>1 segundo<\/td>\n<\/tr>\n<tr>\n<td>Tama\u00f1o de la Pantalla<\/td>\n<td>19.5 mm Ancho x 9.5 mm Alto (0.77 in. Ancho x 0.37 in. Alto)<\/td>\n<\/tr>\n<tr>\n<td>Calibraci\u00f3n<\/td>\n<td>Caracter\u00edstica de calibraci\u00f3n autom\u00e1tica<\/td>\n<\/tr>\n<tr>\n<td>Bater\u00eda<\/td>\n<td>Pila de bot\u00f3n alcalina<\/td>\n<\/tr>\n<tr>\n<td>Funda<\/td>\n<td>Pl\u00e1stico ABS con aditivo antimicrobiano<\/td>\n<\/tr>\n<tr>\n<td>Dimensiones de la Aguja<\/td>\n<td>3,56 mm de di\u00e1metro x 105 mm de ancho (0,14 pulgadas x 4,13 pulg.)<\/td>\n<\/tr>\n<tr>\n<td>Peso<\/td>\n<td>1,3 onzas (37,6 g)<\/td>\n<\/tr>\n<tr>\n<td>Grado Impermeable<\/td>\n<td>IP65<\/td>\n<\/tr>\n<tr>\n<td>Certificaci\u00f3n<\/td>\n<td>Certificado de conformidad del fabricante disponible en DeltaTrak, trazable a NIST, NSF, CE<\/td>\n<\/tr>\n<\/tbody>\n<\/table>\n<\/div>\n","protected":false},"excerpt":{"rendered":"<div class=\"prod-intro\">\n<ul>\n<li>Term\u00f3metro certificado NSF<\/li>\n<li>El aditivo antimicrobiano inhibe el crecimiento de bacterias, moho y hongos<\/li>\n<li>\u00b0 F \/ \u00b0 C seleccionable<\/li>\n<li>La memoria m\u00ednima \/ m\u00e1xima almacena las lecturas m\u00e1s bajas \/ m\u00e1s altas<\/li>\n<li>Caracter\u00edstica de calibraci\u00f3n autom\u00e1tica<\/li>\n<li>Carcasa impermeable IP65<\/li>\n<li>Escudo t\u00e9rmico protector de pl\u00e1stico impermeable con correa de velcro<\/li>\n<li>Cumple con el c\u00f3digo de alimentos de la FDA 4-703.11 (B), para lavavajillas comerciales<\/li>\n<\/ul>\n<\/div>\n<div class=\"prod-app\"><b>Aplicaciones:<\/b>\u00a0Ideal para el uso en los lavaplatos comerciales.<\/div>\n","protected":false},"featured_media":1520,"comment_status":"open","ping_status":"closed","template":"","meta":{"_joinchat":[]},"product_brand":[],"product_cat":[15],"product_tag":[],"class_list":{"0":"post-1517","1":"product","2":"type-product","3":"status-publish","4":"has-post-thumbnail","6":"product_cat-sin-categorizar","8":"first","9":"instock","10":"shipping-taxable","11":"product-type-simple"},"yoast_head":"<!-- This site is optimized with the Yoast SEO plugin v26.4 - https:\/\/yoast.com\/wordpress\/plugins\/seo\/ -->\n<title>Flashcheck kit de term\u00f3metro impermeable para lavavajillas Modelo 12214 - Abaa tienda online<\/title>\n<meta name=\"robots\" content=\"index, follow, max-snippet:-1, max-image-preview:large, max-video-preview:-1\" \/>\n<link rel=\"canonical\" href=\"https:\/\/abaa.mx\/tienda\/flashcheck-kit-de-termometro-impermeable-para-lavavajillas-modelo-12214\/\" \/>\n<meta property=\"og:locale\" content=\"es_MX\" \/>\n<meta property=\"og:type\" content=\"article\" \/>\n<meta property=\"og:title\" content=\"Flashcheck kit de term\u00f3metro impermeable para lavavajillas Modelo 12214 - Abaa tienda online\" \/>\n<meta property=\"og:description\" content=\"Term\u00f3metro certificado NSF  El aditivo antimicrobiano inhibe el crecimiento de bacterias, moho y hongos  \u00b0 F \/ \u00b0 C seleccionable  La memoria m\u00ednima \/ m\u00e1xima almacena las lecturas m\u00e1s bajas \/ m\u00e1s altas  Caracter\u00edstica de calibraci\u00f3n autom\u00e1tica  Carcasa impermeable IP65  Escudo t\u00e9rmico protector de pl\u00e1stico impermeable con correa de velcro  Cumple con el c\u00f3digo de alimentos de la FDA 4-703.11 (B), para lavavajillas comerciales   Aplicaciones:\u00a0Ideal para el uso en los lavaplatos comerciales.\" \/>\n<meta property=\"og:url\" content=\"https:\/\/abaa.mx\/tienda\/flashcheck-kit-de-termometro-impermeable-para-lavavajillas-modelo-12214\/\" \/>\n<meta property=\"og:site_name\" content=\"Abaa tienda online\" \/>\n<meta property=\"og:image\" content=\"https:\/\/abaa.mx\/tienda\/wp-content\/uploads\/2023\/09\/12214.jpg\" \/>\n\t<meta property=\"og:image:width\" content=\"848\" \/>\n\t<meta property=\"og:image:height\" content=\"848\" \/>\n\t<meta property=\"og:image:type\" content=\"image\/jpeg\" \/>\n<meta name=\"twitter:card\" content=\"summary_large_image\" \/>\n<meta name=\"twitter:label1\" content=\"Tiempo de lectura\" \/>\n\t<meta name=\"twitter:data1\" content=\"2 minutos\" \/>\n<script type=\"application\/ld+json\" class=\"yoast-schema-graph\">{\"@context\":\"https:\/\/schema.org\",\"@graph\":[{\"@type\":\"WebPage\",\"@id\":\"https:\/\/abaa.mx\/tienda\/flashcheck-kit-de-termometro-impermeable-para-lavavajillas-modelo-12214\/\",\"url\":\"https:\/\/abaa.mx\/tienda\/flashcheck-kit-de-termometro-impermeable-para-lavavajillas-modelo-12214\/\",\"name\":\"Flashcheck kit de term\u00f3metro impermeable para lavavajillas Modelo 12214 - Abaa tienda online\",\"isPartOf\":{\"@id\":\"https:\/\/abaa.mx\/tienda\/#website\"},\"primaryImageOfPage\":{\"@id\":\"https:\/\/abaa.mx\/tienda\/flashcheck-kit-de-termometro-impermeable-para-lavavajillas-modelo-12214\/#primaryimage\"},\"image\":{\"@id\":\"https:\/\/abaa.mx\/tienda\/flashcheck-kit-de-termometro-impermeable-para-lavavajillas-modelo-12214\/#primaryimage\"},\"thumbnailUrl\":\"https:\/\/abaa.mx\/tienda\/wp-content\/uploads\/2023\/09\/12214.jpg\",\"datePublished\":\"2023-09-14T17:05:14+00:00\",\"breadcrumb\":{\"@id\":\"https:\/\/abaa.mx\/tienda\/flashcheck-kit-de-termometro-impermeable-para-lavavajillas-modelo-12214\/#breadcrumb\"},\"inLanguage\":\"es\",\"potentialAction\":[{\"@type\":\"ReadAction\",\"target\":[\"https:\/\/abaa.mx\/tienda\/flashcheck-kit-de-termometro-impermeable-para-lavavajillas-modelo-12214\/\"]}]},{\"@type\":\"ImageObject\",\"inLanguage\":\"es\",\"@id\":\"https:\/\/abaa.mx\/tienda\/flashcheck-kit-de-termometro-impermeable-para-lavavajillas-modelo-12214\/#primaryimage\",\"url\":\"https:\/\/abaa.mx\/tienda\/wp-content\/uploads\/2023\/09\/12214.jpg\",\"contentUrl\":\"https:\/\/abaa.mx\/tienda\/wp-content\/uploads\/2023\/09\/12214.jpg\",\"width\":848,\"height\":848,\"caption\":\"flashcheck-kit-de-termometro-impermeable-para-lavavajillas-modelo-12214\"},{\"@type\":\"BreadcrumbList\",\"@id\":\"https:\/\/abaa.mx\/tienda\/flashcheck-kit-de-termometro-impermeable-para-lavavajillas-modelo-12214\/#breadcrumb\",\"itemListElement\":[{\"@type\":\"ListItem\",\"position\":1,\"name\":\"Inicio\",\"item\":\"https:\/\/abaa.mx\/tienda\/\"},{\"@type\":\"ListItem\",\"position\":2,\"name\":\"Tienda\",\"item\":\"https:\/\/abaa.mx\/tienda\/\"},{\"@type\":\"ListItem\",\"position\":3,\"name\":\"Flashcheck kit de term\u00f3metro impermeable para lavavajillas Modelo 12214\"}]},{\"@type\":\"WebSite\",\"@id\":\"https:\/\/abaa.mx\/tienda\/#website\",\"url\":\"https:\/\/abaa.mx\/tienda\/\",\"name\":\"Abaa tienda online\",\"description\":\"Instrumentos de medici\u00f3n\",\"publisher\":{\"@id\":\"https:\/\/abaa.mx\/tienda\/#organization\"},\"potentialAction\":[{\"@type\":\"SearchAction\",\"target\":{\"@type\":\"EntryPoint\",\"urlTemplate\":\"https:\/\/abaa.mx\/tienda\/?s={search_term_string}\"},\"query-input\":{\"@type\":\"PropertyValueSpecification\",\"valueRequired\":true,\"valueName\":\"search_term_string\"}}],\"inLanguage\":\"es\"},{\"@type\":\"Organization\",\"@id\":\"https:\/\/abaa.mx\/tienda\/#organization\",\"name\":\"Abaa tienda online\",\"url\":\"https:\/\/abaa.mx\/tienda\/\",\"logo\":{\"@type\":\"ImageObject\",\"inLanguage\":\"es\",\"@id\":\"https:\/\/abaa.mx\/tienda\/#\/schema\/logo\/image\/\",\"url\":\"https:\/\/abaa.mx\/tienda\/wp-content\/uploads\/2024\/01\/abaa-metrologia-tienda.png\",\"contentUrl\":\"https:\/\/abaa.mx\/tienda\/wp-content\/uploads\/2024\/01\/abaa-metrologia-tienda.png\",\"width\":300,\"height\":141,\"caption\":\"Abaa tienda online\"},\"image\":{\"@id\":\"https:\/\/abaa.mx\/tienda\/#\/schema\/logo\/image\/\"}}]}<\/script>\n<!-- \/ Yoast SEO plugin. -->","yoast_head_json":{"title":"Flashcheck kit de term\u00f3metro impermeable para lavavajillas Modelo 12214 - Abaa tienda online","robots":{"index":"index","follow":"follow","max-snippet":"max-snippet:-1","max-image-preview":"max-image-preview:large","max-video-preview":"max-video-preview:-1"},"canonical":"https:\/\/abaa.mx\/tienda\/flashcheck-kit-de-termometro-impermeable-para-lavavajillas-modelo-12214\/","og_locale":"es_MX","og_type":"article","og_title":"Flashcheck kit de term\u00f3metro impermeable para lavavajillas Modelo 12214 - Abaa tienda online","og_description":"Term\u00f3metro certificado NSF  El aditivo antimicrobiano inhibe el crecimiento de bacterias, moho y hongos  \u00b0 F \/ \u00b0 C seleccionable  La memoria m\u00ednima \/ m\u00e1xima almacena las lecturas m\u00e1s bajas \/ m\u00e1s altas  Caracter\u00edstica de calibraci\u00f3n autom\u00e1tica  Carcasa impermeable IP65  Escudo t\u00e9rmico protector de pl\u00e1stico impermeable con correa de velcro  Cumple con el c\u00f3digo de alimentos de la FDA 4-703.11 (B), para lavavajillas comerciales   Aplicaciones:\u00a0Ideal para el uso en los lavaplatos comerciales.","og_url":"https:\/\/abaa.mx\/tienda\/flashcheck-kit-de-termometro-impermeable-para-lavavajillas-modelo-12214\/","og_site_name":"Abaa tienda online","og_image":[{"width":848,"height":848,"url":"https:\/\/abaa.mx\/tienda\/wp-content\/uploads\/2023\/09\/12214.jpg","type":"image\/jpeg"}],"twitter_card":"summary_large_image","twitter_misc":{"Tiempo de lectura":"2 minutos"},"schema":{"@context":"https:\/\/schema.org","@graph":[{"@type":"WebPage","@id":"https:\/\/abaa.mx\/tienda\/flashcheck-kit-de-termometro-impermeable-para-lavavajillas-modelo-12214\/","url":"https:\/\/abaa.mx\/tienda\/flashcheck-kit-de-termometro-impermeable-para-lavavajillas-modelo-12214\/","name":"Flashcheck kit de term\u00f3metro impermeable para lavavajillas Modelo 12214 - Abaa tienda online","isPartOf":{"@id":"https:\/\/abaa.mx\/tienda\/#website"},"primaryImageOfPage":{"@id":"https:\/\/abaa.mx\/tienda\/flashcheck-kit-de-termometro-impermeable-para-lavavajillas-modelo-12214\/#primaryimage"},"image":{"@id":"https:\/\/abaa.mx\/tienda\/flashcheck-kit-de-termometro-impermeable-para-lavavajillas-modelo-12214\/#primaryimage"},"thumbnailUrl":"https:\/\/abaa.mx\/tienda\/wp-content\/uploads\/2023\/09\/12214.jpg","datePublished":"2023-09-14T17:05:14+00:00","breadcrumb":{"@id":"https:\/\/abaa.mx\/tienda\/flashcheck-kit-de-termometro-impermeable-para-lavavajillas-modelo-12214\/#breadcrumb"},"inLanguage":"es","potentialAction":[{"@type":"ReadAction","target":["https:\/\/abaa.mx\/tienda\/flashcheck-kit-de-termometro-impermeable-para-lavavajillas-modelo-12214\/"]}]},{"@type":"ImageObject","inLanguage":"es","@id":"https:\/\/abaa.mx\/tienda\/flashcheck-kit-de-termometro-impermeable-para-lavavajillas-modelo-12214\/#primaryimage","url":"https:\/\/abaa.mx\/tienda\/wp-content\/uploads\/2023\/09\/12214.jpg","contentUrl":"https:\/\/abaa.mx\/tienda\/wp-content\/uploads\/2023\/09\/12214.jpg","width":848,"height":848,"caption":"flashcheck-kit-de-termometro-impermeable-para-lavavajillas-modelo-12214"},{"@type":"BreadcrumbList","@id":"https:\/\/abaa.mx\/tienda\/flashcheck-kit-de-termometro-impermeable-para-lavavajillas-modelo-12214\/#breadcrumb","itemListElement":[{"@type":"ListItem","position":1,"name":"Inicio","item":"https:\/\/abaa.mx\/tienda\/"},{"@type":"ListItem","position":2,"name":"Tienda","item":"https:\/\/abaa.mx\/tienda\/"},{"@type":"ListItem","position":3,"name":"Flashcheck kit de term\u00f3metro impermeable para lavavajillas Modelo 12214"}]},{"@type":"WebSite","@id":"https:\/\/abaa.mx\/tienda\/#website","url":"https:\/\/abaa.mx\/tienda\/","name":"Abaa tienda online","description":"Instrumentos de medici\u00f3n","publisher":{"@id":"https:\/\/abaa.mx\/tienda\/#organization"},"potentialAction":[{"@type":"SearchAction","target":{"@type":"EntryPoint","urlTemplate":"https:\/\/abaa.mx\/tienda\/?s={search_term_string}"},"query-input":{"@type":"PropertyValueSpecification","valueRequired":true,"valueName":"search_term_string"}}],"inLanguage":"es"},{"@type":"Organization","@id":"https:\/\/abaa.mx\/tienda\/#organization","name":"Abaa tienda online","url":"https:\/\/abaa.mx\/tienda\/","logo":{"@type":"ImageObject","inLanguage":"es","@id":"https:\/\/abaa.mx\/tienda\/#\/schema\/logo\/image\/","url":"https:\/\/abaa.mx\/tienda\/wp-content\/uploads\/2024\/01\/abaa-metrologia-tienda.png","contentUrl":"https:\/\/abaa.mx\/tienda\/wp-content\/uploads\/2024\/01\/abaa-metrologia-tienda.png","width":300,"height":141,"caption":"Abaa tienda online"},"image":{"@id":"https:\/\/abaa.mx\/tienda\/#\/schema\/logo\/image\/"}}]}},"_links":{"self":[{"href":"https:\/\/abaa.mx\/tienda\/wp-json\/wp\/v2\/product\/1517","targetHints":{"allow":["GET"]}}],"collection":[{"href":"https:\/\/abaa.mx\/tienda\/wp-json\/wp\/v2\/product"}],"about":[{"href":"https:\/\/abaa.mx\/tienda\/wp-json\/wp\/v2\/types\/product"}],"replies":[{"embeddable":true,"href":"https:\/\/abaa.mx\/tienda\/wp-json\/wp\/v2\/comments?post=1517"}],"wp:featuredmedia":[{"embeddable":true,"href":"https:\/\/abaa.mx\/tienda\/wp-json\/wp\/v2\/media\/1520"}],"wp:attachment":[{"href":"https:\/\/abaa.mx\/tienda\/wp-json\/wp\/v2\/media?parent=1517"}],"wp:term":[{"taxonomy":"product_brand","embeddable":true,"href":"https:\/\/abaa.mx\/tienda\/wp-json\/wp\/v2\/product_brand?post=1517"},{"taxonomy":"product_cat","embeddable":true,"href":"https:\/\/abaa.mx\/tienda\/wp-json\/wp\/v2\/product_cat?post=1517"},{"taxonomy":"product_tag","embeddable":true,"href":"https:\/\/abaa.mx\/tienda\/wp-json\/wp\/v2\/product_tag?post=1517"}],"curies":[{"name":"wp","href":"https:\/\/api.w.org\/{rel}","templated":true}]}}