{"id":1514,"date":"2023-09-14T16:55:53","date_gmt":"2023-09-14T16:55:53","guid":{"rendered":"https:\/\/abaa.mx\/tienda\/?post_type=product&#038;p=1514"},"modified":"2023-09-14T20:05:14","modified_gmt":"2023-09-14T20:05:14","slug":"flashcheck-jumbo-display-auto-cal-blunt-probe-termometro-modelo-11082","status":"publish","type":"product","link":"https:\/\/abaa.mx\/tienda\/flashcheck-jumbo-display-auto-cal-blunt-probe-termometro-modelo-11082\/","title":{"rendered":"FlashCheck Jumbo Display Auto-Cal Blunt Probe Term\u00f3metro Modelo 11082"},"content":{"rendered":"<h1>FlashCheck\u00a0Jumbo Display Auto-Cal Blunt Probe Term\u00f3metro<\/h1>\n<h3><strong>Modelo\u00a011082<\/strong><\/h3>\n<div class=\"prod-intro\">\n<ul>\n<li>Funci\u00f3n de calibraci\u00f3n autom\u00e1tica<\/li>\n<li>Punta chata y redondeada ideal para uso cient\u00edfico, de laboratorio y veterinario<\/li>\n<li>La sonda de punta reducida proporciona un tiempo de respuesta de menos de 6 segundos<\/li>\n<li>Pantalla LCD jumbo de doble escala de alta visibilidad<\/li>\n<li>IP56 a prueba de agua, desinfectable, resistente a la suciedad y la grasa<\/li>\n<li>El apagado autom\u00e1tico ahorra bater\u00eda<\/li>\n<li>Certificado por la NSF<\/li>\n<li>Escala seleccionable \u00b0F \/ \u00b0C<\/li>\n<\/ul>\n<\/div>\n<div class=\"prod-app\">\n<p><b>Aplicaciones:<\/b>Cient\u00edfico, Laboratorio, Veterinario.<\/p>\n<p>El 11082 es un term\u00f3metro \u00fanico de sonda digital de pantalla gigante de \u00faltima generaci\u00f3n, dise\u00f1ado para establecer el est\u00e1ndar de la industria en cuanto a precisi\u00f3n y durabilidad. Ideal para uso cient\u00edfico, de laboratorio y veterinario.<\/p>\n<table>\n<caption>Modelo 11082 Jumbo Display Auto-Cal Blunt Probe Term\u00f3metro<\/caption>\n<thead>\n<tr>\n<th scope=\"col\">Caracter\u00edstica<\/th>\n<th scope=\"col\">Especificaci\u00f3n<\/th>\n<\/tr>\n<\/thead>\n<tfoot>\n<tr>\n<td colspan=\"2\">DeltaTrak fabrica productos bajo un sistema de calidad registrado ISO 9001:2015<\/td>\n<\/tr>\n<\/tfoot>\n<tbody>\n<tr>\n<td>Rango de Medici\u00f3n<\/td>\n<td>-40 \u00b0F a 311 \u00b0F (-40 \u00b0C a 155 \u00b0C)<\/td>\n<\/tr>\n<tr>\n<td>Rango de Operaci\u00f3n<\/td>\n<td>De 32 \u00b0C a 122 \u00b0C (de 0 \u00b0F a 50 \u00b0F)<\/td>\n<\/tr>\n<tr>\n<td>Precisi\u00f3n<\/td>\n<td>\u00b1 1.8\u00b0F de -40\u00b0F a -5\u00b0F (\u00b1 1\u00b0C de -40\u00b0C a -21\u00b0C), \u00b1 0.9\u00b0F de -4\u00b0F a 104\u00b0F (\u00b1 0.5\u00b0C de -20\u00b0C a 40\u00b0C),<\/p>\n<p>\u00b1 1.8\u00b0F de 105\u00b0F a 311\u00b0F<\/p>\n<p>(\u00b1 1\u00b0C de 41\u00b0C a 155\u00b0C)<\/td>\n<\/tr>\n<tr>\n<td>Tiempo de Respuesta<\/td>\n<td>Menos de 6 segundos entre 32 \u00b0F y 77 \u00b0F\u00a0(0 \u00b0C hasta 25 \u00b0C)<\/td>\n<\/tr>\n<tr>\n<td>Sensor<\/td>\n<td>Termistor<\/td>\n<\/tr>\n<tr>\n<td>Resoluci\u00f3n de Pantalla<\/td>\n<td>0.1 \u00b0F \/ \u00b0C<\/td>\n<\/tr>\n<tr>\n<td>Actualizaci\u00f3n de Lectura de Pantalla<\/td>\n<td>Cada 2 segundos<\/td>\n<\/tr>\n<tr>\n<td>Tama\u00f1o de la Ventana de Visualizaci\u00f3n<\/td>\n<td>1.5 pulg de ancho x 0.5 pulg de alto (38 mm de ancho x 12.7 mm de alto)<\/td>\n<\/tr>\n<tr>\n<td>Bater\u00eda<\/td>\n<td>Pila de bot\u00f3n alcalina<\/td>\n<\/tr>\n<tr>\n<td>Carcasa del Cuerpo<\/td>\n<td>Pl\u00e1stico ABS<\/td>\n<\/tr>\n<tr>\n<td>Longitud de la Sonda<\/td>\n<td>4.1 pulg (104mm)<\/td>\n<\/tr>\n<tr>\n<td>Di\u00e1metro de la Sonda<\/td>\n<td>0.137 pulg (3.50 mm), punta chata reducida 0.1 pulg (2.60 mm)<\/td>\n<\/tr>\n<tr>\n<td>Clasificaci\u00f3n Impermeable<\/td>\n<td>IP56<\/td>\n<\/tr>\n<tr>\n<td>Calibraci\u00f3n de F\u00e1brica<\/td>\n<td>Calibraci\u00f3n trazable a\u00a0NIST<\/td>\n<\/tr>\n<tr>\n<td>Certificado de Conformidad<\/td>\n<td>Certificado de Cumplimiento del Fabricante, trazable a NIST, NSF y CE<\/td>\n<\/tr>\n<\/tbody>\n<\/table>\n<\/div>\n","protected":false},"excerpt":{"rendered":"<div class=\"prod-intro\">\n<h3><strong>Caracter\u00edsticas\u00a0<\/strong><\/h3>\n<ul>\n<li>Funci\u00f3n de calibraci\u00f3n autom\u00e1tica<\/li>\n<li>Punta chata y redondeada ideal para uso cient\u00edfico, de laboratorio y veterinario<\/li>\n<li>La sonda de punta reducida proporciona un tiempo de respuesta de menos de 6 segundos<\/li>\n<li>Pantalla LCD jumbo de doble escala de alta visibilidad<\/li>\n<li>IP56 a prueba de agua, desinfectable, resistente a la suciedad y la grasa<\/li>\n<li>El apagado autom\u00e1tico ahorra bater\u00eda<\/li>\n<li>Certificado por la NSF<\/li>\n<li>Escala seleccionable \u00b0F \/ \u00b0C<\/li>\n<\/ul>\n<\/div>\n<div class=\"prod-app\">\n<p><b>Aplicaciones:<\/b>Cient\u00edfico, Laboratorio, Veterinario<\/p>\n<\/div>\n","protected":false},"featured_media":1580,"comment_status":"open","ping_status":"closed","template":"","meta":{"_joinchat":[]},"product_brand":[],"product_cat":[15],"product_tag":[],"class_list":{"0":"post-1514","1":"product","2":"type-product","3":"status-publish","4":"has-post-thumbnail","6":"product_cat-sin-categorizar","8":"first","9":"instock","10":"shipping-taxable","11":"product-type-simple"},"yoast_head":"<!-- This site is optimized with the Yoast SEO plugin v26.4 - https:\/\/yoast.com\/wordpress\/plugins\/seo\/ -->\n<title>FlashCheck Jumbo Display Auto-Cal Blunt Probe Term\u00f3metro Modelo 11082 - Abaa tienda online<\/title>\n<meta name=\"robots\" content=\"index, follow, max-snippet:-1, max-image-preview:large, max-video-preview:-1\" \/>\n<link rel=\"canonical\" href=\"https:\/\/abaa.mx\/tienda\/flashcheck-jumbo-display-auto-cal-blunt-probe-termometro-modelo-11082\/\" \/>\n<meta property=\"og:locale\" content=\"es_MX\" \/>\n<meta property=\"og:type\" content=\"article\" \/>\n<meta property=\"og:title\" content=\"FlashCheck Jumbo Display Auto-Cal Blunt Probe Term\u00f3metro Modelo 11082 - Abaa tienda online\" \/>\n<meta property=\"og:description\" content=\"Caracter\u00edsticas\u00a0   Funci\u00f3n de calibraci\u00f3n autom\u00e1tica  Punta chata y redondeada ideal para uso cient\u00edfico, de laboratorio y veterinario  La sonda de punta reducida proporciona un tiempo de respuesta de menos de 6 segundos  Pantalla LCD jumbo de doble escala de alta visibilidad  IP56 a prueba de agua, desinfectable, resistente a la suciedad y la grasa  El apagado autom\u00e1tico ahorra bater\u00eda  Certificado por la NSF  Escala seleccionable \u00b0F \/ \u00b0C     Aplicaciones:Cient\u00edfico, Laboratorio, Veterinario\" \/>\n<meta property=\"og:url\" content=\"https:\/\/abaa.mx\/tienda\/flashcheck-jumbo-display-auto-cal-blunt-probe-termometro-modelo-11082\/\" \/>\n<meta property=\"og:site_name\" content=\"Abaa tienda online\" \/>\n<meta property=\"article:modified_time\" content=\"2023-09-14T20:05:14+00:00\" \/>\n<meta property=\"og:image\" content=\"https:\/\/abaa.mx\/tienda\/wp-content\/uploads\/2023\/09\/11082.jpg\" \/>\n\t<meta property=\"og:image:width\" content=\"1000\" \/>\n\t<meta property=\"og:image:height\" content=\"267\" \/>\n\t<meta property=\"og:image:type\" content=\"image\/jpeg\" \/>\n<meta name=\"twitter:card\" content=\"summary_large_image\" \/>\n<meta name=\"twitter:label1\" content=\"Tiempo de lectura\" \/>\n\t<meta name=\"twitter:data1\" content=\"2 minutos\" \/>\n<script type=\"application\/ld+json\" class=\"yoast-schema-graph\">{\"@context\":\"https:\/\/schema.org\",\"@graph\":[{\"@type\":\"WebPage\",\"@id\":\"https:\/\/abaa.mx\/tienda\/flashcheck-jumbo-display-auto-cal-blunt-probe-termometro-modelo-11082\/\",\"url\":\"https:\/\/abaa.mx\/tienda\/flashcheck-jumbo-display-auto-cal-blunt-probe-termometro-modelo-11082\/\",\"name\":\"FlashCheck Jumbo Display Auto-Cal Blunt Probe Term\u00f3metro Modelo 11082 - Abaa tienda online\",\"isPartOf\":{\"@id\":\"https:\/\/abaa.mx\/tienda\/#website\"},\"primaryImageOfPage\":{\"@id\":\"https:\/\/abaa.mx\/tienda\/flashcheck-jumbo-display-auto-cal-blunt-probe-termometro-modelo-11082\/#primaryimage\"},\"image\":{\"@id\":\"https:\/\/abaa.mx\/tienda\/flashcheck-jumbo-display-auto-cal-blunt-probe-termometro-modelo-11082\/#primaryimage\"},\"thumbnailUrl\":\"https:\/\/abaa.mx\/tienda\/wp-content\/uploads\/2023\/09\/11082.jpg\",\"datePublished\":\"2023-09-14T16:55:53+00:00\",\"dateModified\":\"2023-09-14T20:05:14+00:00\",\"breadcrumb\":{\"@id\":\"https:\/\/abaa.mx\/tienda\/flashcheck-jumbo-display-auto-cal-blunt-probe-termometro-modelo-11082\/#breadcrumb\"},\"inLanguage\":\"es\",\"potentialAction\":[{\"@type\":\"ReadAction\",\"target\":[\"https:\/\/abaa.mx\/tienda\/flashcheck-jumbo-display-auto-cal-blunt-probe-termometro-modelo-11082\/\"]}]},{\"@type\":\"ImageObject\",\"inLanguage\":\"es\",\"@id\":\"https:\/\/abaa.mx\/tienda\/flashcheck-jumbo-display-auto-cal-blunt-probe-termometro-modelo-11082\/#primaryimage\",\"url\":\"https:\/\/abaa.mx\/tienda\/wp-content\/uploads\/2023\/09\/11082.jpg\",\"contentUrl\":\"https:\/\/abaa.mx\/tienda\/wp-content\/uploads\/2023\/09\/11082.jpg\",\"width\":1000,\"height\":267,\"caption\":\"flashcheck-jumbo-display-auto-cal-blunt-probe-termometro-modelo-11082\"},{\"@type\":\"BreadcrumbList\",\"@id\":\"https:\/\/abaa.mx\/tienda\/flashcheck-jumbo-display-auto-cal-blunt-probe-termometro-modelo-11082\/#breadcrumb\",\"itemListElement\":[{\"@type\":\"ListItem\",\"position\":1,\"name\":\"Inicio\",\"item\":\"https:\/\/abaa.mx\/tienda\/\"},{\"@type\":\"ListItem\",\"position\":2,\"name\":\"Tienda\",\"item\":\"https:\/\/abaa.mx\/tienda\/\"},{\"@type\":\"ListItem\",\"position\":3,\"name\":\"FlashCheck Jumbo Display Auto-Cal Blunt Probe Term\u00f3metro Modelo 11082\"}]},{\"@type\":\"WebSite\",\"@id\":\"https:\/\/abaa.mx\/tienda\/#website\",\"url\":\"https:\/\/abaa.mx\/tienda\/\",\"name\":\"Abaa tienda online\",\"description\":\"Instrumentos de medici\u00f3n\",\"publisher\":{\"@id\":\"https:\/\/abaa.mx\/tienda\/#organization\"},\"potentialAction\":[{\"@type\":\"SearchAction\",\"target\":{\"@type\":\"EntryPoint\",\"urlTemplate\":\"https:\/\/abaa.mx\/tienda\/?s={search_term_string}\"},\"query-input\":{\"@type\":\"PropertyValueSpecification\",\"valueRequired\":true,\"valueName\":\"search_term_string\"}}],\"inLanguage\":\"es\"},{\"@type\":\"Organization\",\"@id\":\"https:\/\/abaa.mx\/tienda\/#organization\",\"name\":\"Abaa tienda online\",\"url\":\"https:\/\/abaa.mx\/tienda\/\",\"logo\":{\"@type\":\"ImageObject\",\"inLanguage\":\"es\",\"@id\":\"https:\/\/abaa.mx\/tienda\/#\/schema\/logo\/image\/\",\"url\":\"https:\/\/abaa.mx\/tienda\/wp-content\/uploads\/2024\/01\/abaa-metrologia-tienda.png\",\"contentUrl\":\"https:\/\/abaa.mx\/tienda\/wp-content\/uploads\/2024\/01\/abaa-metrologia-tienda.png\",\"width\":300,\"height\":141,\"caption\":\"Abaa tienda online\"},\"image\":{\"@id\":\"https:\/\/abaa.mx\/tienda\/#\/schema\/logo\/image\/\"}}]}<\/script>\n<!-- \/ Yoast SEO plugin. -->","yoast_head_json":{"title":"FlashCheck Jumbo Display Auto-Cal Blunt Probe Term\u00f3metro Modelo 11082 - Abaa tienda online","robots":{"index":"index","follow":"follow","max-snippet":"max-snippet:-1","max-image-preview":"max-image-preview:large","max-video-preview":"max-video-preview:-1"},"canonical":"https:\/\/abaa.mx\/tienda\/flashcheck-jumbo-display-auto-cal-blunt-probe-termometro-modelo-11082\/","og_locale":"es_MX","og_type":"article","og_title":"FlashCheck Jumbo Display Auto-Cal Blunt Probe Term\u00f3metro Modelo 11082 - Abaa tienda online","og_description":"Caracter\u00edsticas\u00a0   Funci\u00f3n de calibraci\u00f3n autom\u00e1tica  Punta chata y redondeada ideal para uso cient\u00edfico, de laboratorio y veterinario  La sonda de punta reducida proporciona un tiempo de respuesta de menos de 6 segundos  Pantalla LCD jumbo de doble escala de alta visibilidad  IP56 a prueba de agua, desinfectable, resistente a la suciedad y la grasa  El apagado autom\u00e1tico ahorra bater\u00eda  Certificado por la NSF  Escala seleccionable \u00b0F \/ \u00b0C     Aplicaciones:Cient\u00edfico, Laboratorio, Veterinario","og_url":"https:\/\/abaa.mx\/tienda\/flashcheck-jumbo-display-auto-cal-blunt-probe-termometro-modelo-11082\/","og_site_name":"Abaa tienda online","article_modified_time":"2023-09-14T20:05:14+00:00","og_image":[{"width":1000,"height":267,"url":"https:\/\/abaa.mx\/tienda\/wp-content\/uploads\/2023\/09\/11082.jpg","type":"image\/jpeg"}],"twitter_card":"summary_large_image","twitter_misc":{"Tiempo de lectura":"2 minutos"},"schema":{"@context":"https:\/\/schema.org","@graph":[{"@type":"WebPage","@id":"https:\/\/abaa.mx\/tienda\/flashcheck-jumbo-display-auto-cal-blunt-probe-termometro-modelo-11082\/","url":"https:\/\/abaa.mx\/tienda\/flashcheck-jumbo-display-auto-cal-blunt-probe-termometro-modelo-11082\/","name":"FlashCheck Jumbo Display Auto-Cal Blunt Probe Term\u00f3metro Modelo 11082 - Abaa tienda online","isPartOf":{"@id":"https:\/\/abaa.mx\/tienda\/#website"},"primaryImageOfPage":{"@id":"https:\/\/abaa.mx\/tienda\/flashcheck-jumbo-display-auto-cal-blunt-probe-termometro-modelo-11082\/#primaryimage"},"image":{"@id":"https:\/\/abaa.mx\/tienda\/flashcheck-jumbo-display-auto-cal-blunt-probe-termometro-modelo-11082\/#primaryimage"},"thumbnailUrl":"https:\/\/abaa.mx\/tienda\/wp-content\/uploads\/2023\/09\/11082.jpg","datePublished":"2023-09-14T16:55:53+00:00","dateModified":"2023-09-14T20:05:14+00:00","breadcrumb":{"@id":"https:\/\/abaa.mx\/tienda\/flashcheck-jumbo-display-auto-cal-blunt-probe-termometro-modelo-11082\/#breadcrumb"},"inLanguage":"es","potentialAction":[{"@type":"ReadAction","target":["https:\/\/abaa.mx\/tienda\/flashcheck-jumbo-display-auto-cal-blunt-probe-termometro-modelo-11082\/"]}]},{"@type":"ImageObject","inLanguage":"es","@id":"https:\/\/abaa.mx\/tienda\/flashcheck-jumbo-display-auto-cal-blunt-probe-termometro-modelo-11082\/#primaryimage","url":"https:\/\/abaa.mx\/tienda\/wp-content\/uploads\/2023\/09\/11082.jpg","contentUrl":"https:\/\/abaa.mx\/tienda\/wp-content\/uploads\/2023\/09\/11082.jpg","width":1000,"height":267,"caption":"flashcheck-jumbo-display-auto-cal-blunt-probe-termometro-modelo-11082"},{"@type":"BreadcrumbList","@id":"https:\/\/abaa.mx\/tienda\/flashcheck-jumbo-display-auto-cal-blunt-probe-termometro-modelo-11082\/#breadcrumb","itemListElement":[{"@type":"ListItem","position":1,"name":"Inicio","item":"https:\/\/abaa.mx\/tienda\/"},{"@type":"ListItem","position":2,"name":"Tienda","item":"https:\/\/abaa.mx\/tienda\/"},{"@type":"ListItem","position":3,"name":"FlashCheck Jumbo Display Auto-Cal Blunt Probe Term\u00f3metro Modelo 11082"}]},{"@type":"WebSite","@id":"https:\/\/abaa.mx\/tienda\/#website","url":"https:\/\/abaa.mx\/tienda\/","name":"Abaa tienda online","description":"Instrumentos de medici\u00f3n","publisher":{"@id":"https:\/\/abaa.mx\/tienda\/#organization"},"potentialAction":[{"@type":"SearchAction","target":{"@type":"EntryPoint","urlTemplate":"https:\/\/abaa.mx\/tienda\/?s={search_term_string}"},"query-input":{"@type":"PropertyValueSpecification","valueRequired":true,"valueName":"search_term_string"}}],"inLanguage":"es"},{"@type":"Organization","@id":"https:\/\/abaa.mx\/tienda\/#organization","name":"Abaa tienda online","url":"https:\/\/abaa.mx\/tienda\/","logo":{"@type":"ImageObject","inLanguage":"es","@id":"https:\/\/abaa.mx\/tienda\/#\/schema\/logo\/image\/","url":"https:\/\/abaa.mx\/tienda\/wp-content\/uploads\/2024\/01\/abaa-metrologia-tienda.png","contentUrl":"https:\/\/abaa.mx\/tienda\/wp-content\/uploads\/2024\/01\/abaa-metrologia-tienda.png","width":300,"height":141,"caption":"Abaa tienda online"},"image":{"@id":"https:\/\/abaa.mx\/tienda\/#\/schema\/logo\/image\/"}}]}},"_links":{"self":[{"href":"https:\/\/abaa.mx\/tienda\/wp-json\/wp\/v2\/product\/1514","targetHints":{"allow":["GET"]}}],"collection":[{"href":"https:\/\/abaa.mx\/tienda\/wp-json\/wp\/v2\/product"}],"about":[{"href":"https:\/\/abaa.mx\/tienda\/wp-json\/wp\/v2\/types\/product"}],"replies":[{"embeddable":true,"href":"https:\/\/abaa.mx\/tienda\/wp-json\/wp\/v2\/comments?post=1514"}],"wp:featuredmedia":[{"embeddable":true,"href":"https:\/\/abaa.mx\/tienda\/wp-json\/wp\/v2\/media\/1580"}],"wp:attachment":[{"href":"https:\/\/abaa.mx\/tienda\/wp-json\/wp\/v2\/media?parent=1514"}],"wp:term":[{"taxonomy":"product_brand","embeddable":true,"href":"https:\/\/abaa.mx\/tienda\/wp-json\/wp\/v2\/product_brand?post=1514"},{"taxonomy":"product_cat","embeddable":true,"href":"https:\/\/abaa.mx\/tienda\/wp-json\/wp\/v2\/product_cat?post=1514"},{"taxonomy":"product_tag","embeddable":true,"href":"https:\/\/abaa.mx\/tienda\/wp-json\/wp\/v2\/product_tag?post=1514"}],"curies":[{"name":"wp","href":"https:\/\/api.w.org\/{rel}","templated":true}]}}