{"id":1512,"date":"2023-09-14T16:46:00","date_gmt":"2023-09-14T16:46:00","guid":{"rendered":"https:\/\/abaa.mx\/tienda\/?post_type=product&#038;p=1512"},"modified":"2023-09-14T16:46:00","modified_gmt":"2023-09-14T16:46:00","slug":"flashcheck-jumbo-display-termometro-de-sonda-de-punta-reducida-modelo-11066","status":"publish","type":"product","link":"https:\/\/abaa.mx\/tienda\/flashcheck-jumbo-display-termometro-de-sonda-de-punta-reducida-modelo-11066\/","title":{"rendered":"Flashcheck jumbo display term\u00f3metro de sonda de punta reducida Modelo 11066"},"content":{"rendered":"<h1>Flashcheck\u00a0jumbo display term\u00f3metro de sonda de punta reducida<\/h1>\n<h3><strong>Modelo\u00a011066<\/strong><\/h3>\n<div class=\"prod-intro\">\n<ul>\n<li>Cuenta con una nueva funci\u00f3n de \u201cAuto-Calibraci\u00f3n\u201d.<\/li>\n<li>La aguja de punta reducida proporciona menos de seis (6) segundos en tiempo de respuesta.<\/li>\n<li>Incluye una cubierta de la aguja con un im\u00e1n dise\u00f1ado para adjuntar el term\u00f3metro a la ventilaci\u00f3n.<\/li>\n<li>Con una construcci\u00f3n uniforme sellada y cumplimiento RoHS.<\/li>\n<li>Instrumento resistente al agua y resistente a la grasa (IP56).<\/li>\n<li>Incluye una correa de velcro que asegura el term\u00f3metro a las tuber\u00edas refrigerantes.<\/li>\n<li>Incluye una funda de color amarillo de alta visibilidad.<\/li>\n<li>PATENTE N\u00ba 5.709.476; 5,801,968<\/li>\n<\/ul>\n<\/div>\n<div class=\"prod-app\"><b>Aplicaciones:<\/b> Establecimientos de Alimentos, Centros de Distribuci\u00f3n, Almacenamiento en Fr\u00edo, Instalaciones de Procesamiento.<\/div>\n<div>\n<div class=\"prod-desc\">\n<p>Este Term\u00f3metro de Aguja Digital de Bolsillo, \u00fanico y de \u00faltima generaci\u00f3n, est\u00e1 dise\u00f1ado para establecer el est\u00e1ndar de la industria para precisi\u00f3n, durabilidad y legibilidad. Se ha dise\u00f1ado y construido bajo los est\u00e1ndares m\u00e1s exigentes para satisfacer y superar las especificaciones necesarias para usos comerciales y profesionales.<\/p>\n<table>\n<caption>11066 Pantalla Jumbo Term\u00f3metro de sonda de punta reducida<\/caption>\n<thead>\n<tr>\n<th scope=\"col\">Caracter\u00edstica<\/th>\n<th scope=\"col\">Especificaci\u00f3n<\/th>\n<\/tr>\n<\/thead>\n<tfoot>\n<tr>\n<td colspan=\"2\">DeltaTrak fabrica productos bajo un sistema de calidad registrado ISO 9001:2015<\/td>\n<\/tr>\n<\/tfoot>\n<tbody>\n<tr>\n<td>Intervalo de Medici\u00f3n<\/td>\n<td>-40\u00b0F a 311\u00b0F (-40\u00b0C a 155\u00b0C)<\/td>\n<\/tr>\n<tr>\n<td>Precisi\u00f3n<\/td>\n<td>\u00b11\u00b0F (14\u00b0F a 194\u00b0F), \u00b10.5\u00b0C (-10\u00b0C a 90\u00b0C) o el que sea mayor a \u00b11%<\/td>\n<\/tr>\n<tr>\n<td>Tiempo de Respuesta<\/td>\n<td>Menos de 6 segundos De 32 \u00b0C a 77 \u00b0C (de 0 \u00b0F a 25 \u00b0F)<\/td>\n<\/tr>\n<tr>\n<td>Resoluci\u00f3n<\/td>\n<td>0.1\u00b0F (0.1\u00b0C)<\/td>\n<\/tr>\n<tr>\n<td>Tama\u00f1o de la Pantalla\/Actualizaci\u00f3n<\/td>\n<td>1.5\u201d x 0.5\u201d (38mm x 12.7mm) \/ cada 2 segundos<\/td>\n<\/tr>\n<tr>\n<td>Longitud de la Aguja y Di\u00e1metro de la Punta<\/td>\n<td>Aguja de acero inoxidable, longitud de 3.9 +\/- 0.004 pulg. (99 +\/- 0.1mm); Punta de la aguja reducida en 0.1 pulg (2.6mm) dia.<\/td>\n<\/tr>\n<tr>\n<td>Cuerpo<\/td>\n<td>Pl\u00e1stico ABS<\/td>\n<\/tr>\n<tr>\n<td>Bater\u00eda (Tipo \/ Vida)<\/td>\n<td>Bot\u00f3n de 1.5V<\/td>\n<\/tr>\n<tr>\n<td>Calibraci\u00f3n de Fabrica<\/td>\n<td>Certificado de calibraci\u00f3n de trazabilidad NIST<\/td>\n<\/tr>\n<tr>\n<td>Certificado de Cumplimiento<\/td>\n<td>Certificado del fabricante sobre el cumplimiento a disposici\u00f3n de DeltaTrak, Trazable a NIST y CE Mark.<\/td>\n<\/tr>\n<tr>\n<td>Grado Impermeable<\/td>\n<td>IP56<\/td>\n<\/tr>\n<\/tbody>\n<\/table>\n<\/div>\n<\/div>\n<p>&nbsp;<\/p>\n","protected":false},"excerpt":{"rendered":"<div class=\"prod-intro\">\n<ul>\n<li>Cuenta con una nueva funci\u00f3n de \u201cAuto-Calibraci\u00f3n\u201d.<\/li>\n<li>La aguja de punta reducida proporciona menos de seis (6) segundos en tiempo de respuesta.<\/li>\n<li>Incluye una cubierta de la aguja con un im\u00e1n dise\u00f1ado para adjuntar el term\u00f3metro a la ventilaci\u00f3n.<\/li>\n<li>Con una construcci\u00f3n uniforme sellada y cumplimiento RoHS.<\/li>\n<li>Instrumento resistente al agua y resistente a la grasa (IP56).<\/li>\n<li>Incluye una correa de velcro que asegura el term\u00f3metro a las tuber\u00edas refrigerantes.<\/li>\n<li>Incluye una funda de color amarillo de alta visibilidad.<\/li>\n<li>PATENTE N\u00ba 5.709.476; 5,801,968<\/li>\n<\/ul>\n<\/div>\n<div class=\"prod-app\"><b>Aplicaciones:<\/b>\u00a0Establecimientos de Alimentos, Centros de Distribuci\u00f3n, Almacenamiento en Fr\u00edo, Instalaciones de Procesamiento<\/div>\n","protected":false},"featured_media":1513,"comment_status":"open","ping_status":"closed","template":"","meta":{"_joinchat":[]},"product_brand":[],"product_cat":[15],"product_tag":[],"class_list":{"0":"post-1512","1":"product","2":"type-product","3":"status-publish","4":"has-post-thumbnail","6":"product_cat-sin-categorizar","8":"first","9":"instock","10":"shipping-taxable","11":"product-type-simple"},"yoast_head":"<!-- This site is optimized with the Yoast SEO plugin v26.4 - https:\/\/yoast.com\/wordpress\/plugins\/seo\/ -->\n<title>Flashcheck jumbo display term\u00f3metro de sonda de punta reducida Modelo 11066 - Abaa tienda online<\/title>\n<meta name=\"robots\" content=\"index, follow, max-snippet:-1, max-image-preview:large, max-video-preview:-1\" \/>\n<link rel=\"canonical\" href=\"https:\/\/abaa.mx\/tienda\/flashcheck-jumbo-display-termometro-de-sonda-de-punta-reducida-modelo-11066\/\" \/>\n<meta property=\"og:locale\" content=\"es_MX\" \/>\n<meta property=\"og:type\" content=\"article\" \/>\n<meta property=\"og:title\" content=\"Flashcheck jumbo display term\u00f3metro de sonda de punta reducida Modelo 11066 - Abaa tienda online\" \/>\n<meta property=\"og:description\" content=\"Cuenta con una nueva funci\u00f3n de \u201cAuto-Calibraci\u00f3n\u201d.  La aguja de punta reducida proporciona menos de seis (6) segundos en tiempo de respuesta.  Incluye una cubierta de la aguja con un im\u00e1n dise\u00f1ado para adjuntar el term\u00f3metro a la ventilaci\u00f3n.  Con una construcci\u00f3n uniforme sellada y cumplimiento RoHS.  Instrumento resistente al agua y resistente a la grasa (IP56).  Incluye una correa de velcro que asegura el term\u00f3metro a las tuber\u00edas refrigerantes.  Incluye una funda de color amarillo de alta visibilidad.  PATENTE N\u00ba 5.709.476; 5,801,968   Aplicaciones:\u00a0Establecimientos de Alimentos, Centros de Distribuci\u00f3n, Almacenamiento en Fr\u00edo, Instalaciones de Procesamiento\" \/>\n<meta property=\"og:url\" content=\"https:\/\/abaa.mx\/tienda\/flashcheck-jumbo-display-termometro-de-sonda-de-punta-reducida-modelo-11066\/\" \/>\n<meta property=\"og:site_name\" content=\"Abaa tienda online\" \/>\n<meta property=\"og:image\" content=\"https:\/\/abaa.mx\/tienda\/wp-content\/uploads\/2023\/09\/11066.jpg\" \/>\n\t<meta property=\"og:image:width\" content=\"474\" \/>\n\t<meta property=\"og:image:height\" content=\"474\" \/>\n\t<meta property=\"og:image:type\" content=\"image\/jpeg\" \/>\n<meta name=\"twitter:card\" content=\"summary_large_image\" \/>\n<meta name=\"twitter:label1\" content=\"Tiempo de lectura\" \/>\n\t<meta name=\"twitter:data1\" content=\"2 minutos\" \/>\n<script type=\"application\/ld+json\" class=\"yoast-schema-graph\">{\"@context\":\"https:\/\/schema.org\",\"@graph\":[{\"@type\":\"WebPage\",\"@id\":\"https:\/\/abaa.mx\/tienda\/flashcheck-jumbo-display-termometro-de-sonda-de-punta-reducida-modelo-11066\/\",\"url\":\"https:\/\/abaa.mx\/tienda\/flashcheck-jumbo-display-termometro-de-sonda-de-punta-reducida-modelo-11066\/\",\"name\":\"Flashcheck jumbo display term\u00f3metro de sonda de punta reducida Modelo 11066 - Abaa tienda online\",\"isPartOf\":{\"@id\":\"https:\/\/abaa.mx\/tienda\/#website\"},\"primaryImageOfPage\":{\"@id\":\"https:\/\/abaa.mx\/tienda\/flashcheck-jumbo-display-termometro-de-sonda-de-punta-reducida-modelo-11066\/#primaryimage\"},\"image\":{\"@id\":\"https:\/\/abaa.mx\/tienda\/flashcheck-jumbo-display-termometro-de-sonda-de-punta-reducida-modelo-11066\/#primaryimage\"},\"thumbnailUrl\":\"https:\/\/abaa.mx\/tienda\/wp-content\/uploads\/2023\/09\/11066.jpg\",\"datePublished\":\"2023-09-14T16:46:00+00:00\",\"breadcrumb\":{\"@id\":\"https:\/\/abaa.mx\/tienda\/flashcheck-jumbo-display-termometro-de-sonda-de-punta-reducida-modelo-11066\/#breadcrumb\"},\"inLanguage\":\"es\",\"potentialAction\":[{\"@type\":\"ReadAction\",\"target\":[\"https:\/\/abaa.mx\/tienda\/flashcheck-jumbo-display-termometro-de-sonda-de-punta-reducida-modelo-11066\/\"]}]},{\"@type\":\"ImageObject\",\"inLanguage\":\"es\",\"@id\":\"https:\/\/abaa.mx\/tienda\/flashcheck-jumbo-display-termometro-de-sonda-de-punta-reducida-modelo-11066\/#primaryimage\",\"url\":\"https:\/\/abaa.mx\/tienda\/wp-content\/uploads\/2023\/09\/11066.jpg\",\"contentUrl\":\"https:\/\/abaa.mx\/tienda\/wp-content\/uploads\/2023\/09\/11066.jpg\",\"width\":474,\"height\":474,\"caption\":\"flashcheck-jumbo-display-termometro-de-sonda-de-punta-reducida-modelo-11066\"},{\"@type\":\"BreadcrumbList\",\"@id\":\"https:\/\/abaa.mx\/tienda\/flashcheck-jumbo-display-termometro-de-sonda-de-punta-reducida-modelo-11066\/#breadcrumb\",\"itemListElement\":[{\"@type\":\"ListItem\",\"position\":1,\"name\":\"Inicio\",\"item\":\"https:\/\/abaa.mx\/tienda\/\"},{\"@type\":\"ListItem\",\"position\":2,\"name\":\"Tienda\",\"item\":\"https:\/\/abaa.mx\/tienda\/\"},{\"@type\":\"ListItem\",\"position\":3,\"name\":\"Flashcheck jumbo display term\u00f3metro de sonda de punta reducida Modelo 11066\"}]},{\"@type\":\"WebSite\",\"@id\":\"https:\/\/abaa.mx\/tienda\/#website\",\"url\":\"https:\/\/abaa.mx\/tienda\/\",\"name\":\"Abaa tienda online\",\"description\":\"Instrumentos de medici\u00f3n\",\"publisher\":{\"@id\":\"https:\/\/abaa.mx\/tienda\/#organization\"},\"potentialAction\":[{\"@type\":\"SearchAction\",\"target\":{\"@type\":\"EntryPoint\",\"urlTemplate\":\"https:\/\/abaa.mx\/tienda\/?s={search_term_string}\"},\"query-input\":{\"@type\":\"PropertyValueSpecification\",\"valueRequired\":true,\"valueName\":\"search_term_string\"}}],\"inLanguage\":\"es\"},{\"@type\":\"Organization\",\"@id\":\"https:\/\/abaa.mx\/tienda\/#organization\",\"name\":\"Abaa tienda online\",\"url\":\"https:\/\/abaa.mx\/tienda\/\",\"logo\":{\"@type\":\"ImageObject\",\"inLanguage\":\"es\",\"@id\":\"https:\/\/abaa.mx\/tienda\/#\/schema\/logo\/image\/\",\"url\":\"https:\/\/abaa.mx\/tienda\/wp-content\/uploads\/2024\/01\/abaa-metrologia-tienda.png\",\"contentUrl\":\"https:\/\/abaa.mx\/tienda\/wp-content\/uploads\/2024\/01\/abaa-metrologia-tienda.png\",\"width\":300,\"height\":141,\"caption\":\"Abaa tienda online\"},\"image\":{\"@id\":\"https:\/\/abaa.mx\/tienda\/#\/schema\/logo\/image\/\"}}]}<\/script>\n<!-- \/ Yoast SEO plugin. -->","yoast_head_json":{"title":"Flashcheck jumbo display term\u00f3metro de sonda de punta reducida Modelo 11066 - Abaa tienda online","robots":{"index":"index","follow":"follow","max-snippet":"max-snippet:-1","max-image-preview":"max-image-preview:large","max-video-preview":"max-video-preview:-1"},"canonical":"https:\/\/abaa.mx\/tienda\/flashcheck-jumbo-display-termometro-de-sonda-de-punta-reducida-modelo-11066\/","og_locale":"es_MX","og_type":"article","og_title":"Flashcheck jumbo display term\u00f3metro de sonda de punta reducida Modelo 11066 - Abaa tienda online","og_description":"Cuenta con una nueva funci\u00f3n de \u201cAuto-Calibraci\u00f3n\u201d.  La aguja de punta reducida proporciona menos de seis (6) segundos en tiempo de respuesta.  Incluye una cubierta de la aguja con un im\u00e1n dise\u00f1ado para adjuntar el term\u00f3metro a la ventilaci\u00f3n.  Con una construcci\u00f3n uniforme sellada y cumplimiento RoHS.  Instrumento resistente al agua y resistente a la grasa (IP56).  Incluye una correa de velcro que asegura el term\u00f3metro a las tuber\u00edas refrigerantes.  Incluye una funda de color amarillo de alta visibilidad.  PATENTE N\u00ba 5.709.476; 5,801,968   Aplicaciones:\u00a0Establecimientos de Alimentos, Centros de Distribuci\u00f3n, Almacenamiento en Fr\u00edo, Instalaciones de Procesamiento","og_url":"https:\/\/abaa.mx\/tienda\/flashcheck-jumbo-display-termometro-de-sonda-de-punta-reducida-modelo-11066\/","og_site_name":"Abaa tienda online","og_image":[{"width":474,"height":474,"url":"https:\/\/abaa.mx\/tienda\/wp-content\/uploads\/2023\/09\/11066.jpg","type":"image\/jpeg"}],"twitter_card":"summary_large_image","twitter_misc":{"Tiempo de lectura":"2 minutos"},"schema":{"@context":"https:\/\/schema.org","@graph":[{"@type":"WebPage","@id":"https:\/\/abaa.mx\/tienda\/flashcheck-jumbo-display-termometro-de-sonda-de-punta-reducida-modelo-11066\/","url":"https:\/\/abaa.mx\/tienda\/flashcheck-jumbo-display-termometro-de-sonda-de-punta-reducida-modelo-11066\/","name":"Flashcheck jumbo display term\u00f3metro de sonda de punta reducida Modelo 11066 - Abaa tienda online","isPartOf":{"@id":"https:\/\/abaa.mx\/tienda\/#website"},"primaryImageOfPage":{"@id":"https:\/\/abaa.mx\/tienda\/flashcheck-jumbo-display-termometro-de-sonda-de-punta-reducida-modelo-11066\/#primaryimage"},"image":{"@id":"https:\/\/abaa.mx\/tienda\/flashcheck-jumbo-display-termometro-de-sonda-de-punta-reducida-modelo-11066\/#primaryimage"},"thumbnailUrl":"https:\/\/abaa.mx\/tienda\/wp-content\/uploads\/2023\/09\/11066.jpg","datePublished":"2023-09-14T16:46:00+00:00","breadcrumb":{"@id":"https:\/\/abaa.mx\/tienda\/flashcheck-jumbo-display-termometro-de-sonda-de-punta-reducida-modelo-11066\/#breadcrumb"},"inLanguage":"es","potentialAction":[{"@type":"ReadAction","target":["https:\/\/abaa.mx\/tienda\/flashcheck-jumbo-display-termometro-de-sonda-de-punta-reducida-modelo-11066\/"]}]},{"@type":"ImageObject","inLanguage":"es","@id":"https:\/\/abaa.mx\/tienda\/flashcheck-jumbo-display-termometro-de-sonda-de-punta-reducida-modelo-11066\/#primaryimage","url":"https:\/\/abaa.mx\/tienda\/wp-content\/uploads\/2023\/09\/11066.jpg","contentUrl":"https:\/\/abaa.mx\/tienda\/wp-content\/uploads\/2023\/09\/11066.jpg","width":474,"height":474,"caption":"flashcheck-jumbo-display-termometro-de-sonda-de-punta-reducida-modelo-11066"},{"@type":"BreadcrumbList","@id":"https:\/\/abaa.mx\/tienda\/flashcheck-jumbo-display-termometro-de-sonda-de-punta-reducida-modelo-11066\/#breadcrumb","itemListElement":[{"@type":"ListItem","position":1,"name":"Inicio","item":"https:\/\/abaa.mx\/tienda\/"},{"@type":"ListItem","position":2,"name":"Tienda","item":"https:\/\/abaa.mx\/tienda\/"},{"@type":"ListItem","position":3,"name":"Flashcheck jumbo display term\u00f3metro de sonda de punta reducida Modelo 11066"}]},{"@type":"WebSite","@id":"https:\/\/abaa.mx\/tienda\/#website","url":"https:\/\/abaa.mx\/tienda\/","name":"Abaa tienda online","description":"Instrumentos de medici\u00f3n","publisher":{"@id":"https:\/\/abaa.mx\/tienda\/#organization"},"potentialAction":[{"@type":"SearchAction","target":{"@type":"EntryPoint","urlTemplate":"https:\/\/abaa.mx\/tienda\/?s={search_term_string}"},"query-input":{"@type":"PropertyValueSpecification","valueRequired":true,"valueName":"search_term_string"}}],"inLanguage":"es"},{"@type":"Organization","@id":"https:\/\/abaa.mx\/tienda\/#organization","name":"Abaa tienda online","url":"https:\/\/abaa.mx\/tienda\/","logo":{"@type":"ImageObject","inLanguage":"es","@id":"https:\/\/abaa.mx\/tienda\/#\/schema\/logo\/image\/","url":"https:\/\/abaa.mx\/tienda\/wp-content\/uploads\/2024\/01\/abaa-metrologia-tienda.png","contentUrl":"https:\/\/abaa.mx\/tienda\/wp-content\/uploads\/2024\/01\/abaa-metrologia-tienda.png","width":300,"height":141,"caption":"Abaa tienda online"},"image":{"@id":"https:\/\/abaa.mx\/tienda\/#\/schema\/logo\/image\/"}}]}},"_links":{"self":[{"href":"https:\/\/abaa.mx\/tienda\/wp-json\/wp\/v2\/product\/1512","targetHints":{"allow":["GET"]}}],"collection":[{"href":"https:\/\/abaa.mx\/tienda\/wp-json\/wp\/v2\/product"}],"about":[{"href":"https:\/\/abaa.mx\/tienda\/wp-json\/wp\/v2\/types\/product"}],"replies":[{"embeddable":true,"href":"https:\/\/abaa.mx\/tienda\/wp-json\/wp\/v2\/comments?post=1512"}],"wp:featuredmedia":[{"embeddable":true,"href":"https:\/\/abaa.mx\/tienda\/wp-json\/wp\/v2\/media\/1513"}],"wp:attachment":[{"href":"https:\/\/abaa.mx\/tienda\/wp-json\/wp\/v2\/media?parent=1512"}],"wp:term":[{"taxonomy":"product_brand","embeddable":true,"href":"https:\/\/abaa.mx\/tienda\/wp-json\/wp\/v2\/product_brand?post=1512"},{"taxonomy":"product_cat","embeddable":true,"href":"https:\/\/abaa.mx\/tienda\/wp-json\/wp\/v2\/product_cat?post=1512"},{"taxonomy":"product_tag","embeddable":true,"href":"https:\/\/abaa.mx\/tienda\/wp-json\/wp\/v2\/product_tag?post=1512"}],"curies":[{"name":"wp","href":"https:\/\/api.w.org\/{rel}","templated":true}]}}