{"id":1506,"date":"2023-09-14T16:38:43","date_gmt":"2023-09-14T16:38:43","guid":{"rendered":"https:\/\/abaa.mx\/tienda\/?post_type=product&#038;p=1506"},"modified":"2024-01-04T16:13:56","modified_gmt":"2024-01-04T16:13:56","slug":"termometro-antimicrobiano-flashcheck-lollipop-auto-cal-min-max-modelo-11050","status":"publish","type":"product","link":"https:\/\/abaa.mx\/tienda\/termometro-antimicrobiano-flashcheck-lollipop-auto-cal-min-max-modelo-11050\/","title":{"rendered":"Term\u00f3metro antimicrobiano flashcheck lollipop auto cal min-max Modelo 11050"},"content":{"rendered":"<h3><strong>Modelo\u00a011050<\/strong><\/h3>\n<div class=\"prod-intro\">\n<ul>\n<li>El aditivo antimicrobiano inhibe el crecimiento de bacterias, moho y hongos<\/li>\n<li>Esta memoria almacena lecturas\u00a0Min\/Max<\/li>\n<li>Funci\u00f3n de calibraci\u00f3n autom\u00e1tica<\/li>\n<li>Cubierta impermeable IP65<\/li>\n<li>Dise\u00f1o monobloque sellado<\/li>\n<li>Sonda de peque\u00f1o di\u00e1metro ideal para medir la temperatura de alimentos de &#8220;masa fina&#8221; como las hamburguesas de carne y los filetes de pollo y pescado (C\u00f3digo alimentario de la FDA 4-302.12 (B))<\/li>\n<li>Certificado por la NSF<\/li>\n<li>\u00b0F\/\u00b0C seleccionable<\/li>\n<\/ul>\n<\/div>\n<div class=\"prod-app\"><b>Aplicaciones:<\/b> Establecimientos de Alimentos, Centros de Distribuci\u00f3n, Almacenamiento en Fr\u00edo, Instalaciones de Procesamiento.<\/div>\n<div>El term\u00f3metro FlashCheck Lollipop Auto Cal Min\/Max Antimicrobial (modelo 11050) es ideal para establecimientos de comida y centros de distribuci\u00f3n. El term\u00f3metro tiene auto-calibraci\u00f3n, ofrece opciones m\u00edn\/m\u00e1x y la sonda de peque\u00f1o di\u00e1metro es ideal para medir la temperatura de alimentos de &#8220;masa fina&#8221; como las hamburguesas de carne y los filetes de pollo\/pescado.<\/div>\n<div><\/div>\n<div>\n<table>\n<caption>11050 Lollipop Auto Cal Min\/Max Term\u00f3metro Antimicrobiano<\/caption>\n<thead>\n<tr>\n<th scope=\"col\">Caracter\u00edsticas<\/th>\n<th scope=\"col\">Especificaciones<\/th>\n<\/tr>\n<\/thead>\n<tfoot>\n<tr>\n<td colspan=\"2\"><\/td>\n<\/tr>\n<\/tfoot>\n<tbody>\n<tr>\n<td>Rango de medida<\/td>\n<td>-40\u00b0F a 311\u00b0F (-40\u00b0C a 155\u00b0C)<\/td>\n<\/tr>\n<tr>\n<td>Rango de funcionamiento<\/td>\n<td>De 32 \u00b0C a 122 \u00b0C (de 0 \u00b0F a 50 \u00b0F)<\/td>\n<\/tr>\n<tr>\n<td>Exactitud<\/td>\n<td>\u00b10.9\u00b0F de -40\u00b0F a +14\u00b0F (\u00b10.5\u00b0C de -40\u00b0C a -10\u00b0C) \u00b10.5\u00b0F de +14\u00b0F a +68\u00b0F (\u00b10.3\u00b0C de -10\u00b0C a +20\u00b0C) \u00b10.9\u00b0F de +69\u00b0F a +239\u00b0F (\u00b10.5\u00b0C de +21\u00b0C a +115\u00b0C) \u00b11.8\u00b0F de 240\u00b0F a +311\u00b0F<\/p>\n<p>(\u00b11.0\u00b0C de 116\u00b0C a 155\u00b0C)<\/td>\n<\/tr>\n<tr>\n<td>Sensor<\/td>\n<td>Termostato<\/td>\n<\/tr>\n<tr>\n<td>Resoluci\u00f3n de la pantalla<\/td>\n<td>0.1\u00b0F \/\u00b0C<\/td>\n<\/tr>\n<tr>\n<td>Actualizaci\u00f3n de la lectura de la pantalla<\/td>\n<td>1 segundo<\/td>\n<\/tr>\n<tr>\n<td>Tama\u00f1o de la pantalla<\/td>\n<td>1.3 pulg. de ancho x 0.9 pulg. de alto (32.9 mm de ancho x 22.9 mm de alto)<\/td>\n<\/tr>\n<tr>\n<td>Calibraci\u00f3n<\/td>\n<td>Funci\u00f3n de calibraci\u00f3n autom\u00e1tica<\/td>\n<\/tr>\n<tr>\n<td>Bater\u00eda<\/td>\n<td>Bot\u00f3n de c\u00e9lula alcalina<\/td>\n<\/tr>\n<tr>\n<td>Carcasa del equipo<\/td>\n<td>Pl\u00e1stico ABS con aditivo antimicrobiano<\/td>\n<\/tr>\n<tr>\n<td>Longitud de sonda<\/td>\n<td>4.13 pulgadas (105 mm)<\/td>\n<\/tr>\n<tr>\n<td>Di\u00e1metro de la sonda<\/td>\n<td>0.14 pulgadas (3.56 mm), punta reducida 0.1 pulgadas (2.5 mm)<\/td>\n<\/tr>\n<tr>\n<td>Peso<\/td>\n<td>1,3 onzas (37,6 g)<\/td>\n<\/tr>\n<tr>\n<td>Clasificaci\u00f3n de la impermeabilidad<\/td>\n<td>IP65<\/td>\n<\/tr>\n<tr>\n<td>Calibraci\u00f3n de la f\u00e1brica<\/td>\n<td>Certificado de calibraci\u00f3n trazable NIST<\/td>\n<\/tr>\n<tr>\n<td>Certificado de conformidad<\/td>\n<td>Los certificados de conformidad de los fabricantes pueden obtenerse en DeltaTrak, NIST Traceable, NSF, CE<\/td>\n<\/tr>\n<\/tbody>\n<\/table>\n<\/div>\n","protected":false},"excerpt":{"rendered":"<div class=\"prod-intro\">\n<ul>\n<li>El aditivo antimicrobiano inhibe el crecimiento de bacterias, moho y hongos<\/li>\n<li>Esta memoria almacena lecturas\u00a0Min\/Max<\/li>\n<li>Funci\u00f3n de calibraci\u00f3n autom\u00e1tica<\/li>\n<li>Cubierta impermeable IP65<\/li>\n<li>Dise\u00f1o monobloque sellado<\/li>\n<li>Sonda de peque\u00f1o di\u00e1metro ideal para medir la temperatura de alimentos de &#8220;masa fina&#8221; como las hamburguesas de carne y los filetes de pollo y pescado (C\u00f3digo alimentario de la FDA 4-302.12 (B))<\/li>\n<li>Certificado por la NSF<\/li>\n<li>\u00b0F\/\u00b0C seleccionable<\/li>\n<\/ul>\n<\/div>\n<div class=\"prod-app\"><b>Aplicaciones:<\/b>\u00a0Establecimientos de Alimentos, Centros de Distribuci\u00f3n, Almacenamiento en Fr\u00edo, Instalaciones de Procesamiento<\/div>\n","protected":false},"featured_media":1509,"comment_status":"open","ping_status":"closed","template":"","meta":{"_joinchat":[]},"product_brand":[],"product_cat":[15],"product_tag":[],"class_list":{"0":"post-1506","1":"product","2":"type-product","3":"status-publish","4":"has-post-thumbnail","6":"product_cat-sin-categorizar","8":"first","9":"instock","10":"shipping-taxable","11":"product-type-simple"},"yoast_head":"<!-- This site is optimized with the Yoast SEO plugin v26.4 - https:\/\/yoast.com\/wordpress\/plugins\/seo\/ -->\n<title>Term\u00f3metro antimicrobiano flashcheck lollipop auto cal min-max Modelo 11050 - Abaa tienda online<\/title>\n<meta name=\"robots\" content=\"index, follow, max-snippet:-1, max-image-preview:large, max-video-preview:-1\" \/>\n<link rel=\"canonical\" href=\"https:\/\/abaa.mx\/tienda\/termometro-antimicrobiano-flashcheck-lollipop-auto-cal-min-max-modelo-11050\/\" \/>\n<meta property=\"og:locale\" content=\"es_MX\" \/>\n<meta property=\"og:type\" content=\"article\" \/>\n<meta property=\"og:title\" content=\"Term\u00f3metro antimicrobiano flashcheck lollipop auto cal min-max Modelo 11050 - Abaa tienda online\" \/>\n<meta property=\"og:description\" content=\"El aditivo antimicrobiano inhibe el crecimiento de bacterias, moho y hongos  Esta memoria almacena lecturas\u00a0Min\/Max  Funci\u00f3n de calibraci\u00f3n autom\u00e1tica  Cubierta impermeable IP65  Dise\u00f1o monobloque sellado  Sonda de peque\u00f1o di\u00e1metro ideal para medir la temperatura de alimentos de &quot;masa fina&quot; como las hamburguesas de carne y los filetes de pollo y pescado (C\u00f3digo alimentario de la FDA 4-302.12 (B))  Certificado por la NSF  \u00b0F\/\u00b0C seleccionable   Aplicaciones:\u00a0Establecimientos de Alimentos, Centros de Distribuci\u00f3n, Almacenamiento en Fr\u00edo, Instalaciones de Procesamiento\" \/>\n<meta property=\"og:url\" content=\"https:\/\/abaa.mx\/tienda\/termometro-antimicrobiano-flashcheck-lollipop-auto-cal-min-max-modelo-11050\/\" \/>\n<meta property=\"og:site_name\" content=\"Abaa tienda online\" \/>\n<meta property=\"article:modified_time\" content=\"2024-01-04T16:13:56+00:00\" \/>\n<meta property=\"og:image\" content=\"https:\/\/abaa.mx\/tienda\/wp-content\/uploads\/2023\/09\/11050.jpg\" \/>\n\t<meta property=\"og:image:width\" content=\"994\" \/>\n\t<meta property=\"og:image:height\" content=\"479\" \/>\n\t<meta property=\"og:image:type\" content=\"image\/jpeg\" \/>\n<meta name=\"twitter:card\" content=\"summary_large_image\" \/>\n<meta name=\"twitter:label1\" content=\"Tiempo de lectura\" \/>\n\t<meta name=\"twitter:data1\" content=\"2 minutos\" \/>\n<script type=\"application\/ld+json\" class=\"yoast-schema-graph\">{\"@context\":\"https:\/\/schema.org\",\"@graph\":[{\"@type\":\"WebPage\",\"@id\":\"https:\/\/abaa.mx\/tienda\/termometro-antimicrobiano-flashcheck-lollipop-auto-cal-min-max-modelo-11050\/\",\"url\":\"https:\/\/abaa.mx\/tienda\/termometro-antimicrobiano-flashcheck-lollipop-auto-cal-min-max-modelo-11050\/\",\"name\":\"Term\u00f3metro antimicrobiano flashcheck lollipop auto cal min-max Modelo 11050 - Abaa tienda online\",\"isPartOf\":{\"@id\":\"https:\/\/abaa.mx\/tienda\/#website\"},\"primaryImageOfPage\":{\"@id\":\"https:\/\/abaa.mx\/tienda\/termometro-antimicrobiano-flashcheck-lollipop-auto-cal-min-max-modelo-11050\/#primaryimage\"},\"image\":{\"@id\":\"https:\/\/abaa.mx\/tienda\/termometro-antimicrobiano-flashcheck-lollipop-auto-cal-min-max-modelo-11050\/#primaryimage\"},\"thumbnailUrl\":\"https:\/\/abaa.mx\/tienda\/wp-content\/uploads\/2023\/09\/11050.jpg\",\"datePublished\":\"2023-09-14T16:38:43+00:00\",\"dateModified\":\"2024-01-04T16:13:56+00:00\",\"breadcrumb\":{\"@id\":\"https:\/\/abaa.mx\/tienda\/termometro-antimicrobiano-flashcheck-lollipop-auto-cal-min-max-modelo-11050\/#breadcrumb\"},\"inLanguage\":\"es\",\"potentialAction\":[{\"@type\":\"ReadAction\",\"target\":[\"https:\/\/abaa.mx\/tienda\/termometro-antimicrobiano-flashcheck-lollipop-auto-cal-min-max-modelo-11050\/\"]}]},{\"@type\":\"ImageObject\",\"inLanguage\":\"es\",\"@id\":\"https:\/\/abaa.mx\/tienda\/termometro-antimicrobiano-flashcheck-lollipop-auto-cal-min-max-modelo-11050\/#primaryimage\",\"url\":\"https:\/\/abaa.mx\/tienda\/wp-content\/uploads\/2023\/09\/11050.jpg\",\"contentUrl\":\"https:\/\/abaa.mx\/tienda\/wp-content\/uploads\/2023\/09\/11050.jpg\",\"width\":994,\"height\":479,\"caption\":\"Term\u00f3metro antimicrobiano flashcheck lollipop auto cal min\/max Modelo 11050\"},{\"@type\":\"BreadcrumbList\",\"@id\":\"https:\/\/abaa.mx\/tienda\/termometro-antimicrobiano-flashcheck-lollipop-auto-cal-min-max-modelo-11050\/#breadcrumb\",\"itemListElement\":[{\"@type\":\"ListItem\",\"position\":1,\"name\":\"Inicio\",\"item\":\"https:\/\/abaa.mx\/tienda\/\"},{\"@type\":\"ListItem\",\"position\":2,\"name\":\"Tienda\",\"item\":\"https:\/\/abaa.mx\/tienda\/\"},{\"@type\":\"ListItem\",\"position\":3,\"name\":\"Term\u00f3metro antimicrobiano flashcheck lollipop auto cal min-max Modelo 11050\"}]},{\"@type\":\"WebSite\",\"@id\":\"https:\/\/abaa.mx\/tienda\/#website\",\"url\":\"https:\/\/abaa.mx\/tienda\/\",\"name\":\"Abaa tienda online\",\"description\":\"Instrumentos de medici\u00f3n\",\"publisher\":{\"@id\":\"https:\/\/abaa.mx\/tienda\/#organization\"},\"potentialAction\":[{\"@type\":\"SearchAction\",\"target\":{\"@type\":\"EntryPoint\",\"urlTemplate\":\"https:\/\/abaa.mx\/tienda\/?s={search_term_string}\"},\"query-input\":{\"@type\":\"PropertyValueSpecification\",\"valueRequired\":true,\"valueName\":\"search_term_string\"}}],\"inLanguage\":\"es\"},{\"@type\":\"Organization\",\"@id\":\"https:\/\/abaa.mx\/tienda\/#organization\",\"name\":\"Abaa tienda online\",\"url\":\"https:\/\/abaa.mx\/tienda\/\",\"logo\":{\"@type\":\"ImageObject\",\"inLanguage\":\"es\",\"@id\":\"https:\/\/abaa.mx\/tienda\/#\/schema\/logo\/image\/\",\"url\":\"https:\/\/abaa.mx\/tienda\/wp-content\/uploads\/2024\/01\/abaa-metrologia-tienda.png\",\"contentUrl\":\"https:\/\/abaa.mx\/tienda\/wp-content\/uploads\/2024\/01\/abaa-metrologia-tienda.png\",\"width\":300,\"height\":141,\"caption\":\"Abaa tienda online\"},\"image\":{\"@id\":\"https:\/\/abaa.mx\/tienda\/#\/schema\/logo\/image\/\"}}]}<\/script>\n<!-- \/ Yoast SEO plugin. -->","yoast_head_json":{"title":"Term\u00f3metro antimicrobiano flashcheck lollipop auto cal min-max Modelo 11050 - Abaa tienda online","robots":{"index":"index","follow":"follow","max-snippet":"max-snippet:-1","max-image-preview":"max-image-preview:large","max-video-preview":"max-video-preview:-1"},"canonical":"https:\/\/abaa.mx\/tienda\/termometro-antimicrobiano-flashcheck-lollipop-auto-cal-min-max-modelo-11050\/","og_locale":"es_MX","og_type":"article","og_title":"Term\u00f3metro antimicrobiano flashcheck lollipop auto cal min-max Modelo 11050 - Abaa tienda online","og_description":"El aditivo antimicrobiano inhibe el crecimiento de bacterias, moho y hongos  Esta memoria almacena lecturas\u00a0Min\/Max  Funci\u00f3n de calibraci\u00f3n autom\u00e1tica  Cubierta impermeable IP65  Dise\u00f1o monobloque sellado  Sonda de peque\u00f1o di\u00e1metro ideal para medir la temperatura de alimentos de \"masa fina\" como las hamburguesas de carne y los filetes de pollo y pescado (C\u00f3digo alimentario de la FDA 4-302.12 (B))  Certificado por la NSF  \u00b0F\/\u00b0C seleccionable   Aplicaciones:\u00a0Establecimientos de Alimentos, Centros de Distribuci\u00f3n, Almacenamiento en Fr\u00edo, Instalaciones de Procesamiento","og_url":"https:\/\/abaa.mx\/tienda\/termometro-antimicrobiano-flashcheck-lollipop-auto-cal-min-max-modelo-11050\/","og_site_name":"Abaa tienda online","article_modified_time":"2024-01-04T16:13:56+00:00","og_image":[{"width":994,"height":479,"url":"https:\/\/abaa.mx\/tienda\/wp-content\/uploads\/2023\/09\/11050.jpg","type":"image\/jpeg"}],"twitter_card":"summary_large_image","twitter_misc":{"Tiempo de lectura":"2 minutos"},"schema":{"@context":"https:\/\/schema.org","@graph":[{"@type":"WebPage","@id":"https:\/\/abaa.mx\/tienda\/termometro-antimicrobiano-flashcheck-lollipop-auto-cal-min-max-modelo-11050\/","url":"https:\/\/abaa.mx\/tienda\/termometro-antimicrobiano-flashcheck-lollipop-auto-cal-min-max-modelo-11050\/","name":"Term\u00f3metro antimicrobiano flashcheck lollipop auto cal min-max Modelo 11050 - Abaa tienda online","isPartOf":{"@id":"https:\/\/abaa.mx\/tienda\/#website"},"primaryImageOfPage":{"@id":"https:\/\/abaa.mx\/tienda\/termometro-antimicrobiano-flashcheck-lollipop-auto-cal-min-max-modelo-11050\/#primaryimage"},"image":{"@id":"https:\/\/abaa.mx\/tienda\/termometro-antimicrobiano-flashcheck-lollipop-auto-cal-min-max-modelo-11050\/#primaryimage"},"thumbnailUrl":"https:\/\/abaa.mx\/tienda\/wp-content\/uploads\/2023\/09\/11050.jpg","datePublished":"2023-09-14T16:38:43+00:00","dateModified":"2024-01-04T16:13:56+00:00","breadcrumb":{"@id":"https:\/\/abaa.mx\/tienda\/termometro-antimicrobiano-flashcheck-lollipop-auto-cal-min-max-modelo-11050\/#breadcrumb"},"inLanguage":"es","potentialAction":[{"@type":"ReadAction","target":["https:\/\/abaa.mx\/tienda\/termometro-antimicrobiano-flashcheck-lollipop-auto-cal-min-max-modelo-11050\/"]}]},{"@type":"ImageObject","inLanguage":"es","@id":"https:\/\/abaa.mx\/tienda\/termometro-antimicrobiano-flashcheck-lollipop-auto-cal-min-max-modelo-11050\/#primaryimage","url":"https:\/\/abaa.mx\/tienda\/wp-content\/uploads\/2023\/09\/11050.jpg","contentUrl":"https:\/\/abaa.mx\/tienda\/wp-content\/uploads\/2023\/09\/11050.jpg","width":994,"height":479,"caption":"Term\u00f3metro antimicrobiano flashcheck lollipop auto cal min\/max Modelo 11050"},{"@type":"BreadcrumbList","@id":"https:\/\/abaa.mx\/tienda\/termometro-antimicrobiano-flashcheck-lollipop-auto-cal-min-max-modelo-11050\/#breadcrumb","itemListElement":[{"@type":"ListItem","position":1,"name":"Inicio","item":"https:\/\/abaa.mx\/tienda\/"},{"@type":"ListItem","position":2,"name":"Tienda","item":"https:\/\/abaa.mx\/tienda\/"},{"@type":"ListItem","position":3,"name":"Term\u00f3metro antimicrobiano flashcheck lollipop auto cal min-max Modelo 11050"}]},{"@type":"WebSite","@id":"https:\/\/abaa.mx\/tienda\/#website","url":"https:\/\/abaa.mx\/tienda\/","name":"Abaa tienda online","description":"Instrumentos de medici\u00f3n","publisher":{"@id":"https:\/\/abaa.mx\/tienda\/#organization"},"potentialAction":[{"@type":"SearchAction","target":{"@type":"EntryPoint","urlTemplate":"https:\/\/abaa.mx\/tienda\/?s={search_term_string}"},"query-input":{"@type":"PropertyValueSpecification","valueRequired":true,"valueName":"search_term_string"}}],"inLanguage":"es"},{"@type":"Organization","@id":"https:\/\/abaa.mx\/tienda\/#organization","name":"Abaa tienda online","url":"https:\/\/abaa.mx\/tienda\/","logo":{"@type":"ImageObject","inLanguage":"es","@id":"https:\/\/abaa.mx\/tienda\/#\/schema\/logo\/image\/","url":"https:\/\/abaa.mx\/tienda\/wp-content\/uploads\/2024\/01\/abaa-metrologia-tienda.png","contentUrl":"https:\/\/abaa.mx\/tienda\/wp-content\/uploads\/2024\/01\/abaa-metrologia-tienda.png","width":300,"height":141,"caption":"Abaa tienda online"},"image":{"@id":"https:\/\/abaa.mx\/tienda\/#\/schema\/logo\/image\/"}}]}},"_links":{"self":[{"href":"https:\/\/abaa.mx\/tienda\/wp-json\/wp\/v2\/product\/1506","targetHints":{"allow":["GET"]}}],"collection":[{"href":"https:\/\/abaa.mx\/tienda\/wp-json\/wp\/v2\/product"}],"about":[{"href":"https:\/\/abaa.mx\/tienda\/wp-json\/wp\/v2\/types\/product"}],"replies":[{"embeddable":true,"href":"https:\/\/abaa.mx\/tienda\/wp-json\/wp\/v2\/comments?post=1506"}],"wp:featuredmedia":[{"embeddable":true,"href":"https:\/\/abaa.mx\/tienda\/wp-json\/wp\/v2\/media\/1509"}],"wp:attachment":[{"href":"https:\/\/abaa.mx\/tienda\/wp-json\/wp\/v2\/media?parent=1506"}],"wp:term":[{"taxonomy":"product_brand","embeddable":true,"href":"https:\/\/abaa.mx\/tienda\/wp-json\/wp\/v2\/product_brand?post=1506"},{"taxonomy":"product_cat","embeddable":true,"href":"https:\/\/abaa.mx\/tienda\/wp-json\/wp\/v2\/product_cat?post=1506"},{"taxonomy":"product_tag","embeddable":true,"href":"https:\/\/abaa.mx\/tienda\/wp-json\/wp\/v2\/product_tag?post=1506"}],"curies":[{"name":"wp","href":"https:\/\/api.w.org\/{rel}","templated":true}]}}