{"id":1488,"date":"2023-09-14T16:12:04","date_gmt":"2023-09-14T16:12:04","guid":{"rendered":"https:\/\/abaa.mx\/tienda\/?post_type=product&#038;p=1488"},"modified":"2024-01-04T16:15:44","modified_gmt":"2024-01-04T16:15:44","slug":"termometro-flashcheck-lollipop-min-max-modelo-11040","status":"publish","type":"product","link":"https:\/\/abaa.mx\/tienda\/termometro-flashcheck-lollipop-min-max-modelo-11040\/","title":{"rendered":"Term\u00f3metro flashcheck lollipop min-max Modelo 11040"},"content":{"rendered":"<h3><strong>Modelo\u00a011040<\/strong><\/h3>\n<p>El modelo 11040 es ideal para medir temperatura de los alimentos durante el mantenimiento y la cocci\u00f3n. Cuenta con una memoria min\/max que registra continuamente las temperaturas m\u00e1s bajas y m\u00e1s altas, y se puede calibrar autom\u00e1ticamente en campo.<\/p>\n<ul>\n<li>Memoria M\u00edn.\/m\u00e1x.<\/li>\n<li>Escala intercambiable de \u00b0F\/\u00b0C<\/li>\n<li>Resistente al Agua IP65<\/li>\n<li>Sonda de punta reducida<\/li>\n<li>Funci\u00f3n de calibraci\u00f3n autom\u00e1tica<\/li>\n<li>Cumple con el C\u00f3digo Alimentario 4-203 de la FDA<\/li>\n<li><b>Aplicaciones:<\/b>\u00a0Establecimientos de Alimentos, Centros de Distribuci\u00f3n, Almacenamiento en Fr\u00edo, Instalaciones de Procesamiento<\/li>\n<li>Este term\u00f3metro impermeable de sonda con punta reducida se recomienda su uso como herramienta de seguridad alimentaria, y se puede utilizar en cualquier establecimiento donde los alimentos se preparan, cocinan, sirven y almacenan, as\u00ed como en los centros de distribuci\u00f3n, almacenamiento en fr\u00edo e instalaciones de procesamiento. Este producto cumple con el C\u00f3digo Alimentario 4-203 del Departamento de Salud P\u00fablica de los Estados Unidos y se puede utilizar para cumplir con los requisitos del HACCP. El modelo 11040 tambi\u00e9n se puede utilizar para aplicaciones comerciales e industriales, especialmente en ambientes de alta humedad o donde se necesidad de una memoria m\u00ednima\/m\u00e1xima.<\/li>\n<\/ul>\n<p>&nbsp;<\/p>\n<ul>\n<li>\n<table style=\"height: 811px;\" width=\"550\">\n<caption>11040 Term\u00f3metro m\u00ednimo \/ m\u00e1ximo impermeable Lollipop<\/caption>\n<thead>\n<tr>\n<th scope=\"col\">Caracter\u00edstica<\/th>\n<th scope=\"col\">Especificaci\u00f3n<\/th>\n<\/tr>\n<\/thead>\n<tfoot>\n<tr>\n<td colspan=\"2\"><\/td>\n<\/tr>\n<\/tfoot>\n<tbody>\n<tr>\n<td>Intervalo de medici\u00f3n<\/td>\n<td>-40\u00b0F a 311\u00b0F (-40\u00b0C a 155\u00b0C)<\/td>\n<\/tr>\n<tr>\n<td>Intervalo de Operaci\u00f3n<\/td>\n<td>De 32 \u00b0C a 122 \u00b0C (de 0 \u00b0F a 50 \u00b0F)<\/td>\n<\/tr>\n<tr>\n<td>Sensor<\/td>\n<td>Termistor<\/td>\n<\/tr>\n<tr>\n<td>Resoluci\u00f3n de la Pantalla<\/td>\n<td>0.1\u00b0F \/\u00b0C<\/td>\n<\/tr>\n<tr>\n<td>Actualizaci\u00f3n de la Pantalla de Lectura<\/td>\n<td>1 segundo<\/td>\n<\/tr>\n<tr>\n<td>Tama\u00f1o del Cristal de la Pantalla<\/td>\n<td>0.77 pulg. Ancho x 0.37 pulg. Alto (19.5 mm Ancho x 9.5 mm Alto)<\/td>\n<\/tr>\n<tr>\n<td>Calibraci\u00f3n<\/td>\n<td>Calibrado de F\u00e1brica por Normas de Trazabilidad NIST<\/td>\n<\/tr>\n<tr>\n<td>Bater\u00eda<\/td>\n<td>Bot\u00f3n Celda Alcalina<\/td>\n<\/tr>\n<tr>\n<td>Cubierta<\/td>\n<td>Pl\u00e1stico ABS<\/td>\n<\/tr>\n<tr>\n<td>Dimensiones de la Sonda<\/td>\n<td>4.13&#8243; L x 0.14&#8243; D\u00eda, Punta de 0.1&#8243; de Di\u00e1metro (105 mm L x 3.56 mm D\u00eda, Punta de 2.5 mm de Di\u00e1mentro)<\/td>\n<\/tr>\n<tr>\n<td>Peso<\/td>\n<td>1,25 g (35,4 onzas)<\/td>\n<\/tr>\n<tr>\n<td>Grado Impermeable<\/td>\n<td>IP65<\/td>\n<\/tr>\n<tr>\n<td>Certificaci\u00f3n<\/td>\n<td>CE, RoHS, trazable a NIST y certificado de cumplimiento del fabricante<\/td>\n<\/tr>\n<\/tbody>\n<\/table>\n<p>&nbsp;<\/li>\n<\/ul>\n","protected":false},"excerpt":{"rendered":"<p>El modelo 11040 es ideal para medir temperatura de los alimentos durante el mantenimiento y la cocci\u00f3n. Cuenta con una memoria min\/max que registra continuamente las temperaturas m\u00e1s bajas y m\u00e1s altas, y se puede calibrar autom\u00e1ticamente en campo.<\/p>\n<ul>\n<li>Memoria M\u00edn.\/m\u00e1x.<\/li>\n<li>Escala intercambiable de \u00b0F\/\u00b0C<\/li>\n<li>Resistente al Agua IP65<\/li>\n<li>Sonda de punta reducida<\/li>\n<li>Funci\u00f3n de calibraci\u00f3n autom\u00e1tica<\/li>\n<li>Cumple con el C\u00f3digo Alimentario 4-203 de la FDA<\/li>\n<\/ul>\n","protected":false},"featured_media":1578,"comment_status":"open","ping_status":"closed","template":"","meta":{"_joinchat":[]},"product_brand":[],"product_cat":[15],"product_tag":[],"class_list":{"0":"post-1488","1":"product","2":"type-product","3":"status-publish","4":"has-post-thumbnail","6":"product_cat-sin-categorizar","8":"first","9":"instock","10":"shipping-taxable","11":"product-type-simple"},"yoast_head":"<!-- This site is optimized with the Yoast SEO plugin v26.4 - https:\/\/yoast.com\/wordpress\/plugins\/seo\/ -->\n<title>Term\u00f3metro flashcheck lollipop min-max Modelo 11040 - Abaa tienda online<\/title>\n<meta name=\"robots\" content=\"index, follow, max-snippet:-1, max-image-preview:large, max-video-preview:-1\" \/>\n<link rel=\"canonical\" href=\"https:\/\/abaa.mx\/tienda\/termometro-flashcheck-lollipop-min-max-modelo-11040\/\" \/>\n<meta property=\"og:locale\" content=\"es_MX\" \/>\n<meta property=\"og:type\" content=\"article\" \/>\n<meta property=\"og:title\" content=\"Term\u00f3metro flashcheck lollipop min-max Modelo 11040 - Abaa tienda online\" \/>\n<meta property=\"og:description\" content=\"El modelo 11040 es ideal para medir temperatura de los alimentos durante el mantenimiento y la cocci\u00f3n. Cuenta con una memoria min\/max que registra continuamente las temperaturas m\u00e1s bajas y m\u00e1s altas, y se puede calibrar autom\u00e1ticamente en campo.   Memoria M\u00edn.\/m\u00e1x.  Escala intercambiable de \u00b0F\/\u00b0C  Resistente al Agua IP65  Sonda de punta reducida  Funci\u00f3n de calibraci\u00f3n autom\u00e1tica  Cumple con el C\u00f3digo Alimentario 4-203 de la FDA\" \/>\n<meta property=\"og:url\" content=\"https:\/\/abaa.mx\/tienda\/termometro-flashcheck-lollipop-min-max-modelo-11040\/\" \/>\n<meta property=\"og:site_name\" content=\"Abaa tienda online\" \/>\n<meta property=\"article:modified_time\" content=\"2024-01-04T16:15:44+00:00\" \/>\n<meta property=\"og:image\" content=\"https:\/\/abaa.mx\/tienda\/wp-content\/uploads\/2023\/09\/11040.jpg\" \/>\n\t<meta property=\"og:image:width\" content=\"600\" \/>\n\t<meta property=\"og:image:height\" content=\"216\" \/>\n\t<meta property=\"og:image:type\" content=\"image\/jpeg\" \/>\n<meta name=\"twitter:card\" content=\"summary_large_image\" \/>\n<meta name=\"twitter:label1\" content=\"Tiempo de lectura\" \/>\n\t<meta name=\"twitter:data1\" content=\"2 minutos\" \/>\n<script type=\"application\/ld+json\" class=\"yoast-schema-graph\">{\"@context\":\"https:\/\/schema.org\",\"@graph\":[{\"@type\":\"WebPage\",\"@id\":\"https:\/\/abaa.mx\/tienda\/termometro-flashcheck-lollipop-min-max-modelo-11040\/\",\"url\":\"https:\/\/abaa.mx\/tienda\/termometro-flashcheck-lollipop-min-max-modelo-11040\/\",\"name\":\"Term\u00f3metro flashcheck lollipop min-max Modelo 11040 - Abaa tienda online\",\"isPartOf\":{\"@id\":\"https:\/\/abaa.mx\/tienda\/#website\"},\"primaryImageOfPage\":{\"@id\":\"https:\/\/abaa.mx\/tienda\/termometro-flashcheck-lollipop-min-max-modelo-11040\/#primaryimage\"},\"image\":{\"@id\":\"https:\/\/abaa.mx\/tienda\/termometro-flashcheck-lollipop-min-max-modelo-11040\/#primaryimage\"},\"thumbnailUrl\":\"https:\/\/abaa.mx\/tienda\/wp-content\/uploads\/2023\/09\/11040.jpg\",\"datePublished\":\"2023-09-14T16:12:04+00:00\",\"dateModified\":\"2024-01-04T16:15:44+00:00\",\"breadcrumb\":{\"@id\":\"https:\/\/abaa.mx\/tienda\/termometro-flashcheck-lollipop-min-max-modelo-11040\/#breadcrumb\"},\"inLanguage\":\"es\",\"potentialAction\":[{\"@type\":\"ReadAction\",\"target\":[\"https:\/\/abaa.mx\/tienda\/termometro-flashcheck-lollipop-min-max-modelo-11040\/\"]}]},{\"@type\":\"ImageObject\",\"inLanguage\":\"es\",\"@id\":\"https:\/\/abaa.mx\/tienda\/termometro-flashcheck-lollipop-min-max-modelo-11040\/#primaryimage\",\"url\":\"https:\/\/abaa.mx\/tienda\/wp-content\/uploads\/2023\/09\/11040.jpg\",\"contentUrl\":\"https:\/\/abaa.mx\/tienda\/wp-content\/uploads\/2023\/09\/11040.jpg\",\"width\":600,\"height\":216,\"caption\":\"termometro-flashcheck-lollipop-min-max-modelo-11040\"},{\"@type\":\"BreadcrumbList\",\"@id\":\"https:\/\/abaa.mx\/tienda\/termometro-flashcheck-lollipop-min-max-modelo-11040\/#breadcrumb\",\"itemListElement\":[{\"@type\":\"ListItem\",\"position\":1,\"name\":\"Inicio\",\"item\":\"https:\/\/abaa.mx\/tienda\/\"},{\"@type\":\"ListItem\",\"position\":2,\"name\":\"Tienda\",\"item\":\"https:\/\/abaa.mx\/tienda\/\"},{\"@type\":\"ListItem\",\"position\":3,\"name\":\"Term\u00f3metro flashcheck lollipop min-max Modelo 11040\"}]},{\"@type\":\"WebSite\",\"@id\":\"https:\/\/abaa.mx\/tienda\/#website\",\"url\":\"https:\/\/abaa.mx\/tienda\/\",\"name\":\"Abaa tienda online\",\"description\":\"Instrumentos de medici\u00f3n\",\"publisher\":{\"@id\":\"https:\/\/abaa.mx\/tienda\/#organization\"},\"potentialAction\":[{\"@type\":\"SearchAction\",\"target\":{\"@type\":\"EntryPoint\",\"urlTemplate\":\"https:\/\/abaa.mx\/tienda\/?s={search_term_string}\"},\"query-input\":{\"@type\":\"PropertyValueSpecification\",\"valueRequired\":true,\"valueName\":\"search_term_string\"}}],\"inLanguage\":\"es\"},{\"@type\":\"Organization\",\"@id\":\"https:\/\/abaa.mx\/tienda\/#organization\",\"name\":\"Abaa tienda online\",\"url\":\"https:\/\/abaa.mx\/tienda\/\",\"logo\":{\"@type\":\"ImageObject\",\"inLanguage\":\"es\",\"@id\":\"https:\/\/abaa.mx\/tienda\/#\/schema\/logo\/image\/\",\"url\":\"https:\/\/abaa.mx\/tienda\/wp-content\/uploads\/2024\/01\/abaa-metrologia-tienda.png\",\"contentUrl\":\"https:\/\/abaa.mx\/tienda\/wp-content\/uploads\/2024\/01\/abaa-metrologia-tienda.png\",\"width\":300,\"height\":141,\"caption\":\"Abaa tienda online\"},\"image\":{\"@id\":\"https:\/\/abaa.mx\/tienda\/#\/schema\/logo\/image\/\"}}]}<\/script>\n<!-- \/ Yoast SEO plugin. -->","yoast_head_json":{"title":"Term\u00f3metro flashcheck lollipop min-max Modelo 11040 - Abaa tienda online","robots":{"index":"index","follow":"follow","max-snippet":"max-snippet:-1","max-image-preview":"max-image-preview:large","max-video-preview":"max-video-preview:-1"},"canonical":"https:\/\/abaa.mx\/tienda\/termometro-flashcheck-lollipop-min-max-modelo-11040\/","og_locale":"es_MX","og_type":"article","og_title":"Term\u00f3metro flashcheck lollipop min-max Modelo 11040 - Abaa tienda online","og_description":"El modelo 11040 es ideal para medir temperatura de los alimentos durante el mantenimiento y la cocci\u00f3n. Cuenta con una memoria min\/max que registra continuamente las temperaturas m\u00e1s bajas y m\u00e1s altas, y se puede calibrar autom\u00e1ticamente en campo.   Memoria M\u00edn.\/m\u00e1x.  Escala intercambiable de \u00b0F\/\u00b0C  Resistente al Agua IP65  Sonda de punta reducida  Funci\u00f3n de calibraci\u00f3n autom\u00e1tica  Cumple con el C\u00f3digo Alimentario 4-203 de la FDA","og_url":"https:\/\/abaa.mx\/tienda\/termometro-flashcheck-lollipop-min-max-modelo-11040\/","og_site_name":"Abaa tienda online","article_modified_time":"2024-01-04T16:15:44+00:00","og_image":[{"width":600,"height":216,"url":"https:\/\/abaa.mx\/tienda\/wp-content\/uploads\/2023\/09\/11040.jpg","type":"image\/jpeg"}],"twitter_card":"summary_large_image","twitter_misc":{"Tiempo de lectura":"2 minutos"},"schema":{"@context":"https:\/\/schema.org","@graph":[{"@type":"WebPage","@id":"https:\/\/abaa.mx\/tienda\/termometro-flashcheck-lollipop-min-max-modelo-11040\/","url":"https:\/\/abaa.mx\/tienda\/termometro-flashcheck-lollipop-min-max-modelo-11040\/","name":"Term\u00f3metro flashcheck lollipop min-max Modelo 11040 - Abaa tienda online","isPartOf":{"@id":"https:\/\/abaa.mx\/tienda\/#website"},"primaryImageOfPage":{"@id":"https:\/\/abaa.mx\/tienda\/termometro-flashcheck-lollipop-min-max-modelo-11040\/#primaryimage"},"image":{"@id":"https:\/\/abaa.mx\/tienda\/termometro-flashcheck-lollipop-min-max-modelo-11040\/#primaryimage"},"thumbnailUrl":"https:\/\/abaa.mx\/tienda\/wp-content\/uploads\/2023\/09\/11040.jpg","datePublished":"2023-09-14T16:12:04+00:00","dateModified":"2024-01-04T16:15:44+00:00","breadcrumb":{"@id":"https:\/\/abaa.mx\/tienda\/termometro-flashcheck-lollipop-min-max-modelo-11040\/#breadcrumb"},"inLanguage":"es","potentialAction":[{"@type":"ReadAction","target":["https:\/\/abaa.mx\/tienda\/termometro-flashcheck-lollipop-min-max-modelo-11040\/"]}]},{"@type":"ImageObject","inLanguage":"es","@id":"https:\/\/abaa.mx\/tienda\/termometro-flashcheck-lollipop-min-max-modelo-11040\/#primaryimage","url":"https:\/\/abaa.mx\/tienda\/wp-content\/uploads\/2023\/09\/11040.jpg","contentUrl":"https:\/\/abaa.mx\/tienda\/wp-content\/uploads\/2023\/09\/11040.jpg","width":600,"height":216,"caption":"termometro-flashcheck-lollipop-min-max-modelo-11040"},{"@type":"BreadcrumbList","@id":"https:\/\/abaa.mx\/tienda\/termometro-flashcheck-lollipop-min-max-modelo-11040\/#breadcrumb","itemListElement":[{"@type":"ListItem","position":1,"name":"Inicio","item":"https:\/\/abaa.mx\/tienda\/"},{"@type":"ListItem","position":2,"name":"Tienda","item":"https:\/\/abaa.mx\/tienda\/"},{"@type":"ListItem","position":3,"name":"Term\u00f3metro flashcheck lollipop min-max Modelo 11040"}]},{"@type":"WebSite","@id":"https:\/\/abaa.mx\/tienda\/#website","url":"https:\/\/abaa.mx\/tienda\/","name":"Abaa tienda online","description":"Instrumentos de medici\u00f3n","publisher":{"@id":"https:\/\/abaa.mx\/tienda\/#organization"},"potentialAction":[{"@type":"SearchAction","target":{"@type":"EntryPoint","urlTemplate":"https:\/\/abaa.mx\/tienda\/?s={search_term_string}"},"query-input":{"@type":"PropertyValueSpecification","valueRequired":true,"valueName":"search_term_string"}}],"inLanguage":"es"},{"@type":"Organization","@id":"https:\/\/abaa.mx\/tienda\/#organization","name":"Abaa tienda online","url":"https:\/\/abaa.mx\/tienda\/","logo":{"@type":"ImageObject","inLanguage":"es","@id":"https:\/\/abaa.mx\/tienda\/#\/schema\/logo\/image\/","url":"https:\/\/abaa.mx\/tienda\/wp-content\/uploads\/2024\/01\/abaa-metrologia-tienda.png","contentUrl":"https:\/\/abaa.mx\/tienda\/wp-content\/uploads\/2024\/01\/abaa-metrologia-tienda.png","width":300,"height":141,"caption":"Abaa tienda online"},"image":{"@id":"https:\/\/abaa.mx\/tienda\/#\/schema\/logo\/image\/"}}]}},"_links":{"self":[{"href":"https:\/\/abaa.mx\/tienda\/wp-json\/wp\/v2\/product\/1488","targetHints":{"allow":["GET"]}}],"collection":[{"href":"https:\/\/abaa.mx\/tienda\/wp-json\/wp\/v2\/product"}],"about":[{"href":"https:\/\/abaa.mx\/tienda\/wp-json\/wp\/v2\/types\/product"}],"replies":[{"embeddable":true,"href":"https:\/\/abaa.mx\/tienda\/wp-json\/wp\/v2\/comments?post=1488"}],"wp:featuredmedia":[{"embeddable":true,"href":"https:\/\/abaa.mx\/tienda\/wp-json\/wp\/v2\/media\/1578"}],"wp:attachment":[{"href":"https:\/\/abaa.mx\/tienda\/wp-json\/wp\/v2\/media?parent=1488"}],"wp:term":[{"taxonomy":"product_brand","embeddable":true,"href":"https:\/\/abaa.mx\/tienda\/wp-json\/wp\/v2\/product_brand?post=1488"},{"taxonomy":"product_cat","embeddable":true,"href":"https:\/\/abaa.mx\/tienda\/wp-json\/wp\/v2\/product_cat?post=1488"},{"taxonomy":"product_tag","embeddable":true,"href":"https:\/\/abaa.mx\/tienda\/wp-json\/wp\/v2\/product_tag?post=1488"}],"curies":[{"name":"wp","href":"https:\/\/api.w.org\/{rel}","templated":true}]}}