{"id":1480,"date":"2023-09-14T15:54:18","date_gmt":"2023-09-14T15:54:18","guid":{"rendered":"https:\/\/abaa.mx\/tienda\/?post_type=product&#038;p=1480"},"modified":"2024-01-04T16:16:54","modified_gmt":"2024-01-04T16:16:54","slug":"flashcheck-lollipop-impermeable-min-max-termometro-digital-w-105mm-sonda-modelo-11036","status":"publish","type":"product","link":"https:\/\/abaa.mx\/tienda\/flashcheck-lollipop-impermeable-min-max-termometro-digital-w-105mm-sonda-modelo-11036\/","title":{"rendered":"Flashcheck lollipop impermeable min-max term\u00f3metro digital w -105mm sonda Modelo 11036"},"content":{"rendered":"<h3><strong>Modelo\u00a011036<\/strong><\/h3>\n<div class=\"prod-intro\">\n<p>El modelo 11036 es ideal para medir la temperatura de los alimentos durante la cocci\u00f3n, la conservaci\u00f3n y el almacenamiento. Cuenta con una memoria m\u00ednima \/ m\u00e1xima que registra continuamente las temperaturas m\u00e1s bajas y m\u00e1s altas.<\/p>\n<ul>\n<li>\u00b0F\/\u00b0C seleccionable<\/li>\n<li>La memoria m\u00ednima\/m\u00e1xima almacena las lecturas m\u00e1s bajas\/m\u00e1s altas hasta que se restablezca<\/li>\n<li>Puede ser calibrado en campo<\/li>\n<li>Tapa de la sonda con clip de bolsillo en la parte posterior<\/li>\n<li>Carcasa resistente al agua, clasificaci\u00f3n IP67<\/li>\n<\/ul>\n<\/div>\n<div class=\"prod-app\"><b>Aplicaciones:<\/b> Establecimientos de alimentos, Centros de Distribuci\u00f3n, Almacenamiento en Fr\u00edo, Instalaciones de Procesamiento.<\/div>\n<div><\/div>\n<div>Este term\u00f3metro resistente al agua cuenta con una memoria m\u00ednima\/m\u00e1xima que almacenar\u00e1 las lecturas m\u00e1s bajas y m\u00e1s altas hasta que se reinicie la unidad. Tiene una sonda de punta afilada para tomar temperaturas internas, y se recomienda como una herramienta de seguridad alimentaria y garant\u00eda de calidad para cualquier establecimiento donde se preparan, cocinan, sirven y almacenan alimentos. Tambi\u00e9n es ideal para verificar la temperatura de los productos en los muelles de env\u00edo y recepci\u00f3n en centros de distribuci\u00f3n, almacenamiento en fr\u00edo e instalaciones de procesamiento. Este term\u00f3metro cumple con el C\u00f3digo de Alimentos de los Servicios de Salud P\u00fablica de EE. UU. 4-203 y ayuda a los usuarios a cumplir con los requisitos de HACCP. El modelo 11036 tambi\u00e9n es para aplicaciones comerciales e industriales, especialmente en entornos de alta humedad y donde se necesita memoria m\u00ednima\/m\u00e1xima.<\/div>\n<div>\n<div class=\"prod-top\">\n<div class=\"prod-right\"><\/div>\n<\/div>\n<div class=\"prod-bottom\">\n<div><\/div>\n<div>\n<table>\n<caption>11036 FlashCheck Lollipop Term\u00f3metro digital impermeable Min \/ Max w \/ 105mm Sonda<\/caption>\n<thead>\n<tr>\n<th scope=\"col\">Caracter\u00edstica<\/th>\n<th scope=\"col\">Especificaci\u00f3n<\/th>\n<\/tr>\n<\/thead>\n<tfoot>\n<tr>\n<td colspan=\"2\">DeltaTrak fabrica productos bajo un sistema de calidad registrado ISO 9001:2015<\/td>\n<\/tr>\n<\/tfoot>\n<tbody>\n<tr>\n<td>Rango de medici\u00f3n<\/td>\n<td>-58\u00b0F a 392\u00b0F (-50\u00b0C a 200\u00b0C)<\/td>\n<\/tr>\n<tr>\n<td>Exactitud<\/td>\n<td>\u00b11\u00b0F entre -4\u00b0F a 302\u00b0F;\u00a0de lo contrario \u00b11.8\u00b0F \u00b10.5\u00b0C entre -20\u00b0C a 150\u00b0C;\u00a0de lo contrario \u00b11\u00b0C<\/td>\n<\/tr>\n<tr>\n<td>Resoluci\u00f3n de pantalla<\/td>\n<td>0.1\u00b0 entre -20\u00b0 a 200\u00b0 (\u00b0C o \u00b0F)\u00a0de lo contrario 1\u00b0<\/td>\n<\/tr>\n<tr>\n<td>Actualizaci\u00f3n de lectura de pantalla<\/td>\n<td>1 segundo<\/td>\n<\/tr>\n<tr>\n<td>Tama\u00f1o de la ventana de visualizaci\u00f3n<\/td>\n<td>0.77 pulgadas de ancho x 0.37 pulgadas de alto (19.5 mm de ancho x 9.5 mm de alto)<\/td>\n<\/tr>\n<tr>\n<td>Calibraci\u00f3n<\/td>\n<td>N.I.S.T. rastreable por lote. Resistencia de calibraci\u00f3n ajustable debajo del tornillo en la parte posterior<\/td>\n<\/tr>\n<tr>\n<td>Bater\u00eda<\/td>\n<td>Bot\u00f3n LR44 de 1.5 V de tama\u00f1o alcalino o equivalente<\/td>\n<\/tr>\n<tr>\n<td>Duraci\u00f3n de la bater\u00eda<\/td>\n<td>Aproximadamente 5,000 horas en operaci\u00f3n continua<\/td>\n<\/tr>\n<tr>\n<td>Tama\u00f1o de la sonda<\/td>\n<td>0.14pulg. Dia. x 4.13pulg. L 3.5mm Dia. x 105mm L<\/td>\n<\/tr>\n<tr>\n<td>Tama\u00f1o del producto<\/td>\n<td>1.75pulg. W x .77pulg. D x 6.38pulg. L (44.5mm W x 19.5mm D x 162mm L) (Incluye tapa de sonda)<\/td>\n<\/tr>\n<tr>\n<td>Carcasa del cuerpo<\/td>\n<td>Policarbonato y pl\u00e1stico ABS<\/td>\n<\/tr>\n<tr>\n<td>Certificaci\u00f3n<\/td>\n<td>Marca CE, Trazable a NIST, RoHS<\/td>\n<\/tr>\n<\/tbody>\n<\/table>\n<\/div>\n<\/div>\n<\/div>\n","protected":false},"excerpt":{"rendered":"<p>El modelo 11036 es ideal para medir la temperatura de los alimentos durante la cocci\u00f3n, la conservaci\u00f3n y el almacenamiento. Cuenta con una memoria m\u00ednima \/ m\u00e1xima que registra continuamente las temperaturas m\u00e1s bajas y m\u00e1s altas.<\/p>\n<div class=\"prod-intro\">\n<ul>\n<li>\u00b0F\/\u00b0C seleccionable<\/li>\n<li>La memoria m\u00ednima\/m\u00e1xima almacena las lecturas m\u00e1s bajas\/m\u00e1s altas hasta que se restablezca<\/li>\n<li>Puede ser calibrado en campo<\/li>\n<li>Tapa de la sonda con clip de bolsillo en la parte posterior<\/li>\n<li>Carcasa resistente al agua, clasificaci\u00f3n IP67<\/li>\n<\/ul>\n<\/div>\n","protected":false},"featured_media":1486,"comment_status":"open","ping_status":"closed","template":"","meta":{"_joinchat":[]},"product_brand":[],"product_cat":[15],"product_tag":[],"class_list":{"0":"post-1480","1":"product","2":"type-product","3":"status-publish","4":"has-post-thumbnail","6":"product_cat-sin-categorizar","8":"first","9":"instock","10":"shipping-taxable","11":"product-type-simple"},"yoast_head":"<!-- This site is optimized with the Yoast SEO plugin v26.4 - https:\/\/yoast.com\/wordpress\/plugins\/seo\/ -->\n<title>Flashcheck lollipop impermeable min-max term\u00f3metro digital w -105mm sonda Modelo 11036 - Abaa tienda online<\/title>\n<meta name=\"robots\" content=\"index, follow, max-snippet:-1, max-image-preview:large, max-video-preview:-1\" \/>\n<link rel=\"canonical\" href=\"https:\/\/abaa.mx\/tienda\/flashcheck-lollipop-impermeable-min-max-termometro-digital-w-105mm-sonda-modelo-11036\/\" \/>\n<meta property=\"og:locale\" content=\"es_MX\" \/>\n<meta property=\"og:type\" content=\"article\" \/>\n<meta property=\"og:title\" content=\"Flashcheck lollipop impermeable min-max term\u00f3metro digital w -105mm sonda Modelo 11036 - Abaa tienda online\" \/>\n<meta property=\"og:description\" content=\"El modelo 11036 es ideal para medir la temperatura de los alimentos durante la cocci\u00f3n, la conservaci\u00f3n y el almacenamiento. Cuenta con una memoria m\u00ednima \/ m\u00e1xima que registra continuamente las temperaturas m\u00e1s bajas y m\u00e1s altas.    \u00b0F\/\u00b0C seleccionable  La memoria m\u00ednima\/m\u00e1xima almacena las lecturas m\u00e1s bajas\/m\u00e1s altas hasta que se restablezca  Puede ser calibrado en campo  Tapa de la sonda con clip de bolsillo en la parte posterior  Carcasa resistente al agua, clasificaci\u00f3n IP67\" \/>\n<meta property=\"og:url\" content=\"https:\/\/abaa.mx\/tienda\/flashcheck-lollipop-impermeable-min-max-termometro-digital-w-105mm-sonda-modelo-11036\/\" \/>\n<meta property=\"og:site_name\" content=\"Abaa tienda online\" \/>\n<meta property=\"article:modified_time\" content=\"2024-01-04T16:16:54+00:00\" \/>\n<meta property=\"og:image\" content=\"https:\/\/abaa.mx\/tienda\/wp-content\/uploads\/2023\/09\/11036.jpg\" \/>\n\t<meta property=\"og:image:width\" content=\"644\" \/>\n\t<meta property=\"og:image:height\" content=\"279\" \/>\n\t<meta property=\"og:image:type\" content=\"image\/jpeg\" \/>\n<meta name=\"twitter:card\" content=\"summary_large_image\" \/>\n<meta name=\"twitter:label1\" content=\"Tiempo de lectura\" \/>\n\t<meta name=\"twitter:data1\" content=\"2 minutos\" \/>\n<script type=\"application\/ld+json\" class=\"yoast-schema-graph\">{\"@context\":\"https:\/\/schema.org\",\"@graph\":[{\"@type\":\"WebPage\",\"@id\":\"https:\/\/abaa.mx\/tienda\/flashcheck-lollipop-impermeable-min-max-termometro-digital-w-105mm-sonda-modelo-11036\/\",\"url\":\"https:\/\/abaa.mx\/tienda\/flashcheck-lollipop-impermeable-min-max-termometro-digital-w-105mm-sonda-modelo-11036\/\",\"name\":\"Flashcheck lollipop impermeable min-max term\u00f3metro digital w -105mm sonda Modelo 11036 - Abaa tienda online\",\"isPartOf\":{\"@id\":\"https:\/\/abaa.mx\/tienda\/#website\"},\"primaryImageOfPage\":{\"@id\":\"https:\/\/abaa.mx\/tienda\/flashcheck-lollipop-impermeable-min-max-termometro-digital-w-105mm-sonda-modelo-11036\/#primaryimage\"},\"image\":{\"@id\":\"https:\/\/abaa.mx\/tienda\/flashcheck-lollipop-impermeable-min-max-termometro-digital-w-105mm-sonda-modelo-11036\/#primaryimage\"},\"thumbnailUrl\":\"https:\/\/abaa.mx\/tienda\/wp-content\/uploads\/2023\/09\/11036.jpg\",\"datePublished\":\"2023-09-14T15:54:18+00:00\",\"dateModified\":\"2024-01-04T16:16:54+00:00\",\"breadcrumb\":{\"@id\":\"https:\/\/abaa.mx\/tienda\/flashcheck-lollipop-impermeable-min-max-termometro-digital-w-105mm-sonda-modelo-11036\/#breadcrumb\"},\"inLanguage\":\"es\",\"potentialAction\":[{\"@type\":\"ReadAction\",\"target\":[\"https:\/\/abaa.mx\/tienda\/flashcheck-lollipop-impermeable-min-max-termometro-digital-w-105mm-sonda-modelo-11036\/\"]}]},{\"@type\":\"ImageObject\",\"inLanguage\":\"es\",\"@id\":\"https:\/\/abaa.mx\/tienda\/flashcheck-lollipop-impermeable-min-max-termometro-digital-w-105mm-sonda-modelo-11036\/#primaryimage\",\"url\":\"https:\/\/abaa.mx\/tienda\/wp-content\/uploads\/2023\/09\/11036.jpg\",\"contentUrl\":\"https:\/\/abaa.mx\/tienda\/wp-content\/uploads\/2023\/09\/11036.jpg\",\"width\":644,\"height\":279,\"caption\":\"flashcheck-lollipop-impermeable-min-max-termometro-digital-w-105mm-sonda-modelo-11036\"},{\"@type\":\"BreadcrumbList\",\"@id\":\"https:\/\/abaa.mx\/tienda\/flashcheck-lollipop-impermeable-min-max-termometro-digital-w-105mm-sonda-modelo-11036\/#breadcrumb\",\"itemListElement\":[{\"@type\":\"ListItem\",\"position\":1,\"name\":\"Inicio\",\"item\":\"https:\/\/abaa.mx\/tienda\/\"},{\"@type\":\"ListItem\",\"position\":2,\"name\":\"Tienda\",\"item\":\"https:\/\/abaa.mx\/tienda\/\"},{\"@type\":\"ListItem\",\"position\":3,\"name\":\"Flashcheck lollipop impermeable min-max term\u00f3metro digital w -105mm sonda Modelo 11036\"}]},{\"@type\":\"WebSite\",\"@id\":\"https:\/\/abaa.mx\/tienda\/#website\",\"url\":\"https:\/\/abaa.mx\/tienda\/\",\"name\":\"Abaa tienda online\",\"description\":\"Instrumentos de medici\u00f3n\",\"publisher\":{\"@id\":\"https:\/\/abaa.mx\/tienda\/#organization\"},\"potentialAction\":[{\"@type\":\"SearchAction\",\"target\":{\"@type\":\"EntryPoint\",\"urlTemplate\":\"https:\/\/abaa.mx\/tienda\/?s={search_term_string}\"},\"query-input\":{\"@type\":\"PropertyValueSpecification\",\"valueRequired\":true,\"valueName\":\"search_term_string\"}}],\"inLanguage\":\"es\"},{\"@type\":\"Organization\",\"@id\":\"https:\/\/abaa.mx\/tienda\/#organization\",\"name\":\"Abaa tienda online\",\"url\":\"https:\/\/abaa.mx\/tienda\/\",\"logo\":{\"@type\":\"ImageObject\",\"inLanguage\":\"es\",\"@id\":\"https:\/\/abaa.mx\/tienda\/#\/schema\/logo\/image\/\",\"url\":\"https:\/\/abaa.mx\/tienda\/wp-content\/uploads\/2024\/01\/abaa-metrologia-tienda.png\",\"contentUrl\":\"https:\/\/abaa.mx\/tienda\/wp-content\/uploads\/2024\/01\/abaa-metrologia-tienda.png\",\"width\":300,\"height\":141,\"caption\":\"Abaa tienda online\"},\"image\":{\"@id\":\"https:\/\/abaa.mx\/tienda\/#\/schema\/logo\/image\/\"}}]}<\/script>\n<!-- \/ Yoast SEO plugin. -->","yoast_head_json":{"title":"Flashcheck lollipop impermeable min-max term\u00f3metro digital w -105mm sonda Modelo 11036 - Abaa tienda online","robots":{"index":"index","follow":"follow","max-snippet":"max-snippet:-1","max-image-preview":"max-image-preview:large","max-video-preview":"max-video-preview:-1"},"canonical":"https:\/\/abaa.mx\/tienda\/flashcheck-lollipop-impermeable-min-max-termometro-digital-w-105mm-sonda-modelo-11036\/","og_locale":"es_MX","og_type":"article","og_title":"Flashcheck lollipop impermeable min-max term\u00f3metro digital w -105mm sonda Modelo 11036 - Abaa tienda online","og_description":"El modelo 11036 es ideal para medir la temperatura de los alimentos durante la cocci\u00f3n, la conservaci\u00f3n y el almacenamiento. Cuenta con una memoria m\u00ednima \/ m\u00e1xima que registra continuamente las temperaturas m\u00e1s bajas y m\u00e1s altas.    \u00b0F\/\u00b0C seleccionable  La memoria m\u00ednima\/m\u00e1xima almacena las lecturas m\u00e1s bajas\/m\u00e1s altas hasta que se restablezca  Puede ser calibrado en campo  Tapa de la sonda con clip de bolsillo en la parte posterior  Carcasa resistente al agua, clasificaci\u00f3n IP67","og_url":"https:\/\/abaa.mx\/tienda\/flashcheck-lollipop-impermeable-min-max-termometro-digital-w-105mm-sonda-modelo-11036\/","og_site_name":"Abaa tienda online","article_modified_time":"2024-01-04T16:16:54+00:00","og_image":[{"width":644,"height":279,"url":"https:\/\/abaa.mx\/tienda\/wp-content\/uploads\/2023\/09\/11036.jpg","type":"image\/jpeg"}],"twitter_card":"summary_large_image","twitter_misc":{"Tiempo de lectura":"2 minutos"},"schema":{"@context":"https:\/\/schema.org","@graph":[{"@type":"WebPage","@id":"https:\/\/abaa.mx\/tienda\/flashcheck-lollipop-impermeable-min-max-termometro-digital-w-105mm-sonda-modelo-11036\/","url":"https:\/\/abaa.mx\/tienda\/flashcheck-lollipop-impermeable-min-max-termometro-digital-w-105mm-sonda-modelo-11036\/","name":"Flashcheck lollipop impermeable min-max term\u00f3metro digital w -105mm sonda Modelo 11036 - Abaa tienda online","isPartOf":{"@id":"https:\/\/abaa.mx\/tienda\/#website"},"primaryImageOfPage":{"@id":"https:\/\/abaa.mx\/tienda\/flashcheck-lollipop-impermeable-min-max-termometro-digital-w-105mm-sonda-modelo-11036\/#primaryimage"},"image":{"@id":"https:\/\/abaa.mx\/tienda\/flashcheck-lollipop-impermeable-min-max-termometro-digital-w-105mm-sonda-modelo-11036\/#primaryimage"},"thumbnailUrl":"https:\/\/abaa.mx\/tienda\/wp-content\/uploads\/2023\/09\/11036.jpg","datePublished":"2023-09-14T15:54:18+00:00","dateModified":"2024-01-04T16:16:54+00:00","breadcrumb":{"@id":"https:\/\/abaa.mx\/tienda\/flashcheck-lollipop-impermeable-min-max-termometro-digital-w-105mm-sonda-modelo-11036\/#breadcrumb"},"inLanguage":"es","potentialAction":[{"@type":"ReadAction","target":["https:\/\/abaa.mx\/tienda\/flashcheck-lollipop-impermeable-min-max-termometro-digital-w-105mm-sonda-modelo-11036\/"]}]},{"@type":"ImageObject","inLanguage":"es","@id":"https:\/\/abaa.mx\/tienda\/flashcheck-lollipop-impermeable-min-max-termometro-digital-w-105mm-sonda-modelo-11036\/#primaryimage","url":"https:\/\/abaa.mx\/tienda\/wp-content\/uploads\/2023\/09\/11036.jpg","contentUrl":"https:\/\/abaa.mx\/tienda\/wp-content\/uploads\/2023\/09\/11036.jpg","width":644,"height":279,"caption":"flashcheck-lollipop-impermeable-min-max-termometro-digital-w-105mm-sonda-modelo-11036"},{"@type":"BreadcrumbList","@id":"https:\/\/abaa.mx\/tienda\/flashcheck-lollipop-impermeable-min-max-termometro-digital-w-105mm-sonda-modelo-11036\/#breadcrumb","itemListElement":[{"@type":"ListItem","position":1,"name":"Inicio","item":"https:\/\/abaa.mx\/tienda\/"},{"@type":"ListItem","position":2,"name":"Tienda","item":"https:\/\/abaa.mx\/tienda\/"},{"@type":"ListItem","position":3,"name":"Flashcheck lollipop impermeable min-max term\u00f3metro digital w -105mm sonda Modelo 11036"}]},{"@type":"WebSite","@id":"https:\/\/abaa.mx\/tienda\/#website","url":"https:\/\/abaa.mx\/tienda\/","name":"Abaa tienda online","description":"Instrumentos de medici\u00f3n","publisher":{"@id":"https:\/\/abaa.mx\/tienda\/#organization"},"potentialAction":[{"@type":"SearchAction","target":{"@type":"EntryPoint","urlTemplate":"https:\/\/abaa.mx\/tienda\/?s={search_term_string}"},"query-input":{"@type":"PropertyValueSpecification","valueRequired":true,"valueName":"search_term_string"}}],"inLanguage":"es"},{"@type":"Organization","@id":"https:\/\/abaa.mx\/tienda\/#organization","name":"Abaa tienda online","url":"https:\/\/abaa.mx\/tienda\/","logo":{"@type":"ImageObject","inLanguage":"es","@id":"https:\/\/abaa.mx\/tienda\/#\/schema\/logo\/image\/","url":"https:\/\/abaa.mx\/tienda\/wp-content\/uploads\/2024\/01\/abaa-metrologia-tienda.png","contentUrl":"https:\/\/abaa.mx\/tienda\/wp-content\/uploads\/2024\/01\/abaa-metrologia-tienda.png","width":300,"height":141,"caption":"Abaa tienda online"},"image":{"@id":"https:\/\/abaa.mx\/tienda\/#\/schema\/logo\/image\/"}}]}},"_links":{"self":[{"href":"https:\/\/abaa.mx\/tienda\/wp-json\/wp\/v2\/product\/1480","targetHints":{"allow":["GET"]}}],"collection":[{"href":"https:\/\/abaa.mx\/tienda\/wp-json\/wp\/v2\/product"}],"about":[{"href":"https:\/\/abaa.mx\/tienda\/wp-json\/wp\/v2\/types\/product"}],"replies":[{"embeddable":true,"href":"https:\/\/abaa.mx\/tienda\/wp-json\/wp\/v2\/comments?post=1480"}],"wp:featuredmedia":[{"embeddable":true,"href":"https:\/\/abaa.mx\/tienda\/wp-json\/wp\/v2\/media\/1486"}],"wp:attachment":[{"href":"https:\/\/abaa.mx\/tienda\/wp-json\/wp\/v2\/media?parent=1480"}],"wp:term":[{"taxonomy":"product_brand","embeddable":true,"href":"https:\/\/abaa.mx\/tienda\/wp-json\/wp\/v2\/product_brand?post=1480"},{"taxonomy":"product_cat","embeddable":true,"href":"https:\/\/abaa.mx\/tienda\/wp-json\/wp\/v2\/product_cat?post=1480"},{"taxonomy":"product_tag","embeddable":true,"href":"https:\/\/abaa.mx\/tienda\/wp-json\/wp\/v2\/product_tag?post=1480"}],"curies":[{"name":"wp","href":"https:\/\/api.w.org\/{rel}","templated":true}]}}