{"id":1468,"date":"2023-09-14T15:32:31","date_gmt":"2023-09-14T15:32:31","guid":{"rendered":"https:\/\/abaa.mx\/tienda\/?post_type=product&#038;p=1468"},"modified":"2023-09-14T19:54:42","modified_gmt":"2023-09-14T19:54:42","slug":"termometro-de-sonda-de-aguja-flashcheck-modelo-11089-01","status":"publish","type":"product","link":"https:\/\/abaa.mx\/tienda\/termometro-de-sonda-de-aguja-flashcheck-modelo-11089-01\/","title":{"rendered":"Term\u00f3metro de sonda de aguja flashcheck modelo 11089-01"},"content":{"rendered":"<h1>Term\u00f3metro de sonda de aguja flashcheck<\/h1>\n<h3><strong>modelo\u00a011089-01<\/strong><\/h3>\n<ul>\n<li>Punta reducida ideal para medir la temperatura de alimentos de masa delgada como hamburguesas de carne, pollo y filetes de pescado, seg\u00fan el C\u00f3digo Alimentario 4-302.12 (B) de la FDA<\/li>\n<li>Escala conmutable en \u00b0C\/\u00b0F con s\u00f3lo pulsar un bot\u00f3n<\/li>\n<li>La punta de la aguja proporciona un tiempo de respuesta extremadamente r\u00e1pido<\/li>\n<li>Clip de bolsillo para la portabilidad<\/li>\n<li><b>Aplicaciones:<\/b>\u00a0Establecimientos de Alimentos, Centros de Distribuci\u00f3n, Almacenamiento en Fr\u00edo, Instalaciones de Procesamiento<\/li>\n<li>El term\u00f3metro de aguja FlashCheck de DeltaTrak tiene una escala ajustable en \u00b0C\/\u00b0F con s\u00f3lo pulsar un bot\u00f3n. La unidad viene con una sonda de punta de aguja que proporciona un tiempo de respuesta extremadamente r\u00e1pido, todo en una forma ultra port\u00e1til.El Term\u00f3metro de punta de aguja FlashCheck tiene como caracter\u00edstica una punta reducida que es ideal para medir la temperatura de alimentos de &#8220;masa fina&#8221; tales como hamburguesas de carne, pollo y filetes de pescado seg\u00fan el C\u00f3digo Alimentario de la FDA 4-302.12(B). El term\u00f3metro est\u00e1 dise\u00f1ado y construido bajo normas exigentes para cumplir y superar las especificaciones requeridas para usos comerciales y profesionales.<br \/>\n<table>\n<caption>11089-01 Term\u00f3metro de punta de aguja<\/caption>\n<thead>\n<tr>\n<th scope=\"col\">Caracter\u00edstica<\/th>\n<th scope=\"col\">Especificaci\u00f3n<\/th>\n<\/tr>\n<\/thead>\n<tfoot>\n<tr>\n<td colspan=\"2\"><\/td>\n<\/tr>\n<\/tfoot>\n<tbody>\n<tr>\n<td>Rango de Medici\u00f3n<\/td>\n<td>-40\u00b0F a 311\u00b0F (-40\u00b0C a 155\u00b0C)<\/td>\n<\/tr>\n<tr>\n<td>Precisi\u00f3n<\/td>\n<td>\u00b10.9\u00b0F de -40\u00b0F a +14\u00b0F (\u00b10.5\u00b0C de -40\u00b0C a -10\u00b0C) \u00b10.5\u00b0F de +14\u00b0F a +68\u00b0F (\u00b10.3\u00b0C de -10\u00b0C a +20\u00b0C) \u00b10.9\u00b0F de +69\u00b0F a +122\u00b0F (\u00b10.5\u00b0C de +21\u00b0C a +50\u00b0C) \u00b11.8\u00b0F de +123\u00b0F a +311\u00b0F<\/p>\n<p>(\u00b11.0\u00b0C de +51\u00b0C a +155\u00b0C)<\/td>\n<\/tr>\n<tr>\n<td>Resoluci\u00f3n<\/td>\n<td>0.1\u00b0F (0.1\u00b0C)<\/td>\n<\/tr>\n<tr>\n<td>Actualizaci\u00f3n de la Lectura de la Pantalla<\/td>\n<td>Cada 2 segundos<\/td>\n<\/tr>\n<tr>\n<td>Tama\u00f1o de la Pantalla<\/td>\n<td>1.5 pulgadas de ancho x 0.5\u00a0pulgadas de Alto (38mm Ancho x 12.7mm Alto)<\/td>\n<\/tr>\n<tr>\n<td>Sonda\/Aguja<\/td>\n<td>Sonda de punta de aguja de acero inoxidable, di\u00e1metro 0.1 pulgadas (2.5mm), longitud del v\u00e1stago de la sonda 3.90 pulgadas (99mm)<\/td>\n<\/tr>\n<tr>\n<td>Cuerpo<\/td>\n<td>Pl\u00e1stico ABS<\/td>\n<\/tr>\n<tr>\n<td>Calibraci\u00f3n<\/td>\n<td>Calibrado de f\u00e1brica con los est\u00e1ndares de rastreo del NIST<\/td>\n<\/tr>\n<tr>\n<td>Bater\u00eda<\/td>\n<td>Bot\u00f3n de 1.5V<\/td>\n<\/tr>\n<tr>\n<td>Ahorro de Bater\u00eda<\/td>\n<td>Apagado autom\u00e1tico despu\u00e9s de 10 minutos<\/td>\n<\/tr>\n<tr>\n<td>Cumplimiento de la Normativa<\/td>\n<td>Dispositivo conforme a RoHS y herramienta HACCP rastreable por el NIST<\/td>\n<\/tr>\n<\/tbody>\n<\/table>\n<\/li>\n<\/ul>\n<h3><\/h3>\n","protected":false},"excerpt":{"rendered":"<h3><strong>Caracter\u00edsticas<\/strong><\/h3>\n<ul>\n<li>Punta reducida ideal para medir la temperatura de alimentos de masa delgada como hamburguesas de carne, pollo y filetes de pescado, seg\u00fan el C\u00f3digo Alimentario 4-302.12 (B) de la FDA<\/li>\n<li>Escala conmutable en \u00b0C\/\u00b0F con s\u00f3lo pulsar un bot\u00f3n<\/li>\n<li>La punta de la aguja proporciona un tiempo de respuesta extremadamente r\u00e1pido<\/li>\n<li>Clip de bolsillo para la portabilidad<\/li>\n<\/ul>\n","protected":false},"featured_media":1577,"comment_status":"open","ping_status":"closed","template":"","meta":{"_joinchat":[]},"product_brand":[],"product_cat":[15],"product_tag":[],"class_list":{"0":"post-1468","1":"product","2":"type-product","3":"status-publish","4":"has-post-thumbnail","6":"product_cat-sin-categorizar","8":"first","9":"instock","10":"shipping-taxable","11":"product-type-simple"},"yoast_head":"<!-- This site is optimized with the Yoast SEO plugin v26.4 - https:\/\/yoast.com\/wordpress\/plugins\/seo\/ -->\n<title>Term\u00f3metro de sonda de aguja flashcheck modelo 11089-01 - Abaa tienda online<\/title>\n<meta name=\"robots\" content=\"index, follow, max-snippet:-1, max-image-preview:large, max-video-preview:-1\" \/>\n<link rel=\"canonical\" href=\"https:\/\/abaa.mx\/tienda\/termometro-de-sonda-de-aguja-flashcheck-modelo-11089-01\/\" \/>\n<meta property=\"og:locale\" content=\"es_MX\" \/>\n<meta property=\"og:type\" content=\"article\" \/>\n<meta property=\"og:title\" content=\"Term\u00f3metro de sonda de aguja flashcheck modelo 11089-01 - Abaa tienda online\" \/>\n<meta property=\"og:description\" content=\"Caracter\u00edsticas   Punta reducida ideal para medir la temperatura de alimentos de masa delgada como hamburguesas de carne, pollo y filetes de pescado, seg\u00fan el C\u00f3digo Alimentario 4-302.12 (B) de la FDA  Escala conmutable en \u00b0C\/\u00b0F con s\u00f3lo pulsar un bot\u00f3n  La punta de la aguja proporciona un tiempo de respuesta extremadamente r\u00e1pido  Clip de bolsillo para la portabilidad\" \/>\n<meta property=\"og:url\" content=\"https:\/\/abaa.mx\/tienda\/termometro-de-sonda-de-aguja-flashcheck-modelo-11089-01\/\" \/>\n<meta property=\"og:site_name\" content=\"Abaa tienda online\" \/>\n<meta property=\"article:modified_time\" content=\"2023-09-14T19:54:42+00:00\" \/>\n<meta property=\"og:image\" content=\"https:\/\/abaa.mx\/tienda\/wp-content\/uploads\/2023\/09\/11089-01.jpg\" \/>\n\t<meta property=\"og:image:width\" content=\"1024\" \/>\n\t<meta property=\"og:image:height\" content=\"1024\" \/>\n\t<meta property=\"og:image:type\" content=\"image\/jpeg\" \/>\n<meta name=\"twitter:card\" content=\"summary_large_image\" \/>\n<meta name=\"twitter:label1\" content=\"Tiempo de lectura\" \/>\n\t<meta name=\"twitter:data1\" content=\"2 minutos\" \/>\n<script type=\"application\/ld+json\" class=\"yoast-schema-graph\">{\"@context\":\"https:\/\/schema.org\",\"@graph\":[{\"@type\":\"WebPage\",\"@id\":\"https:\/\/abaa.mx\/tienda\/termometro-de-sonda-de-aguja-flashcheck-modelo-11089-01\/\",\"url\":\"https:\/\/abaa.mx\/tienda\/termometro-de-sonda-de-aguja-flashcheck-modelo-11089-01\/\",\"name\":\"Term\u00f3metro de sonda de aguja flashcheck modelo 11089-01 - Abaa tienda online\",\"isPartOf\":{\"@id\":\"https:\/\/abaa.mx\/tienda\/#website\"},\"primaryImageOfPage\":{\"@id\":\"https:\/\/abaa.mx\/tienda\/termometro-de-sonda-de-aguja-flashcheck-modelo-11089-01\/#primaryimage\"},\"image\":{\"@id\":\"https:\/\/abaa.mx\/tienda\/termometro-de-sonda-de-aguja-flashcheck-modelo-11089-01\/#primaryimage\"},\"thumbnailUrl\":\"https:\/\/abaa.mx\/tienda\/wp-content\/uploads\/2023\/09\/11089-01.jpg\",\"datePublished\":\"2023-09-14T15:32:31+00:00\",\"dateModified\":\"2023-09-14T19:54:42+00:00\",\"breadcrumb\":{\"@id\":\"https:\/\/abaa.mx\/tienda\/termometro-de-sonda-de-aguja-flashcheck-modelo-11089-01\/#breadcrumb\"},\"inLanguage\":\"es\",\"potentialAction\":[{\"@type\":\"ReadAction\",\"target\":[\"https:\/\/abaa.mx\/tienda\/termometro-de-sonda-de-aguja-flashcheck-modelo-11089-01\/\"]}]},{\"@type\":\"ImageObject\",\"inLanguage\":\"es\",\"@id\":\"https:\/\/abaa.mx\/tienda\/termometro-de-sonda-de-aguja-flashcheck-modelo-11089-01\/#primaryimage\",\"url\":\"https:\/\/abaa.mx\/tienda\/wp-content\/uploads\/2023\/09\/11089-01.jpg\",\"contentUrl\":\"https:\/\/abaa.mx\/tienda\/wp-content\/uploads\/2023\/09\/11089-01.jpg\",\"width\":1024,\"height\":1024,\"caption\":\"termometro-de-sonda-de-aguja-flashcheck-modelo-11089-01\"},{\"@type\":\"BreadcrumbList\",\"@id\":\"https:\/\/abaa.mx\/tienda\/termometro-de-sonda-de-aguja-flashcheck-modelo-11089-01\/#breadcrumb\",\"itemListElement\":[{\"@type\":\"ListItem\",\"position\":1,\"name\":\"Inicio\",\"item\":\"https:\/\/abaa.mx\/tienda\/\"},{\"@type\":\"ListItem\",\"position\":2,\"name\":\"Tienda\",\"item\":\"https:\/\/abaa.mx\/tienda\/\"},{\"@type\":\"ListItem\",\"position\":3,\"name\":\"Term\u00f3metro de sonda de aguja flashcheck modelo 11089-01\"}]},{\"@type\":\"WebSite\",\"@id\":\"https:\/\/abaa.mx\/tienda\/#website\",\"url\":\"https:\/\/abaa.mx\/tienda\/\",\"name\":\"Abaa tienda online\",\"description\":\"Instrumentos de medici\u00f3n\",\"publisher\":{\"@id\":\"https:\/\/abaa.mx\/tienda\/#organization\"},\"potentialAction\":[{\"@type\":\"SearchAction\",\"target\":{\"@type\":\"EntryPoint\",\"urlTemplate\":\"https:\/\/abaa.mx\/tienda\/?s={search_term_string}\"},\"query-input\":{\"@type\":\"PropertyValueSpecification\",\"valueRequired\":true,\"valueName\":\"search_term_string\"}}],\"inLanguage\":\"es\"},{\"@type\":\"Organization\",\"@id\":\"https:\/\/abaa.mx\/tienda\/#organization\",\"name\":\"Abaa tienda online\",\"url\":\"https:\/\/abaa.mx\/tienda\/\",\"logo\":{\"@type\":\"ImageObject\",\"inLanguage\":\"es\",\"@id\":\"https:\/\/abaa.mx\/tienda\/#\/schema\/logo\/image\/\",\"url\":\"https:\/\/abaa.mx\/tienda\/wp-content\/uploads\/2024\/01\/abaa-metrologia-tienda.png\",\"contentUrl\":\"https:\/\/abaa.mx\/tienda\/wp-content\/uploads\/2024\/01\/abaa-metrologia-tienda.png\",\"width\":300,\"height\":141,\"caption\":\"Abaa tienda online\"},\"image\":{\"@id\":\"https:\/\/abaa.mx\/tienda\/#\/schema\/logo\/image\/\"}}]}<\/script>\n<!-- \/ Yoast SEO plugin. -->","yoast_head_json":{"title":"Term\u00f3metro de sonda de aguja flashcheck modelo 11089-01 - Abaa tienda online","robots":{"index":"index","follow":"follow","max-snippet":"max-snippet:-1","max-image-preview":"max-image-preview:large","max-video-preview":"max-video-preview:-1"},"canonical":"https:\/\/abaa.mx\/tienda\/termometro-de-sonda-de-aguja-flashcheck-modelo-11089-01\/","og_locale":"es_MX","og_type":"article","og_title":"Term\u00f3metro de sonda de aguja flashcheck modelo 11089-01 - Abaa tienda online","og_description":"Caracter\u00edsticas   Punta reducida ideal para medir la temperatura de alimentos de masa delgada como hamburguesas de carne, pollo y filetes de pescado, seg\u00fan el C\u00f3digo Alimentario 4-302.12 (B) de la FDA  Escala conmutable en \u00b0C\/\u00b0F con s\u00f3lo pulsar un bot\u00f3n  La punta de la aguja proporciona un tiempo de respuesta extremadamente r\u00e1pido  Clip de bolsillo para la portabilidad","og_url":"https:\/\/abaa.mx\/tienda\/termometro-de-sonda-de-aguja-flashcheck-modelo-11089-01\/","og_site_name":"Abaa tienda online","article_modified_time":"2023-09-14T19:54:42+00:00","og_image":[{"width":1024,"height":1024,"url":"https:\/\/abaa.mx\/tienda\/wp-content\/uploads\/2023\/09\/11089-01.jpg","type":"image\/jpeg"}],"twitter_card":"summary_large_image","twitter_misc":{"Tiempo de lectura":"2 minutos"},"schema":{"@context":"https:\/\/schema.org","@graph":[{"@type":"WebPage","@id":"https:\/\/abaa.mx\/tienda\/termometro-de-sonda-de-aguja-flashcheck-modelo-11089-01\/","url":"https:\/\/abaa.mx\/tienda\/termometro-de-sonda-de-aguja-flashcheck-modelo-11089-01\/","name":"Term\u00f3metro de sonda de aguja flashcheck modelo 11089-01 - Abaa tienda online","isPartOf":{"@id":"https:\/\/abaa.mx\/tienda\/#website"},"primaryImageOfPage":{"@id":"https:\/\/abaa.mx\/tienda\/termometro-de-sonda-de-aguja-flashcheck-modelo-11089-01\/#primaryimage"},"image":{"@id":"https:\/\/abaa.mx\/tienda\/termometro-de-sonda-de-aguja-flashcheck-modelo-11089-01\/#primaryimage"},"thumbnailUrl":"https:\/\/abaa.mx\/tienda\/wp-content\/uploads\/2023\/09\/11089-01.jpg","datePublished":"2023-09-14T15:32:31+00:00","dateModified":"2023-09-14T19:54:42+00:00","breadcrumb":{"@id":"https:\/\/abaa.mx\/tienda\/termometro-de-sonda-de-aguja-flashcheck-modelo-11089-01\/#breadcrumb"},"inLanguage":"es","potentialAction":[{"@type":"ReadAction","target":["https:\/\/abaa.mx\/tienda\/termometro-de-sonda-de-aguja-flashcheck-modelo-11089-01\/"]}]},{"@type":"ImageObject","inLanguage":"es","@id":"https:\/\/abaa.mx\/tienda\/termometro-de-sonda-de-aguja-flashcheck-modelo-11089-01\/#primaryimage","url":"https:\/\/abaa.mx\/tienda\/wp-content\/uploads\/2023\/09\/11089-01.jpg","contentUrl":"https:\/\/abaa.mx\/tienda\/wp-content\/uploads\/2023\/09\/11089-01.jpg","width":1024,"height":1024,"caption":"termometro-de-sonda-de-aguja-flashcheck-modelo-11089-01"},{"@type":"BreadcrumbList","@id":"https:\/\/abaa.mx\/tienda\/termometro-de-sonda-de-aguja-flashcheck-modelo-11089-01\/#breadcrumb","itemListElement":[{"@type":"ListItem","position":1,"name":"Inicio","item":"https:\/\/abaa.mx\/tienda\/"},{"@type":"ListItem","position":2,"name":"Tienda","item":"https:\/\/abaa.mx\/tienda\/"},{"@type":"ListItem","position":3,"name":"Term\u00f3metro de sonda de aguja flashcheck modelo 11089-01"}]},{"@type":"WebSite","@id":"https:\/\/abaa.mx\/tienda\/#website","url":"https:\/\/abaa.mx\/tienda\/","name":"Abaa tienda online","description":"Instrumentos de medici\u00f3n","publisher":{"@id":"https:\/\/abaa.mx\/tienda\/#organization"},"potentialAction":[{"@type":"SearchAction","target":{"@type":"EntryPoint","urlTemplate":"https:\/\/abaa.mx\/tienda\/?s={search_term_string}"},"query-input":{"@type":"PropertyValueSpecification","valueRequired":true,"valueName":"search_term_string"}}],"inLanguage":"es"},{"@type":"Organization","@id":"https:\/\/abaa.mx\/tienda\/#organization","name":"Abaa tienda online","url":"https:\/\/abaa.mx\/tienda\/","logo":{"@type":"ImageObject","inLanguage":"es","@id":"https:\/\/abaa.mx\/tienda\/#\/schema\/logo\/image\/","url":"https:\/\/abaa.mx\/tienda\/wp-content\/uploads\/2024\/01\/abaa-metrologia-tienda.png","contentUrl":"https:\/\/abaa.mx\/tienda\/wp-content\/uploads\/2024\/01\/abaa-metrologia-tienda.png","width":300,"height":141,"caption":"Abaa tienda online"},"image":{"@id":"https:\/\/abaa.mx\/tienda\/#\/schema\/logo\/image\/"}}]}},"_links":{"self":[{"href":"https:\/\/abaa.mx\/tienda\/wp-json\/wp\/v2\/product\/1468","targetHints":{"allow":["GET"]}}],"collection":[{"href":"https:\/\/abaa.mx\/tienda\/wp-json\/wp\/v2\/product"}],"about":[{"href":"https:\/\/abaa.mx\/tienda\/wp-json\/wp\/v2\/types\/product"}],"replies":[{"embeddable":true,"href":"https:\/\/abaa.mx\/tienda\/wp-json\/wp\/v2\/comments?post=1468"}],"wp:featuredmedia":[{"embeddable":true,"href":"https:\/\/abaa.mx\/tienda\/wp-json\/wp\/v2\/media\/1577"}],"wp:attachment":[{"href":"https:\/\/abaa.mx\/tienda\/wp-json\/wp\/v2\/media?parent=1468"}],"wp:term":[{"taxonomy":"product_brand","embeddable":true,"href":"https:\/\/abaa.mx\/tienda\/wp-json\/wp\/v2\/product_brand?post=1468"},{"taxonomy":"product_cat","embeddable":true,"href":"https:\/\/abaa.mx\/tienda\/wp-json\/wp\/v2\/product_cat?post=1468"},{"taxonomy":"product_tag","embeddable":true,"href":"https:\/\/abaa.mx\/tienda\/wp-json\/wp\/v2\/product_tag?post=1468"}],"curies":[{"name":"wp","href":"https:\/\/api.w.org\/{rel}","templated":true}]}}