{"id":1463,"date":"2023-09-14T15:03:32","date_gmt":"2023-09-14T15:03:32","guid":{"rendered":"https:\/\/abaa.mx\/tienda\/?post_type=product&#038;p=1463"},"modified":"2023-11-23T20:14:52","modified_gmt":"2023-11-23T20:14:52","slug":"logtag-tic20","status":"publish","type":"product","link":"https:\/\/abaa.mx\/tienda\/logtag-tic20\/","title":{"rendered":"Logtag tic20"},"content":{"rendered":"<p>La temperatura actual, el tiempo transcurrido, el estado de carga, el estado de monitoreo y el estado de la bater\u00eda se pueden ver de un vistazo en cualquier momento durante el viaje. A su llegada al destino, se puede detener el monitoreo y el usuario puede revisar las estad\u00edsticas de tiempo y temperatura para cada d\u00eda del viaje, hasta un m\u00e1ximo de 20 d\u00edas.<\/p>\n<p>El LogTag TIC20 est\u00e1 preconfigurado de f\u00e1brica para uno de una gama de perfiles de monitoreo. Los perfiles especiales est\u00e1n disponibles bajo petici\u00f3n, sujeto a condiciones. Los datos estad\u00edsticos se pueden descargar desde el TIC20 utilizando una base de interfaz y el software operativo LogTag Analyzer disponible gratuitamente si es necesario.<\/p>\n<p>El TIC20 ofrece una soluci\u00f3n precisa y rentable para monitorear la cadena de fr\u00edo farmac\u00e9utica en distribuci\u00f3n de &#8220;\u00faltima milla&#8221; y otras aplicaciones donde no se requiere una capacidad completa de registro de datos.<\/p>\n<p>&nbsp;<\/p>\n<p><strong>Funciones<\/strong>:<\/p>\n<ul class=\"highlights bullet\">\n<li>Preconfigurado de f\u00e1brica para monitorear una gama de vacunas est\u00e1ndar.<\/li>\n<li>Retraso de inicio est\u00e1ndar de 60 minutos.<\/li>\n<li>Indicaci\u00f3n clara del historial de temperatura \/ estado de alarma en todo momento.<\/li>\n<li>Los registros de temperatura de hasta 20 d\u00edas se pueden ver en la pantalla.<\/li>\n<li>Bot\u00f3n pulsador Start y Stop. Pulse el bot\u00f3n Revisar para mostrar las estad\u00edsticas diarias en secuencia.<\/li>\n<li>Los datos se pueden descargar a trav\u00e9s de una base de interfaz y LogTag Analyzer si es necesario.<\/li>\n<li>Robusto y preciso. Los datos recopilados son seguros y no pueden ser manipulados.<\/li>\n<li>Se adapta f\u00e1cilmente a los paquetes y se puede enviar por correo a trav\u00e9s de la tarifa de carta.<\/li>\n<\/ul>\n<p>&nbsp;<\/p>\n<p><strong>Modos de operaci\u00f3n:<\/strong><\/p>\n<p><b>Modo listo: <\/b>Pulsa cualquier bot\u00f3n. &#8220;Listo&#8221; muestra que el indicador est\u00e1 listo para iniciarse.<\/p>\n<p><b>Modo de inicio:<\/b>\u00a0Mant\u00e9n presionado el bot\u00f3n Inicio. &#8220;Monitoreo&#8221; parpadear\u00e1. Suelte el bot\u00f3n Inicio cuando parpadee deteni\u00e9ndose. El indicador est\u00e1 ahora en el retraso de inicio de 60 minutos.<\/p>\n<p><b>Modo de supervisi\u00f3n:<\/b>\u00a0&#8220;Monitoreo&#8221; aparece en la pantalla. El indicador ahora est\u00e1 tomando una lectura de temperatura cada 6 minutos. El tiempo transcurrido en horas y d\u00edas aparece en la pantalla. Si se produce una alarma, el segmento de d\u00eda se ilumina y el s\u00edmbolo OK se reemplaza por una X.<\/p>\n<p><b>Modo de revisi\u00f3n: <\/b>Pulse el bot\u00f3n Revisar para ver las estad\u00edsticas de cada d\u00eda.<\/p>\n<p><b>Modo detenido:<\/b>\u00a0Mantenga pulsado el bot\u00f3n Detener. &#8220;Detenido&#8221; parpadear\u00e1. Suelte el bot\u00f3n Detener cuando parpadee se detenga. El indicador ahora est\u00e1 detenido.<\/p>\n<p>&nbsp;<\/p>\n<p><strong>Configuraci\u00f3n de fabrica:<\/strong><\/p>\n<ul class=\"bullet\">\n<li>Tipo 1 versi\u00f3n de alarma DTP, DT, TT, Td, HepB, IPV, Hib l\u00edquido, MenAfrivac, HPV y PCV vacunas.<\/li>\n<li>Tipo 2 versi\u00f3n de alarma OPV, BCG liofilizado, sarampi\u00f3n, MR, MMR, Hib liofilizado, fiebre amarilla, meningitis, rabia y vacunas contra el rotavirus.<\/li>\n<li>Tipo Prevenar Alarm versi\u00f3n Prevenar 7&amp;13.<\/li>\n<li>Tipo RotaTeq Alarma versi\u00f3n RotaTeq.<\/li>\n<\/ul>\n","protected":false},"excerpt":{"rendered":"<p>El LogTag TIC20 es un indicador electr\u00f3nico de temperatura desechable para su uso en el monitoreo de estad\u00edsticas de temperatura y tiempo en aplicaciones de transporte farmac\u00e9utico de hasta 20 d\u00edas de duraci\u00f3n.<\/p>\n","protected":false},"featured_media":1467,"comment_status":"open","ping_status":"closed","template":"","meta":{"_joinchat":[]},"product_brand":[],"product_cat":[15],"product_tag":[],"class_list":{"0":"post-1463","1":"product","2":"type-product","3":"status-publish","4":"has-post-thumbnail","6":"product_cat-sin-categorizar","8":"first","9":"instock","10":"shipping-taxable","11":"product-type-simple"},"yoast_head":"<!-- This site is optimized with the Yoast SEO plugin v26.4 - https:\/\/yoast.com\/wordpress\/plugins\/seo\/ -->\n<title>Logtag tic20 - Abaa tienda online<\/title>\n<meta name=\"robots\" content=\"index, follow, max-snippet:-1, max-image-preview:large, max-video-preview:-1\" \/>\n<link rel=\"canonical\" href=\"https:\/\/abaa.mx\/tienda\/logtag-tic20\/\" \/>\n<meta property=\"og:locale\" content=\"es_MX\" \/>\n<meta property=\"og:type\" content=\"article\" \/>\n<meta property=\"og:title\" content=\"Logtag tic20 - Abaa tienda online\" \/>\n<meta property=\"og:description\" content=\"El LogTag TIC20 es un indicador electr\u00f3nico de temperatura desechable para su uso en el monitoreo de estad\u00edsticas de temperatura y tiempo en aplicaciones de transporte farmac\u00e9utico de hasta 20 d\u00edas de duraci\u00f3n.\" \/>\n<meta property=\"og:url\" content=\"https:\/\/abaa.mx\/tienda\/logtag-tic20\/\" \/>\n<meta property=\"og:site_name\" content=\"Abaa tienda online\" \/>\n<meta property=\"article:modified_time\" content=\"2023-11-23T20:14:52+00:00\" \/>\n<meta property=\"og:image\" content=\"https:\/\/abaa.mx\/tienda\/wp-content\/uploads\/2023\/09\/20.png\" \/>\n\t<meta property=\"og:image:width\" content=\"628\" \/>\n\t<meta property=\"og:image:height\" content=\"385\" \/>\n\t<meta property=\"og:image:type\" content=\"image\/png\" \/>\n<meta name=\"twitter:card\" content=\"summary_large_image\" \/>\n<meta name=\"twitter:label1\" content=\"Tiempo de lectura\" \/>\n\t<meta name=\"twitter:data1\" content=\"3 minutos\" \/>\n<script type=\"application\/ld+json\" class=\"yoast-schema-graph\">{\"@context\":\"https:\/\/schema.org\",\"@graph\":[{\"@type\":\"WebPage\",\"@id\":\"https:\/\/abaa.mx\/tienda\/logtag-tic20\/\",\"url\":\"https:\/\/abaa.mx\/tienda\/logtag-tic20\/\",\"name\":\"Logtag tic20 - Abaa tienda online\",\"isPartOf\":{\"@id\":\"https:\/\/abaa.mx\/tienda\/#website\"},\"primaryImageOfPage\":{\"@id\":\"https:\/\/abaa.mx\/tienda\/logtag-tic20\/#primaryimage\"},\"image\":{\"@id\":\"https:\/\/abaa.mx\/tienda\/logtag-tic20\/#primaryimage\"},\"thumbnailUrl\":\"https:\/\/abaa.mx\/tienda\/wp-content\/uploads\/2023\/09\/20.png\",\"datePublished\":\"2023-09-14T15:03:32+00:00\",\"dateModified\":\"2023-11-23T20:14:52+00:00\",\"breadcrumb\":{\"@id\":\"https:\/\/abaa.mx\/tienda\/logtag-tic20\/#breadcrumb\"},\"inLanguage\":\"es\",\"potentialAction\":[{\"@type\":\"ReadAction\",\"target\":[\"https:\/\/abaa.mx\/tienda\/logtag-tic20\/\"]}]},{\"@type\":\"ImageObject\",\"inLanguage\":\"es\",\"@id\":\"https:\/\/abaa.mx\/tienda\/logtag-tic20\/#primaryimage\",\"url\":\"https:\/\/abaa.mx\/tienda\/wp-content\/uploads\/2023\/09\/20.png\",\"contentUrl\":\"https:\/\/abaa.mx\/tienda\/wp-content\/uploads\/2023\/09\/20.png\",\"width\":628,\"height\":385,\"caption\":\"logtag-tic20\"},{\"@type\":\"BreadcrumbList\",\"@id\":\"https:\/\/abaa.mx\/tienda\/logtag-tic20\/#breadcrumb\",\"itemListElement\":[{\"@type\":\"ListItem\",\"position\":1,\"name\":\"Inicio\",\"item\":\"https:\/\/abaa.mx\/tienda\/\"},{\"@type\":\"ListItem\",\"position\":2,\"name\":\"Tienda\",\"item\":\"https:\/\/abaa.mx\/tienda\/\"},{\"@type\":\"ListItem\",\"position\":3,\"name\":\"Logtag tic20\"}]},{\"@type\":\"WebSite\",\"@id\":\"https:\/\/abaa.mx\/tienda\/#website\",\"url\":\"https:\/\/abaa.mx\/tienda\/\",\"name\":\"Abaa tienda online\",\"description\":\"Instrumentos de medici\u00f3n\",\"publisher\":{\"@id\":\"https:\/\/abaa.mx\/tienda\/#organization\"},\"potentialAction\":[{\"@type\":\"SearchAction\",\"target\":{\"@type\":\"EntryPoint\",\"urlTemplate\":\"https:\/\/abaa.mx\/tienda\/?s={search_term_string}\"},\"query-input\":{\"@type\":\"PropertyValueSpecification\",\"valueRequired\":true,\"valueName\":\"search_term_string\"}}],\"inLanguage\":\"es\"},{\"@type\":\"Organization\",\"@id\":\"https:\/\/abaa.mx\/tienda\/#organization\",\"name\":\"Abaa tienda online\",\"url\":\"https:\/\/abaa.mx\/tienda\/\",\"logo\":{\"@type\":\"ImageObject\",\"inLanguage\":\"es\",\"@id\":\"https:\/\/abaa.mx\/tienda\/#\/schema\/logo\/image\/\",\"url\":\"https:\/\/abaa.mx\/tienda\/wp-content\/uploads\/2024\/01\/abaa-metrologia-tienda.png\",\"contentUrl\":\"https:\/\/abaa.mx\/tienda\/wp-content\/uploads\/2024\/01\/abaa-metrologia-tienda.png\",\"width\":300,\"height\":141,\"caption\":\"Abaa tienda online\"},\"image\":{\"@id\":\"https:\/\/abaa.mx\/tienda\/#\/schema\/logo\/image\/\"}}]}<\/script>\n<!-- \/ Yoast SEO plugin. -->","yoast_head_json":{"title":"Logtag tic20 - Abaa tienda online","robots":{"index":"index","follow":"follow","max-snippet":"max-snippet:-1","max-image-preview":"max-image-preview:large","max-video-preview":"max-video-preview:-1"},"canonical":"https:\/\/abaa.mx\/tienda\/logtag-tic20\/","og_locale":"es_MX","og_type":"article","og_title":"Logtag tic20 - Abaa tienda online","og_description":"El LogTag TIC20 es un indicador electr\u00f3nico de temperatura desechable para su uso en el monitoreo de estad\u00edsticas de temperatura y tiempo en aplicaciones de transporte farmac\u00e9utico de hasta 20 d\u00edas de duraci\u00f3n.","og_url":"https:\/\/abaa.mx\/tienda\/logtag-tic20\/","og_site_name":"Abaa tienda online","article_modified_time":"2023-11-23T20:14:52+00:00","og_image":[{"width":628,"height":385,"url":"https:\/\/abaa.mx\/tienda\/wp-content\/uploads\/2023\/09\/20.png","type":"image\/png"}],"twitter_card":"summary_large_image","twitter_misc":{"Tiempo de lectura":"3 minutos"},"schema":{"@context":"https:\/\/schema.org","@graph":[{"@type":"WebPage","@id":"https:\/\/abaa.mx\/tienda\/logtag-tic20\/","url":"https:\/\/abaa.mx\/tienda\/logtag-tic20\/","name":"Logtag tic20 - Abaa tienda online","isPartOf":{"@id":"https:\/\/abaa.mx\/tienda\/#website"},"primaryImageOfPage":{"@id":"https:\/\/abaa.mx\/tienda\/logtag-tic20\/#primaryimage"},"image":{"@id":"https:\/\/abaa.mx\/tienda\/logtag-tic20\/#primaryimage"},"thumbnailUrl":"https:\/\/abaa.mx\/tienda\/wp-content\/uploads\/2023\/09\/20.png","datePublished":"2023-09-14T15:03:32+00:00","dateModified":"2023-11-23T20:14:52+00:00","breadcrumb":{"@id":"https:\/\/abaa.mx\/tienda\/logtag-tic20\/#breadcrumb"},"inLanguage":"es","potentialAction":[{"@type":"ReadAction","target":["https:\/\/abaa.mx\/tienda\/logtag-tic20\/"]}]},{"@type":"ImageObject","inLanguage":"es","@id":"https:\/\/abaa.mx\/tienda\/logtag-tic20\/#primaryimage","url":"https:\/\/abaa.mx\/tienda\/wp-content\/uploads\/2023\/09\/20.png","contentUrl":"https:\/\/abaa.mx\/tienda\/wp-content\/uploads\/2023\/09\/20.png","width":628,"height":385,"caption":"logtag-tic20"},{"@type":"BreadcrumbList","@id":"https:\/\/abaa.mx\/tienda\/logtag-tic20\/#breadcrumb","itemListElement":[{"@type":"ListItem","position":1,"name":"Inicio","item":"https:\/\/abaa.mx\/tienda\/"},{"@type":"ListItem","position":2,"name":"Tienda","item":"https:\/\/abaa.mx\/tienda\/"},{"@type":"ListItem","position":3,"name":"Logtag tic20"}]},{"@type":"WebSite","@id":"https:\/\/abaa.mx\/tienda\/#website","url":"https:\/\/abaa.mx\/tienda\/","name":"Abaa tienda online","description":"Instrumentos de medici\u00f3n","publisher":{"@id":"https:\/\/abaa.mx\/tienda\/#organization"},"potentialAction":[{"@type":"SearchAction","target":{"@type":"EntryPoint","urlTemplate":"https:\/\/abaa.mx\/tienda\/?s={search_term_string}"},"query-input":{"@type":"PropertyValueSpecification","valueRequired":true,"valueName":"search_term_string"}}],"inLanguage":"es"},{"@type":"Organization","@id":"https:\/\/abaa.mx\/tienda\/#organization","name":"Abaa tienda online","url":"https:\/\/abaa.mx\/tienda\/","logo":{"@type":"ImageObject","inLanguage":"es","@id":"https:\/\/abaa.mx\/tienda\/#\/schema\/logo\/image\/","url":"https:\/\/abaa.mx\/tienda\/wp-content\/uploads\/2024\/01\/abaa-metrologia-tienda.png","contentUrl":"https:\/\/abaa.mx\/tienda\/wp-content\/uploads\/2024\/01\/abaa-metrologia-tienda.png","width":300,"height":141,"caption":"Abaa tienda online"},"image":{"@id":"https:\/\/abaa.mx\/tienda\/#\/schema\/logo\/image\/"}}]}},"_links":{"self":[{"href":"https:\/\/abaa.mx\/tienda\/wp-json\/wp\/v2\/product\/1463","targetHints":{"allow":["GET"]}}],"collection":[{"href":"https:\/\/abaa.mx\/tienda\/wp-json\/wp\/v2\/product"}],"about":[{"href":"https:\/\/abaa.mx\/tienda\/wp-json\/wp\/v2\/types\/product"}],"replies":[{"embeddable":true,"href":"https:\/\/abaa.mx\/tienda\/wp-json\/wp\/v2\/comments?post=1463"}],"wp:featuredmedia":[{"embeddable":true,"href":"https:\/\/abaa.mx\/tienda\/wp-json\/wp\/v2\/media\/1467"}],"wp:attachment":[{"href":"https:\/\/abaa.mx\/tienda\/wp-json\/wp\/v2\/media?parent=1463"}],"wp:term":[{"taxonomy":"product_brand","embeddable":true,"href":"https:\/\/abaa.mx\/tienda\/wp-json\/wp\/v2\/product_brand?post=1463"},{"taxonomy":"product_cat","embeddable":true,"href":"https:\/\/abaa.mx\/tienda\/wp-json\/wp\/v2\/product_cat?post=1463"},{"taxonomy":"product_tag","embeddable":true,"href":"https:\/\/abaa.mx\/tienda\/wp-json\/wp\/v2\/product_tag?post=1463"}],"curies":[{"name":"wp","href":"https:\/\/api.w.org\/{rel}","templated":true}]}}