{"id":1453,"date":"2023-09-14T14:50:26","date_gmt":"2023-09-14T14:50:26","guid":{"rendered":"https:\/\/abaa.mx\/tienda\/?post_type=product&#038;p=1453"},"modified":"2023-11-23T20:47:50","modified_gmt":"2023-11-23T20:47:50","slug":"logtag-tict","status":"publish","type":"product","link":"https:\/\/abaa.mx\/tienda\/logtag-tict\/","title":{"rendered":"Logtag tict"},"content":{"rendered":"<p>El LogTag TICT puede monitorear y registrar estad\u00edsticas contra cuatro l\u00edmites de temperatura preestablecidos de f\u00e1brica por hasta 45 d\u00edas, mostrando una marca de verificaci\u00f3n si las condiciones ambientales permanecen dentro de los l\u00edmites. Si las temperaturas exceden dos l\u00edmites de alarma de alta temperatura o van por debajo de dos l\u00edmites de alarma de baja temperatura, la pantalla LCD muestra una alerta de RECHAZAR, que indica que las mercanc\u00edas requieren una verificaci\u00f3n adicional.<\/p>\n<p>El LogTag TICT est\u00e1 preconfigurado de f\u00e1brica para uno de una gama de perfiles de supervisi\u00f3n. Los perfiles especiales est\u00e1n disponibles bajo petici\u00f3n, sujeto a condiciones. Los datos estad\u00edsticos se pueden descargar desde el TICT utilizando la base de la interfaz LogTag Indicator y el software operativo LogTag Analyzer disponible gratuitamente si es necesario.<\/p>\n<p>El TICT ofrece una soluci\u00f3n precisa y rentable para monitorear la cadena de fr\u00edo en la distribuci\u00f3n de &#8220;\u00faltima milla&#8221; y otras aplicaciones donde no se requiere una capacidad completa de registro de datos.<\/p>\n<p>&nbsp;<\/p>\n<p><strong>Funciones:\u00a0<\/strong><\/p>\n<ul class=\"highlights bullet\">\n<li>Preconfigurado de f\u00e1brica para monitorear una gama de productos, incluidas las vacunas est\u00e1ndar.<\/li>\n<li>Retraso de inicio est\u00e1ndar de 60 minutos<\/li>\n<li>Indicaci\u00f3n clara del estado de alarma en todo momento.<\/li>\n<li>Monitores de hasta 45 d\u00edas<\/li>\n<li>Bot\u00f3n pulsador Start y Stop.<\/li>\n<li>Los datos se pueden descargar a trav\u00e9s de una base de interfaz y LogTag Analyzer si es necesario.<\/li>\n<li>Robusto y preciso. Los datos recopilados son seguros y no pueden ser manipulados.<\/li>\n<li>Cabe f\u00e1cilmente en paquetes y se puede enviar por correo a trav\u00e9s de la tarifa de carta.<\/li>\n<\/ul>\n<p>&nbsp;<\/p>\n<p><strong>Modo de operaci\u00f3n:<\/strong><\/p>\n<p><b>Modo listo:<\/b>\u00a0Pulse el bot\u00f3n START\/STOP. &#8220;Listo&#8221; muestra que el indicador est\u00e1 listo para iniciarse.<\/p>\n<p><b>Iniciar el modo de retardo:<\/b>\u00a0Mantenga pulsado el bot\u00f3n START\/STOP. &#8220;RUN&#8221; parpadear\u00e1. Bot\u00f3n de liberaci\u00f3n cuando se detiene el parpadeo. El indicador ahora comienza el retraso de inicio preestablecido.<\/p>\n<p><b>Modo de ejecuci\u00f3n:<\/b>\u00a0&#8220;RUN&#8221; aparece en la pantalla. El indicador ahora est\u00e1 tomando una lectura de temperatura en el intervalo estipulado de f\u00e1brica (generalmente cada 5 minutos). Si se produce una alarma, el s\u00edmbolo se sustituye por un s\u00edmbolo X y tambi\u00e9n se muestra el c\u00f3digo de l\u00edmite de alarma correspondiente (HT1, HT2, LT1 o LT2).<\/p>\n<p><b>Modo detenido:<\/b>\u00a0Mantenga pulsado el bot\u00f3n START\/STOP. &#8220;Detenido&#8221; parpadear\u00e1. Bot\u00f3n de liberaci\u00f3n cuando se detiene el parpadeo. El indicador ya no toma lecturas.<\/p>\n<p><b>Configuraciones de f\u00e1brica:<\/b> LogTag TICT se puede configurar de f\u00e1brica para admitir una amplia gama de diferentes configuraciones de monitoreo y alarma (consulte las especificaciones en la p\u00e1gina para obtener m\u00e1s detalles).<\/p>\n<p>&nbsp;<\/p>\n<h4>Especificaciones:<\/h4>\n<p>&nbsp;<\/p>\n<div class=\"shadowSpacer\"><\/div>\n<div class=\"row\">\n<div class=\"col-md-4\">\n<p><b>Precisi\u00f3n:<\/b><\/p>\n<ul>\n<li>Mejor que \u00b10.5 \u00b0C para -10 \u00b0C a +25 \u00b0C.<\/li>\n<li>Mejor que \u00b11 \u00b0C para -25 \u00b0C a -10 \u00b0C.<\/li>\n<li>Mejor que \u00b11 \u00b0C para +25 \u00b0C a +60 \u00b0C.<\/li>\n<\/ul>\n<p>&nbsp;<\/p>\n<p><b>Capacidad:<\/b><\/p>\n<ul>\n<li>Temperatura m\u00ednima y m\u00e1xima para cada uno de los 45 d\u00edas.<\/li>\n<li>1\u00aa activaci\u00f3n de cada alarma para cada d\u00eda, incluida la hora de activaci\u00f3n y la duraci\u00f3n de cada excursi\u00f3n.<\/li>\n<\/ul>\n<p>&nbsp;<\/p>\n<\/div>\n<div class=\"col-md-4\">\n<p><strong>Funci\u00f3n y visualizaci\u00f3n de alarmas:<\/strong><\/p>\n<ul>\n<li>Se indican hasta cuatro disparadores de alarma en la pantalla.<\/li>\n<li>La pantalla se activa cuando se presiona el bot\u00f3n.<\/li>\n<li>La pantalla es est\u00e1tica permitiendo fotocopiar.<\/li>\n<\/ul>\n<\/div>\n<\/div>\n","protected":false},"excerpt":{"rendered":"<p>El LogTag TICT puede monitorear y registrar estad\u00edsticas contra cuatro l\u00edmites de temperatura preestablecidos de f\u00e1brica por hasta 45 d\u00edas, mostrando una marca de verificaci\u00f3n si las condiciones ambientales permanecen dentro de los l\u00edmites. Si las temperaturas exceden dos l\u00edmites de alarma de alta temperatura o van por debajo de dos l\u00edmites de alarma de baja temperatura, la pantalla LCD muestra una alerta de RECHAZAR, que indica que las mercanc\u00edas requieren una verificaci\u00f3n adicional.<\/p>\n","protected":false},"featured_media":1456,"comment_status":"open","ping_status":"closed","template":"","meta":{"_joinchat":[]},"product_brand":[],"product_cat":[15],"product_tag":[],"class_list":{"0":"post-1453","1":"product","2":"type-product","3":"status-publish","4":"has-post-thumbnail","6":"product_cat-sin-categorizar","8":"first","9":"instock","10":"shipping-taxable","11":"product-type-simple"},"yoast_head":"<!-- This site is optimized with the Yoast SEO plugin v26.4 - https:\/\/yoast.com\/wordpress\/plugins\/seo\/ -->\n<title>Logtag tict - Abaa tienda online<\/title>\n<meta name=\"robots\" content=\"index, follow, max-snippet:-1, max-image-preview:large, max-video-preview:-1\" \/>\n<link rel=\"canonical\" href=\"https:\/\/abaa.mx\/tienda\/logtag-tict\/\" \/>\n<meta property=\"og:locale\" content=\"es_MX\" \/>\n<meta property=\"og:type\" content=\"article\" \/>\n<meta property=\"og:title\" content=\"Logtag tict - Abaa tienda online\" \/>\n<meta property=\"og:description\" content=\"El LogTag TICT puede monitorear y registrar estad\u00edsticas contra cuatro l\u00edmites de temperatura preestablecidos de f\u00e1brica por hasta 45 d\u00edas, mostrando una marca de verificaci\u00f3n si las condiciones ambientales permanecen dentro de los l\u00edmites. Si las temperaturas exceden dos l\u00edmites de alarma de alta temperatura o van por debajo de dos l\u00edmites de alarma de baja temperatura, la pantalla LCD muestra una alerta de RECHAZAR, que indica que las mercanc\u00edas requieren una verificaci\u00f3n adicional.\" \/>\n<meta property=\"og:url\" content=\"https:\/\/abaa.mx\/tienda\/logtag-tict\/\" \/>\n<meta property=\"og:site_name\" content=\"Abaa tienda online\" \/>\n<meta property=\"article:modified_time\" content=\"2023-11-23T20:47:50+00:00\" \/>\n<meta property=\"og:image\" content=\"https:\/\/abaa.mx\/tienda\/wp-content\/uploads\/2023\/09\/LogTagTICT.jpg\" \/>\n\t<meta property=\"og:image:width\" content=\"1024\" \/>\n\t<meta property=\"og:image:height\" content=\"768\" \/>\n\t<meta property=\"og:image:type\" content=\"image\/jpeg\" \/>\n<meta name=\"twitter:card\" content=\"summary_large_image\" \/>\n<meta name=\"twitter:label1\" content=\"Tiempo de lectura\" \/>\n\t<meta name=\"twitter:data1\" content=\"3 minutos\" \/>\n<script type=\"application\/ld+json\" class=\"yoast-schema-graph\">{\"@context\":\"https:\/\/schema.org\",\"@graph\":[{\"@type\":\"WebPage\",\"@id\":\"https:\/\/abaa.mx\/tienda\/logtag-tict\/\",\"url\":\"https:\/\/abaa.mx\/tienda\/logtag-tict\/\",\"name\":\"Logtag tict - Abaa tienda online\",\"isPartOf\":{\"@id\":\"https:\/\/abaa.mx\/tienda\/#website\"},\"primaryImageOfPage\":{\"@id\":\"https:\/\/abaa.mx\/tienda\/logtag-tict\/#primaryimage\"},\"image\":{\"@id\":\"https:\/\/abaa.mx\/tienda\/logtag-tict\/#primaryimage\"},\"thumbnailUrl\":\"https:\/\/abaa.mx\/tienda\/wp-content\/uploads\/2023\/09\/LogTagTICT.jpg\",\"datePublished\":\"2023-09-14T14:50:26+00:00\",\"dateModified\":\"2023-11-23T20:47:50+00:00\",\"breadcrumb\":{\"@id\":\"https:\/\/abaa.mx\/tienda\/logtag-tict\/#breadcrumb\"},\"inLanguage\":\"es\",\"potentialAction\":[{\"@type\":\"ReadAction\",\"target\":[\"https:\/\/abaa.mx\/tienda\/logtag-tict\/\"]}]},{\"@type\":\"ImageObject\",\"inLanguage\":\"es\",\"@id\":\"https:\/\/abaa.mx\/tienda\/logtag-tict\/#primaryimage\",\"url\":\"https:\/\/abaa.mx\/tienda\/wp-content\/uploads\/2023\/09\/LogTagTICT.jpg\",\"contentUrl\":\"https:\/\/abaa.mx\/tienda\/wp-content\/uploads\/2023\/09\/LogTagTICT.jpg\",\"width\":1024,\"height\":768,\"caption\":\"logtag-tict\"},{\"@type\":\"BreadcrumbList\",\"@id\":\"https:\/\/abaa.mx\/tienda\/logtag-tict\/#breadcrumb\",\"itemListElement\":[{\"@type\":\"ListItem\",\"position\":1,\"name\":\"Inicio\",\"item\":\"https:\/\/abaa.mx\/tienda\/\"},{\"@type\":\"ListItem\",\"position\":2,\"name\":\"Tienda\",\"item\":\"https:\/\/abaa.mx\/tienda\/\"},{\"@type\":\"ListItem\",\"position\":3,\"name\":\"Logtag tict\"}]},{\"@type\":\"WebSite\",\"@id\":\"https:\/\/abaa.mx\/tienda\/#website\",\"url\":\"https:\/\/abaa.mx\/tienda\/\",\"name\":\"Abaa tienda online\",\"description\":\"Instrumentos de medici\u00f3n\",\"publisher\":{\"@id\":\"https:\/\/abaa.mx\/tienda\/#organization\"},\"potentialAction\":[{\"@type\":\"SearchAction\",\"target\":{\"@type\":\"EntryPoint\",\"urlTemplate\":\"https:\/\/abaa.mx\/tienda\/?s={search_term_string}\"},\"query-input\":{\"@type\":\"PropertyValueSpecification\",\"valueRequired\":true,\"valueName\":\"search_term_string\"}}],\"inLanguage\":\"es\"},{\"@type\":\"Organization\",\"@id\":\"https:\/\/abaa.mx\/tienda\/#organization\",\"name\":\"Abaa tienda online\",\"url\":\"https:\/\/abaa.mx\/tienda\/\",\"logo\":{\"@type\":\"ImageObject\",\"inLanguage\":\"es\",\"@id\":\"https:\/\/abaa.mx\/tienda\/#\/schema\/logo\/image\/\",\"url\":\"https:\/\/abaa.mx\/tienda\/wp-content\/uploads\/2024\/01\/abaa-metrologia-tienda.png\",\"contentUrl\":\"https:\/\/abaa.mx\/tienda\/wp-content\/uploads\/2024\/01\/abaa-metrologia-tienda.png\",\"width\":300,\"height\":141,\"caption\":\"Abaa tienda online\"},\"image\":{\"@id\":\"https:\/\/abaa.mx\/tienda\/#\/schema\/logo\/image\/\"}}]}<\/script>\n<!-- \/ Yoast SEO plugin. -->","yoast_head_json":{"title":"Logtag tict - Abaa tienda online","robots":{"index":"index","follow":"follow","max-snippet":"max-snippet:-1","max-image-preview":"max-image-preview:large","max-video-preview":"max-video-preview:-1"},"canonical":"https:\/\/abaa.mx\/tienda\/logtag-tict\/","og_locale":"es_MX","og_type":"article","og_title":"Logtag tict - Abaa tienda online","og_description":"El LogTag TICT puede monitorear y registrar estad\u00edsticas contra cuatro l\u00edmites de temperatura preestablecidos de f\u00e1brica por hasta 45 d\u00edas, mostrando una marca de verificaci\u00f3n si las condiciones ambientales permanecen dentro de los l\u00edmites. Si las temperaturas exceden dos l\u00edmites de alarma de alta temperatura o van por debajo de dos l\u00edmites de alarma de baja temperatura, la pantalla LCD muestra una alerta de RECHAZAR, que indica que las mercanc\u00edas requieren una verificaci\u00f3n adicional.","og_url":"https:\/\/abaa.mx\/tienda\/logtag-tict\/","og_site_name":"Abaa tienda online","article_modified_time":"2023-11-23T20:47:50+00:00","og_image":[{"width":1024,"height":768,"url":"https:\/\/abaa.mx\/tienda\/wp-content\/uploads\/2023\/09\/LogTagTICT.jpg","type":"image\/jpeg"}],"twitter_card":"summary_large_image","twitter_misc":{"Tiempo de lectura":"3 minutos"},"schema":{"@context":"https:\/\/schema.org","@graph":[{"@type":"WebPage","@id":"https:\/\/abaa.mx\/tienda\/logtag-tict\/","url":"https:\/\/abaa.mx\/tienda\/logtag-tict\/","name":"Logtag tict - Abaa tienda online","isPartOf":{"@id":"https:\/\/abaa.mx\/tienda\/#website"},"primaryImageOfPage":{"@id":"https:\/\/abaa.mx\/tienda\/logtag-tict\/#primaryimage"},"image":{"@id":"https:\/\/abaa.mx\/tienda\/logtag-tict\/#primaryimage"},"thumbnailUrl":"https:\/\/abaa.mx\/tienda\/wp-content\/uploads\/2023\/09\/LogTagTICT.jpg","datePublished":"2023-09-14T14:50:26+00:00","dateModified":"2023-11-23T20:47:50+00:00","breadcrumb":{"@id":"https:\/\/abaa.mx\/tienda\/logtag-tict\/#breadcrumb"},"inLanguage":"es","potentialAction":[{"@type":"ReadAction","target":["https:\/\/abaa.mx\/tienda\/logtag-tict\/"]}]},{"@type":"ImageObject","inLanguage":"es","@id":"https:\/\/abaa.mx\/tienda\/logtag-tict\/#primaryimage","url":"https:\/\/abaa.mx\/tienda\/wp-content\/uploads\/2023\/09\/LogTagTICT.jpg","contentUrl":"https:\/\/abaa.mx\/tienda\/wp-content\/uploads\/2023\/09\/LogTagTICT.jpg","width":1024,"height":768,"caption":"logtag-tict"},{"@type":"BreadcrumbList","@id":"https:\/\/abaa.mx\/tienda\/logtag-tict\/#breadcrumb","itemListElement":[{"@type":"ListItem","position":1,"name":"Inicio","item":"https:\/\/abaa.mx\/tienda\/"},{"@type":"ListItem","position":2,"name":"Tienda","item":"https:\/\/abaa.mx\/tienda\/"},{"@type":"ListItem","position":3,"name":"Logtag tict"}]},{"@type":"WebSite","@id":"https:\/\/abaa.mx\/tienda\/#website","url":"https:\/\/abaa.mx\/tienda\/","name":"Abaa tienda online","description":"Instrumentos de medici\u00f3n","publisher":{"@id":"https:\/\/abaa.mx\/tienda\/#organization"},"potentialAction":[{"@type":"SearchAction","target":{"@type":"EntryPoint","urlTemplate":"https:\/\/abaa.mx\/tienda\/?s={search_term_string}"},"query-input":{"@type":"PropertyValueSpecification","valueRequired":true,"valueName":"search_term_string"}}],"inLanguage":"es"},{"@type":"Organization","@id":"https:\/\/abaa.mx\/tienda\/#organization","name":"Abaa tienda online","url":"https:\/\/abaa.mx\/tienda\/","logo":{"@type":"ImageObject","inLanguage":"es","@id":"https:\/\/abaa.mx\/tienda\/#\/schema\/logo\/image\/","url":"https:\/\/abaa.mx\/tienda\/wp-content\/uploads\/2024\/01\/abaa-metrologia-tienda.png","contentUrl":"https:\/\/abaa.mx\/tienda\/wp-content\/uploads\/2024\/01\/abaa-metrologia-tienda.png","width":300,"height":141,"caption":"Abaa tienda online"},"image":{"@id":"https:\/\/abaa.mx\/tienda\/#\/schema\/logo\/image\/"}}]}},"_links":{"self":[{"href":"https:\/\/abaa.mx\/tienda\/wp-json\/wp\/v2\/product\/1453","targetHints":{"allow":["GET"]}}],"collection":[{"href":"https:\/\/abaa.mx\/tienda\/wp-json\/wp\/v2\/product"}],"about":[{"href":"https:\/\/abaa.mx\/tienda\/wp-json\/wp\/v2\/types\/product"}],"replies":[{"embeddable":true,"href":"https:\/\/abaa.mx\/tienda\/wp-json\/wp\/v2\/comments?post=1453"}],"wp:featuredmedia":[{"embeddable":true,"href":"https:\/\/abaa.mx\/tienda\/wp-json\/wp\/v2\/media\/1456"}],"wp:attachment":[{"href":"https:\/\/abaa.mx\/tienda\/wp-json\/wp\/v2\/media?parent=1453"}],"wp:term":[{"taxonomy":"product_brand","embeddable":true,"href":"https:\/\/abaa.mx\/tienda\/wp-json\/wp\/v2\/product_brand?post=1453"},{"taxonomy":"product_cat","embeddable":true,"href":"https:\/\/abaa.mx\/tienda\/wp-json\/wp\/v2\/product_cat?post=1453"},{"taxonomy":"product_tag","embeddable":true,"href":"https:\/\/abaa.mx\/tienda\/wp-json\/wp\/v2\/product_tag?post=1453"}],"curies":[{"name":"wp","href":"https:\/\/api.w.org\/{rel}","templated":true}]}}