{"id":1451,"date":"2023-09-14T14:42:50","date_gmt":"2023-09-14T14:42:50","guid":{"rendered":"https:\/\/abaa.mx\/tienda\/?post_type=product&#038;p=1451"},"modified":"2023-11-23T20:56:11","modified_gmt":"2023-11-23T20:56:11","slug":"logtag-vaxtag","status":"publish","type":"product","link":"https:\/\/abaa.mx\/tienda\/logtag-vaxtag\/","title":{"rendered":"Logtag vaxtag"},"content":{"rendered":"<p>El dispositivo tambi\u00e9n se puede utilizar como un dispositivo secundario de respaldo en c\u00e1maras frigor\u00edficas. El producto cuenta con una pantalla junto con una funci\u00f3n de registro de datos que almacena hasta 7770 lecturas de temperatura. Las lecturas estad\u00edsticas de temperatura y duraci\u00f3n de hasta 30 d\u00edas se pueden revisar en la pantalla. Se muestra un disparador de alarma visual si se cumplen una o m\u00e1s de las condiciones de activaci\u00f3n de alarma configuradas.<br \/>\nLos detalles de cualquier violaci\u00f3n se pueden verificar directamente inspeccionando el historial de estad\u00edsticas en la pantalla de la grabadora o con m\u00e1s detalle descargando el registro.<\/p>\n<p>Los detalles de cualquier violaci\u00f3n se pueden verificar directamente inspeccionando el historial de estad\u00edsticas en la pantalla de la grabadora o con m\u00e1s detalle descargando los datos registrados. Los datos registrados se pueden descargar a trav\u00e9s de una interfaz LogTag est\u00e1ndar al software complementario gratuito LogTag Analyzer que proporciona facilidades para mostrar datos en formatos de gr\u00e1ficos, tablas o estad\u00edsticas y permite el archivo, exportaci\u00f3n o transmisi\u00f3n electr\u00f3nica de los datos en apoyo de sofisticados sistemas de gesti\u00f3n de datos.<\/p>\n<p>El dispositivo est\u00e1 preconfigurado con los siguientes ajustes de alarma:<\/p>\n<ul>\n<li>Alarma baja: exposici\u00f3n a -0,5 \u00b0C o menos durante 60 minutos.<\/li>\n<li>Alarma alta: Exposici\u00f3n a +8 \u00b0C o superior durante 10 horas.<\/li>\n<\/ul>\n<p>&nbsp;<\/p>\n<p><strong>Productos destacados:<\/strong><\/p>\n<ul class=\"highlights bullet\">\n<li>Certificado conforme a la especificaci\u00f3n WHO PQS E006\/TR06.3<\/li>\n<li>El reloj en tiempo real registra el tiempo y la temperatura simult\u00e1neamente.<\/li>\n<li>La pantalla muestra el estado actual (LISTO, INICIANDO, GRABANDO o En pausa).<\/li>\n<li>El estado de la bater\u00eda se muestra en la pantalla.<\/li>\n<li>El indicador ALARM aparece en la pantalla para mostrar que se ha producido una activaci\u00f3n de alarma.<\/li>\n<li>Muestra los disparadores de alarma en formato similar a un calendario durante los \u00faltimos 30 d\u00edas.<\/li>\n<li>Muestra la hora y la temperatura actuales cuando no est\u00e1 en modo de revisi\u00f3n.<\/li>\n<li>Permite la revisi\u00f3n del d\u00eda actual y hasta 29 d\u00edas anteriores de datos estad\u00edsticos y tambi\u00e9n agrega una &#8220;marca de inspecci\u00f3n&#8221; en el registro de grabaciones durante la grabaci\u00f3n.<\/li>\n<li>Almacena hasta los \u00faltimos 7770 datos de temperatura con marca de tiempo para su posterior descarga.<\/li>\n<\/ul>\n<p>&nbsp;<\/p>\n<h3>Especificaciones t\u00e9cnicas<\/h3>\n<table class=\"table table-bordered table-condensed\">\n<colgroup>\n<col width=\"50%\" \/>\n<col width=\"50%\" \/><\/colgroup>\n<tbody>\n<tr>\n<td width=\"50%\">C\u00f3digo de pedido de piezas<\/td>\n<td width=\"50%\">TRID30-7FW<\/td>\n<\/tr>\n<tr>\n<td>Rango de medici\u00f3n<\/td>\n<td>-30\u00b0C ~ +60\u00b0C (-22\u00b0F ~ +140\u00b0F)<\/td>\n<\/tr>\n<tr>\n<td>Precisi\u00f3n absoluta nominal<\/td>\n<td>Mejor que \u00b10.5 \u00b0C (\u00b10.9 \u00b0F) de -20 \u00b0C~+40 \u00b0C (-4 \u00b0F ~ +104 \u00b0F) t\u00edpicamente \u00b10.3 \u00b0C (0.6 \u00b0F)Mejor que \u00b10.8 \u00b0C (\u00b11.5 \u00b0F) para otras mediciones &#8211; t\u00edpicamente \u00b10.5 \u00b0C (0.9 \u00b0F)<\/td>\n<\/tr>\n<tr>\n<td>Capacidad<\/td>\n<td>Memoria de registro de datos: 7770 registros (32 d\u00edas @ 6min de registro)<br \/>\nMemoria de estad\u00edsticas de resumen del d\u00eda (para mostrar en LCD): hasta 30 d\u00edas de valores m\u00e1ximos \/ m\u00ednimos y de<br \/>\nduraci\u00f3n<\/td>\n<\/tr>\n<tr>\n<td>Frecuencia de muestreo<\/td>\n<td>Configurado de f\u00e1brica en un intervalo de 6 minutos<\/td>\n<\/tr>\n<tr>\n<td>Medioambiental<\/td>\n<td>IP65 (cuando se monta verticalmente o se cuelga)<\/td>\n<\/tr>\n<tr>\n<td>Fuente de alimentaci\u00f3n<\/td>\n<td>Qu\u00edmica de temperatura extendida de di\u00f3xido de litio-manganeso de 3V<\/td>\n<\/tr>\n<tr>\n<td>Duraci\u00f3n de la bater\u00eda<\/td>\n<td>T\u00edpicamente 2 a\u00f1os de operaci\u00f3n. Esto supone que las estad\u00edsticas diarias se revisan en<br \/>\npantalla no m\u00e1s de una vez al d\u00eda durante no m\u00e1s de 30 segundos cada vez.<\/td>\n<\/tr>\n<tr>\n<td>Tama\u00f1o<\/td>\n<td>93 mm (alto) x 54,5 mm (ancho) x 8,6 mm (profundidad)<\/td>\n<\/tr>\n<tr>\n<td>Peso<\/td>\n<td>43 gramos<\/td>\n<\/tr>\n<tr>\n<td>Material de la caja<\/td>\n<td>Policarbonato<\/td>\n<\/tr>\n<\/tbody>\n<\/table>\n","protected":false},"excerpt":{"rendered":"<p>El dispositivo tambi\u00e9n se puede utilizar como un dispositivo secundario de respaldo en c\u00e1maras frigor\u00edficas. El producto cuenta con una pantalla junto con una funci\u00f3n de registro de datos que almacena hasta 7770 lecturas de temperatura. Las lecturas estad\u00edsticas de temperatura y duraci\u00f3n de hasta 30 d\u00edas se pueden revisar en la pantalla.<\/p>\n","protected":false},"featured_media":1452,"comment_status":"open","ping_status":"closed","template":"","meta":{"_joinchat":[]},"product_brand":[],"product_cat":[15],"product_tag":[],"class_list":{"0":"post-1451","1":"product","2":"type-product","3":"status-publish","4":"has-post-thumbnail","6":"product_cat-sin-categorizar","8":"first","9":"instock","10":"shipping-taxable","11":"product-type-simple"},"yoast_head":"<!-- This site is optimized with the Yoast SEO plugin v26.4 - https:\/\/yoast.com\/wordpress\/plugins\/seo\/ -->\n<title>Logtag vaxtag - Abaa tienda online<\/title>\n<meta name=\"robots\" content=\"index, follow, max-snippet:-1, max-image-preview:large, max-video-preview:-1\" \/>\n<link rel=\"canonical\" href=\"https:\/\/abaa.mx\/tienda\/logtag-vaxtag\/\" \/>\n<meta property=\"og:locale\" content=\"es_MX\" \/>\n<meta property=\"og:type\" content=\"article\" \/>\n<meta property=\"og:title\" content=\"Logtag vaxtag - Abaa tienda online\" \/>\n<meta property=\"og:description\" content=\"El dispositivo tambi\u00e9n se puede utilizar como un dispositivo secundario de respaldo en c\u00e1maras frigor\u00edficas. El producto cuenta con una pantalla junto con una funci\u00f3n de registro de datos que almacena hasta 7770 lecturas de temperatura. Las lecturas estad\u00edsticas de temperatura y duraci\u00f3n de hasta 30 d\u00edas se pueden revisar en la pantalla.\" \/>\n<meta property=\"og:url\" content=\"https:\/\/abaa.mx\/tienda\/logtag-vaxtag\/\" \/>\n<meta property=\"og:site_name\" content=\"Abaa tienda online\" \/>\n<meta property=\"article:modified_time\" content=\"2023-11-23T20:56:11+00:00\" \/>\n<meta property=\"og:image\" content=\"https:\/\/abaa.mx\/tienda\/wp-content\/uploads\/2023\/09\/Vaxtag-1.jpg\" \/>\n\t<meta property=\"og:image:width\" content=\"500\" \/>\n\t<meta property=\"og:image:height\" content=\"500\" \/>\n\t<meta property=\"og:image:type\" content=\"image\/jpeg\" \/>\n<meta name=\"twitter:card\" content=\"summary_large_image\" \/>\n<meta name=\"twitter:label1\" content=\"Tiempo de lectura\" \/>\n\t<meta name=\"twitter:data1\" content=\"3 minutos\" \/>\n<script type=\"application\/ld+json\" class=\"yoast-schema-graph\">{\"@context\":\"https:\/\/schema.org\",\"@graph\":[{\"@type\":\"WebPage\",\"@id\":\"https:\/\/abaa.mx\/tienda\/logtag-vaxtag\/\",\"url\":\"https:\/\/abaa.mx\/tienda\/logtag-vaxtag\/\",\"name\":\"Logtag vaxtag - Abaa tienda online\",\"isPartOf\":{\"@id\":\"https:\/\/abaa.mx\/tienda\/#website\"},\"primaryImageOfPage\":{\"@id\":\"https:\/\/abaa.mx\/tienda\/logtag-vaxtag\/#primaryimage\"},\"image\":{\"@id\":\"https:\/\/abaa.mx\/tienda\/logtag-vaxtag\/#primaryimage\"},\"thumbnailUrl\":\"https:\/\/abaa.mx\/tienda\/wp-content\/uploads\/2023\/09\/Vaxtag-1.jpg\",\"datePublished\":\"2023-09-14T14:42:50+00:00\",\"dateModified\":\"2023-11-23T20:56:11+00:00\",\"breadcrumb\":{\"@id\":\"https:\/\/abaa.mx\/tienda\/logtag-vaxtag\/#breadcrumb\"},\"inLanguage\":\"es\",\"potentialAction\":[{\"@type\":\"ReadAction\",\"target\":[\"https:\/\/abaa.mx\/tienda\/logtag-vaxtag\/\"]}]},{\"@type\":\"ImageObject\",\"inLanguage\":\"es\",\"@id\":\"https:\/\/abaa.mx\/tienda\/logtag-vaxtag\/#primaryimage\",\"url\":\"https:\/\/abaa.mx\/tienda\/wp-content\/uploads\/2023\/09\/Vaxtag-1.jpg\",\"contentUrl\":\"https:\/\/abaa.mx\/tienda\/wp-content\/uploads\/2023\/09\/Vaxtag-1.jpg\",\"width\":500,\"height\":500,\"caption\":\"logtag-vaxtag\"},{\"@type\":\"BreadcrumbList\",\"@id\":\"https:\/\/abaa.mx\/tienda\/logtag-vaxtag\/#breadcrumb\",\"itemListElement\":[{\"@type\":\"ListItem\",\"position\":1,\"name\":\"Inicio\",\"item\":\"https:\/\/abaa.mx\/tienda\/\"},{\"@type\":\"ListItem\",\"position\":2,\"name\":\"Tienda\",\"item\":\"https:\/\/abaa.mx\/tienda\/\"},{\"@type\":\"ListItem\",\"position\":3,\"name\":\"Logtag vaxtag\"}]},{\"@type\":\"WebSite\",\"@id\":\"https:\/\/abaa.mx\/tienda\/#website\",\"url\":\"https:\/\/abaa.mx\/tienda\/\",\"name\":\"Abaa tienda online\",\"description\":\"Instrumentos de medici\u00f3n\",\"publisher\":{\"@id\":\"https:\/\/abaa.mx\/tienda\/#organization\"},\"potentialAction\":[{\"@type\":\"SearchAction\",\"target\":{\"@type\":\"EntryPoint\",\"urlTemplate\":\"https:\/\/abaa.mx\/tienda\/?s={search_term_string}\"},\"query-input\":{\"@type\":\"PropertyValueSpecification\",\"valueRequired\":true,\"valueName\":\"search_term_string\"}}],\"inLanguage\":\"es\"},{\"@type\":\"Organization\",\"@id\":\"https:\/\/abaa.mx\/tienda\/#organization\",\"name\":\"Abaa tienda online\",\"url\":\"https:\/\/abaa.mx\/tienda\/\",\"logo\":{\"@type\":\"ImageObject\",\"inLanguage\":\"es\",\"@id\":\"https:\/\/abaa.mx\/tienda\/#\/schema\/logo\/image\/\",\"url\":\"https:\/\/abaa.mx\/tienda\/wp-content\/uploads\/2024\/01\/abaa-metrologia-tienda.png\",\"contentUrl\":\"https:\/\/abaa.mx\/tienda\/wp-content\/uploads\/2024\/01\/abaa-metrologia-tienda.png\",\"width\":300,\"height\":141,\"caption\":\"Abaa tienda online\"},\"image\":{\"@id\":\"https:\/\/abaa.mx\/tienda\/#\/schema\/logo\/image\/\"}}]}<\/script>\n<!-- \/ Yoast SEO plugin. -->","yoast_head_json":{"title":"Logtag vaxtag - Abaa tienda online","robots":{"index":"index","follow":"follow","max-snippet":"max-snippet:-1","max-image-preview":"max-image-preview:large","max-video-preview":"max-video-preview:-1"},"canonical":"https:\/\/abaa.mx\/tienda\/logtag-vaxtag\/","og_locale":"es_MX","og_type":"article","og_title":"Logtag vaxtag - Abaa tienda online","og_description":"El dispositivo tambi\u00e9n se puede utilizar como un dispositivo secundario de respaldo en c\u00e1maras frigor\u00edficas. El producto cuenta con una pantalla junto con una funci\u00f3n de registro de datos que almacena hasta 7770 lecturas de temperatura. Las lecturas estad\u00edsticas de temperatura y duraci\u00f3n de hasta 30 d\u00edas se pueden revisar en la pantalla.","og_url":"https:\/\/abaa.mx\/tienda\/logtag-vaxtag\/","og_site_name":"Abaa tienda online","article_modified_time":"2023-11-23T20:56:11+00:00","og_image":[{"width":500,"height":500,"url":"https:\/\/abaa.mx\/tienda\/wp-content\/uploads\/2023\/09\/Vaxtag-1.jpg","type":"image\/jpeg"}],"twitter_card":"summary_large_image","twitter_misc":{"Tiempo de lectura":"3 minutos"},"schema":{"@context":"https:\/\/schema.org","@graph":[{"@type":"WebPage","@id":"https:\/\/abaa.mx\/tienda\/logtag-vaxtag\/","url":"https:\/\/abaa.mx\/tienda\/logtag-vaxtag\/","name":"Logtag vaxtag - Abaa tienda online","isPartOf":{"@id":"https:\/\/abaa.mx\/tienda\/#website"},"primaryImageOfPage":{"@id":"https:\/\/abaa.mx\/tienda\/logtag-vaxtag\/#primaryimage"},"image":{"@id":"https:\/\/abaa.mx\/tienda\/logtag-vaxtag\/#primaryimage"},"thumbnailUrl":"https:\/\/abaa.mx\/tienda\/wp-content\/uploads\/2023\/09\/Vaxtag-1.jpg","datePublished":"2023-09-14T14:42:50+00:00","dateModified":"2023-11-23T20:56:11+00:00","breadcrumb":{"@id":"https:\/\/abaa.mx\/tienda\/logtag-vaxtag\/#breadcrumb"},"inLanguage":"es","potentialAction":[{"@type":"ReadAction","target":["https:\/\/abaa.mx\/tienda\/logtag-vaxtag\/"]}]},{"@type":"ImageObject","inLanguage":"es","@id":"https:\/\/abaa.mx\/tienda\/logtag-vaxtag\/#primaryimage","url":"https:\/\/abaa.mx\/tienda\/wp-content\/uploads\/2023\/09\/Vaxtag-1.jpg","contentUrl":"https:\/\/abaa.mx\/tienda\/wp-content\/uploads\/2023\/09\/Vaxtag-1.jpg","width":500,"height":500,"caption":"logtag-vaxtag"},{"@type":"BreadcrumbList","@id":"https:\/\/abaa.mx\/tienda\/logtag-vaxtag\/#breadcrumb","itemListElement":[{"@type":"ListItem","position":1,"name":"Inicio","item":"https:\/\/abaa.mx\/tienda\/"},{"@type":"ListItem","position":2,"name":"Tienda","item":"https:\/\/abaa.mx\/tienda\/"},{"@type":"ListItem","position":3,"name":"Logtag vaxtag"}]},{"@type":"WebSite","@id":"https:\/\/abaa.mx\/tienda\/#website","url":"https:\/\/abaa.mx\/tienda\/","name":"Abaa tienda online","description":"Instrumentos de medici\u00f3n","publisher":{"@id":"https:\/\/abaa.mx\/tienda\/#organization"},"potentialAction":[{"@type":"SearchAction","target":{"@type":"EntryPoint","urlTemplate":"https:\/\/abaa.mx\/tienda\/?s={search_term_string}"},"query-input":{"@type":"PropertyValueSpecification","valueRequired":true,"valueName":"search_term_string"}}],"inLanguage":"es"},{"@type":"Organization","@id":"https:\/\/abaa.mx\/tienda\/#organization","name":"Abaa tienda online","url":"https:\/\/abaa.mx\/tienda\/","logo":{"@type":"ImageObject","inLanguage":"es","@id":"https:\/\/abaa.mx\/tienda\/#\/schema\/logo\/image\/","url":"https:\/\/abaa.mx\/tienda\/wp-content\/uploads\/2024\/01\/abaa-metrologia-tienda.png","contentUrl":"https:\/\/abaa.mx\/tienda\/wp-content\/uploads\/2024\/01\/abaa-metrologia-tienda.png","width":300,"height":141,"caption":"Abaa tienda online"},"image":{"@id":"https:\/\/abaa.mx\/tienda\/#\/schema\/logo\/image\/"}}]}},"_links":{"self":[{"href":"https:\/\/abaa.mx\/tienda\/wp-json\/wp\/v2\/product\/1451","targetHints":{"allow":["GET"]}}],"collection":[{"href":"https:\/\/abaa.mx\/tienda\/wp-json\/wp\/v2\/product"}],"about":[{"href":"https:\/\/abaa.mx\/tienda\/wp-json\/wp\/v2\/types\/product"}],"replies":[{"embeddable":true,"href":"https:\/\/abaa.mx\/tienda\/wp-json\/wp\/v2\/comments?post=1451"}],"wp:featuredmedia":[{"embeddable":true,"href":"https:\/\/abaa.mx\/tienda\/wp-json\/wp\/v2\/media\/1452"}],"wp:attachment":[{"href":"https:\/\/abaa.mx\/tienda\/wp-json\/wp\/v2\/media?parent=1451"}],"wp:term":[{"taxonomy":"product_brand","embeddable":true,"href":"https:\/\/abaa.mx\/tienda\/wp-json\/wp\/v2\/product_brand?post=1451"},{"taxonomy":"product_cat","embeddable":true,"href":"https:\/\/abaa.mx\/tienda\/wp-json\/wp\/v2\/product_cat?post=1451"},{"taxonomy":"product_tag","embeddable":true,"href":"https:\/\/abaa.mx\/tienda\/wp-json\/wp\/v2\/product_tag?post=1451"}],"curies":[{"name":"wp","href":"https:\/\/api.w.org\/{rel}","templated":true}]}}