{"id":1448,"date":"2023-09-14T14:33:33","date_gmt":"2023-09-14T14:33:33","guid":{"rendered":"https:\/\/abaa.mx\/tienda\/?post_type=product&#038;p=1448"},"modified":"2023-11-23T21:02:38","modified_gmt":"2023-11-23T21:02:38","slug":"logtag-tred30-16r","status":"publish","type":"product","link":"https:\/\/abaa.mx\/tienda\/logtag-tred30-16r\/","title":{"rendered":"Logtag tred30-16r"},"content":{"rendered":"<p>El registrador de temperatura LogTag TRED30-16R mide y almacena hasta 15.900 lecturas de temperatura en un rango de medici\u00f3n de -40 \u00b0C a +99 \u00b0C, utilizando una sonda de temperatura remota. La pantalla est\u00e1 dise\u00f1ada para mostrar &#8220;de un vistazo&#8221; si se han producido excursiones de temperatura durante el d\u00eda actual y hasta los 29 d\u00edas anteriores. La pantalla tambi\u00e9n muestra la lectura de temperatura actual, la hora actual, el estado de grabaci\u00f3n y el estado de la bater\u00eda.<\/p>\n<p>La alarma se activa si las lecturas de temperatura est\u00e1n fuera de los l\u00edmites de alarma preestablecidos. El indicador de estado cambia de a \u2714 a X y, si se configura, sonar\u00e1 la alarma sonora. El marcador de d\u00eda tambi\u00e9n aparecer\u00e1 si a\u00fan no est\u00e1 presente. El indicador de estado de alarma y la alarma audible se pueden borrar f\u00e1cilmente, pero el marcador de d\u00eda permanece para garantizar que se muestre un registro visible de las excursiones en la pantalla. Un procedimiento simplificado de autorizaci\u00f3n de alarma, parada y arranque est\u00e1 disponible como opci\u00f3n. Los detalles de cualquier excursi\u00f3n en los 30 d\u00edas anteriores se pueden verificar directamente inspeccionando el historial de estad\u00edsticas en la pantalla de la grabadora o con m\u00e1s detalle descargando los datos registrados a trav\u00e9s de un software operativo est\u00e1ndar LogTag Interface de base a LogTag Analyzer.<\/p>\n<p>&nbsp;<\/p>\n<p><strong>Productos destacados:\u00a0<\/strong><\/p>\n<ul class=\"highlights bullet\">\n<li><strong>Registro de datos:<\/strong>\u00a0Registra los datos de tiempo y temperatura para su posterior descarga.<\/li>\n<li><strong>Indicadores estatales:<\/strong>\u00a0La pantalla muestra el estado actual (LISTO, INICIANDO, GRABANDO, PAUSADO o DETENIDO).<\/li>\n<li><strong>S\u00edmbolo de alarma: <\/strong>Aparece en la pantalla para mostrar que se ha producido una activaci\u00f3n de alarma.<\/li>\n<li><strong>Resumen de alarma diurna:<\/strong>\u00a0Muestra en formato de calendario los disparadores de alarma de hasta los \u00faltimos 30 d\u00edas.<\/li>\n<li><strong>Tiempo actual y temperatura:<\/strong>\u00a0Muestra la hora actual y la \u00faltima temperatura registrada cuando no est\u00e1 en modo de revisi\u00f3n.<\/li>\n<li><strong>Bot\u00f3n Revisar: <\/strong>Permite la revisi\u00f3n del d\u00eda actual y hasta 29 d\u00edas anteriores de datos estad\u00edsticos y tambi\u00e9n agrega una &#8216;marca de inspecci\u00f3n&#8217; en las grabaciones.<\/li>\n<li><strong>Bot\u00f3n Inicio\/Borrar\/Detener:<\/strong>\u00a0Inicio de grabaci\u00f3n con bot\u00f3n pulsador, borrado de alarma y parada de grabaci\u00f3n (cada opci\u00f3n configurable por separado).<\/li>\n<li><strong>Opciones de inicio flexibles:<\/strong>\u00a0Inicio de la grabaci\u00f3n con bot\u00f3n pulsador con inicio retrasado opcional (hasta 18 horas) o inicio espec\u00edfico de fecha y hora.<\/li>\n<li><strong>Opciones de grabaci\u00f3n flexibles:<\/strong>\u00a0Grabe durante un tiempo fijo o grabe continuamente con &#8220;registro envolvente&#8221;.<\/li>\n<li><strong>\u00a1Descarga r\u00e1pida!:<\/strong>\u00a0Solo tarda unos segundos en descargar las grabaciones.<\/li>\n<li><strong>Estuche plano delgado:<\/strong>\u00a0Cabe f\u00e1cilmente en el embalaje y es lo suficientemente delgado como para ser enviado f\u00e1cilmente por correo &#8220;tarifa de carta&#8221;.<\/li>\n<li><strong>Reloj en tiempo real:<\/strong>\u00a0Registra el tiempo y la temperatura simult\u00e1neamente.<\/li>\n<li><strong>Capacidad de 15.900 grabaciones:<\/strong>\u00a0Memoria suficiente para 66 d\u00edas @ 6 min de registro.<\/li>\n<li><strong>Conector de alta calidad:<\/strong>\u00a0Conector de sonda remota chapado en oro.<\/li>\n<li><strong>Sondas intercambiables:<\/strong>\u00a0Las sondas ST100 de temperatura remota LogTag son intercambiables.<\/li>\n<\/ul>\n<p>&nbsp;<\/p>\n<h3><\/h3>\n<h3>Especificaciones t\u00e9cnicas<\/h3>\n<table class=\"table table-bordered table-condensed\">\n<colgroup>\n<col width=\"50%\" \/>\n<col width=\"50%\" \/><\/colgroup>\n<tbody>\n<tr>\n<td width=\"50%\">Modelo de producto<\/td>\n<td width=\"50%\">TRED30-16R (bater\u00eda reemplazable)<\/td>\n<\/tr>\n<tr>\n<td>Rango de medici\u00f3n del sensor de temperatura externo<\/td>\n<td>-40\u00b0C ~ +99\u00b0C<\/td>\n<\/tr>\n<tr>\n<td>Rango de temperatura de funcionamiento<\/td>\n<td>-30\u00b0C ~ +60\u00b0C<\/td>\n<\/tr>\n<tr>\n<td>Rango de temperatura de almacenamiento<\/td>\n<td>-10\u00b0C ~ +40\u00b0C<\/td>\n<\/tr>\n<tr>\n<td>Precisi\u00f3n de lectura de temperatura nominal<\/td>\n<td>Mejor que \u00b10.5 \u00b0C para -20 \u00b0C ~ + 40 \u00b0C &#8211; t\u00edpicamente \u00b10,3 \u00b0C Mejor que \u00b10.8 \u00b0C para -40 \u00b0C ~ +20 \u00b0C &#8211; t\u00edpicamente \u00b10,5 \u00b0C Mejor que \u00b10.8 \u00b0C para +40 \u00b0C ~ +70 \u00b0C &#8211; t\u00edpicamente \u00b10.7 \u00b0C Mejor que \u00b11.2 \u00b0C para +70 \u00b0C ~ +99 \u00b0C &#8211; t\u00edpicamente \u00b11 \u00b0C<\/td>\n<\/tr>\n<tr>\n<td>Resoluci\u00f3n de lectura de temperatura nominal en LCD<\/td>\n<td>0.1 \u00b0C para mediciones -40 \u00b0C ~ +50 \u00b0C 0.2 \u00b0C (0.4 \u00b0F) para mediciones +50 \u00b0C ~ +70 \u00b0C 0.3 \u00b0C (0.5 \u00b0F) para mediciones +70 \u00b0C ~ +80 \u00b0C 0.4 \u00b0C-0.6 \u00b0C para mediciones +80 \u00b0C~ +99 \u00b0C<\/td>\n<\/tr>\n<tr>\n<td>Capacidad de grabaci\u00f3n<\/td>\n<td>Memoria de registro de datos: 15.905 registros, por ejemplo, 66 d\u00edas @ 6 minutos de registro, 80 d\u00edas @ 15 minutos de registro Memoria de estad\u00edsticas de resumen del d\u00eda (para mostrar en LCD): hasta 30 d\u00edas de Max \/ M\u00edn. \/ duraci\u00f3n y estad\u00edsticas de activaci\u00f3n de<br \/>\nalarma<\/td>\n<\/tr>\n<tr>\n<td>Intervalo de muestreo<\/td>\n<td>Configurable desde 30 segundos hasta cada hora<\/td>\n<\/tr>\n<tr>\n<td>Opciones de inicio de registro<\/td>\n<td>Admite envoltura &#8216;continua&#8217; o per\u00edodo de grabaci\u00f3n espec\u00edfico<\/td>\n<\/tr>\n<tr>\n<td>Indicaci\u00f3n de grabaci\u00f3n<\/td>\n<td>Indicador de estado &#8220;REC&#8221;<\/td>\n<\/tr>\n<tr>\n<td>Hora de descarga<\/td>\n<td>Normalmente menos de 10 segundos para la memoria completa (15.905 lecturas), dependiendo del ordenador o dispositivo de lectura utilizado.<\/td>\n<\/tr>\n<tr>\n<td>Medioambiental<\/td>\n<td>IP 61 (cuando se monta verticalmente o se cuelga)<\/td>\n<\/tr>\n<tr>\n<td>Fuente de alimentaci\u00f3n<\/td>\n<td>Bater\u00eda de bot\u00f3n CR3 (LiMnO2032) de 2V, reemplazable por el usuario<\/td>\n<\/tr>\n<tr>\n<td>Duraci\u00f3n de la bater\u00eda<\/td>\n<td>T\u00edpicamente 1 a\u00f1o de operaci\u00f3n.<br \/>\nNOTA: La duraci\u00f3n t\u00edpica de la bater\u00eda supone un registro de 6 minutos, las estad\u00edsticas diarias se revisan en la pantalla no m\u00e1s de una vez al d\u00eda durante no m\u00e1s de 30 segundos cada vez.<br \/>\nDescarga datos mensualmente.<br \/>\nNOTA: La activaci\u00f3n continua de la alarma audible reducir\u00e1 la vida \u00fatil de la bater\u00eda. Cuando se activa una alarma, la alarma debe borrarse y restablecerse lo<br \/>\nantes posible.<\/td>\n<\/tr>\n<tr>\n<td>Reloj en tiempo real<\/td>\n<td>Reloj en tiempo real incorporado.<br \/>\nPrecisi\u00f3n nominal \u00b125 ppm @ 25 \u00b0C (equivalente a 2,5 segundos\/d\u00eda).<br \/>\nEl coeficiente de temperatura nominal es de -0.034 \u00b10.006 ppm\/\u00b0C (es decir, t\u00edpicamente +\/- 0.00294 segundos\/d\u00eda\/\u00b0C).<\/td>\n<\/tr>\n<tr>\n<td>Longitudes de cable de sonda externa<\/td>\n<td>Est\u00e1ndar: 1,5 m.Extendido<br \/>\n: 3 m (m\u00e1ximo recomendado).<\/td>\n<\/tr>\n<tr>\n<td>Tipo de sonda externa remota<\/td>\n<td>PTFE (FDA food contact rated) coaxial.<\/td>\n<\/tr>\n<tr>\n<td>Tama\u00f1o<\/td>\n<td>93,0 mm(alto)x54,5 mm(ancho)x8,6 mm(profundidad)<\/td>\n<\/tr>\n<tr>\n<td>Peso<\/td>\n<td>43 gramos sin sonda externa<\/td>\n<\/tr>\n<tr>\n<td>Material de la caja<\/td>\n<td>Policarbonato<\/td>\n<\/tr>\n<tr>\n<td>Cumplimiento de Normas de EMC<\/td>\n<td>Cumple con las directivas EC EMC (EN 61000-6-3:2006 y EN 61000-6-1:2005)<br \/>\nCumple con FCC Parte 15 Subpartes A y B.<\/td>\n<\/tr>\n<tr>\n<td>Cumplimiento de la FDA 21CFR Parte 11<\/td>\n<td>Dise\u00f1ado para cumplir con FDA 21CFR Parte 11 (Firmas digitales)<\/td>\n<\/tr>\n<tr>\n<td>Interfaz del lector<\/td>\n<td>Base de interfaz LogTag est\u00e1ndar<\/td>\n<\/tr>\n<tr>\n<td><img decoding=\"async\" src=\"https:\/\/www.logtag-recorders.com\/content\/images\/rohs.png\" \/><\/td>\n<td>Fabricado para cumplir con la Directiva Europea RoHS<\/td>\n<\/tr>\n<\/tbody>\n<\/table>\n","protected":false},"excerpt":{"rendered":"<p>El registrador de temperatura LogTag TRED30-16R mide y almacena hasta 15.900 lecturas de temperatura en un rango de medici\u00f3n de -40 \u00b0C a +99 \u00b0C, utilizando una sonda de temperatura remota.<\/p>\n","protected":false},"featured_media":1450,"comment_status":"open","ping_status":"closed","template":"","meta":{"_joinchat":[]},"product_brand":[],"product_cat":[15],"product_tag":[],"class_list":{"0":"post-1448","1":"product","2":"type-product","3":"status-publish","4":"has-post-thumbnail","6":"product_cat-sin-categorizar","8":"first","9":"instock","10":"shipping-taxable","11":"product-type-simple"},"yoast_head":"<!-- This site is optimized with the Yoast SEO plugin v26.4 - https:\/\/yoast.com\/wordpress\/plugins\/seo\/ -->\n<title>Logtag tred30-16r - Abaa tienda online<\/title>\n<meta name=\"robots\" content=\"index, follow, max-snippet:-1, max-image-preview:large, max-video-preview:-1\" \/>\n<link rel=\"canonical\" href=\"https:\/\/abaa.mx\/tienda\/logtag-tred30-16r\/\" \/>\n<meta property=\"og:locale\" content=\"es_MX\" \/>\n<meta property=\"og:type\" content=\"article\" \/>\n<meta property=\"og:title\" content=\"Logtag tred30-16r - Abaa tienda online\" \/>\n<meta property=\"og:description\" content=\"El registrador de temperatura LogTag TRED30-16R mide y almacena hasta 15.900 lecturas de temperatura en un rango de medici\u00f3n de -40 \u00b0C a +99 \u00b0C, utilizando una sonda de temperatura remota.\" \/>\n<meta property=\"og:url\" content=\"https:\/\/abaa.mx\/tienda\/logtag-tred30-16r\/\" \/>\n<meta property=\"og:site_name\" content=\"Abaa tienda online\" \/>\n<meta property=\"article:modified_time\" content=\"2023-11-23T21:02:38+00:00\" \/>\n<meta property=\"og:image\" content=\"https:\/\/abaa.mx\/tienda\/wp-content\/uploads\/2023\/09\/yo.jpg\" \/>\n\t<meta property=\"og:image:width\" content=\"626\" \/>\n\t<meta property=\"og:image:height\" content=\"691\" \/>\n\t<meta property=\"og:image:type\" content=\"image\/jpeg\" \/>\n<meta name=\"twitter:card\" content=\"summary_large_image\" \/>\n<meta name=\"twitter:label1\" content=\"Tiempo de lectura\" \/>\n\t<meta name=\"twitter:data1\" content=\"5 minutos\" \/>\n<script type=\"application\/ld+json\" class=\"yoast-schema-graph\">{\"@context\":\"https:\/\/schema.org\",\"@graph\":[{\"@type\":\"WebPage\",\"@id\":\"https:\/\/abaa.mx\/tienda\/logtag-tred30-16r\/\",\"url\":\"https:\/\/abaa.mx\/tienda\/logtag-tred30-16r\/\",\"name\":\"Logtag tred30-16r - Abaa tienda online\",\"isPartOf\":{\"@id\":\"https:\/\/abaa.mx\/tienda\/#website\"},\"primaryImageOfPage\":{\"@id\":\"https:\/\/abaa.mx\/tienda\/logtag-tred30-16r\/#primaryimage\"},\"image\":{\"@id\":\"https:\/\/abaa.mx\/tienda\/logtag-tred30-16r\/#primaryimage\"},\"thumbnailUrl\":\"https:\/\/abaa.mx\/tienda\/wp-content\/uploads\/2023\/09\/yo.jpg\",\"datePublished\":\"2023-09-14T14:33:33+00:00\",\"dateModified\":\"2023-11-23T21:02:38+00:00\",\"breadcrumb\":{\"@id\":\"https:\/\/abaa.mx\/tienda\/logtag-tred30-16r\/#breadcrumb\"},\"inLanguage\":\"es\",\"potentialAction\":[{\"@type\":\"ReadAction\",\"target\":[\"https:\/\/abaa.mx\/tienda\/logtag-tred30-16r\/\"]}]},{\"@type\":\"ImageObject\",\"inLanguage\":\"es\",\"@id\":\"https:\/\/abaa.mx\/tienda\/logtag-tred30-16r\/#primaryimage\",\"url\":\"https:\/\/abaa.mx\/tienda\/wp-content\/uploads\/2023\/09\/yo.jpg\",\"contentUrl\":\"https:\/\/abaa.mx\/tienda\/wp-content\/uploads\/2023\/09\/yo.jpg\",\"width\":626,\"height\":691,\"caption\":\"logtag-tred30-16r\"},{\"@type\":\"BreadcrumbList\",\"@id\":\"https:\/\/abaa.mx\/tienda\/logtag-tred30-16r\/#breadcrumb\",\"itemListElement\":[{\"@type\":\"ListItem\",\"position\":1,\"name\":\"Inicio\",\"item\":\"https:\/\/abaa.mx\/tienda\/\"},{\"@type\":\"ListItem\",\"position\":2,\"name\":\"Tienda\",\"item\":\"https:\/\/abaa.mx\/tienda\/\"},{\"@type\":\"ListItem\",\"position\":3,\"name\":\"Logtag tred30-16r\"}]},{\"@type\":\"WebSite\",\"@id\":\"https:\/\/abaa.mx\/tienda\/#website\",\"url\":\"https:\/\/abaa.mx\/tienda\/\",\"name\":\"Abaa tienda online\",\"description\":\"Instrumentos de medici\u00f3n\",\"publisher\":{\"@id\":\"https:\/\/abaa.mx\/tienda\/#organization\"},\"potentialAction\":[{\"@type\":\"SearchAction\",\"target\":{\"@type\":\"EntryPoint\",\"urlTemplate\":\"https:\/\/abaa.mx\/tienda\/?s={search_term_string}\"},\"query-input\":{\"@type\":\"PropertyValueSpecification\",\"valueRequired\":true,\"valueName\":\"search_term_string\"}}],\"inLanguage\":\"es\"},{\"@type\":\"Organization\",\"@id\":\"https:\/\/abaa.mx\/tienda\/#organization\",\"name\":\"Abaa tienda online\",\"url\":\"https:\/\/abaa.mx\/tienda\/\",\"logo\":{\"@type\":\"ImageObject\",\"inLanguage\":\"es\",\"@id\":\"https:\/\/abaa.mx\/tienda\/#\/schema\/logo\/image\/\",\"url\":\"https:\/\/abaa.mx\/tienda\/wp-content\/uploads\/2024\/01\/abaa-metrologia-tienda.png\",\"contentUrl\":\"https:\/\/abaa.mx\/tienda\/wp-content\/uploads\/2024\/01\/abaa-metrologia-tienda.png\",\"width\":300,\"height\":141,\"caption\":\"Abaa tienda online\"},\"image\":{\"@id\":\"https:\/\/abaa.mx\/tienda\/#\/schema\/logo\/image\/\"}}]}<\/script>\n<!-- \/ Yoast SEO plugin. -->","yoast_head_json":{"title":"Logtag tred30-16r - Abaa tienda online","robots":{"index":"index","follow":"follow","max-snippet":"max-snippet:-1","max-image-preview":"max-image-preview:large","max-video-preview":"max-video-preview:-1"},"canonical":"https:\/\/abaa.mx\/tienda\/logtag-tred30-16r\/","og_locale":"es_MX","og_type":"article","og_title":"Logtag tred30-16r - Abaa tienda online","og_description":"El registrador de temperatura LogTag TRED30-16R mide y almacena hasta 15.900 lecturas de temperatura en un rango de medici\u00f3n de -40 \u00b0C a +99 \u00b0C, utilizando una sonda de temperatura remota.","og_url":"https:\/\/abaa.mx\/tienda\/logtag-tred30-16r\/","og_site_name":"Abaa tienda online","article_modified_time":"2023-11-23T21:02:38+00:00","og_image":[{"width":626,"height":691,"url":"https:\/\/abaa.mx\/tienda\/wp-content\/uploads\/2023\/09\/yo.jpg","type":"image\/jpeg"}],"twitter_card":"summary_large_image","twitter_misc":{"Tiempo de lectura":"5 minutos"},"schema":{"@context":"https:\/\/schema.org","@graph":[{"@type":"WebPage","@id":"https:\/\/abaa.mx\/tienda\/logtag-tred30-16r\/","url":"https:\/\/abaa.mx\/tienda\/logtag-tred30-16r\/","name":"Logtag tred30-16r - Abaa tienda online","isPartOf":{"@id":"https:\/\/abaa.mx\/tienda\/#website"},"primaryImageOfPage":{"@id":"https:\/\/abaa.mx\/tienda\/logtag-tred30-16r\/#primaryimage"},"image":{"@id":"https:\/\/abaa.mx\/tienda\/logtag-tred30-16r\/#primaryimage"},"thumbnailUrl":"https:\/\/abaa.mx\/tienda\/wp-content\/uploads\/2023\/09\/yo.jpg","datePublished":"2023-09-14T14:33:33+00:00","dateModified":"2023-11-23T21:02:38+00:00","breadcrumb":{"@id":"https:\/\/abaa.mx\/tienda\/logtag-tred30-16r\/#breadcrumb"},"inLanguage":"es","potentialAction":[{"@type":"ReadAction","target":["https:\/\/abaa.mx\/tienda\/logtag-tred30-16r\/"]}]},{"@type":"ImageObject","inLanguage":"es","@id":"https:\/\/abaa.mx\/tienda\/logtag-tred30-16r\/#primaryimage","url":"https:\/\/abaa.mx\/tienda\/wp-content\/uploads\/2023\/09\/yo.jpg","contentUrl":"https:\/\/abaa.mx\/tienda\/wp-content\/uploads\/2023\/09\/yo.jpg","width":626,"height":691,"caption":"logtag-tred30-16r"},{"@type":"BreadcrumbList","@id":"https:\/\/abaa.mx\/tienda\/logtag-tred30-16r\/#breadcrumb","itemListElement":[{"@type":"ListItem","position":1,"name":"Inicio","item":"https:\/\/abaa.mx\/tienda\/"},{"@type":"ListItem","position":2,"name":"Tienda","item":"https:\/\/abaa.mx\/tienda\/"},{"@type":"ListItem","position":3,"name":"Logtag tred30-16r"}]},{"@type":"WebSite","@id":"https:\/\/abaa.mx\/tienda\/#website","url":"https:\/\/abaa.mx\/tienda\/","name":"Abaa tienda online","description":"Instrumentos de medici\u00f3n","publisher":{"@id":"https:\/\/abaa.mx\/tienda\/#organization"},"potentialAction":[{"@type":"SearchAction","target":{"@type":"EntryPoint","urlTemplate":"https:\/\/abaa.mx\/tienda\/?s={search_term_string}"},"query-input":{"@type":"PropertyValueSpecification","valueRequired":true,"valueName":"search_term_string"}}],"inLanguage":"es"},{"@type":"Organization","@id":"https:\/\/abaa.mx\/tienda\/#organization","name":"Abaa tienda online","url":"https:\/\/abaa.mx\/tienda\/","logo":{"@type":"ImageObject","inLanguage":"es","@id":"https:\/\/abaa.mx\/tienda\/#\/schema\/logo\/image\/","url":"https:\/\/abaa.mx\/tienda\/wp-content\/uploads\/2024\/01\/abaa-metrologia-tienda.png","contentUrl":"https:\/\/abaa.mx\/tienda\/wp-content\/uploads\/2024\/01\/abaa-metrologia-tienda.png","width":300,"height":141,"caption":"Abaa tienda online"},"image":{"@id":"https:\/\/abaa.mx\/tienda\/#\/schema\/logo\/image\/"}}]}},"_links":{"self":[{"href":"https:\/\/abaa.mx\/tienda\/wp-json\/wp\/v2\/product\/1448","targetHints":{"allow":["GET"]}}],"collection":[{"href":"https:\/\/abaa.mx\/tienda\/wp-json\/wp\/v2\/product"}],"about":[{"href":"https:\/\/abaa.mx\/tienda\/wp-json\/wp\/v2\/types\/product"}],"replies":[{"embeddable":true,"href":"https:\/\/abaa.mx\/tienda\/wp-json\/wp\/v2\/comments?post=1448"}],"wp:featuredmedia":[{"embeddable":true,"href":"https:\/\/abaa.mx\/tienda\/wp-json\/wp\/v2\/media\/1450"}],"wp:attachment":[{"href":"https:\/\/abaa.mx\/tienda\/wp-json\/wp\/v2\/media?parent=1448"}],"wp:term":[{"taxonomy":"product_brand","embeddable":true,"href":"https:\/\/abaa.mx\/tienda\/wp-json\/wp\/v2\/product_brand?post=1448"},{"taxonomy":"product_cat","embeddable":true,"href":"https:\/\/abaa.mx\/tienda\/wp-json\/wp\/v2\/product_cat?post=1448"},{"taxonomy":"product_tag","embeddable":true,"href":"https:\/\/abaa.mx\/tienda\/wp-json\/wp\/v2\/product_tag?post=1448"}],"curies":[{"name":"wp","href":"https:\/\/api.w.org\/{rel}","templated":true}]}}