{"id":1441,"date":"2023-09-08T22:12:16","date_gmt":"2023-09-08T22:12:16","guid":{"rendered":"https:\/\/abaa.mx\/tienda\/?post_type=product&#038;p=1441"},"modified":"2023-11-24T14:51:53","modified_gmt":"2023-11-24T14:51:53","slug":"logtag-utrel30-16","status":"publish","type":"product","link":"https:\/\/abaa.mx\/tienda\/logtag-utrel30-16\/","title":{"rendered":"Logtag utrel30-16"},"content":{"rendered":"<p class=\"lead\">El\u00a0LogTag\u00a0UTREL30-16 DUALes un registrador de 30 d\u00edas con pantalla, el registrador de monitoreo de vacunas recomendado. Este registrador de temperatura mide y almacena hasta 30.000 lecturas de temperatura (16.000 por canal) en un rango de medici\u00f3n de -90 \u00b0C a +40 \u00b0C a trav\u00e9s del sensor externo. Suficiente para 67 d\u00edas en 6 minutos de registro. La pantalla est\u00e1 dise\u00f1ada para mostrar &#8220;de un vistazo&#8221; si se han producido excursiones de temperatura durante el d\u00eda actual y hasta los 30 d\u00edas anteriores. La pantalla tambi\u00e9n muestra la lectura de temperatura actual, la hora actual, el estado de grabaci\u00f3n y el estado de la bater\u00eda.<\/p>\n<p>La alarma se activa si las lecturas de temperatura est\u00e1n fuera de los l\u00edmites de alarma preestablecidos. El indicador de estado cambia de a \u2714 a X, el LED rojo parpadea y, si est\u00e1 configurado, sonar\u00e1 la alarma audible. El marcador de d\u00eda tambi\u00e9n aparecer\u00e1 si a\u00fan no est\u00e1 presente. El indicador de estado de alarma y la alarma audible se pueden borrar f\u00e1cilmente, pero el marcador de d\u00eda permanece para garantizar que se muestre un registro visible de las excursiones en la pantalla. Un procedimiento simplificado de autorizaci\u00f3n de alarma, parada y arranque est\u00e1 disponible como opci\u00f3n. Los detalles de cualquier excursi\u00f3n en los 30 d\u00edas anteriores se pueden verificar directamente inspeccionando el historial de estad\u00edsticas en la pantalla de la grabadora o con m\u00e1s detalle descargando los datos registrados a trav\u00e9s de un cable micro-USB al software operativo LogTag Analyzer.<\/p>\n<p>&nbsp;<\/p>\n<p><strong>Productos destacados:\u00a0<\/strong><\/p>\n<ul>\n<li><strong>Lea: <\/strong>La temperatura actual y la \u00faltima\u00a0temperatura m\u00ednima-m\u00e1xima\u00a0de un vistazo.<\/li>\n<li><strong>Comprobar y restablecer: <\/strong>Lectura de temperatura m\u00ednima-m\u00e1xima en cualquier momento.<\/li>\n<li><strong>La alarma audible y el\u00a0LED rojo:<\/strong> Parpadeante indican una\u00a0alarma\u00a0de temperatura.<\/li>\n<li><strong>Vea el estado de la alarma: <\/strong>Durante un m\u00e1ximo de 30 d\u00edas de\u00a0un vistazo.<\/li>\n<li><strong>Registre las inspecciones: <\/strong>Con solo presionar un bot\u00f3n.<\/li>\n<li><strong>Mida y almacene: <\/strong>32.000 lecturas de tiempo\/temperatura (16.000\u00a0por canal), suficientes para 67 d\u00edas con un registro de 6 minutos.<\/li>\n<li><strong>Sonda externa de dos z\u00f3calos: <\/strong>Con\u00a0funci\u00f3n de intercambio autom\u00e1tico de canales.<\/li>\n<li><strong>Fuente de alimentaci\u00f3n:<\/strong> A trav\u00e9s de fuente de alimentaci\u00f3n USB y cable USB, alternativamente por 2 bater\u00edas (AAA) (reemplazables por el usuario) si no son alimentadas externamente.<\/li>\n<li><strong>Segunda bater\u00eda de respaldo.<\/strong> A trav\u00e9s de una celda de bot\u00f3n para garantizar que no se pierdan datos, incluso si la fuente de alimentaci\u00f3n y las bater\u00edas AAA fallan.<\/li>\n<li><strong>Los accesorios:<\/strong> Incluyen una gama de\u00a0opciones de sensores externos, soporte de montaje en pared\u00a0y\u00a0tamp\u00f3n de glicol.<\/li>\n<\/ul>\n<p>&nbsp;<\/p>\n<p><b>Informe PDF autom\u00e1tico:<\/b><\/p>\n<p>El UTREL30-16 DUAL se conecta a un puerto USB de computadora para una f\u00e1cil configuraci\u00f3n por parte del usuario para una amplia gama de condiciones de grabaci\u00f3n y alerta. Tras la descarga, genera autom\u00e1ticamente un informe PDF completamente detallado con la opci\u00f3n de descargar los datos utilizando el software LogTagAnalyzer disponible gratuitamente para un an\u00e1lisis m\u00e1s detallado.<\/p>\n<p>&nbsp;<\/p>\n<h3>Especificaciones t\u00e9cnicas<\/h3>\n<table class=\"table\">\n<colgroup>\n<col width=\"50%\" \/>\n<col width=\"50%\" \/><\/colgroup>\n<tbody>\n<tr>\n<td>Modelo de producto<\/td>\n<td>UTREL30-16<\/td>\n<\/tr>\n<tr>\n<td>Rango de medici\u00f3n del sensor externo<\/td>\n<td>-90 \u00b0C hasta +40 \u00b0C<\/td>\n<\/tr>\n<tr>\n<td>Rango de temperatura de funcionamiento<\/td>\n<td>-30 \u00b0C hasta +60 \u00b0C<\/p>\n<p>0 &#8211; 99 % rF (sin condensaci\u00f3n)<\/td>\n<\/tr>\n<tr>\n<td>Rango de temperatura de almacenamiento<\/td>\n<td>De 0 \u00b0C a +40 \u00b0C (de 32 \u00b0F a +104 \u00b0F)<\/td>\n<\/tr>\n<tr>\n<td>Resoluci\u00f3n de lectura de temperatura nominal<\/td>\n<td>Mejor que 0.1 \u00b0C (0.2 \u00b0F) para mediciones -80 \u00b0C a 10 \u00b0C (-112 \u00b0F a 50 \u00b0F)Mejor que 0.2 \u00b0C (0.4 \u00b0F) para mediciones 10 \u00b0C a 20 \u00b0C (50 \u00b0F a 68 \u00b0F) y -90 \u00b0C a -80 \u00b0C (-130 \u00b0F a -11 2\u00b0F)Mejor que 0.3 \u00b0C (0.5 \u00b0F) para mediciones 20 \u00b0C a 30 \u00b0C (68 \u00b0F a 86 \u00b0F)Mejor que 0.5 \u00b0C (0.9 \u00b0F)<\/p>\n<p>para mediciones 30 \u00b0C a 40 \u00b0C (86 \u00b0F a 104 \u00b0F)<br \/>\nLogTag Analyzer se muestra actualmente con un decimal de \u00b0C o \u00b0F. La resoluci\u00f3n nativa es lo que se almacena en el LogTag.<\/td>\n<\/tr>\n<tr>\n<td>Precisi\u00f3n de lectura de temperatura<br \/>\nnominal<\/td>\n<td>Mejor que \u00b10.5 \u00b0C para -20 \u00b0C a +10 \u00b0C (-4 \u00b0F a 50 \u00b0F)Mejor que \u00b10.7 \u00b0C para -50 \u00b0C a -20 \u00b0C (-58 \u00b0F a -4 \u00b0F) y +10 \u00b0C a +30 \u00b0C (50 \u00b0F a 86 \u00b0F)Mejor que \u00b11 \u00b0C para -80 \u00b0C a -50 \u00b0C (-112 \u00b0F a -58 \u00b0F) y +30 \u00b0C a +40 \u00b0C (86 \u00b0F a 104 \u00b0F)<\/p>\n<p>Mejor que \u00b11.8 \u00b0C para -90 \u00b0C a &#8211; 80 \u00b0C (-130 \u00b0F a -112 \u00b0F)<\/td>\n<\/tr>\n<tr>\n<td>Tiempo de reacci\u00f3n del sensor<\/td>\n<td>Normalmente menos de 2 minutos (T90) en aire en movimiento (1 m\/s) para la sonda de tipo ST10S.<\/td>\n<\/tr>\n<tr>\n<td>Conectividad de la sonda<\/td>\n<td>Hasta 2<\/td>\n<\/tr>\n<tr>\n<td>Compatibilidad de la sonda<\/td>\n<td>Todas las sondas externas de termistor de precisi\u00f3n ST10 se pueden conectar indistintamente al UTREL30-16 DUAL.<br \/>\nConsulte la secci\u00f3n Accesorios para ver las sondas externas compatibles. Se pueden utilizar diferentes modelos de sonda para cada canal. No<br \/>\nes compatible con sensores ST100.<\/td>\n<\/tr>\n<tr>\n<td>Capacidad de grabaci\u00f3n<\/td>\n<td>32.000 memorias de registro totales. Proporciona 16.000 lecturas de temperatura por canal.<br \/>\nMemoria de estad\u00edsticas de resumen del d\u00eda (para mostrar en LCD): hasta 30 d\u00edas de M\u00edn\/M\u00e1x\/duraci\u00f3n y estad\u00edsticas de activaci\u00f3n de alarma.<\/td>\n<\/tr>\n<tr>\n<td>Intervalo de muestreo<\/td>\n<td>Configurable desde 30 segundos hasta 18 horas. (Normalmente registro de 5 minutos)<\/td>\n<\/tr>\n<tr>\n<td>Alarmas<\/td>\n<td>Hasta 6 alarmas configurables individualmente para cada canal.<br \/>\nPosibilidad de configurar alarmas por separado para el Canal 1 y el Canal 2.<\/td>\n<\/tr>\n<tr>\n<td>Opciones de inicio de registro<\/td>\n<td>Inicio con bot\u00f3n pulsador (con retardo de inicio configurable de 1 minuto a 72 horas) o fecha y hora espec\u00edficas<\/td>\n<\/tr>\n<tr>\n<td>Tiempo de descarga<\/td>\n<td>Normalmente con memoria completa (32.000 lecturas) en menos de 20 segundos.<\/td>\n<\/tr>\n<tr>\n<td>Medioambiental<\/td>\n<td>IP61 (cuando se monta verticalmente o se cuelga con la tapa antipolvo USB en su lugar).<\/td>\n<\/tr>\n<tr>\n<td>Fuente de alimentaci\u00f3n<\/td>\n<td>5V a trav\u00e9s de toma micro USB o 2 pilas AAA de 1,5 V. Celda de bot\u00f3n CR2032 LiMnO2 (solo funci\u00f3n de registro de respaldo).<\/td>\n<\/tr>\n<tr>\n<td>Duraci\u00f3n de la bater\u00eda<\/td>\n<td>Bater\u00eda AAA de hasta 12 meses: si la unidad funciona sin fuente de alimentaci\u00f3n<\/td>\n<\/tr>\n<tr>\n<td>Reloj en tiempo real<\/td>\n<td>Reloj en tiempo real incorporado.<br \/>\nPrecisi\u00f3n t\u00edpica \u00b125ppm @ 25\u00b0C (equivalente a 2.5 segundos\/d\u00eda).<br \/>\nEl coeficiente de temperatura nominal es -0.034 \u00b10.006ppm\/\u00b0C (es decir, t\u00edpicamente +\/- 0.00294 segundos\/d\u00eda\/\u00b0C)<\/td>\n<\/tr>\n<tr>\n<td>Longitudes de cable de sonda remota est\u00e1ndar<\/td>\n<td>Est\u00e1ndar: 1,5 m (4&#8217;11&#8221;).<br \/>\nExtendido: 3m (9&#8242; 10&#8243;) (m\u00e1ximo recomendado)<\/td>\n<\/tr>\n<tr>\n<td>Tipo de cable de sonda remota<\/td>\n<td>PTFE (FDA food contact rated) coaxial.<\/td>\n<\/tr>\n<tr>\n<td>Interfaz de conexi\u00f3n<\/td>\n<td>USB 2.0 \/ Toma Micro USB.<\/td>\n<\/tr>\n<tr>\n<td>Tama\u00f1o<\/td>\n<td>141 mm (alto) x 72 mm (ancho) x 18 mm (profundidad)<\/td>\n<\/tr>\n<tr>\n<td>Peso<\/td>\n<td>156g con pilas AAA, (132g &#8211; excluyendo sonda y pilas AAA)<\/td>\n<\/tr>\n<tr>\n<td>Material de la caja<\/td>\n<td>Policarbonato.<\/td>\n<\/tr>\n<\/tbody>\n<\/table>\n","protected":false},"excerpt":{"rendered":"<p class=\"lead\">El\u00a0LogTag\u00a0UTREL30-16 DUAL\u00a0es un registrador de 30 d\u00edas con pantalla, el registrador de monitoreo de vacunas recomendado. Este registrador de temperatura mide y almacena hasta 30.000 lecturas de temperatura (16.000 por canal) en un rango de medici\u00f3n de -90 \u00b0C a +40 \u00b0C a trav\u00e9s del sensor externo. Suficiente para 67 d\u00edas en 6 minutos de registro.<\/p>\n<p>&nbsp;<\/p>\n<p>&nbsp;<\/p>\n","protected":false},"featured_media":1443,"comment_status":"open","ping_status":"closed","template":"","meta":{"_joinchat":[]},"product_brand":[],"product_cat":[15],"product_tag":[],"class_list":{"0":"post-1441","1":"product","2":"type-product","3":"status-publish","4":"has-post-thumbnail","6":"product_cat-sin-categorizar","8":"first","9":"instock","10":"shipping-taxable","11":"product-type-simple"},"yoast_head":"<!-- This site is optimized with the Yoast SEO plugin v26.4 - https:\/\/yoast.com\/wordpress\/plugins\/seo\/ -->\n<title>Logtag utrel30-16 - Abaa tienda online<\/title>\n<meta name=\"robots\" content=\"index, follow, max-snippet:-1, max-image-preview:large, max-video-preview:-1\" \/>\n<link rel=\"canonical\" href=\"https:\/\/abaa.mx\/tienda\/logtag-utrel30-16\/\" \/>\n<meta property=\"og:locale\" content=\"es_MX\" \/>\n<meta property=\"og:type\" content=\"article\" \/>\n<meta property=\"og:title\" content=\"Logtag utrel30-16 - Abaa tienda online\" \/>\n<meta property=\"og:description\" content=\"El\u00a0LogTag\u00a0UTREL30-16 DUAL\u00a0es un registrador de 30 d\u00edas con pantalla, el registrador de monitoreo de vacunas recomendado. Este registrador de temperatura mide y almacena hasta 30.000 lecturas de temperatura (16.000 por canal) en un rango de medici\u00f3n de -90 \u00b0C a +40 \u00b0C a trav\u00e9s del sensor externo. Suficiente para 67 d\u00edas en 6 minutos de registro. &nbsp;  &nbsp;\" \/>\n<meta property=\"og:url\" content=\"https:\/\/abaa.mx\/tienda\/logtag-utrel30-16\/\" \/>\n<meta property=\"og:site_name\" content=\"Abaa tienda online\" \/>\n<meta property=\"article:modified_time\" content=\"2023-11-24T14:51:53+00:00\" \/>\n<meta property=\"og:image\" content=\"https:\/\/abaa.mx\/tienda\/wp-content\/uploads\/2023\/09\/HJ.jpg\" \/>\n\t<meta property=\"og:image:width\" content=\"300\" \/>\n\t<meta property=\"og:image:height\" content=\"300\" \/>\n\t<meta property=\"og:image:type\" content=\"image\/jpeg\" \/>\n<meta name=\"twitter:card\" content=\"summary_large_image\" \/>\n<meta name=\"twitter:label1\" content=\"Tiempo de lectura\" \/>\n\t<meta name=\"twitter:data1\" content=\"5 minutos\" \/>\n<script type=\"application\/ld+json\" class=\"yoast-schema-graph\">{\"@context\":\"https:\/\/schema.org\",\"@graph\":[{\"@type\":\"WebPage\",\"@id\":\"https:\/\/abaa.mx\/tienda\/logtag-utrel30-16\/\",\"url\":\"https:\/\/abaa.mx\/tienda\/logtag-utrel30-16\/\",\"name\":\"Logtag utrel30-16 - Abaa tienda online\",\"isPartOf\":{\"@id\":\"https:\/\/abaa.mx\/tienda\/#website\"},\"primaryImageOfPage\":{\"@id\":\"https:\/\/abaa.mx\/tienda\/logtag-utrel30-16\/#primaryimage\"},\"image\":{\"@id\":\"https:\/\/abaa.mx\/tienda\/logtag-utrel30-16\/#primaryimage\"},\"thumbnailUrl\":\"https:\/\/abaa.mx\/tienda\/wp-content\/uploads\/2023\/09\/HJ.jpg\",\"datePublished\":\"2023-09-08T22:12:16+00:00\",\"dateModified\":\"2023-11-24T14:51:53+00:00\",\"breadcrumb\":{\"@id\":\"https:\/\/abaa.mx\/tienda\/logtag-utrel30-16\/#breadcrumb\"},\"inLanguage\":\"es\",\"potentialAction\":[{\"@type\":\"ReadAction\",\"target\":[\"https:\/\/abaa.mx\/tienda\/logtag-utrel30-16\/\"]}]},{\"@type\":\"ImageObject\",\"inLanguage\":\"es\",\"@id\":\"https:\/\/abaa.mx\/tienda\/logtag-utrel30-16\/#primaryimage\",\"url\":\"https:\/\/abaa.mx\/tienda\/wp-content\/uploads\/2023\/09\/HJ.jpg\",\"contentUrl\":\"https:\/\/abaa.mx\/tienda\/wp-content\/uploads\/2023\/09\/HJ.jpg\",\"width\":300,\"height\":300,\"caption\":\"logtag-utrel30-16\"},{\"@type\":\"BreadcrumbList\",\"@id\":\"https:\/\/abaa.mx\/tienda\/logtag-utrel30-16\/#breadcrumb\",\"itemListElement\":[{\"@type\":\"ListItem\",\"position\":1,\"name\":\"Inicio\",\"item\":\"https:\/\/abaa.mx\/tienda\/\"},{\"@type\":\"ListItem\",\"position\":2,\"name\":\"Tienda\",\"item\":\"https:\/\/abaa.mx\/tienda\/\"},{\"@type\":\"ListItem\",\"position\":3,\"name\":\"Logtag utrel30-16\"}]},{\"@type\":\"WebSite\",\"@id\":\"https:\/\/abaa.mx\/tienda\/#website\",\"url\":\"https:\/\/abaa.mx\/tienda\/\",\"name\":\"Abaa tienda online\",\"description\":\"Instrumentos de medici\u00f3n\",\"publisher\":{\"@id\":\"https:\/\/abaa.mx\/tienda\/#organization\"},\"potentialAction\":[{\"@type\":\"SearchAction\",\"target\":{\"@type\":\"EntryPoint\",\"urlTemplate\":\"https:\/\/abaa.mx\/tienda\/?s={search_term_string}\"},\"query-input\":{\"@type\":\"PropertyValueSpecification\",\"valueRequired\":true,\"valueName\":\"search_term_string\"}}],\"inLanguage\":\"es\"},{\"@type\":\"Organization\",\"@id\":\"https:\/\/abaa.mx\/tienda\/#organization\",\"name\":\"Abaa tienda online\",\"url\":\"https:\/\/abaa.mx\/tienda\/\",\"logo\":{\"@type\":\"ImageObject\",\"inLanguage\":\"es\",\"@id\":\"https:\/\/abaa.mx\/tienda\/#\/schema\/logo\/image\/\",\"url\":\"https:\/\/abaa.mx\/tienda\/wp-content\/uploads\/2024\/01\/abaa-metrologia-tienda.png\",\"contentUrl\":\"https:\/\/abaa.mx\/tienda\/wp-content\/uploads\/2024\/01\/abaa-metrologia-tienda.png\",\"width\":300,\"height\":141,\"caption\":\"Abaa tienda online\"},\"image\":{\"@id\":\"https:\/\/abaa.mx\/tienda\/#\/schema\/logo\/image\/\"}}]}<\/script>\n<!-- \/ Yoast SEO plugin. -->","yoast_head_json":{"title":"Logtag utrel30-16 - Abaa tienda online","robots":{"index":"index","follow":"follow","max-snippet":"max-snippet:-1","max-image-preview":"max-image-preview:large","max-video-preview":"max-video-preview:-1"},"canonical":"https:\/\/abaa.mx\/tienda\/logtag-utrel30-16\/","og_locale":"es_MX","og_type":"article","og_title":"Logtag utrel30-16 - Abaa tienda online","og_description":"El\u00a0LogTag\u00a0UTREL30-16 DUAL\u00a0es un registrador de 30 d\u00edas con pantalla, el registrador de monitoreo de vacunas recomendado. Este registrador de temperatura mide y almacena hasta 30.000 lecturas de temperatura (16.000 por canal) en un rango de medici\u00f3n de -90 \u00b0C a +40 \u00b0C a trav\u00e9s del sensor externo. Suficiente para 67 d\u00edas en 6 minutos de registro. &nbsp;  &nbsp;","og_url":"https:\/\/abaa.mx\/tienda\/logtag-utrel30-16\/","og_site_name":"Abaa tienda online","article_modified_time":"2023-11-24T14:51:53+00:00","og_image":[{"width":300,"height":300,"url":"https:\/\/abaa.mx\/tienda\/wp-content\/uploads\/2023\/09\/HJ.jpg","type":"image\/jpeg"}],"twitter_card":"summary_large_image","twitter_misc":{"Tiempo de lectura":"5 minutos"},"schema":{"@context":"https:\/\/schema.org","@graph":[{"@type":"WebPage","@id":"https:\/\/abaa.mx\/tienda\/logtag-utrel30-16\/","url":"https:\/\/abaa.mx\/tienda\/logtag-utrel30-16\/","name":"Logtag utrel30-16 - Abaa tienda online","isPartOf":{"@id":"https:\/\/abaa.mx\/tienda\/#website"},"primaryImageOfPage":{"@id":"https:\/\/abaa.mx\/tienda\/logtag-utrel30-16\/#primaryimage"},"image":{"@id":"https:\/\/abaa.mx\/tienda\/logtag-utrel30-16\/#primaryimage"},"thumbnailUrl":"https:\/\/abaa.mx\/tienda\/wp-content\/uploads\/2023\/09\/HJ.jpg","datePublished":"2023-09-08T22:12:16+00:00","dateModified":"2023-11-24T14:51:53+00:00","breadcrumb":{"@id":"https:\/\/abaa.mx\/tienda\/logtag-utrel30-16\/#breadcrumb"},"inLanguage":"es","potentialAction":[{"@type":"ReadAction","target":["https:\/\/abaa.mx\/tienda\/logtag-utrel30-16\/"]}]},{"@type":"ImageObject","inLanguage":"es","@id":"https:\/\/abaa.mx\/tienda\/logtag-utrel30-16\/#primaryimage","url":"https:\/\/abaa.mx\/tienda\/wp-content\/uploads\/2023\/09\/HJ.jpg","contentUrl":"https:\/\/abaa.mx\/tienda\/wp-content\/uploads\/2023\/09\/HJ.jpg","width":300,"height":300,"caption":"logtag-utrel30-16"},{"@type":"BreadcrumbList","@id":"https:\/\/abaa.mx\/tienda\/logtag-utrel30-16\/#breadcrumb","itemListElement":[{"@type":"ListItem","position":1,"name":"Inicio","item":"https:\/\/abaa.mx\/tienda\/"},{"@type":"ListItem","position":2,"name":"Tienda","item":"https:\/\/abaa.mx\/tienda\/"},{"@type":"ListItem","position":3,"name":"Logtag utrel30-16"}]},{"@type":"WebSite","@id":"https:\/\/abaa.mx\/tienda\/#website","url":"https:\/\/abaa.mx\/tienda\/","name":"Abaa tienda online","description":"Instrumentos de medici\u00f3n","publisher":{"@id":"https:\/\/abaa.mx\/tienda\/#organization"},"potentialAction":[{"@type":"SearchAction","target":{"@type":"EntryPoint","urlTemplate":"https:\/\/abaa.mx\/tienda\/?s={search_term_string}"},"query-input":{"@type":"PropertyValueSpecification","valueRequired":true,"valueName":"search_term_string"}}],"inLanguage":"es"},{"@type":"Organization","@id":"https:\/\/abaa.mx\/tienda\/#organization","name":"Abaa tienda online","url":"https:\/\/abaa.mx\/tienda\/","logo":{"@type":"ImageObject","inLanguage":"es","@id":"https:\/\/abaa.mx\/tienda\/#\/schema\/logo\/image\/","url":"https:\/\/abaa.mx\/tienda\/wp-content\/uploads\/2024\/01\/abaa-metrologia-tienda.png","contentUrl":"https:\/\/abaa.mx\/tienda\/wp-content\/uploads\/2024\/01\/abaa-metrologia-tienda.png","width":300,"height":141,"caption":"Abaa tienda online"},"image":{"@id":"https:\/\/abaa.mx\/tienda\/#\/schema\/logo\/image\/"}}]}},"_links":{"self":[{"href":"https:\/\/abaa.mx\/tienda\/wp-json\/wp\/v2\/product\/1441","targetHints":{"allow":["GET"]}}],"collection":[{"href":"https:\/\/abaa.mx\/tienda\/wp-json\/wp\/v2\/product"}],"about":[{"href":"https:\/\/abaa.mx\/tienda\/wp-json\/wp\/v2\/types\/product"}],"replies":[{"embeddable":true,"href":"https:\/\/abaa.mx\/tienda\/wp-json\/wp\/v2\/comments?post=1441"}],"wp:featuredmedia":[{"embeddable":true,"href":"https:\/\/abaa.mx\/tienda\/wp-json\/wp\/v2\/media\/1443"}],"wp:attachment":[{"href":"https:\/\/abaa.mx\/tienda\/wp-json\/wp\/v2\/media?parent=1441"}],"wp:term":[{"taxonomy":"product_brand","embeddable":true,"href":"https:\/\/abaa.mx\/tienda\/wp-json\/wp\/v2\/product_brand?post=1441"},{"taxonomy":"product_cat","embeddable":true,"href":"https:\/\/abaa.mx\/tienda\/wp-json\/wp\/v2\/product_cat?post=1441"},{"taxonomy":"product_tag","embeddable":true,"href":"https:\/\/abaa.mx\/tienda\/wp-json\/wp\/v2\/product_tag?post=1441"}],"curies":[{"name":"wp","href":"https:\/\/api.w.org\/{rel}","templated":true}]}}