{"id":1439,"date":"2023-09-08T22:05:24","date_gmt":"2023-09-08T22:05:24","guid":{"rendered":"https:\/\/abaa.mx\/tienda\/?post_type=product&#038;p=1439"},"modified":"2023-11-24T14:59:15","modified_gmt":"2023-11-24T14:59:15","slug":"logtag-utrel-16f","status":"publish","type":"product","link":"https:\/\/abaa.mx\/tienda\/logtag-utrel-16f\/","title":{"rendered":"Logtag utrel-16f"},"content":{"rendered":"<p><span style=\"font-family: NonBreakingSpaceOverride, 'Hoefler Text', Garamond, 'Times New Roman', serif; letter-spacing: normal; font-size: 21px;\">El registrador de datos de temperatura LogTag UTREL-16F puede registrar hasta 16.000 lecturas en un rango de medici\u00f3n de -90 \u00b0C a +40 \u00b0C a trav\u00e9s del sensor externo. <\/span>La pantalla muestra el estado de registro, la temperatura actual, el estado de alarma de hasta seis alarmas configurables por el usuario y la duraci\u00f3n de cualquier excursi\u00f3n de temperatura. Cuando el UTREL-16F se conecta a un ordenador mediante el conector USB integrado, se puede generar autom\u00e1ticamente un informe PDF detallado de los datos de temperatura y alarmas registrados sin necesidad de accesorios adicionales y software propietario. Para un an\u00e1lisis de datos m\u00e1s detallado, el UTREL-16F tambi\u00e9n crea un archivo de datos cifrado compatible con el software operativo LogTag Analyzer y las opciones de gesti\u00f3n de datos.<\/p>\n<p>&nbsp;<\/p>\n<h5><strong>Productos destacados:<\/strong><\/h5>\n<div class=\"row\">\n<div class=\"col-md-8\">\n<ul>\n<li><strong>Lea:<\/strong>\u00a0La temperatura actual y la condici\u00f3n de alarma de un vistazo.<\/li>\n<li><strong>Pantalla que muestra: <\/strong>La temperatura y el estado de alarma de hasta seis alarmas.<\/li>\n<li><strong>Mida y almacene:<\/strong> Hasta 16.000 lecturas de tiempo\/temperatura.<\/li>\n<li><strong>Generaci\u00f3n autom\u00e1tica:<\/strong> De un informe PDF como registro permanente de los datos.<\/li>\n<li><strong>Bater\u00eda fija de 1 a\u00f1o de almacenamiento:<\/strong>\u00a02 a\u00f1os de uso normal.<\/li>\n<li><strong>Crea un archivo de datos completo:<\/strong> Compatible con el software operativo LogTag Analyzer.<\/li>\n<li><strong>Hasta 16.000 grabaciones:<\/strong> Suficientes para 168 d\u00edas con un registro de 15 minutos<\/li>\n<li><strong>La funci\u00f3n de pausa autom\u00e1tica: <\/strong>Suspende la alarma y el procesamiento estad\u00edstico cuando se desconecta el sensor externo.<\/li>\n<\/ul>\n<p>&nbsp;<\/p>\n<p><strong>Informe PDF autom\u00e1tico:<\/strong><\/p>\n<p>El UTREL-16F se conecta a un puerto USB de ordenador para facilitar la configuraci\u00f3n por parte del usuario para una amplia gama<br \/>\nde condiciones de grabaci\u00f3n y alerta. Tras la descarga, genera autom\u00e1ticamente un informe<br \/>\nPDF completamente detallado con la opci\u00f3n de descargar los datos utilizando el software LogTag Analyzer disponible gratuitamente para un an\u00e1lisis m\u00e1s<br \/>\ndetallado.<\/p>\n<p>&nbsp;<\/p>\n<h3>Especificaciones t\u00e9cnicas<\/h3>\n<table class=\"table\">\n<colgroup>\n<col width=\"50%\" \/>\n<col width=\"50%\" \/><\/colgroup>\n<tbody>\n<tr>\n<td>Modelo de producto<\/td>\n<td>UTREL-16F<\/td>\n<\/tr>\n<tr>\n<td>Rango de medici\u00f3n del sensor<\/td>\n<td>-90 \u00b0C hasta +40 \u00b0C<\/td>\n<\/tr>\n<tr>\n<td>Rango de temperatura de funcionamiento del registrador<\/td>\n<td>-30 \u00b0C hasta +60 \u00b0C<\/td>\n<\/tr>\n<tr>\n<td>Rango de temperatura de almacenamiento<\/td>\n<td>De 0 \u00b0C a +40 \u00b0C<\/td>\n<\/tr>\n<tr>\n<td>Resoluci\u00f3n de lectura de temperatura nominal<\/td>\n<td>0.1\u00b0C (0.2\u00b0F) para mediciones -80\u00b0C a 10\u00b0C (-112\u00b0F a 50\u00b0F)0.2\u00b0C (0.4\u00b0F) para mediciones de 10\u00b0C a 20\u00b0C (50\u00b0F a 68\u00b0F) y -90\u00b0C a -80\u00b0C (-130\u00b0F a -112\u00b0F)0.3\u00b0C (0.5\u00b0F) para mediciones 20\u00b0C a 30\u00b0C (68\u00b0F a 86\u00b0F)0.5\u00b0C (0.9\u00b0F) para mediciones 30\u00b0C a 40\u00b0C (86\u00b0F a 104\u00b0F)<\/p>\n<p>LogTag Analyzer actualmente se muestra con un decimal de \u00b0C o \u00b0F. La resoluci\u00f3n nativa es lo que se almacena en el LogTag.<\/td>\n<\/tr>\n<tr>\n<td>Precisi\u00f3n de lectura de temperatura nominal<\/td>\n<td>Mejor que \u00b10.5\u00b0C para -20\u00b0C a +10\u00b0C (-4\u00b0F a 50\u00b0F)Mejor que \u00b10.7\u00b0C para -50\u00b0C a -20\u00b0C (-58\u00b0F a -4\u00b0F) y +10\u00b0C a +30\u00b0C (50\u00b0F a 86\u00b0F)Mejor que \u00b11\u00b0C para -80\u00b0C a -50\u00b0C (-112\u00b0F a -58\u00b0F) y +30\u00b0C a +40\u00b0C (86\u00b0F a 104\u00b0F)<\/p>\n<p>Mejor que \u00b11.8\u00b0C para -90\u00b0C a &#8211; 80\u00b0C (-130\u00b0F a -112\u00b0F)<\/td>\n<\/tr>\n<tr>\n<td>Capacidad de grabaci\u00f3n<\/td>\n<td>16.129 lecturas de temperatura.<br \/>\n112 d\u00edas @ 10min de registro, 168 d\u00edas @ 15min de registro. Memoria de estad\u00edsticas (para visualizaci\u00f3n en LCD); Valores m\u00e1ximos\/m\u00ednimos y valores de duraci\u00f3n de alarma.<\/td>\n<\/tr>\n<tr>\n<td>Intervalo de muestreo<\/td>\n<td>Configurable de 30 segundos a 18 horas<\/td>\n<\/tr>\n<tr>\n<td>Opciones de inicio de registro<\/td>\n<td>Inicio con bot\u00f3n pulsador o fecha y hora espec\u00edficas. Retraso de inicio opcional.<\/td>\n<\/tr>\n<tr>\n<td>Hora de descarga<\/td>\n<td>Por lo general, con recuerdos completos (16.129 lecturas) en menos de 30 segundos desde el momento de la inserci\u00f3n hasta la disponibilidad del informe PDF.<br \/>\nNormalmente, menos de 10 segundos desde el momento de la inserci\u00f3n hasta la disponibilidad del archivo LTD en LogTag Analyzer (si est\u00e1 configurado)<\/td>\n<\/tr>\n<tr>\n<td>Medioambiental<\/td>\n<td>IP 61 (cuando se monta verticalmente o se cuelga con la tapa antipolvo USB en su lugar).<\/td>\n<\/tr>\n<tr>\n<td>Fuente de alimentaci\u00f3n<\/td>\n<td>CR2450 3V LiMnO2, (Bater\u00eda fija)<\/td>\n<\/tr>\n<tr>\n<td>Duraci\u00f3n de la bater\u00eda<\/td>\n<td>Vida \u00fatil de almacenamiento de 1 a\u00f1o antes del &#8220;inicio&#8221; (si es modo de hibernaci\u00f3n), seguido de:<br \/>\n2 a\u00f1os de uso normal (basado en el registro de 15 minutos, descarga de datos mensualmente).<\/td>\n<\/tr>\n<tr>\n<td>Reloj en tiempo real<\/td>\n<td>Reloj en tiempo real incorporado.<br \/>\nPrecisi\u00f3n nominal \u00b125 ppm @ 25 \u00b0C (equivalente a 2,5 segundos\/d\u00eda).<br \/>\nEl coeficiente de temperatura nominal es -0.034 \u00b10.006 ppm\/ \u00b0C (es decir, t\u00edpicamente +\/- 0.00294 segundos\/d\u00eda\/\u00b0C)<\/td>\n<\/tr>\n<tr>\n<td>Tama\u00f1o<\/td>\n<td>93 mm(H) x 54,5 mm(W) x 8,6 mm(T) incluyendo tapa USB protectora.<\/td>\n<\/tr>\n<tr>\n<td>Peso<\/td>\n<td>39 g<\/td>\n<\/tr>\n<tr>\n<td>Material de la caja<\/td>\n<td>Policarbonato<\/td>\n<\/tr>\n<\/tbody>\n<\/table>\n<\/div>\n<\/div>\n","protected":false},"excerpt":{"rendered":"<p><span style=\"font-size: 16px;\">El registrador de datos de temperatura LogTag UTREL-16F puede registrar hasta 16.000 lecturas en un rango de medici\u00f3n de -90 \u00b0C a +40 \u00b0C a trav\u00e9s del sensor externo.<\/span><\/p>\n","protected":false},"featured_media":1440,"comment_status":"open","ping_status":"closed","template":"","meta":{"_joinchat":[]},"product_brand":[],"product_cat":[15],"product_tag":[],"class_list":{"0":"post-1439","1":"product","2":"type-product","3":"status-publish","4":"has-post-thumbnail","6":"product_cat-sin-categorizar","8":"first","9":"instock","10":"shipping-taxable","11":"product-type-simple"},"yoast_head":"<!-- This site is optimized with the Yoast SEO plugin v26.4 - https:\/\/yoast.com\/wordpress\/plugins\/seo\/ -->\n<title>Logtag utrel-16f - Abaa tienda online<\/title>\n<meta name=\"robots\" content=\"index, follow, max-snippet:-1, max-image-preview:large, max-video-preview:-1\" \/>\n<link rel=\"canonical\" href=\"https:\/\/abaa.mx\/tienda\/logtag-utrel-16f\/\" \/>\n<meta property=\"og:locale\" content=\"es_MX\" \/>\n<meta property=\"og:type\" content=\"article\" \/>\n<meta property=\"og:title\" content=\"Logtag utrel-16f - Abaa tienda online\" \/>\n<meta property=\"og:description\" content=\"El registrador de datos de temperatura LogTag UTREL-16F puede registrar hasta 16.000 lecturas en un rango de medici\u00f3n de -90 \u00b0C a +40 \u00b0C a trav\u00e9s del sensor externo.\" \/>\n<meta property=\"og:url\" content=\"https:\/\/abaa.mx\/tienda\/logtag-utrel-16f\/\" \/>\n<meta property=\"og:site_name\" content=\"Abaa tienda online\" \/>\n<meta property=\"article:modified_time\" content=\"2023-11-24T14:59:15+00:00\" \/>\n<meta property=\"og:image\" content=\"https:\/\/abaa.mx\/tienda\/wp-content\/uploads\/2023\/09\/HOY.jpg\" \/>\n\t<meta property=\"og:image:width\" content=\"474\" \/>\n\t<meta property=\"og:image:height\" content=\"673\" \/>\n\t<meta property=\"og:image:type\" content=\"image\/jpeg\" \/>\n<meta name=\"twitter:card\" content=\"summary_large_image\" \/>\n<meta name=\"twitter:label1\" content=\"Tiempo de lectura\" \/>\n\t<meta name=\"twitter:data1\" content=\"4 minutos\" \/>\n<script type=\"application\/ld+json\" class=\"yoast-schema-graph\">{\"@context\":\"https:\/\/schema.org\",\"@graph\":[{\"@type\":\"WebPage\",\"@id\":\"https:\/\/abaa.mx\/tienda\/logtag-utrel-16f\/\",\"url\":\"https:\/\/abaa.mx\/tienda\/logtag-utrel-16f\/\",\"name\":\"Logtag utrel-16f - Abaa tienda online\",\"isPartOf\":{\"@id\":\"https:\/\/abaa.mx\/tienda\/#website\"},\"primaryImageOfPage\":{\"@id\":\"https:\/\/abaa.mx\/tienda\/logtag-utrel-16f\/#primaryimage\"},\"image\":{\"@id\":\"https:\/\/abaa.mx\/tienda\/logtag-utrel-16f\/#primaryimage\"},\"thumbnailUrl\":\"https:\/\/abaa.mx\/tienda\/wp-content\/uploads\/2023\/09\/HOY.jpg\",\"datePublished\":\"2023-09-08T22:05:24+00:00\",\"dateModified\":\"2023-11-24T14:59:15+00:00\",\"breadcrumb\":{\"@id\":\"https:\/\/abaa.mx\/tienda\/logtag-utrel-16f\/#breadcrumb\"},\"inLanguage\":\"es\",\"potentialAction\":[{\"@type\":\"ReadAction\",\"target\":[\"https:\/\/abaa.mx\/tienda\/logtag-utrel-16f\/\"]}]},{\"@type\":\"ImageObject\",\"inLanguage\":\"es\",\"@id\":\"https:\/\/abaa.mx\/tienda\/logtag-utrel-16f\/#primaryimage\",\"url\":\"https:\/\/abaa.mx\/tienda\/wp-content\/uploads\/2023\/09\/HOY.jpg\",\"contentUrl\":\"https:\/\/abaa.mx\/tienda\/wp-content\/uploads\/2023\/09\/HOY.jpg\",\"width\":474,\"height\":673,\"caption\":\"logtag-utrel-16f\"},{\"@type\":\"BreadcrumbList\",\"@id\":\"https:\/\/abaa.mx\/tienda\/logtag-utrel-16f\/#breadcrumb\",\"itemListElement\":[{\"@type\":\"ListItem\",\"position\":1,\"name\":\"Inicio\",\"item\":\"https:\/\/abaa.mx\/tienda\/\"},{\"@type\":\"ListItem\",\"position\":2,\"name\":\"Tienda\",\"item\":\"https:\/\/abaa.mx\/tienda\/\"},{\"@type\":\"ListItem\",\"position\":3,\"name\":\"Logtag utrel-16f\"}]},{\"@type\":\"WebSite\",\"@id\":\"https:\/\/abaa.mx\/tienda\/#website\",\"url\":\"https:\/\/abaa.mx\/tienda\/\",\"name\":\"Abaa tienda online\",\"description\":\"Instrumentos de medici\u00f3n\",\"publisher\":{\"@id\":\"https:\/\/abaa.mx\/tienda\/#organization\"},\"potentialAction\":[{\"@type\":\"SearchAction\",\"target\":{\"@type\":\"EntryPoint\",\"urlTemplate\":\"https:\/\/abaa.mx\/tienda\/?s={search_term_string}\"},\"query-input\":{\"@type\":\"PropertyValueSpecification\",\"valueRequired\":true,\"valueName\":\"search_term_string\"}}],\"inLanguage\":\"es\"},{\"@type\":\"Organization\",\"@id\":\"https:\/\/abaa.mx\/tienda\/#organization\",\"name\":\"Abaa tienda online\",\"url\":\"https:\/\/abaa.mx\/tienda\/\",\"logo\":{\"@type\":\"ImageObject\",\"inLanguage\":\"es\",\"@id\":\"https:\/\/abaa.mx\/tienda\/#\/schema\/logo\/image\/\",\"url\":\"https:\/\/abaa.mx\/tienda\/wp-content\/uploads\/2024\/01\/abaa-metrologia-tienda.png\",\"contentUrl\":\"https:\/\/abaa.mx\/tienda\/wp-content\/uploads\/2024\/01\/abaa-metrologia-tienda.png\",\"width\":300,\"height\":141,\"caption\":\"Abaa tienda online\"},\"image\":{\"@id\":\"https:\/\/abaa.mx\/tienda\/#\/schema\/logo\/image\/\"}}]}<\/script>\n<!-- \/ Yoast SEO plugin. -->","yoast_head_json":{"title":"Logtag utrel-16f - Abaa tienda online","robots":{"index":"index","follow":"follow","max-snippet":"max-snippet:-1","max-image-preview":"max-image-preview:large","max-video-preview":"max-video-preview:-1"},"canonical":"https:\/\/abaa.mx\/tienda\/logtag-utrel-16f\/","og_locale":"es_MX","og_type":"article","og_title":"Logtag utrel-16f - Abaa tienda online","og_description":"El registrador de datos de temperatura LogTag UTREL-16F puede registrar hasta 16.000 lecturas en un rango de medici\u00f3n de -90 \u00b0C a +40 \u00b0C a trav\u00e9s del sensor externo.","og_url":"https:\/\/abaa.mx\/tienda\/logtag-utrel-16f\/","og_site_name":"Abaa tienda online","article_modified_time":"2023-11-24T14:59:15+00:00","og_image":[{"width":474,"height":673,"url":"https:\/\/abaa.mx\/tienda\/wp-content\/uploads\/2023\/09\/HOY.jpg","type":"image\/jpeg"}],"twitter_card":"summary_large_image","twitter_misc":{"Tiempo de lectura":"4 minutos"},"schema":{"@context":"https:\/\/schema.org","@graph":[{"@type":"WebPage","@id":"https:\/\/abaa.mx\/tienda\/logtag-utrel-16f\/","url":"https:\/\/abaa.mx\/tienda\/logtag-utrel-16f\/","name":"Logtag utrel-16f - Abaa tienda online","isPartOf":{"@id":"https:\/\/abaa.mx\/tienda\/#website"},"primaryImageOfPage":{"@id":"https:\/\/abaa.mx\/tienda\/logtag-utrel-16f\/#primaryimage"},"image":{"@id":"https:\/\/abaa.mx\/tienda\/logtag-utrel-16f\/#primaryimage"},"thumbnailUrl":"https:\/\/abaa.mx\/tienda\/wp-content\/uploads\/2023\/09\/HOY.jpg","datePublished":"2023-09-08T22:05:24+00:00","dateModified":"2023-11-24T14:59:15+00:00","breadcrumb":{"@id":"https:\/\/abaa.mx\/tienda\/logtag-utrel-16f\/#breadcrumb"},"inLanguage":"es","potentialAction":[{"@type":"ReadAction","target":["https:\/\/abaa.mx\/tienda\/logtag-utrel-16f\/"]}]},{"@type":"ImageObject","inLanguage":"es","@id":"https:\/\/abaa.mx\/tienda\/logtag-utrel-16f\/#primaryimage","url":"https:\/\/abaa.mx\/tienda\/wp-content\/uploads\/2023\/09\/HOY.jpg","contentUrl":"https:\/\/abaa.mx\/tienda\/wp-content\/uploads\/2023\/09\/HOY.jpg","width":474,"height":673,"caption":"logtag-utrel-16f"},{"@type":"BreadcrumbList","@id":"https:\/\/abaa.mx\/tienda\/logtag-utrel-16f\/#breadcrumb","itemListElement":[{"@type":"ListItem","position":1,"name":"Inicio","item":"https:\/\/abaa.mx\/tienda\/"},{"@type":"ListItem","position":2,"name":"Tienda","item":"https:\/\/abaa.mx\/tienda\/"},{"@type":"ListItem","position":3,"name":"Logtag utrel-16f"}]},{"@type":"WebSite","@id":"https:\/\/abaa.mx\/tienda\/#website","url":"https:\/\/abaa.mx\/tienda\/","name":"Abaa tienda online","description":"Instrumentos de medici\u00f3n","publisher":{"@id":"https:\/\/abaa.mx\/tienda\/#organization"},"potentialAction":[{"@type":"SearchAction","target":{"@type":"EntryPoint","urlTemplate":"https:\/\/abaa.mx\/tienda\/?s={search_term_string}"},"query-input":{"@type":"PropertyValueSpecification","valueRequired":true,"valueName":"search_term_string"}}],"inLanguage":"es"},{"@type":"Organization","@id":"https:\/\/abaa.mx\/tienda\/#organization","name":"Abaa tienda online","url":"https:\/\/abaa.mx\/tienda\/","logo":{"@type":"ImageObject","inLanguage":"es","@id":"https:\/\/abaa.mx\/tienda\/#\/schema\/logo\/image\/","url":"https:\/\/abaa.mx\/tienda\/wp-content\/uploads\/2024\/01\/abaa-metrologia-tienda.png","contentUrl":"https:\/\/abaa.mx\/tienda\/wp-content\/uploads\/2024\/01\/abaa-metrologia-tienda.png","width":300,"height":141,"caption":"Abaa tienda online"},"image":{"@id":"https:\/\/abaa.mx\/tienda\/#\/schema\/logo\/image\/"}}]}},"_links":{"self":[{"href":"https:\/\/abaa.mx\/tienda\/wp-json\/wp\/v2\/product\/1439","targetHints":{"allow":["GET"]}}],"collection":[{"href":"https:\/\/abaa.mx\/tienda\/wp-json\/wp\/v2\/product"}],"about":[{"href":"https:\/\/abaa.mx\/tienda\/wp-json\/wp\/v2\/types\/product"}],"replies":[{"embeddable":true,"href":"https:\/\/abaa.mx\/tienda\/wp-json\/wp\/v2\/comments?post=1439"}],"wp:featuredmedia":[{"embeddable":true,"href":"https:\/\/abaa.mx\/tienda\/wp-json\/wp\/v2\/media\/1440"}],"wp:attachment":[{"href":"https:\/\/abaa.mx\/tienda\/wp-json\/wp\/v2\/media?parent=1439"}],"wp:term":[{"taxonomy":"product_brand","embeddable":true,"href":"https:\/\/abaa.mx\/tienda\/wp-json\/wp\/v2\/product_brand?post=1439"},{"taxonomy":"product_cat","embeddable":true,"href":"https:\/\/abaa.mx\/tienda\/wp-json\/wp\/v2\/product_cat?post=1439"},{"taxonomy":"product_tag","embeddable":true,"href":"https:\/\/abaa.mx\/tienda\/wp-json\/wp\/v2\/product_tag?post=1439"}],"curies":[{"name":"wp","href":"https:\/\/api.w.org\/{rel}","templated":true}]}}