{"id":1437,"date":"2023-09-08T22:00:23","date_gmt":"2023-09-08T22:00:23","guid":{"rendered":"https:\/\/abaa.mx\/tienda\/?post_type=product&#038;p=1437"},"modified":"2023-11-24T15:03:39","modified_gmt":"2023-11-24T15:03:39","slug":"logtag-trel30-16","status":"publish","type":"product","link":"https:\/\/abaa.mx\/tienda\/logtag-trel30-16\/","title":{"rendered":"Logtag trel30-16"},"content":{"rendered":"<p>La pantalla est\u00e1 dise\u00f1ada para mostrar &#8216;de un vistazo&#8217; si se han producido desviaciones de temperatura durante el d\u00eda en curso y hasta los 29 d\u00edas anteriores. La pantalla tambi\u00e9n muestra la lectura de la temperatura actual, la hora actual, el estado del registro y el estado de la bater\u00eda. La alarma se activa si las lecturas de temperatura est\u00e1n fuera de los l\u00edmites de alarma preestablecidos. El indicador de estado cambia de \u2714 a \u2716 y, si est\u00e1 configurada, suena la alarma sonora. El marcador del d\u00eda tambi\u00e9n aparecer\u00e1 si no est\u00e1 ya presente.<\/p>\n<p>El indicador del estado de la alarma y la alarma audible pueden desactivarse f\u00e1cilmente, pero el marcador del d\u00eda permanece para asegurar que se muestre un registro visible de las desviaciones en la pantalla. Un procedimiento simplificado de desactivaci\u00f3n, parada y arranque de alarmas est\u00e1 disponible como opci\u00f3n. Los detalles de las desviaciones de los \u00faltimos 30 d\u00edas pueden comprobarse directamente inspeccionando el historial estad\u00edstico en la pantalla del registrador o, con m\u00e1s detalle, descargando los datos registrados mediante un soporte de interfaz LogTag est\u00e1ndar en el software de gesti\u00f3n LogTag Analyzer&#8221;.<\/p>\n<p>&nbsp;<\/p>\n<p><strong>Aspectos destacados:<\/strong><\/p>\n<ul class=\"highlights bullet\">\n<li><b>Alarma sonora integrada.<\/b><\/li>\n<li><strong>Nueva pantalla LCD: <\/strong>De f\u00e1cil lectura con un resumen de 30 d\u00edas en formato de calendario.<\/li>\n<li><b>Hasta 15.900 registros.<\/b> Memoria suficiente para 66 d\u00edas con registro cada 6 minutos.<\/li>\n<li><b>Funci\u00f3n de pausa autom\u00e1tica: <\/b>Al desenchufar la sonda externa se suspende autom\u00e1ticamente el procesamiento de alarmas y estad\u00edsticas.<\/li>\n<li><b>Registrar las inspecciones: <\/b>Con s\u00f3lo pulsar un bot\u00f3n.<\/li>\n<li><b>Sonda externa intercambiable: <\/b>Con conector plateado de alta calidad.<\/li>\n<li><strong>Amplias opciones de personalizaci\u00f3n: <\/strong>Que incluyen ajustes de alarma, intervalo de muestra y duraci\u00f3n del viaje.<strong><br \/>\n<\/strong><\/li>\n<\/ul>\n<p>&nbsp;<\/p>\n<h3>Caracter\u00edsticas T\u00e9cnicas<\/h3>\n<table class=\"table table-bordered table-condensed\">\n<colgroup>\n<col width=\"50%\" \/>\n<col width=\"50%\" \/><\/colgroup>\n<tbody>\n<tr>\n<td width=\"50%\">C\u00f3digo de Pedido de la Pieza<\/td>\n<td width=\"50%\">TREL30-16 (bater\u00eda reemplazable)<\/td>\n<\/tr>\n<tr>\n<td>Rango de Medici\u00f3n del Sensor de Temperatura Externo<\/td>\n<td>-90 \u00b0C hasta +40 \u00b0C<\/td>\n<\/tr>\n<tr>\n<td>Rango de Temperatura de Funcionamiento<\/td>\n<td>-30 \u00b0C hasta +60 \u00b0C<\/td>\n<\/tr>\n<tr>\n<td>Rango de Temperatura de Almacenamiento<\/td>\n<td>-10 \u00b0C hasta +40 \u00b0C<\/td>\n<\/tr>\n<tr>\n<td>Precisi\u00f3n de temperatura nominal<\/td>\n<td>Mejor que \u00b10.5 \u00b0C de -20 \u00b0C a +10 \u00b0C<br \/>\nMejor que \u00b10.7 \u00b0C de -50 \u00b0C a -20 \u00b0C y de +10 \u00b0C a +<br \/>\n30 \u00b0C<br \/>\nMejor que \u00b11 \u00b0C de -80 \u00b0C a -50 \u00b0C<br \/>\nMejor que \u00b11,8 \u00b0C de -90 \u00b0C a -80 \u00b0CEl rendimiento real suele ser mucho mejor que los valores nominales.<br \/>\nLas cifras de precisi\u00f3n pueden mejorarse recalibrando.<\/td>\n<\/tr>\n<tr>\n<td>Resoluci\u00f3n de la Lectura de Temperatura Nominal<\/td>\n<td>Menor que 0.1 \u00b0C de -80 \u00b0C a 0.0 \u00b0C,<br \/>\nMenor que 0.2 \u00b0C de 0.0 \u00b0C a +18 \u00b0C,<br \/>\nMenor que 0.3 \u00b0C de +18 \u00b0C a +30 \u00b0C,<br \/>\nMenor que 0.5 \u00b0C de +30 \u00b0C a +40 \u00b0C<br \/>\nPor favor, vea arriba la tabla Resoluci\u00f3n Nativa Nominal.<br \/>\nLogTag Analyzer muestra actualmente hasta un decimal de \u00b0C o \u00b0F. La resoluci\u00f3n nativa es la que se almacena en LogTag<\/td>\n<\/tr>\n<tr>\n<td>Capacidad de Registro<\/td>\n<td>15.905 lecturas de temperatura.<br \/>\n66 d\u00edas @ registro cada 6 minutos<br \/>\nMemoria de estad\u00edsticas de resumen diario (para mostrar en la pantalla LCD): hasta 30 d\u00edas de Max\/Min\/duraci\u00f3n y estad\u00edsticas de disparo de alarmas.<\/td>\n<\/tr>\n<tr>\n<td>Intervalo de Muestreo<\/td>\n<td>Configurable de 30 segundos a cada hora<\/td>\n<\/tr>\n<tr>\n<td>Opciones de Inicio de Registro<\/td>\n<td>Pulsador de fecha y hora espec\u00edfica de arranque. Retardo de arranque opcional de hasta 18 horas.<\/td>\n<\/tr>\n<tr>\n<td>Indicaci\u00f3n de Registro<\/td>\n<td>Indicador de estado &#8220;REC&#8221;<\/td>\n<\/tr>\n<tr>\n<td>Tiempo de Descarga<\/td>\n<td>Normalmente menos de 10 segundos para memoria completa (15.905 lecturas), dependiendo del ordenador o dispositivo de lectura utilizado.<\/td>\n<\/tr>\n<tr>\n<td>Medioambiental<\/td>\n<td>IP 61 (cuando est\u00e1 montado verticalmente o colgado).<\/td>\n<\/tr>\n<tr>\n<td>Fuente de alimentaci\u00f3n<\/td>\n<td>Bater\u00eda de 3V CR2032 (LiMnO2), reemplazable por el usuario<\/td>\n<\/tr>\n<tr>\n<td>Duraci\u00f3n de la bater\u00eda<\/td>\n<td>Normalmente un a\u00f1o de funcionamiento.<br \/>\nNOTA: La vida normal de la bater\u00eda asume un registro cada 6 minutos, las estad\u00edsticas del d\u00eda se visualizan en la pantalla no m\u00e1s de una vez al d\u00eda durante no m\u00e1s de 30 segundos cada una.<br \/>\ntiempo. Descarga de datos mensualmente.<br \/>\nNOTA: La activaci\u00f3n continua de la alarma audible reducir\u00e1 la vida \u00fatil de la bater\u00eda. Cuando se activa una alarma, la alarma debe borrarse y restablecerse.<br \/>\ntan pronto como sea posible.<\/td>\n<\/tr>\n<tr>\n<td>Reloj en Tiempo Real<\/td>\n<td>Reloj en tiempo real incorporado.<br \/>\nPrecisi\u00f3n nominal \u00b125 ppm @ 25 \u00b0C (equivalente a 2,5 segundos\/d\u00eda).<br \/>\nEl coeficiente de temperatura nominal es -0,034 \u00b10,006 ppm\/\u00b0C (es decir, normalmente +\/- 0,00294 segundos\/d\u00eda\/\u00b0C).<\/td>\n<\/tr>\n<tr>\n<td>Sonda Externa Est\u00e1ndar<br \/>\nLongitudes de cable<\/td>\n<td>Est\u00e1ndar: 0,5 m (19).<br \/>\nExtendido: 3 m (9&#8217;10&#8221;) (m\u00e1ximo recomendado)<br \/>\nExtendido: 3 m (Part# ST10S-30)&#8221;<\/td>\n<\/tr>\n<tr>\n<td>Tipo de sonda: Externa: Remota<\/td>\n<td>PTFE\/FEP (apto para contacto con alimentos seg\u00fan FDA) coaxial<\/td>\n<\/tr>\n<tr>\n<td>Tama\u00f1o<\/td>\n<td>93 mm (Alto) x 54.5 mm (Ancho) x 8.6 mm (Profundidad)<\/td>\n<\/tr>\n<tr>\n<td>Peso<\/td>\n<td>41 g sin sonda externa<\/td>\n<\/tr>\n<tr>\n<td>Material de la Carcasa<\/td>\n<td>Policarbonato<\/td>\n<\/tr>\n<\/tbody>\n<\/table>\n","protected":false},"excerpt":{"rendered":"<p>La pantalla est\u00e1 dise\u00f1ada para mostrar &#8216;de un vistazo&#8217; si se han producido desviaciones de temperatura durante el d\u00eda en curso y hasta los 29 d\u00edas anteriores. La pantalla tambi\u00e9n muestra la lectura de la temperatura actual, la hora actual, el estado del registro y el estado de la bater\u00eda.<\/p>\n","protected":false},"featured_media":1438,"comment_status":"open","ping_status":"closed","template":"","meta":{"_joinchat":[]},"product_brand":[],"product_cat":[15],"product_tag":[],"class_list":{"0":"post-1437","1":"product","2":"type-product","3":"status-publish","4":"has-post-thumbnail","6":"product_cat-sin-categorizar","8":"first","9":"instock","10":"shipping-taxable","11":"product-type-simple"},"yoast_head":"<!-- This site is optimized with the Yoast SEO plugin v26.4 - https:\/\/yoast.com\/wordpress\/plugins\/seo\/ -->\n<title>Logtag trel30-16 - Abaa tienda online<\/title>\n<meta name=\"robots\" content=\"index, follow, max-snippet:-1, max-image-preview:large, max-video-preview:-1\" \/>\n<link rel=\"canonical\" href=\"https:\/\/abaa.mx\/tienda\/logtag-trel30-16\/\" \/>\n<meta property=\"og:locale\" content=\"es_MX\" \/>\n<meta property=\"og:type\" content=\"article\" \/>\n<meta property=\"og:title\" content=\"Logtag trel30-16 - Abaa tienda online\" \/>\n<meta property=\"og:description\" content=\"La pantalla est\u00e1 dise\u00f1ada para mostrar &#039;de un vistazo&#039; si se han producido desviaciones de temperatura durante el d\u00eda en curso y hasta los 29 d\u00edas anteriores. La pantalla tambi\u00e9n muestra la lectura de la temperatura actual, la hora actual, el estado del registro y el estado de la bater\u00eda.\" \/>\n<meta property=\"og:url\" content=\"https:\/\/abaa.mx\/tienda\/logtag-trel30-16\/\" \/>\n<meta property=\"og:site_name\" content=\"Abaa tienda online\" \/>\n<meta property=\"article:modified_time\" content=\"2023-11-24T15:03:39+00:00\" \/>\n<meta property=\"og:image\" content=\"https:\/\/abaa.mx\/tienda\/wp-content\/uploads\/2023\/09\/TREL30-16-LOGTAG.jpg\" \/>\n\t<meta property=\"og:image:width\" content=\"382\" \/>\n\t<meta property=\"og:image:height\" content=\"382\" \/>\n\t<meta property=\"og:image:type\" content=\"image\/jpeg\" \/>\n<meta name=\"twitter:card\" content=\"summary_large_image\" \/>\n<meta name=\"twitter:label1\" content=\"Tiempo de lectura\" \/>\n\t<meta name=\"twitter:data1\" content=\"4 minutos\" \/>\n<script type=\"application\/ld+json\" class=\"yoast-schema-graph\">{\"@context\":\"https:\/\/schema.org\",\"@graph\":[{\"@type\":\"WebPage\",\"@id\":\"https:\/\/abaa.mx\/tienda\/logtag-trel30-16\/\",\"url\":\"https:\/\/abaa.mx\/tienda\/logtag-trel30-16\/\",\"name\":\"Logtag trel30-16 - Abaa tienda online\",\"isPartOf\":{\"@id\":\"https:\/\/abaa.mx\/tienda\/#website\"},\"primaryImageOfPage\":{\"@id\":\"https:\/\/abaa.mx\/tienda\/logtag-trel30-16\/#primaryimage\"},\"image\":{\"@id\":\"https:\/\/abaa.mx\/tienda\/logtag-trel30-16\/#primaryimage\"},\"thumbnailUrl\":\"https:\/\/abaa.mx\/tienda\/wp-content\/uploads\/2023\/09\/TREL30-16-LOGTAG.jpg\",\"datePublished\":\"2023-09-08T22:00:23+00:00\",\"dateModified\":\"2023-11-24T15:03:39+00:00\",\"breadcrumb\":{\"@id\":\"https:\/\/abaa.mx\/tienda\/logtag-trel30-16\/#breadcrumb\"},\"inLanguage\":\"es\",\"potentialAction\":[{\"@type\":\"ReadAction\",\"target\":[\"https:\/\/abaa.mx\/tienda\/logtag-trel30-16\/\"]}]},{\"@type\":\"ImageObject\",\"inLanguage\":\"es\",\"@id\":\"https:\/\/abaa.mx\/tienda\/logtag-trel30-16\/#primaryimage\",\"url\":\"https:\/\/abaa.mx\/tienda\/wp-content\/uploads\/2023\/09\/TREL30-16-LOGTAG.jpg\",\"contentUrl\":\"https:\/\/abaa.mx\/tienda\/wp-content\/uploads\/2023\/09\/TREL30-16-LOGTAG.jpg\",\"width\":382,\"height\":382,\"caption\":\"logtag-trel30-16\"},{\"@type\":\"BreadcrumbList\",\"@id\":\"https:\/\/abaa.mx\/tienda\/logtag-trel30-16\/#breadcrumb\",\"itemListElement\":[{\"@type\":\"ListItem\",\"position\":1,\"name\":\"Inicio\",\"item\":\"https:\/\/abaa.mx\/tienda\/\"},{\"@type\":\"ListItem\",\"position\":2,\"name\":\"Tienda\",\"item\":\"https:\/\/abaa.mx\/tienda\/\"},{\"@type\":\"ListItem\",\"position\":3,\"name\":\"Logtag trel30-16\"}]},{\"@type\":\"WebSite\",\"@id\":\"https:\/\/abaa.mx\/tienda\/#website\",\"url\":\"https:\/\/abaa.mx\/tienda\/\",\"name\":\"Abaa tienda online\",\"description\":\"Instrumentos de medici\u00f3n\",\"publisher\":{\"@id\":\"https:\/\/abaa.mx\/tienda\/#organization\"},\"potentialAction\":[{\"@type\":\"SearchAction\",\"target\":{\"@type\":\"EntryPoint\",\"urlTemplate\":\"https:\/\/abaa.mx\/tienda\/?s={search_term_string}\"},\"query-input\":{\"@type\":\"PropertyValueSpecification\",\"valueRequired\":true,\"valueName\":\"search_term_string\"}}],\"inLanguage\":\"es\"},{\"@type\":\"Organization\",\"@id\":\"https:\/\/abaa.mx\/tienda\/#organization\",\"name\":\"Abaa tienda online\",\"url\":\"https:\/\/abaa.mx\/tienda\/\",\"logo\":{\"@type\":\"ImageObject\",\"inLanguage\":\"es\",\"@id\":\"https:\/\/abaa.mx\/tienda\/#\/schema\/logo\/image\/\",\"url\":\"https:\/\/abaa.mx\/tienda\/wp-content\/uploads\/2024\/01\/abaa-metrologia-tienda.png\",\"contentUrl\":\"https:\/\/abaa.mx\/tienda\/wp-content\/uploads\/2024\/01\/abaa-metrologia-tienda.png\",\"width\":300,\"height\":141,\"caption\":\"Abaa tienda online\"},\"image\":{\"@id\":\"https:\/\/abaa.mx\/tienda\/#\/schema\/logo\/image\/\"}}]}<\/script>\n<!-- \/ Yoast SEO plugin. -->","yoast_head_json":{"title":"Logtag trel30-16 - Abaa tienda online","robots":{"index":"index","follow":"follow","max-snippet":"max-snippet:-1","max-image-preview":"max-image-preview:large","max-video-preview":"max-video-preview:-1"},"canonical":"https:\/\/abaa.mx\/tienda\/logtag-trel30-16\/","og_locale":"es_MX","og_type":"article","og_title":"Logtag trel30-16 - Abaa tienda online","og_description":"La pantalla est\u00e1 dise\u00f1ada para mostrar 'de un vistazo' si se han producido desviaciones de temperatura durante el d\u00eda en curso y hasta los 29 d\u00edas anteriores. La pantalla tambi\u00e9n muestra la lectura de la temperatura actual, la hora actual, el estado del registro y el estado de la bater\u00eda.","og_url":"https:\/\/abaa.mx\/tienda\/logtag-trel30-16\/","og_site_name":"Abaa tienda online","article_modified_time":"2023-11-24T15:03:39+00:00","og_image":[{"width":382,"height":382,"url":"https:\/\/abaa.mx\/tienda\/wp-content\/uploads\/2023\/09\/TREL30-16-LOGTAG.jpg","type":"image\/jpeg"}],"twitter_card":"summary_large_image","twitter_misc":{"Tiempo de lectura":"4 minutos"},"schema":{"@context":"https:\/\/schema.org","@graph":[{"@type":"WebPage","@id":"https:\/\/abaa.mx\/tienda\/logtag-trel30-16\/","url":"https:\/\/abaa.mx\/tienda\/logtag-trel30-16\/","name":"Logtag trel30-16 - Abaa tienda online","isPartOf":{"@id":"https:\/\/abaa.mx\/tienda\/#website"},"primaryImageOfPage":{"@id":"https:\/\/abaa.mx\/tienda\/logtag-trel30-16\/#primaryimage"},"image":{"@id":"https:\/\/abaa.mx\/tienda\/logtag-trel30-16\/#primaryimage"},"thumbnailUrl":"https:\/\/abaa.mx\/tienda\/wp-content\/uploads\/2023\/09\/TREL30-16-LOGTAG.jpg","datePublished":"2023-09-08T22:00:23+00:00","dateModified":"2023-11-24T15:03:39+00:00","breadcrumb":{"@id":"https:\/\/abaa.mx\/tienda\/logtag-trel30-16\/#breadcrumb"},"inLanguage":"es","potentialAction":[{"@type":"ReadAction","target":["https:\/\/abaa.mx\/tienda\/logtag-trel30-16\/"]}]},{"@type":"ImageObject","inLanguage":"es","@id":"https:\/\/abaa.mx\/tienda\/logtag-trel30-16\/#primaryimage","url":"https:\/\/abaa.mx\/tienda\/wp-content\/uploads\/2023\/09\/TREL30-16-LOGTAG.jpg","contentUrl":"https:\/\/abaa.mx\/tienda\/wp-content\/uploads\/2023\/09\/TREL30-16-LOGTAG.jpg","width":382,"height":382,"caption":"logtag-trel30-16"},{"@type":"BreadcrumbList","@id":"https:\/\/abaa.mx\/tienda\/logtag-trel30-16\/#breadcrumb","itemListElement":[{"@type":"ListItem","position":1,"name":"Inicio","item":"https:\/\/abaa.mx\/tienda\/"},{"@type":"ListItem","position":2,"name":"Tienda","item":"https:\/\/abaa.mx\/tienda\/"},{"@type":"ListItem","position":3,"name":"Logtag trel30-16"}]},{"@type":"WebSite","@id":"https:\/\/abaa.mx\/tienda\/#website","url":"https:\/\/abaa.mx\/tienda\/","name":"Abaa tienda online","description":"Instrumentos de medici\u00f3n","publisher":{"@id":"https:\/\/abaa.mx\/tienda\/#organization"},"potentialAction":[{"@type":"SearchAction","target":{"@type":"EntryPoint","urlTemplate":"https:\/\/abaa.mx\/tienda\/?s={search_term_string}"},"query-input":{"@type":"PropertyValueSpecification","valueRequired":true,"valueName":"search_term_string"}}],"inLanguage":"es"},{"@type":"Organization","@id":"https:\/\/abaa.mx\/tienda\/#organization","name":"Abaa tienda online","url":"https:\/\/abaa.mx\/tienda\/","logo":{"@type":"ImageObject","inLanguage":"es","@id":"https:\/\/abaa.mx\/tienda\/#\/schema\/logo\/image\/","url":"https:\/\/abaa.mx\/tienda\/wp-content\/uploads\/2024\/01\/abaa-metrologia-tienda.png","contentUrl":"https:\/\/abaa.mx\/tienda\/wp-content\/uploads\/2024\/01\/abaa-metrologia-tienda.png","width":300,"height":141,"caption":"Abaa tienda online"},"image":{"@id":"https:\/\/abaa.mx\/tienda\/#\/schema\/logo\/image\/"}}]}},"_links":{"self":[{"href":"https:\/\/abaa.mx\/tienda\/wp-json\/wp\/v2\/product\/1437","targetHints":{"allow":["GET"]}}],"collection":[{"href":"https:\/\/abaa.mx\/tienda\/wp-json\/wp\/v2\/product"}],"about":[{"href":"https:\/\/abaa.mx\/tienda\/wp-json\/wp\/v2\/types\/product"}],"replies":[{"embeddable":true,"href":"https:\/\/abaa.mx\/tienda\/wp-json\/wp\/v2\/comments?post=1437"}],"wp:featuredmedia":[{"embeddable":true,"href":"https:\/\/abaa.mx\/tienda\/wp-json\/wp\/v2\/media\/1438"}],"wp:attachment":[{"href":"https:\/\/abaa.mx\/tienda\/wp-json\/wp\/v2\/media?parent=1437"}],"wp:term":[{"taxonomy":"product_brand","embeddable":true,"href":"https:\/\/abaa.mx\/tienda\/wp-json\/wp\/v2\/product_brand?post=1437"},{"taxonomy":"product_cat","embeddable":true,"href":"https:\/\/abaa.mx\/tienda\/wp-json\/wp\/v2\/product_cat?post=1437"},{"taxonomy":"product_tag","embeddable":true,"href":"https:\/\/abaa.mx\/tienda\/wp-json\/wp\/v2\/product_tag?post=1437"}],"curies":[{"name":"wp","href":"https:\/\/api.w.org\/{rel}","templated":true}]}}