{"id":1435,"date":"2023-09-08T21:53:53","date_gmt":"2023-09-08T21:53:53","guid":{"rendered":"https:\/\/abaa.mx\/tienda\/?post_type=product&#038;p=1435"},"modified":"2023-11-24T15:08:40","modified_gmt":"2023-11-24T15:08:40","slug":"logtag-trel-8","status":"publish","type":"product","link":"https:\/\/abaa.mx\/tienda\/logtag-trel-8\/","title":{"rendered":"Logtag trel-8"},"content":{"rendered":"<p>El registrador de sonda remota de baja temperatura LogTag mide y almacena hasta 8000 lecturas de temperatura de m\u00e1s de -90 \u00b0C a +40 \u00b0C del sensor de temperatura de sonda remota de tipo LogTag ST10 intercambiable asociado (disponible en longitudes de hasta 3 metros). Dise\u00f1ado para su uso en el monitoreo de art\u00edculos almacenados a bajas temperaturas, como en entornos de tipo hielo seco.<\/p>\n<p>Utilizando la interfaz LogTag y el software complementario gratuito LogTag Analyzer, el LogTag se configura f\u00e1cilmente para registrar las condiciones, incluido el inicio retrasado, el intervalo de muestreo, el n\u00famero de lecturas y la configuraci\u00f3n de las condiciones para activar el indicador ALERT. Las lecturas se descargan utilizando LogTag Analyzer, que proporciona facilidades para gr\u00e1ficos, zoom, enumeraci\u00f3n de estad\u00edsticas de datos y permite exportar los datos a otras aplicaciones como Excel.<\/p>\n<p>&nbsp;<\/p>\n<p><strong>Productos destacados:\u00a0<\/strong><\/p>\n<ul class=\"highlights bullet\">\n<li><b>Indicador de alerta<\/b>: Indica si las lecturas est\u00e1n fuera de los l\u00edmites preestablecidos.<\/li>\n<li><b>El indicador OK:<\/b> Indica si sigue grabando y si las lecturas est\u00e1n dentro de los l\u00edmites configurados.<\/li>\n<li><b>Marca de inspecci\u00f3n:<\/b> En el registro mediante un bot\u00f3n pulsador.<\/li>\n<li><b>Inicio del registro con bot\u00f3n pulsador.<\/b><\/li>\n<li><b>Registro &#8216;Pre-Start&#8217;<\/b>: Logtag se puede configurar para grabar incluso si no se ha iniciado.<\/li>\n<li><b>Alto rendimiento:<\/b> A bajo coste.<\/li>\n<li><b>Caja del tama\u00f1o de una tarjeta de cr\u00e9dito<\/b>: Lo suficientemente delgada como para ser enviada f\u00e1cilmente por correo &#8220;tasa de carta&#8221;.<\/li>\n<li><b>El reloj en tiempo real:<\/b> Registra el tiempo y la temperatura simult\u00e1neamente.<\/li>\n<li><strong>Recalibraci\u00f3n:<\/strong> Para lograr la mayor precisi\u00f3n posible.<\/li>\n<li><strong>Conector de sensor: <\/strong>Remoto chapado en oro\u00a0de alta calidad.<\/li>\n<li><b>Sondas<\/b>\u00a0<strong>intercambiables<\/strong>: Las sondas de temperatura remotas LogTag son intercambiables.<\/li>\n<\/ul>\n<div class=\"spacer\"><\/div>\n<h3>Especificaciones t\u00e9cnicas<\/h3>\n<table class=\"table table-bordered table-condensed\">\n<colgroup>\n<col width=\"50%\" \/>\n<col width=\"50%\" \/><\/colgroup>\n<tbody>\n<tr>\n<td width=\"50%\">C\u00f3digo de pedido de piezas<\/td>\n<td width=\"50%\">TREL-8<\/td>\n<\/tr>\n<tr>\n<td>Rango de medici\u00f3n del sensor de temperatura de la sonda remota (solo tipo ST10)<\/td>\n<td>-90\u00b0C ~ +40\u00b0C<\/td>\n<\/tr>\n<tr>\n<td>Rango de temperatura de funcionamiento del registrador<\/td>\n<td>-30\u00b0C ~ +70\u00b0C<\/td>\n<\/tr>\n<tr>\n<td>Precisi\u00f3n de lectura de temperatura nominal<\/td>\n<td>Mejor que \u00b11 \u00b0C para -30 \u00b0C~ +20 \u00b0C mejor que \u00b11.2 \u00b0C para -45 \u00b0C~ -30 \u00b0C y +20 \u00b0C~+40 \u00b0C mejor que \u00b11.7 \u00b0C para -80 \u00b0C~-45 \u00b0C mejor que \u00b12.0 \u00b0C para -90 \u00b0C~-80 \u00b0C<\/p>\n<p><small>Valores de f\u00e1brica con sonda LogTag est\u00e1ndar de 1 m suministrada y con la caja del registrador a una temperatura de 0 \u00b0C ~ 50 \u00b0C) El rendimiento real es normalmente mucho mejor que los valores nominales. Las cifras de precisi\u00f3n se pueden mejorar mediante la recalibraci\u00f3n.<\/small><\/td>\n<\/tr>\n<tr>\n<td>Capacidad<\/td>\n<td>Lecturas de temperatura de 8000 (memoria de 16 Kbytes)<\/td>\n<\/tr>\n<tr>\n<td>Frecuencia de muestreo<\/td>\n<td>ajustable, de 30 segundos a varias horas<\/td>\n<\/tr>\n<tr>\n<td>Tiempo de descarga<\/td>\n<td>Por lo general, con memoria completa en menos de 5 segundos, dependiendo de la computadora o el dispositivo de lectura utilizado.<\/td>\n<\/tr>\n<tr>\n<td>Fuente de alimentaci\u00f3n<\/td>\n<td>CR2450 3V LiMnO<sub>2<\/sub>\u00a0Bater\u00eda (fija).<\/td>\n<\/tr>\n<tr>\n<td>Duraci\u00f3n de la bater\u00eda<\/td>\n<td>Vida \u00fatil de almacenamiento de 1 a\u00f1o antes del &#8220;inicio&#8221; (si es el modo de hibernaci\u00f3n), seguido de:<br \/>\n2 \u2013 3 a\u00f1os de uso normal (basado en el registro de 15 minutos, descarga de datos mensualmente)<\/td>\n<\/tr>\n<tr>\n<td>Longitud del cable del sensor externo<\/td>\n<td>Est\u00e1ndar: 50c m (Parte# ST10S-05)Ampliado: 3 m (Parte# ST10S-30)<\/td>\n<\/tr>\n<tr>\n<td>Tipo de cable de sensor externo<\/td>\n<td>PTFE\/FEP (FDA food contact rating) coaxial<\/td>\n<\/tr>\n<tr>\n<td>Tama\u00f1o<\/td>\n<td>86 mm (Al) x 54,5 mm (B) x 8,6 mm (T)<\/td>\n<\/tr>\n<tr>\n<td>Peso<\/td>\n<td>35 gramos sin ST100<\/td>\n<\/tr>\n<tr>\n<td>Material de la caja<\/td>\n<td>Policarbonato<\/td>\n<\/tr>\n<\/tbody>\n<\/table>\n","protected":false},"excerpt":{"rendered":"<p>El registrador de sonda remota de baja temperatura LogTag mide y almacena hasta 8000 lecturas de temperatura de m\u00e1s de -90 \u00b0C a +40 \u00b0C del sensor de temperatura de sonda remota de tipo LogTag ST10 intercambiable asociado (disponible en longitudes de hasta 3 metros).<\/p>\n","protected":false},"featured_media":1436,"comment_status":"open","ping_status":"closed","template":"","meta":{"_joinchat":[]},"product_brand":[],"product_cat":[15],"product_tag":[],"class_list":{"0":"post-1435","1":"product","2":"type-product","3":"status-publish","4":"has-post-thumbnail","6":"product_cat-sin-categorizar","8":"first","9":"instock","10":"shipping-taxable","11":"product-type-simple"},"yoast_head":"<!-- This site is optimized with the Yoast SEO plugin v26.4 - https:\/\/yoast.com\/wordpress\/plugins\/seo\/ -->\n<title>Logtag trel-8 - Abaa tienda online<\/title>\n<meta name=\"robots\" content=\"index, follow, max-snippet:-1, max-image-preview:large, max-video-preview:-1\" \/>\n<link rel=\"canonical\" href=\"https:\/\/abaa.mx\/tienda\/logtag-trel-8\/\" \/>\n<meta property=\"og:locale\" content=\"es_MX\" \/>\n<meta property=\"og:type\" content=\"article\" \/>\n<meta property=\"og:title\" content=\"Logtag trel-8 - Abaa tienda online\" \/>\n<meta property=\"og:description\" content=\"El registrador de sonda remota de baja temperatura LogTag mide y almacena hasta 8000 lecturas de temperatura de m\u00e1s de -90 \u00b0C a +40 \u00b0C del sensor de temperatura de sonda remota de tipo LogTag ST10 intercambiable asociado (disponible en longitudes de hasta 3 metros).\" \/>\n<meta property=\"og:url\" content=\"https:\/\/abaa.mx\/tienda\/logtag-trel-8\/\" \/>\n<meta property=\"og:site_name\" content=\"Abaa tienda online\" \/>\n<meta property=\"article:modified_time\" content=\"2023-11-24T15:08:40+00:00\" \/>\n<meta property=\"og:image\" content=\"https:\/\/abaa.mx\/tienda\/wp-content\/uploads\/2023\/09\/logtag-trel-8.jpg\" \/>\n\t<meta property=\"og:image:width\" content=\"468\" \/>\n\t<meta property=\"og:image:height\" content=\"500\" \/>\n\t<meta property=\"og:image:type\" content=\"image\/jpeg\" \/>\n<meta name=\"twitter:card\" content=\"summary_large_image\" \/>\n<meta name=\"twitter:label1\" content=\"Tiempo de lectura\" \/>\n\t<meta name=\"twitter:data1\" content=\"3 minutos\" \/>\n<script type=\"application\/ld+json\" class=\"yoast-schema-graph\">{\"@context\":\"https:\/\/schema.org\",\"@graph\":[{\"@type\":\"WebPage\",\"@id\":\"https:\/\/abaa.mx\/tienda\/logtag-trel-8\/\",\"url\":\"https:\/\/abaa.mx\/tienda\/logtag-trel-8\/\",\"name\":\"Logtag trel-8 - Abaa tienda online\",\"isPartOf\":{\"@id\":\"https:\/\/abaa.mx\/tienda\/#website\"},\"primaryImageOfPage\":{\"@id\":\"https:\/\/abaa.mx\/tienda\/logtag-trel-8\/#primaryimage\"},\"image\":{\"@id\":\"https:\/\/abaa.mx\/tienda\/logtag-trel-8\/#primaryimage\"},\"thumbnailUrl\":\"https:\/\/abaa.mx\/tienda\/wp-content\/uploads\/2023\/09\/logtag-trel-8.jpg\",\"datePublished\":\"2023-09-08T21:53:53+00:00\",\"dateModified\":\"2023-11-24T15:08:40+00:00\",\"breadcrumb\":{\"@id\":\"https:\/\/abaa.mx\/tienda\/logtag-trel-8\/#breadcrumb\"},\"inLanguage\":\"es\",\"potentialAction\":[{\"@type\":\"ReadAction\",\"target\":[\"https:\/\/abaa.mx\/tienda\/logtag-trel-8\/\"]}]},{\"@type\":\"ImageObject\",\"inLanguage\":\"es\",\"@id\":\"https:\/\/abaa.mx\/tienda\/logtag-trel-8\/#primaryimage\",\"url\":\"https:\/\/abaa.mx\/tienda\/wp-content\/uploads\/2023\/09\/logtag-trel-8.jpg\",\"contentUrl\":\"https:\/\/abaa.mx\/tienda\/wp-content\/uploads\/2023\/09\/logtag-trel-8.jpg\",\"width\":468,\"height\":500,\"caption\":\"logtag-trel-8\"},{\"@type\":\"BreadcrumbList\",\"@id\":\"https:\/\/abaa.mx\/tienda\/logtag-trel-8\/#breadcrumb\",\"itemListElement\":[{\"@type\":\"ListItem\",\"position\":1,\"name\":\"Inicio\",\"item\":\"https:\/\/abaa.mx\/tienda\/\"},{\"@type\":\"ListItem\",\"position\":2,\"name\":\"Tienda\",\"item\":\"https:\/\/abaa.mx\/tienda\/\"},{\"@type\":\"ListItem\",\"position\":3,\"name\":\"Logtag trel-8\"}]},{\"@type\":\"WebSite\",\"@id\":\"https:\/\/abaa.mx\/tienda\/#website\",\"url\":\"https:\/\/abaa.mx\/tienda\/\",\"name\":\"Abaa tienda online\",\"description\":\"Instrumentos de medici\u00f3n\",\"publisher\":{\"@id\":\"https:\/\/abaa.mx\/tienda\/#organization\"},\"potentialAction\":[{\"@type\":\"SearchAction\",\"target\":{\"@type\":\"EntryPoint\",\"urlTemplate\":\"https:\/\/abaa.mx\/tienda\/?s={search_term_string}\"},\"query-input\":{\"@type\":\"PropertyValueSpecification\",\"valueRequired\":true,\"valueName\":\"search_term_string\"}}],\"inLanguage\":\"es\"},{\"@type\":\"Organization\",\"@id\":\"https:\/\/abaa.mx\/tienda\/#organization\",\"name\":\"Abaa tienda online\",\"url\":\"https:\/\/abaa.mx\/tienda\/\",\"logo\":{\"@type\":\"ImageObject\",\"inLanguage\":\"es\",\"@id\":\"https:\/\/abaa.mx\/tienda\/#\/schema\/logo\/image\/\",\"url\":\"https:\/\/abaa.mx\/tienda\/wp-content\/uploads\/2024\/01\/abaa-metrologia-tienda.png\",\"contentUrl\":\"https:\/\/abaa.mx\/tienda\/wp-content\/uploads\/2024\/01\/abaa-metrologia-tienda.png\",\"width\":300,\"height\":141,\"caption\":\"Abaa tienda online\"},\"image\":{\"@id\":\"https:\/\/abaa.mx\/tienda\/#\/schema\/logo\/image\/\"}}]}<\/script>\n<!-- \/ Yoast SEO plugin. -->","yoast_head_json":{"title":"Logtag trel-8 - Abaa tienda online","robots":{"index":"index","follow":"follow","max-snippet":"max-snippet:-1","max-image-preview":"max-image-preview:large","max-video-preview":"max-video-preview:-1"},"canonical":"https:\/\/abaa.mx\/tienda\/logtag-trel-8\/","og_locale":"es_MX","og_type":"article","og_title":"Logtag trel-8 - Abaa tienda online","og_description":"El registrador de sonda remota de baja temperatura LogTag mide y almacena hasta 8000 lecturas de temperatura de m\u00e1s de -90 \u00b0C a +40 \u00b0C del sensor de temperatura de sonda remota de tipo LogTag ST10 intercambiable asociado (disponible en longitudes de hasta 3 metros).","og_url":"https:\/\/abaa.mx\/tienda\/logtag-trel-8\/","og_site_name":"Abaa tienda online","article_modified_time":"2023-11-24T15:08:40+00:00","og_image":[{"width":468,"height":500,"url":"https:\/\/abaa.mx\/tienda\/wp-content\/uploads\/2023\/09\/logtag-trel-8.jpg","type":"image\/jpeg"}],"twitter_card":"summary_large_image","twitter_misc":{"Tiempo de lectura":"3 minutos"},"schema":{"@context":"https:\/\/schema.org","@graph":[{"@type":"WebPage","@id":"https:\/\/abaa.mx\/tienda\/logtag-trel-8\/","url":"https:\/\/abaa.mx\/tienda\/logtag-trel-8\/","name":"Logtag trel-8 - Abaa tienda online","isPartOf":{"@id":"https:\/\/abaa.mx\/tienda\/#website"},"primaryImageOfPage":{"@id":"https:\/\/abaa.mx\/tienda\/logtag-trel-8\/#primaryimage"},"image":{"@id":"https:\/\/abaa.mx\/tienda\/logtag-trel-8\/#primaryimage"},"thumbnailUrl":"https:\/\/abaa.mx\/tienda\/wp-content\/uploads\/2023\/09\/logtag-trel-8.jpg","datePublished":"2023-09-08T21:53:53+00:00","dateModified":"2023-11-24T15:08:40+00:00","breadcrumb":{"@id":"https:\/\/abaa.mx\/tienda\/logtag-trel-8\/#breadcrumb"},"inLanguage":"es","potentialAction":[{"@type":"ReadAction","target":["https:\/\/abaa.mx\/tienda\/logtag-trel-8\/"]}]},{"@type":"ImageObject","inLanguage":"es","@id":"https:\/\/abaa.mx\/tienda\/logtag-trel-8\/#primaryimage","url":"https:\/\/abaa.mx\/tienda\/wp-content\/uploads\/2023\/09\/logtag-trel-8.jpg","contentUrl":"https:\/\/abaa.mx\/tienda\/wp-content\/uploads\/2023\/09\/logtag-trel-8.jpg","width":468,"height":500,"caption":"logtag-trel-8"},{"@type":"BreadcrumbList","@id":"https:\/\/abaa.mx\/tienda\/logtag-trel-8\/#breadcrumb","itemListElement":[{"@type":"ListItem","position":1,"name":"Inicio","item":"https:\/\/abaa.mx\/tienda\/"},{"@type":"ListItem","position":2,"name":"Tienda","item":"https:\/\/abaa.mx\/tienda\/"},{"@type":"ListItem","position":3,"name":"Logtag trel-8"}]},{"@type":"WebSite","@id":"https:\/\/abaa.mx\/tienda\/#website","url":"https:\/\/abaa.mx\/tienda\/","name":"Abaa tienda online","description":"Instrumentos de medici\u00f3n","publisher":{"@id":"https:\/\/abaa.mx\/tienda\/#organization"},"potentialAction":[{"@type":"SearchAction","target":{"@type":"EntryPoint","urlTemplate":"https:\/\/abaa.mx\/tienda\/?s={search_term_string}"},"query-input":{"@type":"PropertyValueSpecification","valueRequired":true,"valueName":"search_term_string"}}],"inLanguage":"es"},{"@type":"Organization","@id":"https:\/\/abaa.mx\/tienda\/#organization","name":"Abaa tienda online","url":"https:\/\/abaa.mx\/tienda\/","logo":{"@type":"ImageObject","inLanguage":"es","@id":"https:\/\/abaa.mx\/tienda\/#\/schema\/logo\/image\/","url":"https:\/\/abaa.mx\/tienda\/wp-content\/uploads\/2024\/01\/abaa-metrologia-tienda.png","contentUrl":"https:\/\/abaa.mx\/tienda\/wp-content\/uploads\/2024\/01\/abaa-metrologia-tienda.png","width":300,"height":141,"caption":"Abaa tienda online"},"image":{"@id":"https:\/\/abaa.mx\/tienda\/#\/schema\/logo\/image\/"}}]}},"_links":{"self":[{"href":"https:\/\/abaa.mx\/tienda\/wp-json\/wp\/v2\/product\/1435","targetHints":{"allow":["GET"]}}],"collection":[{"href":"https:\/\/abaa.mx\/tienda\/wp-json\/wp\/v2\/product"}],"about":[{"href":"https:\/\/abaa.mx\/tienda\/wp-json\/wp\/v2\/types\/product"}],"replies":[{"embeddable":true,"href":"https:\/\/abaa.mx\/tienda\/wp-json\/wp\/v2\/comments?post=1435"}],"wp:featuredmedia":[{"embeddable":true,"href":"https:\/\/abaa.mx\/tienda\/wp-json\/wp\/v2\/media\/1436"}],"wp:attachment":[{"href":"https:\/\/abaa.mx\/tienda\/wp-json\/wp\/v2\/media?parent=1435"}],"wp:term":[{"taxonomy":"product_brand","embeddable":true,"href":"https:\/\/abaa.mx\/tienda\/wp-json\/wp\/v2\/product_brand?post=1435"},{"taxonomy":"product_cat","embeddable":true,"href":"https:\/\/abaa.mx\/tienda\/wp-json\/wp\/v2\/product_cat?post=1435"},{"taxonomy":"product_tag","embeddable":true,"href":"https:\/\/abaa.mx\/tienda\/wp-json\/wp\/v2\/product_tag?post=1435"}],"curies":[{"name":"wp","href":"https:\/\/api.w.org\/{rel}","templated":true}]}}