{"id":1426,"date":"2023-09-08T21:40:46","date_gmt":"2023-09-08T21:40:46","guid":{"rendered":"https:\/\/abaa.mx\/tienda\/?post_type=product&#038;p=1426"},"modified":"2023-11-24T15:20:57","modified_gmt":"2023-11-24T15:20:57","slug":"logtag-sril-8","status":"publish","type":"product","link":"https:\/\/abaa.mx\/tienda\/logtag-sril-8\/","title":{"rendered":"Logtag sril-8"},"content":{"rendered":"<p>El Registrador de Temperatura LogTag Dry Ice &#8220;Probe-less&#8221; (Hielo Seco &#8220;sin Sonda&#8221;) gestiona, mide y almacena hasta 8000 lecturas de temperatura en entornos de temperatura que oscilan entre -80 \u00b0C y +40 \u00b0C. Destinado a la vigilancia en tr\u00e1nsito de art\u00edculos envasados con refrigeraci\u00f3n por hielo seco. Disponible en versiones de un solo viaje (SRIL-8) y m\u00faltiples viajes (TRIL-8). Utilizando la interfaz LogTag y el software complementario LogTag Analyzer, disponible de forma gratuita, el Registrador de Temperatura de Hielo Seco LogTag se configura f\u00e1cilmente para registrar situaciones, incluyendo el inicio retardado, el intervalo de muestreo, el n\u00famero de lecturas y la configuraci\u00f3n de las condiciones para activar el indicador de ALERTA.<\/p>\n<p>El indicador de Alerta Roja proporciona una indicaci\u00f3n inmediata, sin acceso a un PC, si alguna lectura est\u00e1 fuera de los l\u00edmites especificados en el momento en que se configur\u00f3 la unidad. El indicador Verde OK proporciona una confirmaci\u00f3n visual inmediata, sin acceso a un PC, de que la unidad est\u00e1 funcionando. Las lecturas se descargan con LogTag Analyzer, que permite trazar gr\u00e1ficos, hacer zoom, listar estad\u00edsticas de datos y exportar los datos a otras aplicaciones como Excel. El producto incorpora un sensor de temperatura externo montado individualmente en un hueco de la caja. Esta disposici\u00f3n protege al sensor de da\u00f1os f\u00edsicos, al tiempo que mantiene un tiempo de respuesta m\u00e1s r\u00e1pido, normalmente asociado con sensores remotos.<\/p>\n<p>&nbsp;<\/p>\n<p><strong>Aspectos destacados:\u00a0<\/strong><\/p>\n<ul class=\"highlights bullet\">\n<li><strong>Indicador de alerta:<\/strong> Indica si las lecturas est\u00e1n fuera de los l\u00edmites preestablecidos.<\/li>\n<li><strong>El indicador OK:<\/strong> Indica si todav\u00eda se est\u00e1 registrando y si las lecturas se encuentran dentro de los l\u00edmites configurados.<\/li>\n<li><strong>Marca de inspecci\u00f3n:<\/strong> En el registro mediante pulsador<\/li>\n<li><strong>Pulsador de inicio:<\/strong> De Registro con inicio retardado opcional o inicio en Hora y Fecha espec\u00edfica<\/li>\n<li><strong>Registro &#8216;Pre-Start&#8217; (&#8216;Pre-Inicio&#8217;)<\/strong>: Logtag puede configurarse para registrar incluso si no se ha iniciado.<\/li>\n<li><strong>Alto rendimiento:<\/strong> A bajo coste<\/li>\n<li><strong>Carcasa del tama\u00f1o de una tarjeta de cr\u00e9dito:<\/strong> Lo suficientemente delgada para ser enviada f\u00e1cilmente por correo con la &#8220;tarifa de la carta&#8221;.<\/li>\n<li><strong>Reloj en tiempo real:<\/strong> Que registra la hora y la temperatura simult\u00e1neamente<\/li>\n<li><strong>El software LogTag Analyzer:<\/strong> F\u00e1cil de usar y que se ejecuta en cualquier PC, configura LogTag\u00a0para el registro y, a continuaci\u00f3n, descarga los datos resultantes para su an\u00e1lisis.\u00a0Los datos tambi\u00e9n se pueden exportar a formatos compatibles con otras aplicaciones como Excel.<\/li>\n<li><strong>Re-calibraci\u00f3n:<\/strong> Para lograr la mayor precisi\u00f3n posible<\/li>\n<\/ul>\n<p>&nbsp;<\/p>\n<p>&nbsp;<\/p>\n<h4>Especificaciones T\u00e9cnicas:<\/h4>\n<table class=\"table table-bordered table-condensed\">\n<colgroup>\n<col width=\"50%\" \/>\n<col width=\"50%\" \/><\/colgroup>\n<tbody>\n<tr>\n<td width=\"50%\">C\u00f3digo de Pedido de la Pieza<\/td>\n<td width=\"50%\">TRIL-8 (Multiuso: hasta 1000hrs@-80 \u00b0C)<br \/>\nSRIL-8 (de un solo uso)<\/td>\n<\/tr>\n<tr>\n<td>Rango de medici\u00f3n de la temperatura de funcionamiento del registrador<\/td>\n<td>-80\u00b0C ~ +40\u00b0C<\/td>\n<\/tr>\n<tr>\n<td>Modo de funcionamiento del registrador<\/td>\n<td>Disponible en un Solo uso o Multiuso<\/td>\n<\/tr>\n<tr>\n<td>Precisi\u00f3n de lectura de la Temperatura nominal<\/td>\n<td>Mejor que \u00b11 \u00b0C para -30 \u00b0C~ +20 \u00b0C<br \/>\nmejor que \u00b11.2 \u00b0C para -45 \u00b0C~ -30 \u00b0C y +20 \u00b0C~+40 \u00b0C<br \/>\nmejor que \u00b11.7 \u00b0C para -80 \u00b0C~-45 \u00b0C<\/td>\n<\/tr>\n<tr>\n<td>Capacidad<\/td>\n<td>8000 lecturas de temperatura (16Kbytes de memoria)<\/td>\n<\/tr>\n<tr>\n<td>Frecuencia de muestreo<\/td>\n<td>ajustable, de 1 minuto a varias horas<\/td>\n<\/tr>\n<tr>\n<td>Tiempo de descarga<\/td>\n<td>Normalmente con memoria completa en menos de 5 segundos, dependiendo del ordenador o dispositivo de lectura utilizado.<\/td>\n<\/tr>\n<tr>\n<td>Fuente de alimentaci\u00f3n<\/td>\n<td>Bater\u00eda qu\u00edmica de litio para baja temperatura, de 3V.<\/td>\n<\/tr>\n<tr>\n<td>Duraci\u00f3n\/Autonom\u00eda de la Bater\u00eda<\/td>\n<td>La vida \u00fatil m\u00ednima de almacenamiento es de 12 meses antes del &#8220;inicio&#8221;.<\/p>\n<p>Versi\u00f3n de un solo uso para un viaje t\u00edpico de 2 semanas de duraci\u00f3n a temperaturas de hielo seco.<\/p>\n<p>Versi\u00f3n multiuso para una exposici\u00f3n total acumulativa de 1000 horas a -80 \u00b0C en m\u00faltiples viajes.<\/td>\n<\/tr>\n<tr>\n<td>Tama\u00f1o<\/td>\n<td>86 mm(Alto)x54.5 mm(Ancho)x8.6 mm(Prof.)<\/td>\n<\/tr>\n<tr>\n<td>Peso<\/td>\n<td>35 gramos<\/td>\n<\/tr>\n<tr>\n<td>Material de la carcasa<\/td>\n<td>Policarbonato<\/td>\n<\/tr>\n<tr>\n<td>Interfaz y software<\/td>\n<td>Funciona con soportes de interfaz LogTag est\u00e1ndar. Requiere LogTag Analyzer 2.2r20 o posterior.<\/td>\n<\/tr>\n<\/tbody>\n<\/table>\n","protected":false},"excerpt":{"rendered":"<p>El Registrador de Temperatura LogTag\u00a0Dry Ice &#8220;Probe-less&#8221; (Hielo Seco &#8220;sin Sonda&#8221;) gestiona, mide y almacena hasta 8000 lecturas de temperatura en entornos de temperatura que oscilan entre -80 \u00b0C y +40 \u00b0C.<\/p>\n","protected":false},"featured_media":1428,"comment_status":"open","ping_status":"closed","template":"","meta":{"_joinchat":[]},"product_brand":[],"product_cat":[15],"product_tag":[],"class_list":{"0":"post-1426","1":"product","2":"type-product","3":"status-publish","4":"has-post-thumbnail","6":"product_cat-sin-categorizar","8":"first","9":"instock","10":"shipping-taxable","11":"product-type-simple"},"yoast_head":"<!-- This site is optimized with the Yoast SEO plugin v26.4 - https:\/\/yoast.com\/wordpress\/plugins\/seo\/ -->\n<title>Logtag sril-8 - Abaa tienda online<\/title>\n<meta name=\"robots\" content=\"index, follow, max-snippet:-1, max-image-preview:large, max-video-preview:-1\" \/>\n<link rel=\"canonical\" href=\"https:\/\/abaa.mx\/tienda\/logtag-sril-8\/\" \/>\n<meta property=\"og:locale\" content=\"es_MX\" \/>\n<meta property=\"og:type\" content=\"article\" \/>\n<meta property=\"og:title\" content=\"Logtag sril-8 - Abaa tienda online\" \/>\n<meta property=\"og:description\" content=\"El Registrador de Temperatura LogTag\u00a0Dry Ice &quot;Probe-less&quot; (Hielo Seco &quot;sin Sonda&quot;) gestiona, mide y almacena hasta 8000 lecturas de temperatura en entornos de temperatura que oscilan entre -80 \u00b0C y +40 \u00b0C.\" \/>\n<meta property=\"og:url\" content=\"https:\/\/abaa.mx\/tienda\/logtag-sril-8\/\" \/>\n<meta property=\"og:site_name\" content=\"Abaa tienda online\" \/>\n<meta property=\"article:modified_time\" content=\"2023-11-24T15:20:57+00:00\" \/>\n<meta property=\"og:image\" content=\"https:\/\/abaa.mx\/tienda\/wp-content\/uploads\/2023\/09\/SRIL-8_1.jpg\" \/>\n\t<meta property=\"og:image:width\" content=\"500\" \/>\n\t<meta property=\"og:image:height\" content=\"500\" \/>\n\t<meta property=\"og:image:type\" content=\"image\/jpeg\" \/>\n<meta name=\"twitter:card\" content=\"summary_large_image\" \/>\n<meta name=\"twitter:label1\" content=\"Tiempo de lectura\" \/>\n\t<meta name=\"twitter:data1\" content=\"3 minutos\" \/>\n<script type=\"application\/ld+json\" class=\"yoast-schema-graph\">{\"@context\":\"https:\/\/schema.org\",\"@graph\":[{\"@type\":\"WebPage\",\"@id\":\"https:\/\/abaa.mx\/tienda\/logtag-sril-8\/\",\"url\":\"https:\/\/abaa.mx\/tienda\/logtag-sril-8\/\",\"name\":\"Logtag sril-8 - Abaa tienda online\",\"isPartOf\":{\"@id\":\"https:\/\/abaa.mx\/tienda\/#website\"},\"primaryImageOfPage\":{\"@id\":\"https:\/\/abaa.mx\/tienda\/logtag-sril-8\/#primaryimage\"},\"image\":{\"@id\":\"https:\/\/abaa.mx\/tienda\/logtag-sril-8\/#primaryimage\"},\"thumbnailUrl\":\"https:\/\/abaa.mx\/tienda\/wp-content\/uploads\/2023\/09\/SRIL-8_1.jpg\",\"datePublished\":\"2023-09-08T21:40:46+00:00\",\"dateModified\":\"2023-11-24T15:20:57+00:00\",\"breadcrumb\":{\"@id\":\"https:\/\/abaa.mx\/tienda\/logtag-sril-8\/#breadcrumb\"},\"inLanguage\":\"es\",\"potentialAction\":[{\"@type\":\"ReadAction\",\"target\":[\"https:\/\/abaa.mx\/tienda\/logtag-sril-8\/\"]}]},{\"@type\":\"ImageObject\",\"inLanguage\":\"es\",\"@id\":\"https:\/\/abaa.mx\/tienda\/logtag-sril-8\/#primaryimage\",\"url\":\"https:\/\/abaa.mx\/tienda\/wp-content\/uploads\/2023\/09\/SRIL-8_1.jpg\",\"contentUrl\":\"https:\/\/abaa.mx\/tienda\/wp-content\/uploads\/2023\/09\/SRIL-8_1.jpg\",\"width\":500,\"height\":500,\"caption\":\"logtag-sril-8\"},{\"@type\":\"BreadcrumbList\",\"@id\":\"https:\/\/abaa.mx\/tienda\/logtag-sril-8\/#breadcrumb\",\"itemListElement\":[{\"@type\":\"ListItem\",\"position\":1,\"name\":\"Inicio\",\"item\":\"https:\/\/abaa.mx\/tienda\/\"},{\"@type\":\"ListItem\",\"position\":2,\"name\":\"Tienda\",\"item\":\"https:\/\/abaa.mx\/tienda\/\"},{\"@type\":\"ListItem\",\"position\":3,\"name\":\"Logtag sril-8\"}]},{\"@type\":\"WebSite\",\"@id\":\"https:\/\/abaa.mx\/tienda\/#website\",\"url\":\"https:\/\/abaa.mx\/tienda\/\",\"name\":\"Abaa tienda online\",\"description\":\"Instrumentos de medici\u00f3n\",\"publisher\":{\"@id\":\"https:\/\/abaa.mx\/tienda\/#organization\"},\"potentialAction\":[{\"@type\":\"SearchAction\",\"target\":{\"@type\":\"EntryPoint\",\"urlTemplate\":\"https:\/\/abaa.mx\/tienda\/?s={search_term_string}\"},\"query-input\":{\"@type\":\"PropertyValueSpecification\",\"valueRequired\":true,\"valueName\":\"search_term_string\"}}],\"inLanguage\":\"es\"},{\"@type\":\"Organization\",\"@id\":\"https:\/\/abaa.mx\/tienda\/#organization\",\"name\":\"Abaa tienda online\",\"url\":\"https:\/\/abaa.mx\/tienda\/\",\"logo\":{\"@type\":\"ImageObject\",\"inLanguage\":\"es\",\"@id\":\"https:\/\/abaa.mx\/tienda\/#\/schema\/logo\/image\/\",\"url\":\"https:\/\/abaa.mx\/tienda\/wp-content\/uploads\/2024\/01\/abaa-metrologia-tienda.png\",\"contentUrl\":\"https:\/\/abaa.mx\/tienda\/wp-content\/uploads\/2024\/01\/abaa-metrologia-tienda.png\",\"width\":300,\"height\":141,\"caption\":\"Abaa tienda online\"},\"image\":{\"@id\":\"https:\/\/abaa.mx\/tienda\/#\/schema\/logo\/image\/\"}}]}<\/script>\n<!-- \/ Yoast SEO plugin. -->","yoast_head_json":{"title":"Logtag sril-8 - Abaa tienda online","robots":{"index":"index","follow":"follow","max-snippet":"max-snippet:-1","max-image-preview":"max-image-preview:large","max-video-preview":"max-video-preview:-1"},"canonical":"https:\/\/abaa.mx\/tienda\/logtag-sril-8\/","og_locale":"es_MX","og_type":"article","og_title":"Logtag sril-8 - Abaa tienda online","og_description":"El Registrador de Temperatura LogTag\u00a0Dry Ice \"Probe-less\" (Hielo Seco \"sin Sonda\") gestiona, mide y almacena hasta 8000 lecturas de temperatura en entornos de temperatura que oscilan entre -80 \u00b0C y +40 \u00b0C.","og_url":"https:\/\/abaa.mx\/tienda\/logtag-sril-8\/","og_site_name":"Abaa tienda online","article_modified_time":"2023-11-24T15:20:57+00:00","og_image":[{"width":500,"height":500,"url":"https:\/\/abaa.mx\/tienda\/wp-content\/uploads\/2023\/09\/SRIL-8_1.jpg","type":"image\/jpeg"}],"twitter_card":"summary_large_image","twitter_misc":{"Tiempo de lectura":"3 minutos"},"schema":{"@context":"https:\/\/schema.org","@graph":[{"@type":"WebPage","@id":"https:\/\/abaa.mx\/tienda\/logtag-sril-8\/","url":"https:\/\/abaa.mx\/tienda\/logtag-sril-8\/","name":"Logtag sril-8 - Abaa tienda online","isPartOf":{"@id":"https:\/\/abaa.mx\/tienda\/#website"},"primaryImageOfPage":{"@id":"https:\/\/abaa.mx\/tienda\/logtag-sril-8\/#primaryimage"},"image":{"@id":"https:\/\/abaa.mx\/tienda\/logtag-sril-8\/#primaryimage"},"thumbnailUrl":"https:\/\/abaa.mx\/tienda\/wp-content\/uploads\/2023\/09\/SRIL-8_1.jpg","datePublished":"2023-09-08T21:40:46+00:00","dateModified":"2023-11-24T15:20:57+00:00","breadcrumb":{"@id":"https:\/\/abaa.mx\/tienda\/logtag-sril-8\/#breadcrumb"},"inLanguage":"es","potentialAction":[{"@type":"ReadAction","target":["https:\/\/abaa.mx\/tienda\/logtag-sril-8\/"]}]},{"@type":"ImageObject","inLanguage":"es","@id":"https:\/\/abaa.mx\/tienda\/logtag-sril-8\/#primaryimage","url":"https:\/\/abaa.mx\/tienda\/wp-content\/uploads\/2023\/09\/SRIL-8_1.jpg","contentUrl":"https:\/\/abaa.mx\/tienda\/wp-content\/uploads\/2023\/09\/SRIL-8_1.jpg","width":500,"height":500,"caption":"logtag-sril-8"},{"@type":"BreadcrumbList","@id":"https:\/\/abaa.mx\/tienda\/logtag-sril-8\/#breadcrumb","itemListElement":[{"@type":"ListItem","position":1,"name":"Inicio","item":"https:\/\/abaa.mx\/tienda\/"},{"@type":"ListItem","position":2,"name":"Tienda","item":"https:\/\/abaa.mx\/tienda\/"},{"@type":"ListItem","position":3,"name":"Logtag sril-8"}]},{"@type":"WebSite","@id":"https:\/\/abaa.mx\/tienda\/#website","url":"https:\/\/abaa.mx\/tienda\/","name":"Abaa tienda online","description":"Instrumentos de medici\u00f3n","publisher":{"@id":"https:\/\/abaa.mx\/tienda\/#organization"},"potentialAction":[{"@type":"SearchAction","target":{"@type":"EntryPoint","urlTemplate":"https:\/\/abaa.mx\/tienda\/?s={search_term_string}"},"query-input":{"@type":"PropertyValueSpecification","valueRequired":true,"valueName":"search_term_string"}}],"inLanguage":"es"},{"@type":"Organization","@id":"https:\/\/abaa.mx\/tienda\/#organization","name":"Abaa tienda online","url":"https:\/\/abaa.mx\/tienda\/","logo":{"@type":"ImageObject","inLanguage":"es","@id":"https:\/\/abaa.mx\/tienda\/#\/schema\/logo\/image\/","url":"https:\/\/abaa.mx\/tienda\/wp-content\/uploads\/2024\/01\/abaa-metrologia-tienda.png","contentUrl":"https:\/\/abaa.mx\/tienda\/wp-content\/uploads\/2024\/01\/abaa-metrologia-tienda.png","width":300,"height":141,"caption":"Abaa tienda online"},"image":{"@id":"https:\/\/abaa.mx\/tienda\/#\/schema\/logo\/image\/"}}]}},"_links":{"self":[{"href":"https:\/\/abaa.mx\/tienda\/wp-json\/wp\/v2\/product\/1426","targetHints":{"allow":["GET"]}}],"collection":[{"href":"https:\/\/abaa.mx\/tienda\/wp-json\/wp\/v2\/product"}],"about":[{"href":"https:\/\/abaa.mx\/tienda\/wp-json\/wp\/v2\/types\/product"}],"replies":[{"embeddable":true,"href":"https:\/\/abaa.mx\/tienda\/wp-json\/wp\/v2\/comments?post=1426"}],"wp:featuredmedia":[{"embeddable":true,"href":"https:\/\/abaa.mx\/tienda\/wp-json\/wp\/v2\/media\/1428"}],"wp:attachment":[{"href":"https:\/\/abaa.mx\/tienda\/wp-json\/wp\/v2\/media?parent=1426"}],"wp:term":[{"taxonomy":"product_brand","embeddable":true,"href":"https:\/\/abaa.mx\/tienda\/wp-json\/wp\/v2\/product_brand?post=1426"},{"taxonomy":"product_cat","embeddable":true,"href":"https:\/\/abaa.mx\/tienda\/wp-json\/wp\/v2\/product_cat?post=1426"},{"taxonomy":"product_tag","embeddable":true,"href":"https:\/\/abaa.mx\/tienda\/wp-json\/wp\/v2\/product_tag?post=1426"}],"curies":[{"name":"wp","href":"https:\/\/api.w.org\/{rel}","templated":true}]}}