{"id":1424,"date":"2023-09-08T21:28:20","date_gmt":"2023-09-08T21:28:20","guid":{"rendered":"https:\/\/abaa.mx\/tienda\/?post_type=product&#038;p=1424"},"modified":"2023-09-08T21:53:29","modified_gmt":"2023-09-08T21:53:29","slug":"extech-vir50","status":"publish","type":"product","link":"https:\/\/abaa.mx\/tienda\/extech-vir50\/","title":{"rendered":"Extech vir50"},"content":{"rendered":"<p>Extech VIR50: Term\u00f3metro<br \/>\nde video IR l\u00e1ser dual Pantalla LCD TFT a color de 2,2 &#8220;y c\u00e1mara<br \/>\nincorporada Caracter\u00edsticas:<br \/>\nC\u00e1mara<br \/>\nVGA incorporada (640 x 480) Tarjeta MicroSD para capturar im\u00e1genes (JPEG) y v\u00eddeo (3GP) para ver en su PC<br \/>\nEl l\u00e1ser dual indica la distancia de medici\u00f3n ideal donde los dos puntos del l\u00e1ser convergen a un punto<br \/>\nobjetivo de 1&#8221; Tiempo de respuesta r\u00e1pido de 150 milisegundos, Gr\u00e1fico de barras LED de color para ver tendencias<br \/>\nEntrada de termopar tipo K Medici\u00f3n<\/p>\n<p>de la temperatura del aire y la humedad relativa La emisividad ajustable aumenta la precisi\u00f3n de<br \/>\nla medici\u00f3n para diferentes superficies Puntos de ajuste altos\/bajos ajustables con alarma sonora Alertas al usuario cuando la temperatura excede los puntos<br \/>\nde ajuste programados Funciones MAX\/MIN\/AVG\/DIF, Apagado<br \/>\nautom\u00e1tico Interfaz<br \/>\nUSBCompleto con tarjeta microSD, sonda de alambre tipo K de uso general, cable USB, bater\u00eda recargable de 3.7V y estuche de transporte.<\/p>\n","protected":false},"excerpt":{"rendered":"<p>Extech VIR50: Term\u00f3metro<br \/>\nde video IR l\u00e1ser dual de 2.2 &#8220;pantalla LCD TFT a color y c\u00e1mara incorporada.<\/p>\n","protected":false},"featured_media":1427,"comment_status":"open","ping_status":"closed","template":"","meta":{"_joinchat":[]},"product_brand":[],"product_cat":[15],"product_tag":[],"class_list":{"0":"post-1424","1":"product","2":"type-product","3":"status-publish","4":"has-post-thumbnail","6":"product_cat-sin-categorizar","8":"first","9":"instock","10":"shipping-taxable","11":"product-type-simple"},"yoast_head":"<!-- This site is optimized with the Yoast SEO plugin v26.4 - https:\/\/yoast.com\/wordpress\/plugins\/seo\/ -->\n<title>Extech vir50 - Abaa tienda online<\/title>\n<meta name=\"robots\" content=\"index, follow, max-snippet:-1, max-image-preview:large, max-video-preview:-1\" \/>\n<link rel=\"canonical\" href=\"https:\/\/abaa.mx\/tienda\/extech-vir50\/\" \/>\n<meta property=\"og:locale\" content=\"es_MX\" \/>\n<meta property=\"og:type\" content=\"article\" \/>\n<meta property=\"og:title\" content=\"Extech vir50 - Abaa tienda online\" \/>\n<meta property=\"og:description\" content=\"Extech VIR50: Term\u00f3metro de video IR l\u00e1ser dual de 2.2 &quot;pantalla LCD TFT a color y c\u00e1mara incorporada.\" \/>\n<meta property=\"og:url\" content=\"https:\/\/abaa.mx\/tienda\/extech-vir50\/\" \/>\n<meta property=\"og:site_name\" content=\"Abaa tienda online\" \/>\n<meta property=\"article:modified_time\" content=\"2023-09-08T21:53:29+00:00\" \/>\n<meta property=\"og:image\" content=\"https:\/\/abaa.mx\/tienda\/wp-content\/uploads\/2023\/09\/extech-vir50-scaled.jpg\" \/>\n\t<meta property=\"og:image:width\" content=\"1816\" \/>\n\t<meta property=\"og:image:height\" content=\"2560\" \/>\n\t<meta property=\"og:image:type\" content=\"image\/jpeg\" \/>\n<meta name=\"twitter:card\" content=\"summary_large_image\" \/>\n<meta name=\"twitter:label1\" content=\"Tiempo de lectura\" \/>\n\t<meta name=\"twitter:data1\" content=\"1 minuto\" \/>\n<script type=\"application\/ld+json\" class=\"yoast-schema-graph\">{\"@context\":\"https:\/\/schema.org\",\"@graph\":[{\"@type\":\"WebPage\",\"@id\":\"https:\/\/abaa.mx\/tienda\/extech-vir50\/\",\"url\":\"https:\/\/abaa.mx\/tienda\/extech-vir50\/\",\"name\":\"Extech vir50 - Abaa tienda online\",\"isPartOf\":{\"@id\":\"https:\/\/abaa.mx\/tienda\/#website\"},\"primaryImageOfPage\":{\"@id\":\"https:\/\/abaa.mx\/tienda\/extech-vir50\/#primaryimage\"},\"image\":{\"@id\":\"https:\/\/abaa.mx\/tienda\/extech-vir50\/#primaryimage\"},\"thumbnailUrl\":\"https:\/\/abaa.mx\/tienda\/wp-content\/uploads\/2023\/09\/extech-vir50-scaled.jpg\",\"datePublished\":\"2023-09-08T21:28:20+00:00\",\"dateModified\":\"2023-09-08T21:53:29+00:00\",\"breadcrumb\":{\"@id\":\"https:\/\/abaa.mx\/tienda\/extech-vir50\/#breadcrumb\"},\"inLanguage\":\"es\",\"potentialAction\":[{\"@type\":\"ReadAction\",\"target\":[\"https:\/\/abaa.mx\/tienda\/extech-vir50\/\"]}]},{\"@type\":\"ImageObject\",\"inLanguage\":\"es\",\"@id\":\"https:\/\/abaa.mx\/tienda\/extech-vir50\/#primaryimage\",\"url\":\"https:\/\/abaa.mx\/tienda\/wp-content\/uploads\/2023\/09\/extech-vir50-scaled.jpg\",\"contentUrl\":\"https:\/\/abaa.mx\/tienda\/wp-content\/uploads\/2023\/09\/extech-vir50-scaled.jpg\",\"width\":1816,\"height\":2560,\"caption\":\"extech-vir50\"},{\"@type\":\"BreadcrumbList\",\"@id\":\"https:\/\/abaa.mx\/tienda\/extech-vir50\/#breadcrumb\",\"itemListElement\":[{\"@type\":\"ListItem\",\"position\":1,\"name\":\"Inicio\",\"item\":\"https:\/\/abaa.mx\/tienda\/\"},{\"@type\":\"ListItem\",\"position\":2,\"name\":\"Tienda\",\"item\":\"https:\/\/abaa.mx\/tienda\/\"},{\"@type\":\"ListItem\",\"position\":3,\"name\":\"Extech vir50\"}]},{\"@type\":\"WebSite\",\"@id\":\"https:\/\/abaa.mx\/tienda\/#website\",\"url\":\"https:\/\/abaa.mx\/tienda\/\",\"name\":\"Abaa tienda online\",\"description\":\"Instrumentos de medici\u00f3n\",\"publisher\":{\"@id\":\"https:\/\/abaa.mx\/tienda\/#organization\"},\"potentialAction\":[{\"@type\":\"SearchAction\",\"target\":{\"@type\":\"EntryPoint\",\"urlTemplate\":\"https:\/\/abaa.mx\/tienda\/?s={search_term_string}\"},\"query-input\":{\"@type\":\"PropertyValueSpecification\",\"valueRequired\":true,\"valueName\":\"search_term_string\"}}],\"inLanguage\":\"es\"},{\"@type\":\"Organization\",\"@id\":\"https:\/\/abaa.mx\/tienda\/#organization\",\"name\":\"Abaa tienda online\",\"url\":\"https:\/\/abaa.mx\/tienda\/\",\"logo\":{\"@type\":\"ImageObject\",\"inLanguage\":\"es\",\"@id\":\"https:\/\/abaa.mx\/tienda\/#\/schema\/logo\/image\/\",\"url\":\"https:\/\/abaa.mx\/tienda\/wp-content\/uploads\/2024\/01\/abaa-metrologia-tienda.png\",\"contentUrl\":\"https:\/\/abaa.mx\/tienda\/wp-content\/uploads\/2024\/01\/abaa-metrologia-tienda.png\",\"width\":300,\"height\":141,\"caption\":\"Abaa tienda online\"},\"image\":{\"@id\":\"https:\/\/abaa.mx\/tienda\/#\/schema\/logo\/image\/\"}}]}<\/script>\n<!-- \/ Yoast SEO plugin. -->","yoast_head_json":{"title":"Extech vir50 - Abaa tienda online","robots":{"index":"index","follow":"follow","max-snippet":"max-snippet:-1","max-image-preview":"max-image-preview:large","max-video-preview":"max-video-preview:-1"},"canonical":"https:\/\/abaa.mx\/tienda\/extech-vir50\/","og_locale":"es_MX","og_type":"article","og_title":"Extech vir50 - Abaa tienda online","og_description":"Extech VIR50: Term\u00f3metro de video IR l\u00e1ser dual de 2.2 \"pantalla LCD TFT a color y c\u00e1mara incorporada.","og_url":"https:\/\/abaa.mx\/tienda\/extech-vir50\/","og_site_name":"Abaa tienda online","article_modified_time":"2023-09-08T21:53:29+00:00","og_image":[{"width":1816,"height":2560,"url":"https:\/\/abaa.mx\/tienda\/wp-content\/uploads\/2023\/09\/extech-vir50-scaled.jpg","type":"image\/jpeg"}],"twitter_card":"summary_large_image","twitter_misc":{"Tiempo de lectura":"1 minuto"},"schema":{"@context":"https:\/\/schema.org","@graph":[{"@type":"WebPage","@id":"https:\/\/abaa.mx\/tienda\/extech-vir50\/","url":"https:\/\/abaa.mx\/tienda\/extech-vir50\/","name":"Extech vir50 - Abaa tienda online","isPartOf":{"@id":"https:\/\/abaa.mx\/tienda\/#website"},"primaryImageOfPage":{"@id":"https:\/\/abaa.mx\/tienda\/extech-vir50\/#primaryimage"},"image":{"@id":"https:\/\/abaa.mx\/tienda\/extech-vir50\/#primaryimage"},"thumbnailUrl":"https:\/\/abaa.mx\/tienda\/wp-content\/uploads\/2023\/09\/extech-vir50-scaled.jpg","datePublished":"2023-09-08T21:28:20+00:00","dateModified":"2023-09-08T21:53:29+00:00","breadcrumb":{"@id":"https:\/\/abaa.mx\/tienda\/extech-vir50\/#breadcrumb"},"inLanguage":"es","potentialAction":[{"@type":"ReadAction","target":["https:\/\/abaa.mx\/tienda\/extech-vir50\/"]}]},{"@type":"ImageObject","inLanguage":"es","@id":"https:\/\/abaa.mx\/tienda\/extech-vir50\/#primaryimage","url":"https:\/\/abaa.mx\/tienda\/wp-content\/uploads\/2023\/09\/extech-vir50-scaled.jpg","contentUrl":"https:\/\/abaa.mx\/tienda\/wp-content\/uploads\/2023\/09\/extech-vir50-scaled.jpg","width":1816,"height":2560,"caption":"extech-vir50"},{"@type":"BreadcrumbList","@id":"https:\/\/abaa.mx\/tienda\/extech-vir50\/#breadcrumb","itemListElement":[{"@type":"ListItem","position":1,"name":"Inicio","item":"https:\/\/abaa.mx\/tienda\/"},{"@type":"ListItem","position":2,"name":"Tienda","item":"https:\/\/abaa.mx\/tienda\/"},{"@type":"ListItem","position":3,"name":"Extech vir50"}]},{"@type":"WebSite","@id":"https:\/\/abaa.mx\/tienda\/#website","url":"https:\/\/abaa.mx\/tienda\/","name":"Abaa tienda online","description":"Instrumentos de medici\u00f3n","publisher":{"@id":"https:\/\/abaa.mx\/tienda\/#organization"},"potentialAction":[{"@type":"SearchAction","target":{"@type":"EntryPoint","urlTemplate":"https:\/\/abaa.mx\/tienda\/?s={search_term_string}"},"query-input":{"@type":"PropertyValueSpecification","valueRequired":true,"valueName":"search_term_string"}}],"inLanguage":"es"},{"@type":"Organization","@id":"https:\/\/abaa.mx\/tienda\/#organization","name":"Abaa tienda online","url":"https:\/\/abaa.mx\/tienda\/","logo":{"@type":"ImageObject","inLanguage":"es","@id":"https:\/\/abaa.mx\/tienda\/#\/schema\/logo\/image\/","url":"https:\/\/abaa.mx\/tienda\/wp-content\/uploads\/2024\/01\/abaa-metrologia-tienda.png","contentUrl":"https:\/\/abaa.mx\/tienda\/wp-content\/uploads\/2024\/01\/abaa-metrologia-tienda.png","width":300,"height":141,"caption":"Abaa tienda online"},"image":{"@id":"https:\/\/abaa.mx\/tienda\/#\/schema\/logo\/image\/"}}]}},"_links":{"self":[{"href":"https:\/\/abaa.mx\/tienda\/wp-json\/wp\/v2\/product\/1424","targetHints":{"allow":["GET"]}}],"collection":[{"href":"https:\/\/abaa.mx\/tienda\/wp-json\/wp\/v2\/product"}],"about":[{"href":"https:\/\/abaa.mx\/tienda\/wp-json\/wp\/v2\/types\/product"}],"replies":[{"embeddable":true,"href":"https:\/\/abaa.mx\/tienda\/wp-json\/wp\/v2\/comments?post=1424"}],"wp:featuredmedia":[{"embeddable":true,"href":"https:\/\/abaa.mx\/tienda\/wp-json\/wp\/v2\/media\/1427"}],"wp:attachment":[{"href":"https:\/\/abaa.mx\/tienda\/wp-json\/wp\/v2\/media?parent=1424"}],"wp:term":[{"taxonomy":"product_brand","embeddable":true,"href":"https:\/\/abaa.mx\/tienda\/wp-json\/wp\/v2\/product_brand?post=1424"},{"taxonomy":"product_cat","embeddable":true,"href":"https:\/\/abaa.mx\/tienda\/wp-json\/wp\/v2\/product_cat?post=1424"},{"taxonomy":"product_tag","embeddable":true,"href":"https:\/\/abaa.mx\/tienda\/wp-json\/wp\/v2\/product_tag?post=1424"}],"curies":[{"name":"wp","href":"https:\/\/api.w.org\/{rel}","templated":true}]}}