{"id":1421,"date":"2023-09-08T21:26:43","date_gmt":"2023-09-08T21:26:43","guid":{"rendered":"https:\/\/abaa.mx\/tienda\/?post_type=product&#038;p=1421"},"modified":"2023-11-24T15:28:23","modified_gmt":"2023-11-24T15:28:23","slug":"logtag-utred30-wifi","status":"publish","type":"product","link":"https:\/\/abaa.mx\/tienda\/logtag-utred30-wifi\/","title":{"rendered":"Logtag utred30-wifi"},"content":{"rendered":"<p>El registrador de datos de temperatura LogTag UTRED30-WiFi DUAL carga autom\u00e1ticamente los datos de temperatura en tiempo real a su cuenta en la nube de LogTag Online a trav\u00e9s de su red inal\u00e1mbrica existente. La pantalla grande y f\u00e1cil de leer est\u00e1 dise\u00f1ada para mostrar &#8220;de un vistazo&#8221; si se han producido excursiones de temperatura durante el d\u00eda actual y hasta los 30 d\u00edas anteriores. La pantalla tambi\u00e9n muestra la lectura de temperatura actual, la hora actual, el estado de grabaci\u00f3n y el estado de la bater\u00eda. La alarma se activa si las lecturas de temperatura est\u00e1n fuera de los l\u00edmites de alarma preestablecidos.<\/p>\n<p>El indicador de estado cambia de a \u2714 a X, el LED rojo parpadea y, si est\u00e1 configurado, sonar\u00e1 la alarma sonora. El marcador de d\u00eda tambi\u00e9n aparecer\u00e1 si a\u00fan no est\u00e1 presente. El indicador de estado de alarma y la alarma audible se pueden borrar f\u00e1cilmente, pero el marcador de d\u00eda permanece para garantizar que se muestre un registro visible de las excursiones en la pantalla. Un procedimiento simplificado de autorizaci\u00f3n de alarma, parada y arranque est\u00e1 disponible como opci\u00f3n. Los detalles de cualquier excursi\u00f3n en los 30 d\u00edas anteriores se pueden verificar directamente inspeccionando el historial de estad\u00edsticas en la pantalla del registrador o con m\u00e1s detalle en los datos registrados en el software operativo LogTag Analyzer.<\/p>\n<p>&nbsp;<\/p>\n<p><strong>Productos destacados:<\/strong><\/p>\n<ul>\n<li><strong>Lea:<\/strong> La temperatura actual y la \u00faltima temperatura\u00a0m\u00ednima-m\u00e1xima\u00a0de un vistazo.<\/li>\n<li><strong>Comprobar y restablecer:<\/strong>\u00a0Lectura de temperatura m\u00ednima-m\u00e1xima en cualquier momento.<\/li>\n<li><strong>Opciones de personalizaci\u00f3n completas:<\/strong> Que incluyen intervalos de muestreo y configuraciones de alarma.<\/li>\n<li><strong>La alarma audible y el LED rojo parpadeante:<\/strong> Indican una\u00a0alarma\u00a0de temperatura.<\/li>\n<li><strong>Configure los ajustes de Wi-Fi:<\/strong> Utilizando\u00a0la aplicaci\u00f3n LogTag Mobile\u00a0y\u00a0Bluetooth.<\/li>\n<li><strong>Vea el estado de la alarma:<\/strong> Durante un m\u00e1ximo de 30 d\u00edas de un vistazo.<\/li>\n<li><strong>Registre las inspecciones: C<\/strong>on solo presionar un bot\u00f3n.<\/li>\n<li><strong>Mida y\u00a0almacene: <\/strong>32.000 lecturas de tiempo\/temperatura (16.000\u00a0por canal), suficientes para 67 d\u00edas con un registro de 6 minutos.<\/li>\n<li><strong>Datos en tiempo real:<\/strong> Cargados autom\u00e1ticamente a trav\u00e9s de WiFi a la\u00a0nube de LogTag Online.<\/li>\n<li><strong>Sonda externa:<\/strong> De dos z\u00f3calos con\u00a0funci\u00f3n de intercambio autom\u00e1tico de canales.<\/li>\n<li><strong>Fuente de alimentaci\u00f3n:<\/strong> A trav\u00e9s de fuente de alimentaci\u00f3n USB y cable USB, alternativamente por 2 bater\u00edas (AAA) (reemplazables por el usuario) si no son alimentadas externamente.<\/li>\n<li><strong>Segunda bater\u00eda de respaldo:<\/strong> A trav\u00e9s de una celda de bot\u00f3n para garantizar que no se pierdan datos, incluso si la fuente de alimentaci\u00f3n y las bater\u00edas AAA fallan.<\/li>\n<li><strong>Los accesorios:<\/strong> Incluyen una gama de\u00a0opciones de sensores externos,\u00a0soporte de montaje en pared\u00a0y\u00a0tamp\u00f3n de glicol.<\/li>\n<\/ul>\n<p>&nbsp;<\/p>\n<p><strong>Informe PDF autom\u00e1tico:<\/strong><\/p>\n<p>El UTRED30-WiFi DUAL se conecta a un puerto USB de ordenador para facilitar la configuraci\u00f3n por parte del usuario para una amplia gama de condiciones de grabaci\u00f3n y alerta. Tras la descarga, genera autom\u00e1ticamente un informe PDF completamente detallado con la opci\u00f3n de descargar los datos utilizando el software LogTagAnalyzer disponible gratuitamente para un an\u00e1lisis m\u00e1s detallado. Un indicador de alarma rojo junto con X que se muestra en la pantalla proporciona una indicaci\u00f3n inmediata, sin acceso a una PC, si alguna lectura est\u00e1 fuera de los l\u00edmites especificados en el momento en que se configur\u00f3 la unidad. Genera autom\u00e1ticamente un archivo de datos LogTag cifrado, para un an\u00e1lisis m\u00e1s detallado y para cumplir con FDA CFR21.<\/p>\n<p>&nbsp;<\/p>\n<p><strong>LogTag Online:<\/strong><\/p>\n<p>LogTag Online es una aplicaci\u00f3n segura basada en la nube para administrar y compartir sus datos de temperatura a trav\u00e9s de un sistema de permisos basado en roles. Una amplia gama de caracter\u00edsticas incluyen: notificaciones de alarma en tiempo real; Monitoreo de ubicaci\u00f3n; Registros de temperatura y registros de soluci\u00f3n de problemas. No se requiere software instalado y LogTag Online es accesible a trav\u00e9s de cualquier dispositivo habilitado para Internet.<\/p>\n<p>&nbsp;<\/p>\n<h4><strong>Especificaciones T\u00e9cnicas:<\/strong><\/h4>\n<table class=\"table\">\n<colgroup>\n<col width=\"50%\" \/>\n<col width=\"50%\" \/><\/colgroup>\n<tbody>\n<tr>\n<td>Modelo de producto<\/td>\n<td>UTRED30-WiFi<\/td>\n<\/tr>\n<tr>\n<td>Rango de medici\u00f3n del sensor<\/td>\n<td>-40 \u00b0C a +99 \u00b0C (-40 \u00b0F a +210 \u00b0F)<\/td>\n<\/tr>\n<tr>\n<td>Rango de temperatura de funcionamiento<\/td>\n<td>-30 \u00b0C a +60 \u00b0C (-22 \u00b0F a +140 \u00b0F)<\/td>\n<\/tr>\n<tr>\n<td>Rango de temperatura de almacenamiento<\/td>\n<td>-10 \u00b0C a +40 \u00b0C (32 \u00b0F a +104 \u00b0F)<\/td>\n<\/tr>\n<tr>\n<td>Resoluci\u00f3n de lectura de temperatura nominal<\/td>\n<td>Mejor que 0.1 \u00b0C (0.2 \u00b0F) para -30 \u00b0C a +60 \u00b0C (-22 \u00b0F a +140 \u00b0F).<br \/>\nMejor que 0.2 \u00b0C (0.4 \u00b0F) para -40 \u00b0C a -30 \u00b0C (-40 \u00b0F a -22 \u00b0F).<br \/>\nMejor que 0.5 \u00b0C (0.9 \u00b0F) para +60 \u00b0C a +99 \u00b0C (+140 \u00b0F a +210 \u00b0F)<\/td>\n<\/tr>\n<tr>\n<td>Precisi\u00f3n de lectura de temperatura nominal<\/td>\n<td>Mejor que \u00b10.5 \u00b0C (\u00b10.9 \u00b0F) para -20 \u00b0C a +40 \u00b0C (-4 \u00b0F a +104 \u00b0F), t\u00edpicamente \u00b10.3 \u00b0C (0.6 \u00b0F)Mejor que \u00b10.8 \u00b0C (\u00b11.4 \u00b0F) para -40 \u00b0C a -20 \u00b0C (-40 \u00b0F a -4 \u00b0F), t\u00edpicamente \u00b10.5 \u00b0C (0.9 \u00b0F)Mejor que \u00b10.8 \u00b0C (\u00b11.4 \u00b0F)<\/p>\n<p>para +40 \u00b0C a +70 \u00b0C (+104 \u00b0F a +158 \u00b0F), t\u00edpicamente \u00b10.7 \u00b0C (1.3 \u00b0F)Mejor que \u00b11.2 \u00b0C (\u00b12.2 \u00b0F) para +70 \u00b0C a +99 \u00b0C (+158 \u00b0F a +210 \u00b0F), t\u00edpicamente \u00b11 \u00b0C (1.8 \u00b0F)<\/td>\n<\/tr>\n<tr>\n<td>Conectividad de la sonda<\/td>\n<td>Hasta 2<\/td>\n<\/tr>\n<tr>\n<td>Compatibilidad de la sonda<\/td>\n<td>Todas las sondas externas del termistor de precisi\u00f3n ST100 se pueden conectar indistintamente al UTRED30-WiFi.<\/td>\n<\/tr>\n<tr>\n<td>Capacidad de grabaci\u00f3n<\/td>\n<td>32.000 memorias de registro totales. Proporciona 16.000 lecturas de temperatura por canal.<br \/>\nMemoria de estad\u00edsticas de resumen del d\u00eda (para mostrar en LCD): hasta 30 d\u00edas de M\u00edn\/M\u00e1x\/duraci\u00f3n y estad\u00edsticas de activaci\u00f3n de alarma.<\/td>\n<\/tr>\n<tr>\n<td>Intervalo de muestreo<\/td>\n<td>Configurable desde 30 segundos hasta 18 horas.<\/td>\n<\/tr>\n<tr>\n<td>Opciones de inicio de registro<\/td>\n<td>Inicio con bot\u00f3n pulsador (con retardo de inicio configurable de 1 minuto a 72 horas) o fecha y hora espec\u00edficas.<\/td>\n<\/tr>\n<tr>\n<td>Tiempo de descarga<\/td>\n<td>Normalmente con memoria completa (32.130 lecturas) en menos de 10 segundos.<\/td>\n<\/tr>\n<tr>\n<td>Medioambiental<\/td>\n<td>IP51 (cuando se monta verticalmente o se cuelga con la tapa antipolvo USB en su lugar).<\/td>\n<\/tr>\n<tr>\n<td>Calibraci\u00f3n<\/td>\n<td>Calibrado de f\u00e1brica utilizando equipos de referencia equivalentes al NIST. Certificado de calibraci\u00f3n disponible bajo petici\u00f3n.<\/td>\n<\/tr>\n<tr>\n<td>Fuente de alimentaci\u00f3n<\/td>\n<td>5 V a trav\u00e9s de una toma micro USB o 2 pilas AAA de 1,5 V. Celda de<br \/>\nbot\u00f3n CR2032 LiMnO2 (solo funci\u00f3n de registro de respaldo).<\/td>\n<\/tr>\n<tr>\n<td>Duraci\u00f3n de la bater\u00eda<\/td>\n<td>El dispositivo normalmente debe alimentarse a trav\u00e9s de USB. Las bater\u00edas AAA proporcionan energ\u00eda de respaldo por hasta 2 meses.<\/td>\n<\/tr>\n<tr>\n<td>Interfaz de conexi\u00f3n<\/td>\n<td>USB 2.0 \/ conector Micro-USB<\/td>\n<\/tr>\n<tr>\n<td>Wi-Fi<\/td>\n<td>802,11 c\/g\/n<\/td>\n<\/tr>\n<tr>\n<td>Bluetooth<sup>\u00ae<\/sup><\/td>\n<td>Bluetooth V4.2 BR\/EDR y Bluetooth LE<\/td>\n<\/tr>\n<tr>\n<td>Tama\u00f1o<\/td>\n<td>141 mm (alto) x 72 mm (alto) x 18 mm (t)<\/td>\n<\/tr>\n<tr>\n<td>Peso<\/td>\n<td>158 g con pilas AAA, (134 g &#8211; excluyendo sonda y pilas AAA)<\/td>\n<\/tr>\n<tr>\n<td>Material de la caja<\/td>\n<td>Policarbonato<\/td>\n<\/tr>\n<\/tbody>\n<\/table>\n","protected":false},"excerpt":{"rendered":"<p class=\"lead\">El\u00a0LogTag\u00a0UTRED30-WiFi DUAL\u00a0es un registrador wifi de 30 d\u00edas con pantalla, el registrador de monitoreo de vacunas recomendado. Este registrador de temperatura mide y almacena hasta 32.000 lecturas de temperatura (16.000 por canal) en un rango de medici\u00f3n de -40 \u00b0C a +99 \u00b0C, utilizando una sonda de temperatura remota. Suficiente para 67 d\u00edas en 6 minutos de registro.<\/p>\n","protected":false},"featured_media":1425,"comment_status":"open","ping_status":"closed","template":"","meta":{"_joinchat":[]},"product_brand":[],"product_cat":[15],"product_tag":[],"class_list":{"0":"post-1421","1":"product","2":"type-product","3":"status-publish","4":"has-post-thumbnail","6":"product_cat-sin-categorizar","8":"first","9":"instock","10":"shipping-taxable","11":"product-type-simple"},"yoast_head":"<!-- This site is optimized with the Yoast SEO plugin v26.4 - https:\/\/yoast.com\/wordpress\/plugins\/seo\/ -->\n<title>Logtag utred30-wifi - Abaa tienda online<\/title>\n<meta name=\"robots\" content=\"index, follow, max-snippet:-1, max-image-preview:large, max-video-preview:-1\" \/>\n<link rel=\"canonical\" href=\"https:\/\/abaa.mx\/tienda\/logtag-utred30-wifi\/\" \/>\n<meta property=\"og:locale\" content=\"es_MX\" \/>\n<meta property=\"og:type\" content=\"article\" \/>\n<meta property=\"og:title\" content=\"Logtag utred30-wifi - Abaa tienda online\" \/>\n<meta property=\"og:description\" content=\"El\u00a0LogTag\u00a0UTRED30-WiFi DUAL\u00a0es un registrador wifi de 30 d\u00edas con pantalla, el registrador de monitoreo de vacunas recomendado. Este registrador de temperatura mide y almacena hasta 32.000 lecturas de temperatura (16.000 por canal) en un rango de medici\u00f3n de -40 \u00b0C a +99 \u00b0C, utilizando una sonda de temperatura remota. Suficiente para 67 d\u00edas en 6 minutos de registro.\" \/>\n<meta property=\"og:url\" content=\"https:\/\/abaa.mx\/tienda\/logtag-utred30-wifi\/\" \/>\n<meta property=\"og:site_name\" content=\"Abaa tienda online\" \/>\n<meta property=\"article:modified_time\" content=\"2023-11-24T15:28:23+00:00\" \/>\n<meta property=\"og:image\" content=\"https:\/\/abaa.mx\/tienda\/wp-content\/uploads\/2023\/09\/MFG_UTRED30-WIFI-KIT.jpg\" \/>\n\t<meta property=\"og:image:width\" content=\"640\" \/>\n\t<meta property=\"og:image:height\" content=\"640\" \/>\n\t<meta property=\"og:image:type\" content=\"image\/jpeg\" \/>\n<meta name=\"twitter:card\" content=\"summary_large_image\" \/>\n<meta name=\"twitter:label1\" content=\"Tiempo de lectura\" \/>\n\t<meta name=\"twitter:data1\" content=\"5 minutos\" \/>\n<script type=\"application\/ld+json\" class=\"yoast-schema-graph\">{\"@context\":\"https:\/\/schema.org\",\"@graph\":[{\"@type\":\"WebPage\",\"@id\":\"https:\/\/abaa.mx\/tienda\/logtag-utred30-wifi\/\",\"url\":\"https:\/\/abaa.mx\/tienda\/logtag-utred30-wifi\/\",\"name\":\"Logtag utred30-wifi - Abaa tienda online\",\"isPartOf\":{\"@id\":\"https:\/\/abaa.mx\/tienda\/#website\"},\"primaryImageOfPage\":{\"@id\":\"https:\/\/abaa.mx\/tienda\/logtag-utred30-wifi\/#primaryimage\"},\"image\":{\"@id\":\"https:\/\/abaa.mx\/tienda\/logtag-utred30-wifi\/#primaryimage\"},\"thumbnailUrl\":\"https:\/\/abaa.mx\/tienda\/wp-content\/uploads\/2023\/09\/MFG_UTRED30-WIFI-KIT.jpg\",\"datePublished\":\"2023-09-08T21:26:43+00:00\",\"dateModified\":\"2023-11-24T15:28:23+00:00\",\"breadcrumb\":{\"@id\":\"https:\/\/abaa.mx\/tienda\/logtag-utred30-wifi\/#breadcrumb\"},\"inLanguage\":\"es\",\"potentialAction\":[{\"@type\":\"ReadAction\",\"target\":[\"https:\/\/abaa.mx\/tienda\/logtag-utred30-wifi\/\"]}]},{\"@type\":\"ImageObject\",\"inLanguage\":\"es\",\"@id\":\"https:\/\/abaa.mx\/tienda\/logtag-utred30-wifi\/#primaryimage\",\"url\":\"https:\/\/abaa.mx\/tienda\/wp-content\/uploads\/2023\/09\/MFG_UTRED30-WIFI-KIT.jpg\",\"contentUrl\":\"https:\/\/abaa.mx\/tienda\/wp-content\/uploads\/2023\/09\/MFG_UTRED30-WIFI-KIT.jpg\",\"width\":640,\"height\":640,\"caption\":\"logtag-utred30-wifi\"},{\"@type\":\"BreadcrumbList\",\"@id\":\"https:\/\/abaa.mx\/tienda\/logtag-utred30-wifi\/#breadcrumb\",\"itemListElement\":[{\"@type\":\"ListItem\",\"position\":1,\"name\":\"Inicio\",\"item\":\"https:\/\/abaa.mx\/tienda\/\"},{\"@type\":\"ListItem\",\"position\":2,\"name\":\"Tienda\",\"item\":\"https:\/\/abaa.mx\/tienda\/\"},{\"@type\":\"ListItem\",\"position\":3,\"name\":\"Logtag utred30-wifi\"}]},{\"@type\":\"WebSite\",\"@id\":\"https:\/\/abaa.mx\/tienda\/#website\",\"url\":\"https:\/\/abaa.mx\/tienda\/\",\"name\":\"Abaa tienda online\",\"description\":\"Instrumentos de medici\u00f3n\",\"publisher\":{\"@id\":\"https:\/\/abaa.mx\/tienda\/#organization\"},\"potentialAction\":[{\"@type\":\"SearchAction\",\"target\":{\"@type\":\"EntryPoint\",\"urlTemplate\":\"https:\/\/abaa.mx\/tienda\/?s={search_term_string}\"},\"query-input\":{\"@type\":\"PropertyValueSpecification\",\"valueRequired\":true,\"valueName\":\"search_term_string\"}}],\"inLanguage\":\"es\"},{\"@type\":\"Organization\",\"@id\":\"https:\/\/abaa.mx\/tienda\/#organization\",\"name\":\"Abaa tienda online\",\"url\":\"https:\/\/abaa.mx\/tienda\/\",\"logo\":{\"@type\":\"ImageObject\",\"inLanguage\":\"es\",\"@id\":\"https:\/\/abaa.mx\/tienda\/#\/schema\/logo\/image\/\",\"url\":\"https:\/\/abaa.mx\/tienda\/wp-content\/uploads\/2024\/01\/abaa-metrologia-tienda.png\",\"contentUrl\":\"https:\/\/abaa.mx\/tienda\/wp-content\/uploads\/2024\/01\/abaa-metrologia-tienda.png\",\"width\":300,\"height\":141,\"caption\":\"Abaa tienda online\"},\"image\":{\"@id\":\"https:\/\/abaa.mx\/tienda\/#\/schema\/logo\/image\/\"}}]}<\/script>\n<!-- \/ Yoast SEO plugin. -->","yoast_head_json":{"title":"Logtag utred30-wifi - Abaa tienda online","robots":{"index":"index","follow":"follow","max-snippet":"max-snippet:-1","max-image-preview":"max-image-preview:large","max-video-preview":"max-video-preview:-1"},"canonical":"https:\/\/abaa.mx\/tienda\/logtag-utred30-wifi\/","og_locale":"es_MX","og_type":"article","og_title":"Logtag utred30-wifi - Abaa tienda online","og_description":"El\u00a0LogTag\u00a0UTRED30-WiFi DUAL\u00a0es un registrador wifi de 30 d\u00edas con pantalla, el registrador de monitoreo de vacunas recomendado. Este registrador de temperatura mide y almacena hasta 32.000 lecturas de temperatura (16.000 por canal) en un rango de medici\u00f3n de -40 \u00b0C a +99 \u00b0C, utilizando una sonda de temperatura remota. Suficiente para 67 d\u00edas en 6 minutos de registro.","og_url":"https:\/\/abaa.mx\/tienda\/logtag-utred30-wifi\/","og_site_name":"Abaa tienda online","article_modified_time":"2023-11-24T15:28:23+00:00","og_image":[{"width":640,"height":640,"url":"https:\/\/abaa.mx\/tienda\/wp-content\/uploads\/2023\/09\/MFG_UTRED30-WIFI-KIT.jpg","type":"image\/jpeg"}],"twitter_card":"summary_large_image","twitter_misc":{"Tiempo de lectura":"5 minutos"},"schema":{"@context":"https:\/\/schema.org","@graph":[{"@type":"WebPage","@id":"https:\/\/abaa.mx\/tienda\/logtag-utred30-wifi\/","url":"https:\/\/abaa.mx\/tienda\/logtag-utred30-wifi\/","name":"Logtag utred30-wifi - Abaa tienda online","isPartOf":{"@id":"https:\/\/abaa.mx\/tienda\/#website"},"primaryImageOfPage":{"@id":"https:\/\/abaa.mx\/tienda\/logtag-utred30-wifi\/#primaryimage"},"image":{"@id":"https:\/\/abaa.mx\/tienda\/logtag-utred30-wifi\/#primaryimage"},"thumbnailUrl":"https:\/\/abaa.mx\/tienda\/wp-content\/uploads\/2023\/09\/MFG_UTRED30-WIFI-KIT.jpg","datePublished":"2023-09-08T21:26:43+00:00","dateModified":"2023-11-24T15:28:23+00:00","breadcrumb":{"@id":"https:\/\/abaa.mx\/tienda\/logtag-utred30-wifi\/#breadcrumb"},"inLanguage":"es","potentialAction":[{"@type":"ReadAction","target":["https:\/\/abaa.mx\/tienda\/logtag-utred30-wifi\/"]}]},{"@type":"ImageObject","inLanguage":"es","@id":"https:\/\/abaa.mx\/tienda\/logtag-utred30-wifi\/#primaryimage","url":"https:\/\/abaa.mx\/tienda\/wp-content\/uploads\/2023\/09\/MFG_UTRED30-WIFI-KIT.jpg","contentUrl":"https:\/\/abaa.mx\/tienda\/wp-content\/uploads\/2023\/09\/MFG_UTRED30-WIFI-KIT.jpg","width":640,"height":640,"caption":"logtag-utred30-wifi"},{"@type":"BreadcrumbList","@id":"https:\/\/abaa.mx\/tienda\/logtag-utred30-wifi\/#breadcrumb","itemListElement":[{"@type":"ListItem","position":1,"name":"Inicio","item":"https:\/\/abaa.mx\/tienda\/"},{"@type":"ListItem","position":2,"name":"Tienda","item":"https:\/\/abaa.mx\/tienda\/"},{"@type":"ListItem","position":3,"name":"Logtag utred30-wifi"}]},{"@type":"WebSite","@id":"https:\/\/abaa.mx\/tienda\/#website","url":"https:\/\/abaa.mx\/tienda\/","name":"Abaa tienda online","description":"Instrumentos de medici\u00f3n","publisher":{"@id":"https:\/\/abaa.mx\/tienda\/#organization"},"potentialAction":[{"@type":"SearchAction","target":{"@type":"EntryPoint","urlTemplate":"https:\/\/abaa.mx\/tienda\/?s={search_term_string}"},"query-input":{"@type":"PropertyValueSpecification","valueRequired":true,"valueName":"search_term_string"}}],"inLanguage":"es"},{"@type":"Organization","@id":"https:\/\/abaa.mx\/tienda\/#organization","name":"Abaa tienda online","url":"https:\/\/abaa.mx\/tienda\/","logo":{"@type":"ImageObject","inLanguage":"es","@id":"https:\/\/abaa.mx\/tienda\/#\/schema\/logo\/image\/","url":"https:\/\/abaa.mx\/tienda\/wp-content\/uploads\/2024\/01\/abaa-metrologia-tienda.png","contentUrl":"https:\/\/abaa.mx\/tienda\/wp-content\/uploads\/2024\/01\/abaa-metrologia-tienda.png","width":300,"height":141,"caption":"Abaa tienda online"},"image":{"@id":"https:\/\/abaa.mx\/tienda\/#\/schema\/logo\/image\/"}}]}},"_links":{"self":[{"href":"https:\/\/abaa.mx\/tienda\/wp-json\/wp\/v2\/product\/1421","targetHints":{"allow":["GET"]}}],"collection":[{"href":"https:\/\/abaa.mx\/tienda\/wp-json\/wp\/v2\/product"}],"about":[{"href":"https:\/\/abaa.mx\/tienda\/wp-json\/wp\/v2\/types\/product"}],"replies":[{"embeddable":true,"href":"https:\/\/abaa.mx\/tienda\/wp-json\/wp\/v2\/comments?post=1421"}],"wp:featuredmedia":[{"embeddable":true,"href":"https:\/\/abaa.mx\/tienda\/wp-json\/wp\/v2\/media\/1425"}],"wp:attachment":[{"href":"https:\/\/abaa.mx\/tienda\/wp-json\/wp\/v2\/media?parent=1421"}],"wp:term":[{"taxonomy":"product_brand","embeddable":true,"href":"https:\/\/abaa.mx\/tienda\/wp-json\/wp\/v2\/product_brand?post=1421"},{"taxonomy":"product_cat","embeddable":true,"href":"https:\/\/abaa.mx\/tienda\/wp-json\/wp\/v2\/product_cat?post=1421"},{"taxonomy":"product_tag","embeddable":true,"href":"https:\/\/abaa.mx\/tienda\/wp-json\/wp\/v2\/product_tag?post=1421"}],"curies":[{"name":"wp","href":"https:\/\/api.w.org\/{rel}","templated":true}]}}