{"id":1408,"date":"2023-09-08T18:00:33","date_gmt":"2023-09-08T18:00:33","guid":{"rendered":"https:\/\/abaa.mx\/tienda\/?post_type=product&#038;p=1408"},"modified":"2023-09-08T18:00:34","modified_gmt":"2023-09-08T18:00:34","slug":"extech-42570","status":"publish","type":"product","link":"https:\/\/abaa.mx\/tienda\/extech-42570\/","title":{"rendered":"Extech 42570"},"content":{"rendered":"<p>Extech 42570: Term\u00f3metro infrarrojo l\u00e1ser dual<br \/>\nTerm\u00f3metro IR de amplio rango con entrada tipo K e interfaz USB<br \/>\nFunciones:<br \/>\nLa alta relaci\u00f3n distancia a objetivo de 50:1 mide \u00e1reas de superficie m\u00e1s peque\u00f1as a distancias mayores<br \/>\nLa orientaci\u00f3n l\u00e1ser dual indica la distancia de medici\u00f3n ideal cuando dos puntos l\u00e1ser convergen al punto objetivo de 1&#8243;<br \/>\nRango de temperatura IR: -58 a 3992 \u00b0F (-50 a 2200 \u00b0C)<br \/>\nEntrada de termopar tipo K de -58 a 2498 \u00b0F (-50 a 1370 \u00b0C)<br \/>\nPantalla LCD multifunci\u00f3n retroiluminada blanca con gr\u00e1fico de barras<br \/>\nTiempo de respuesta r\u00e1pido de 100 milisegundos<br \/>\nLa funci\u00f3n MAX\/MIN\/AVG\/DIF muestra los valores m\u00e1ximos, m\u00e1s bajos, promedio y m\u00e1ximos menos los valores m\u00ednimos<br \/>\nLa emisividad ajustable aumenta la precisi\u00f3n de medici\u00f3n para diferentes superficies<br \/>\nLos puntos de ajuste altos\/bajos ajustables con alarma sonora alertan al usuario cuando la temperatura excede los puntos de ajuste programados<br \/>\nInterfaz USB<br \/>\nCarcasa de doble molde<br \/>\nCompleto con sonda de temperatura tipo K, cable USB y software, estuche de transporte y bater\u00eda de 9V.<\/p>\n","protected":false},"excerpt":{"rendered":"<p>Extech 42570: Term\u00f3metro infrarrojo l\u00e1ser dual<br \/>\nTerm\u00f3metro IR de amplio rango con entrada tipo K e interfaz USB.<\/p>\n","protected":false},"featured_media":1409,"comment_status":"open","ping_status":"closed","template":"","meta":{"_joinchat":[]},"product_brand":[],"product_cat":[15],"product_tag":[],"class_list":{"0":"post-1408","1":"product","2":"type-product","3":"status-publish","4":"has-post-thumbnail","6":"product_cat-sin-categorizar","8":"first","9":"instock","10":"shipping-taxable","11":"product-type-simple"},"yoast_head":"<!-- This site is optimized with the Yoast SEO plugin v26.4 - https:\/\/yoast.com\/wordpress\/plugins\/seo\/ -->\n<title>Extech 42570 - Abaa tienda online<\/title>\n<meta name=\"robots\" content=\"index, follow, max-snippet:-1, max-image-preview:large, max-video-preview:-1\" \/>\n<link rel=\"canonical\" href=\"https:\/\/abaa.mx\/tienda\/extech-42570\/\" \/>\n<meta property=\"og:locale\" content=\"es_MX\" \/>\n<meta property=\"og:type\" content=\"article\" \/>\n<meta property=\"og:title\" content=\"Extech 42570 - Abaa tienda online\" \/>\n<meta property=\"og:description\" content=\"Extech 42570: Term\u00f3metro infrarrojo l\u00e1ser dual Term\u00f3metro IR de amplio rango con entrada tipo K e interfaz USB.\" \/>\n<meta property=\"og:url\" content=\"https:\/\/abaa.mx\/tienda\/extech-42570\/\" \/>\n<meta property=\"og:site_name\" content=\"Abaa tienda online\" \/>\n<meta property=\"article:modified_time\" content=\"2023-09-08T18:00:34+00:00\" \/>\n<meta property=\"og:image\" content=\"https:\/\/abaa.mx\/tienda\/wp-content\/uploads\/2023\/09\/extech-42570-scaled.jpg\" \/>\n\t<meta property=\"og:image:width\" content=\"1599\" \/>\n\t<meta property=\"og:image:height\" content=\"2560\" \/>\n\t<meta property=\"og:image:type\" content=\"image\/jpeg\" \/>\n<meta name=\"twitter:card\" content=\"summary_large_image\" \/>\n<meta name=\"twitter:label1\" content=\"Tiempo de lectura\" \/>\n\t<meta name=\"twitter:data1\" content=\"1 minuto\" \/>\n<script type=\"application\/ld+json\" class=\"yoast-schema-graph\">{\"@context\":\"https:\/\/schema.org\",\"@graph\":[{\"@type\":\"WebPage\",\"@id\":\"https:\/\/abaa.mx\/tienda\/extech-42570\/\",\"url\":\"https:\/\/abaa.mx\/tienda\/extech-42570\/\",\"name\":\"Extech 42570 - Abaa tienda online\",\"isPartOf\":{\"@id\":\"https:\/\/abaa.mx\/tienda\/#website\"},\"primaryImageOfPage\":{\"@id\":\"https:\/\/abaa.mx\/tienda\/extech-42570\/#primaryimage\"},\"image\":{\"@id\":\"https:\/\/abaa.mx\/tienda\/extech-42570\/#primaryimage\"},\"thumbnailUrl\":\"https:\/\/abaa.mx\/tienda\/wp-content\/uploads\/2023\/09\/extech-42570-scaled.jpg\",\"datePublished\":\"2023-09-08T18:00:33+00:00\",\"dateModified\":\"2023-09-08T18:00:34+00:00\",\"breadcrumb\":{\"@id\":\"https:\/\/abaa.mx\/tienda\/extech-42570\/#breadcrumb\"},\"inLanguage\":\"es\",\"potentialAction\":[{\"@type\":\"ReadAction\",\"target\":[\"https:\/\/abaa.mx\/tienda\/extech-42570\/\"]}]},{\"@type\":\"ImageObject\",\"inLanguage\":\"es\",\"@id\":\"https:\/\/abaa.mx\/tienda\/extech-42570\/#primaryimage\",\"url\":\"https:\/\/abaa.mx\/tienda\/wp-content\/uploads\/2023\/09\/extech-42570-scaled.jpg\",\"contentUrl\":\"https:\/\/abaa.mx\/tienda\/wp-content\/uploads\/2023\/09\/extech-42570-scaled.jpg\",\"width\":1599,\"height\":2560,\"caption\":\"extech-42570\"},{\"@type\":\"BreadcrumbList\",\"@id\":\"https:\/\/abaa.mx\/tienda\/extech-42570\/#breadcrumb\",\"itemListElement\":[{\"@type\":\"ListItem\",\"position\":1,\"name\":\"Inicio\",\"item\":\"https:\/\/abaa.mx\/tienda\/\"},{\"@type\":\"ListItem\",\"position\":2,\"name\":\"Tienda\",\"item\":\"https:\/\/abaa.mx\/tienda\/\"},{\"@type\":\"ListItem\",\"position\":3,\"name\":\"Extech 42570\"}]},{\"@type\":\"WebSite\",\"@id\":\"https:\/\/abaa.mx\/tienda\/#website\",\"url\":\"https:\/\/abaa.mx\/tienda\/\",\"name\":\"Abaa tienda online\",\"description\":\"Instrumentos de medici\u00f3n\",\"publisher\":{\"@id\":\"https:\/\/abaa.mx\/tienda\/#organization\"},\"potentialAction\":[{\"@type\":\"SearchAction\",\"target\":{\"@type\":\"EntryPoint\",\"urlTemplate\":\"https:\/\/abaa.mx\/tienda\/?s={search_term_string}\"},\"query-input\":{\"@type\":\"PropertyValueSpecification\",\"valueRequired\":true,\"valueName\":\"search_term_string\"}}],\"inLanguage\":\"es\"},{\"@type\":\"Organization\",\"@id\":\"https:\/\/abaa.mx\/tienda\/#organization\",\"name\":\"Abaa tienda online\",\"url\":\"https:\/\/abaa.mx\/tienda\/\",\"logo\":{\"@type\":\"ImageObject\",\"inLanguage\":\"es\",\"@id\":\"https:\/\/abaa.mx\/tienda\/#\/schema\/logo\/image\/\",\"url\":\"https:\/\/abaa.mx\/tienda\/wp-content\/uploads\/2024\/01\/abaa-metrologia-tienda.png\",\"contentUrl\":\"https:\/\/abaa.mx\/tienda\/wp-content\/uploads\/2024\/01\/abaa-metrologia-tienda.png\",\"width\":300,\"height\":141,\"caption\":\"Abaa tienda online\"},\"image\":{\"@id\":\"https:\/\/abaa.mx\/tienda\/#\/schema\/logo\/image\/\"}}]}<\/script>\n<!-- \/ Yoast SEO plugin. -->","yoast_head_json":{"title":"Extech 42570 - Abaa tienda online","robots":{"index":"index","follow":"follow","max-snippet":"max-snippet:-1","max-image-preview":"max-image-preview:large","max-video-preview":"max-video-preview:-1"},"canonical":"https:\/\/abaa.mx\/tienda\/extech-42570\/","og_locale":"es_MX","og_type":"article","og_title":"Extech 42570 - Abaa tienda online","og_description":"Extech 42570: Term\u00f3metro infrarrojo l\u00e1ser dual Term\u00f3metro IR de amplio rango con entrada tipo K e interfaz USB.","og_url":"https:\/\/abaa.mx\/tienda\/extech-42570\/","og_site_name":"Abaa tienda online","article_modified_time":"2023-09-08T18:00:34+00:00","og_image":[{"width":1599,"height":2560,"url":"https:\/\/abaa.mx\/tienda\/wp-content\/uploads\/2023\/09\/extech-42570-scaled.jpg","type":"image\/jpeg"}],"twitter_card":"summary_large_image","twitter_misc":{"Tiempo de lectura":"1 minuto"},"schema":{"@context":"https:\/\/schema.org","@graph":[{"@type":"WebPage","@id":"https:\/\/abaa.mx\/tienda\/extech-42570\/","url":"https:\/\/abaa.mx\/tienda\/extech-42570\/","name":"Extech 42570 - Abaa tienda online","isPartOf":{"@id":"https:\/\/abaa.mx\/tienda\/#website"},"primaryImageOfPage":{"@id":"https:\/\/abaa.mx\/tienda\/extech-42570\/#primaryimage"},"image":{"@id":"https:\/\/abaa.mx\/tienda\/extech-42570\/#primaryimage"},"thumbnailUrl":"https:\/\/abaa.mx\/tienda\/wp-content\/uploads\/2023\/09\/extech-42570-scaled.jpg","datePublished":"2023-09-08T18:00:33+00:00","dateModified":"2023-09-08T18:00:34+00:00","breadcrumb":{"@id":"https:\/\/abaa.mx\/tienda\/extech-42570\/#breadcrumb"},"inLanguage":"es","potentialAction":[{"@type":"ReadAction","target":["https:\/\/abaa.mx\/tienda\/extech-42570\/"]}]},{"@type":"ImageObject","inLanguage":"es","@id":"https:\/\/abaa.mx\/tienda\/extech-42570\/#primaryimage","url":"https:\/\/abaa.mx\/tienda\/wp-content\/uploads\/2023\/09\/extech-42570-scaled.jpg","contentUrl":"https:\/\/abaa.mx\/tienda\/wp-content\/uploads\/2023\/09\/extech-42570-scaled.jpg","width":1599,"height":2560,"caption":"extech-42570"},{"@type":"BreadcrumbList","@id":"https:\/\/abaa.mx\/tienda\/extech-42570\/#breadcrumb","itemListElement":[{"@type":"ListItem","position":1,"name":"Inicio","item":"https:\/\/abaa.mx\/tienda\/"},{"@type":"ListItem","position":2,"name":"Tienda","item":"https:\/\/abaa.mx\/tienda\/"},{"@type":"ListItem","position":3,"name":"Extech 42570"}]},{"@type":"WebSite","@id":"https:\/\/abaa.mx\/tienda\/#website","url":"https:\/\/abaa.mx\/tienda\/","name":"Abaa tienda online","description":"Instrumentos de medici\u00f3n","publisher":{"@id":"https:\/\/abaa.mx\/tienda\/#organization"},"potentialAction":[{"@type":"SearchAction","target":{"@type":"EntryPoint","urlTemplate":"https:\/\/abaa.mx\/tienda\/?s={search_term_string}"},"query-input":{"@type":"PropertyValueSpecification","valueRequired":true,"valueName":"search_term_string"}}],"inLanguage":"es"},{"@type":"Organization","@id":"https:\/\/abaa.mx\/tienda\/#organization","name":"Abaa tienda online","url":"https:\/\/abaa.mx\/tienda\/","logo":{"@type":"ImageObject","inLanguage":"es","@id":"https:\/\/abaa.mx\/tienda\/#\/schema\/logo\/image\/","url":"https:\/\/abaa.mx\/tienda\/wp-content\/uploads\/2024\/01\/abaa-metrologia-tienda.png","contentUrl":"https:\/\/abaa.mx\/tienda\/wp-content\/uploads\/2024\/01\/abaa-metrologia-tienda.png","width":300,"height":141,"caption":"Abaa tienda online"},"image":{"@id":"https:\/\/abaa.mx\/tienda\/#\/schema\/logo\/image\/"}}]}},"_links":{"self":[{"href":"https:\/\/abaa.mx\/tienda\/wp-json\/wp\/v2\/product\/1408","targetHints":{"allow":["GET"]}}],"collection":[{"href":"https:\/\/abaa.mx\/tienda\/wp-json\/wp\/v2\/product"}],"about":[{"href":"https:\/\/abaa.mx\/tienda\/wp-json\/wp\/v2\/types\/product"}],"replies":[{"embeddable":true,"href":"https:\/\/abaa.mx\/tienda\/wp-json\/wp\/v2\/comments?post=1408"}],"wp:featuredmedia":[{"embeddable":true,"href":"https:\/\/abaa.mx\/tienda\/wp-json\/wp\/v2\/media\/1409"}],"wp:attachment":[{"href":"https:\/\/abaa.mx\/tienda\/wp-json\/wp\/v2\/media?parent=1408"}],"wp:term":[{"taxonomy":"product_brand","embeddable":true,"href":"https:\/\/abaa.mx\/tienda\/wp-json\/wp\/v2\/product_brand?post=1408"},{"taxonomy":"product_cat","embeddable":true,"href":"https:\/\/abaa.mx\/tienda\/wp-json\/wp\/v2\/product_cat?post=1408"},{"taxonomy":"product_tag","embeddable":true,"href":"https:\/\/abaa.mx\/tienda\/wp-json\/wp\/v2\/product_tag?post=1408"}],"curies":[{"name":"wp","href":"https:\/\/api.w.org\/{rel}","templated":true}]}}