{"id":1407,"date":"2023-09-08T18:53:27","date_gmt":"2023-09-08T18:53:27","guid":{"rendered":"https:\/\/abaa.mx\/tienda\/?post_type=product&#038;p=1407"},"modified":"2023-11-24T15:34:13","modified_gmt":"2023-11-24T15:34:13","slug":"logtag-utred-16f","status":"publish","type":"product","link":"https:\/\/abaa.mx\/tienda\/logtag-utred-16f\/","title":{"rendered":"Logtag utred-16f"},"content":{"rendered":"<p>El LogTag UTRED-16F viene con funciones avanzadas de registro de temperatura de 16.000 memorias de registro y se puede utilizar con todas las sondas externas de la gama ST100 y el cable de extensi\u00f3n. Cumple con las normas internacionales pertinentes para dispositivos de monitoreo de temperatura, como FCC, CE, IC y RCM.<\/p>\n<p>&nbsp;<\/p>\n<p><strong>Funciones:<\/strong><\/p>\n<ul class=\"highlights bullet\">\n<li>Registra temperaturas de -40\u00b0C a +99\u00b0C<\/li>\n<li>Hasta 16.000 grabaciones, suficientes para 168 d\u00edas con un registro de 15 minutos<\/li>\n<li>Lea la temperatura actual y la temperatura m\u00ednima-m\u00e1xima m\u00e1s reciente de un vistazo<\/li>\n<li>Pantalla que muestra la temperatura y el estado de alarma de hasta seis alarmas<\/li>\n<li>Generaci\u00f3n autom\u00e1tica de un informe PDF como registro permanente de los datos<\/li>\n<li>Mida y almacene hasta 16.000 lecturas de tiempo\/temperatura<\/li>\n<li>Se puede conectar a cualquier ordenador con puerto USB. No se requiere base de interfaz<\/li>\n<li>Bater\u00eda fija de 1 a\u00f1o de almacenamiento, 2 a\u00f1os de uso normal.<\/li>\n<li>Crea un archivo de datos completo compatible con el software operativo LogTag Analyzer<\/li>\n<li>La funci\u00f3n de pausa autom\u00e1tica suspende la alarma y el procesamiento estad\u00edstico cuando se desconecta el sensor externo<\/li>\n<\/ul>\n<p>&nbsp;<\/p>\n<p>&nbsp;<\/p>\n<h4>Especificaciones T\u00e9cnicas:<\/h4>\n<table class=\"table table-bordered table-condensed\">\n<colgroup>\n<col width=\"50%\" \/>\n<col width=\"50%\" \/><\/colgroup>\n<tbody>\n<tr>\n<td>Modelo<\/td>\n<td>UTRED-16F (bater\u00eda fija).<\/td>\n<\/tr>\n<tr>\n<td>Rango de medici\u00f3n del sensor<\/td>\n<td>-40 \u00b0C hasta + 99 \u00b0C<\/td>\n<\/tr>\n<tr>\n<td>Rango de temperatura de funcionamiento<\/td>\n<td>De -30 \u00b0C a +60 \u00b0C<\/td>\n<\/tr>\n<tr>\n<td>Rango de temperatura de almacenamiento<\/td>\n<td>De 0 \u00b0C a +40 \u00b0C<\/td>\n<\/tr>\n<tr>\n<td>Resoluci\u00f3n de lectura de temperatura nominal<\/td>\n<td>Mejor que 0.1\u00b0C (0.2\u00b0F) para -30\u00b0C a +60\u00b0C (-22\u00b0F a +140\u00b0F) Mejor que 0.2\u00b0C (0.4\u00b0F) para -40\u00b0C a -30\u00b0C (-40\u00b0F a -22\u00b0F)Mejor que 0.5\u00b0C (0.9\u00b0F) para +60\u00b0C a +99\u00b0C (+140\u00b0F a +210\u00b0F)<\/p>\n<p>LogTag Analyzer se muestra actualmente con un decimal de \u00b0C o \u00b0F. La resoluci\u00f3n nativa es lo que se almacena en el LogTag.<\/td>\n<\/tr>\n<tr>\n<td>Precisi\u00f3n de lectura de temperatura<br \/>\nnominal<\/td>\n<td>Mejor que \u00b10.5\u00b0C (\u00b10.9\u00b0F) para -20\u00b0C a +40\u00b0C (-4\u00b0F a +104\u00b0F), t\u00edpicamente \u00b10.3\u00b0C (0.6\u00b0F).<br \/>\nMejor que \u00b10.8\u00b0C (\u00b11.4\u00b0F) para -40\u00b0C a -20\u00b0C (-40\u00b0F a -4\u00b0F), t\u00edpicamente \u00b10.5\u00b0C (0.9\u00b0F).<br \/>\nMejor que \u00b10.8\u00b0C (\u00b11.4\u00b0F) para +40\u00b0C a +70\u00b0C (+104\u00b0F a +158\u00b0F), t\u00edpicamente \u00b10.7\u00b0C (1.3\u00b0F).<br \/>\nMejor que \u00b11.2\u00b0C (\u00b12.2\u00b0F) para +70\u00b0C a +99\u00b0C (+158\u00b0F a +210\u00b0F), t\u00edpicamente \u00b11\u00b0C (1.8\u00b0F)<\/td>\n<\/tr>\n<tr>\n<td>Capacidad de grabaci\u00f3n<\/td>\n<td>16.129 lecturas de temperatura. 112 d\u00edas @ 10min de registro, 168 d\u00edas @ 15min de registro. Memoria de estad\u00edsticas (para visualizaci\u00f3n en LCD): valores m\u00e1ximos\/m\u00ednimos y valores de duraci\u00f3n de alarma.<\/td>\n<\/tr>\n<tr>\n<td>Intervalo de muestreo<\/td>\n<td>Configurable desde 30 segundos hasta 18 horas.<\/td>\n<\/tr>\n<tr>\n<td>Opciones de inicio de registro<\/td>\n<td>Inicio con bot\u00f3n pulsador o fecha y hora espec\u00edficas. Retraso de inicio opcional de hasta 72 horas.<\/td>\n<\/tr>\n<tr>\n<td>Indicaci\u00f3n de grabaci\u00f3n<\/td>\n<td>S\u00edmbolo &#8220;REC&#8221; en la pantalla LCD<\/td>\n<\/tr>\n<tr>\n<td>Alarmas<\/td>\n<td>Tres alarmas superiores configurables y tres inferiores configurables.<\/td>\n<\/tr>\n<tr>\n<td>Tiempo de descarga<\/td>\n<td>Normalmente con memoria completa (16.129 lecturas) en menos de 30 segundos desde el momento de la inserci\u00f3n hasta la disponibilidad del informe PDF.<br \/>\nNormalmente, menos de 10 segundos desde el momento de la inserci\u00f3n hasta la disponibilidad del archivo LTD en LogTag Analyzer (si est\u00e1 configurado)<\/td>\n<\/tr>\n<tr>\n<td>Medioambiental<\/td>\n<td>IP61 (cuando se monta verticalmente o se cuelga con la tapa antipolvo USB en su lugar)<\/td>\n<\/tr>\n<tr>\n<td>Fuente de alimentaci\u00f3n<\/td>\n<td>CR2450 3V LiMnO2 (bater\u00eda fija)<\/td>\n<\/tr>\n<tr>\n<td>Duraci\u00f3n de la bater\u00eda<\/td>\n<td>1 a\u00f1o de almacenamiento, 2 a\u00f1os de uso normal (basado en el registro de 15 minutos, datos de descarga mensuales).<\/td>\n<\/tr>\n<tr>\n<td>Reloj en tiempo real<\/td>\n<td>Reloj en tiempo real incorporado.<br \/>\nPrecisi\u00f3n nominal \u00b125ppm @ 25\u00b0C (equivalente a 2.5 segundos\/d\u00eda).<br \/>\nEl coeficiente de temperatura nominal es de -0.034 \u00b10.006ppm \/ \u00b0 C (es decir, t\u00edpicamente +\/- 0.00294 segundos \/ d\u00eda \/ \u00b0 C).<\/td>\n<\/tr>\n<tr>\n<td>Tama\u00f1o<\/td>\n<td>93 mm (alto) x 54,5 mm (ancho) x 8,6 mm (T), incluida la tapa USB protectora.<\/td>\n<\/tr>\n<tr>\n<td>Peso<\/td>\n<td>39 g<\/td>\n<\/tr>\n<tr>\n<td>Material de la caja<\/td>\n<td>Policarbonato<\/td>\n<\/tr>\n<tr>\n<td>Informe PDF<\/td>\n<td>Informe de una p\u00e1gina con resumen de viaje y alarma. Informe de varias p\u00e1ginas con lista de lecturas, incluyendo fecha y hora.<\/td>\n<\/tr>\n<tr>\n<td>Interfaz de conexi\u00f3n<\/td>\n<td>USB 2.0, enchufe tipo A.<\/td>\n<\/tr>\n<tr>\n<td>Software<\/td>\n<td>PDF Reader, LogTag Analyzer 3.1.9 o superior.<\/td>\n<\/tr>\n<\/tbody>\n<\/table>\n","protected":false},"excerpt":{"rendered":"<p>El LogTag UTRED-16F viene con funciones avanzadas de registro de temperatura de 16.000 memorias de registro y se puede utilizar con todas las sondas externas de la gama ST100 y el cable de extensi\u00f3n. Cumple con las normas internacionales pertinentes para dispositivos de monitoreo de temperatura, como FCC, CE, IC y RCM.<\/p>\n","protected":false},"featured_media":1411,"comment_status":"open","ping_status":"closed","template":"","meta":{"_joinchat":[]},"product_brand":[],"product_cat":[15],"product_tag":[],"class_list":{"0":"post-1407","1":"product","2":"type-product","3":"status-publish","4":"has-post-thumbnail","6":"product_cat-sin-categorizar","8":"first","9":"instock","10":"shipping-taxable","11":"product-type-simple"},"yoast_head":"<!-- This site is optimized with the Yoast SEO plugin v26.4 - https:\/\/yoast.com\/wordpress\/plugins\/seo\/ -->\n<title>Logtag utred-16f - Abaa tienda online<\/title>\n<meta name=\"robots\" content=\"index, follow, max-snippet:-1, max-image-preview:large, max-video-preview:-1\" \/>\n<link rel=\"canonical\" href=\"https:\/\/abaa.mx\/tienda\/logtag-utred-16f\/\" \/>\n<meta property=\"og:locale\" content=\"es_MX\" \/>\n<meta property=\"og:type\" content=\"article\" \/>\n<meta property=\"og:title\" content=\"Logtag utred-16f - Abaa tienda online\" \/>\n<meta property=\"og:description\" content=\"El LogTag UTRED-16F viene con funciones avanzadas de registro de temperatura de 16.000 memorias de registro y se puede utilizar con todas las sondas externas de la gama ST100 y el cable de extensi\u00f3n. Cumple con las normas internacionales pertinentes para dispositivos de monitoreo de temperatura, como FCC, CE, IC y RCM.\" \/>\n<meta property=\"og:url\" content=\"https:\/\/abaa.mx\/tienda\/logtag-utred-16f\/\" \/>\n<meta property=\"og:site_name\" content=\"Abaa tienda online\" \/>\n<meta property=\"article:modified_time\" content=\"2023-11-24T15:34:13+00:00\" \/>\n<meta property=\"og:image\" content=\"https:\/\/abaa.mx\/tienda\/wp-content\/uploads\/2023\/09\/UTRED-16F.jpg\" \/>\n\t<meta property=\"og:image:width\" content=\"713\" \/>\n\t<meta property=\"og:image:height\" content=\"930\" \/>\n\t<meta property=\"og:image:type\" content=\"image\/jpeg\" \/>\n<meta name=\"twitter:card\" content=\"summary_large_image\" \/>\n<meta name=\"twitter:label1\" content=\"Tiempo de lectura\" \/>\n\t<meta name=\"twitter:data1\" content=\"3 minutos\" \/>\n<script type=\"application\/ld+json\" class=\"yoast-schema-graph\">{\"@context\":\"https:\/\/schema.org\",\"@graph\":[{\"@type\":\"WebPage\",\"@id\":\"https:\/\/abaa.mx\/tienda\/logtag-utred-16f\/\",\"url\":\"https:\/\/abaa.mx\/tienda\/logtag-utred-16f\/\",\"name\":\"Logtag utred-16f - Abaa tienda online\",\"isPartOf\":{\"@id\":\"https:\/\/abaa.mx\/tienda\/#website\"},\"primaryImageOfPage\":{\"@id\":\"https:\/\/abaa.mx\/tienda\/logtag-utred-16f\/#primaryimage\"},\"image\":{\"@id\":\"https:\/\/abaa.mx\/tienda\/logtag-utred-16f\/#primaryimage\"},\"thumbnailUrl\":\"https:\/\/abaa.mx\/tienda\/wp-content\/uploads\/2023\/09\/UTRED-16F.jpg\",\"datePublished\":\"2023-09-08T18:53:27+00:00\",\"dateModified\":\"2023-11-24T15:34:13+00:00\",\"breadcrumb\":{\"@id\":\"https:\/\/abaa.mx\/tienda\/logtag-utred-16f\/#breadcrumb\"},\"inLanguage\":\"es\",\"potentialAction\":[{\"@type\":\"ReadAction\",\"target\":[\"https:\/\/abaa.mx\/tienda\/logtag-utred-16f\/\"]}]},{\"@type\":\"ImageObject\",\"inLanguage\":\"es\",\"@id\":\"https:\/\/abaa.mx\/tienda\/logtag-utred-16f\/#primaryimage\",\"url\":\"https:\/\/abaa.mx\/tienda\/wp-content\/uploads\/2023\/09\/UTRED-16F.jpg\",\"contentUrl\":\"https:\/\/abaa.mx\/tienda\/wp-content\/uploads\/2023\/09\/UTRED-16F.jpg\",\"width\":713,\"height\":930,\"caption\":\"logtag-utred-16f\"},{\"@type\":\"BreadcrumbList\",\"@id\":\"https:\/\/abaa.mx\/tienda\/logtag-utred-16f\/#breadcrumb\",\"itemListElement\":[{\"@type\":\"ListItem\",\"position\":1,\"name\":\"Inicio\",\"item\":\"https:\/\/abaa.mx\/tienda\/\"},{\"@type\":\"ListItem\",\"position\":2,\"name\":\"Tienda\",\"item\":\"https:\/\/abaa.mx\/tienda\/\"},{\"@type\":\"ListItem\",\"position\":3,\"name\":\"Logtag utred-16f\"}]},{\"@type\":\"WebSite\",\"@id\":\"https:\/\/abaa.mx\/tienda\/#website\",\"url\":\"https:\/\/abaa.mx\/tienda\/\",\"name\":\"Abaa tienda online\",\"description\":\"Instrumentos de medici\u00f3n\",\"publisher\":{\"@id\":\"https:\/\/abaa.mx\/tienda\/#organization\"},\"potentialAction\":[{\"@type\":\"SearchAction\",\"target\":{\"@type\":\"EntryPoint\",\"urlTemplate\":\"https:\/\/abaa.mx\/tienda\/?s={search_term_string}\"},\"query-input\":{\"@type\":\"PropertyValueSpecification\",\"valueRequired\":true,\"valueName\":\"search_term_string\"}}],\"inLanguage\":\"es\"},{\"@type\":\"Organization\",\"@id\":\"https:\/\/abaa.mx\/tienda\/#organization\",\"name\":\"Abaa tienda online\",\"url\":\"https:\/\/abaa.mx\/tienda\/\",\"logo\":{\"@type\":\"ImageObject\",\"inLanguage\":\"es\",\"@id\":\"https:\/\/abaa.mx\/tienda\/#\/schema\/logo\/image\/\",\"url\":\"https:\/\/abaa.mx\/tienda\/wp-content\/uploads\/2024\/01\/abaa-metrologia-tienda.png\",\"contentUrl\":\"https:\/\/abaa.mx\/tienda\/wp-content\/uploads\/2024\/01\/abaa-metrologia-tienda.png\",\"width\":300,\"height\":141,\"caption\":\"Abaa tienda online\"},\"image\":{\"@id\":\"https:\/\/abaa.mx\/tienda\/#\/schema\/logo\/image\/\"}}]}<\/script>\n<!-- \/ Yoast SEO plugin. -->","yoast_head_json":{"title":"Logtag utred-16f - Abaa tienda online","robots":{"index":"index","follow":"follow","max-snippet":"max-snippet:-1","max-image-preview":"max-image-preview:large","max-video-preview":"max-video-preview:-1"},"canonical":"https:\/\/abaa.mx\/tienda\/logtag-utred-16f\/","og_locale":"es_MX","og_type":"article","og_title":"Logtag utred-16f - Abaa tienda online","og_description":"El LogTag UTRED-16F viene con funciones avanzadas de registro de temperatura de 16.000 memorias de registro y se puede utilizar con todas las sondas externas de la gama ST100 y el cable de extensi\u00f3n. Cumple con las normas internacionales pertinentes para dispositivos de monitoreo de temperatura, como FCC, CE, IC y RCM.","og_url":"https:\/\/abaa.mx\/tienda\/logtag-utred-16f\/","og_site_name":"Abaa tienda online","article_modified_time":"2023-11-24T15:34:13+00:00","og_image":[{"width":713,"height":930,"url":"https:\/\/abaa.mx\/tienda\/wp-content\/uploads\/2023\/09\/UTRED-16F.jpg","type":"image\/jpeg"}],"twitter_card":"summary_large_image","twitter_misc":{"Tiempo de lectura":"3 minutos"},"schema":{"@context":"https:\/\/schema.org","@graph":[{"@type":"WebPage","@id":"https:\/\/abaa.mx\/tienda\/logtag-utred-16f\/","url":"https:\/\/abaa.mx\/tienda\/logtag-utred-16f\/","name":"Logtag utred-16f - Abaa tienda online","isPartOf":{"@id":"https:\/\/abaa.mx\/tienda\/#website"},"primaryImageOfPage":{"@id":"https:\/\/abaa.mx\/tienda\/logtag-utred-16f\/#primaryimage"},"image":{"@id":"https:\/\/abaa.mx\/tienda\/logtag-utred-16f\/#primaryimage"},"thumbnailUrl":"https:\/\/abaa.mx\/tienda\/wp-content\/uploads\/2023\/09\/UTRED-16F.jpg","datePublished":"2023-09-08T18:53:27+00:00","dateModified":"2023-11-24T15:34:13+00:00","breadcrumb":{"@id":"https:\/\/abaa.mx\/tienda\/logtag-utred-16f\/#breadcrumb"},"inLanguage":"es","potentialAction":[{"@type":"ReadAction","target":["https:\/\/abaa.mx\/tienda\/logtag-utred-16f\/"]}]},{"@type":"ImageObject","inLanguage":"es","@id":"https:\/\/abaa.mx\/tienda\/logtag-utred-16f\/#primaryimage","url":"https:\/\/abaa.mx\/tienda\/wp-content\/uploads\/2023\/09\/UTRED-16F.jpg","contentUrl":"https:\/\/abaa.mx\/tienda\/wp-content\/uploads\/2023\/09\/UTRED-16F.jpg","width":713,"height":930,"caption":"logtag-utred-16f"},{"@type":"BreadcrumbList","@id":"https:\/\/abaa.mx\/tienda\/logtag-utred-16f\/#breadcrumb","itemListElement":[{"@type":"ListItem","position":1,"name":"Inicio","item":"https:\/\/abaa.mx\/tienda\/"},{"@type":"ListItem","position":2,"name":"Tienda","item":"https:\/\/abaa.mx\/tienda\/"},{"@type":"ListItem","position":3,"name":"Logtag utred-16f"}]},{"@type":"WebSite","@id":"https:\/\/abaa.mx\/tienda\/#website","url":"https:\/\/abaa.mx\/tienda\/","name":"Abaa tienda online","description":"Instrumentos de medici\u00f3n","publisher":{"@id":"https:\/\/abaa.mx\/tienda\/#organization"},"potentialAction":[{"@type":"SearchAction","target":{"@type":"EntryPoint","urlTemplate":"https:\/\/abaa.mx\/tienda\/?s={search_term_string}"},"query-input":{"@type":"PropertyValueSpecification","valueRequired":true,"valueName":"search_term_string"}}],"inLanguage":"es"},{"@type":"Organization","@id":"https:\/\/abaa.mx\/tienda\/#organization","name":"Abaa tienda online","url":"https:\/\/abaa.mx\/tienda\/","logo":{"@type":"ImageObject","inLanguage":"es","@id":"https:\/\/abaa.mx\/tienda\/#\/schema\/logo\/image\/","url":"https:\/\/abaa.mx\/tienda\/wp-content\/uploads\/2024\/01\/abaa-metrologia-tienda.png","contentUrl":"https:\/\/abaa.mx\/tienda\/wp-content\/uploads\/2024\/01\/abaa-metrologia-tienda.png","width":300,"height":141,"caption":"Abaa tienda online"},"image":{"@id":"https:\/\/abaa.mx\/tienda\/#\/schema\/logo\/image\/"}}]}},"_links":{"self":[{"href":"https:\/\/abaa.mx\/tienda\/wp-json\/wp\/v2\/product\/1407","targetHints":{"allow":["GET"]}}],"collection":[{"href":"https:\/\/abaa.mx\/tienda\/wp-json\/wp\/v2\/product"}],"about":[{"href":"https:\/\/abaa.mx\/tienda\/wp-json\/wp\/v2\/types\/product"}],"replies":[{"embeddable":true,"href":"https:\/\/abaa.mx\/tienda\/wp-json\/wp\/v2\/comments?post=1407"}],"wp:featuredmedia":[{"embeddable":true,"href":"https:\/\/abaa.mx\/tienda\/wp-json\/wp\/v2\/media\/1411"}],"wp:attachment":[{"href":"https:\/\/abaa.mx\/tienda\/wp-json\/wp\/v2\/media?parent=1407"}],"wp:term":[{"taxonomy":"product_brand","embeddable":true,"href":"https:\/\/abaa.mx\/tienda\/wp-json\/wp\/v2\/product_brand?post=1407"},{"taxonomy":"product_cat","embeddable":true,"href":"https:\/\/abaa.mx\/tienda\/wp-json\/wp\/v2\/product_cat?post=1407"},{"taxonomy":"product_tag","embeddable":true,"href":"https:\/\/abaa.mx\/tienda\/wp-json\/wp\/v2\/product_tag?post=1407"}],"curies":[{"name":"wp","href":"https:\/\/api.w.org\/{rel}","templated":true}]}}