{"id":1397,"date":"2023-09-08T17:55:02","date_gmt":"2023-09-08T17:55:02","guid":{"rendered":"https:\/\/abaa.mx\/tienda\/?post_type=product&#038;p=1397"},"modified":"2023-11-24T15:48:43","modified_gmt":"2023-11-24T15:48:43","slug":"logtag-utrid-16","status":"publish","type":"product","link":"https:\/\/abaa.mx\/tienda\/logtag-utrid-16\/","title":{"rendered":"Logtag utrid-16"},"content":{"rendered":"<p>LogTag UTRID-16 ofrece la posibilidad de crear un informe detallado en formato PDF sin necesidad de accesorios adicionales ni software propietario, y cuenta con una pantalla que permite la visualizaci\u00f3n inmediata de las temperaturas actuales y pasadas, as\u00ed como estad\u00edsticas de alarmas. La pantalla muestra el estado del registro, la \u00faltima temperatura registrada y el estado de alarma de hasta seis alarmas configurables por el usuario y la duraci\u00f3n de cualquier excursi\u00f3n de temperatura. Cuando UTRID-16 se conecta al puerto USB de un ordenador mediante su conector integrado, se genera autom\u00e1ticamente un informe PDF detallado de los datos de temperatura y alarmas registrados. Para un an\u00e1lisis m\u00e1s detallado de los datos, UTRID-16 tambi\u00e9n crea un archivo de datos cifrado compatible con el software LogTag Analyzer\u00a0y la opci\u00f3n de gesti\u00f3n de datos.<\/p>\n<p>&nbsp;<\/p>\n<p><strong>Caracter\u00edsticas:\u00a0<\/strong><\/p>\n<ul class=\"highlights bullet\">\n<li>Pantalla que muestra la temperatura y el estado de las alarmas de hasta seis alarmas.<\/li>\n<li>Puede conectarse a cualquier ordenador con un puerto USB.<\/li>\n<li>Generaci\u00f3n autom\u00e1tica de un informe PDF como registro permanente de los datos.<\/li>\n<li>Crea un archivo de datos cifrado compatible con LogTag Analyzer.<\/li>\n<li>UTRID-16 ofrece tanto una bater\u00eda reemplazable por el usuario como un tipo de bater\u00eda fija.<\/li>\n<li>Ideal para canales de distribuci\u00f3n multietapa que incluyen la &#8220;\u00faltima milla&#8221;<\/li>\n<li>UTRID-16 cumple con la precalificaci\u00f3n de la especificaci\u00f3n PQS de la OMS E006 Dispositivos de monitoreo de temperatura.<\/li>\n<\/ul>\n<p>&nbsp;<\/p>\n<h4><strong>Especificaciones T\u00e9cnicas:\u00a0<\/strong><\/h4>\n<table class=\"table table-bordered table-condensed\">\n<colgroup>\n<col width=\"50%\" \/>\n<col width=\"50%\" \/><\/colgroup>\n<tbody>\n<tr>\n<td width=\"50%\">Modelo<\/td>\n<td width=\"50%\">UTRID-16R (bater\u00eda reemplazable).<br \/>\nUTRID-16F (bater\u00eda fija) Calificaci\u00f3n OMS PQS E006\/076<\/td>\n<\/tr>\n<tr>\n<td>Rango de medici\u00f3n<\/td>\n<td>De -30 \u00b0C a +60 \u00b0C<\/td>\n<\/tr>\n<tr>\n<td>Capacidad<\/td>\n<td>16.129 lecturas de temperatura.<br \/>\n112 d\u00edas @ 10 min de registro, 168 d\u00edas @ 15 min de registro. Memoria de estad\u00edsticas (para visualizaci\u00f3n en pantalla LCD): Valores Max\/Min y valores de duraci\u00f3n de la alarma.<\/td>\n<\/tr>\n<tr>\n<td>Intervalo de muestreo<\/td>\n<td>Configurable de 30 segundos a 18 horas.<\/td>\n<\/tr>\n<tr>\n<td>Opciones de inicio<\/td>\n<td>Pulsador de inicio o fecha\/hora espec\u00edfica<\/td>\n<\/tr>\n<tr>\n<td>Retardo de Inicio<\/td>\n<td>Retardo de inicio opcional de hasta 72 horas.<\/td>\n<\/tr>\n<tr>\n<td>Medioambiental<\/td>\n<td>IEC 60529: IP 64 con tapa USB insertada.<\/td>\n<\/tr>\n<tr>\n<td>Fuente de alimentaci\u00f3n<\/td>\n<td>UTRID-16R &#8211; CR2032 3V LiMnO2 Bater\u00eda (reemplazable).<br \/>\nUTRID-16F &#8211; CR2450 3V LiMnO2 UN38.3 aprobado pila tipo bot\u00f3n (fijo)<\/td>\n<\/tr>\n<tr>\n<td>Duraci\u00f3n de la bater\u00eda<\/td>\n<td>UTRID-16R: 1 a\u00f1o de vida \u00fatil antes del &#8220;inicio&#8221; (si es modo de hibernaci\u00f3n), seguido de: 1 a\u00f1o de uso normal (basado en un registro de 15 minutos, descarga de datos mensualmente).<br \/>\nUTRID-16F: Normalmente 2 a\u00f1os de funcionamiento con uso normal (registro de 6 minutos, estad\u00edsticas revisadas en la pantalla no m\u00e1s de una vez al d\u00eda durante no m\u00e1s de 30 segundos cada vez, descarga de datos mensualmente) siempre que la grabadora se mantenga dentro del rango de temperatura de almacenamiento cuando no est\u00e9 en uso.<\/td>\n<\/tr>\n<tr>\n<td>Tama\u00f1o<\/td>\n<td>93 mm(Alto) x 54.5 mm (Ancho) x 8.6 mm (Prof.) incluyendo la tapa protectora USB)<\/td>\n<\/tr>\n<tr>\n<td>Peso<\/td>\n<td>39 g<\/td>\n<\/tr>\n<tr>\n<td>Material de la carcasa<\/td>\n<td>Policarbonato<\/td>\n<\/tr>\n<tr>\n<td>Funciones de alarma<\/td>\n<td>Tres alarmas superiores y tres inferiores configurables.<\/td>\n<\/tr>\n<tr>\n<td>Interfaz de conexi\u00f3n<\/td>\n<td>USB 2.0, conector tipo A.<\/td>\n<\/tr>\n<tr>\n<td>Software<\/td>\n<td>PDF Reader, LogTag Analyzer 2.8 o superior.<\/td>\n<\/tr>\n<\/tbody>\n<\/table>\n","protected":false},"excerpt":{"rendered":"<p>LogTag UTRID-16 ofrece la posibilidad de crear un informe detallado en formato PDF sin necesidad de accesorios adicionales ni software propietario, y cuenta con una pantalla que permite la visualizaci\u00f3n inmediata de las temperaturas actuales y pasadas, as\u00ed como estad\u00edsticas de alarmas.<\/p>\n","protected":false},"featured_media":1405,"comment_status":"open","ping_status":"closed","template":"","meta":{"_joinchat":[]},"product_brand":[],"product_cat":[15],"product_tag":[],"class_list":{"0":"post-1397","1":"product","2":"type-product","3":"status-publish","4":"has-post-thumbnail","6":"product_cat-sin-categorizar","8":"first","9":"instock","10":"shipping-taxable","11":"product-type-simple"},"yoast_head":"<!-- This site is optimized with the Yoast SEO plugin v26.4 - https:\/\/yoast.com\/wordpress\/plugins\/seo\/ -->\n<title>Logtag utrid-16 - Abaa tienda online<\/title>\n<meta name=\"robots\" content=\"index, follow, max-snippet:-1, max-image-preview:large, max-video-preview:-1\" \/>\n<link rel=\"canonical\" href=\"https:\/\/abaa.mx\/tienda\/logtag-utrid-16\/\" \/>\n<meta property=\"og:locale\" content=\"es_MX\" \/>\n<meta property=\"og:type\" content=\"article\" \/>\n<meta property=\"og:title\" content=\"Logtag utrid-16 - Abaa tienda online\" \/>\n<meta property=\"og:description\" content=\"LogTag UTRID-16 ofrece la posibilidad de crear un informe detallado en formato PDF sin necesidad de accesorios adicionales ni software propietario, y cuenta con una pantalla que permite la visualizaci\u00f3n inmediata de las temperaturas actuales y pasadas, as\u00ed como estad\u00edsticas de alarmas.\" \/>\n<meta property=\"og:url\" content=\"https:\/\/abaa.mx\/tienda\/logtag-utrid-16\/\" \/>\n<meta property=\"og:site_name\" content=\"Abaa tienda online\" \/>\n<meta property=\"article:modified_time\" content=\"2023-11-24T15:48:43+00:00\" \/>\n<meta property=\"og:image\" content=\"https:\/\/abaa.mx\/tienda\/wp-content\/uploads\/2023\/09\/UTRID-16.png\" \/>\n\t<meta property=\"og:image:width\" content=\"618\" \/>\n\t<meta property=\"og:image:height\" content=\"618\" \/>\n\t<meta property=\"og:image:type\" content=\"image\/png\" \/>\n<meta name=\"twitter:card\" content=\"summary_large_image\" \/>\n<meta name=\"twitter:label1\" content=\"Tiempo de lectura\" \/>\n\t<meta name=\"twitter:data1\" content=\"3 minutos\" \/>\n<script type=\"application\/ld+json\" class=\"yoast-schema-graph\">{\"@context\":\"https:\/\/schema.org\",\"@graph\":[{\"@type\":\"WebPage\",\"@id\":\"https:\/\/abaa.mx\/tienda\/logtag-utrid-16\/\",\"url\":\"https:\/\/abaa.mx\/tienda\/logtag-utrid-16\/\",\"name\":\"Logtag utrid-16 - Abaa tienda online\",\"isPartOf\":{\"@id\":\"https:\/\/abaa.mx\/tienda\/#website\"},\"primaryImageOfPage\":{\"@id\":\"https:\/\/abaa.mx\/tienda\/logtag-utrid-16\/#primaryimage\"},\"image\":{\"@id\":\"https:\/\/abaa.mx\/tienda\/logtag-utrid-16\/#primaryimage\"},\"thumbnailUrl\":\"https:\/\/abaa.mx\/tienda\/wp-content\/uploads\/2023\/09\/UTRID-16.png\",\"datePublished\":\"2023-09-08T17:55:02+00:00\",\"dateModified\":\"2023-11-24T15:48:43+00:00\",\"breadcrumb\":{\"@id\":\"https:\/\/abaa.mx\/tienda\/logtag-utrid-16\/#breadcrumb\"},\"inLanguage\":\"es\",\"potentialAction\":[{\"@type\":\"ReadAction\",\"target\":[\"https:\/\/abaa.mx\/tienda\/logtag-utrid-16\/\"]}]},{\"@type\":\"ImageObject\",\"inLanguage\":\"es\",\"@id\":\"https:\/\/abaa.mx\/tienda\/logtag-utrid-16\/#primaryimage\",\"url\":\"https:\/\/abaa.mx\/tienda\/wp-content\/uploads\/2023\/09\/UTRID-16.png\",\"contentUrl\":\"https:\/\/abaa.mx\/tienda\/wp-content\/uploads\/2023\/09\/UTRID-16.png\",\"width\":618,\"height\":618,\"caption\":\"logtag-utrid-16\"},{\"@type\":\"BreadcrumbList\",\"@id\":\"https:\/\/abaa.mx\/tienda\/logtag-utrid-16\/#breadcrumb\",\"itemListElement\":[{\"@type\":\"ListItem\",\"position\":1,\"name\":\"Inicio\",\"item\":\"https:\/\/abaa.mx\/tienda\/\"},{\"@type\":\"ListItem\",\"position\":2,\"name\":\"Tienda\",\"item\":\"https:\/\/abaa.mx\/tienda\/\"},{\"@type\":\"ListItem\",\"position\":3,\"name\":\"Logtag utrid-16\"}]},{\"@type\":\"WebSite\",\"@id\":\"https:\/\/abaa.mx\/tienda\/#website\",\"url\":\"https:\/\/abaa.mx\/tienda\/\",\"name\":\"Abaa tienda online\",\"description\":\"Instrumentos de medici\u00f3n\",\"publisher\":{\"@id\":\"https:\/\/abaa.mx\/tienda\/#organization\"},\"potentialAction\":[{\"@type\":\"SearchAction\",\"target\":{\"@type\":\"EntryPoint\",\"urlTemplate\":\"https:\/\/abaa.mx\/tienda\/?s={search_term_string}\"},\"query-input\":{\"@type\":\"PropertyValueSpecification\",\"valueRequired\":true,\"valueName\":\"search_term_string\"}}],\"inLanguage\":\"es\"},{\"@type\":\"Organization\",\"@id\":\"https:\/\/abaa.mx\/tienda\/#organization\",\"name\":\"Abaa tienda online\",\"url\":\"https:\/\/abaa.mx\/tienda\/\",\"logo\":{\"@type\":\"ImageObject\",\"inLanguage\":\"es\",\"@id\":\"https:\/\/abaa.mx\/tienda\/#\/schema\/logo\/image\/\",\"url\":\"https:\/\/abaa.mx\/tienda\/wp-content\/uploads\/2024\/01\/abaa-metrologia-tienda.png\",\"contentUrl\":\"https:\/\/abaa.mx\/tienda\/wp-content\/uploads\/2024\/01\/abaa-metrologia-tienda.png\",\"width\":300,\"height\":141,\"caption\":\"Abaa tienda online\"},\"image\":{\"@id\":\"https:\/\/abaa.mx\/tienda\/#\/schema\/logo\/image\/\"}}]}<\/script>\n<!-- \/ Yoast SEO plugin. -->","yoast_head_json":{"title":"Logtag utrid-16 - Abaa tienda online","robots":{"index":"index","follow":"follow","max-snippet":"max-snippet:-1","max-image-preview":"max-image-preview:large","max-video-preview":"max-video-preview:-1"},"canonical":"https:\/\/abaa.mx\/tienda\/logtag-utrid-16\/","og_locale":"es_MX","og_type":"article","og_title":"Logtag utrid-16 - Abaa tienda online","og_description":"LogTag UTRID-16 ofrece la posibilidad de crear un informe detallado en formato PDF sin necesidad de accesorios adicionales ni software propietario, y cuenta con una pantalla que permite la visualizaci\u00f3n inmediata de las temperaturas actuales y pasadas, as\u00ed como estad\u00edsticas de alarmas.","og_url":"https:\/\/abaa.mx\/tienda\/logtag-utrid-16\/","og_site_name":"Abaa tienda online","article_modified_time":"2023-11-24T15:48:43+00:00","og_image":[{"width":618,"height":618,"url":"https:\/\/abaa.mx\/tienda\/wp-content\/uploads\/2023\/09\/UTRID-16.png","type":"image\/png"}],"twitter_card":"summary_large_image","twitter_misc":{"Tiempo de lectura":"3 minutos"},"schema":{"@context":"https:\/\/schema.org","@graph":[{"@type":"WebPage","@id":"https:\/\/abaa.mx\/tienda\/logtag-utrid-16\/","url":"https:\/\/abaa.mx\/tienda\/logtag-utrid-16\/","name":"Logtag utrid-16 - Abaa tienda online","isPartOf":{"@id":"https:\/\/abaa.mx\/tienda\/#website"},"primaryImageOfPage":{"@id":"https:\/\/abaa.mx\/tienda\/logtag-utrid-16\/#primaryimage"},"image":{"@id":"https:\/\/abaa.mx\/tienda\/logtag-utrid-16\/#primaryimage"},"thumbnailUrl":"https:\/\/abaa.mx\/tienda\/wp-content\/uploads\/2023\/09\/UTRID-16.png","datePublished":"2023-09-08T17:55:02+00:00","dateModified":"2023-11-24T15:48:43+00:00","breadcrumb":{"@id":"https:\/\/abaa.mx\/tienda\/logtag-utrid-16\/#breadcrumb"},"inLanguage":"es","potentialAction":[{"@type":"ReadAction","target":["https:\/\/abaa.mx\/tienda\/logtag-utrid-16\/"]}]},{"@type":"ImageObject","inLanguage":"es","@id":"https:\/\/abaa.mx\/tienda\/logtag-utrid-16\/#primaryimage","url":"https:\/\/abaa.mx\/tienda\/wp-content\/uploads\/2023\/09\/UTRID-16.png","contentUrl":"https:\/\/abaa.mx\/tienda\/wp-content\/uploads\/2023\/09\/UTRID-16.png","width":618,"height":618,"caption":"logtag-utrid-16"},{"@type":"BreadcrumbList","@id":"https:\/\/abaa.mx\/tienda\/logtag-utrid-16\/#breadcrumb","itemListElement":[{"@type":"ListItem","position":1,"name":"Inicio","item":"https:\/\/abaa.mx\/tienda\/"},{"@type":"ListItem","position":2,"name":"Tienda","item":"https:\/\/abaa.mx\/tienda\/"},{"@type":"ListItem","position":3,"name":"Logtag utrid-16"}]},{"@type":"WebSite","@id":"https:\/\/abaa.mx\/tienda\/#website","url":"https:\/\/abaa.mx\/tienda\/","name":"Abaa tienda online","description":"Instrumentos de medici\u00f3n","publisher":{"@id":"https:\/\/abaa.mx\/tienda\/#organization"},"potentialAction":[{"@type":"SearchAction","target":{"@type":"EntryPoint","urlTemplate":"https:\/\/abaa.mx\/tienda\/?s={search_term_string}"},"query-input":{"@type":"PropertyValueSpecification","valueRequired":true,"valueName":"search_term_string"}}],"inLanguage":"es"},{"@type":"Organization","@id":"https:\/\/abaa.mx\/tienda\/#organization","name":"Abaa tienda online","url":"https:\/\/abaa.mx\/tienda\/","logo":{"@type":"ImageObject","inLanguage":"es","@id":"https:\/\/abaa.mx\/tienda\/#\/schema\/logo\/image\/","url":"https:\/\/abaa.mx\/tienda\/wp-content\/uploads\/2024\/01\/abaa-metrologia-tienda.png","contentUrl":"https:\/\/abaa.mx\/tienda\/wp-content\/uploads\/2024\/01\/abaa-metrologia-tienda.png","width":300,"height":141,"caption":"Abaa tienda online"},"image":{"@id":"https:\/\/abaa.mx\/tienda\/#\/schema\/logo\/image\/"}}]}},"_links":{"self":[{"href":"https:\/\/abaa.mx\/tienda\/wp-json\/wp\/v2\/product\/1397","targetHints":{"allow":["GET"]}}],"collection":[{"href":"https:\/\/abaa.mx\/tienda\/wp-json\/wp\/v2\/product"}],"about":[{"href":"https:\/\/abaa.mx\/tienda\/wp-json\/wp\/v2\/types\/product"}],"replies":[{"embeddable":true,"href":"https:\/\/abaa.mx\/tienda\/wp-json\/wp\/v2\/comments?post=1397"}],"wp:featuredmedia":[{"embeddable":true,"href":"https:\/\/abaa.mx\/tienda\/wp-json\/wp\/v2\/media\/1405"}],"wp:attachment":[{"href":"https:\/\/abaa.mx\/tienda\/wp-json\/wp\/v2\/media?parent=1397"}],"wp:term":[{"taxonomy":"product_brand","embeddable":true,"href":"https:\/\/abaa.mx\/tienda\/wp-json\/wp\/v2\/product_brand?post=1397"},{"taxonomy":"product_cat","embeddable":true,"href":"https:\/\/abaa.mx\/tienda\/wp-json\/wp\/v2\/product_cat?post=1397"},{"taxonomy":"product_tag","embeddable":true,"href":"https:\/\/abaa.mx\/tienda\/wp-json\/wp\/v2\/product_tag?post=1397"}],"curies":[{"name":"wp","href":"https:\/\/api.w.org\/{rel}","templated":true}]}}