{"id":1394,"date":"2023-09-08T17:32:25","date_gmt":"2023-09-08T17:32:25","guid":{"rendered":"https:\/\/abaa.mx\/tienda\/?post_type=product&#038;p=1394"},"modified":"2023-09-08T17:32:26","modified_gmt":"2023-09-08T17:32:26","slug":"extech-tm100","status":"publish","type":"product","link":"https:\/\/abaa.mx\/tienda\/extech-tm100\/","title":{"rendered":"Extech tm100"},"content":{"rendered":"<p>Extech TM100: Tipo K \/ J Term\u00f3metro de entrada \u00fanica<br \/>\nTerm\u00f3metro de tama\u00f1o compacto con controles de bot\u00f3n lateral para una operaci\u00f3n conveniente con una sola mano<br \/>\nFunciones:<br \/>\nAmplio rango de temperatura: -328 a 2501 \u00b0F\/-200 a 1372 \u00b0C (Tipo K); -346 a 2012\u00b0F \/ -210 a 1100\u00b0C (Tipo J)<br \/>\nAlta resoluci\u00f3n de 0,1\u00b0\/1\u00b0<br \/>\nGran pantalla LCD retroiluminada, lectura en \u00b0F, \u00b0C o K (Kelvin)<br \/>\nLa funci\u00f3n de retenci\u00f3n de datos congela la lectura en la pantalla<br \/>\nLecturas m\u00e1ximas\/m\u00ednimas\/promedio con marca de tiempo relativa<br \/>\nTecla de desplazamiento utilizada para la funci\u00f3n cero para realizar mediciones relativas<br \/>\nApagado autom\u00e1tico con funci\u00f3n de desactivaci\u00f3n<br \/>\nCompleto con sonda de temperatura de alambre de perlas tipo K y bater\u00eda de 9V.<\/p>\n","protected":false},"excerpt":{"rendered":"<p>Extech TM100: Tipo K \/ J Term\u00f3metro de entrada \u00fanica<br \/>\nTerm\u00f3metro de tama\u00f1o compacto con controles de bot\u00f3n lateral para una operaci\u00f3n conveniente con una sola mano.<\/p>\n","protected":false},"featured_media":1395,"comment_status":"open","ping_status":"closed","template":"","meta":{"_joinchat":[]},"product_brand":[],"product_cat":[15],"product_tag":[],"class_list":{"0":"post-1394","1":"product","2":"type-product","3":"status-publish","4":"has-post-thumbnail","6":"product_cat-sin-categorizar","8":"first","9":"instock","10":"shipping-taxable","11":"product-type-simple"},"yoast_head":"<!-- This site is optimized with the Yoast SEO plugin v26.4 - https:\/\/yoast.com\/wordpress\/plugins\/seo\/ -->\n<title>Extech tm100 - Abaa tienda online<\/title>\n<meta name=\"robots\" content=\"index, follow, max-snippet:-1, max-image-preview:large, max-video-preview:-1\" \/>\n<link rel=\"canonical\" href=\"https:\/\/abaa.mx\/tienda\/extech-tm100\/\" \/>\n<meta property=\"og:locale\" content=\"es_MX\" \/>\n<meta property=\"og:type\" content=\"article\" \/>\n<meta property=\"og:title\" content=\"Extech tm100 - Abaa tienda online\" \/>\n<meta property=\"og:description\" content=\"Extech TM100: Tipo K \/ J Term\u00f3metro de entrada \u00fanica Term\u00f3metro de tama\u00f1o compacto con controles de bot\u00f3n lateral para una operaci\u00f3n conveniente con una sola mano.\" \/>\n<meta property=\"og:url\" content=\"https:\/\/abaa.mx\/tienda\/extech-tm100\/\" \/>\n<meta property=\"og:site_name\" content=\"Abaa tienda online\" \/>\n<meta property=\"article:modified_time\" content=\"2023-09-08T17:32:26+00:00\" \/>\n<meta property=\"og:image\" content=\"https:\/\/abaa.mx\/tienda\/wp-content\/uploads\/2023\/09\/extech-tm100-scaled.webp\" \/>\n\t<meta property=\"og:image:width\" content=\"1167\" \/>\n\t<meta property=\"og:image:height\" content=\"2560\" \/>\n\t<meta property=\"og:image:type\" content=\"image\/webp\" \/>\n<meta name=\"twitter:card\" content=\"summary_large_image\" \/>\n<meta name=\"twitter:label1\" content=\"Tiempo de lectura\" \/>\n\t<meta name=\"twitter:data1\" content=\"1 minuto\" \/>\n<script type=\"application\/ld+json\" class=\"yoast-schema-graph\">{\"@context\":\"https:\/\/schema.org\",\"@graph\":[{\"@type\":\"WebPage\",\"@id\":\"https:\/\/abaa.mx\/tienda\/extech-tm100\/\",\"url\":\"https:\/\/abaa.mx\/tienda\/extech-tm100\/\",\"name\":\"Extech tm100 - Abaa tienda online\",\"isPartOf\":{\"@id\":\"https:\/\/abaa.mx\/tienda\/#website\"},\"primaryImageOfPage\":{\"@id\":\"https:\/\/abaa.mx\/tienda\/extech-tm100\/#primaryimage\"},\"image\":{\"@id\":\"https:\/\/abaa.mx\/tienda\/extech-tm100\/#primaryimage\"},\"thumbnailUrl\":\"https:\/\/abaa.mx\/tienda\/wp-content\/uploads\/2023\/09\/extech-tm100-scaled.webp\",\"datePublished\":\"2023-09-08T17:32:25+00:00\",\"dateModified\":\"2023-09-08T17:32:26+00:00\",\"breadcrumb\":{\"@id\":\"https:\/\/abaa.mx\/tienda\/extech-tm100\/#breadcrumb\"},\"inLanguage\":\"es\",\"potentialAction\":[{\"@type\":\"ReadAction\",\"target\":[\"https:\/\/abaa.mx\/tienda\/extech-tm100\/\"]}]},{\"@type\":\"ImageObject\",\"inLanguage\":\"es\",\"@id\":\"https:\/\/abaa.mx\/tienda\/extech-tm100\/#primaryimage\",\"url\":\"https:\/\/abaa.mx\/tienda\/wp-content\/uploads\/2023\/09\/extech-tm100-scaled.webp\",\"contentUrl\":\"https:\/\/abaa.mx\/tienda\/wp-content\/uploads\/2023\/09\/extech-tm100-scaled.webp\",\"width\":1167,\"height\":2560,\"caption\":\"extech-tm100\"},{\"@type\":\"BreadcrumbList\",\"@id\":\"https:\/\/abaa.mx\/tienda\/extech-tm100\/#breadcrumb\",\"itemListElement\":[{\"@type\":\"ListItem\",\"position\":1,\"name\":\"Inicio\",\"item\":\"https:\/\/abaa.mx\/tienda\/\"},{\"@type\":\"ListItem\",\"position\":2,\"name\":\"Tienda\",\"item\":\"https:\/\/abaa.mx\/tienda\/\"},{\"@type\":\"ListItem\",\"position\":3,\"name\":\"Extech tm100\"}]},{\"@type\":\"WebSite\",\"@id\":\"https:\/\/abaa.mx\/tienda\/#website\",\"url\":\"https:\/\/abaa.mx\/tienda\/\",\"name\":\"Abaa tienda online\",\"description\":\"Instrumentos de medici\u00f3n\",\"publisher\":{\"@id\":\"https:\/\/abaa.mx\/tienda\/#organization\"},\"potentialAction\":[{\"@type\":\"SearchAction\",\"target\":{\"@type\":\"EntryPoint\",\"urlTemplate\":\"https:\/\/abaa.mx\/tienda\/?s={search_term_string}\"},\"query-input\":{\"@type\":\"PropertyValueSpecification\",\"valueRequired\":true,\"valueName\":\"search_term_string\"}}],\"inLanguage\":\"es\"},{\"@type\":\"Organization\",\"@id\":\"https:\/\/abaa.mx\/tienda\/#organization\",\"name\":\"Abaa tienda online\",\"url\":\"https:\/\/abaa.mx\/tienda\/\",\"logo\":{\"@type\":\"ImageObject\",\"inLanguage\":\"es\",\"@id\":\"https:\/\/abaa.mx\/tienda\/#\/schema\/logo\/image\/\",\"url\":\"https:\/\/abaa.mx\/tienda\/wp-content\/uploads\/2024\/01\/abaa-metrologia-tienda.png\",\"contentUrl\":\"https:\/\/abaa.mx\/tienda\/wp-content\/uploads\/2024\/01\/abaa-metrologia-tienda.png\",\"width\":300,\"height\":141,\"caption\":\"Abaa tienda online\"},\"image\":{\"@id\":\"https:\/\/abaa.mx\/tienda\/#\/schema\/logo\/image\/\"}}]}<\/script>\n<!-- \/ Yoast SEO plugin. -->","yoast_head_json":{"title":"Extech tm100 - Abaa tienda online","robots":{"index":"index","follow":"follow","max-snippet":"max-snippet:-1","max-image-preview":"max-image-preview:large","max-video-preview":"max-video-preview:-1"},"canonical":"https:\/\/abaa.mx\/tienda\/extech-tm100\/","og_locale":"es_MX","og_type":"article","og_title":"Extech tm100 - Abaa tienda online","og_description":"Extech TM100: Tipo K \/ J Term\u00f3metro de entrada \u00fanica Term\u00f3metro de tama\u00f1o compacto con controles de bot\u00f3n lateral para una operaci\u00f3n conveniente con una sola mano.","og_url":"https:\/\/abaa.mx\/tienda\/extech-tm100\/","og_site_name":"Abaa tienda online","article_modified_time":"2023-09-08T17:32:26+00:00","og_image":[{"width":1167,"height":2560,"url":"https:\/\/abaa.mx\/tienda\/wp-content\/uploads\/2023\/09\/extech-tm100-scaled.webp","type":"image\/webp"}],"twitter_card":"summary_large_image","twitter_misc":{"Tiempo de lectura":"1 minuto"},"schema":{"@context":"https:\/\/schema.org","@graph":[{"@type":"WebPage","@id":"https:\/\/abaa.mx\/tienda\/extech-tm100\/","url":"https:\/\/abaa.mx\/tienda\/extech-tm100\/","name":"Extech tm100 - Abaa tienda online","isPartOf":{"@id":"https:\/\/abaa.mx\/tienda\/#website"},"primaryImageOfPage":{"@id":"https:\/\/abaa.mx\/tienda\/extech-tm100\/#primaryimage"},"image":{"@id":"https:\/\/abaa.mx\/tienda\/extech-tm100\/#primaryimage"},"thumbnailUrl":"https:\/\/abaa.mx\/tienda\/wp-content\/uploads\/2023\/09\/extech-tm100-scaled.webp","datePublished":"2023-09-08T17:32:25+00:00","dateModified":"2023-09-08T17:32:26+00:00","breadcrumb":{"@id":"https:\/\/abaa.mx\/tienda\/extech-tm100\/#breadcrumb"},"inLanguage":"es","potentialAction":[{"@type":"ReadAction","target":["https:\/\/abaa.mx\/tienda\/extech-tm100\/"]}]},{"@type":"ImageObject","inLanguage":"es","@id":"https:\/\/abaa.mx\/tienda\/extech-tm100\/#primaryimage","url":"https:\/\/abaa.mx\/tienda\/wp-content\/uploads\/2023\/09\/extech-tm100-scaled.webp","contentUrl":"https:\/\/abaa.mx\/tienda\/wp-content\/uploads\/2023\/09\/extech-tm100-scaled.webp","width":1167,"height":2560,"caption":"extech-tm100"},{"@type":"BreadcrumbList","@id":"https:\/\/abaa.mx\/tienda\/extech-tm100\/#breadcrumb","itemListElement":[{"@type":"ListItem","position":1,"name":"Inicio","item":"https:\/\/abaa.mx\/tienda\/"},{"@type":"ListItem","position":2,"name":"Tienda","item":"https:\/\/abaa.mx\/tienda\/"},{"@type":"ListItem","position":3,"name":"Extech tm100"}]},{"@type":"WebSite","@id":"https:\/\/abaa.mx\/tienda\/#website","url":"https:\/\/abaa.mx\/tienda\/","name":"Abaa tienda online","description":"Instrumentos de medici\u00f3n","publisher":{"@id":"https:\/\/abaa.mx\/tienda\/#organization"},"potentialAction":[{"@type":"SearchAction","target":{"@type":"EntryPoint","urlTemplate":"https:\/\/abaa.mx\/tienda\/?s={search_term_string}"},"query-input":{"@type":"PropertyValueSpecification","valueRequired":true,"valueName":"search_term_string"}}],"inLanguage":"es"},{"@type":"Organization","@id":"https:\/\/abaa.mx\/tienda\/#organization","name":"Abaa tienda online","url":"https:\/\/abaa.mx\/tienda\/","logo":{"@type":"ImageObject","inLanguage":"es","@id":"https:\/\/abaa.mx\/tienda\/#\/schema\/logo\/image\/","url":"https:\/\/abaa.mx\/tienda\/wp-content\/uploads\/2024\/01\/abaa-metrologia-tienda.png","contentUrl":"https:\/\/abaa.mx\/tienda\/wp-content\/uploads\/2024\/01\/abaa-metrologia-tienda.png","width":300,"height":141,"caption":"Abaa tienda online"},"image":{"@id":"https:\/\/abaa.mx\/tienda\/#\/schema\/logo\/image\/"}}]}},"_links":{"self":[{"href":"https:\/\/abaa.mx\/tienda\/wp-json\/wp\/v2\/product\/1394","targetHints":{"allow":["GET"]}}],"collection":[{"href":"https:\/\/abaa.mx\/tienda\/wp-json\/wp\/v2\/product"}],"about":[{"href":"https:\/\/abaa.mx\/tienda\/wp-json\/wp\/v2\/types\/product"}],"replies":[{"embeddable":true,"href":"https:\/\/abaa.mx\/tienda\/wp-json\/wp\/v2\/comments?post=1394"}],"wp:featuredmedia":[{"embeddable":true,"href":"https:\/\/abaa.mx\/tienda\/wp-json\/wp\/v2\/media\/1395"}],"wp:attachment":[{"href":"https:\/\/abaa.mx\/tienda\/wp-json\/wp\/v2\/media?parent=1394"}],"wp:term":[{"taxonomy":"product_brand","embeddable":true,"href":"https:\/\/abaa.mx\/tienda\/wp-json\/wp\/v2\/product_brand?post=1394"},{"taxonomy":"product_cat","embeddable":true,"href":"https:\/\/abaa.mx\/tienda\/wp-json\/wp\/v2\/product_cat?post=1394"},{"taxonomy":"product_tag","embeddable":true,"href":"https:\/\/abaa.mx\/tienda\/wp-json\/wp\/v2\/product_tag?post=1394"}],"curies":[{"name":"wp","href":"https:\/\/api.w.org\/{rel}","templated":true}]}}