{"id":1392,"date":"2023-09-08T17:34:05","date_gmt":"2023-09-08T17:34:05","guid":{"rendered":"https:\/\/abaa.mx\/tienda\/?post_type=product&#038;p=1392"},"modified":"2023-11-24T15:51:40","modified_gmt":"2023-11-24T15:51:40","slug":"logtagusrid-16w","status":"publish","type":"product","link":"https:\/\/abaa.mx\/tienda\/logtagusrid-16w\/","title":{"rendered":"Logtagusrid-16w"},"content":{"rendered":"<p><span style=\"font-family: NonBreakingSpaceOverride, 'Hoefler Text', Garamond, 'Times New Roman', serif; letter-spacing: normal; font-size: 21px;\">El rango LogTag USRID-16W mide y almacena 40 d\u00edas de lecturas de temperatura en tiempo real en un rango de medici\u00f3n de -30 \u00b0C a +60 \u00b0C, y est\u00e1 precalificado para los est\u00e1ndares PQS E006 de la Organizaci\u00f3n Mundial de la Salud (OMS). <\/span>La pantalla muestra el estado de alarma de hasta 3 alarmas configuradas seg\u00fan los requisitos de la OMS. Se conecta directamente al USB de la computadora para facilitar la descarga de datos. Tras la descarga, genera autom\u00e1ticamente un informe PDF completamente detallado con la opci\u00f3n de descargar los datos utilizando el software LogTag Analyzer disponible gratuitamente para un an\u00e1lisis m\u00e1s detallado.<\/p>\n<p>&nbsp;<\/p>\n<h5>Caracter\u00edsticas<strong>:<\/strong><\/h5>\n<div class=\"row\">\n<div class=\"col-md-8\">\n<ul>\n<li>Precalificado conforme a la especificaci\u00f3n PQS de la OMS E006 Dispositivos de monitoreo de temperatura.<\/li>\n<li>Registra temperaturas de -30 \u00b0C a +60 \u00b0C.<\/li>\n<li>Almacena 40 d\u00edas de datos de registros de temperatura, configurados de f\u00e1brica con un intervalo de registro de 5 minutos. Messintervall von 5 Minuten auf &#8211; werksseitig bereits voreingestellt..<\/li>\n<li>Las inspecciones en tr\u00e1nsito se pueden registrar con solo presionar un bot\u00f3n.<\/li>\n<li>La bater\u00eda fija proporciona 18 meses de almacenamiento, seguidos de 40 d\u00edas de uso normal.<\/li>\n<li>Pantalla que muestra la temperatura y el estado de alarma de hasta tres alarmas.<\/li>\n<li>Generaci\u00f3n autom\u00e1tica de un informe PDF, CSV, LTD sin software especial.<\/li>\n<li>Conector USB integral: no se requiere una base de interfaz separada.<\/li>\n<\/ul>\n<\/div>\n<\/div>\n<p>&nbsp;<\/p>\n<h4>Especificaciones T\u00e9cnicas:<\/h4>\n<div class=\"row\">\n<div class=\"col-md-8\">\n<table class=\"table\">\n<colgroup>\n<col width=\"50%\" \/>\n<col width=\"50%\" \/><\/colgroup>\n<tbody>\n<tr>\n<td>Modelos de productos<\/td>\n<td>USRID-16WC<br \/>\nUSRID-16WA\/B<\/td>\n<\/tr>\n<tr>\n<td>Rango de medici\u00f3n del sensor<\/td>\n<td>De -30 \u00b0C a +60 \u00b0C<\/td>\n<\/tr>\n<tr>\n<td>Rango de temperatura de funcionamiento<\/td>\n<td>De -30 \u00b0C a +60 \u00b0C<\/td>\n<\/tr>\n<tr>\n<td>Rango de temperatura de almacenamiento<\/td>\n<td>-30 \u00b0C a +55 \u00b0C con el dispositivo desactivado<\/td>\n<\/tr>\n<tr>\n<td>Precisi\u00f3n de lectura de temperatura nominal<\/td>\n<td>Mejor que \u00b10.5\u00b0 C para -5 \u00b0C a +30 \u00b0C Mejor que \u00b10.8 \u00b0C o mejor para -30 \u00b0C a +60 \u00b0C<\/p>\n<p>El rendimiento real suele ser mucho mejor que los valores nominales. Las cifras de precisi\u00f3n se pueden mejorar mediante la recalibraci\u00f3n.<\/td>\n<\/tr>\n<tr>\n<td>Resoluci\u00f3n de lectura de temperatura nominal<\/td>\n<td>Mejor que 0.1 \u00b0C entre -20 \u00b0C y +55 \u00b0C LogTag Analyzer se muestra actualmente con un decimal de \u00b0C<br \/>\n. La resoluci\u00f3n nativa es lo que se almacena en el LogTag.<\/td>\n<\/tr>\n<tr>\n<td>Tiempo de reacci\u00f3n del sensor<\/td>\n<td>Normalmente menos de 7 minutos (T90) en aire en movimiento (1 m\/s)<\/td>\n<\/tr>\n<tr>\n<td>Capacidad de grabaci\u00f3n<\/td>\n<td>11.520 lecturas de temperatura (40 d\u00edas con 5 minutos de registro)<\/td>\n<\/tr>\n<tr>\n<td>Intervalo de muestreo<\/td>\n<td>Ajuste de f\u00e1brica en 5 minutos (no modificable)<\/td>\n<\/tr>\n<tr>\n<td>Opciones de inicio de registro<\/td>\n<td>Inicio con bot\u00f3n pulsador<\/td>\n<\/tr>\n<tr>\n<td>Opciones de detenci\u00f3n de registro<\/td>\n<td>Bot\u00f3n de parada. Det\u00e9ngase despu\u00e9s de que el registrador haya completado 11,520 grabaciones (40 d\u00edas en un registro de 5 minutos).<\/td>\n<\/tr>\n<tr>\n<td>Alarmas<\/td>\n<td>3 alarmas configuradas seg\u00fan los requisitos de la OMS<\/td>\n<\/tr>\n<tr>\n<td>Tiempo de descarga<\/td>\n<td>Normalmente con memoria completa en menos de 20 segundos desde el momento de la inserci\u00f3n hasta la disponibilidad del informe PDF. Normalmente menos de 10 segundos desde el momento de la inserci\u00f3n hasta la disponibilidad del archivo LTD en LogTag Analyzer 3.<\/td>\n<\/tr>\n<tr>\n<td>Medioambiental<\/td>\n<td>Clasificaci\u00f3n de ingreso: IP65 con tapa USB instalada. Choque y vibraci\u00f3n: La unidad debe pasar un nivel relevante de choque y vibraci\u00f3n basado en los requisitos de la especificaci\u00f3n del registrador de datos E006 \/ TR07.3. Resistencia ambiental: Las etiquetas y los pl\u00e1sticos deben ser resistentes a una variedad de productos qu\u00edmicos y UV, incluido el alcohol para frotar y el combustible de gasolina.<\/td>\n<\/tr>\n<tr>\n<td>Fuente de alimentaci\u00f3n<\/td>\n<td>Bater\u00eda CR2032 3V LiMnO2 (no reemplazable).<\/td>\n<\/tr>\n<tr>\n<td>Duraci\u00f3n de la bater\u00eda<\/td>\n<td>Vida \u00fatil m\u00ednima de almacenamiento de 18 meses antes del &#8220;inicio&#8221;. Periodo de seguimiento: 40 d\u00edas. Per\u00edodo m\u00ednimo de accesibilidad (visualizaci\u00f3n) de 6 meses despu\u00e9s de &#8220;detenerse&#8221;.<\/td>\n<\/tr>\n<tr>\n<td>Reloj en tiempo real<\/td>\n<td>Reloj en tiempo real incorporado. Precisi\u00f3n nominal \u00b125 ppm @ 25 \u00b0C (equivalente a 2,5 segundos\/d\u00eda). El coeficiente de temperatura nominal es -0.034 \u00b10.006 ppm\/\u00b0C (es decir, t\u00edpicamente +\/- 0.00294 segundos\/d\u00eda\/\u00b0C)<\/td>\n<\/tr>\n<tr>\n<td>Interfaz de conexi\u00f3n<\/td>\n<td>USB 2.0, enchufe tipo A.<\/td>\n<\/tr>\n<tr>\n<td>Software<\/td>\n<td>PDF Reader, LogTag Analyzer 3 o superior<\/td>\n<\/tr>\n<tr>\n<td>Tama\u00f1o<\/td>\n<td>93 mm (alto) x 54,5 mm (ancho) x 8,6 mm (t), incluida la tapa USB protectora<\/td>\n<\/tr>\n<tr>\n<td>Peso<\/td>\n<td>39%<\/td>\n<\/tr>\n<tr>\n<td>Material de la caja<\/td>\n<td>Policarbonato<\/td>\n<\/tr>\n<\/tbody>\n<\/table>\n<\/div>\n<\/div>\n","protected":false},"excerpt":{"rendered":"<p><span style=\"font-size: 16px;\">El rango LogTag USRID-16W mide y almacena 40 d\u00edas de lecturas de temperatura en tiempo real en un rango de medici\u00f3n de -30 \u00b0C a +60 \u00b0C, y est\u00e1 precalificado para los est\u00e1ndares PQS E006 de la Organizaci\u00f3n Mundial de la Salud (OMS).<\/span><\/p>\n<div class=\"row\">\n<div class=\"col-md-8\">\n<p>&nbsp;<\/p>\n<\/div>\n<\/div>\n","protected":false},"featured_media":1396,"comment_status":"open","ping_status":"closed","template":"","meta":{"_joinchat":[]},"product_brand":[],"product_cat":[15],"product_tag":[],"class_list":{"0":"post-1392","1":"product","2":"type-product","3":"status-publish","4":"has-post-thumbnail","6":"product_cat-sin-categorizar","8":"first","9":"instock","10":"shipping-taxable","11":"product-type-simple"},"yoast_head":"<!-- This site is optimized with the Yoast SEO plugin v26.4 - https:\/\/yoast.com\/wordpress\/plugins\/seo\/ -->\n<title>Logtagusrid-16w - Abaa tienda online<\/title>\n<meta name=\"robots\" content=\"index, follow, max-snippet:-1, max-image-preview:large, max-video-preview:-1\" \/>\n<link rel=\"canonical\" href=\"https:\/\/abaa.mx\/tienda\/logtagusrid-16w\/\" \/>\n<meta property=\"og:locale\" content=\"es_MX\" \/>\n<meta property=\"og:type\" content=\"article\" \/>\n<meta property=\"og:title\" content=\"Logtagusrid-16w - Abaa tienda online\" \/>\n<meta property=\"og:description\" content=\"El rango LogTag USRID-16W mide y almacena 40 d\u00edas de lecturas de temperatura en tiempo real en un rango de medici\u00f3n de -30 \u00b0C a +60 \u00b0C, y est\u00e1 precalificado para los est\u00e1ndares PQS E006 de la Organizaci\u00f3n Mundial de la Salud (OMS).    &nbsp;\" \/>\n<meta property=\"og:url\" content=\"https:\/\/abaa.mx\/tienda\/logtagusrid-16w\/\" \/>\n<meta property=\"og:site_name\" content=\"Abaa tienda online\" \/>\n<meta property=\"article:modified_time\" content=\"2023-11-24T15:51:40+00:00\" \/>\n<meta property=\"og:image\" content=\"https:\/\/abaa.mx\/tienda\/wp-content\/uploads\/2023\/09\/USRID-16W1.jpg\" \/>\n\t<meta property=\"og:image:width\" content=\"500\" \/>\n\t<meta property=\"og:image:height\" content=\"500\" \/>\n\t<meta property=\"og:image:type\" content=\"image\/jpeg\" \/>\n<meta name=\"twitter:card\" content=\"summary_large_image\" \/>\n<meta name=\"twitter:label1\" content=\"Tiempo de lectura\" \/>\n\t<meta name=\"twitter:data1\" content=\"4 minutos\" \/>\n<script type=\"application\/ld+json\" class=\"yoast-schema-graph\">{\"@context\":\"https:\/\/schema.org\",\"@graph\":[{\"@type\":\"WebPage\",\"@id\":\"https:\/\/abaa.mx\/tienda\/logtagusrid-16w\/\",\"url\":\"https:\/\/abaa.mx\/tienda\/logtagusrid-16w\/\",\"name\":\"Logtagusrid-16w - Abaa tienda online\",\"isPartOf\":{\"@id\":\"https:\/\/abaa.mx\/tienda\/#website\"},\"primaryImageOfPage\":{\"@id\":\"https:\/\/abaa.mx\/tienda\/logtagusrid-16w\/#primaryimage\"},\"image\":{\"@id\":\"https:\/\/abaa.mx\/tienda\/logtagusrid-16w\/#primaryimage\"},\"thumbnailUrl\":\"https:\/\/abaa.mx\/tienda\/wp-content\/uploads\/2023\/09\/USRID-16W1.jpg\",\"datePublished\":\"2023-09-08T17:34:05+00:00\",\"dateModified\":\"2023-11-24T15:51:40+00:00\",\"breadcrumb\":{\"@id\":\"https:\/\/abaa.mx\/tienda\/logtagusrid-16w\/#breadcrumb\"},\"inLanguage\":\"es\",\"potentialAction\":[{\"@type\":\"ReadAction\",\"target\":[\"https:\/\/abaa.mx\/tienda\/logtagusrid-16w\/\"]}]},{\"@type\":\"ImageObject\",\"inLanguage\":\"es\",\"@id\":\"https:\/\/abaa.mx\/tienda\/logtagusrid-16w\/#primaryimage\",\"url\":\"https:\/\/abaa.mx\/tienda\/wp-content\/uploads\/2023\/09\/USRID-16W1.jpg\",\"contentUrl\":\"https:\/\/abaa.mx\/tienda\/wp-content\/uploads\/2023\/09\/USRID-16W1.jpg\",\"width\":500,\"height\":500,\"caption\":\"logtagusrid-16w\"},{\"@type\":\"BreadcrumbList\",\"@id\":\"https:\/\/abaa.mx\/tienda\/logtagusrid-16w\/#breadcrumb\",\"itemListElement\":[{\"@type\":\"ListItem\",\"position\":1,\"name\":\"Inicio\",\"item\":\"https:\/\/abaa.mx\/tienda\/\"},{\"@type\":\"ListItem\",\"position\":2,\"name\":\"Tienda\",\"item\":\"https:\/\/abaa.mx\/tienda\/\"},{\"@type\":\"ListItem\",\"position\":3,\"name\":\"Logtagusrid-16w\"}]},{\"@type\":\"WebSite\",\"@id\":\"https:\/\/abaa.mx\/tienda\/#website\",\"url\":\"https:\/\/abaa.mx\/tienda\/\",\"name\":\"Abaa tienda online\",\"description\":\"Instrumentos de medici\u00f3n\",\"publisher\":{\"@id\":\"https:\/\/abaa.mx\/tienda\/#organization\"},\"potentialAction\":[{\"@type\":\"SearchAction\",\"target\":{\"@type\":\"EntryPoint\",\"urlTemplate\":\"https:\/\/abaa.mx\/tienda\/?s={search_term_string}\"},\"query-input\":{\"@type\":\"PropertyValueSpecification\",\"valueRequired\":true,\"valueName\":\"search_term_string\"}}],\"inLanguage\":\"es\"},{\"@type\":\"Organization\",\"@id\":\"https:\/\/abaa.mx\/tienda\/#organization\",\"name\":\"Abaa tienda online\",\"url\":\"https:\/\/abaa.mx\/tienda\/\",\"logo\":{\"@type\":\"ImageObject\",\"inLanguage\":\"es\",\"@id\":\"https:\/\/abaa.mx\/tienda\/#\/schema\/logo\/image\/\",\"url\":\"https:\/\/abaa.mx\/tienda\/wp-content\/uploads\/2024\/01\/abaa-metrologia-tienda.png\",\"contentUrl\":\"https:\/\/abaa.mx\/tienda\/wp-content\/uploads\/2024\/01\/abaa-metrologia-tienda.png\",\"width\":300,\"height\":141,\"caption\":\"Abaa tienda online\"},\"image\":{\"@id\":\"https:\/\/abaa.mx\/tienda\/#\/schema\/logo\/image\/\"}}]}<\/script>\n<!-- \/ Yoast SEO plugin. -->","yoast_head_json":{"title":"Logtagusrid-16w - Abaa tienda online","robots":{"index":"index","follow":"follow","max-snippet":"max-snippet:-1","max-image-preview":"max-image-preview:large","max-video-preview":"max-video-preview:-1"},"canonical":"https:\/\/abaa.mx\/tienda\/logtagusrid-16w\/","og_locale":"es_MX","og_type":"article","og_title":"Logtagusrid-16w - Abaa tienda online","og_description":"El rango LogTag USRID-16W mide y almacena 40 d\u00edas de lecturas de temperatura en tiempo real en un rango de medici\u00f3n de -30 \u00b0C a +60 \u00b0C, y est\u00e1 precalificado para los est\u00e1ndares PQS E006 de la Organizaci\u00f3n Mundial de la Salud (OMS).    &nbsp;","og_url":"https:\/\/abaa.mx\/tienda\/logtagusrid-16w\/","og_site_name":"Abaa tienda online","article_modified_time":"2023-11-24T15:51:40+00:00","og_image":[{"width":500,"height":500,"url":"https:\/\/abaa.mx\/tienda\/wp-content\/uploads\/2023\/09\/USRID-16W1.jpg","type":"image\/jpeg"}],"twitter_card":"summary_large_image","twitter_misc":{"Tiempo de lectura":"4 minutos"},"schema":{"@context":"https:\/\/schema.org","@graph":[{"@type":"WebPage","@id":"https:\/\/abaa.mx\/tienda\/logtagusrid-16w\/","url":"https:\/\/abaa.mx\/tienda\/logtagusrid-16w\/","name":"Logtagusrid-16w - Abaa tienda online","isPartOf":{"@id":"https:\/\/abaa.mx\/tienda\/#website"},"primaryImageOfPage":{"@id":"https:\/\/abaa.mx\/tienda\/logtagusrid-16w\/#primaryimage"},"image":{"@id":"https:\/\/abaa.mx\/tienda\/logtagusrid-16w\/#primaryimage"},"thumbnailUrl":"https:\/\/abaa.mx\/tienda\/wp-content\/uploads\/2023\/09\/USRID-16W1.jpg","datePublished":"2023-09-08T17:34:05+00:00","dateModified":"2023-11-24T15:51:40+00:00","breadcrumb":{"@id":"https:\/\/abaa.mx\/tienda\/logtagusrid-16w\/#breadcrumb"},"inLanguage":"es","potentialAction":[{"@type":"ReadAction","target":["https:\/\/abaa.mx\/tienda\/logtagusrid-16w\/"]}]},{"@type":"ImageObject","inLanguage":"es","@id":"https:\/\/abaa.mx\/tienda\/logtagusrid-16w\/#primaryimage","url":"https:\/\/abaa.mx\/tienda\/wp-content\/uploads\/2023\/09\/USRID-16W1.jpg","contentUrl":"https:\/\/abaa.mx\/tienda\/wp-content\/uploads\/2023\/09\/USRID-16W1.jpg","width":500,"height":500,"caption":"logtagusrid-16w"},{"@type":"BreadcrumbList","@id":"https:\/\/abaa.mx\/tienda\/logtagusrid-16w\/#breadcrumb","itemListElement":[{"@type":"ListItem","position":1,"name":"Inicio","item":"https:\/\/abaa.mx\/tienda\/"},{"@type":"ListItem","position":2,"name":"Tienda","item":"https:\/\/abaa.mx\/tienda\/"},{"@type":"ListItem","position":3,"name":"Logtagusrid-16w"}]},{"@type":"WebSite","@id":"https:\/\/abaa.mx\/tienda\/#website","url":"https:\/\/abaa.mx\/tienda\/","name":"Abaa tienda online","description":"Instrumentos de medici\u00f3n","publisher":{"@id":"https:\/\/abaa.mx\/tienda\/#organization"},"potentialAction":[{"@type":"SearchAction","target":{"@type":"EntryPoint","urlTemplate":"https:\/\/abaa.mx\/tienda\/?s={search_term_string}"},"query-input":{"@type":"PropertyValueSpecification","valueRequired":true,"valueName":"search_term_string"}}],"inLanguage":"es"},{"@type":"Organization","@id":"https:\/\/abaa.mx\/tienda\/#organization","name":"Abaa tienda online","url":"https:\/\/abaa.mx\/tienda\/","logo":{"@type":"ImageObject","inLanguage":"es","@id":"https:\/\/abaa.mx\/tienda\/#\/schema\/logo\/image\/","url":"https:\/\/abaa.mx\/tienda\/wp-content\/uploads\/2024\/01\/abaa-metrologia-tienda.png","contentUrl":"https:\/\/abaa.mx\/tienda\/wp-content\/uploads\/2024\/01\/abaa-metrologia-tienda.png","width":300,"height":141,"caption":"Abaa tienda online"},"image":{"@id":"https:\/\/abaa.mx\/tienda\/#\/schema\/logo\/image\/"}}]}},"_links":{"self":[{"href":"https:\/\/abaa.mx\/tienda\/wp-json\/wp\/v2\/product\/1392","targetHints":{"allow":["GET"]}}],"collection":[{"href":"https:\/\/abaa.mx\/tienda\/wp-json\/wp\/v2\/product"}],"about":[{"href":"https:\/\/abaa.mx\/tienda\/wp-json\/wp\/v2\/types\/product"}],"replies":[{"embeddable":true,"href":"https:\/\/abaa.mx\/tienda\/wp-json\/wp\/v2\/comments?post=1392"}],"wp:featuredmedia":[{"embeddable":true,"href":"https:\/\/abaa.mx\/tienda\/wp-json\/wp\/v2\/media\/1396"}],"wp:attachment":[{"href":"https:\/\/abaa.mx\/tienda\/wp-json\/wp\/v2\/media?parent=1392"}],"wp:term":[{"taxonomy":"product_brand","embeddable":true,"href":"https:\/\/abaa.mx\/tienda\/wp-json\/wp\/v2\/product_brand?post=1392"},{"taxonomy":"product_cat","embeddable":true,"href":"https:\/\/abaa.mx\/tienda\/wp-json\/wp\/v2\/product_cat?post=1392"},{"taxonomy":"product_tag","embeddable":true,"href":"https:\/\/abaa.mx\/tienda\/wp-json\/wp\/v2\/product_tag?post=1392"}],"curies":[{"name":"wp","href":"https:\/\/api.w.org\/{rel}","templated":true}]}}