{"id":1385,"date":"2023-09-08T17:21:33","date_gmt":"2023-09-08T17:21:33","guid":{"rendered":"https:\/\/abaa.mx\/tienda\/?post_type=product&#038;p=1385"},"modified":"2023-11-24T15:54:19","modified_gmt":"2023-11-24T15:54:19","slug":"logtag-usrid-16","status":"publish","type":"product","link":"https:\/\/abaa.mx\/tienda\/logtag-usrid-16\/","title":{"rendered":"Logtag usrid-16"},"content":{"rendered":"<p>LogTagUSRID-16 mide y almacena lecturas de temperatura en tiempo real en un rango de medici\u00f3n de -30 \u00b0C a +60 \u00b0C.El USRID-16 combina todas las caracter\u00edsticas de un registrador de temperatura avanzado con una memoria de registro de 16,000, con una vida \u00fatil de hasta dos a\u00f1os antes de la configuraci\u00f3n (en modo de hibernaci\u00f3n est\u00e1ndar) y una vida \u00fatil de 6 meses en un paquete robusto y econ\u00f3mico. La pantalla est\u00e1 dise\u00f1ada para mostrar &#8220;de un vistazo&#8221; si ha habido una excursi\u00f3n de temperatura.<br \/>\nEl USRID-16 se conecta directamente al USB de la computadora para una f\u00e1cil configuraci\u00f3n por parte del usuario para una amplia gama de condiciones de grabaci\u00f3n y alerta para una alarma superior e inferior.<br \/>\nTras la descarga, genera autom\u00e1ticamente un informe PDF completamente detallado con la opci\u00f3n de descargar los datos utilizando el software LogTag Analyzer disponible gratuitamente para un an\u00e1lisis m\u00e1s detallado.<\/p>\n<p>&nbsp;<\/p>\n<p><strong>Caracter\u00edsticas:\u00a0<\/strong><\/p>\n<ul class=\"highlights bullet\">\n<li>Adecuado para m\u00faltiples receptores independientes, ensayos cl\u00ednicos y distribuci\u00f3n de \u00faltima milla.<\/li>\n<li>Conector USB integral: no se requiere una base de interfaz separada.<\/li>\n<li>Pantalla LCD f\u00e1cil de leer con s\u00edmbolo grande \u2714 o \u2716 para una f\u00e1cil inspecci\u00f3n &#8220;de un vistazo&#8221;.<\/li>\n<li>Genera autom\u00e1ticamente un informe PDF, sin necesidad de software especial.<\/li>\n<li>Opciones de personalizaci\u00f3n completas que incluyen configuraci\u00f3n de alertas, intervalo de muestra y duraci\u00f3n del viaje.<\/li>\n<li>Genera autom\u00e1ticamente un archivo de datos LogTag cifrado para un an\u00e1lisis m\u00e1s detallado.<\/li>\n<li>Hasta 16.000 grabaciones, suficientes para el viaje m\u00e1s largo.<\/li>\n<li>Bot\u00f3n de pulsar para iniciar con retardo opcional o una hora y fecha espec\u00edficas.<\/li>\n<\/ul>\n<p>&nbsp;<\/p>\n<h4>Especificaciones T\u00e9cnicas:<\/h4>\n<table class=\"table table-bordered table-condensed\">\n<colgroup>\n<col width=\"50%\" \/>\n<col width=\"50%\" \/><\/colgroup>\n<tbody>\n<tr>\n<td width=\"50%\">Modelo de producto<\/td>\n<td width=\"50%\">USRID-16<\/td>\n<\/tr>\n<tr>\n<td>Rango de medici\u00f3n del sensor<\/td>\n<td>De -30 \u00b0C a +60 \u00b0C<\/td>\n<\/tr>\n<tr>\n<td>Rango de temperatura de funcionamiento<\/td>\n<td>De -30 \u00b0C a +60 \u00b0C<\/td>\n<\/tr>\n<tr>\n<td>Rango de temperatura de almacenamiento<\/td>\n<td>De 0 \u00b0C a +40 \u00b0C<\/td>\n<\/tr>\n<tr>\n<td>Precisi\u00f3n de lectura de temperatura<br \/>\nnominal<\/td>\n<td>Mejor que \u00b10.5 \u00b0C para -5 \u00b0C a +30 \u00b0C \u00b10.8 \u00b0C<br \/>\no mejor para mediciones en otras \u00e1reas del rango<br \/>\nnominal El rendimiento real suele ser mucho mejor que los valores nominales. Consulte la tabla de precisi\u00f3n absoluta clasificada anterior.<br \/>\nLas cifras de precisi\u00f3n se pueden mejorar mediante la recalibraci\u00f3n.<\/td>\n<\/tr>\n<tr>\n<td>Resoluci\u00f3n de lectura de temperatura<br \/>\nnominal<\/td>\n<td>Mejor que 0.1 \u00b0C<br \/>\nConsulte la tabla de resoluci\u00f3n nativa clasificada anterior.<br \/>\nLogTag Analyzer actualmente se muestra con un decimal de \u00b0C. La resoluci\u00f3n nativa es lo que se almacena en el LogTag.<\/td>\n<\/tr>\n<tr>\n<td>Tiempo de reacci\u00f3n del sensor<\/td>\n<td>Normalmente menos de 7 minutos (T90) en aire en movimiento (1 m\/s).<\/td>\n<\/tr>\n<tr>\n<td>Capacidad de grabaci\u00f3n<\/td>\n<td>16129 lecturas de temperatura. 56 d\u00edas @ 5min registro<\/td>\n<\/tr>\n<tr>\n<td>Intervalo de muestreo<\/td>\n<td>Configurable desde 30 segundos hasta 18 horas.<\/td>\n<\/tr>\n<tr>\n<td>Opciones de inicio de registro<\/td>\n<td>Inicio con bot\u00f3n pulsador o fecha y hora espec\u00edficas. Retraso de inicio opcional de 1 minuto a 72 horas.<\/td>\n<\/tr>\n<tr>\n<td>Indicaci\u00f3n de grabaci\u00f3n<\/td>\n<td>S\u00edmbolo &#8216;REC&#8217; en pantalla.<\/td>\n<\/tr>\n<tr>\n<td>Alarmas<\/td>\n<td>1 alarma superior y 1 inferior.<\/td>\n<\/tr>\n<tr>\n<td>Tiempo de descarga<\/td>\n<td>Normalmente con memoria completa (16.129 lecturas) en menos de 20 segundos desde el momento de la inserci\u00f3n hasta la disponibilidad del informe PDF.<br \/>\nNormalmente, menos de 10 segundos desde el momento de la inserci\u00f3n hasta la disponibilidad del archivo LTD en LogTag Analyzer (si est\u00e1 configurado).<\/td>\n<\/tr>\n<tr>\n<td>Medioambiental<\/td>\n<td>IEC 60529: IP64 con tapa USB instalada.<\/td>\n<\/tr>\n<tr>\n<td>Fuente de alimentaci\u00f3n<\/td>\n<td>Bater\u00eda fija CR2032 no reemplazable.<\/td>\n<\/tr>\n<tr>\n<td>Duraci\u00f3n de la bater\u00eda<\/td>\n<td>Per\u00edodo de validez de hasta dos a\u00f1os antes de la configuraci\u00f3n (en modo de hibernaci\u00f3n est\u00e1ndar). Seis meses de vida \u00fatil desde el momento de la configuraci\u00f3n.<\/td>\n<\/tr>\n<tr>\n<td>Reloj en tiempo real<\/td>\n<td>Reloj en tiempo real incorporado.<br \/>\nPrecisi\u00f3n nominal \u00b125 ppm @ 2 5\u00b0C (equivalente a 2,5 segundos\/d\u00eda).<br \/>\nEl coeficiente de temperatura nominal es de -0.034 \u00b10.006 ppm\/\u00b0C (es decir, t\u00edpicamente +\/- 0.00294 segundos\/d\u00eda\/\u00b0C).<\/td>\n<\/tr>\n<tr>\n<td>Interfaz de conexi\u00f3n<\/td>\n<td>USB 2.0, enchufe tipo A.<\/td>\n<\/tr>\n<tr>\n<td>Software<\/td>\n<td>PDF Reader, LogTag Analyzer 2.5 o superior.<\/td>\n<\/tr>\n<tr>\n<td>Tama\u00f1o<\/td>\n<td>93 mm (alto) x 54,5 mm (ancho) x 8,6 mm (T), incluida la tapa USB protectora.<\/td>\n<\/tr>\n<tr>\n<td>Peso<\/td>\n<td>31 g<\/td>\n<\/tr>\n<tr>\n<td>Material de la caja<\/td>\n<td>Policarbonato<\/td>\n<\/tr>\n<\/tbody>\n<\/table>\n","protected":false},"excerpt":{"rendered":"<p>LogTagUSRID-16 mide y almacena lecturas de temperatura en tiempo real en un rango de medici\u00f3n de -30 \u00b0C a +60 \u00b0C.El USRID-16 combina todas las caracter\u00edsticas de un registrador de temperatura avanzado con una memoria de registro de 16,000.<\/p>\n","protected":false},"featured_media":1391,"comment_status":"open","ping_status":"closed","template":"","meta":{"_joinchat":[]},"product_brand":[],"product_cat":[15],"product_tag":[],"class_list":{"0":"post-1385","1":"product","2":"type-product","3":"status-publish","4":"has-post-thumbnail","6":"product_cat-sin-categorizar","8":"first","9":"instock","10":"shipping-taxable","11":"product-type-simple"},"yoast_head":"<!-- This site is optimized with the Yoast SEO plugin v26.4 - https:\/\/yoast.com\/wordpress\/plugins\/seo\/ -->\n<title>Logtag usrid-16 - Abaa tienda online<\/title>\n<meta name=\"robots\" content=\"index, follow, max-snippet:-1, max-image-preview:large, max-video-preview:-1\" \/>\n<link rel=\"canonical\" href=\"https:\/\/abaa.mx\/tienda\/logtag-usrid-16\/\" \/>\n<meta property=\"og:locale\" content=\"es_MX\" \/>\n<meta property=\"og:type\" content=\"article\" \/>\n<meta property=\"og:title\" content=\"Logtag usrid-16 - Abaa tienda online\" \/>\n<meta property=\"og:description\" content=\"LogTagUSRID-16 mide y almacena lecturas de temperatura en tiempo real en un rango de medici\u00f3n de -30 \u00b0C a +60 \u00b0C.El USRID-16 combina todas las caracter\u00edsticas de un registrador de temperatura avanzado con una memoria de registro de 16,000.\" \/>\n<meta property=\"og:url\" content=\"https:\/\/abaa.mx\/tienda\/logtag-usrid-16\/\" \/>\n<meta property=\"og:site_name\" content=\"Abaa tienda online\" \/>\n<meta property=\"article:modified_time\" content=\"2023-11-24T15:54:19+00:00\" \/>\n<meta property=\"og:image\" content=\"https:\/\/abaa.mx\/tienda\/wp-content\/uploads\/2023\/09\/LogtagUSRID-16.jpg\" \/>\n\t<meta property=\"og:image:width\" content=\"1024\" \/>\n\t<meta property=\"og:image:height\" content=\"768\" \/>\n\t<meta property=\"og:image:type\" content=\"image\/jpeg\" \/>\n<meta name=\"twitter:card\" content=\"summary_large_image\" \/>\n<meta name=\"twitter:label1\" content=\"Tiempo de lectura\" \/>\n\t<meta name=\"twitter:data1\" content=\"3 minutos\" \/>\n<script type=\"application\/ld+json\" class=\"yoast-schema-graph\">{\"@context\":\"https:\/\/schema.org\",\"@graph\":[{\"@type\":\"WebPage\",\"@id\":\"https:\/\/abaa.mx\/tienda\/logtag-usrid-16\/\",\"url\":\"https:\/\/abaa.mx\/tienda\/logtag-usrid-16\/\",\"name\":\"Logtag usrid-16 - Abaa tienda online\",\"isPartOf\":{\"@id\":\"https:\/\/abaa.mx\/tienda\/#website\"},\"primaryImageOfPage\":{\"@id\":\"https:\/\/abaa.mx\/tienda\/logtag-usrid-16\/#primaryimage\"},\"image\":{\"@id\":\"https:\/\/abaa.mx\/tienda\/logtag-usrid-16\/#primaryimage\"},\"thumbnailUrl\":\"https:\/\/abaa.mx\/tienda\/wp-content\/uploads\/2023\/09\/LogtagUSRID-16.jpg\",\"datePublished\":\"2023-09-08T17:21:33+00:00\",\"dateModified\":\"2023-11-24T15:54:19+00:00\",\"breadcrumb\":{\"@id\":\"https:\/\/abaa.mx\/tienda\/logtag-usrid-16\/#breadcrumb\"},\"inLanguage\":\"es\",\"potentialAction\":[{\"@type\":\"ReadAction\",\"target\":[\"https:\/\/abaa.mx\/tienda\/logtag-usrid-16\/\"]}]},{\"@type\":\"ImageObject\",\"inLanguage\":\"es\",\"@id\":\"https:\/\/abaa.mx\/tienda\/logtag-usrid-16\/#primaryimage\",\"url\":\"https:\/\/abaa.mx\/tienda\/wp-content\/uploads\/2023\/09\/LogtagUSRID-16.jpg\",\"contentUrl\":\"https:\/\/abaa.mx\/tienda\/wp-content\/uploads\/2023\/09\/LogtagUSRID-16.jpg\",\"width\":1024,\"height\":768,\"caption\":\"logtag-usrid-16\"},{\"@type\":\"BreadcrumbList\",\"@id\":\"https:\/\/abaa.mx\/tienda\/logtag-usrid-16\/#breadcrumb\",\"itemListElement\":[{\"@type\":\"ListItem\",\"position\":1,\"name\":\"Inicio\",\"item\":\"https:\/\/abaa.mx\/tienda\/\"},{\"@type\":\"ListItem\",\"position\":2,\"name\":\"Tienda\",\"item\":\"https:\/\/abaa.mx\/tienda\/\"},{\"@type\":\"ListItem\",\"position\":3,\"name\":\"Logtag usrid-16\"}]},{\"@type\":\"WebSite\",\"@id\":\"https:\/\/abaa.mx\/tienda\/#website\",\"url\":\"https:\/\/abaa.mx\/tienda\/\",\"name\":\"Abaa tienda online\",\"description\":\"Instrumentos de medici\u00f3n\",\"publisher\":{\"@id\":\"https:\/\/abaa.mx\/tienda\/#organization\"},\"potentialAction\":[{\"@type\":\"SearchAction\",\"target\":{\"@type\":\"EntryPoint\",\"urlTemplate\":\"https:\/\/abaa.mx\/tienda\/?s={search_term_string}\"},\"query-input\":{\"@type\":\"PropertyValueSpecification\",\"valueRequired\":true,\"valueName\":\"search_term_string\"}}],\"inLanguage\":\"es\"},{\"@type\":\"Organization\",\"@id\":\"https:\/\/abaa.mx\/tienda\/#organization\",\"name\":\"Abaa tienda online\",\"url\":\"https:\/\/abaa.mx\/tienda\/\",\"logo\":{\"@type\":\"ImageObject\",\"inLanguage\":\"es\",\"@id\":\"https:\/\/abaa.mx\/tienda\/#\/schema\/logo\/image\/\",\"url\":\"https:\/\/abaa.mx\/tienda\/wp-content\/uploads\/2024\/01\/abaa-metrologia-tienda.png\",\"contentUrl\":\"https:\/\/abaa.mx\/tienda\/wp-content\/uploads\/2024\/01\/abaa-metrologia-tienda.png\",\"width\":300,\"height\":141,\"caption\":\"Abaa tienda online\"},\"image\":{\"@id\":\"https:\/\/abaa.mx\/tienda\/#\/schema\/logo\/image\/\"}}]}<\/script>\n<!-- \/ Yoast SEO plugin. -->","yoast_head_json":{"title":"Logtag usrid-16 - Abaa tienda online","robots":{"index":"index","follow":"follow","max-snippet":"max-snippet:-1","max-image-preview":"max-image-preview:large","max-video-preview":"max-video-preview:-1"},"canonical":"https:\/\/abaa.mx\/tienda\/logtag-usrid-16\/","og_locale":"es_MX","og_type":"article","og_title":"Logtag usrid-16 - Abaa tienda online","og_description":"LogTagUSRID-16 mide y almacena lecturas de temperatura en tiempo real en un rango de medici\u00f3n de -30 \u00b0C a +60 \u00b0C.El USRID-16 combina todas las caracter\u00edsticas de un registrador de temperatura avanzado con una memoria de registro de 16,000.","og_url":"https:\/\/abaa.mx\/tienda\/logtag-usrid-16\/","og_site_name":"Abaa tienda online","article_modified_time":"2023-11-24T15:54:19+00:00","og_image":[{"width":1024,"height":768,"url":"https:\/\/abaa.mx\/tienda\/wp-content\/uploads\/2023\/09\/LogtagUSRID-16.jpg","type":"image\/jpeg"}],"twitter_card":"summary_large_image","twitter_misc":{"Tiempo de lectura":"3 minutos"},"schema":{"@context":"https:\/\/schema.org","@graph":[{"@type":"WebPage","@id":"https:\/\/abaa.mx\/tienda\/logtag-usrid-16\/","url":"https:\/\/abaa.mx\/tienda\/logtag-usrid-16\/","name":"Logtag usrid-16 - Abaa tienda online","isPartOf":{"@id":"https:\/\/abaa.mx\/tienda\/#website"},"primaryImageOfPage":{"@id":"https:\/\/abaa.mx\/tienda\/logtag-usrid-16\/#primaryimage"},"image":{"@id":"https:\/\/abaa.mx\/tienda\/logtag-usrid-16\/#primaryimage"},"thumbnailUrl":"https:\/\/abaa.mx\/tienda\/wp-content\/uploads\/2023\/09\/LogtagUSRID-16.jpg","datePublished":"2023-09-08T17:21:33+00:00","dateModified":"2023-11-24T15:54:19+00:00","breadcrumb":{"@id":"https:\/\/abaa.mx\/tienda\/logtag-usrid-16\/#breadcrumb"},"inLanguage":"es","potentialAction":[{"@type":"ReadAction","target":["https:\/\/abaa.mx\/tienda\/logtag-usrid-16\/"]}]},{"@type":"ImageObject","inLanguage":"es","@id":"https:\/\/abaa.mx\/tienda\/logtag-usrid-16\/#primaryimage","url":"https:\/\/abaa.mx\/tienda\/wp-content\/uploads\/2023\/09\/LogtagUSRID-16.jpg","contentUrl":"https:\/\/abaa.mx\/tienda\/wp-content\/uploads\/2023\/09\/LogtagUSRID-16.jpg","width":1024,"height":768,"caption":"logtag-usrid-16"},{"@type":"BreadcrumbList","@id":"https:\/\/abaa.mx\/tienda\/logtag-usrid-16\/#breadcrumb","itemListElement":[{"@type":"ListItem","position":1,"name":"Inicio","item":"https:\/\/abaa.mx\/tienda\/"},{"@type":"ListItem","position":2,"name":"Tienda","item":"https:\/\/abaa.mx\/tienda\/"},{"@type":"ListItem","position":3,"name":"Logtag usrid-16"}]},{"@type":"WebSite","@id":"https:\/\/abaa.mx\/tienda\/#website","url":"https:\/\/abaa.mx\/tienda\/","name":"Abaa tienda online","description":"Instrumentos de medici\u00f3n","publisher":{"@id":"https:\/\/abaa.mx\/tienda\/#organization"},"potentialAction":[{"@type":"SearchAction","target":{"@type":"EntryPoint","urlTemplate":"https:\/\/abaa.mx\/tienda\/?s={search_term_string}"},"query-input":{"@type":"PropertyValueSpecification","valueRequired":true,"valueName":"search_term_string"}}],"inLanguage":"es"},{"@type":"Organization","@id":"https:\/\/abaa.mx\/tienda\/#organization","name":"Abaa tienda online","url":"https:\/\/abaa.mx\/tienda\/","logo":{"@type":"ImageObject","inLanguage":"es","@id":"https:\/\/abaa.mx\/tienda\/#\/schema\/logo\/image\/","url":"https:\/\/abaa.mx\/tienda\/wp-content\/uploads\/2024\/01\/abaa-metrologia-tienda.png","contentUrl":"https:\/\/abaa.mx\/tienda\/wp-content\/uploads\/2024\/01\/abaa-metrologia-tienda.png","width":300,"height":141,"caption":"Abaa tienda online"},"image":{"@id":"https:\/\/abaa.mx\/tienda\/#\/schema\/logo\/image\/"}}]}},"_links":{"self":[{"href":"https:\/\/abaa.mx\/tienda\/wp-json\/wp\/v2\/product\/1385","targetHints":{"allow":["GET"]}}],"collection":[{"href":"https:\/\/abaa.mx\/tienda\/wp-json\/wp\/v2\/product"}],"about":[{"href":"https:\/\/abaa.mx\/tienda\/wp-json\/wp\/v2\/types\/product"}],"replies":[{"embeddable":true,"href":"https:\/\/abaa.mx\/tienda\/wp-json\/wp\/v2\/comments?post=1385"}],"wp:featuredmedia":[{"embeddable":true,"href":"https:\/\/abaa.mx\/tienda\/wp-json\/wp\/v2\/media\/1391"}],"wp:attachment":[{"href":"https:\/\/abaa.mx\/tienda\/wp-json\/wp\/v2\/media?parent=1385"}],"wp:term":[{"taxonomy":"product_brand","embeddable":true,"href":"https:\/\/abaa.mx\/tienda\/wp-json\/wp\/v2\/product_brand?post=1385"},{"taxonomy":"product_cat","embeddable":true,"href":"https:\/\/abaa.mx\/tienda\/wp-json\/wp\/v2\/product_cat?post=1385"},{"taxonomy":"product_tag","embeddable":true,"href":"https:\/\/abaa.mx\/tienda\/wp-json\/wp\/v2\/product_tag?post=1385"}],"curies":[{"name":"wp","href":"https:\/\/api.w.org\/{rel}","templated":true}]}}