{"id":1376,"date":"2023-09-08T17:09:11","date_gmt":"2023-09-08T17:09:11","guid":{"rendered":"https:\/\/abaa.mx\/tienda\/?post_type=product&#038;p=1376"},"modified":"2023-09-08T17:09:11","modified_gmt":"2023-09-08T17:09:11","slug":"logtag-usric-16","status":"publish","type":"product","link":"https:\/\/abaa.mx\/tienda\/logtag-usric-16\/","title":{"rendered":"Logtag usric-16"},"content":{"rendered":"<h3>Registrador de temperatura USB PDF de un solo uso<\/h3>\n<p><span>Los registradores de temperatura LogTag USRIC-8 \/ USRIC-16 PDF miden y almacenan hasta 8,000 \/ 16,000 lecturas de temperatura en tiempo real en un rango de medici\u00f3n de -30 \u00b0C a +60 \u00b0C<\/span><\/p>\n<h3>Aplicaciones<\/h3>\n<p>Registrador de datos con conector USB integrado. Ideal para el monitoreo rentable de productos sensibles a la temperatura tanto en aplicaciones de transporte de corta distancia como de larga distancia<\/p>\n<h3>Resumen del producto<\/h3>\n<p><span>El registrador de temperatura LogTag USRIC-8 PDF mide y almacena hasta 8.000 lecturas de temperatura en tiempo real en un rango de medici\u00f3n de -30 \u00b0C a +60 \u00b0C.El registrador de temperatura LogTag\u00a0<strong>USRIC-16<\/strong>\u00a0PDF mide y almacena hasta 16.000 lecturas de temperatura en tiempo real en un rango de medici\u00f3n de\u00a0<strong>&#8211;<\/strong>30 \u00b0C a +60 \u00b0C.<\/p>\n<p><\/span><sup>\u00ae<\/sup><sup>\u00ae<\/sup><\/p>\n<p><span>Dise\u00f1ado como un registrador de temperatura de un solo uso, rentable y confiable, el LogTag USRIC-8 \/ USRIC-16, encerrado en una caja de policarbonato robusta y duradera, genera autom\u00e1ticamente un informe PDF completamente detallado y ofrece la opci\u00f3n de descargar los datos utilizando el software LogTag Analyzer disponible gratuitamente.<\/span><\/p>\n<p><span>Con LogTag Analyzer, el LogTag USRIC-8 \/ USRIC-16 se configura f\u00e1cilmente para una serie de condiciones de grabaci\u00f3n.<\/span><\/p>\n<h3>Productos destacados<\/h3>\n<ul class=\"highlights bullet\">\n<li>Conector USB integrado: no se requiere una base de interfaz separada<\/li>\n<li>Genera autom\u00e1ticamente un informe PDF &#8211; No se requiere software especial<\/li>\n<li>Archivo LTD cifrado generado para un an\u00e1lisis m\u00e1s detallado<\/li>\n<li>Configurable por el usuario &#8211; No es necesario comprar un registrador especial para cada viaje<\/li>\n<li>Adecuado para receptores independientes, ensayos cl\u00ednicos y distribuci\u00f3n de \u00faltima milla<\/li>\n<\/ul>\n<div class=\"shadowSpacer\"><\/div>\n<h3>Especificaciones t\u00e9cnicas<\/h3>\n<table class=\"table\">\n<tbody>\n<tr>\n<td width=\"50%\">Modelo<\/td>\n<td width=\"50%\">USRIC-8<\/td>\n<td>USRIC-16<\/td>\n<\/tr>\n<tr>\n<td>Rango de medici\u00f3n del sensor<\/td>\n<td colspan=\"2\">-30\u00b0C ~ +60\u00b0C<\/td>\n<\/tr>\n<tr>\n<td>Rango de temperatura de funcionamiento<\/td>\n<td colspan=\"2\">-30\u00b0C ~ +60\u00b0C<\/td>\n<\/tr>\n<tr>\n<td>Rango de temperatura de almacenamiento<\/td>\n<td colspan=\"2\">De 0 \u00b0C a +40 \u00b0C<\/td>\n<\/tr>\n<tr>\n<td>Precisi\u00f3n de lectura de temperatura nominal<\/td>\n<td colspan=\"2\">Mejor que \u00b10.5 \u00b0C para -5 \u00b0C a +30 \u00b0C Mejor que \u00b10.8 \u00b0C<br \/>\no mejor para mediciones en otras \u00e1reas del rango<br \/>\nnominal El rendimiento real suele ser mucho mejor que los valores nominales.<br \/>\nLas cifras de precisi\u00f3n se pueden mejorar mediante la recalibraci\u00f3n.<\/td>\n<\/tr>\n<tr>\n<td>Resoluci\u00f3n de lectura de temperatura nominal<\/td>\n<td colspan=\"2\"><span>&lt; LogTag Analyzer de 0,1 \u00b0C se muestra actualmente con un decimal de \u00b0C<br \/>\n. La resoluci\u00f3n nativa es lo que se almacena en el LogTag<\/span><\/td>\n<\/tr>\n<tr>\n<td>Tiempo de reacci\u00f3n del sensor<\/td>\n<td>Normalmente menos de 5 minutos (T90) en aire en movimiento (1 m\/s)<\/td>\n<td>Normalmente menos de 7 minutos (T90) en aire en movimiento (1 m\/s)<\/td>\n<\/tr>\n<tr>\n<td>Capacidad de grabaci\u00f3n<\/td>\n<td>8.001 grabaciones de temperatura en tiempo real, memoria no vol\u00e1til<\/td>\n<td>16.129 grabaciones de temperatura en tiempo real, memoria no vol\u00e1til<\/td>\n<\/tr>\n<tr>\n<td>Intervalo de muestreo<\/td>\n<td colspan=\"2\">El intervalo de registro se puede configurar de 1 minuto a 18 horas. (Normalmente registro de 5 minutos)<\/td>\n<\/tr>\n<tr>\n<td>Opciones de inicio de registro<\/td>\n<td colspan=\"2\">Inicio con bot\u00f3n pulsador o fecha y hora espec\u00edficas. Retraso de arranque opcional (1min a 72 horas)<\/td>\n<\/tr>\n<tr>\n<td>Indicaci\u00f3n de grabaci\u00f3n<\/td>\n<td colspan=\"2\">Indicador &#8216;OK&#8217; parpadeante \/ indicador &#8216;ALERT&#8217; parpadeante.<\/td>\n<\/tr>\n<tr>\n<td>Tiempo de descarga<\/td>\n<td><span>Normalmente con memoria completa (8.000 lecturas) en menos de 20 segundos desde el momento de la inserci\u00f3n hasta la disponibilidad del informe PDF.<br \/>\nNormalmente, menos de 10 segundos desde el momento de la inserci\u00f3n hasta la disponibilidad del archivo LTD en LogTag Analyzer (si est\u00e1 configurado)<\/span><\/td>\n<td>Normalmente con memoria completa (16.129 lecturas) en menos de 20 segundos desde el momento de la inserci\u00f3n hasta la disponibilidad del informe PDF.<br \/>\nNormalmente, menos de 10 segundos desde el momento de la inserci\u00f3n hasta la disponibilidad del archivo LTD en LogTag Analyzer (si est\u00e1 configurado)<\/td>\n<\/tr>\n<tr>\n<td>Medioambiental<\/td>\n<td colspan=\"2\">IEC 60529: IP64 con tapa USB instalada<\/td>\n<\/tr>\n<tr>\n<td>Fuente de alimentaci\u00f3n<\/td>\n<td colspan=\"2\">Bater\u00eda de litio de 3 V \u2013 no reemplazable<\/td>\n<\/tr>\n<tr>\n<td>Tiempo de descarga<\/td>\n<td colspan=\"2\">Normalmente, en menos de 20 segundos desde el momento de la inserci\u00f3n hasta la disponibilidad del informe<br \/>\nPDF Normalmente menos de 10 segundos desde el momento de la inserci\u00f3n hasta la disponibilidad del archivo LTD en LogTag Analyzer (si est\u00e1 configurado)<\/td>\n<\/tr>\n<tr>\n<td>Interfaz de conexi\u00f3n<\/td>\n<td colspan=\"2\">USB 2.0, enchufe tipo A<\/td>\n<\/tr>\n<tr>\n<td>Software<\/td>\n<td colspan=\"2\"><span>Adobe Reader, LogTag Analyzer 2.5 o superior<\/span><\/td>\n<\/tr>\n<tr>\n<td>Duraci\u00f3n de la bater\u00eda<\/td>\n<td colspan=\"2\">Vida \u00fatil proyectada de 6 meses de operaci\u00f3n desde el momento de la configuraci\u00f3n. Per\u00edodo de validez antes de la configuraci\u00f3n de hasta 2 a\u00f1os.<\/td>\n<\/tr>\n<tr>\n<td>Tama\u00f1o<\/td>\n<td colspan=\"2\">93 mm (alto) x 54,5 mm (ancho) x 8,6 mm (T), incluida la tapa USB protectora.<\/td>\n<\/tr>\n<tr>\n<td>Peso<\/td>\n<td colspan=\"2\">32 g<\/td>\n<\/tr>\n<tr>\n<td>Material de la caja<\/td>\n<td colspan=\"2\">Policarbonato<\/td>\n<\/tr>\n<\/tbody>\n<\/table>\n","protected":false},"excerpt":{"rendered":"<h3>Registrador de temperatura USB PDF de un solo uso<\/h3>\n<p><span>Los registradores de temperatura LogTag USRIC-8 \/ USRIC-16 PDF miden y almacenan hasta 8,000 \/ 16,000 lecturas de temperatura en tiempo real en un rango de medici\u00f3n de -30 \u00b0C a +60 \u00b0C<\/span><\/p>\n<h3>Aplicaciones<\/h3>\n<p>Registrador de datos con conector USB integrado. Ideal para el monitoreo rentable de productos sensibles a la temperatura tanto en aplicaciones de transporte de corta distancia como de larga distancia<\/p>\n<h3>Resumen del producto<\/h3>\n<p><span>El registrador de temperatura LogTag USRIC-8 PDF mide y almacena hasta 8.000 lecturas de temperatura en tiempo real en un rango de medici\u00f3n de -30 \u00b0C a +60 \u00b0C.El registrador de temperatura LogTag\u00a0<strong>USRIC-16<\/strong>\u00a0PDF mide y almacena hasta 16.000 lecturas de temperatura en tiempo real en un rango de medici\u00f3n de\u00a0<strong>&#8211;<\/strong>30 \u00b0C a +60 \u00b0C.<br \/>\n<\/span><\/p>\n","protected":false},"featured_media":1384,"comment_status":"open","ping_status":"closed","template":"","meta":{"_joinchat":[]},"product_brand":[],"product_cat":[15],"product_tag":[],"class_list":{"0":"post-1376","1":"product","2":"type-product","3":"status-publish","4":"has-post-thumbnail","6":"product_cat-sin-categorizar","8":"first","9":"instock","10":"shipping-taxable","11":"product-type-simple"},"yoast_head":"<!-- This site is optimized with the Yoast SEO plugin v26.4 - https:\/\/yoast.com\/wordpress\/plugins\/seo\/ -->\n<title>Logtag usric-16 - Abaa tienda online<\/title>\n<meta name=\"robots\" content=\"index, follow, max-snippet:-1, max-image-preview:large, max-video-preview:-1\" \/>\n<link rel=\"canonical\" href=\"https:\/\/abaa.mx\/tienda\/logtag-usric-16\/\" \/>\n<meta property=\"og:locale\" content=\"es_MX\" \/>\n<meta property=\"og:type\" content=\"article\" \/>\n<meta property=\"og:title\" content=\"Logtag usric-16 - Abaa tienda online\" \/>\n<meta property=\"og:description\" content=\"Registrador de temperatura USB PDF de un solo uso Los registradores de temperatura LogTag USRIC-8 \/ USRIC-16 PDF miden y almacenan hasta 8,000 \/ 16,000 lecturas de temperatura en tiempo real en un rango de medici\u00f3n de -30 \u00b0C a +60 \u00b0C Aplicaciones Registrador de datos con conector USB integrado. Ideal para el monitoreo rentable de productos sensibles a la temperatura tanto en aplicaciones de transporte de corta distancia como de larga distancia Resumen del producto El registrador de temperatura LogTag USRIC-8 PDF mide y almacena hasta 8.000 lecturas de temperatura en tiempo real en un rango de medici\u00f3n de -30 \u00b0C a +60 \u00b0C.El registrador de temperatura LogTag\u00a0USRIC-16\u00a0PDF mide y almacena hasta 16.000 lecturas de temperatura en tiempo real en un rango de medici\u00f3n de\u00a0-30 \u00b0C a +60 \u00b0C.\" \/>\n<meta property=\"og:url\" content=\"https:\/\/abaa.mx\/tienda\/logtag-usric-16\/\" \/>\n<meta property=\"og:site_name\" content=\"Abaa tienda online\" \/>\n<meta property=\"og:image\" content=\"https:\/\/abaa.mx\/tienda\/wp-content\/uploads\/2023\/09\/logtag-utrix-16-1.jpg\" \/>\n\t<meta property=\"og:image:width\" content=\"800\" \/>\n\t<meta property=\"og:image:height\" content=\"800\" \/>\n\t<meta property=\"og:image:type\" content=\"image\/jpeg\" \/>\n<meta name=\"twitter:card\" content=\"summary_large_image\" \/>\n<meta name=\"twitter:label1\" content=\"Tiempo de lectura\" \/>\n\t<meta name=\"twitter:data1\" content=\"4 minutos\" \/>\n<script type=\"application\/ld+json\" class=\"yoast-schema-graph\">{\"@context\":\"https:\/\/schema.org\",\"@graph\":[{\"@type\":\"WebPage\",\"@id\":\"https:\/\/abaa.mx\/tienda\/logtag-usric-16\/\",\"url\":\"https:\/\/abaa.mx\/tienda\/logtag-usric-16\/\",\"name\":\"Logtag usric-16 - Abaa tienda online\",\"isPartOf\":{\"@id\":\"https:\/\/abaa.mx\/tienda\/#website\"},\"primaryImageOfPage\":{\"@id\":\"https:\/\/abaa.mx\/tienda\/logtag-usric-16\/#primaryimage\"},\"image\":{\"@id\":\"https:\/\/abaa.mx\/tienda\/logtag-usric-16\/#primaryimage\"},\"thumbnailUrl\":\"https:\/\/abaa.mx\/tienda\/wp-content\/uploads\/2023\/09\/logtag-utrix-16-1.jpg\",\"datePublished\":\"2023-09-08T17:09:11+00:00\",\"breadcrumb\":{\"@id\":\"https:\/\/abaa.mx\/tienda\/logtag-usric-16\/#breadcrumb\"},\"inLanguage\":\"es\",\"potentialAction\":[{\"@type\":\"ReadAction\",\"target\":[\"https:\/\/abaa.mx\/tienda\/logtag-usric-16\/\"]}]},{\"@type\":\"ImageObject\",\"inLanguage\":\"es\",\"@id\":\"https:\/\/abaa.mx\/tienda\/logtag-usric-16\/#primaryimage\",\"url\":\"https:\/\/abaa.mx\/tienda\/wp-content\/uploads\/2023\/09\/logtag-utrix-16-1.jpg\",\"contentUrl\":\"https:\/\/abaa.mx\/tienda\/wp-content\/uploads\/2023\/09\/logtag-utrix-16-1.jpg\",\"width\":800,\"height\":800,\"caption\":\"logtag-usric-16\"},{\"@type\":\"BreadcrumbList\",\"@id\":\"https:\/\/abaa.mx\/tienda\/logtag-usric-16\/#breadcrumb\",\"itemListElement\":[{\"@type\":\"ListItem\",\"position\":1,\"name\":\"Inicio\",\"item\":\"https:\/\/abaa.mx\/tienda\/\"},{\"@type\":\"ListItem\",\"position\":2,\"name\":\"Tienda\",\"item\":\"https:\/\/abaa.mx\/tienda\/\"},{\"@type\":\"ListItem\",\"position\":3,\"name\":\"Logtag usric-16\"}]},{\"@type\":\"WebSite\",\"@id\":\"https:\/\/abaa.mx\/tienda\/#website\",\"url\":\"https:\/\/abaa.mx\/tienda\/\",\"name\":\"Abaa tienda online\",\"description\":\"Instrumentos de medici\u00f3n\",\"publisher\":{\"@id\":\"https:\/\/abaa.mx\/tienda\/#organization\"},\"potentialAction\":[{\"@type\":\"SearchAction\",\"target\":{\"@type\":\"EntryPoint\",\"urlTemplate\":\"https:\/\/abaa.mx\/tienda\/?s={search_term_string}\"},\"query-input\":{\"@type\":\"PropertyValueSpecification\",\"valueRequired\":true,\"valueName\":\"search_term_string\"}}],\"inLanguage\":\"es\"},{\"@type\":\"Organization\",\"@id\":\"https:\/\/abaa.mx\/tienda\/#organization\",\"name\":\"Abaa tienda online\",\"url\":\"https:\/\/abaa.mx\/tienda\/\",\"logo\":{\"@type\":\"ImageObject\",\"inLanguage\":\"es\",\"@id\":\"https:\/\/abaa.mx\/tienda\/#\/schema\/logo\/image\/\",\"url\":\"https:\/\/abaa.mx\/tienda\/wp-content\/uploads\/2024\/01\/abaa-metrologia-tienda.png\",\"contentUrl\":\"https:\/\/abaa.mx\/tienda\/wp-content\/uploads\/2024\/01\/abaa-metrologia-tienda.png\",\"width\":300,\"height\":141,\"caption\":\"Abaa tienda online\"},\"image\":{\"@id\":\"https:\/\/abaa.mx\/tienda\/#\/schema\/logo\/image\/\"}}]}<\/script>\n<!-- \/ Yoast SEO plugin. -->","yoast_head_json":{"title":"Logtag usric-16 - Abaa tienda online","robots":{"index":"index","follow":"follow","max-snippet":"max-snippet:-1","max-image-preview":"max-image-preview:large","max-video-preview":"max-video-preview:-1"},"canonical":"https:\/\/abaa.mx\/tienda\/logtag-usric-16\/","og_locale":"es_MX","og_type":"article","og_title":"Logtag usric-16 - Abaa tienda online","og_description":"Registrador de temperatura USB PDF de un solo uso Los registradores de temperatura LogTag USRIC-8 \/ USRIC-16 PDF miden y almacenan hasta 8,000 \/ 16,000 lecturas de temperatura en tiempo real en un rango de medici\u00f3n de -30 \u00b0C a +60 \u00b0C Aplicaciones Registrador de datos con conector USB integrado. Ideal para el monitoreo rentable de productos sensibles a la temperatura tanto en aplicaciones de transporte de corta distancia como de larga distancia Resumen del producto El registrador de temperatura LogTag USRIC-8 PDF mide y almacena hasta 8.000 lecturas de temperatura en tiempo real en un rango de medici\u00f3n de -30 \u00b0C a +60 \u00b0C.El registrador de temperatura LogTag\u00a0USRIC-16\u00a0PDF mide y almacena hasta 16.000 lecturas de temperatura en tiempo real en un rango de medici\u00f3n de\u00a0-30 \u00b0C a +60 \u00b0C.","og_url":"https:\/\/abaa.mx\/tienda\/logtag-usric-16\/","og_site_name":"Abaa tienda online","og_image":[{"width":800,"height":800,"url":"https:\/\/abaa.mx\/tienda\/wp-content\/uploads\/2023\/09\/logtag-utrix-16-1.jpg","type":"image\/jpeg"}],"twitter_card":"summary_large_image","twitter_misc":{"Tiempo de lectura":"4 minutos"},"schema":{"@context":"https:\/\/schema.org","@graph":[{"@type":"WebPage","@id":"https:\/\/abaa.mx\/tienda\/logtag-usric-16\/","url":"https:\/\/abaa.mx\/tienda\/logtag-usric-16\/","name":"Logtag usric-16 - Abaa tienda online","isPartOf":{"@id":"https:\/\/abaa.mx\/tienda\/#website"},"primaryImageOfPage":{"@id":"https:\/\/abaa.mx\/tienda\/logtag-usric-16\/#primaryimage"},"image":{"@id":"https:\/\/abaa.mx\/tienda\/logtag-usric-16\/#primaryimage"},"thumbnailUrl":"https:\/\/abaa.mx\/tienda\/wp-content\/uploads\/2023\/09\/logtag-utrix-16-1.jpg","datePublished":"2023-09-08T17:09:11+00:00","breadcrumb":{"@id":"https:\/\/abaa.mx\/tienda\/logtag-usric-16\/#breadcrumb"},"inLanguage":"es","potentialAction":[{"@type":"ReadAction","target":["https:\/\/abaa.mx\/tienda\/logtag-usric-16\/"]}]},{"@type":"ImageObject","inLanguage":"es","@id":"https:\/\/abaa.mx\/tienda\/logtag-usric-16\/#primaryimage","url":"https:\/\/abaa.mx\/tienda\/wp-content\/uploads\/2023\/09\/logtag-utrix-16-1.jpg","contentUrl":"https:\/\/abaa.mx\/tienda\/wp-content\/uploads\/2023\/09\/logtag-utrix-16-1.jpg","width":800,"height":800,"caption":"logtag-usric-16"},{"@type":"BreadcrumbList","@id":"https:\/\/abaa.mx\/tienda\/logtag-usric-16\/#breadcrumb","itemListElement":[{"@type":"ListItem","position":1,"name":"Inicio","item":"https:\/\/abaa.mx\/tienda\/"},{"@type":"ListItem","position":2,"name":"Tienda","item":"https:\/\/abaa.mx\/tienda\/"},{"@type":"ListItem","position":3,"name":"Logtag usric-16"}]},{"@type":"WebSite","@id":"https:\/\/abaa.mx\/tienda\/#website","url":"https:\/\/abaa.mx\/tienda\/","name":"Abaa tienda online","description":"Instrumentos de medici\u00f3n","publisher":{"@id":"https:\/\/abaa.mx\/tienda\/#organization"},"potentialAction":[{"@type":"SearchAction","target":{"@type":"EntryPoint","urlTemplate":"https:\/\/abaa.mx\/tienda\/?s={search_term_string}"},"query-input":{"@type":"PropertyValueSpecification","valueRequired":true,"valueName":"search_term_string"}}],"inLanguage":"es"},{"@type":"Organization","@id":"https:\/\/abaa.mx\/tienda\/#organization","name":"Abaa tienda online","url":"https:\/\/abaa.mx\/tienda\/","logo":{"@type":"ImageObject","inLanguage":"es","@id":"https:\/\/abaa.mx\/tienda\/#\/schema\/logo\/image\/","url":"https:\/\/abaa.mx\/tienda\/wp-content\/uploads\/2024\/01\/abaa-metrologia-tienda.png","contentUrl":"https:\/\/abaa.mx\/tienda\/wp-content\/uploads\/2024\/01\/abaa-metrologia-tienda.png","width":300,"height":141,"caption":"Abaa tienda online"},"image":{"@id":"https:\/\/abaa.mx\/tienda\/#\/schema\/logo\/image\/"}}]}},"_links":{"self":[{"href":"https:\/\/abaa.mx\/tienda\/wp-json\/wp\/v2\/product\/1376","targetHints":{"allow":["GET"]}}],"collection":[{"href":"https:\/\/abaa.mx\/tienda\/wp-json\/wp\/v2\/product"}],"about":[{"href":"https:\/\/abaa.mx\/tienda\/wp-json\/wp\/v2\/types\/product"}],"replies":[{"embeddable":true,"href":"https:\/\/abaa.mx\/tienda\/wp-json\/wp\/v2\/comments?post=1376"}],"wp:featuredmedia":[{"embeddable":true,"href":"https:\/\/abaa.mx\/tienda\/wp-json\/wp\/v2\/media\/1384"}],"wp:attachment":[{"href":"https:\/\/abaa.mx\/tienda\/wp-json\/wp\/v2\/media?parent=1376"}],"wp:term":[{"taxonomy":"product_brand","embeddable":true,"href":"https:\/\/abaa.mx\/tienda\/wp-json\/wp\/v2\/product_brand?post=1376"},{"taxonomy":"product_cat","embeddable":true,"href":"https:\/\/abaa.mx\/tienda\/wp-json\/wp\/v2\/product_cat?post=1376"},{"taxonomy":"product_tag","embeddable":true,"href":"https:\/\/abaa.mx\/tienda\/wp-json\/wp\/v2\/product_tag?post=1376"}],"curies":[{"name":"wp","href":"https:\/\/api.w.org\/{rel}","templated":true}]}}