{"id":1358,"date":"2023-09-08T16:38:47","date_gmt":"2023-09-08T16:38:47","guid":{"rendered":"https:\/\/abaa.mx\/tienda\/?post_type=product&#038;p=1358"},"modified":"2023-11-24T16:02:58","modified_gmt":"2023-11-24T16:02:58","slug":"logtag-usric-4","status":"publish","type":"product","link":"https:\/\/abaa.mx\/tienda\/logtag-usric-4\/","title":{"rendered":"Logtag usric-4"},"content":{"rendered":"<p>El LogTag USRIC-4 combina todas las caracter\u00edsticas de un registrador de temperatura avanzado con 4000 de memoria de registro y una vida \u00fatil de 6 meses en un paquete robusto y econ\u00f3mico . Las lecturas se descargan utilizando LogTag Analyzer, que proporciona facilidades para mostrar datos en formatos de gr\u00e1ficos, tablas o estad\u00edsticas y permite el archivo, exportaci\u00f3n o transmisi\u00f3n electr\u00f3nica de los datos en apoyo de sofisticados sistemas de gesti\u00f3n de datos.<\/p>\n<p>Dise\u00f1ado como un registrador de temperatura de un solo uso, rentable y confiable, el LogTag USRIC-4 mide y almacena lecturas de temperatura en tiempo real en un rango de medici\u00f3n de -30 \u00b0 C a + 60 \u00b0 C. El USRIC-4 se conecta directamente al USB de la computadora para una f\u00e1cil configuraci\u00f3n por parte del usuario para una amplia gama de condiciones de grabaci\u00f3n y alerta.<\/p>\n<p>Un indicador de alerta rojo proporciona una indicaci\u00f3n inmediata, sin acceso a un PC, si alguna lectura est\u00e1 fuera de los l\u00edmites especificados en el momento en que se configur\u00f3 la unidad. Un indicador OK verde proporciona una confirmaci\u00f3n visual inmediata de que la unidad est\u00e1 funcionando.<\/p>\n<p>&nbsp;<\/p>\n<p><strong>Caracter\u00edsticas:<\/strong><\/p>\n<ul class=\"highlights bullet\">\n<li>Conector USB integral: no se requiere una base de interfaz separada.<\/li>\n<li>Hasta 4.000 registros de temperatura en tiempo real.<\/li>\n<li>Opciones configurables por el usuario: no es necesario comprar una grabadora especial para cada aplicaci\u00f3n.<\/li>\n<li>Personalice las opciones de inicio, el intervalo de registro, los par\u00e1metros de alerta y muchos m\u00e1s.<\/li>\n<li>Un reloj en tiempo real proporciona marcas de fecha \/ hora para cada lectura de temperatura.<\/li>\n<li>Bot\u00f3n de pulsar para iniciar con retardo opcional o una hora y fecha espec\u00edficas.<\/li>\n<li>Caja de policarbonato robusta y duradera con enchufe para un montaje seguro.<\/li>\n<li>Adecuado para m\u00faltiples receptores independientes, ensayos cl\u00ednicos y distribuci\u00f3n de \u00faltima milla.<\/li>\n<\/ul>\n<p>&nbsp;<\/p>\n<h4><strong>Especificaciones T\u00e9cnicas:<\/strong><\/h4>\n<table class=\"table table-bordered table-condensed\">\n<colgroup>\n<col width=\"50%\" \/>\n<col width=\"50%\" \/><\/colgroup>\n<tbody>\n<tr>\n<td width=\"50%\">Modelo<\/td>\n<td width=\"50%\">USRIC-4<\/td>\n<\/tr>\n<tr>\n<td>Rango de medici\u00f3n<\/td>\n<td>De -30 \u00b0C a +60 \u00b0C<\/td>\n<\/tr>\n<tr>\n<td>Resoluci\u00f3n<\/td>\n<td>0.1 \u00b0C<\/td>\n<\/tr>\n<tr>\n<td>Precisi\u00f3n absoluta nominal<\/td>\n<td>Mejor que \u00b10.5 \u00b0C para mediciones de &#8211; 5 \u00b0C a +30 \u00b0C Mejor que \u00b10.8 \u00b0C<br \/>\npara otras mediciones<\/td>\n<\/tr>\n<tr>\n<td>Tiempo de reacci\u00f3n del sensor<\/td>\n<td>Normalmente menos de 5 minutos (T90) en aire en movimiento (1 m\/s)<\/td>\n<\/tr>\n<tr>\n<td>Capacidad<\/td>\n<td>3937 registros de temperatura en tiempo real, memoria no vol\u00e1til<\/td>\n<\/tr>\n<tr>\n<td>Intervalo de muestreo<\/td>\n<td>Configurable desde 1 minuto hasta 18 horas<\/td>\n<\/tr>\n<tr>\n<td>Opciones de inicio<\/td>\n<td>Inicio con bot\u00f3n pulsador o fecha\/hora espec\u00edfica<\/td>\n<\/tr>\n<tr>\n<td>Indicaci\u00f3n de grabaci\u00f3n<\/td>\n<td>Indicador &#8216;OK&#8217; parpadeante \/ indicador &#8216;ALERT&#8217; parpadeante.<\/td>\n<\/tr>\n<tr>\n<td>Tiempo de descarga<\/td>\n<td>Normalmente, menos de 10 segundos desde el momento de la inserci\u00f3n hasta la disponibilidad de los datos en LogTag Analyzer.<\/td>\n<\/tr>\n<tr>\n<td>Medioambiental<\/td>\n<td>IEC 60529: IP 64 con tapa USB instalada<\/td>\n<\/tr>\n<tr>\n<td>Fuente de alimentaci\u00f3n<\/td>\n<td>Bater\u00eda de litio de 3V \u2013 no reemplazable<\/td>\n<\/tr>\n<tr>\n<td>Funciones de alarma<\/td>\n<td>Eventos de alarma<br \/>\nalta\/baja, \u00fanica, consecutiva y acumulativa, indicadores &#8216;OK&#8217;\/&#8217;ALERT&#8217;<\/td>\n<\/tr>\n<tr>\n<td>Interfaz de conexi\u00f3n<\/td>\n<td>USB 2.0, enchufe tipo A<\/td>\n<\/tr>\n<tr>\n<td>Software<\/td>\n<td>LogTag Analyzer 2.6 o superior<\/td>\n<\/tr>\n<tr>\n<td>Duraci\u00f3n de la bater\u00eda<\/td>\n<td>Per\u00edodo de validez de hasta dos a\u00f1os antes de la configuraci\u00f3n. Seis meses de vida \u00fatil desde el momento de la configuraci\u00f3n.<\/td>\n<\/tr>\n<tr>\n<td>Tama\u00f1o<\/td>\n<td>93 mm (alto) x 54,5 mm (ancho) x 8,6 mm (T), incluida la tapa USB protectora.<\/td>\n<\/tr>\n<tr>\n<td>Peso<\/td>\n<td>31 g<\/td>\n<\/tr>\n<tr>\n<td>Material de la caja<\/td>\n<td>Policarbonato<\/td>\n<\/tr>\n<\/tbody>\n<\/table>\n","protected":false},"excerpt":{"rendered":"<p>El LogTag USRIC-4 combina todas las caracter\u00edsticas de un registrador de temperatura avanzado con 4000 de memoria de registro y una vida \u00fatil de 6 meses en un paquete robusto y econ\u00f3mico.<\/p>\n","protected":false},"featured_media":1361,"comment_status":"open","ping_status":"closed","template":"","meta":{"_joinchat":[]},"product_brand":[],"product_cat":[15],"product_tag":[],"class_list":{"0":"post-1358","1":"product","2":"type-product","3":"status-publish","4":"has-post-thumbnail","6":"product_cat-sin-categorizar","8":"first","9":"instock","10":"shipping-taxable","11":"product-type-simple"},"yoast_head":"<!-- This site is optimized with the Yoast SEO plugin v26.4 - https:\/\/yoast.com\/wordpress\/plugins\/seo\/ -->\n<title>Logtag usric-4 - Abaa tienda online<\/title>\n<meta name=\"robots\" content=\"index, follow, max-snippet:-1, max-image-preview:large, max-video-preview:-1\" \/>\n<link rel=\"canonical\" href=\"https:\/\/abaa.mx\/tienda\/logtag-usric-4\/\" \/>\n<meta property=\"og:locale\" content=\"es_MX\" \/>\n<meta property=\"og:type\" content=\"article\" \/>\n<meta property=\"og:title\" content=\"Logtag usric-4 - Abaa tienda online\" \/>\n<meta property=\"og:description\" content=\"El LogTag USRIC-4 combina todas las caracter\u00edsticas de un registrador de temperatura avanzado con 4000 de memoria de registro y una vida \u00fatil de 6 meses en un paquete robusto y econ\u00f3mico.\" \/>\n<meta property=\"og:url\" content=\"https:\/\/abaa.mx\/tienda\/logtag-usric-4\/\" \/>\n<meta property=\"og:site_name\" content=\"Abaa tienda online\" \/>\n<meta property=\"article:modified_time\" content=\"2023-11-24T16:02:58+00:00\" \/>\n<meta property=\"og:image\" content=\"https:\/\/abaa.mx\/tienda\/wp-content\/uploads\/2023\/09\/USRIC-4.png\" \/>\n\t<meta property=\"og:image:width\" content=\"325\" \/>\n\t<meta property=\"og:image:height\" content=\"325\" \/>\n\t<meta property=\"og:image:type\" content=\"image\/png\" \/>\n<meta name=\"twitter:card\" content=\"summary_large_image\" \/>\n<meta name=\"twitter:label1\" content=\"Tiempo de lectura\" \/>\n\t<meta name=\"twitter:data1\" content=\"3 minutos\" \/>\n<script type=\"application\/ld+json\" class=\"yoast-schema-graph\">{\"@context\":\"https:\/\/schema.org\",\"@graph\":[{\"@type\":\"WebPage\",\"@id\":\"https:\/\/abaa.mx\/tienda\/logtag-usric-4\/\",\"url\":\"https:\/\/abaa.mx\/tienda\/logtag-usric-4\/\",\"name\":\"Logtag usric-4 - Abaa tienda online\",\"isPartOf\":{\"@id\":\"https:\/\/abaa.mx\/tienda\/#website\"},\"primaryImageOfPage\":{\"@id\":\"https:\/\/abaa.mx\/tienda\/logtag-usric-4\/#primaryimage\"},\"image\":{\"@id\":\"https:\/\/abaa.mx\/tienda\/logtag-usric-4\/#primaryimage\"},\"thumbnailUrl\":\"https:\/\/abaa.mx\/tienda\/wp-content\/uploads\/2023\/09\/USRIC-4.png\",\"datePublished\":\"2023-09-08T16:38:47+00:00\",\"dateModified\":\"2023-11-24T16:02:58+00:00\",\"breadcrumb\":{\"@id\":\"https:\/\/abaa.mx\/tienda\/logtag-usric-4\/#breadcrumb\"},\"inLanguage\":\"es\",\"potentialAction\":[{\"@type\":\"ReadAction\",\"target\":[\"https:\/\/abaa.mx\/tienda\/logtag-usric-4\/\"]}]},{\"@type\":\"ImageObject\",\"inLanguage\":\"es\",\"@id\":\"https:\/\/abaa.mx\/tienda\/logtag-usric-4\/#primaryimage\",\"url\":\"https:\/\/abaa.mx\/tienda\/wp-content\/uploads\/2023\/09\/USRIC-4.png\",\"contentUrl\":\"https:\/\/abaa.mx\/tienda\/wp-content\/uploads\/2023\/09\/USRIC-4.png\",\"width\":325,\"height\":325,\"caption\":\"logtag-usric-4\"},{\"@type\":\"BreadcrumbList\",\"@id\":\"https:\/\/abaa.mx\/tienda\/logtag-usric-4\/#breadcrumb\",\"itemListElement\":[{\"@type\":\"ListItem\",\"position\":1,\"name\":\"Inicio\",\"item\":\"https:\/\/abaa.mx\/tienda\/\"},{\"@type\":\"ListItem\",\"position\":2,\"name\":\"Tienda\",\"item\":\"https:\/\/abaa.mx\/tienda\/\"},{\"@type\":\"ListItem\",\"position\":3,\"name\":\"Logtag usric-4\"}]},{\"@type\":\"WebSite\",\"@id\":\"https:\/\/abaa.mx\/tienda\/#website\",\"url\":\"https:\/\/abaa.mx\/tienda\/\",\"name\":\"Abaa tienda online\",\"description\":\"Instrumentos de medici\u00f3n\",\"publisher\":{\"@id\":\"https:\/\/abaa.mx\/tienda\/#organization\"},\"potentialAction\":[{\"@type\":\"SearchAction\",\"target\":{\"@type\":\"EntryPoint\",\"urlTemplate\":\"https:\/\/abaa.mx\/tienda\/?s={search_term_string}\"},\"query-input\":{\"@type\":\"PropertyValueSpecification\",\"valueRequired\":true,\"valueName\":\"search_term_string\"}}],\"inLanguage\":\"es\"},{\"@type\":\"Organization\",\"@id\":\"https:\/\/abaa.mx\/tienda\/#organization\",\"name\":\"Abaa tienda online\",\"url\":\"https:\/\/abaa.mx\/tienda\/\",\"logo\":{\"@type\":\"ImageObject\",\"inLanguage\":\"es\",\"@id\":\"https:\/\/abaa.mx\/tienda\/#\/schema\/logo\/image\/\",\"url\":\"https:\/\/abaa.mx\/tienda\/wp-content\/uploads\/2024\/01\/abaa-metrologia-tienda.png\",\"contentUrl\":\"https:\/\/abaa.mx\/tienda\/wp-content\/uploads\/2024\/01\/abaa-metrologia-tienda.png\",\"width\":300,\"height\":141,\"caption\":\"Abaa tienda online\"},\"image\":{\"@id\":\"https:\/\/abaa.mx\/tienda\/#\/schema\/logo\/image\/\"}}]}<\/script>\n<!-- \/ Yoast SEO plugin. -->","yoast_head_json":{"title":"Logtag usric-4 - Abaa tienda online","robots":{"index":"index","follow":"follow","max-snippet":"max-snippet:-1","max-image-preview":"max-image-preview:large","max-video-preview":"max-video-preview:-1"},"canonical":"https:\/\/abaa.mx\/tienda\/logtag-usric-4\/","og_locale":"es_MX","og_type":"article","og_title":"Logtag usric-4 - Abaa tienda online","og_description":"El LogTag USRIC-4 combina todas las caracter\u00edsticas de un registrador de temperatura avanzado con 4000 de memoria de registro y una vida \u00fatil de 6 meses en un paquete robusto y econ\u00f3mico.","og_url":"https:\/\/abaa.mx\/tienda\/logtag-usric-4\/","og_site_name":"Abaa tienda online","article_modified_time":"2023-11-24T16:02:58+00:00","og_image":[{"width":325,"height":325,"url":"https:\/\/abaa.mx\/tienda\/wp-content\/uploads\/2023\/09\/USRIC-4.png","type":"image\/png"}],"twitter_card":"summary_large_image","twitter_misc":{"Tiempo de lectura":"3 minutos"},"schema":{"@context":"https:\/\/schema.org","@graph":[{"@type":"WebPage","@id":"https:\/\/abaa.mx\/tienda\/logtag-usric-4\/","url":"https:\/\/abaa.mx\/tienda\/logtag-usric-4\/","name":"Logtag usric-4 - Abaa tienda online","isPartOf":{"@id":"https:\/\/abaa.mx\/tienda\/#website"},"primaryImageOfPage":{"@id":"https:\/\/abaa.mx\/tienda\/logtag-usric-4\/#primaryimage"},"image":{"@id":"https:\/\/abaa.mx\/tienda\/logtag-usric-4\/#primaryimage"},"thumbnailUrl":"https:\/\/abaa.mx\/tienda\/wp-content\/uploads\/2023\/09\/USRIC-4.png","datePublished":"2023-09-08T16:38:47+00:00","dateModified":"2023-11-24T16:02:58+00:00","breadcrumb":{"@id":"https:\/\/abaa.mx\/tienda\/logtag-usric-4\/#breadcrumb"},"inLanguage":"es","potentialAction":[{"@type":"ReadAction","target":["https:\/\/abaa.mx\/tienda\/logtag-usric-4\/"]}]},{"@type":"ImageObject","inLanguage":"es","@id":"https:\/\/abaa.mx\/tienda\/logtag-usric-4\/#primaryimage","url":"https:\/\/abaa.mx\/tienda\/wp-content\/uploads\/2023\/09\/USRIC-4.png","contentUrl":"https:\/\/abaa.mx\/tienda\/wp-content\/uploads\/2023\/09\/USRIC-4.png","width":325,"height":325,"caption":"logtag-usric-4"},{"@type":"BreadcrumbList","@id":"https:\/\/abaa.mx\/tienda\/logtag-usric-4\/#breadcrumb","itemListElement":[{"@type":"ListItem","position":1,"name":"Inicio","item":"https:\/\/abaa.mx\/tienda\/"},{"@type":"ListItem","position":2,"name":"Tienda","item":"https:\/\/abaa.mx\/tienda\/"},{"@type":"ListItem","position":3,"name":"Logtag usric-4"}]},{"@type":"WebSite","@id":"https:\/\/abaa.mx\/tienda\/#website","url":"https:\/\/abaa.mx\/tienda\/","name":"Abaa tienda online","description":"Instrumentos de medici\u00f3n","publisher":{"@id":"https:\/\/abaa.mx\/tienda\/#organization"},"potentialAction":[{"@type":"SearchAction","target":{"@type":"EntryPoint","urlTemplate":"https:\/\/abaa.mx\/tienda\/?s={search_term_string}"},"query-input":{"@type":"PropertyValueSpecification","valueRequired":true,"valueName":"search_term_string"}}],"inLanguage":"es"},{"@type":"Organization","@id":"https:\/\/abaa.mx\/tienda\/#organization","name":"Abaa tienda online","url":"https:\/\/abaa.mx\/tienda\/","logo":{"@type":"ImageObject","inLanguage":"es","@id":"https:\/\/abaa.mx\/tienda\/#\/schema\/logo\/image\/","url":"https:\/\/abaa.mx\/tienda\/wp-content\/uploads\/2024\/01\/abaa-metrologia-tienda.png","contentUrl":"https:\/\/abaa.mx\/tienda\/wp-content\/uploads\/2024\/01\/abaa-metrologia-tienda.png","width":300,"height":141,"caption":"Abaa tienda online"},"image":{"@id":"https:\/\/abaa.mx\/tienda\/#\/schema\/logo\/image\/"}}]}},"_links":{"self":[{"href":"https:\/\/abaa.mx\/tienda\/wp-json\/wp\/v2\/product\/1358","targetHints":{"allow":["GET"]}}],"collection":[{"href":"https:\/\/abaa.mx\/tienda\/wp-json\/wp\/v2\/product"}],"about":[{"href":"https:\/\/abaa.mx\/tienda\/wp-json\/wp\/v2\/types\/product"}],"replies":[{"embeddable":true,"href":"https:\/\/abaa.mx\/tienda\/wp-json\/wp\/v2\/comments?post=1358"}],"wp:featuredmedia":[{"embeddable":true,"href":"https:\/\/abaa.mx\/tienda\/wp-json\/wp\/v2\/media\/1361"}],"wp:attachment":[{"href":"https:\/\/abaa.mx\/tienda\/wp-json\/wp\/v2\/media?parent=1358"}],"wp:term":[{"taxonomy":"product_brand","embeddable":true,"href":"https:\/\/abaa.mx\/tienda\/wp-json\/wp\/v2\/product_brand?post=1358"},{"taxonomy":"product_cat","embeddable":true,"href":"https:\/\/abaa.mx\/tienda\/wp-json\/wp\/v2\/product_cat?post=1358"},{"taxonomy":"product_tag","embeddable":true,"href":"https:\/\/abaa.mx\/tienda\/wp-json\/wp\/v2\/product_tag?post=1358"}],"curies":[{"name":"wp","href":"https:\/\/api.w.org\/{rel}","templated":true}]}}