{"id":1341,"date":"2023-09-08T16:09:45","date_gmt":"2023-09-08T16:09:45","guid":{"rendered":"https:\/\/abaa.mx\/tienda\/?post_type=product&#038;p=1341"},"modified":"2023-09-08T16:09:46","modified_gmt":"2023-09-08T16:09:46","slug":"logtag-sric-4","status":"publish","type":"product","link":"https:\/\/abaa.mx\/tienda\/logtag-sric-4\/","title":{"rendered":"Logtag sric-4"},"content":{"rendered":"<h3>Aplicaciones<\/h3>\n<p>Ideal para el monitoreo rentable de productos sensibles a la temperatura tanto en aplicaciones de transporte de corta distancia como de larga distancia<\/p>\n<h3>Resumen del producto<\/h3>\n<p><span>El LogTag SRIC-4 es un registrador de temperatura de un solo viaje desarrollado espec\u00edficamente para monitorear productos sensibles a la temperatura en aplicaciones de transporte de corta y larga distancia.<\/span><\/p>\n<p>El SRIC-4 combina todas las caracter\u00edsticas de un registrador de temperatura avanzado con una memoria de registro de 4000 y una vida \u00fatil de 90 d\u00edas en un paquete robusto y econ\u00f3mico.<\/p>\n<p><span>Cuando se utiliza junto con la base de interfaz LogTag est\u00e1ndar y el software operativo LogTag Analyzer disponible gratuitamente, el usuario puede configurar f\u00e1cilmente el SRIC-4 para una amplia gama de condiciones de grabaci\u00f3n y alerta.<\/span><\/p>\n<p><span>Las lecturas se descargan utilizando LogTag Analyzer, que proporciona facilidades para mostrar datos en formatos de gr\u00e1ficos, tablas o estad\u00edsticas y permite el archivo, la exportaci\u00f3n o la transmisi\u00f3n electr\u00f3nica de los datos en apoyo de sofisticados sistemas de gesti\u00f3n de datos.<\/span><\/p>\n<p>El indicador de alerta roja proporciona una indicaci\u00f3n inmediata, sin acceso a un PC, si alguna lectura est\u00e1 fuera de los l\u00edmites especificados en el momento en que se configur\u00f3 la unidad.<br \/>\nEl indicador verde OK proporciona confirmaci\u00f3n visual inmediata, sin acceso a un PC, de que la unidad est\u00e1 funcionando.<\/p>\n<p>El SRIC-4 incorpora un sensor de temperatura externo dispuesto de forma \u00fanica en un hueco en la caja. Esta disposici\u00f3n protege el sensor de da\u00f1os f\u00edsicos al tiempo que conserva el tiempo de respuesta m\u00e1s r\u00e1pido normalmente asociado con los sensores remotos.<\/p>\n<p>Tenga en cuenta: Se requiere una interfaz para la configuraci\u00f3n y la generaci\u00f3n de informes<\/p>\n<h3>Productos destacados<\/h3>\n<ul class=\"highlights bullet\">\n<li><b>Indicadores de alerta y OK<\/b>\u00a0Indique si las lecturas est\u00e1n fuera de los l\u00edmites preestablecidos y si a\u00fan graba.<\/li>\n<li><b>Marca de inspecci\u00f3n<\/b>\u00a0Marca de inspecci\u00f3n mediante pulsador.<\/li>\n<li><b>Bot\u00f3n<\/b>\u00a0Inicio de registro con inicio diferido opcional (hasta 18 horas) o inicio espec\u00edfico de fecha y hora<\/li>\n<li><b>\u00a1Descarga r\u00e1pida!<\/b>\u00a0Solo tarda unos segundos en descargar grabaciones<\/li>\n<li><b>Estuche plano delgado<\/b>\u00a0Cabe f\u00e1cilmente en el embalaje y es lo suficientemente delgado como para ser enviado f\u00e1cilmente por correo &#8220;tarifa de carta&#8221;.<\/li>\n<li><b>Reloj en tiempo real<\/b>\u00a0Registra el tiempo y la temperatura simult\u00e1neamente<\/li>\n<li><b>Capacidad de 4000 grabaciones<\/b>\u00a0Suficiente memoria para 13 d\u00edas @ 5 minutos de registro, 41 d\u00edas @ 15 minutos de registro y 82 d\u00edas @ 30 minutos de registro.<\/li>\n<\/ul>\n<div class=\"shadowSpacer\"><\/div>\n<h3>Especificaciones t\u00e9cnicas<\/h3>\n<table class=\"table table-bordered table-condensed\">\n<colgroup>\n<col width=\"50%\" \/>\n<col width=\"50%\" \/><\/colgroup>\n<tbody>\n<tr>\n<td width=\"50%\">C\u00f3digo de pedido de piezas<\/td>\n<td width=\"50%\">SRIC-4<\/td>\n<\/tr>\n<tr>\n<td>Rango de medici\u00f3n de temperatura nominal<\/td>\n<td>-30\u00b0C ~ +60\u00b0C<\/td>\n<\/tr>\n<tr>\n<td>Rango de temperatura de funcionamiento del registrador nominal<\/td>\n<td>-30 \u00b0C ~ +60 \u00b0<\/td>\n<\/tr>\n<tr>\n<td>Precisi\u00f3n de lectura de temperatura nominal<\/td>\n<td>\u00b10.5 \u00b0C o mejor para mediciones de -5 \u00b0C ~ +30 \u00b0C,<br \/>\n\u00b10.8 \u00b0C o mejor para mediciones en otras \u00e1reas de rango nominal.<\/td>\n<\/tr>\n<tr>\n<td>Resoluci\u00f3n de lectura de temperatura<\/td>\n<td>0.1 \u00b0C<\/td>\n<\/tr>\n<tr>\n<td>Capacidad de grabaci\u00f3n<\/td>\n<td>3968 registros (es decir, 13.75 d\u00edas @ 5 min de registro, 41.25 d\u00edas @ 15 min de registro y 82.5 d\u00edas @ 30 min de registro).<\/td>\n<\/tr>\n<tr>\n<td>Frecuencia de muestreo<\/td>\n<td>configurable 1 ~ 60 minutos o 1 ~ 18 horas<\/td>\n<\/tr>\n<tr>\n<td>Hora de descarga<\/td>\n<td>Normalmente menos de 4 segundos para 3968 grabaciones<\/td>\n<\/tr>\n<tr>\n<td>Fuente de alimentaci\u00f3n<\/td>\n<td>interno 3V Li-Mg<\/td>\n<\/tr>\n<tr>\n<td>Duraci\u00f3n de la bater\u00eda<\/td>\n<td>20 meses de vida \u00fatil, seguidos de 90 d\u00edas de uso normal<\/td>\n<\/tr>\n<tr>\n<td>Tama\u00f1o<\/td>\n<td>77,6 mm(alto)x54,5 mm(ancho)x8,6 mm(profundidad)<\/td>\n<\/tr>\n<tr>\n<td>Peso<\/td>\n<td>28 gramos<\/td>\n<\/tr>\n<tr>\n<td>Material de la caja<\/td>\n<td>Policarbonato<\/td>\n<\/tr>\n<tr>\n<td>Cumplimiento de Normas de EMC<\/td>\n<td>Probado y cumple con las directivas EC EMC (EN50081-1:1992 y EN 61000-6-1:2001)<\/td>\n<\/tr>\n<\/tbody>\n<\/table>\n","protected":false},"excerpt":{"rendered":"<h3>Aplicaciones<\/h3>\n<p>Ideal para el monitoreo rentable de productos sensibles a la temperatura tanto en aplicaciones de transporte de corta distancia como de larga distancia<\/p>\n<h3>Resumen del producto<\/h3>\n<p>El LogTag SRIC-4 es un registrador de temperatura de un solo viaje desarrollado espec\u00edficamente para monitorear productos sensibles a la temperatura en aplicaciones de transporte de corta y larga distancia.<\/p>\n","protected":false},"featured_media":1343,"comment_status":"open","ping_status":"closed","template":"","meta":{"_joinchat":[]},"product_brand":[],"product_cat":[15],"product_tag":[],"class_list":{"0":"post-1341","1":"product","2":"type-product","3":"status-publish","4":"has-post-thumbnail","6":"product_cat-sin-categorizar","8":"first","9":"instock","10":"shipping-taxable","11":"product-type-simple"},"yoast_head":"<!-- This site is optimized with the Yoast SEO plugin v26.4 - https:\/\/yoast.com\/wordpress\/plugins\/seo\/ -->\n<title>Logtag sric-4 - Abaa tienda online<\/title>\n<meta name=\"robots\" content=\"index, follow, max-snippet:-1, max-image-preview:large, max-video-preview:-1\" \/>\n<link rel=\"canonical\" href=\"https:\/\/abaa.mx\/tienda\/logtag-sric-4\/\" \/>\n<meta property=\"og:locale\" content=\"es_MX\" \/>\n<meta property=\"og:type\" content=\"article\" \/>\n<meta property=\"og:title\" content=\"Logtag sric-4 - Abaa tienda online\" \/>\n<meta property=\"og:description\" content=\"Aplicaciones Ideal para el monitoreo rentable de productos sensibles a la temperatura tanto en aplicaciones de transporte de corta distancia como de larga distancia Resumen del producto El LogTag SRIC-4 es un registrador de temperatura de un solo viaje desarrollado espec\u00edficamente para monitorear productos sensibles a la temperatura en aplicaciones de transporte de corta y larga distancia.\" \/>\n<meta property=\"og:url\" content=\"https:\/\/abaa.mx\/tienda\/logtag-sric-4\/\" \/>\n<meta property=\"og:site_name\" content=\"Abaa tienda online\" \/>\n<meta property=\"article:modified_time\" content=\"2023-09-08T16:09:46+00:00\" \/>\n<meta property=\"og:image\" content=\"https:\/\/abaa.mx\/tienda\/wp-content\/uploads\/2023\/09\/logtag-sric-4.webp\" \/>\n\t<meta property=\"og:image:width\" content=\"866\" \/>\n\t<meta property=\"og:image:height\" content=\"866\" \/>\n\t<meta property=\"og:image:type\" content=\"image\/webp\" \/>\n<meta name=\"twitter:card\" content=\"summary_large_image\" \/>\n<meta name=\"twitter:label1\" content=\"Tiempo de lectura\" \/>\n\t<meta name=\"twitter:data1\" content=\"3 minutos\" \/>\n<script type=\"application\/ld+json\" class=\"yoast-schema-graph\">{\"@context\":\"https:\/\/schema.org\",\"@graph\":[{\"@type\":\"WebPage\",\"@id\":\"https:\/\/abaa.mx\/tienda\/logtag-sric-4\/\",\"url\":\"https:\/\/abaa.mx\/tienda\/logtag-sric-4\/\",\"name\":\"Logtag sric-4 - Abaa tienda online\",\"isPartOf\":{\"@id\":\"https:\/\/abaa.mx\/tienda\/#website\"},\"primaryImageOfPage\":{\"@id\":\"https:\/\/abaa.mx\/tienda\/logtag-sric-4\/#primaryimage\"},\"image\":{\"@id\":\"https:\/\/abaa.mx\/tienda\/logtag-sric-4\/#primaryimage\"},\"thumbnailUrl\":\"https:\/\/abaa.mx\/tienda\/wp-content\/uploads\/2023\/09\/logtag-sric-4.webp\",\"datePublished\":\"2023-09-08T16:09:45+00:00\",\"dateModified\":\"2023-09-08T16:09:46+00:00\",\"breadcrumb\":{\"@id\":\"https:\/\/abaa.mx\/tienda\/logtag-sric-4\/#breadcrumb\"},\"inLanguage\":\"es\",\"potentialAction\":[{\"@type\":\"ReadAction\",\"target\":[\"https:\/\/abaa.mx\/tienda\/logtag-sric-4\/\"]}]},{\"@type\":\"ImageObject\",\"inLanguage\":\"es\",\"@id\":\"https:\/\/abaa.mx\/tienda\/logtag-sric-4\/#primaryimage\",\"url\":\"https:\/\/abaa.mx\/tienda\/wp-content\/uploads\/2023\/09\/logtag-sric-4.webp\",\"contentUrl\":\"https:\/\/abaa.mx\/tienda\/wp-content\/uploads\/2023\/09\/logtag-sric-4.webp\",\"width\":866,\"height\":866,\"caption\":\"logtag-sric-4\"},{\"@type\":\"BreadcrumbList\",\"@id\":\"https:\/\/abaa.mx\/tienda\/logtag-sric-4\/#breadcrumb\",\"itemListElement\":[{\"@type\":\"ListItem\",\"position\":1,\"name\":\"Inicio\",\"item\":\"https:\/\/abaa.mx\/tienda\/\"},{\"@type\":\"ListItem\",\"position\":2,\"name\":\"Tienda\",\"item\":\"https:\/\/abaa.mx\/tienda\/\"},{\"@type\":\"ListItem\",\"position\":3,\"name\":\"Logtag sric-4\"}]},{\"@type\":\"WebSite\",\"@id\":\"https:\/\/abaa.mx\/tienda\/#website\",\"url\":\"https:\/\/abaa.mx\/tienda\/\",\"name\":\"Abaa tienda online\",\"description\":\"Instrumentos de medici\u00f3n\",\"publisher\":{\"@id\":\"https:\/\/abaa.mx\/tienda\/#organization\"},\"potentialAction\":[{\"@type\":\"SearchAction\",\"target\":{\"@type\":\"EntryPoint\",\"urlTemplate\":\"https:\/\/abaa.mx\/tienda\/?s={search_term_string}\"},\"query-input\":{\"@type\":\"PropertyValueSpecification\",\"valueRequired\":true,\"valueName\":\"search_term_string\"}}],\"inLanguage\":\"es\"},{\"@type\":\"Organization\",\"@id\":\"https:\/\/abaa.mx\/tienda\/#organization\",\"name\":\"Abaa tienda online\",\"url\":\"https:\/\/abaa.mx\/tienda\/\",\"logo\":{\"@type\":\"ImageObject\",\"inLanguage\":\"es\",\"@id\":\"https:\/\/abaa.mx\/tienda\/#\/schema\/logo\/image\/\",\"url\":\"https:\/\/abaa.mx\/tienda\/wp-content\/uploads\/2024\/01\/abaa-metrologia-tienda.png\",\"contentUrl\":\"https:\/\/abaa.mx\/tienda\/wp-content\/uploads\/2024\/01\/abaa-metrologia-tienda.png\",\"width\":300,\"height\":141,\"caption\":\"Abaa tienda online\"},\"image\":{\"@id\":\"https:\/\/abaa.mx\/tienda\/#\/schema\/logo\/image\/\"}}]}<\/script>\n<!-- \/ Yoast SEO plugin. -->","yoast_head_json":{"title":"Logtag sric-4 - Abaa tienda online","robots":{"index":"index","follow":"follow","max-snippet":"max-snippet:-1","max-image-preview":"max-image-preview:large","max-video-preview":"max-video-preview:-1"},"canonical":"https:\/\/abaa.mx\/tienda\/logtag-sric-4\/","og_locale":"es_MX","og_type":"article","og_title":"Logtag sric-4 - Abaa tienda online","og_description":"Aplicaciones Ideal para el monitoreo rentable de productos sensibles a la temperatura tanto en aplicaciones de transporte de corta distancia como de larga distancia Resumen del producto El LogTag SRIC-4 es un registrador de temperatura de un solo viaje desarrollado espec\u00edficamente para monitorear productos sensibles a la temperatura en aplicaciones de transporte de corta y larga distancia.","og_url":"https:\/\/abaa.mx\/tienda\/logtag-sric-4\/","og_site_name":"Abaa tienda online","article_modified_time":"2023-09-08T16:09:46+00:00","og_image":[{"width":866,"height":866,"url":"https:\/\/abaa.mx\/tienda\/wp-content\/uploads\/2023\/09\/logtag-sric-4.webp","type":"image\/webp"}],"twitter_card":"summary_large_image","twitter_misc":{"Tiempo de lectura":"3 minutos"},"schema":{"@context":"https:\/\/schema.org","@graph":[{"@type":"WebPage","@id":"https:\/\/abaa.mx\/tienda\/logtag-sric-4\/","url":"https:\/\/abaa.mx\/tienda\/logtag-sric-4\/","name":"Logtag sric-4 - Abaa tienda online","isPartOf":{"@id":"https:\/\/abaa.mx\/tienda\/#website"},"primaryImageOfPage":{"@id":"https:\/\/abaa.mx\/tienda\/logtag-sric-4\/#primaryimage"},"image":{"@id":"https:\/\/abaa.mx\/tienda\/logtag-sric-4\/#primaryimage"},"thumbnailUrl":"https:\/\/abaa.mx\/tienda\/wp-content\/uploads\/2023\/09\/logtag-sric-4.webp","datePublished":"2023-09-08T16:09:45+00:00","dateModified":"2023-09-08T16:09:46+00:00","breadcrumb":{"@id":"https:\/\/abaa.mx\/tienda\/logtag-sric-4\/#breadcrumb"},"inLanguage":"es","potentialAction":[{"@type":"ReadAction","target":["https:\/\/abaa.mx\/tienda\/logtag-sric-4\/"]}]},{"@type":"ImageObject","inLanguage":"es","@id":"https:\/\/abaa.mx\/tienda\/logtag-sric-4\/#primaryimage","url":"https:\/\/abaa.mx\/tienda\/wp-content\/uploads\/2023\/09\/logtag-sric-4.webp","contentUrl":"https:\/\/abaa.mx\/tienda\/wp-content\/uploads\/2023\/09\/logtag-sric-4.webp","width":866,"height":866,"caption":"logtag-sric-4"},{"@type":"BreadcrumbList","@id":"https:\/\/abaa.mx\/tienda\/logtag-sric-4\/#breadcrumb","itemListElement":[{"@type":"ListItem","position":1,"name":"Inicio","item":"https:\/\/abaa.mx\/tienda\/"},{"@type":"ListItem","position":2,"name":"Tienda","item":"https:\/\/abaa.mx\/tienda\/"},{"@type":"ListItem","position":3,"name":"Logtag sric-4"}]},{"@type":"WebSite","@id":"https:\/\/abaa.mx\/tienda\/#website","url":"https:\/\/abaa.mx\/tienda\/","name":"Abaa tienda online","description":"Instrumentos de medici\u00f3n","publisher":{"@id":"https:\/\/abaa.mx\/tienda\/#organization"},"potentialAction":[{"@type":"SearchAction","target":{"@type":"EntryPoint","urlTemplate":"https:\/\/abaa.mx\/tienda\/?s={search_term_string}"},"query-input":{"@type":"PropertyValueSpecification","valueRequired":true,"valueName":"search_term_string"}}],"inLanguage":"es"},{"@type":"Organization","@id":"https:\/\/abaa.mx\/tienda\/#organization","name":"Abaa tienda online","url":"https:\/\/abaa.mx\/tienda\/","logo":{"@type":"ImageObject","inLanguage":"es","@id":"https:\/\/abaa.mx\/tienda\/#\/schema\/logo\/image\/","url":"https:\/\/abaa.mx\/tienda\/wp-content\/uploads\/2024\/01\/abaa-metrologia-tienda.png","contentUrl":"https:\/\/abaa.mx\/tienda\/wp-content\/uploads\/2024\/01\/abaa-metrologia-tienda.png","width":300,"height":141,"caption":"Abaa tienda online"},"image":{"@id":"https:\/\/abaa.mx\/tienda\/#\/schema\/logo\/image\/"}}]}},"_links":{"self":[{"href":"https:\/\/abaa.mx\/tienda\/wp-json\/wp\/v2\/product\/1341","targetHints":{"allow":["GET"]}}],"collection":[{"href":"https:\/\/abaa.mx\/tienda\/wp-json\/wp\/v2\/product"}],"about":[{"href":"https:\/\/abaa.mx\/tienda\/wp-json\/wp\/v2\/types\/product"}],"replies":[{"embeddable":true,"href":"https:\/\/abaa.mx\/tienda\/wp-json\/wp\/v2\/comments?post=1341"}],"wp:featuredmedia":[{"embeddable":true,"href":"https:\/\/abaa.mx\/tienda\/wp-json\/wp\/v2\/media\/1343"}],"wp:attachment":[{"href":"https:\/\/abaa.mx\/tienda\/wp-json\/wp\/v2\/media?parent=1341"}],"wp:term":[{"taxonomy":"product_brand","embeddable":true,"href":"https:\/\/abaa.mx\/tienda\/wp-json\/wp\/v2\/product_brand?post=1341"},{"taxonomy":"product_cat","embeddable":true,"href":"https:\/\/abaa.mx\/tienda\/wp-json\/wp\/v2\/product_cat?post=1341"},{"taxonomy":"product_tag","embeddable":true,"href":"https:\/\/abaa.mx\/tienda\/wp-json\/wp\/v2\/product_tag?post=1341"}],"curies":[{"name":"wp","href":"https:\/\/api.w.org\/{rel}","templated":true}]}}