{"id":1333,"date":"2023-09-08T15:54:30","date_gmt":"2023-09-08T15:54:30","guid":{"rendered":"https:\/\/abaa.mx\/tienda\/?post_type=product&#038;p=1333"},"modified":"2023-11-24T16:14:23","modified_gmt":"2023-11-24T16:14:23","slug":"logtag-haso-8","status":"publish","type":"product","link":"https:\/\/abaa.mx\/tienda\/logtag-haso-8\/","title":{"rendered":"Logtag haso-8"},"content":{"rendered":"<p>El LogTagHASO-8 es un registrador de humedad y temperatura de un solo uso que mide y almacena hasta 8000 conjuntos de lecturas de humedad y temperatura de alta resoluci\u00f3n en un rango de medici\u00f3n de 0 a 100% HR y -40 \u00b0C a +85 \u00b0C.<\/p>\n<p>Encerrado en una caja de policarbonato robusta y duradera, el HASO-8 est\u00e1 equipado con una disposici\u00f3n \u00fanica de sensores de humedad y temperatura que proporciona un tiempo de reacci\u00f3n r\u00e1pido a la humedad y el cambio de temperatura y un reloj en tiempo real que proporciona marcas de fecha \/ hora para cada lectura de temperatura.<\/p>\n<p>Utilizando la interfaz LogTag y el software complementario LogTag Analyzer de LogTag, disponible gratuitamente, el LogTag se configura f\u00e1cilmente para registrar condiciones que incluyen inicio retrasado, intervalo de muestreo del registrador de humedad y temperatura de un solo uso HASO-8, n\u00famero de lecturas y configuraci\u00f3n de condiciones para activar el indicador ALERT.<\/p>\n<p>Las lecturas se descargan utilizando LogTag Analyzer, que proporciona facilidades para gr\u00e1ficos, zoom, enumeraci\u00f3n de estad\u00edsticas de datos y permite exportar los datos a otras aplicaciones como Excel. El LogTag HASO-8 cumple con los est\u00e1ndares internacionales relevantes para dispositivos de monitoreo de humedad y temperatura: &#8211; FDA 21 CFR Parte 11, Anexo CE 11, Regulaciones de Mercanc\u00edas Peligrosas 2018 de IATA 59th Edition, FCC, CE, RCM y RoHS. Esto demuestra la calidad e idoneidad del LogTag HASO-8 para aplicaciones de monitoreo de humedad y temperatura donde se requiere precisi\u00f3n y consistencia.<\/p>\n<p>&nbsp;<\/p>\n<p><strong>Caracter\u00edsticas:<\/strong><\/p>\n<ul class=\"highlights bullet\">\n<li><b>Grabar alta resoluci\u00f3n: <\/b>Lecturas de temperatura y humedad simult\u00e1neamente<\/li>\n<li><strong>Un reloj en tiempo real:<\/strong> Proporciona marcas de fecha \/ hora para cada lectura de temperatura<\/li>\n<li><strong>Bot\u00f3n de arranque pulsado:<\/strong> Con retardo opcional o una hora y fecha espec\u00edficas<\/li>\n<li><strong>Opciones de personalizaci\u00f3n completas:<\/strong> Que incluyen configuraci\u00f3n de alertas, intervalo de muestra y duraci\u00f3n del viaje.<\/li>\n<li><strong>Caja de policarbonato robusta y duradera con orejeta:<\/strong> Para un montaje seguro.<\/li>\n<li><strong>Hasta 8.000 grabaciones:<\/strong> Suficientes para el viaje m\u00e1s largo.<\/li>\n<li><strong>Las inspecciones en tr\u00e1nsito:<\/strong> Se pueden registrar con solo presionar un bot\u00f3n.<\/li>\n<\/ul>\n<div class=\"row\"><\/div>\n<h3>Especificaciones t\u00e9cnicas<\/h3>\n<table class=\"table table-bordered table-condensed\">\n<colgroup>\n<col width=\"50%\" \/>\n<col width=\"50%\" \/><\/colgroup>\n<tbody>\n<tr>\n<td width=\"50%\">Modelo de producto<\/td>\n<td width=\"50%\">HASO-8<\/td>\n<\/tr>\n<tr>\n<td>Rango de medici\u00f3n del sensor<\/td>\n<td>-40 \u00b0C hasta +85 \u00b0C<\/td>\n<\/tr>\n<tr>\n<td>Rango de temperatura de funcionamiento<\/td>\n<td>-40 \u00b0C hasta +85 \u00b0C<\/td>\n<\/tr>\n<tr>\n<td>Rango de temperatura de almacenamiento<\/td>\n<td>Rango de temperatura de almacenamiento de 0 \u00b0C a +40 \u00b0C<\/td>\n<\/tr>\n<tr>\n<td>Rango de medici\u00f3n de humedad<\/td>\n<td>0 % HR a 100 % HR, con limitaciones<\/td>\n<\/tr>\n<tr>\n<td>Rango de humedad de almacenamiento<\/td>\n<td>0-65 %, sin condensaci\u00f3n<\/td>\n<\/tr>\n<tr>\n<td>Resoluci\u00f3n de humedad<\/td>\n<td>Mejor que 0.1 % HR<\/td>\n<\/tr>\n<tr>\n<td>Resoluci\u00f3n de temperatura<\/td>\n<td>Mejor que 0.1 \u00b0C<\/td>\n<\/tr>\n<tr>\n<td>Capacidad de grabaci\u00f3n<\/td>\n<td>8,031 pares de lecturas de humedad y temperatura 53<br \/>\nd\u00edas @ 10 min registro, 80 d\u00edas @ 15 min registro<\/td>\n<\/tr>\n<tr>\n<td>Intervalo de muestreo<\/td>\n<td>Configurable desde 30 segundos hasta varias horas. (Normalmente registro de 5 minutos)<\/td>\n<\/tr>\n<tr>\n<td>Opciones de inicio de registro<\/td>\n<td>Inicio con bot\u00f3n pulsador o fecha y hora espec\u00edficas<\/td>\n<\/tr>\n<tr>\n<td>Indicaci\u00f3n de grabaci\u00f3n<\/td>\n<td>Indicador &#8216;OK&#8217; parpadeante \/ indicador &#8216;ALERT&#8217; parpadeante<\/td>\n<\/tr>\n<tr>\n<td>Tiempo de descarga<\/td>\n<td>Normalmente, menos de 10 segundos para la memoria completa (8.031 pares de lecturas de humedad y temperatura), dependiendo de la computadora o el dispositivo de lectura<br \/>\nutilizado<\/td>\n<\/tr>\n<tr>\n<td>Medioambiental<\/td>\n<td>IP61 (cuando se cuelga o se monta verticalmente)<\/td>\n<\/tr>\n<tr>\n<td>Fuente de alimentaci\u00f3n<\/td>\n<td>Bater\u00eda LiMnO3 de 2V<\/td>\n<\/tr>\n<tr>\n<td>Duraci\u00f3n de la bater\u00eda<\/td>\n<td>1 a\u00f1o de uso normal (basado en un registro de 15 minutos, descarga de datos mensualmente)<\/td>\n<\/tr>\n<tr>\n<td>Reloj en tiempo real<\/td>\n<td>Reloj en tiempo real incorporado.<br \/>\nPrecisi\u00f3n nominal \u00b125 ppm @ 25 \u00b0C (equivalente a 2,5 segundos\/d\u00eda).<br \/>\nEl coeficiente de temperatura nominal es de -0.034 \u00b10.006 ppm\/ \u00b0C (es decir, t\u00edpicamente +\/- 0.00294 segundos<\/td>\n<\/tr>\n<tr>\n<td>Interfaz de conexi\u00f3n<\/td>\n<td>Base de interfaz<\/td>\n<\/tr>\n<tr>\n<td>Software<\/td>\n<td>Analizador LogTag<sup>\u00ae<\/sup><\/td>\n<\/tr>\n<tr>\n<td>Tama\u00f1o<\/td>\n<td>86 mm (alto) x 54,5 mm (ancho) x 8,6 mm (profundidad)<\/td>\n<\/tr>\n<tr>\n<td>Peso<\/td>\n<td>34 g<\/td>\n<\/tr>\n<tr>\n<td>Material de la caja<\/td>\n<td>Policarbonato<\/td>\n<\/tr>\n<\/tbody>\n<\/table>\n","protected":false},"excerpt":{"rendered":"<p>El LogTagHASO-8 es un registrador de humedad y temperatura de un solo uso que mide y almacena hasta 8000 conjuntos de lecturas de humedad y temperatura de alta resoluci\u00f3n en un rango de medici\u00f3n de 0 a 100% HR y -40 \u00b0C a +85 \u00b0C.<\/p>\n","protected":false},"featured_media":1336,"comment_status":"open","ping_status":"closed","template":"","meta":{"_joinchat":[]},"product_brand":[],"product_cat":[15],"product_tag":[],"class_list":{"0":"post-1333","1":"product","2":"type-product","3":"status-publish","4":"has-post-thumbnail","6":"product_cat-sin-categorizar","8":"first","9":"instock","10":"shipping-taxable","11":"product-type-simple"},"yoast_head":"<!-- This site is optimized with the Yoast SEO plugin v26.4 - https:\/\/yoast.com\/wordpress\/plugins\/seo\/ -->\n<title>Logtag haso-8 - Abaa tienda online<\/title>\n<meta name=\"robots\" content=\"index, follow, max-snippet:-1, max-image-preview:large, max-video-preview:-1\" \/>\n<link rel=\"canonical\" href=\"https:\/\/abaa.mx\/tienda\/logtag-haso-8\/\" \/>\n<meta property=\"og:locale\" content=\"es_MX\" \/>\n<meta property=\"og:type\" content=\"article\" \/>\n<meta property=\"og:title\" content=\"Logtag haso-8 - Abaa tienda online\" \/>\n<meta property=\"og:description\" content=\"El LogTagHASO-8 es un registrador de humedad y temperatura de un solo uso que mide y almacena hasta 8000 conjuntos de lecturas de humedad y temperatura de alta resoluci\u00f3n en un rango de medici\u00f3n de 0 a 100% HR y -40 \u00b0C a +85 \u00b0C.\" \/>\n<meta property=\"og:url\" content=\"https:\/\/abaa.mx\/tienda\/logtag-haso-8\/\" \/>\n<meta property=\"og:site_name\" content=\"Abaa tienda online\" \/>\n<meta property=\"article:modified_time\" content=\"2023-11-24T16:14:23+00:00\" \/>\n<meta property=\"og:image\" content=\"https:\/\/abaa.mx\/tienda\/wp-content\/uploads\/2023\/09\/HASO-8-1.png\" \/>\n\t<meta property=\"og:image:width\" content=\"300\" \/>\n\t<meta property=\"og:image:height\" content=\"460\" \/>\n\t<meta property=\"og:image:type\" content=\"image\/png\" \/>\n<meta name=\"twitter:card\" content=\"summary_large_image\" \/>\n<meta name=\"twitter:label1\" content=\"Tiempo de lectura\" \/>\n\t<meta name=\"twitter:data1\" content=\"3 minutos\" \/>\n<script type=\"application\/ld+json\" class=\"yoast-schema-graph\">{\"@context\":\"https:\/\/schema.org\",\"@graph\":[{\"@type\":\"WebPage\",\"@id\":\"https:\/\/abaa.mx\/tienda\/logtag-haso-8\/\",\"url\":\"https:\/\/abaa.mx\/tienda\/logtag-haso-8\/\",\"name\":\"Logtag haso-8 - Abaa tienda online\",\"isPartOf\":{\"@id\":\"https:\/\/abaa.mx\/tienda\/#website\"},\"primaryImageOfPage\":{\"@id\":\"https:\/\/abaa.mx\/tienda\/logtag-haso-8\/#primaryimage\"},\"image\":{\"@id\":\"https:\/\/abaa.mx\/tienda\/logtag-haso-8\/#primaryimage\"},\"thumbnailUrl\":\"https:\/\/abaa.mx\/tienda\/wp-content\/uploads\/2023\/09\/HASO-8-1.png\",\"datePublished\":\"2023-09-08T15:54:30+00:00\",\"dateModified\":\"2023-11-24T16:14:23+00:00\",\"breadcrumb\":{\"@id\":\"https:\/\/abaa.mx\/tienda\/logtag-haso-8\/#breadcrumb\"},\"inLanguage\":\"es\",\"potentialAction\":[{\"@type\":\"ReadAction\",\"target\":[\"https:\/\/abaa.mx\/tienda\/logtag-haso-8\/\"]}]},{\"@type\":\"ImageObject\",\"inLanguage\":\"es\",\"@id\":\"https:\/\/abaa.mx\/tienda\/logtag-haso-8\/#primaryimage\",\"url\":\"https:\/\/abaa.mx\/tienda\/wp-content\/uploads\/2023\/09\/HASO-8-1.png\",\"contentUrl\":\"https:\/\/abaa.mx\/tienda\/wp-content\/uploads\/2023\/09\/HASO-8-1.png\",\"width\":300,\"height\":460,\"caption\":\"logtag-haso-8\"},{\"@type\":\"BreadcrumbList\",\"@id\":\"https:\/\/abaa.mx\/tienda\/logtag-haso-8\/#breadcrumb\",\"itemListElement\":[{\"@type\":\"ListItem\",\"position\":1,\"name\":\"Inicio\",\"item\":\"https:\/\/abaa.mx\/tienda\/\"},{\"@type\":\"ListItem\",\"position\":2,\"name\":\"Tienda\",\"item\":\"https:\/\/abaa.mx\/tienda\/\"},{\"@type\":\"ListItem\",\"position\":3,\"name\":\"Logtag haso-8\"}]},{\"@type\":\"WebSite\",\"@id\":\"https:\/\/abaa.mx\/tienda\/#website\",\"url\":\"https:\/\/abaa.mx\/tienda\/\",\"name\":\"Abaa tienda online\",\"description\":\"Instrumentos de medici\u00f3n\",\"publisher\":{\"@id\":\"https:\/\/abaa.mx\/tienda\/#organization\"},\"potentialAction\":[{\"@type\":\"SearchAction\",\"target\":{\"@type\":\"EntryPoint\",\"urlTemplate\":\"https:\/\/abaa.mx\/tienda\/?s={search_term_string}\"},\"query-input\":{\"@type\":\"PropertyValueSpecification\",\"valueRequired\":true,\"valueName\":\"search_term_string\"}}],\"inLanguage\":\"es\"},{\"@type\":\"Organization\",\"@id\":\"https:\/\/abaa.mx\/tienda\/#organization\",\"name\":\"Abaa tienda online\",\"url\":\"https:\/\/abaa.mx\/tienda\/\",\"logo\":{\"@type\":\"ImageObject\",\"inLanguage\":\"es\",\"@id\":\"https:\/\/abaa.mx\/tienda\/#\/schema\/logo\/image\/\",\"url\":\"https:\/\/abaa.mx\/tienda\/wp-content\/uploads\/2024\/01\/abaa-metrologia-tienda.png\",\"contentUrl\":\"https:\/\/abaa.mx\/tienda\/wp-content\/uploads\/2024\/01\/abaa-metrologia-tienda.png\",\"width\":300,\"height\":141,\"caption\":\"Abaa tienda online\"},\"image\":{\"@id\":\"https:\/\/abaa.mx\/tienda\/#\/schema\/logo\/image\/\"}}]}<\/script>\n<!-- \/ Yoast SEO plugin. -->","yoast_head_json":{"title":"Logtag haso-8 - Abaa tienda online","robots":{"index":"index","follow":"follow","max-snippet":"max-snippet:-1","max-image-preview":"max-image-preview:large","max-video-preview":"max-video-preview:-1"},"canonical":"https:\/\/abaa.mx\/tienda\/logtag-haso-8\/","og_locale":"es_MX","og_type":"article","og_title":"Logtag haso-8 - Abaa tienda online","og_description":"El LogTagHASO-8 es un registrador de humedad y temperatura de un solo uso que mide y almacena hasta 8000 conjuntos de lecturas de humedad y temperatura de alta resoluci\u00f3n en un rango de medici\u00f3n de 0 a 100% HR y -40 \u00b0C a +85 \u00b0C.","og_url":"https:\/\/abaa.mx\/tienda\/logtag-haso-8\/","og_site_name":"Abaa tienda online","article_modified_time":"2023-11-24T16:14:23+00:00","og_image":[{"width":300,"height":460,"url":"https:\/\/abaa.mx\/tienda\/wp-content\/uploads\/2023\/09\/HASO-8-1.png","type":"image\/png"}],"twitter_card":"summary_large_image","twitter_misc":{"Tiempo de lectura":"3 minutos"},"schema":{"@context":"https:\/\/schema.org","@graph":[{"@type":"WebPage","@id":"https:\/\/abaa.mx\/tienda\/logtag-haso-8\/","url":"https:\/\/abaa.mx\/tienda\/logtag-haso-8\/","name":"Logtag haso-8 - Abaa tienda online","isPartOf":{"@id":"https:\/\/abaa.mx\/tienda\/#website"},"primaryImageOfPage":{"@id":"https:\/\/abaa.mx\/tienda\/logtag-haso-8\/#primaryimage"},"image":{"@id":"https:\/\/abaa.mx\/tienda\/logtag-haso-8\/#primaryimage"},"thumbnailUrl":"https:\/\/abaa.mx\/tienda\/wp-content\/uploads\/2023\/09\/HASO-8-1.png","datePublished":"2023-09-08T15:54:30+00:00","dateModified":"2023-11-24T16:14:23+00:00","breadcrumb":{"@id":"https:\/\/abaa.mx\/tienda\/logtag-haso-8\/#breadcrumb"},"inLanguage":"es","potentialAction":[{"@type":"ReadAction","target":["https:\/\/abaa.mx\/tienda\/logtag-haso-8\/"]}]},{"@type":"ImageObject","inLanguage":"es","@id":"https:\/\/abaa.mx\/tienda\/logtag-haso-8\/#primaryimage","url":"https:\/\/abaa.mx\/tienda\/wp-content\/uploads\/2023\/09\/HASO-8-1.png","contentUrl":"https:\/\/abaa.mx\/tienda\/wp-content\/uploads\/2023\/09\/HASO-8-1.png","width":300,"height":460,"caption":"logtag-haso-8"},{"@type":"BreadcrumbList","@id":"https:\/\/abaa.mx\/tienda\/logtag-haso-8\/#breadcrumb","itemListElement":[{"@type":"ListItem","position":1,"name":"Inicio","item":"https:\/\/abaa.mx\/tienda\/"},{"@type":"ListItem","position":2,"name":"Tienda","item":"https:\/\/abaa.mx\/tienda\/"},{"@type":"ListItem","position":3,"name":"Logtag haso-8"}]},{"@type":"WebSite","@id":"https:\/\/abaa.mx\/tienda\/#website","url":"https:\/\/abaa.mx\/tienda\/","name":"Abaa tienda online","description":"Instrumentos de medici\u00f3n","publisher":{"@id":"https:\/\/abaa.mx\/tienda\/#organization"},"potentialAction":[{"@type":"SearchAction","target":{"@type":"EntryPoint","urlTemplate":"https:\/\/abaa.mx\/tienda\/?s={search_term_string}"},"query-input":{"@type":"PropertyValueSpecification","valueRequired":true,"valueName":"search_term_string"}}],"inLanguage":"es"},{"@type":"Organization","@id":"https:\/\/abaa.mx\/tienda\/#organization","name":"Abaa tienda online","url":"https:\/\/abaa.mx\/tienda\/","logo":{"@type":"ImageObject","inLanguage":"es","@id":"https:\/\/abaa.mx\/tienda\/#\/schema\/logo\/image\/","url":"https:\/\/abaa.mx\/tienda\/wp-content\/uploads\/2024\/01\/abaa-metrologia-tienda.png","contentUrl":"https:\/\/abaa.mx\/tienda\/wp-content\/uploads\/2024\/01\/abaa-metrologia-tienda.png","width":300,"height":141,"caption":"Abaa tienda online"},"image":{"@id":"https:\/\/abaa.mx\/tienda\/#\/schema\/logo\/image\/"}}]}},"_links":{"self":[{"href":"https:\/\/abaa.mx\/tienda\/wp-json\/wp\/v2\/product\/1333","targetHints":{"allow":["GET"]}}],"collection":[{"href":"https:\/\/abaa.mx\/tienda\/wp-json\/wp\/v2\/product"}],"about":[{"href":"https:\/\/abaa.mx\/tienda\/wp-json\/wp\/v2\/types\/product"}],"replies":[{"embeddable":true,"href":"https:\/\/abaa.mx\/tienda\/wp-json\/wp\/v2\/comments?post=1333"}],"wp:featuredmedia":[{"embeddable":true,"href":"https:\/\/abaa.mx\/tienda\/wp-json\/wp\/v2\/media\/1336"}],"wp:attachment":[{"href":"https:\/\/abaa.mx\/tienda\/wp-json\/wp\/v2\/media?parent=1333"}],"wp:term":[{"taxonomy":"product_brand","embeddable":true,"href":"https:\/\/abaa.mx\/tienda\/wp-json\/wp\/v2\/product_brand?post=1333"},{"taxonomy":"product_cat","embeddable":true,"href":"https:\/\/abaa.mx\/tienda\/wp-json\/wp\/v2\/product_cat?post=1333"},{"taxonomy":"product_tag","embeddable":true,"href":"https:\/\/abaa.mx\/tienda\/wp-json\/wp\/v2\/product_tag?post=1333"}],"curies":[{"name":"wp","href":"https:\/\/api.w.org\/{rel}","templated":true}]}}