{"id":1325,"date":"2023-11-23T19:59:45","date_gmt":"2023-11-23T19:59:45","guid":{"rendered":"https:\/\/abaa.mx\/tienda\/?post_type=product&#038;p=1325"},"modified":"2023-11-23T19:59:45","modified_gmt":"2023-11-23T19:59:45","slug":"logtag-trex-8","status":"publish","type":"product","link":"https:\/\/abaa.mx\/tienda\/logtag-trex-8\/","title":{"rendered":"Logtag trex-8"},"content":{"rendered":"<p>Gracias a la interfaz LogTag\u00a0y al software LogTag\u00a0Analyzer, disponible de forma gratuita, el LogTag\u00a0se puede configurar f\u00e1cilmente para registrar situaciones como el inicio retardado, el intervalo de muestreo, el n\u00famero de lecturas, el n\u00famero de lecturas continuas o fijas y la configuraci\u00f3n de las condiciones de activaci\u00f3n del indicador ALERT.<\/p>\n<p>Las lecturas se descargan mediante LogTag Analyzer, que ofrece la posibilidad de graficar, hacer zoom y listar estad\u00edsticas de datos, y permite exportar los datos a otras aplicaciones, como Excel. El Registrador Remoto de Sonda de Temperatura LogTag mide y almacena hasta 8000 lecturas de temperatura en el rango de medici\u00f3n de -40 \u00b0C a +99 \u00b0C.<\/p>\n<p>&nbsp;<\/p>\n<p><strong>Caracter\u00edsticas:\u00a0<\/strong><\/p>\n<ul class=\"highlights bullet\">\n<li><b>Indicador de alerta<\/b>\u00a0\u2013 indica si las lecturas est\u00e1n fuera de los l\u00edmites preestablecidos.<\/li>\n<li><strong>El indicador OK<\/strong> indica si todav\u00eda se est\u00e1 registrando y si las lecturas se encuentran dentro de los l\u00edmites configurados.<\/li>\n<li><strong>Marca de inspecci\u00f3n<\/strong>\u00a0en el registro mediante pulsador<\/li>\n<li><strong>Pulsador de Inicio de Registro<\/strong><\/li>\n<li><strong>\u00a1Descarga r\u00e1pida!<\/strong> Se tarda s\u00f3lo unos segundos en descargar los registros.<\/li>\n<li><strong>Registro &#8216;Pre-Start&#8217;<\/strong>\u00a0&#8211; Logtag\u00a0puede configurarse para registrar incluso si no se ha iniciado.<\/li>\n<li><strong>Alto rendimiento<\/strong> a bajo coste.<\/li>\n<li>C<strong>arcasa del tama\u00f1o de una tarjeta de cr\u00e9dito<\/strong>\u00a0\u2013 lo suficientemente delgada para ser enviada f\u00e1cilmente por correo con &#8220;tarifa de carta&#8221;.<\/li>\n<li><strong>El reloj en tiempo real<\/strong> registra la hora y la temperatura simult\u00e1neamente.<\/li>\n<li><strong>El software LogTagAnalyzer<\/strong>, f\u00e1cil de usar, que se ejecuta en cualquier PC, configura LogTag para el registro y, a continuaci\u00f3n, descarga los datos resultantes para su an\u00e1lisis. Los datos tambi\u00e9n se pueden exportar a formatos compatibles con otras aplicaciones como Excel.<\/li>\n<li><strong>Re-calibraci\u00f3n<\/strong> para lograr la mayor precisi\u00f3n posible.<\/li>\n<li><strong>Conector del sensor remoto<\/strong>, chapado en oro, de alta calidad.<\/li>\n<li><strong>Sondas intercambiables<\/strong>\u00a0&#8211; Las sondas de temperatura remotas LogTag\u00a0son intercambiables.<\/li>\n<\/ul>\n<div class=\"shadowSpacer\"><\/div>\n<h3>Especificaciones t\u00e9cnicas:<\/h3>\n<table class=\"table table-bordered table-condensed\">\n<colgroup>\n<col width=\"50%\" \/>\n<col width=\"50%\" \/><\/colgroup>\n<tbody>\n<tr>\n<td width=\"50%\">C\u00f3digo de Pedido de la Pieza<\/td>\n<td width=\"50%\">TREX-8<\/td>\n<\/tr>\n<tr>\n<td>Rango de Medici\u00f3n del Sensor Remoto de Temperatura<\/td>\n<td>-40 ~ +99 \u00b0C<\/td>\n<\/tr>\n<tr>\n<td>Rango de temperatura de funcionamiento del registrador<\/td>\n<td>-40 ~ +85 \u00b0C<\/td>\n<\/tr>\n<tr>\n<td>Capacidad<\/td>\n<td>8000 lecturas de temperatura (16 Kbytes de memoria)<\/td>\n<\/tr>\n<tr>\n<td>Frecuencia de muestreo<\/td>\n<td>ajustable, de 30 segundos a varias horas<\/td>\n<\/tr>\n<tr>\n<td>Tiempo de descarga<\/td>\n<td>Normalmente con memoria llena en menos de 5 segundos, dependiendo del ordenador o dispositivo de lectura utilizado.<\/td>\n<\/tr>\n<tr>\n<td>Fuente de alimentaci\u00f3n<\/td>\n<td>3V Litio &#8211; reemplazable por un t\u00e9cnico cualificado<\/td>\n<\/tr>\n<tr>\n<td>Duraci\u00f3n de la bater\u00eda<\/td>\n<td>2~3 a\u00f1os de uso normal &#8211; m\u00e1s tiempo (hasta 5-10 a\u00f1os) si el registrador est\u00e1 en hibernaci\u00f3n entre usos.<\/td>\n<\/tr>\n<tr>\n<td>Longitudes est\u00e1ndar de los Cables del Sensor Remoto<\/td>\n<td>Est\u00e1ndar: 1.5 m Extendido: 3 m<br \/>\n(m\u00e1ximo recomendado)<\/td>\n<\/tr>\n<tr>\n<td>Tipo de Cable del Sensor Remoto<\/td>\n<td>PTFE (certificado para contacto con alimentos por la FDA) coaxial<\/td>\n<\/tr>\n<tr>\n<td>Tama\u00f1o<\/td>\n<td>86 mm(Alto)x54.5 mm(Ancho)x8.6 mm(Prof.)<\/td>\n<\/tr>\n<tr>\n<td>Peso<\/td>\n<td>35 gramos sin ST100<\/td>\n<\/tr>\n<tr>\n<td>Material de la Carcasa<\/td>\n<td>Policarbonato<\/td>\n<\/tr>\n<\/tbody>\n<\/table>\n","protected":false},"excerpt":{"rendered":"<p>LogTag TREX-8 es un registrador de temperatura multitrip vers\u00e1til de amplio rango con sondas externas intercambiables, que ofrece lecturas de temperatura de alta resoluci\u00f3n en un rango de medici\u00f3n de -40 \u00b0 C a + 99 \u00b0 C (-40 \u00b0 F a + 210 \u00b0 F ).<\/p>\n","protected":false},"featured_media":9241,"comment_status":"open","ping_status":"closed","template":"","meta":{"_joinchat":[]},"product_brand":[],"product_cat":[15],"product_tag":[],"class_list":{"0":"post-1325","1":"product","2":"type-product","3":"status-publish","4":"has-post-thumbnail","6":"product_cat-sin-categorizar","8":"first","9":"instock","10":"shipping-taxable","11":"product-type-simple"},"yoast_head":"<!-- This site is optimized with the Yoast SEO plugin v26.4 - https:\/\/yoast.com\/wordpress\/plugins\/seo\/ -->\n<title>Logtag trex-8 - Abaa tienda online<\/title>\n<meta name=\"robots\" content=\"index, follow, max-snippet:-1, max-image-preview:large, max-video-preview:-1\" \/>\n<link rel=\"canonical\" href=\"https:\/\/abaa.mx\/tienda\/logtag-trex-8\/\" \/>\n<meta property=\"og:locale\" content=\"es_MX\" \/>\n<meta property=\"og:type\" content=\"article\" \/>\n<meta property=\"og:title\" content=\"Logtag trex-8 - Abaa tienda online\" \/>\n<meta property=\"og:description\" content=\"LogTag TREX-8 es un registrador de temperatura multitrip vers\u00e1til de amplio rango con sondas externas intercambiables, que ofrece lecturas de temperatura de alta resoluci\u00f3n en un rango de medici\u00f3n de -40 \u00b0 C a + 99 \u00b0 C (-40 \u00b0 F a + 210 \u00b0 F ).\" \/>\n<meta property=\"og:url\" content=\"https:\/\/abaa.mx\/tienda\/logtag-trex-8\/\" \/>\n<meta property=\"og:site_name\" content=\"Abaa tienda online\" \/>\n<meta property=\"og:image\" content=\"https:\/\/abaa.mx\/tienda\/wp-content\/uploads\/2023\/11\/Logtag-trex-8.jpg\" \/>\n\t<meta property=\"og:image:width\" content=\"474\" \/>\n\t<meta property=\"og:image:height\" content=\"511\" \/>\n\t<meta property=\"og:image:type\" content=\"image\/jpeg\" \/>\n<meta name=\"twitter:card\" content=\"summary_large_image\" \/>\n<meta name=\"twitter:label1\" content=\"Tiempo de lectura\" \/>\n\t<meta name=\"twitter:data1\" content=\"3 minutos\" \/>\n<script type=\"application\/ld+json\" class=\"yoast-schema-graph\">{\"@context\":\"https:\/\/schema.org\",\"@graph\":[{\"@type\":\"WebPage\",\"@id\":\"https:\/\/abaa.mx\/tienda\/logtag-trex-8\/\",\"url\":\"https:\/\/abaa.mx\/tienda\/logtag-trex-8\/\",\"name\":\"Logtag trex-8 - Abaa tienda online\",\"isPartOf\":{\"@id\":\"https:\/\/abaa.mx\/tienda\/#website\"},\"primaryImageOfPage\":{\"@id\":\"https:\/\/abaa.mx\/tienda\/logtag-trex-8\/#primaryimage\"},\"image\":{\"@id\":\"https:\/\/abaa.mx\/tienda\/logtag-trex-8\/#primaryimage\"},\"thumbnailUrl\":\"https:\/\/abaa.mx\/tienda\/wp-content\/uploads\/2023\/11\/Logtag-trex-8.jpg\",\"datePublished\":\"2023-11-23T19:59:45+00:00\",\"breadcrumb\":{\"@id\":\"https:\/\/abaa.mx\/tienda\/logtag-trex-8\/#breadcrumb\"},\"inLanguage\":\"es\",\"potentialAction\":[{\"@type\":\"ReadAction\",\"target\":[\"https:\/\/abaa.mx\/tienda\/logtag-trex-8\/\"]}]},{\"@type\":\"ImageObject\",\"inLanguage\":\"es\",\"@id\":\"https:\/\/abaa.mx\/tienda\/logtag-trex-8\/#primaryimage\",\"url\":\"https:\/\/abaa.mx\/tienda\/wp-content\/uploads\/2023\/11\/Logtag-trex-8.jpg\",\"contentUrl\":\"https:\/\/abaa.mx\/tienda\/wp-content\/uploads\/2023\/11\/Logtag-trex-8.jpg\",\"width\":474,\"height\":511,\"caption\":\"Logtag trex-8\"},{\"@type\":\"BreadcrumbList\",\"@id\":\"https:\/\/abaa.mx\/tienda\/logtag-trex-8\/#breadcrumb\",\"itemListElement\":[{\"@type\":\"ListItem\",\"position\":1,\"name\":\"Inicio\",\"item\":\"https:\/\/abaa.mx\/tienda\/\"},{\"@type\":\"ListItem\",\"position\":2,\"name\":\"Tienda\",\"item\":\"https:\/\/abaa.mx\/tienda\/\"},{\"@type\":\"ListItem\",\"position\":3,\"name\":\"Logtag trex-8\"}]},{\"@type\":\"WebSite\",\"@id\":\"https:\/\/abaa.mx\/tienda\/#website\",\"url\":\"https:\/\/abaa.mx\/tienda\/\",\"name\":\"Abaa tienda online\",\"description\":\"Instrumentos de medici\u00f3n\",\"publisher\":{\"@id\":\"https:\/\/abaa.mx\/tienda\/#organization\"},\"potentialAction\":[{\"@type\":\"SearchAction\",\"target\":{\"@type\":\"EntryPoint\",\"urlTemplate\":\"https:\/\/abaa.mx\/tienda\/?s={search_term_string}\"},\"query-input\":{\"@type\":\"PropertyValueSpecification\",\"valueRequired\":true,\"valueName\":\"search_term_string\"}}],\"inLanguage\":\"es\"},{\"@type\":\"Organization\",\"@id\":\"https:\/\/abaa.mx\/tienda\/#organization\",\"name\":\"Abaa tienda online\",\"url\":\"https:\/\/abaa.mx\/tienda\/\",\"logo\":{\"@type\":\"ImageObject\",\"inLanguage\":\"es\",\"@id\":\"https:\/\/abaa.mx\/tienda\/#\/schema\/logo\/image\/\",\"url\":\"https:\/\/abaa.mx\/tienda\/wp-content\/uploads\/2024\/01\/abaa-metrologia-tienda.png\",\"contentUrl\":\"https:\/\/abaa.mx\/tienda\/wp-content\/uploads\/2024\/01\/abaa-metrologia-tienda.png\",\"width\":300,\"height\":141,\"caption\":\"Abaa tienda online\"},\"image\":{\"@id\":\"https:\/\/abaa.mx\/tienda\/#\/schema\/logo\/image\/\"}}]}<\/script>\n<!-- \/ Yoast SEO plugin. -->","yoast_head_json":{"title":"Logtag trex-8 - Abaa tienda online","robots":{"index":"index","follow":"follow","max-snippet":"max-snippet:-1","max-image-preview":"max-image-preview:large","max-video-preview":"max-video-preview:-1"},"canonical":"https:\/\/abaa.mx\/tienda\/logtag-trex-8\/","og_locale":"es_MX","og_type":"article","og_title":"Logtag trex-8 - Abaa tienda online","og_description":"LogTag TREX-8 es un registrador de temperatura multitrip vers\u00e1til de amplio rango con sondas externas intercambiables, que ofrece lecturas de temperatura de alta resoluci\u00f3n en un rango de medici\u00f3n de -40 \u00b0 C a + 99 \u00b0 C (-40 \u00b0 F a + 210 \u00b0 F ).","og_url":"https:\/\/abaa.mx\/tienda\/logtag-trex-8\/","og_site_name":"Abaa tienda online","og_image":[{"width":474,"height":511,"url":"https:\/\/abaa.mx\/tienda\/wp-content\/uploads\/2023\/11\/Logtag-trex-8.jpg","type":"image\/jpeg"}],"twitter_card":"summary_large_image","twitter_misc":{"Tiempo de lectura":"3 minutos"},"schema":{"@context":"https:\/\/schema.org","@graph":[{"@type":"WebPage","@id":"https:\/\/abaa.mx\/tienda\/logtag-trex-8\/","url":"https:\/\/abaa.mx\/tienda\/logtag-trex-8\/","name":"Logtag trex-8 - Abaa tienda online","isPartOf":{"@id":"https:\/\/abaa.mx\/tienda\/#website"},"primaryImageOfPage":{"@id":"https:\/\/abaa.mx\/tienda\/logtag-trex-8\/#primaryimage"},"image":{"@id":"https:\/\/abaa.mx\/tienda\/logtag-trex-8\/#primaryimage"},"thumbnailUrl":"https:\/\/abaa.mx\/tienda\/wp-content\/uploads\/2023\/11\/Logtag-trex-8.jpg","datePublished":"2023-11-23T19:59:45+00:00","breadcrumb":{"@id":"https:\/\/abaa.mx\/tienda\/logtag-trex-8\/#breadcrumb"},"inLanguage":"es","potentialAction":[{"@type":"ReadAction","target":["https:\/\/abaa.mx\/tienda\/logtag-trex-8\/"]}]},{"@type":"ImageObject","inLanguage":"es","@id":"https:\/\/abaa.mx\/tienda\/logtag-trex-8\/#primaryimage","url":"https:\/\/abaa.mx\/tienda\/wp-content\/uploads\/2023\/11\/Logtag-trex-8.jpg","contentUrl":"https:\/\/abaa.mx\/tienda\/wp-content\/uploads\/2023\/11\/Logtag-trex-8.jpg","width":474,"height":511,"caption":"Logtag trex-8"},{"@type":"BreadcrumbList","@id":"https:\/\/abaa.mx\/tienda\/logtag-trex-8\/#breadcrumb","itemListElement":[{"@type":"ListItem","position":1,"name":"Inicio","item":"https:\/\/abaa.mx\/tienda\/"},{"@type":"ListItem","position":2,"name":"Tienda","item":"https:\/\/abaa.mx\/tienda\/"},{"@type":"ListItem","position":3,"name":"Logtag trex-8"}]},{"@type":"WebSite","@id":"https:\/\/abaa.mx\/tienda\/#website","url":"https:\/\/abaa.mx\/tienda\/","name":"Abaa tienda online","description":"Instrumentos de medici\u00f3n","publisher":{"@id":"https:\/\/abaa.mx\/tienda\/#organization"},"potentialAction":[{"@type":"SearchAction","target":{"@type":"EntryPoint","urlTemplate":"https:\/\/abaa.mx\/tienda\/?s={search_term_string}"},"query-input":{"@type":"PropertyValueSpecification","valueRequired":true,"valueName":"search_term_string"}}],"inLanguage":"es"},{"@type":"Organization","@id":"https:\/\/abaa.mx\/tienda\/#organization","name":"Abaa tienda online","url":"https:\/\/abaa.mx\/tienda\/","logo":{"@type":"ImageObject","inLanguage":"es","@id":"https:\/\/abaa.mx\/tienda\/#\/schema\/logo\/image\/","url":"https:\/\/abaa.mx\/tienda\/wp-content\/uploads\/2024\/01\/abaa-metrologia-tienda.png","contentUrl":"https:\/\/abaa.mx\/tienda\/wp-content\/uploads\/2024\/01\/abaa-metrologia-tienda.png","width":300,"height":141,"caption":"Abaa tienda online"},"image":{"@id":"https:\/\/abaa.mx\/tienda\/#\/schema\/logo\/image\/"}}]}},"_links":{"self":[{"href":"https:\/\/abaa.mx\/tienda\/wp-json\/wp\/v2\/product\/1325","targetHints":{"allow":["GET"]}}],"collection":[{"href":"https:\/\/abaa.mx\/tienda\/wp-json\/wp\/v2\/product"}],"about":[{"href":"https:\/\/abaa.mx\/tienda\/wp-json\/wp\/v2\/types\/product"}],"replies":[{"embeddable":true,"href":"https:\/\/abaa.mx\/tienda\/wp-json\/wp\/v2\/comments?post=1325"}],"wp:featuredmedia":[{"embeddable":true,"href":"https:\/\/abaa.mx\/tienda\/wp-json\/wp\/v2\/media\/9241"}],"wp:attachment":[{"href":"https:\/\/abaa.mx\/tienda\/wp-json\/wp\/v2\/media?parent=1325"}],"wp:term":[{"taxonomy":"product_brand","embeddable":true,"href":"https:\/\/abaa.mx\/tienda\/wp-json\/wp\/v2\/product_brand?post=1325"},{"taxonomy":"product_cat","embeddable":true,"href":"https:\/\/abaa.mx\/tienda\/wp-json\/wp\/v2\/product_cat?post=1325"},{"taxonomy":"product_tag","embeddable":true,"href":"https:\/\/abaa.mx\/tienda\/wp-json\/wp\/v2\/product_tag?post=1325"}],"curies":[{"name":"wp","href":"https:\/\/api.w.org\/{rel}","templated":true}]}}