{"id":1307,"date":"2023-09-07T21:11:56","date_gmt":"2023-09-07T21:11:56","guid":{"rendered":"https:\/\/abaa.mx\/tienda\/?post_type=product&#038;p=1307"},"modified":"2023-09-07T21:11:57","modified_gmt":"2023-09-07T21:11:57","slug":"logtag-trix-8","status":"publish","type":"product","link":"https:\/\/abaa.mx\/tienda\/logtag-trix-8\/","title":{"rendered":"LogTag TRIX-8"},"content":{"rendered":"<h3>Aplicaciones<\/h3>\n<p>Todas las aplicaciones est\u00e1ndar de registro de temperatura<\/p>\n<h3>Resumen del Producto<\/h3>\n<p>El Registrador de Temperatura LogTag<sup>\u00ae<\/sup>\u00a0incorpora un sensor de temperatura externo perfectamente situado en una ranura de la carcasa. Este dise\u00f1o protege al sensor de da\u00f1os; ofreciendo a la vez, un tiempo de reacci\u00f3n m\u00e1s r\u00e1pido, vinculado a sensores de temperatura remotos.<\/p>\n<p>Usando la Interfaz LogTag<sup>\u00ae<\/sup>, y el software de LogTag complementario libremente disponible LogTag<sup>\u00ae<\/sup>\u00a0Analyzer, se configuran f\u00e1cilmente las condiciones de registro de LogTag\u00ae, incluyendo el inicio retardado, el intervalo de muestreo, el n\u00famero de lecturas, el n\u00famero de lecturas continuas o fijas y la configuraci\u00f3n de las condiciones para activar el indicador ALERT.<\/p>\n<p>Las lecturas se descargan mediante LogTag<sup>\u00ae<\/sup>\u00a0Analyzer, que soporta la creaci\u00f3n de gr\u00e1ficos, zoom, visualizaci\u00f3n de estad\u00edsticas de datos y permite exportar los datos a otras aplicaciones. tales como Excel.<\/p>\n<p>Please note: An interface is required for configuration and reporting<\/p>\n<h3>Aspectos Destacados del Producto<\/h3>\n<ul class=\"highlights bullet\">\n<li><strong>Indicador de alerta<\/strong>\u00a0\u00a0\u2013 indica si las lecturas est\u00e1n fuera de los l\u00edmites preestablecidos<\/li>\n<li><strong>EI indicador OK<\/strong>\u00a0\u00a0indica si sigue grabando y si las lecturas est\u00e1n dentro de los l\u00edmites configurados<\/li>\n<li><strong>Marca de inspecci\u00f3n<\/strong>\u00a0en el registro mediante pulsador<\/li>\n<li><strong>Pulsador de inicio de Registro<\/strong><\/li>\n<li><strong>\u00a1Descarga R\u00e1pida!<\/strong>\u00a0S\u00f3lo tarda segundos en descargar los registros<\/li>\n<li><strong>&#8216;Pre-Iniciar&#8217; Registro &#8211;\u00a0<\/strong>LogTag<sup>\u00ae<\/sup>\u00a0se puede configurar para registrar incluso si no se ha iniciado<\/li>\n<li><strong>Alto rendimiento<\/strong>\u00a0a bajo coste<\/li>\n<li><strong>Carcasa del tama\u00f1o de una tarjeta de cr\u00e9dito<\/strong>\u00a0\u2013 lo suficientemente delgada como para ser f\u00e1cilmente enviada por correo con \u201ctarifa de carta\u201d.<\/li>\n<li><strong>El reloj en tiempo real<\/strong>\u00a0registra el tiempo y la temperatura simult\u00e1neamente<\/li>\n<li>Software LogTag<sup>\u00ae<\/sup>Analyzer<strong>\u00a0f\u00e1cil<\/strong>\u00a0de usar, que se ejecuta en cualquier PC, configura LogTag<sup>\u00ae<\/sup>\u00a0para registrar y luego descarga los datos resultantes para su an\u00e1lisis. Los datos tambi\u00e9n se pueden exportar a formatos compatibles con otras aplicaciones, tales como Excel<\/li>\n<li><strong>Altamente confiable<\/strong>\u00a0y preciso<\/li>\n<li>Re-calibraci\u00f3n para lograr la mayor precisi\u00f3n posible<\/li>\n<\/ul>\n","protected":false},"excerpt":{"rendered":"<h3>Aplicaciones<\/h3>\n<p>Todas las aplicaciones est\u00e1ndar de registro de temperatura<\/p>\n<h3>Resumen del Producto<\/h3>\n<p>El Registrador de Temperatura LogTag<sup>\u00ae<\/sup>\u00a0incorpora un sensor de temperatura externo perfectamente situado en una ranura de la carcasa. Este dise\u00f1o protege al sensor de da\u00f1os; ofreciendo a la vez, un tiempo de reacci\u00f3n m\u00e1s r\u00e1pido, vinculado a sensores de temperatura remotos.<\/p>\n","protected":false},"featured_media":1308,"comment_status":"open","ping_status":"closed","template":"","meta":{"_joinchat":[]},"product_brand":[],"product_cat":[15],"product_tag":[],"class_list":{"0":"post-1307","1":"product","2":"type-product","3":"status-publish","4":"has-post-thumbnail","6":"product_cat-sin-categorizar","8":"first","9":"instock","10":"shipping-taxable","11":"product-type-simple"},"yoast_head":"<!-- This site is optimized with the Yoast SEO plugin v26.4 - https:\/\/yoast.com\/wordpress\/plugins\/seo\/ -->\n<title>LogTag TRIX-8 - Abaa tienda online<\/title>\n<meta name=\"robots\" content=\"index, follow, max-snippet:-1, max-image-preview:large, max-video-preview:-1\" \/>\n<link rel=\"canonical\" href=\"https:\/\/abaa.mx\/tienda\/logtag-trix-8\/\" \/>\n<meta property=\"og:locale\" content=\"es_MX\" \/>\n<meta property=\"og:type\" content=\"article\" \/>\n<meta property=\"og:title\" content=\"LogTag TRIX-8 - Abaa tienda online\" \/>\n<meta property=\"og:description\" content=\"Aplicaciones Todas las aplicaciones est\u00e1ndar de registro de temperatura Resumen del Producto El Registrador de Temperatura LogTag\u00ae\u00a0incorpora un sensor de temperatura externo perfectamente situado en una ranura de la carcasa. Este dise\u00f1o protege al sensor de da\u00f1os; ofreciendo a la vez, un tiempo de reacci\u00f3n m\u00e1s r\u00e1pido, vinculado a sensores de temperatura remotos.\" \/>\n<meta property=\"og:url\" content=\"https:\/\/abaa.mx\/tienda\/logtag-trix-8\/\" \/>\n<meta property=\"og:site_name\" content=\"Abaa tienda online\" \/>\n<meta property=\"article:modified_time\" content=\"2023-09-07T21:11:57+00:00\" \/>\n<meta property=\"og:image\" content=\"https:\/\/abaa.mx\/tienda\/wp-content\/uploads\/2023\/09\/logtag-trix-8.jpg\" \/>\n\t<meta property=\"og:image:width\" content=\"419\" \/>\n\t<meta property=\"og:image:height\" content=\"500\" \/>\n\t<meta property=\"og:image:type\" content=\"image\/jpeg\" \/>\n<meta name=\"twitter:card\" content=\"summary_large_image\" \/>\n<meta name=\"twitter:label1\" content=\"Tiempo de lectura\" \/>\n\t<meta name=\"twitter:data1\" content=\"2 minutos\" \/>\n<script type=\"application\/ld+json\" class=\"yoast-schema-graph\">{\"@context\":\"https:\/\/schema.org\",\"@graph\":[{\"@type\":\"WebPage\",\"@id\":\"https:\/\/abaa.mx\/tienda\/logtag-trix-8\/\",\"url\":\"https:\/\/abaa.mx\/tienda\/logtag-trix-8\/\",\"name\":\"LogTag TRIX-8 - Abaa tienda online\",\"isPartOf\":{\"@id\":\"https:\/\/abaa.mx\/tienda\/#website\"},\"primaryImageOfPage\":{\"@id\":\"https:\/\/abaa.mx\/tienda\/logtag-trix-8\/#primaryimage\"},\"image\":{\"@id\":\"https:\/\/abaa.mx\/tienda\/logtag-trix-8\/#primaryimage\"},\"thumbnailUrl\":\"https:\/\/abaa.mx\/tienda\/wp-content\/uploads\/2023\/09\/logtag-trix-8.jpg\",\"datePublished\":\"2023-09-07T21:11:56+00:00\",\"dateModified\":\"2023-09-07T21:11:57+00:00\",\"breadcrumb\":{\"@id\":\"https:\/\/abaa.mx\/tienda\/logtag-trix-8\/#breadcrumb\"},\"inLanguage\":\"es\",\"potentialAction\":[{\"@type\":\"ReadAction\",\"target\":[\"https:\/\/abaa.mx\/tienda\/logtag-trix-8\/\"]}]},{\"@type\":\"ImageObject\",\"inLanguage\":\"es\",\"@id\":\"https:\/\/abaa.mx\/tienda\/logtag-trix-8\/#primaryimage\",\"url\":\"https:\/\/abaa.mx\/tienda\/wp-content\/uploads\/2023\/09\/logtag-trix-8.jpg\",\"contentUrl\":\"https:\/\/abaa.mx\/tienda\/wp-content\/uploads\/2023\/09\/logtag-trix-8.jpg\",\"width\":419,\"height\":500,\"caption\":\"LogTag TRIX-8\"},{\"@type\":\"BreadcrumbList\",\"@id\":\"https:\/\/abaa.mx\/tienda\/logtag-trix-8\/#breadcrumb\",\"itemListElement\":[{\"@type\":\"ListItem\",\"position\":1,\"name\":\"Inicio\",\"item\":\"https:\/\/abaa.mx\/tienda\/\"},{\"@type\":\"ListItem\",\"position\":2,\"name\":\"Tienda\",\"item\":\"https:\/\/abaa.mx\/tienda\/\"},{\"@type\":\"ListItem\",\"position\":3,\"name\":\"LogTag TRIX-8\"}]},{\"@type\":\"WebSite\",\"@id\":\"https:\/\/abaa.mx\/tienda\/#website\",\"url\":\"https:\/\/abaa.mx\/tienda\/\",\"name\":\"Abaa tienda online\",\"description\":\"Instrumentos de medici\u00f3n\",\"publisher\":{\"@id\":\"https:\/\/abaa.mx\/tienda\/#organization\"},\"potentialAction\":[{\"@type\":\"SearchAction\",\"target\":{\"@type\":\"EntryPoint\",\"urlTemplate\":\"https:\/\/abaa.mx\/tienda\/?s={search_term_string}\"},\"query-input\":{\"@type\":\"PropertyValueSpecification\",\"valueRequired\":true,\"valueName\":\"search_term_string\"}}],\"inLanguage\":\"es\"},{\"@type\":\"Organization\",\"@id\":\"https:\/\/abaa.mx\/tienda\/#organization\",\"name\":\"Abaa tienda online\",\"url\":\"https:\/\/abaa.mx\/tienda\/\",\"logo\":{\"@type\":\"ImageObject\",\"inLanguage\":\"es\",\"@id\":\"https:\/\/abaa.mx\/tienda\/#\/schema\/logo\/image\/\",\"url\":\"https:\/\/abaa.mx\/tienda\/wp-content\/uploads\/2024\/01\/abaa-metrologia-tienda.png\",\"contentUrl\":\"https:\/\/abaa.mx\/tienda\/wp-content\/uploads\/2024\/01\/abaa-metrologia-tienda.png\",\"width\":300,\"height\":141,\"caption\":\"Abaa tienda online\"},\"image\":{\"@id\":\"https:\/\/abaa.mx\/tienda\/#\/schema\/logo\/image\/\"}}]}<\/script>\n<!-- \/ Yoast SEO plugin. -->","yoast_head_json":{"title":"LogTag TRIX-8 - Abaa tienda online","robots":{"index":"index","follow":"follow","max-snippet":"max-snippet:-1","max-image-preview":"max-image-preview:large","max-video-preview":"max-video-preview:-1"},"canonical":"https:\/\/abaa.mx\/tienda\/logtag-trix-8\/","og_locale":"es_MX","og_type":"article","og_title":"LogTag TRIX-8 - Abaa tienda online","og_description":"Aplicaciones Todas las aplicaciones est\u00e1ndar de registro de temperatura Resumen del Producto El Registrador de Temperatura LogTag\u00ae\u00a0incorpora un sensor de temperatura externo perfectamente situado en una ranura de la carcasa. Este dise\u00f1o protege al sensor de da\u00f1os; ofreciendo a la vez, un tiempo de reacci\u00f3n m\u00e1s r\u00e1pido, vinculado a sensores de temperatura remotos.","og_url":"https:\/\/abaa.mx\/tienda\/logtag-trix-8\/","og_site_name":"Abaa tienda online","article_modified_time":"2023-09-07T21:11:57+00:00","og_image":[{"width":419,"height":500,"url":"https:\/\/abaa.mx\/tienda\/wp-content\/uploads\/2023\/09\/logtag-trix-8.jpg","type":"image\/jpeg"}],"twitter_card":"summary_large_image","twitter_misc":{"Tiempo de lectura":"2 minutos"},"schema":{"@context":"https:\/\/schema.org","@graph":[{"@type":"WebPage","@id":"https:\/\/abaa.mx\/tienda\/logtag-trix-8\/","url":"https:\/\/abaa.mx\/tienda\/logtag-trix-8\/","name":"LogTag TRIX-8 - Abaa tienda online","isPartOf":{"@id":"https:\/\/abaa.mx\/tienda\/#website"},"primaryImageOfPage":{"@id":"https:\/\/abaa.mx\/tienda\/logtag-trix-8\/#primaryimage"},"image":{"@id":"https:\/\/abaa.mx\/tienda\/logtag-trix-8\/#primaryimage"},"thumbnailUrl":"https:\/\/abaa.mx\/tienda\/wp-content\/uploads\/2023\/09\/logtag-trix-8.jpg","datePublished":"2023-09-07T21:11:56+00:00","dateModified":"2023-09-07T21:11:57+00:00","breadcrumb":{"@id":"https:\/\/abaa.mx\/tienda\/logtag-trix-8\/#breadcrumb"},"inLanguage":"es","potentialAction":[{"@type":"ReadAction","target":["https:\/\/abaa.mx\/tienda\/logtag-trix-8\/"]}]},{"@type":"ImageObject","inLanguage":"es","@id":"https:\/\/abaa.mx\/tienda\/logtag-trix-8\/#primaryimage","url":"https:\/\/abaa.mx\/tienda\/wp-content\/uploads\/2023\/09\/logtag-trix-8.jpg","contentUrl":"https:\/\/abaa.mx\/tienda\/wp-content\/uploads\/2023\/09\/logtag-trix-8.jpg","width":419,"height":500,"caption":"LogTag TRIX-8"},{"@type":"BreadcrumbList","@id":"https:\/\/abaa.mx\/tienda\/logtag-trix-8\/#breadcrumb","itemListElement":[{"@type":"ListItem","position":1,"name":"Inicio","item":"https:\/\/abaa.mx\/tienda\/"},{"@type":"ListItem","position":2,"name":"Tienda","item":"https:\/\/abaa.mx\/tienda\/"},{"@type":"ListItem","position":3,"name":"LogTag TRIX-8"}]},{"@type":"WebSite","@id":"https:\/\/abaa.mx\/tienda\/#website","url":"https:\/\/abaa.mx\/tienda\/","name":"Abaa tienda online","description":"Instrumentos de medici\u00f3n","publisher":{"@id":"https:\/\/abaa.mx\/tienda\/#organization"},"potentialAction":[{"@type":"SearchAction","target":{"@type":"EntryPoint","urlTemplate":"https:\/\/abaa.mx\/tienda\/?s={search_term_string}"},"query-input":{"@type":"PropertyValueSpecification","valueRequired":true,"valueName":"search_term_string"}}],"inLanguage":"es"},{"@type":"Organization","@id":"https:\/\/abaa.mx\/tienda\/#organization","name":"Abaa tienda online","url":"https:\/\/abaa.mx\/tienda\/","logo":{"@type":"ImageObject","inLanguage":"es","@id":"https:\/\/abaa.mx\/tienda\/#\/schema\/logo\/image\/","url":"https:\/\/abaa.mx\/tienda\/wp-content\/uploads\/2024\/01\/abaa-metrologia-tienda.png","contentUrl":"https:\/\/abaa.mx\/tienda\/wp-content\/uploads\/2024\/01\/abaa-metrologia-tienda.png","width":300,"height":141,"caption":"Abaa tienda online"},"image":{"@id":"https:\/\/abaa.mx\/tienda\/#\/schema\/logo\/image\/"}}]}},"_links":{"self":[{"href":"https:\/\/abaa.mx\/tienda\/wp-json\/wp\/v2\/product\/1307","targetHints":{"allow":["GET"]}}],"collection":[{"href":"https:\/\/abaa.mx\/tienda\/wp-json\/wp\/v2\/product"}],"about":[{"href":"https:\/\/abaa.mx\/tienda\/wp-json\/wp\/v2\/types\/product"}],"replies":[{"embeddable":true,"href":"https:\/\/abaa.mx\/tienda\/wp-json\/wp\/v2\/comments?post=1307"}],"wp:featuredmedia":[{"embeddable":true,"href":"https:\/\/abaa.mx\/tienda\/wp-json\/wp\/v2\/media\/1308"}],"wp:attachment":[{"href":"https:\/\/abaa.mx\/tienda\/wp-json\/wp\/v2\/media?parent=1307"}],"wp:term":[{"taxonomy":"product_brand","embeddable":true,"href":"https:\/\/abaa.mx\/tienda\/wp-json\/wp\/v2\/product_brand?post=1307"},{"taxonomy":"product_cat","embeddable":true,"href":"https:\/\/abaa.mx\/tienda\/wp-json\/wp\/v2\/product_cat?post=1307"},{"taxonomy":"product_tag","embeddable":true,"href":"https:\/\/abaa.mx\/tienda\/wp-json\/wp\/v2\/product_tag?post=1307"}],"curies":[{"name":"wp","href":"https:\/\/api.w.org\/{rel}","templated":true}]}}