{"id":1301,"date":"2023-08-11T22:16:22","date_gmt":"2023-08-11T22:16:22","guid":{"rendered":"https:\/\/abaa.mx\/tienda\/?post_type=product&#038;p=1301"},"modified":"2023-11-15T19:58:48","modified_gmt":"2023-11-15T19:58:48","slug":"elitech-rc-5-data-logger","status":"publish","type":"product","link":"https:\/\/abaa.mx\/tienda\/elitech-rc-5-data-logger\/","title":{"rendered":"Elitech RC-5 Data Logger"},"content":{"rendered":"<p>El registrador \/ data logger RC-5 de Elitech es un dispositivo de f\u00e1cil implementaci\u00f3n, cuenta con una interfaz USB para su conexi\u00f3n a cualquier computadora, para permitir un r\u00e1pido acceso a los datos recopilados de sus procesos de gesti\u00f3n de la cadena de fr\u00edo en productos farmac\u00e9uticos, alimentos, gabinetes m\u00e9dicos, gabinetes de alimentos frescos, congeladores y laboratorios.<\/p>\n<p>Registra la temperatura y la guarda en su memoria no vol\u00e1til, se accede a los datos a trav\u00e9s del puerto USB, cuenta con pantalla LCD donde se observar\u00e1 la medici\u00f3n en el momento, temperatura m\u00e1xima, temperatura m\u00ednima, n\u00famero de mediciones registradas al momento, puntos de alarma para valores altos y bajos, etc. Tiene una resoluci\u00f3n de 0.1 [\u00b0C] y una precisi\u00f3n de +\/- 0.5 [\u00b0C].<\/p>\n<p class=\"plain\"><b><span class=\"customtext1\">Caracter\u00edsticas:<\/span><\/b><\/p>\n<ul>\n<li class=\"plain\"><span class=\"customtext1\">Amplio rango de medici\u00f3n, alta precisi\u00f3n y gran capacidad de memoria.<\/span><\/li>\n<li class=\"plain\"><span class=\"customtext1\">Software para gesti\u00f3n de datos gratuito<\/span><\/li>\n<li class=\"plain\"><span class=\"customtext1\">Los datos pueden analizarse, descargarse e imprimirse mediante el software.<\/span><\/li>\n<li class=\"plain\"><span class=\"customtext1\">Se pueden configurar alarmas para temperaturas en l\u00edmites inferiores y superiores.<\/span><\/li>\n<li class=\"plain\"><span class=\"customtext1\">Valores M\u00e1ximos y M\u00ednimos mostrados en pantalla LCD.<\/span><\/li>\n<li class=\"plain\"><span class=\"customtext1\">Memoria de 32,000 puntos.<\/span><\/li>\n<li class=\"plain\"><span class=\"customtext1\">Obtiene el valor de la Temperatura Media Cin\u00e9tica (MKT).<\/span><\/li>\n<li class=\"plain\"><span class=\"customtext1\">Los datos se pueden consultar, guardar e imprimir en formatos Word \/ Excel \/ Txt \/ PDF.<\/span><\/li>\n<li class=\"plain\"><span class=\"customtext1\">Reportes PDF con gr\u00e1fica.<\/span><\/li>\n<\/ul>\n","protected":false},"excerpt":{"rendered":"<p>El RC-5 de Elitech permite exportar los datos mediante reportes PDF, Excel, Gr\u00e1fica, mediante su software de descarga gratuita, permite el c\u00e1lculo de la Temperatura Media Cin\u00e9tica (MKT) y el software cumple con el CFR21 part 11 relativo a la integridad de los datos. Para mayor comodidad el registrador RC-5 cuenta con una bater\u00eda reemplazable por el usuario.<\/p>\n","protected":false},"featured_media":1298,"comment_status":"open","ping_status":"closed","template":"","meta":{"_joinchat":[]},"product_brand":[],"product_cat":[79],"product_tag":[80,81,82],"class_list":{"0":"post-1301","1":"product","2":"type-product","3":"status-publish","4":"has-post-thumbnail","6":"product_cat-datalogger","7":"product_tag-datalogger","8":"product_tag-elitech","9":"product_tag-rc5","11":"first","12":"instock","13":"shipping-taxable","14":"product-type-simple"},"yoast_head":"<!-- This site is optimized with the Yoast SEO plugin v26.4 - https:\/\/yoast.com\/wordpress\/plugins\/seo\/ -->\n<title>Elitech RC-5 Data Logger - Abaa tienda online<\/title>\n<meta name=\"description\" content=\"Data logger Elitech RC 5 dise\u00f1o elegante y duradero garantiza un rendimiento \u00f3ptimo incluso en condiciones adversas, cont\u00e1ctenos\" \/>\n<meta name=\"robots\" content=\"index, follow, max-snippet:-1, max-image-preview:large, max-video-preview:-1\" \/>\n<link rel=\"canonical\" href=\"https:\/\/abaa.mx\/tienda\/elitech-rc-5-data-logger\/\" \/>\n<meta property=\"og:locale\" content=\"es_MX\" \/>\n<meta property=\"og:type\" content=\"article\" \/>\n<meta property=\"og:title\" content=\"Elitech RC-5 Data Logger - Abaa tienda online\" \/>\n<meta property=\"og:description\" content=\"Data logger Elitech RC 5 dise\u00f1o elegante y duradero garantiza un rendimiento \u00f3ptimo incluso en condiciones adversas, cont\u00e1ctenos\" \/>\n<meta property=\"og:url\" content=\"https:\/\/abaa.mx\/tienda\/elitech-rc-5-data-logger\/\" \/>\n<meta property=\"og:site_name\" content=\"Abaa tienda online\" \/>\n<meta property=\"article:modified_time\" content=\"2023-11-15T19:58:48+00:00\" \/>\n<meta property=\"og:image\" content=\"https:\/\/abaa.mx\/tienda\/wp-content\/uploads\/2023\/03\/elitech-rc-5-cal-datalogger-de-temperatura-certificado-1.jpg\" \/>\n\t<meta property=\"og:image:width\" content=\"1500\" \/>\n\t<meta property=\"og:image:height\" content=\"1500\" \/>\n\t<meta property=\"og:image:type\" content=\"image\/jpeg\" \/>\n<meta name=\"twitter:card\" content=\"summary_large_image\" \/>\n<meta name=\"twitter:label1\" content=\"Tiempo de lectura\" \/>\n\t<meta name=\"twitter:data1\" content=\"1 minuto\" \/>\n<script type=\"application\/ld+json\" class=\"yoast-schema-graph\">{\"@context\":\"https:\/\/schema.org\",\"@graph\":[{\"@type\":\"WebPage\",\"@id\":\"https:\/\/abaa.mx\/tienda\/elitech-rc-5-data-logger\/\",\"url\":\"https:\/\/abaa.mx\/tienda\/elitech-rc-5-data-logger\/\",\"name\":\"Elitech RC-5 Data Logger - Abaa tienda online\",\"isPartOf\":{\"@id\":\"https:\/\/abaa.mx\/tienda\/#website\"},\"primaryImageOfPage\":{\"@id\":\"https:\/\/abaa.mx\/tienda\/elitech-rc-5-data-logger\/#primaryimage\"},\"image\":{\"@id\":\"https:\/\/abaa.mx\/tienda\/elitech-rc-5-data-logger\/#primaryimage\"},\"thumbnailUrl\":\"https:\/\/abaa.mx\/tienda\/wp-content\/uploads\/2023\/03\/elitech-rc-5-cal-datalogger-de-temperatura-certificado-1.jpg\",\"datePublished\":\"2023-08-11T22:16:22+00:00\",\"dateModified\":\"2023-11-15T19:58:48+00:00\",\"description\":\"Data logger Elitech RC 5 dise\u00f1o elegante y duradero garantiza un rendimiento \u00f3ptimo incluso en condiciones adversas, cont\u00e1ctenos\",\"breadcrumb\":{\"@id\":\"https:\/\/abaa.mx\/tienda\/elitech-rc-5-data-logger\/#breadcrumb\"},\"inLanguage\":\"es\",\"potentialAction\":[{\"@type\":\"ReadAction\",\"target\":[\"https:\/\/abaa.mx\/tienda\/elitech-rc-5-data-logger\/\"]}]},{\"@type\":\"ImageObject\",\"inLanguage\":\"es\",\"@id\":\"https:\/\/abaa.mx\/tienda\/elitech-rc-5-data-logger\/#primaryimage\",\"url\":\"https:\/\/abaa.mx\/tienda\/wp-content\/uploads\/2023\/03\/elitech-rc-5-cal-datalogger-de-temperatura-certificado-1.jpg\",\"contentUrl\":\"https:\/\/abaa.mx\/tienda\/wp-content\/uploads\/2023\/03\/elitech-rc-5-cal-datalogger-de-temperatura-certificado-1.jpg\",\"width\":1500,\"height\":1500,\"caption\":\"Elitech RC-5\"},{\"@type\":\"BreadcrumbList\",\"@id\":\"https:\/\/abaa.mx\/tienda\/elitech-rc-5-data-logger\/#breadcrumb\",\"itemListElement\":[{\"@type\":\"ListItem\",\"position\":1,\"name\":\"Inicio\",\"item\":\"https:\/\/abaa.mx\/tienda\/\"},{\"@type\":\"ListItem\",\"position\":2,\"name\":\"Tienda\",\"item\":\"https:\/\/abaa.mx\/tienda\/\"},{\"@type\":\"ListItem\",\"position\":3,\"name\":\"Elitech RC-5 Data Logger\"}]},{\"@type\":\"WebSite\",\"@id\":\"https:\/\/abaa.mx\/tienda\/#website\",\"url\":\"https:\/\/abaa.mx\/tienda\/\",\"name\":\"Abaa tienda online\",\"description\":\"Instrumentos de medici\u00f3n\",\"publisher\":{\"@id\":\"https:\/\/abaa.mx\/tienda\/#organization\"},\"potentialAction\":[{\"@type\":\"SearchAction\",\"target\":{\"@type\":\"EntryPoint\",\"urlTemplate\":\"https:\/\/abaa.mx\/tienda\/?s={search_term_string}\"},\"query-input\":{\"@type\":\"PropertyValueSpecification\",\"valueRequired\":true,\"valueName\":\"search_term_string\"}}],\"inLanguage\":\"es\"},{\"@type\":\"Organization\",\"@id\":\"https:\/\/abaa.mx\/tienda\/#organization\",\"name\":\"Abaa tienda online\",\"url\":\"https:\/\/abaa.mx\/tienda\/\",\"logo\":{\"@type\":\"ImageObject\",\"inLanguage\":\"es\",\"@id\":\"https:\/\/abaa.mx\/tienda\/#\/schema\/logo\/image\/\",\"url\":\"https:\/\/abaa.mx\/tienda\/wp-content\/uploads\/2024\/01\/abaa-metrologia-tienda.png\",\"contentUrl\":\"https:\/\/abaa.mx\/tienda\/wp-content\/uploads\/2024\/01\/abaa-metrologia-tienda.png\",\"width\":300,\"height\":141,\"caption\":\"Abaa tienda online\"},\"image\":{\"@id\":\"https:\/\/abaa.mx\/tienda\/#\/schema\/logo\/image\/\"}}]}<\/script>\n<!-- \/ Yoast SEO plugin. -->","yoast_head_json":{"title":"Elitech RC-5 Data Logger - Abaa tienda online","description":"Data logger Elitech RC 5 dise\u00f1o elegante y duradero garantiza un rendimiento \u00f3ptimo incluso en condiciones adversas, cont\u00e1ctenos","robots":{"index":"index","follow":"follow","max-snippet":"max-snippet:-1","max-image-preview":"max-image-preview:large","max-video-preview":"max-video-preview:-1"},"canonical":"https:\/\/abaa.mx\/tienda\/elitech-rc-5-data-logger\/","og_locale":"es_MX","og_type":"article","og_title":"Elitech RC-5 Data Logger - Abaa tienda online","og_description":"Data logger Elitech RC 5 dise\u00f1o elegante y duradero garantiza un rendimiento \u00f3ptimo incluso en condiciones adversas, cont\u00e1ctenos","og_url":"https:\/\/abaa.mx\/tienda\/elitech-rc-5-data-logger\/","og_site_name":"Abaa tienda online","article_modified_time":"2023-11-15T19:58:48+00:00","og_image":[{"width":1500,"height":1500,"url":"https:\/\/abaa.mx\/tienda\/wp-content\/uploads\/2023\/03\/elitech-rc-5-cal-datalogger-de-temperatura-certificado-1.jpg","type":"image\/jpeg"}],"twitter_card":"summary_large_image","twitter_misc":{"Tiempo de lectura":"1 minuto"},"schema":{"@context":"https:\/\/schema.org","@graph":[{"@type":"WebPage","@id":"https:\/\/abaa.mx\/tienda\/elitech-rc-5-data-logger\/","url":"https:\/\/abaa.mx\/tienda\/elitech-rc-5-data-logger\/","name":"Elitech RC-5 Data Logger - Abaa tienda online","isPartOf":{"@id":"https:\/\/abaa.mx\/tienda\/#website"},"primaryImageOfPage":{"@id":"https:\/\/abaa.mx\/tienda\/elitech-rc-5-data-logger\/#primaryimage"},"image":{"@id":"https:\/\/abaa.mx\/tienda\/elitech-rc-5-data-logger\/#primaryimage"},"thumbnailUrl":"https:\/\/abaa.mx\/tienda\/wp-content\/uploads\/2023\/03\/elitech-rc-5-cal-datalogger-de-temperatura-certificado-1.jpg","datePublished":"2023-08-11T22:16:22+00:00","dateModified":"2023-11-15T19:58:48+00:00","description":"Data logger Elitech RC 5 dise\u00f1o elegante y duradero garantiza un rendimiento \u00f3ptimo incluso en condiciones adversas, cont\u00e1ctenos","breadcrumb":{"@id":"https:\/\/abaa.mx\/tienda\/elitech-rc-5-data-logger\/#breadcrumb"},"inLanguage":"es","potentialAction":[{"@type":"ReadAction","target":["https:\/\/abaa.mx\/tienda\/elitech-rc-5-data-logger\/"]}]},{"@type":"ImageObject","inLanguage":"es","@id":"https:\/\/abaa.mx\/tienda\/elitech-rc-5-data-logger\/#primaryimage","url":"https:\/\/abaa.mx\/tienda\/wp-content\/uploads\/2023\/03\/elitech-rc-5-cal-datalogger-de-temperatura-certificado-1.jpg","contentUrl":"https:\/\/abaa.mx\/tienda\/wp-content\/uploads\/2023\/03\/elitech-rc-5-cal-datalogger-de-temperatura-certificado-1.jpg","width":1500,"height":1500,"caption":"Elitech RC-5"},{"@type":"BreadcrumbList","@id":"https:\/\/abaa.mx\/tienda\/elitech-rc-5-data-logger\/#breadcrumb","itemListElement":[{"@type":"ListItem","position":1,"name":"Inicio","item":"https:\/\/abaa.mx\/tienda\/"},{"@type":"ListItem","position":2,"name":"Tienda","item":"https:\/\/abaa.mx\/tienda\/"},{"@type":"ListItem","position":3,"name":"Elitech RC-5 Data Logger"}]},{"@type":"WebSite","@id":"https:\/\/abaa.mx\/tienda\/#website","url":"https:\/\/abaa.mx\/tienda\/","name":"Abaa tienda online","description":"Instrumentos de medici\u00f3n","publisher":{"@id":"https:\/\/abaa.mx\/tienda\/#organization"},"potentialAction":[{"@type":"SearchAction","target":{"@type":"EntryPoint","urlTemplate":"https:\/\/abaa.mx\/tienda\/?s={search_term_string}"},"query-input":{"@type":"PropertyValueSpecification","valueRequired":true,"valueName":"search_term_string"}}],"inLanguage":"es"},{"@type":"Organization","@id":"https:\/\/abaa.mx\/tienda\/#organization","name":"Abaa tienda online","url":"https:\/\/abaa.mx\/tienda\/","logo":{"@type":"ImageObject","inLanguage":"es","@id":"https:\/\/abaa.mx\/tienda\/#\/schema\/logo\/image\/","url":"https:\/\/abaa.mx\/tienda\/wp-content\/uploads\/2024\/01\/abaa-metrologia-tienda.png","contentUrl":"https:\/\/abaa.mx\/tienda\/wp-content\/uploads\/2024\/01\/abaa-metrologia-tienda.png","width":300,"height":141,"caption":"Abaa tienda online"},"image":{"@id":"https:\/\/abaa.mx\/tienda\/#\/schema\/logo\/image\/"}}]}},"_links":{"self":[{"href":"https:\/\/abaa.mx\/tienda\/wp-json\/wp\/v2\/product\/1301","targetHints":{"allow":["GET"]}}],"collection":[{"href":"https:\/\/abaa.mx\/tienda\/wp-json\/wp\/v2\/product"}],"about":[{"href":"https:\/\/abaa.mx\/tienda\/wp-json\/wp\/v2\/types\/product"}],"replies":[{"embeddable":true,"href":"https:\/\/abaa.mx\/tienda\/wp-json\/wp\/v2\/comments?post=1301"}],"wp:featuredmedia":[{"embeddable":true,"href":"https:\/\/abaa.mx\/tienda\/wp-json\/wp\/v2\/media\/1298"}],"wp:attachment":[{"href":"https:\/\/abaa.mx\/tienda\/wp-json\/wp\/v2\/media?parent=1301"}],"wp:term":[{"taxonomy":"product_brand","embeddable":true,"href":"https:\/\/abaa.mx\/tienda\/wp-json\/wp\/v2\/product_brand?post=1301"},{"taxonomy":"product_cat","embeddable":true,"href":"https:\/\/abaa.mx\/tienda\/wp-json\/wp\/v2\/product_cat?post=1301"},{"taxonomy":"product_tag","embeddable":true,"href":"https:\/\/abaa.mx\/tienda\/wp-json\/wp\/v2\/product_tag?post=1301"}],"curies":[{"name":"wp","href":"https:\/\/api.w.org\/{rel}","templated":true}]}}