{"id":1238,"date":"2023-03-08T23:58:13","date_gmt":"2023-03-08T23:58:13","guid":{"rendered":"https:\/\/abaa.mx\/tienda\/?post_type=product&#038;p=1238"},"modified":"2023-11-15T20:22:11","modified_gmt":"2023-11-15T20:22:11","slug":"elitech-bt-3-termohigrometro-digital-interior-exterior","status":"publish","type":"product","link":"https:\/\/abaa.mx\/tienda\/elitech-bt-3-termohigrometro-digital-interior-exterior\/","title":{"rendered":"Elitech BT-3 termohigr\u00f3metro digital interior-exterior"},"content":{"rendered":"<p>Elitech BT-3 es una herramienta pr\u00e1ctica y vers\u00e1til para el monitoreo de las condiciones ambientales en interiores y exteriores, y su aplicaci\u00f3n m\u00f3vil permite un seguimiento en tiempo real y la configuraci\u00f3n de alarmas personalizadas.<\/p>\n<p>Adem\u00e1s, este termohigr\u00f3metro cuenta con una funci\u00f3n de transmisi\u00f3n inal\u00e1mbrica de datos, lo que permite monitorear las condiciones ambientales en tiempo real desde un dispositivo m\u00f3vil. La aplicaci\u00f3n permite visualizar y registrar los datos de temperatura y humedad en gr\u00e1ficos, as\u00ed como configurar alarmas para recibir notificaciones cuando se superen ciertos umbrales.<\/p>\n<p><strong>Caracter\u00edsticas<\/strong>:<\/p>\n<ul>\n<li>Rango de temperatura interior: -10 \u00b0C a 50 \u00b0C.<\/li>\n<li>Rango de temperatura exterior: -40 \u00b0C a 70 \u00b0C.<\/li>\n<li>Precisi\u00f3n de la temperatura: \u00b1 0,5 \u00b0C (en el rango de -10 \u00b0C a 50 \u00b0C) \/ \u00b1 1 \u00b0C (en el rango de -40 \u00b0C a -10 \u00b0C y 50 \u00b0C a 70 \u00b0C).<\/li>\n<li>Rango de humedad: 10% a 99%.<\/li>\n<li>Precisi\u00f3n de la humedad: \u00b1 3% (en el rango de 35% a 75%) \/ \u00b1 5% (en el rango de 10% a 35% y 75% a 90%).<\/li>\n<li>Frecuencia de transmisi\u00f3n: 433 MHz.<\/li>\n<li>Distancia de transmisi\u00f3n: hasta 100 metros (sin obst\u00e1culos).<\/li>\n<li>Alimentaci\u00f3n: 2 pilas AAA (no incluidas).<\/li>\n<\/ul>\n","protected":false},"excerpt":{"rendered":"<p>El Elitech BT-3 es un termohigr\u00f3metro digital que se puede utilizar tanto en interiores como en exteriores. Es ideal para medir la temperatura y la humedad en ambientes como hogares, oficinas, almacenes, invernaderos, laboratorios, entre otros.<\/p>\n","protected":false},"featured_media":1248,"comment_status":"open","ping_status":"closed","template":"","meta":{"_joinchat":[]},"product_brand":[],"product_cat":[58],"product_tag":[],"class_list":{"0":"post-1238","1":"product","2":"type-product","3":"status-publish","4":"has-post-thumbnail","6":"product_cat-termohigrometros","8":"first","9":"instock","10":"shipping-taxable","11":"product-type-simple"},"yoast_head":"<!-- This site is optimized with the Yoast SEO plugin v26.4 - https:\/\/yoast.com\/wordpress\/plugins\/seo\/ -->\n<title>Elitech BT-3 termohigr\u00f3metro digital interior-exterior - Abaa tienda online<\/title>\n<meta name=\"description\" content=\"Elitech BT-3 termohigr\u00f3metro digital interior\/exterior\" \/>\n<meta name=\"robots\" content=\"index, follow, max-snippet:-1, max-image-preview:large, max-video-preview:-1\" \/>\n<link rel=\"canonical\" href=\"https:\/\/abaa.mx\/tienda\/elitech-bt-3-termohigrometro-digital-interior-exterior\/\" \/>\n<meta property=\"og:locale\" content=\"es_MX\" \/>\n<meta property=\"og:type\" content=\"article\" \/>\n<meta property=\"og:title\" content=\"Elitech BT-3 termohigr\u00f3metro digital interior-exterior - Abaa tienda online\" \/>\n<meta property=\"og:description\" content=\"Elitech BT-3 termohigr\u00f3metro digital interior\/exterior\" \/>\n<meta property=\"og:url\" content=\"https:\/\/abaa.mx\/tienda\/elitech-bt-3-termohigrometro-digital-interior-exterior\/\" \/>\n<meta property=\"og:site_name\" content=\"Abaa tienda online\" \/>\n<meta property=\"article:modified_time\" content=\"2023-11-15T20:22:11+00:00\" \/>\n<meta property=\"og:image\" content=\"https:\/\/abaa.mx\/tienda\/wp-content\/uploads\/2023\/03\/elitech-bt-3-termohigrometro-digital-interior-exterior.jpg\" \/>\n\t<meta property=\"og:image:width\" content=\"1000\" \/>\n\t<meta property=\"og:image:height\" content=\"1000\" \/>\n\t<meta property=\"og:image:type\" content=\"image\/jpeg\" \/>\n<meta name=\"twitter:card\" content=\"summary_large_image\" \/>\n<meta name=\"twitter:label1\" content=\"Tiempo de lectura\" \/>\n\t<meta name=\"twitter:data1\" content=\"1 minuto\" \/>\n<script type=\"application\/ld+json\" class=\"yoast-schema-graph\">{\"@context\":\"https:\/\/schema.org\",\"@graph\":[{\"@type\":\"WebPage\",\"@id\":\"https:\/\/abaa.mx\/tienda\/elitech-bt-3-termohigrometro-digital-interior-exterior\/\",\"url\":\"https:\/\/abaa.mx\/tienda\/elitech-bt-3-termohigrometro-digital-interior-exterior\/\",\"name\":\"Elitech BT-3 termohigr\u00f3metro digital interior-exterior - Abaa tienda online\",\"isPartOf\":{\"@id\":\"https:\/\/abaa.mx\/tienda\/#website\"},\"primaryImageOfPage\":{\"@id\":\"https:\/\/abaa.mx\/tienda\/elitech-bt-3-termohigrometro-digital-interior-exterior\/#primaryimage\"},\"image\":{\"@id\":\"https:\/\/abaa.mx\/tienda\/elitech-bt-3-termohigrometro-digital-interior-exterior\/#primaryimage\"},\"thumbnailUrl\":\"https:\/\/abaa.mx\/tienda\/wp-content\/uploads\/2023\/03\/elitech-bt-3-termohigrometro-digital-interior-exterior.jpg\",\"datePublished\":\"2023-03-08T23:58:13+00:00\",\"dateModified\":\"2023-11-15T20:22:11+00:00\",\"description\":\"Elitech BT-3 termohigr\u00f3metro digital interior\/exterior\",\"breadcrumb\":{\"@id\":\"https:\/\/abaa.mx\/tienda\/elitech-bt-3-termohigrometro-digital-interior-exterior\/#breadcrumb\"},\"inLanguage\":\"es\",\"potentialAction\":[{\"@type\":\"ReadAction\",\"target\":[\"https:\/\/abaa.mx\/tienda\/elitech-bt-3-termohigrometro-digital-interior-exterior\/\"]}]},{\"@type\":\"ImageObject\",\"inLanguage\":\"es\",\"@id\":\"https:\/\/abaa.mx\/tienda\/elitech-bt-3-termohigrometro-digital-interior-exterior\/#primaryimage\",\"url\":\"https:\/\/abaa.mx\/tienda\/wp-content\/uploads\/2023\/03\/elitech-bt-3-termohigrometro-digital-interior-exterior.jpg\",\"contentUrl\":\"https:\/\/abaa.mx\/tienda\/wp-content\/uploads\/2023\/03\/elitech-bt-3-termohigrometro-digital-interior-exterior.jpg\",\"width\":1000,\"height\":1000,\"caption\":\"Elitech BT-3\"},{\"@type\":\"BreadcrumbList\",\"@id\":\"https:\/\/abaa.mx\/tienda\/elitech-bt-3-termohigrometro-digital-interior-exterior\/#breadcrumb\",\"itemListElement\":[{\"@type\":\"ListItem\",\"position\":1,\"name\":\"Inicio\",\"item\":\"https:\/\/abaa.mx\/tienda\/\"},{\"@type\":\"ListItem\",\"position\":2,\"name\":\"Tienda\",\"item\":\"https:\/\/abaa.mx\/tienda\/\"},{\"@type\":\"ListItem\",\"position\":3,\"name\":\"Elitech BT-3 termohigr\u00f3metro digital interior-exterior\"}]},{\"@type\":\"WebSite\",\"@id\":\"https:\/\/abaa.mx\/tienda\/#website\",\"url\":\"https:\/\/abaa.mx\/tienda\/\",\"name\":\"Abaa tienda online\",\"description\":\"Instrumentos de medici\u00f3n\",\"publisher\":{\"@id\":\"https:\/\/abaa.mx\/tienda\/#organization\"},\"potentialAction\":[{\"@type\":\"SearchAction\",\"target\":{\"@type\":\"EntryPoint\",\"urlTemplate\":\"https:\/\/abaa.mx\/tienda\/?s={search_term_string}\"},\"query-input\":{\"@type\":\"PropertyValueSpecification\",\"valueRequired\":true,\"valueName\":\"search_term_string\"}}],\"inLanguage\":\"es\"},{\"@type\":\"Organization\",\"@id\":\"https:\/\/abaa.mx\/tienda\/#organization\",\"name\":\"Abaa tienda online\",\"url\":\"https:\/\/abaa.mx\/tienda\/\",\"logo\":{\"@type\":\"ImageObject\",\"inLanguage\":\"es\",\"@id\":\"https:\/\/abaa.mx\/tienda\/#\/schema\/logo\/image\/\",\"url\":\"https:\/\/abaa.mx\/tienda\/wp-content\/uploads\/2024\/01\/abaa-metrologia-tienda.png\",\"contentUrl\":\"https:\/\/abaa.mx\/tienda\/wp-content\/uploads\/2024\/01\/abaa-metrologia-tienda.png\",\"width\":300,\"height\":141,\"caption\":\"Abaa tienda online\"},\"image\":{\"@id\":\"https:\/\/abaa.mx\/tienda\/#\/schema\/logo\/image\/\"}}]}<\/script>\n<!-- \/ Yoast SEO plugin. -->","yoast_head_json":{"title":"Elitech BT-3 termohigr\u00f3metro digital interior-exterior - Abaa tienda online","description":"Elitech BT-3 termohigr\u00f3metro digital interior\/exterior","robots":{"index":"index","follow":"follow","max-snippet":"max-snippet:-1","max-image-preview":"max-image-preview:large","max-video-preview":"max-video-preview:-1"},"canonical":"https:\/\/abaa.mx\/tienda\/elitech-bt-3-termohigrometro-digital-interior-exterior\/","og_locale":"es_MX","og_type":"article","og_title":"Elitech BT-3 termohigr\u00f3metro digital interior-exterior - Abaa tienda online","og_description":"Elitech BT-3 termohigr\u00f3metro digital interior\/exterior","og_url":"https:\/\/abaa.mx\/tienda\/elitech-bt-3-termohigrometro-digital-interior-exterior\/","og_site_name":"Abaa tienda online","article_modified_time":"2023-11-15T20:22:11+00:00","og_image":[{"width":1000,"height":1000,"url":"https:\/\/abaa.mx\/tienda\/wp-content\/uploads\/2023\/03\/elitech-bt-3-termohigrometro-digital-interior-exterior.jpg","type":"image\/jpeg"}],"twitter_card":"summary_large_image","twitter_misc":{"Tiempo de lectura":"1 minuto"},"schema":{"@context":"https:\/\/schema.org","@graph":[{"@type":"WebPage","@id":"https:\/\/abaa.mx\/tienda\/elitech-bt-3-termohigrometro-digital-interior-exterior\/","url":"https:\/\/abaa.mx\/tienda\/elitech-bt-3-termohigrometro-digital-interior-exterior\/","name":"Elitech BT-3 termohigr\u00f3metro digital interior-exterior - Abaa tienda online","isPartOf":{"@id":"https:\/\/abaa.mx\/tienda\/#website"},"primaryImageOfPage":{"@id":"https:\/\/abaa.mx\/tienda\/elitech-bt-3-termohigrometro-digital-interior-exterior\/#primaryimage"},"image":{"@id":"https:\/\/abaa.mx\/tienda\/elitech-bt-3-termohigrometro-digital-interior-exterior\/#primaryimage"},"thumbnailUrl":"https:\/\/abaa.mx\/tienda\/wp-content\/uploads\/2023\/03\/elitech-bt-3-termohigrometro-digital-interior-exterior.jpg","datePublished":"2023-03-08T23:58:13+00:00","dateModified":"2023-11-15T20:22:11+00:00","description":"Elitech BT-3 termohigr\u00f3metro digital interior\/exterior","breadcrumb":{"@id":"https:\/\/abaa.mx\/tienda\/elitech-bt-3-termohigrometro-digital-interior-exterior\/#breadcrumb"},"inLanguage":"es","potentialAction":[{"@type":"ReadAction","target":["https:\/\/abaa.mx\/tienda\/elitech-bt-3-termohigrometro-digital-interior-exterior\/"]}]},{"@type":"ImageObject","inLanguage":"es","@id":"https:\/\/abaa.mx\/tienda\/elitech-bt-3-termohigrometro-digital-interior-exterior\/#primaryimage","url":"https:\/\/abaa.mx\/tienda\/wp-content\/uploads\/2023\/03\/elitech-bt-3-termohigrometro-digital-interior-exterior.jpg","contentUrl":"https:\/\/abaa.mx\/tienda\/wp-content\/uploads\/2023\/03\/elitech-bt-3-termohigrometro-digital-interior-exterior.jpg","width":1000,"height":1000,"caption":"Elitech BT-3"},{"@type":"BreadcrumbList","@id":"https:\/\/abaa.mx\/tienda\/elitech-bt-3-termohigrometro-digital-interior-exterior\/#breadcrumb","itemListElement":[{"@type":"ListItem","position":1,"name":"Inicio","item":"https:\/\/abaa.mx\/tienda\/"},{"@type":"ListItem","position":2,"name":"Tienda","item":"https:\/\/abaa.mx\/tienda\/"},{"@type":"ListItem","position":3,"name":"Elitech BT-3 termohigr\u00f3metro digital interior-exterior"}]},{"@type":"WebSite","@id":"https:\/\/abaa.mx\/tienda\/#website","url":"https:\/\/abaa.mx\/tienda\/","name":"Abaa tienda online","description":"Instrumentos de medici\u00f3n","publisher":{"@id":"https:\/\/abaa.mx\/tienda\/#organization"},"potentialAction":[{"@type":"SearchAction","target":{"@type":"EntryPoint","urlTemplate":"https:\/\/abaa.mx\/tienda\/?s={search_term_string}"},"query-input":{"@type":"PropertyValueSpecification","valueRequired":true,"valueName":"search_term_string"}}],"inLanguage":"es"},{"@type":"Organization","@id":"https:\/\/abaa.mx\/tienda\/#organization","name":"Abaa tienda online","url":"https:\/\/abaa.mx\/tienda\/","logo":{"@type":"ImageObject","inLanguage":"es","@id":"https:\/\/abaa.mx\/tienda\/#\/schema\/logo\/image\/","url":"https:\/\/abaa.mx\/tienda\/wp-content\/uploads\/2024\/01\/abaa-metrologia-tienda.png","contentUrl":"https:\/\/abaa.mx\/tienda\/wp-content\/uploads\/2024\/01\/abaa-metrologia-tienda.png","width":300,"height":141,"caption":"Abaa tienda online"},"image":{"@id":"https:\/\/abaa.mx\/tienda\/#\/schema\/logo\/image\/"}}]}},"_links":{"self":[{"href":"https:\/\/abaa.mx\/tienda\/wp-json\/wp\/v2\/product\/1238","targetHints":{"allow":["GET"]}}],"collection":[{"href":"https:\/\/abaa.mx\/tienda\/wp-json\/wp\/v2\/product"}],"about":[{"href":"https:\/\/abaa.mx\/tienda\/wp-json\/wp\/v2\/types\/product"}],"replies":[{"embeddable":true,"href":"https:\/\/abaa.mx\/tienda\/wp-json\/wp\/v2\/comments?post=1238"}],"wp:featuredmedia":[{"embeddable":true,"href":"https:\/\/abaa.mx\/tienda\/wp-json\/wp\/v2\/media\/1248"}],"wp:attachment":[{"href":"https:\/\/abaa.mx\/tienda\/wp-json\/wp\/v2\/media?parent=1238"}],"wp:term":[{"taxonomy":"product_brand","embeddable":true,"href":"https:\/\/abaa.mx\/tienda\/wp-json\/wp\/v2\/product_brand?post=1238"},{"taxonomy":"product_cat","embeddable":true,"href":"https:\/\/abaa.mx\/tienda\/wp-json\/wp\/v2\/product_cat?post=1238"},{"taxonomy":"product_tag","embeddable":true,"href":"https:\/\/abaa.mx\/tienda\/wp-json\/wp\/v2\/product_tag?post=1238"}],"curies":[{"name":"wp","href":"https:\/\/api.w.org\/{rel}","templated":true}]}}