{"id":1237,"date":"2023-03-08T23:56:22","date_gmt":"2023-03-08T23:56:22","guid":{"rendered":"https:\/\/abaa.mx\/tienda\/?post_type=product&#038;p=1237"},"modified":"2023-11-15T20:39:20","modified_gmt":"2023-11-15T20:39:20","slug":"elitech-wt-2-termometro-digital","status":"publish","type":"product","link":"https:\/\/abaa.mx\/tienda\/elitech-wt-2-termometro-digital\/","title":{"rendered":"Elitech WT-2 termometro digital"},"content":{"rendered":"<p>&nbsp;<\/p>\n<p><strong>Acerca del productos:\u00a0<\/strong><\/p>\n<ul>\n<li><span class=\"a-list-item\">Aspecto moderno, puntas de detecci\u00f3n de acero inoxidable, cable alargado, dise\u00f1o de caja, conveniente para almacenar, soporte interior, amplio rango de medici\u00f3n, se puede aplicar para hornear alimentos, medir la temperatura de la leche, la temperatura del agua del ba\u00f1o y el procesamiento y producci\u00f3n de alimentos<\/span><\/li>\n<\/ul>\n<ul class=\"a-unordered-list a-vertical a-spacing-mini\">\n<li class=\"a-spacing-mini\"><span class=\"a-list-item\">El dise\u00f1o separado de la sonda y la unidad principal permite medir la temperatura de un espacio peque\u00f1o y ampl\u00eda el uso del term\u00f3metro.<\/span><\/li>\n<li class=\"a-spacing-mini\"><span class=\"a-list-item\">Sensor t\u00e9rmico NTC incorporado para una alta estabilidad y confiabilidad, que cubre el rango de temperatura requerido para la vida diaria<\/span><\/li>\n<li class=\"a-spacing-mini\"><span class=\"a-list-item\">El bot\u00f3n adopta una caja deslizante oculta para evitar un mal funcionamiento.\u00a0Soporte incorporado para usar en una variedad de escenarios.\u00a0El potente clip trasero se puede colocar o sujetar a otros objetos<\/span><\/li>\n<li class=\"a-spacing-mini\"><span class=\"a-list-item\">El bot\u00f3n adopta una caja deslizante oculta para evitar un mal funcionamiento. Soporte incorporado para usar en una variedad de escenarios. El potente clip trasero se puede colocar o sujetar a otros objetos.<\/span><\/li>\n<\/ul>\n<p>&nbsp;<\/p>\n<p><strong>Caracter\u00edsticas:\u00a0<\/strong><\/p>\n<ul class=\"a-unordered-list a-vertical a-spacing-mini\">\n<li class=\"a-spacing-mini\">Sonda de acero inoxidable, integrada, impermeable y repelente al aceite, se puede insertar f\u00e1cilmente en los alimentos para medir la temperatura interna.<\/li>\n<li class=\"a-spacing-mini\">El dise\u00f1o separado de la sonda y la unidad principal permite medir una temperatura ambiente reducida y extiende el uso del term\u00f3metro.<\/li>\n<li class=\"a-spacing-mini\">Sensor t\u00e9rmico NTC incorporado para alta estabilidad y confiabilidad, cubriendo el rango de temperatura requerido para la vida diaria.<\/li>\n<li class=\"a-spacing-mini\">El bot\u00f3n adopta una caja oculta por una diapositiva para evitar errores de manejo.<\/li>\n<li class=\"a-spacing-mini\">\u00a0Soporte integrado para su uso en una variedad de escenarios.<\/li>\n<li class=\"a-spacing-mini\">Pantalla digital de resultados de medici\u00f3n en tiempo real, puede configurar el valor de alarma de temperatura alta y baja usted mismo, puede mostrar la temperatura m\u00e1s baja\/m\u00e1s alta.<\/li>\n<li class=\"a-spacing-mini\">Encendido de un interruptor\/tecla, una tecla para mantener la temperatura actual, varias funciones.<\/li>\n<li class=\"a-spacing-mini\">Se puede aplicar a la cocci\u00f3n, para medir la temperatura de la leche, la temperatura del agua del ba\u00f1o y el procesamiento y producci\u00f3n de alimentos.<\/li>\n<\/ul>\n<p>&nbsp;<\/p>\n<p><strong>Especificaciones:<\/strong><\/p>\n<ul>\n<li>Estado: 100% nuevo.<\/li>\n<li>Modelo: WT- 2.<\/li>\n<li>Rango de temperatura: -50 &#8211; + 300.<\/li>\n<li>Resoluci\u00f3n: 0.1 (-20 &#8211; 80).<\/li>\n<li>Precisi\u00f3n: &amp; # 177; 1.<\/li>\n<li>Fuente de alimentaci\u00f3n: pila alcalina DC1.5V 7 # (no incluida).<\/li>\n<li>Longitud de la sonda: 198 mm.<\/li>\n<li>Extensi\u00f3n: 1 m\/3.3 pies.<\/li>\n<li>Peso: aprox. 102g\/3.6oz.<\/li>\n<\/ul>\n","protected":false},"excerpt":{"rendered":"<p>El Elitech WT-2 es un term\u00f3metro digital de empleo general que se puede emplear para medir la temperatura de l\u00edquidos, alimentos y objetos s\u00f3lidos. Es ideal para su uso en la industria alimenticia , laboratorios, cocci\u00f3n y parrillas.<\/p>\n","protected":false},"featured_media":1249,"comment_status":"open","ping_status":"closed","template":"","meta":{"_joinchat":[]},"product_brand":[],"product_cat":[57],"product_tag":[],"class_list":{"0":"post-1237","1":"product","2":"type-product","3":"status-publish","4":"has-post-thumbnail","6":"product_cat-termometros","8":"first","9":"instock","10":"shipping-taxable","11":"product-type-simple"},"yoast_head":"<!-- This site is optimized with the Yoast SEO plugin v26.4 - https:\/\/yoast.com\/wordpress\/plugins\/seo\/ -->\n<title>Elitech WT-2 termometro digital - Abaa tienda online<\/title>\n<meta name=\"description\" content=\"Elitech WT-2 termometro digital\" \/>\n<meta name=\"robots\" content=\"index, follow, max-snippet:-1, max-image-preview:large, max-video-preview:-1\" \/>\n<link rel=\"canonical\" href=\"https:\/\/abaa.mx\/tienda\/elitech-wt-2-termometro-digital\/\" \/>\n<meta property=\"og:locale\" content=\"es_MX\" \/>\n<meta property=\"og:type\" content=\"article\" \/>\n<meta property=\"og:title\" content=\"Elitech WT-2 termometro digital - Abaa tienda online\" \/>\n<meta property=\"og:description\" content=\"Elitech WT-2 termometro digital\" \/>\n<meta property=\"og:url\" content=\"https:\/\/abaa.mx\/tienda\/elitech-wt-2-termometro-digital\/\" \/>\n<meta property=\"og:site_name\" content=\"Abaa tienda online\" \/>\n<meta property=\"article:modified_time\" content=\"2023-11-15T20:39:20+00:00\" \/>\n<meta property=\"og:image\" content=\"https:\/\/abaa.mx\/tienda\/wp-content\/uploads\/2023\/03\/elitech-wt-2-termometro-digital.jpg\" \/>\n\t<meta property=\"og:image:width\" content=\"500\" \/>\n\t<meta property=\"og:image:height\" content=\"500\" \/>\n\t<meta property=\"og:image:type\" content=\"image\/jpeg\" \/>\n<meta name=\"twitter:card\" content=\"summary_large_image\" \/>\n<meta name=\"twitter:label1\" content=\"Tiempo de lectura\" \/>\n\t<meta name=\"twitter:data1\" content=\"2 minutos\" \/>\n<script type=\"application\/ld+json\" class=\"yoast-schema-graph\">{\"@context\":\"https:\/\/schema.org\",\"@graph\":[{\"@type\":\"WebPage\",\"@id\":\"https:\/\/abaa.mx\/tienda\/elitech-wt-2-termometro-digital\/\",\"url\":\"https:\/\/abaa.mx\/tienda\/elitech-wt-2-termometro-digital\/\",\"name\":\"Elitech WT-2 termometro digital - Abaa tienda online\",\"isPartOf\":{\"@id\":\"https:\/\/abaa.mx\/tienda\/#website\"},\"primaryImageOfPage\":{\"@id\":\"https:\/\/abaa.mx\/tienda\/elitech-wt-2-termometro-digital\/#primaryimage\"},\"image\":{\"@id\":\"https:\/\/abaa.mx\/tienda\/elitech-wt-2-termometro-digital\/#primaryimage\"},\"thumbnailUrl\":\"https:\/\/abaa.mx\/tienda\/wp-content\/uploads\/2023\/03\/elitech-wt-2-termometro-digital.jpg\",\"datePublished\":\"2023-03-08T23:56:22+00:00\",\"dateModified\":\"2023-11-15T20:39:20+00:00\",\"description\":\"Elitech WT-2 termometro digital\",\"breadcrumb\":{\"@id\":\"https:\/\/abaa.mx\/tienda\/elitech-wt-2-termometro-digital\/#breadcrumb\"},\"inLanguage\":\"es\",\"potentialAction\":[{\"@type\":\"ReadAction\",\"target\":[\"https:\/\/abaa.mx\/tienda\/elitech-wt-2-termometro-digital\/\"]}]},{\"@type\":\"ImageObject\",\"inLanguage\":\"es\",\"@id\":\"https:\/\/abaa.mx\/tienda\/elitech-wt-2-termometro-digital\/#primaryimage\",\"url\":\"https:\/\/abaa.mx\/tienda\/wp-content\/uploads\/2023\/03\/elitech-wt-2-termometro-digital.jpg\",\"contentUrl\":\"https:\/\/abaa.mx\/tienda\/wp-content\/uploads\/2023\/03\/elitech-wt-2-termometro-digital.jpg\",\"width\":500,\"height\":500,\"caption\":\"elitech-wt-2\"},{\"@type\":\"BreadcrumbList\",\"@id\":\"https:\/\/abaa.mx\/tienda\/elitech-wt-2-termometro-digital\/#breadcrumb\",\"itemListElement\":[{\"@type\":\"ListItem\",\"position\":1,\"name\":\"Inicio\",\"item\":\"https:\/\/abaa.mx\/tienda\/\"},{\"@type\":\"ListItem\",\"position\":2,\"name\":\"Tienda\",\"item\":\"https:\/\/abaa.mx\/tienda\/\"},{\"@type\":\"ListItem\",\"position\":3,\"name\":\"Elitech WT-2 termometro digital\"}]},{\"@type\":\"WebSite\",\"@id\":\"https:\/\/abaa.mx\/tienda\/#website\",\"url\":\"https:\/\/abaa.mx\/tienda\/\",\"name\":\"Abaa tienda online\",\"description\":\"Instrumentos de medici\u00f3n\",\"publisher\":{\"@id\":\"https:\/\/abaa.mx\/tienda\/#organization\"},\"potentialAction\":[{\"@type\":\"SearchAction\",\"target\":{\"@type\":\"EntryPoint\",\"urlTemplate\":\"https:\/\/abaa.mx\/tienda\/?s={search_term_string}\"},\"query-input\":{\"@type\":\"PropertyValueSpecification\",\"valueRequired\":true,\"valueName\":\"search_term_string\"}}],\"inLanguage\":\"es\"},{\"@type\":\"Organization\",\"@id\":\"https:\/\/abaa.mx\/tienda\/#organization\",\"name\":\"Abaa tienda online\",\"url\":\"https:\/\/abaa.mx\/tienda\/\",\"logo\":{\"@type\":\"ImageObject\",\"inLanguage\":\"es\",\"@id\":\"https:\/\/abaa.mx\/tienda\/#\/schema\/logo\/image\/\",\"url\":\"https:\/\/abaa.mx\/tienda\/wp-content\/uploads\/2024\/01\/abaa-metrologia-tienda.png\",\"contentUrl\":\"https:\/\/abaa.mx\/tienda\/wp-content\/uploads\/2024\/01\/abaa-metrologia-tienda.png\",\"width\":300,\"height\":141,\"caption\":\"Abaa tienda online\"},\"image\":{\"@id\":\"https:\/\/abaa.mx\/tienda\/#\/schema\/logo\/image\/\"}}]}<\/script>\n<!-- \/ Yoast SEO plugin. -->","yoast_head_json":{"title":"Elitech WT-2 termometro digital - Abaa tienda online","description":"Elitech WT-2 termometro digital","robots":{"index":"index","follow":"follow","max-snippet":"max-snippet:-1","max-image-preview":"max-image-preview:large","max-video-preview":"max-video-preview:-1"},"canonical":"https:\/\/abaa.mx\/tienda\/elitech-wt-2-termometro-digital\/","og_locale":"es_MX","og_type":"article","og_title":"Elitech WT-2 termometro digital - Abaa tienda online","og_description":"Elitech WT-2 termometro digital","og_url":"https:\/\/abaa.mx\/tienda\/elitech-wt-2-termometro-digital\/","og_site_name":"Abaa tienda online","article_modified_time":"2023-11-15T20:39:20+00:00","og_image":[{"width":500,"height":500,"url":"https:\/\/abaa.mx\/tienda\/wp-content\/uploads\/2023\/03\/elitech-wt-2-termometro-digital.jpg","type":"image\/jpeg"}],"twitter_card":"summary_large_image","twitter_misc":{"Tiempo de lectura":"2 minutos"},"schema":{"@context":"https:\/\/schema.org","@graph":[{"@type":"WebPage","@id":"https:\/\/abaa.mx\/tienda\/elitech-wt-2-termometro-digital\/","url":"https:\/\/abaa.mx\/tienda\/elitech-wt-2-termometro-digital\/","name":"Elitech WT-2 termometro digital - Abaa tienda online","isPartOf":{"@id":"https:\/\/abaa.mx\/tienda\/#website"},"primaryImageOfPage":{"@id":"https:\/\/abaa.mx\/tienda\/elitech-wt-2-termometro-digital\/#primaryimage"},"image":{"@id":"https:\/\/abaa.mx\/tienda\/elitech-wt-2-termometro-digital\/#primaryimage"},"thumbnailUrl":"https:\/\/abaa.mx\/tienda\/wp-content\/uploads\/2023\/03\/elitech-wt-2-termometro-digital.jpg","datePublished":"2023-03-08T23:56:22+00:00","dateModified":"2023-11-15T20:39:20+00:00","description":"Elitech WT-2 termometro digital","breadcrumb":{"@id":"https:\/\/abaa.mx\/tienda\/elitech-wt-2-termometro-digital\/#breadcrumb"},"inLanguage":"es","potentialAction":[{"@type":"ReadAction","target":["https:\/\/abaa.mx\/tienda\/elitech-wt-2-termometro-digital\/"]}]},{"@type":"ImageObject","inLanguage":"es","@id":"https:\/\/abaa.mx\/tienda\/elitech-wt-2-termometro-digital\/#primaryimage","url":"https:\/\/abaa.mx\/tienda\/wp-content\/uploads\/2023\/03\/elitech-wt-2-termometro-digital.jpg","contentUrl":"https:\/\/abaa.mx\/tienda\/wp-content\/uploads\/2023\/03\/elitech-wt-2-termometro-digital.jpg","width":500,"height":500,"caption":"elitech-wt-2"},{"@type":"BreadcrumbList","@id":"https:\/\/abaa.mx\/tienda\/elitech-wt-2-termometro-digital\/#breadcrumb","itemListElement":[{"@type":"ListItem","position":1,"name":"Inicio","item":"https:\/\/abaa.mx\/tienda\/"},{"@type":"ListItem","position":2,"name":"Tienda","item":"https:\/\/abaa.mx\/tienda\/"},{"@type":"ListItem","position":3,"name":"Elitech WT-2 termometro digital"}]},{"@type":"WebSite","@id":"https:\/\/abaa.mx\/tienda\/#website","url":"https:\/\/abaa.mx\/tienda\/","name":"Abaa tienda online","description":"Instrumentos de medici\u00f3n","publisher":{"@id":"https:\/\/abaa.mx\/tienda\/#organization"},"potentialAction":[{"@type":"SearchAction","target":{"@type":"EntryPoint","urlTemplate":"https:\/\/abaa.mx\/tienda\/?s={search_term_string}"},"query-input":{"@type":"PropertyValueSpecification","valueRequired":true,"valueName":"search_term_string"}}],"inLanguage":"es"},{"@type":"Organization","@id":"https:\/\/abaa.mx\/tienda\/#organization","name":"Abaa tienda online","url":"https:\/\/abaa.mx\/tienda\/","logo":{"@type":"ImageObject","inLanguage":"es","@id":"https:\/\/abaa.mx\/tienda\/#\/schema\/logo\/image\/","url":"https:\/\/abaa.mx\/tienda\/wp-content\/uploads\/2024\/01\/abaa-metrologia-tienda.png","contentUrl":"https:\/\/abaa.mx\/tienda\/wp-content\/uploads\/2024\/01\/abaa-metrologia-tienda.png","width":300,"height":141,"caption":"Abaa tienda online"},"image":{"@id":"https:\/\/abaa.mx\/tienda\/#\/schema\/logo\/image\/"}}]}},"_links":{"self":[{"href":"https:\/\/abaa.mx\/tienda\/wp-json\/wp\/v2\/product\/1237","targetHints":{"allow":["GET"]}}],"collection":[{"href":"https:\/\/abaa.mx\/tienda\/wp-json\/wp\/v2\/product"}],"about":[{"href":"https:\/\/abaa.mx\/tienda\/wp-json\/wp\/v2\/types\/product"}],"replies":[{"embeddable":true,"href":"https:\/\/abaa.mx\/tienda\/wp-json\/wp\/v2\/comments?post=1237"}],"wp:featuredmedia":[{"embeddable":true,"href":"https:\/\/abaa.mx\/tienda\/wp-json\/wp\/v2\/media\/1249"}],"wp:attachment":[{"href":"https:\/\/abaa.mx\/tienda\/wp-json\/wp\/v2\/media?parent=1237"}],"wp:term":[{"taxonomy":"product_brand","embeddable":true,"href":"https:\/\/abaa.mx\/tienda\/wp-json\/wp\/v2\/product_brand?post=1237"},{"taxonomy":"product_cat","embeddable":true,"href":"https:\/\/abaa.mx\/tienda\/wp-json\/wp\/v2\/product_cat?post=1237"},{"taxonomy":"product_tag","embeddable":true,"href":"https:\/\/abaa.mx\/tienda\/wp-json\/wp\/v2\/product_tag?post=1237"}],"curies":[{"name":"wp","href":"https:\/\/api.w.org\/{rel}","templated":true}]}}